{"id":46,"date":"2023-03-10T11:29:55","date_gmt":"2023-03-10T10:29:55","guid":{"rendered":"https:\/\/wordpress-1074717-3818660.cloudwaysapps.com\/?page_id=46"},"modified":"2026-01-26T17:11:31","modified_gmt":"2026-01-26T16:11:31","slug":"10-ting-om-colosseum","status":"publish","type":"page","link":"https:\/\/colosseo-roma.it\/da\/colosseums-arkaeologiske-park\/colosseum\/10-ting-at-vide-om-colosseum\/","title":{"rendered":"10 ting at vide om Colosseum"},"content":{"rendered":"<div data-elementor-type=\"wp-page\" data-elementor-id=\"46\" class=\"elementor elementor-46\" data-elementor-post-type=\"page\">\n\t\t\t\t\t\t<section class=\"elementor-section elementor-top-section elementor-element elementor-element-561ee7c elementor-section-boxed elementor-section-height-default elementor-section-height-default\" data-id=\"561ee7c\" data-element_type=\"section\" data-settings=\"{&quot;jet_parallax_layout_list&quot;:[],&quot;ekit_has_onepagescroll_dot&quot;:&quot;yes&quot;}\">\n\t\t\t\t\t\t<div class=\"elementor-container elementor-column-gap-default\">\n\t\t\t\t\t<div class=\"elementor-column elementor-col-100 elementor-top-column elementor-element elementor-element-e725d89\" data-id=\"e725d89\" data-element_type=\"column\" data-settings=\"{&quot;background_background&quot;:&quot;classic&quot;}\">\n\t\t\t<div class=\"elementor-widget-wrap elementor-element-populated\">\n\t\t\t\t\t\t<div class=\"elementor-element elementor-element-2beb02e elementor-widget elementor-widget-heading\" data-id=\"2beb02e\" data-element_type=\"widget\" data-settings=\"{&quot;ekit_we_effect_on&quot;:&quot;none&quot;}\" data-widget_type=\"heading.default\">\n\t\t\t\t<div class=\"elementor-widget-container\">\n\t\t\t<h1 class=\"elementor-heading-title elementor-size-default\">TI TING AT VIDE OM COLOSSEUM<\/h1>\t\t<\/div>\n\t\t\t\t<\/div>\n\t\t\t\t<div class=\"elementor-element elementor-element-eee1aeb elementor-widget elementor-widget-heading\" data-id=\"eee1aeb\" data-element_type=\"widget\" data-settings=\"{&quot;ekit_we_effect_on&quot;:&quot;none&quot;}\" data-widget_type=\"heading.default\">\n\t\t\t\t<div class=\"elementor-widget-container\">\n\t\t\t<h5 class=\"elementor-heading-title elementor-size-default\">1. Kolossale... dimensioner<\/h5>\t\t<\/div>\n\t\t\t\t<\/div>\n\t\t\t\t<div class=\"elementor-element elementor-element-a55de91 elementor-widget elementor-widget-text-editor\" data-id=\"a55de91\" data-element_type=\"widget\" data-settings=\"{&quot;ekit_we_effect_on&quot;:&quot;none&quot;}\" data-widget_type=\"text-editor.default\">\n\t\t\t\t<div class=\"elementor-widget-container\">\n\t\t\t\t\t\t\t<p>Colosseum er en ellipseformet bygning, der er 189 meter lang (100 meter mindre end Costa Concordia, red.) og 156 meter bred og d\u00e6kker et areal p\u00e5 24.000 kvadratmeter med en h\u00f8jde p\u00e5 mere end 48 meter. Det har omkring 80 indgange og kan rumme omkring 50.000 tilskuere.<\/p>\t\t\t\t\t\t<\/div>\n\t\t\t\t<\/div>\n\t\t\t\t<div class=\"elementor-element elementor-element-a2b4579 elementor-widget elementor-widget-heading\" data-id=\"a2b4579\" data-element_type=\"widget\" data-settings=\"{&quot;ekit_we_effect_on&quot;:&quot;none&quot;}\" data-widget_type=\"heading.default\">\n\t\t\t\t<div class=\"elementor-widget-container\">\n\t\t\t<h5 class=\"elementor-heading-title elementor-size-default\">2. Arbejde i gang.<\/h5>\t\t<\/div>\n\t\t\t\t<\/div>\n\t\t\t\t<div class=\"elementor-element elementor-element-323f92a elementor-widget elementor-widget-text-editor\" data-id=\"323f92a\" data-element_type=\"widget\" data-settings=\"{&quot;ekit_we_effect_on&quot;:&quot;none&quot;}\" data-widget_type=\"text-editor.default\">\n\t\t\t\t<div class=\"elementor-widget-container\">\n\t\t\t\t\t\t\t<p>Det tog lidt over fem \u00e5r at bygge den: fra 75 til 80 e.Kr. Alene til ydermuren blev der brugt mere end 100.000 kubikmeter travertin.<\/p>\t\t\t\t\t\t<\/div>\n\t\t\t\t<\/div>\n\t\t\t\t<div class=\"elementor-element elementor-element-fa40b62 elementor-widget elementor-widget-heading\" data-id=\"fa40b62\" data-element_type=\"widget\" data-settings=\"{&quot;ekit_we_effect_on&quot;:&quot;none&quot;}\" data-widget_type=\"heading.default\">\n\t\t\t\t<div class=\"elementor-widget-container\">\n\t\t\t<h5 class=\"elementor-heading-title elementor-size-default\">3. Et navn, et mysterium.<\/h5>\t\t<\/div>\n\t\t\t\t<\/div>\n\t\t\t\t<div class=\"elementor-element elementor-element-2b928d1 elementor-widget elementor-widget-text-editor\" data-id=\"2b928d1\" data-element_type=\"widget\" data-settings=\"{&quot;ekit_we_effect_on&quot;:&quot;none&quot;}\" data-widget_type=\"text-editor.default\">\n\t\t\t\t<div class=\"elementor-widget-container\">\n\t\t\t\t\t\t\t<p>I begyndelsen hed det Flavian Amphitheatre (det blev bygget af Vespasian og Titus fra det flaviske dynasti, red). Navnet 'Colosseum' kom f\u00f8rst i middelalderen: Den mest anerkendte teori er, at det hedder s\u00e5dan, fordi det blev bygget i n\u00e6rheden af statuen af Neros 'kolos', som stod et par meter fra amfiteatret. Andre siger, at det stammer fra beliggenheden, fordi det st\u00e5r p\u00e5 en bakke, hvor der engang stod et tempel for Isis (deraf Collis Isei). Men der er ogs\u00e5 en sort legende om, at det engang var et hedensk tempel, hvor man tilbad dj\u00e6vlen. Og ved afslutningen af hver ceremoni spurgte pr\u00e6sterne de tilbedende: \"Colis Eum?\" (\"Tilbeder du ham?\").<\/p>\t\t\t\t\t\t<\/div>\n\t\t\t\t<\/div>\n\t\t\t\t<div class=\"elementor-element elementor-element-cbbddd9 elementor-widget elementor-widget-heading\" data-id=\"cbbddd9\" data-element_type=\"widget\" data-settings=\"{&quot;ekit_we_effect_on&quot;:&quot;none&quot;}\" data-widget_type=\"heading.default\">\n\t\t\t\t<div class=\"elementor-widget-container\">\n\t\t\t<h5 class=\"elementor-heading-title elementor-size-default\">4. Uden Colosseum ville mange historiske bygninger ikke eksistere.<\/h5>\t\t<\/div>\n\t\t\t\t<\/div>\n\t\t\t\t<div class=\"elementor-element elementor-element-58f4fda elementor-widget elementor-widget-text-editor\" data-id=\"58f4fda\" data-element_type=\"widget\" data-settings=\"{&quot;ekit_we_effect_on&quot;:&quot;none&quot;}\" data-widget_type=\"text-editor.default\">\n\t\t\t\t<div class=\"elementor-widget-container\">\n\t\t\t\t\t\t\t<p>Marmoren fra facaden og nogle af de indvendige dele af Colosseum blev brugt til opf\u00f8relsen af Peterskirken og ogs\u00e5 til civile bygninger som Palazzo Barberini. Efter at v\u00e6re blevet fors\u00f8mt, blev amfiteatret i lang tid brugt som kilde til byggematerialer. S\u00e5dan var det indtil det 18. \u00e5rhundrede, hvor k\u00e6rligheden til de gamle rester af Rom vendte tilbage. Det ansl\u00e5s, at der i tidens l\u00f8b kun var en tredjedel af den oprindelige konstruktion tilbage.<\/p>\t\t\t\t\t\t<\/div>\n\t\t\t\t<\/div>\n\t\t\t\t<div class=\"elementor-element elementor-element-54e09ea elementor-widget elementor-widget-heading\" data-id=\"54e09ea\" data-element_type=\"widget\" data-settings=\"{&quot;ekit_we_effect_on&quot;:&quot;none&quot;}\" data-widget_type=\"heading.default\">\n\t\t\t\t<div class=\"elementor-widget-container\">\n\t\t\t<h5 class=\"elementor-heading-title elementor-size-default\">5. Historisk film? Nej, gyser.<\/h5>\t\t<\/div>\n\t\t\t\t<\/div>\n\t\t\t\t<div class=\"elementor-element elementor-element-5d03ddb elementor-widget elementor-widget-text-editor\" data-id=\"5d03ddb\" data-element_type=\"widget\" data-settings=\"{&quot;ekit_we_effect_on&quot;:&quot;none&quot;}\" data-widget_type=\"text-editor.default\">\n\t\t\t\t<div class=\"elementor-widget-container\">\n\t\t\t\t\t\t\t<p>P\u00e5 gladiatorernes tid fik Colosseum et uhyggeligt ry, s\u00e5 det blev betragtet som en af helvedes 7 porte (titusinder d\u00f8de der). Det siges, at der blev afholdt forsoningsritualer, hvor man brugte blodet fra de d\u00f8de i arenaen. I middelalderen brugte r\u00f8verbander den til at begrave deres ofre. Og i det 16. \u00e5rhundrede var det et m\u00e5l for magikere og troldm\u00e6nd, som tilsyneladende n\u00f8d de urter med magiske kr\u00e6fter, der voksede blandt ruinerne.<\/p>\t\t\t\t\t\t<\/div>\n\t\t\t\t<\/div>\n\t\t\t\t<div class=\"elementor-element elementor-element-ef40974 elementor-widget elementor-widget-heading\" data-id=\"ef40974\" data-element_type=\"widget\" data-settings=\"{&quot;ekit_we_effect_on&quot;:&quot;none&quot;}\" data-widget_type=\"heading.default\">\n\t\t\t\t<div class=\"elementor-widget-container\">\n\t\t\t<h5 class=\"elementor-heading-title elementor-size-default\">6. Det er lidt ligesom junglen.<\/h5>\t\t<\/div>\n\t\t\t\t<\/div>\n\t\t\t\t<div class=\"elementor-element elementor-element-ddb7852 elementor-widget elementor-widget-text-editor\" data-id=\"ddb7852\" data-element_type=\"widget\" data-settings=\"{&quot;ekit_we_effect_on&quot;:&quot;none&quot;}\" data-widget_type=\"text-editor.default\">\n\t\t\t\t<div class=\"elementor-widget-container\">\n\t\t\t\t\t\t\t<p>M\u00e6rkeligt, men sandt: I flere \u00e5rhundreder har botaniske eksperter studeret den flora, der vokser vildt inde i Colosseum. Mere end 350 forskellige plantearter har sl\u00e5et rod i ruinerne, hvoraf nogle er af eksotisk oprindelse, og hvis v\u00e6kst ville blive begunstiget af amfiteatrets mikroklima.<\/p>\t\t\t\t\t\t<\/div>\n\t\t\t\t<\/div>\n\t\t\t\t<div class=\"elementor-element elementor-element-1ea489e elementor-widget elementor-widget-heading\" data-id=\"1ea489e\" data-element_type=\"widget\" data-settings=\"{&quot;ekit_we_effect_on&quot;:&quot;none&quot;}\" data-widget_type=\"heading.default\">\n\t\t\t\t<div class=\"elementor-widget-container\">\n\t\t\t<h5 class=\"elementor-heading-title elementor-size-default\">7. Den blev ogs\u00e5 brugt som swimmingpool.<\/h5>\t\t<\/div>\n\t\t\t\t<\/div>\n\t\t\t\t<div class=\"elementor-element elementor-element-53280c6 elementor-widget elementor-widget-text-editor\" data-id=\"53280c6\" data-element_type=\"widget\" data-settings=\"{&quot;ekit_we_effect_on&quot;:&quot;none&quot;}\" data-widget_type=\"text-editor.default\">\n\t\t\t\t<div class=\"elementor-widget-container\">\n\t\t\t\t\t\t\t<p>I en periode blev der ogs\u00e5 afholdt nauromachiae, forestillinger om s\u00f8slag i vand, inde i arenaen, men de var ikke s\u00e5 succesfulde som gladiatorkampene. If\u00f8lge Martin Crapper, der er lektor i bygge- og milj\u00f8teknik ved University of Edinburgh, str\u00f8mmede vandet gennem en r\u00e6kke interne br\u00f8nde og r\u00f8r under tribunerne. Det tog omkring syv timer at fylde hele arenaen.<\/p>\t\t\t\t\t\t<\/div>\n\t\t\t\t<\/div>\n\t\t\t\t<div class=\"elementor-element elementor-element-bf73000 elementor-widget elementor-widget-heading\" data-id=\"bf73000\" data-element_type=\"widget\" data-settings=\"{&quot;ekit_we_effect_on&quot;:&quot;none&quot;}\" data-widget_type=\"heading.default\">\n\t\t\t\t<div class=\"elementor-widget-container\">\n\t\t\t<h5 class=\"elementor-heading-title elementor-size-default\">8. ... Og d\u00e6kket af en stor solsk\u00e6rm.<\/h5>\t\t<\/div>\n\t\t\t\t<\/div>\n\t\t\t\t<div class=\"elementor-element elementor-element-ea6cf2b elementor-widget elementor-widget-text-editor\" data-id=\"ea6cf2b\" data-element_type=\"widget\" data-settings=\"{&quot;ekit_we_effect_on&quot;:&quot;none&quot;}\" data-widget_type=\"text-editor.default\">\n\t\t\t\t<div class=\"elementor-widget-container\">\n\t\t\t\t\t\t\t<p>P\u00e5 solrige dage blev Colosseum d\u00e6kket af et sejl best\u00e5ende af omkring 80 trekantede sejl, der blev styret af 320 b\u00e6retove. \u00c5rsagen er let at g\u00e6tte: for at undg\u00e5 solstik hos tilskuerne under middagsforestillingerne.<\/p>\t\t\t\t\t\t<\/div>\n\t\t\t\t<\/div>\n\t\t\t\t<div class=\"elementor-element elementor-element-4d8e281 elementor-widget elementor-widget-heading\" data-id=\"4d8e281\" data-element_type=\"widget\" data-settings=\"{&quot;ekit_we_effect_on&quot;:&quot;none&quot;}\" data-widget_type=\"heading.default\">\n\t\t\t\t<div class=\"elementor-widget-container\">\n\t\t\t<h5 class=\"elementor-heading-title elementor-size-default\">9. I biografen.<\/h5>\t\t<\/div>\n\t\t\t\t<\/div>\n\t\t\t\t<div class=\"elementor-element elementor-element-43a34f8 elementor-widget elementor-widget-text-editor\" data-id=\"43a34f8\" data-element_type=\"widget\" data-settings=\"{&quot;ekit_we_effect_on&quot;:&quot;none&quot;}\" data-widget_type=\"text-editor.default\">\n\t\t\t\t<div class=\"elementor-widget-container\">\n\t\t\t\t\t\t\t<p>Det har v\u00e6ret kulisse for adskillige film. Men den film, der blev verdensber\u00f8mt, Gladiator, blev ikke optaget i Colosseum. Faktisk fik en r\u00e6kke problemer instrukt\u00f8ren Ridley Scott til at optage nogle scener i det romerske amfiteater El Jem i Tunesien og til at rekonstruere en scene p\u00e5 Malta, hvor det tog 19 uger og kun delvist: Hovedparten blev genskabt p\u00e5 computeren.<\/p>\t\t\t\t\t\t<\/div>\n\t\t\t\t<\/div>\n\t\t\t\t<div class=\"elementor-element elementor-element-7faaeef elementor-widget elementor-widget-heading\" data-id=\"7faaeef\" data-element_type=\"widget\" data-settings=\"{&quot;ekit_we_effect_on&quot;:&quot;none&quot;}\" data-widget_type=\"heading.default\">\n\t\t\t\t<div class=\"elementor-widget-container\">\n\t\t\t<h5 class=\"elementor-heading-title elementor-size-default\">10. Nyt, eller rettere gammelt, look.<\/h5>\t\t<\/div>\n\t\t\t\t<\/div>\n\t\t\t\t<div class=\"elementor-element elementor-element-1465308 elementor-widget elementor-widget-text-editor\" data-id=\"1465308\" data-element_type=\"widget\" data-settings=\"{&quot;ekit_we_effect_on&quot;:&quot;none&quot;}\" data-widget_type=\"text-editor.default\">\n\t\t\t\t<div class=\"elementor-widget-container\">\n\t\t\t\t\t\t\t<p>I slutningen af september skulle forberedelsesfasen v\u00e6re afsluttet, og restaureringen af Colosseums facade kan begynde, som renset for smog vil vende tilbage til den skinnende hvide travertin. De ansl\u00e5ede omkostninger til operationen, som er sponsoreret af Tod's, er 25 millioner euro.<\/p>\t\t\t\t\t\t<\/div>\n\t\t\t\t<\/div>\n\t\t\t\t\t<\/div>\n\t\t<\/div>\n\t\t\t\t\t<\/div>\n\t\t<\/section>\n\t\t\t\t<\/div>","protected":false},"excerpt":{"rendered":"<p>TI TING AT VIDE OM COLOSSEUM 1. Dimensioner ... kolossal Colosseum er en ellipseformet bygning, der er 189 meter lang (100 meter mindre end Costa Concordia, red.) og 156 meter bred og d\u00e6kker et areal p\u00e5 24.000 kvadratmeter med en h\u00f8jde p\u00e5 mere end 48 meter. Den har omkring 80 indgange og kunne rumme omkring 50.000 [...].<\/p>","protected":false},"author":1,"featured_media":0,"parent":528,"menu_order":8,"comment_status":"closed","ping_status":"closed","template":"","meta":{"site-sidebar-layout":"no-sidebar","site-content-layout":"page-builder","ast-site-content-layout":"full-width-container","site-content-style":"unboxed","site-sidebar-style":"unboxed","ast-global-header-display":"","ast-banner-title-visibility":"","ast-main-header-display":"","ast-hfb-above-header-display":"","ast-hfb-below-header-display":"","ast-hfb-mobile-header-display":"","site-post-title":"disabled","ast-breadcrumbs-content":"","ast-featured-img":"disabled","footer-sml-layout":"","ast-disable-related-posts":"","theme-transparent-header-meta":"default","adv-header-id-meta":"","stick-header-meta":"","header-above-stick-meta":"","header-main-stick-meta":"","header-below-stick-meta":"","astra-migrate-meta-layouts":"set","ast-page-background-enabled":"default","ast-page-background-meta":{"desktop":{"background-color":"var(--ast-global-color-4)","background-image":"","background-repeat":"repeat","background-position":"center center","background-size":"auto","background-attachment":"scroll","background-type":"","background-media":"","overlay-type":"","overlay-color":"","overlay-opacity":"","overlay-gradient":""},"tablet":{"background-color":"","background-image":"","background-repeat":"repeat","background-position":"center center","background-size":"auto","background-attachment":"scroll","background-type":"","background-media":"","overlay-type":"","overlay-color":"","overlay-opacity":"","overlay-gradient":""},"mobile":{"background-color":"","background-image":"","background-repeat":"repeat","background-position":"center center","background-size":"auto","background-attachment":"scroll","background-type":"","background-media":"","overlay-type":"","overlay-color":"","overlay-opacity":"","overlay-gradient":""}},"ast-content-background-meta":{"desktop":{"background-color":"var(--ast-global-color-5)","background-image":"","background-repeat":"repeat","background-position":"center center","background-size":"auto","background-attachment":"scroll","background-type":"","background-media":"","overlay-type":"","overlay-color":"","overlay-opacity":"","overlay-gradient":""},"tablet":{"background-color":"var(--ast-global-color-5)","background-image":"","background-repeat":"repeat","background-position":"center center","background-size":"auto","background-attachment":"scroll","background-type":"","background-media":"","overlay-type":"","overlay-color":"","overlay-opacity":"","overlay-gradient":""},"mobile":{"background-color":"var(--ast-global-color-5)","background-image":"","background-repeat":"repeat","background-position":"center center","background-size":"auto","background-attachment":"scroll","background-type":"","background-media":"","overlay-type":"","overlay-color":"","overlay-opacity":"","overlay-gradient":""}},"iawp_total_views":1652,"footnotes":""},"class_list":["post-46","page","type-page","status-publish","hentry"],"_links":{"self":[{"href":"https:\/\/colosseo-roma.it\/da\/wp-json\/wp\/v2\/pages\/46","targetHints":{"allow":["GET"]}}],"collection":[{"href":"https:\/\/colosseo-roma.it\/da\/wp-json\/wp\/v2\/pages"}],"about":[{"href":"https:\/\/colosseo-roma.it\/da\/wp-json\/wp\/v2\/types\/page"}],"author":[{"embeddable":true,"href":"https:\/\/colosseo-roma.it\/da\/wp-json\/wp\/v2\/users\/1"}],"replies":[{"embeddable":true,"href":"https:\/\/colosseo-roma.it\/da\/wp-json\/wp\/v2\/comments?post=46"}],"version-history":[{"count":0,"href":"https:\/\/colosseo-roma.it\/da\/wp-json\/wp\/v2\/pages\/46\/revisions"}],"up":[{"embeddable":true,"href":"https:\/\/colosseo-roma.it\/da\/wp-json\/wp\/v2\/pages\/528"}],"wp:attachment":[{"href":"https:\/\/colosseo-roma.it\/da\/wp-json\/wp\/v2\/media?parent=46"}],"curies":[{"name":"wp","href":"https:\/\/api.w.org\/{rel}","templated":true}]}}