{"id":498,"date":"2023-03-28T09:09:42","date_gmt":"2023-03-28T08:09:42","guid":{"rendered":"https:\/\/wordpress-1074717-3818660.cloudwaysapps.com\/?page_id=498"},"modified":"2026-01-26T17:14:09","modified_gmt":"2026-01-26T16:14:09","slug":"guidede-ture-2","status":"publish","type":"page","link":"https:\/\/colosseo-roma.it\/da\/besog\/guidede-ture\/guidede-ture-2\/","title":{"rendered":"Guidede ture"},"content":{"rendered":"<div data-elementor-type=\"wp-page\" data-elementor-id=\"498\" class=\"elementor elementor-498\" data-elementor-post-type=\"page\">\n\t\t\t\t\t\t<section class=\"elementor-section elementor-top-section elementor-element elementor-element-d3d6758 elementor-section-boxed elementor-section-height-default elementor-section-height-default\" data-id=\"d3d6758\" data-element_type=\"section\" data-settings=\"{&quot;jet_parallax_layout_list&quot;:[],&quot;ekit_has_onepagescroll_dot&quot;:&quot;yes&quot;}\">\n\t\t\t\t\t\t<div class=\"elementor-container elementor-column-gap-default\">\n\t\t\t\t\t<div class=\"elementor-column elementor-col-100 elementor-top-column elementor-element elementor-element-a946017\" data-id=\"a946017\" data-element_type=\"column\" data-settings=\"{&quot;background_background&quot;:&quot;classic&quot;}\">\n\t\t\t<div class=\"elementor-widget-wrap elementor-element-populated\">\n\t\t\t\t\t\t<div class=\"elementor-element elementor-element-0a5eaae elementor-widget elementor-widget-heading\" data-id=\"0a5eaae\" data-element_type=\"widget\" data-settings=\"{&quot;ekit_we_effect_on&quot;:&quot;none&quot;}\" data-widget_type=\"heading.default\">\n\t\t\t\t<div class=\"elementor-widget-container\">\n\t\t\t<h1 class=\"elementor-heading-title elementor-size-default\">Guidede ture<\/h1>\t\t<\/div>\n\t\t\t\t<\/div>\n\t\t\t\t<div class=\"elementor-element elementor-element-7b2c4ab elementor-widget elementor-widget-heading\" data-id=\"7b2c4ab\" data-element_type=\"widget\" data-settings=\"{&quot;ekit_we_effect_on&quot;:&quot;none&quot;}\" data-widget_type=\"heading.default\">\n\t\t\t\t<div class=\"elementor-widget-container\">\n\t\t\t<h5 class=\"elementor-heading-title elementor-size-default\">COLOSSEUM GUIDEDE TURE<\/h5>\t\t<\/div>\n\t\t\t\t<\/div>\n\t\t\t\t<section class=\"elementor-section elementor-inner-section elementor-element elementor-element-e8048ae elementor-section-boxed elementor-section-height-default elementor-section-height-default\" data-id=\"e8048ae\" data-element_type=\"section\" data-settings=\"{&quot;jet_parallax_layout_list&quot;:[],&quot;ekit_has_onepagescroll_dot&quot;:&quot;yes&quot;}\">\n\t\t\t\t\t\t<div class=\"elementor-container elementor-column-gap-default\">\n\t\t\t\t\t<div class=\"elementor-column elementor-col-100 elementor-inner-column elementor-element elementor-element-191bd95\" data-id=\"191bd95\" data-element_type=\"column\">\n\t\t\t<div class=\"elementor-widget-wrap elementor-element-populated\">\n\t\t\t\t\t\t<div class=\"elementor-element elementor-element-117a628 elementor-widget elementor-widget-html\" data-id=\"117a628\" data-element_type=\"widget\" data-settings=\"{&quot;ekit_we_effect_on&quot;:&quot;none&quot;}\" data-widget_type=\"html.default\">\n\t\t\t\t<div class=\"elementor-widget-container\">\n\t\t\t<div data-tiqets-widget=\"discovery\" data-cards-layout=\"responsive\" data-content-type=\"product\" data-item_count=\"4\" data-destination-type=\"venue\" data-destination-id=\"145769\" data-partner=\"colosseo_roma\" data-tq-campaign=\"visita_guidata\"><\/div><script defer src=\"https:\/\/widgets.tiqets.com\/loader.js\"><\/script>\t\t<\/div>\n\t\t\t\t<\/div>\n\t\t\t\t\t<\/div>\n\t\t<\/div>\n\t\t\t\t\t<\/div>\n\t\t<\/section>\n\t\t\t\t<div class=\"elementor-element elementor-element-8bb865f elementor-widget elementor-widget-spacer\" data-id=\"8bb865f\" data-element_type=\"widget\" data-settings=\"{&quot;ekit_we_effect_on&quot;:&quot;none&quot;}\" data-widget_type=\"spacer.default\">\n\t\t\t\t<div class=\"elementor-widget-container\">\n\t\t\t\t\t<div class=\"elementor-spacer\">\n\t\t\t<div class=\"elementor-spacer-inner\"><\/div>\n\t\t<\/div>\n\t\t\t\t<\/div>\n\t\t\t\t<\/div>\n\t\t\t\t<div class=\"elementor-element elementor-element-c0c09d1 elementor-widget elementor-widget-heading\" data-id=\"c0c09d1\" data-element_type=\"widget\" data-settings=\"{&quot;ekit_we_effect_on&quot;:&quot;none&quot;}\" data-widget_type=\"heading.default\">\n\t\t\t\t<div class=\"elementor-widget-container\">\n\t\t\t<h4 class=\"elementor-heading-title elementor-size-default\">V\u00e6lg din guidede tur i Colosseum <\/h4>\t\t<\/div>\n\t\t\t\t<\/div>\n\t\t\t\t<div class=\"elementor-element elementor-element-f48cc1c elementor-widget elementor-widget-text-editor\" data-id=\"f48cc1c\" data-element_type=\"widget\" data-settings=\"{&quot;ekit_we_effect_on&quot;:&quot;none&quot;}\" data-widget_type=\"text-editor.default\">\n\t\t\t\t<div class=\"elementor-widget-container\">\n\t\t\t\t\t\t\t<p>Her er de bedste Colosseum-ture, der garanterer dig prioriteret adgang til monumentet.<\/p>\t\t\t\t\t\t<\/div>\n\t\t\t\t<\/div>\n\t\t\t\t<div class=\"elementor-element elementor-element-b5298e8 elementor-widget elementor-widget-heading\" data-id=\"b5298e8\" data-element_type=\"widget\" data-settings=\"{&quot;ekit_we_effect_on&quot;:&quot;none&quot;}\" data-widget_type=\"heading.default\">\n\t\t\t\t<div class=\"elementor-widget-container\">\n\t\t\t<h4 class=\"elementor-heading-title elementor-size-default\">Hvorfor forlade sig p\u00e5 en guidet tur i Colosseum? <\/h4>\t\t<\/div>\n\t\t\t\t<\/div>\n\t\t\t\t<div class=\"elementor-element elementor-element-8f86be4 elementor-widget elementor-widget-text-editor\" data-id=\"8f86be4\" data-element_type=\"widget\" data-settings=\"{&quot;ekit_we_effect_on&quot;:&quot;none&quot;}\" data-widget_type=\"text-editor.default\">\n\t\t\t\t<div class=\"elementor-widget-container\">\n\t\t\t\t\t\t\t<ul><li>En guidet tur i Colosseum inkluderer en erfaren guide med indg\u00e5ende kendskab til Colosseums historie og arkitektur, som kan give forklaringer, der ville v\u00e6re sv\u00e6re at finde p\u00e5 informationstavler eller i b\u00f8ger.<\/li><li>Nogle guidede ture tilbyder prioriteret adgang, dvs. muligheden for at undg\u00e5 lange k\u00f8er. Det betyder, at bes\u00f8gende kan spare v\u00e6rdifuld tid p\u00e5 deres sightseeingture, som kan v\u00e6re meget overfyldte, is\u00e6r i h\u00f8js\u00e6sonen.<\/li><li>Nogle guidede ture giver adgang til eksklusive omr\u00e5der i Colosseum, f.eks. arenaens underjordiske omr\u00e5der og gladiatorernes kvarterer, som ikke er tilg\u00e6ngelige for uguidede bes\u00f8gende.<\/li><li>En erfaren guide kan hj\u00e6lpe de bes\u00f8gende med bedre at forst\u00e5 historien og betydningen af dette ekstraordin\u00e6re monument og give detaljerede forklaringer p\u00e5 det sprog, de \u00f8nsker.<\/li><\/ul>\t\t\t\t\t\t<\/div>\n\t\t\t\t<\/div>\n\t\t\t\t<div class=\"elementor-element elementor-element-b7562f9 elementor-widget elementor-widget-heading\" data-id=\"b7562f9\" data-element_type=\"widget\" data-settings=\"{&quot;ekit_we_effect_on&quot;:&quot;none&quot;}\" data-widget_type=\"heading.default\">\n\t\t\t\t<div class=\"elementor-widget-container\">\n\t\t\t<h4 class=\"elementor-heading-title elementor-size-default\">Organiser en guidet tur i Colosseum i Rom<\/h4>\t\t<\/div>\n\t\t\t\t<\/div>\n\t\t\t\t<div class=\"elementor-element elementor-element-cb31b9a elementor-widget elementor-widget-text-editor\" data-id=\"cb31b9a\" data-element_type=\"widget\" data-settings=\"{&quot;ekit_we_effect_on&quot;:&quot;none&quot;}\" data-widget_type=\"text-editor.default\">\n\t\t\t\t<div class=\"elementor-widget-container\">\n\t\t\t\t\t\t\t<ul><li>Du kan k\u00f8be billetter til Colosseum online p\u00e5 forh\u00e5nd via vores hjemmeside. P\u00e5 den m\u00e5de undg\u00e5r du lange k\u00f8er.<\/li><li>Overvej at deltage i og k\u00f8be en guidet tur, der kan give detaljerede oplysninger om Colosseums historie og arkitektur og give prioriteret adgang til eksklusive omr\u00e5der.<\/li><li>Planl\u00e6g din tur til Colosseum omhyggeligt, s\u00e5 du s\u00e5 vidt muligt undg\u00e5r de travleste timer. Generelt er de mindst overfyldte timer tidligt om morgenen eller senere p\u00e5 eftermiddagen.<\/li><li>Tag behagelige sko p\u00e5, helst kondisko, og t\u00f8j, der passer til \u00e5rstiden, for husk, at Colosseum kan v\u00e6re s\u00e6rligt varmt om sommeren.<\/li><li>Om sommeren skal du tage de n\u00f8dvendige forsyninger med, s\u00e5som vand, solcreme og en hat.<\/li><li>Respekter reglerne, og undg\u00e5 at klatre op ad hegn eller r\u00f8re ved v\u00e6gge eller gamle genstande.<\/li><li>Nyd udsigten over Colosseum, og udforsk omgivelserne. Colosseum er et af den antikke verdens vidundere, og du f\u00e5r mulighed for at fordybe dig p\u00e5 f\u00f8rste h\u00e5nd i historien om det glorv\u00e6rdige gamle Rom.<\/li><\/ul>\t\t\t\t\t\t<\/div>\n\t\t\t\t<\/div>\n\t\t\t\t\t<\/div>\n\t\t<\/div>\n\t\t\t\t\t<\/div>\n\t\t<\/section>\n\t\t\t\t<\/div>","protected":false},"excerpt":{"rendered":"<p>GUIDED TOURS COLOSSEO GUIDED TOURS V\u00e6lg din guidede tur til Colosseum Her er de bedste Colosseum-ture, der garanterer dig prioriteret adgang til monumentet. Hvorfor stole p\u00e5 en guidet tur i Colosseum? En guidet tur i Colosseum inkluderer en erfaren guide med indg\u00e5ende kendskab til Colosseums historie og arkitektur, som kan give [...]<\/p>","protected":false},"author":1,"featured_media":0,"parent":494,"menu_order":1,"comment_status":"closed","ping_status":"closed","template":"","meta":{"site-sidebar-layout":"no-sidebar","site-content-layout":"page-builder","ast-site-content-layout":"full-width-container","site-content-style":"unboxed","site-sidebar-style":"unboxed","ast-global-header-display":"","ast-banner-title-visibility":"","ast-main-header-display":"","ast-hfb-above-header-display":"","ast-hfb-below-header-display":"","ast-hfb-mobile-header-display":"","site-post-title":"disabled","ast-breadcrumbs-content":"","ast-featured-img":"disabled","footer-sml-layout":"","ast-disable-related-posts":"","theme-transparent-header-meta":"default","adv-header-id-meta":"","stick-header-meta":"","header-above-stick-meta":"","header-main-stick-meta":"","header-below-stick-meta":"","astra-migrate-meta-layouts":"set","ast-page-background-enabled":"default","ast-page-background-meta":{"desktop":{"background-color":"var(--ast-global-color-4)","background-image":"","background-repeat":"repeat","background-position":"center center","background-size":"auto","background-attachment":"scroll","background-type":"","background-media":"","overlay-type":"","overlay-color":"","overlay-opacity":"","overlay-gradient":""},"tablet":{"background-color":"","background-image":"","background-repeat":"repeat","background-position":"center center","background-size":"auto","background-attachment":"scroll","background-type":"","background-media":"","overlay-type":"","overlay-color":"","overlay-opacity":"","overlay-gradient":""},"mobile":{"background-color":"","background-image":"","background-repeat":"repeat","background-position":"center center","background-size":"auto","background-attachment":"scroll","background-type":"","background-media":"","overlay-type":"","overlay-color":"","overlay-opacity":"","overlay-gradient":""}},"ast-content-background-meta":{"desktop":{"background-color":"var(--ast-global-color-5)","background-image":"","background-repeat":"repeat","background-position":"center center","background-size":"auto","background-attachment":"scroll","background-type":"","background-media":"","overlay-type":"","overlay-color":"","overlay-opacity":"","overlay-gradient":""},"tablet":{"background-color":"var(--ast-global-color-5)","background-image":"","background-repeat":"repeat","background-position":"center center","background-size":"auto","background-attachment":"scroll","background-type":"","background-media":"","overlay-type":"","overlay-color":"","overlay-opacity":"","overlay-gradient":""},"mobile":{"background-color":"var(--ast-global-color-5)","background-image":"","background-repeat":"repeat","background-position":"center center","background-size":"auto","background-attachment":"scroll","background-type":"","background-media":"","overlay-type":"","overlay-color":"","overlay-opacity":"","overlay-gradient":""}},"iawp_total_views":2061,"footnotes":""},"class_list":["post-498","page","type-page","status-publish","hentry"],"_links":{"self":[{"href":"https:\/\/colosseo-roma.it\/da\/wp-json\/wp\/v2\/pages\/498","targetHints":{"allow":["GET"]}}],"collection":[{"href":"https:\/\/colosseo-roma.it\/da\/wp-json\/wp\/v2\/pages"}],"about":[{"href":"https:\/\/colosseo-roma.it\/da\/wp-json\/wp\/v2\/types\/page"}],"author":[{"embeddable":true,"href":"https:\/\/colosseo-roma.it\/da\/wp-json\/wp\/v2\/users\/1"}],"replies":[{"embeddable":true,"href":"https:\/\/colosseo-roma.it\/da\/wp-json\/wp\/v2\/comments?post=498"}],"version-history":[{"count":0,"href":"https:\/\/colosseo-roma.it\/da\/wp-json\/wp\/v2\/pages\/498\/revisions"}],"up":[{"embeddable":true,"href":"https:\/\/colosseo-roma.it\/da\/wp-json\/wp\/v2\/pages\/494"}],"wp:attachment":[{"href":"https:\/\/colosseo-roma.it\/da\/wp-json\/wp\/v2\/media?parent=498"}],"curies":[{"name":"wp","href":"https:\/\/api.w.org\/{rel}","templated":true}]}}