{"id":513,"date":"2023-03-28T09:13:38","date_gmt":"2023-03-28T08:13:38","guid":{"rendered":"https:\/\/wordpress-1074717-3818660.cloudwaysapps.com\/?page_id=513"},"modified":"2026-01-26T17:12:37","modified_gmt":"2026-01-26T16:12:37","slug":"biler","status":"publish","type":"page","link":"https:\/\/colosseo-roma.it\/da\/besog\/sadan-kommer-du-derhen-2\/biler\/","title":{"rendered":"Biler"},"content":{"rendered":"<div data-elementor-type=\"wp-page\" data-elementor-id=\"513\" class=\"elementor elementor-513\" data-elementor-post-type=\"page\">\n\t\t\t\t\t\t<section class=\"elementor-section elementor-top-section elementor-element elementor-element-5692cc6 elementor-section-boxed elementor-section-height-default elementor-section-height-default\" data-id=\"5692cc6\" data-element_type=\"section\" data-settings=\"{&quot;jet_parallax_layout_list&quot;:[],&quot;ekit_has_onepagescroll_dot&quot;:&quot;yes&quot;}\">\n\t\t\t\t\t\t<div class=\"elementor-container elementor-column-gap-default\">\n\t\t\t\t\t<div class=\"elementor-column elementor-col-100 elementor-top-column elementor-element elementor-element-cdf2143\" data-id=\"cdf2143\" data-element_type=\"column\" data-settings=\"{&quot;background_background&quot;:&quot;classic&quot;}\">\n\t\t\t<div class=\"elementor-widget-wrap elementor-element-populated\">\n\t\t\t\t\t\t<div class=\"elementor-element elementor-element-a663f07 elementor-widget elementor-widget-heading\" data-id=\"a663f07\" data-element_type=\"widget\" data-settings=\"{&quot;ekit_we_effect_on&quot;:&quot;none&quot;}\" data-widget_type=\"heading.default\">\n\t\t\t\t<div class=\"elementor-widget-container\">\n\t\t\t<h1 class=\"elementor-heading-title elementor-size-default\">S\u00e5dan kommer du til Colosseum i bil<\/h1>\t\t<\/div>\n\t\t\t\t<\/div>\n\t\t\t\t<div class=\"elementor-element elementor-element-97ca5f0 elementor-widget elementor-widget-text-editor\" data-id=\"97ca5f0\" data-element_type=\"widget\" data-settings=\"{&quot;ekit_we_effect_on&quot;:&quot;none&quot;}\" data-widget_type=\"text-editor.default\">\n\t\t\t\t<div class=\"elementor-widget-container\">\n\t\t\t\t\t\t\t<p>At komme til Colosseum i bil er ikke en mulighed for at n\u00e5 frem til turistattraktionen, da omr\u00e5det omkring monumentet er meget trafikeret.<\/p><p>Men hvis du skal til Colosseum i bil, er der nogle betalingsparkeringspladser i n\u00e6rheden.<\/p><p><strong>De mest funktionelle parkeringspladser er<\/strong><\/p><ul><li>Colosseum Park Service: 4\u20ac pr. time<\/li><li>Colosseum Park: 8\u20ac for 2 timer<\/li><li>Supergarage Metronio: \u20ac22.93 pr. dag<\/li><\/ul><p>En meget mere anbefalelsesv\u00e6rdig mulighed er at parkere din bil uden for Roms historiske centrum i <strong>ATAC's parkeringspladser.<\/strong> Det er meget funktionelle og billige parkeringspladser. Derfra beh\u00f8ver du kun at tage metroen for at komme ind i Rom.<\/p><p>Hvis du i stedet vil k\u00f8re ind i Rom i bil, anbefaler vi <strong>Termini stations parkeringsplads<\/strong>Derfra kan Colosseum n\u00e5s p\u00e5 ca. 20 minutter til fods eller med metro.<\/p><p>Alternativt er der en r\u00e6kke betalingsparkeringspladser i forskellige dele af byen, som kan v\u00e6re nyttige afh\u00e6ngigt af din startposition og din planlagte rejserute.<\/p><p>Men hvis du planl\u00e6gger et bes\u00f8g i Rom og Colosseum, <strong>Jeg r\u00e5der dig til at bruge offentlig transport<\/strong> som metro og bus, da gaderne i centrum er overfyldte med trafik, og det kan v\u00e6re en ret besv\u00e6rlig oplevelse at parkere bilen.<\/p>\t\t\t\t\t\t<\/div>\n\t\t\t\t<\/div>\n\t\t\t\t\t<\/div>\n\t\t<\/div>\n\t\t\t\t\t<\/div>\n\t\t<\/section>\n\t\t\t\t<\/div>","protected":false},"excerpt":{"rendered":"<p>At komme til Colosseum i bil At komme til Colosseum i bil er ikke en mulighed for at n\u00e5 frem til turistattraktionen, da omr\u00e5det omkring monumentet er meget travlt. Men hvis du er n\u00f8dt til at k\u00f8re til Colosseum i bil, er der nogle betalingsparkeringspladser i n\u00e6rheden. De mest funktionelle parkeringspladser er f\u00f8lgende: Colosseum Park Service: 4 \u20ac pr. time [...].<\/p>","protected":false},"author":1,"featured_media":0,"parent":42,"menu_order":3,"comment_status":"closed","ping_status":"closed","template":"","meta":{"site-sidebar-layout":"no-sidebar","site-content-layout":"page-builder","ast-site-content-layout":"full-width-container","site-content-style":"unboxed","site-sidebar-style":"unboxed","ast-global-header-display":"","ast-banner-title-visibility":"","ast-main-header-display":"","ast-hfb-above-header-display":"","ast-hfb-below-header-display":"","ast-hfb-mobile-header-display":"","site-post-title":"disabled","ast-breadcrumbs-content":"","ast-featured-img":"disabled","footer-sml-layout":"","ast-disable-related-posts":"","theme-transparent-header-meta":"default","adv-header-id-meta":"","stick-header-meta":"","header-above-stick-meta":"","header-main-stick-meta":"","header-below-stick-meta":"","astra-migrate-meta-layouts":"set","ast-page-background-enabled":"default","ast-page-background-meta":{"desktop":{"background-color":"var(--ast-global-color-4)","background-image":"","background-repeat":"repeat","background-position":"center center","background-size":"auto","background-attachment":"scroll","background-type":"","background-media":"","overlay-type":"","overlay-color":"","overlay-opacity":"","overlay-gradient":""},"tablet":{"background-color":"","background-image":"","background-repeat":"repeat","background-position":"center center","background-size":"auto","background-attachment":"scroll","background-type":"","background-media":"","overlay-type":"","overlay-color":"","overlay-opacity":"","overlay-gradient":""},"mobile":{"background-color":"","background-image":"","background-repeat":"repeat","background-position":"center center","background-size":"auto","background-attachment":"scroll","background-type":"","background-media":"","overlay-type":"","overlay-color":"","overlay-opacity":"","overlay-gradient":""}},"ast-content-background-meta":{"desktop":{"background-color":"var(--ast-global-color-5)","background-image":"","background-repeat":"repeat","background-position":"center center","background-size":"auto","background-attachment":"scroll","background-type":"","background-media":"","overlay-type":"","overlay-color":"","overlay-opacity":"","overlay-gradient":""},"tablet":{"background-color":"var(--ast-global-color-5)","background-image":"","background-repeat":"repeat","background-position":"center center","background-size":"auto","background-attachment":"scroll","background-type":"","background-media":"","overlay-type":"","overlay-color":"","overlay-opacity":"","overlay-gradient":""},"mobile":{"background-color":"var(--ast-global-color-5)","background-image":"","background-repeat":"repeat","background-position":"center center","background-size":"auto","background-attachment":"scroll","background-type":"","background-media":"","overlay-type":"","overlay-color":"","overlay-opacity":"","overlay-gradient":""}},"iawp_total_views":2364,"footnotes":""},"class_list":["post-513","page","type-page","status-publish","hentry"],"_links":{"self":[{"href":"https:\/\/colosseo-roma.it\/da\/wp-json\/wp\/v2\/pages\/513","targetHints":{"allow":["GET"]}}],"collection":[{"href":"https:\/\/colosseo-roma.it\/da\/wp-json\/wp\/v2\/pages"}],"about":[{"href":"https:\/\/colosseo-roma.it\/da\/wp-json\/wp\/v2\/types\/page"}],"author":[{"embeddable":true,"href":"https:\/\/colosseo-roma.it\/da\/wp-json\/wp\/v2\/users\/1"}],"replies":[{"embeddable":true,"href":"https:\/\/colosseo-roma.it\/da\/wp-json\/wp\/v2\/comments?post=513"}],"version-history":[{"count":0,"href":"https:\/\/colosseo-roma.it\/da\/wp-json\/wp\/v2\/pages\/513\/revisions"}],"up":[{"embeddable":true,"href":"https:\/\/colosseo-roma.it\/da\/wp-json\/wp\/v2\/pages\/42"}],"wp:attachment":[{"href":"https:\/\/colosseo-roma.it\/da\/wp-json\/wp\/v2\/media?parent=513"}],"curies":[{"name":"wp","href":"https:\/\/api.w.org\/{rel}","templated":true}]}}