{"id":515,"date":"2023-03-28T09:13:47","date_gmt":"2023-03-28T08:13:47","guid":{"rendered":"https:\/\/wordpress-1074717-3818660.cloudwaysapps.com\/?page_id=515"},"modified":"2026-01-26T17:12:26","modified_gmt":"2026-01-26T16:12:26","slug":"metro","status":"publish","type":"page","link":"https:\/\/colosseo-roma.it\/da\/besog\/sadan-kommer-du-derhen-2\/metro\/","title":{"rendered":"Metro"},"content":{"rendered":"<div data-elementor-type=\"wp-page\" data-elementor-id=\"515\" class=\"elementor elementor-515\" data-elementor-post-type=\"page\">\n\t\t\t\t\t\t<section class=\"elementor-section elementor-top-section elementor-element elementor-element-0fb4f47 elementor-section-boxed elementor-section-height-default elementor-section-height-default\" data-id=\"0fb4f47\" data-element_type=\"section\" data-settings=\"{&quot;jet_parallax_layout_list&quot;:[],&quot;ekit_has_onepagescroll_dot&quot;:&quot;yes&quot;}\">\n\t\t\t\t\t\t<div class=\"elementor-container elementor-column-gap-default\">\n\t\t\t\t\t<div class=\"elementor-column elementor-col-100 elementor-top-column elementor-element elementor-element-4208249\" data-id=\"4208249\" data-element_type=\"column\" data-settings=\"{&quot;background_background&quot;:&quot;classic&quot;}\">\n\t\t\t<div class=\"elementor-widget-wrap elementor-element-populated\">\n\t\t\t\t\t\t<div class=\"elementor-element elementor-element-ea5c774 elementor-widget elementor-widget-heading\" data-id=\"ea5c774\" data-element_type=\"widget\" data-settings=\"{&quot;ekit_we_effect_on&quot;:&quot;none&quot;}\" data-widget_type=\"heading.default\">\n\t\t\t\t<div class=\"elementor-widget-container\">\n\t\t\t<h1 class=\"elementor-heading-title elementor-size-default\">Metrostation Colosseo<\/h1>\t\t<\/div>\n\t\t\t\t<\/div>\n\t\t\t\t<div class=\"elementor-element elementor-element-a13ccf3 elementor-widget elementor-widget-heading\" data-id=\"a13ccf3\" data-element_type=\"widget\" data-settings=\"{&quot;ekit_we_effect_on&quot;:&quot;none&quot;}\" data-widget_type=\"heading.default\">\n\t\t\t\t<div class=\"elementor-widget-container\">\n\t\t\t<h4 class=\"elementor-heading-title elementor-size-default\">Hvad er metrostationen for at bes\u00f8ge Colosseum? <\/h4>\t\t<\/div>\n\t\t\t\t<\/div>\n\t\t\t\t<div class=\"elementor-element elementor-element-b4a2803 elementor-widget elementor-widget-text-editor\" data-id=\"b4a2803\" data-element_type=\"widget\" data-settings=\"{&quot;ekit_we_effect_on&quot;:&quot;none&quot;}\" data-widget_type=\"text-editor.default\">\n\t\t\t\t<div class=\"elementor-widget-container\">\n\t\t\t\t\t\t\t<ul><li>For at komme til Colosseum skal du bare tage <strong>linje b colosseum stop.\u00a0<\/strong><\/li><\/ul><p><strong>Colosseum<\/strong> er et stop p\u00e5 <strong>Roms metrolinje B<\/strong>ligger i Monti-distriktet og blev indviet i 1955.\u00a0<\/p><p>Stoppestedet har to indgange: den f\u00f8rste p\u00e5 Piazza del Colosseo og den anden p\u00e5 Largo Gaetana Agnesi.<\/p><p>Overfor hovedindgangen til stationen ligger <strong>Colosseum<\/strong> og den<strong>Konstantins bue<\/strong>mens du forts\u00e6tter ad Via dei Fori Imperiali, kan du n\u00e5 frem til <strong>piazza Venezia<\/strong> og den <strong>Hovedstaden<\/strong> s\u00e5vel som naboer <strong>ark\u00e6ologiske steder i Forum Romanum<\/strong>af <strong>Palatine<\/strong>af <strong>Ludus Magnus<\/strong>af <strong>Domus Aurea<\/strong> og den <strong>Imperiale fora<\/strong>.<\/p><p>Ogs\u00e5 i n\u00e6rheden af stationen er: Colle Oppio, med <strong>Peterskirken i l\u00e6nker<\/strong> og nogle rester af Domus Aurea, den <strong>Basilikaen i Santo Stefano Rotondo al Celio<\/strong>, den <strong>Basilikaen for de hellige Johannes og Paulus<\/strong>, den <strong>Basilikaen for de fire kronede helgener<\/strong>, den <strong>Basilikaen San Clemente al Laterano<\/strong> og den <strong>Basilikaen for de hellige Cosmas og Damian.<\/strong><\/p>\t\t\t\t\t\t<\/div>\n\t\t\t\t<\/div>\n\t\t\t\t<div class=\"elementor-element elementor-element-92707de elementor-widget elementor-widget-heading\" data-id=\"92707de\" data-element_type=\"widget\" data-settings=\"{&quot;ekit_we_effect_on&quot;:&quot;none&quot;}\" data-widget_type=\"heading.default\">\n\t\t\t\t<div class=\"elementor-widget-container\">\n\t\t\t<h4 class=\"elementor-heading-title elementor-size-default\">Colosseo metroforbindelse: Linje B - Bl\u00e5<\/h4>\t\t<\/div>\n\t\t\t\t<\/div>\n\t\t\t\t<div class=\"elementor-element elementor-element-2bd55ec elementor-widget elementor-widget-text-editor\" data-id=\"2bd55ec\" data-element_type=\"widget\" data-settings=\"{&quot;ekit_we_effect_on&quot;:&quot;none&quot;}\" data-widget_type=\"text-editor.default\">\n\t\t\t\t<div class=\"elementor-widget-container\">\n\t\t\t\t\t\t\t<ul><li><p>P\u00e5 tv\u00e6rs af Rom <strong>nord\u00f8st til syd<\/strong>fra Rebibbia til Laurentina. De vigtigste stop er:<\/p><ul><li>Termini: Forbindelsespunkt mellem metroen og jernbanestationen, hvor togene fra Fiumicino ankommer<\/li><li><strong>Colosseum: Stop i n\u00e6rheden af Colosseum og Forum Romanum<\/strong><\/li><li>Piramide: Hvis du ankommer med regionaltog fra Fiumicino, kan du tage metroen hertil.\u00a0<\/li><\/ul><\/li><\/ul>\t\t\t\t\t\t<\/div>\n\t\t\t\t<\/div>\n\t\t\t\t<div class=\"elementor-element elementor-element-187db69 elementor-widget elementor-widget-heading\" data-id=\"187db69\" data-element_type=\"widget\" data-settings=\"{&quot;ekit_we_effect_on&quot;:&quot;none&quot;}\" data-widget_type=\"heading.default\">\n\t\t\t\t<div class=\"elementor-widget-container\">\n\t\t\t<h4 class=\"elementor-heading-title elementor-size-default\">Alle oplysninger om Roms metro<\/h4>\t\t<\/div>\n\t\t\t\t<\/div>\n\t\t\t\t<div class=\"elementor-element elementor-element-ad4877b elementor-widget elementor-widget-text-editor\" data-id=\"ad4877b\" data-element_type=\"widget\" data-settings=\"{&quot;ekit_we_effect_on&quot;:&quot;none&quot;}\" data-widget_type=\"text-editor.default\">\n\t\t\t\t<div class=\"elementor-widget-container\">\n\t\t\t\t\t\t\t<p><strong>Tidsplan\u00a0<\/strong><\/p><ul><li>Metroen er \u00e5ben hver dag <strong>fra kl. 5.30 til kl. 23.30.<\/strong>.<\/li><li>Om fredagen og l\u00f8rdagen k\u00f8rer den til kl. 01.30.<\/li><li>Metrobilletter kan k\u00f8bes p\u00e5 stationernes billetkontorer, i kiosker eller tobaksforretninger.<\/li><li>Det er vigtigt at have billetter eller s\u00e6sonkort, f\u00f8r man stiger p\u00e5 anden lokal offentlig transport som busser eller sporvogne, da det ikke er muligt at k\u00f8be billetter om bord.<\/li><\/ul>\t\t\t\t\t\t<\/div>\n\t\t\t\t<\/div>\n\t\t\t\t<div class=\"elementor-element elementor-element-1b6712c elementor-widget elementor-widget-heading\" data-id=\"1b6712c\" data-element_type=\"widget\" data-settings=\"{&quot;ekit_we_effect_on&quot;:&quot;none&quot;}\" data-widget_type=\"heading.default\">\n\t\t\t\t<div class=\"elementor-widget-container\">\n\t\t\t<div class=\"elementor-heading-title elementor-size-default\">Husk at st\u00e5 af ved Colosseum Stop\n\n<\/div>\t\t<\/div>\n\t\t\t\t<\/div>\n\t\t\t\t\t<\/div>\n\t\t<\/div>\n\t\t\t\t\t<\/div>\n\t\t<\/section>\n\t\t\t\t<\/div>","protected":false},"excerpt":{"rendered":"<p>Fermata Metro Colosseo Quale \u00e8 la fermata metro per visitare il Colosseo? Per raggiungere il Colosseo basta prendere la linea b fermata colosseo.\u00a0 Colosseo \u00e8 una fermata della linea B della metropolitana di Roma, situata nel rione Monti e inaugurata nel 1955. La fermata dispone di due ingressi: il primo in piazza del Colosseo e [&hellip;]<\/p>","protected":false},"author":1,"featured_media":0,"parent":42,"menu_order":1,"comment_status":"closed","ping_status":"closed","template":"","meta":{"site-sidebar-layout":"no-sidebar","site-content-layout":"page-builder","ast-site-content-layout":"full-width-container","site-content-style":"unboxed","site-sidebar-style":"unboxed","ast-global-header-display":"","ast-banner-title-visibility":"","ast-main-header-display":"","ast-hfb-above-header-display":"","ast-hfb-below-header-display":"","ast-hfb-mobile-header-display":"","site-post-title":"disabled","ast-breadcrumbs-content":"","ast-featured-img":"disabled","footer-sml-layout":"","ast-disable-related-posts":"","theme-transparent-header-meta":"default","adv-header-id-meta":"","stick-header-meta":"","header-above-stick-meta":"","header-main-stick-meta":"","header-below-stick-meta":"","astra-migrate-meta-layouts":"set","ast-page-background-enabled":"default","ast-page-background-meta":{"desktop":{"background-color":"var(--ast-global-color-4)","background-image":"","background-repeat":"repeat","background-position":"center center","background-size":"auto","background-attachment":"scroll","background-type":"","background-media":"","overlay-type":"","overlay-color":"","overlay-opacity":"","overlay-gradient":""},"tablet":{"background-color":"","background-image":"","background-repeat":"repeat","background-position":"center center","background-size":"auto","background-attachment":"scroll","background-type":"","background-media":"","overlay-type":"","overlay-color":"","overlay-opacity":"","overlay-gradient":""},"mobile":{"background-color":"","background-image":"","background-repeat":"repeat","background-position":"center center","background-size":"auto","background-attachment":"scroll","background-type":"","background-media":"","overlay-type":"","overlay-color":"","overlay-opacity":"","overlay-gradient":""}},"ast-content-background-meta":{"desktop":{"background-color":"var(--ast-global-color-5)","background-image":"","background-repeat":"repeat","background-position":"center center","background-size":"auto","background-attachment":"scroll","background-type":"","background-media":"","overlay-type":"","overlay-color":"","overlay-opacity":"","overlay-gradient":""},"tablet":{"background-color":"var(--ast-global-color-5)","background-image":"","background-repeat":"repeat","background-position":"center center","background-size":"auto","background-attachment":"scroll","background-type":"","background-media":"","overlay-type":"","overlay-color":"","overlay-opacity":"","overlay-gradient":""},"mobile":{"background-color":"var(--ast-global-color-5)","background-image":"","background-repeat":"repeat","background-position":"center center","background-size":"auto","background-attachment":"scroll","background-type":"","background-media":"","overlay-type":"","overlay-color":"","overlay-opacity":"","overlay-gradient":""}},"iawp_total_views":13819,"footnotes":""},"class_list":["post-515","page","type-page","status-publish","hentry"],"_links":{"self":[{"href":"https:\/\/colosseo-roma.it\/da\/wp-json\/wp\/v2\/pages\/515","targetHints":{"allow":["GET"]}}],"collection":[{"href":"https:\/\/colosseo-roma.it\/da\/wp-json\/wp\/v2\/pages"}],"about":[{"href":"https:\/\/colosseo-roma.it\/da\/wp-json\/wp\/v2\/types\/page"}],"author":[{"embeddable":true,"href":"https:\/\/colosseo-roma.it\/da\/wp-json\/wp\/v2\/users\/1"}],"replies":[{"embeddable":true,"href":"https:\/\/colosseo-roma.it\/da\/wp-json\/wp\/v2\/comments?post=515"}],"version-history":[{"count":0,"href":"https:\/\/colosseo-roma.it\/da\/wp-json\/wp\/v2\/pages\/515\/revisions"}],"up":[{"embeddable":true,"href":"https:\/\/colosseo-roma.it\/da\/wp-json\/wp\/v2\/pages\/42"}],"wp:attachment":[{"href":"https:\/\/colosseo-roma.it\/da\/wp-json\/wp\/v2\/media?parent=515"}],"curies":[{"name":"wp","href":"https:\/\/api.w.org\/{rel}","templated":true}]}}