{"id":523,"date":"2023-03-28T09:15:11","date_gmt":"2023-03-28T08:15:11","guid":{"rendered":"https:\/\/wordpress-1074717-3818660.cloudwaysapps.com\/?page_id=523"},"modified":"2026-01-26T17:12:12","modified_gmt":"2026-01-26T16:12:12","slug":"input","status":"publish","type":"page","link":"https:\/\/colosseo-roma.it\/da\/besog\/input\/","title":{"rendered":"Indgange"},"content":{"rendered":"<div data-elementor-type=\"wp-page\" data-elementor-id=\"523\" class=\"elementor elementor-523\" data-elementor-post-type=\"page\">\n\t\t\t\t\t\t<section class=\"elementor-section elementor-top-section elementor-element elementor-element-7635c3c elementor-section-boxed elementor-section-height-default elementor-section-height-default\" data-id=\"7635c3c\" data-element_type=\"section\" data-settings=\"{&quot;jet_parallax_layout_list&quot;:[],&quot;ekit_has_onepagescroll_dot&quot;:&quot;yes&quot;}\">\n\t\t\t\t\t\t<div class=\"elementor-container elementor-column-gap-default\">\n\t\t\t\t\t<div class=\"elementor-column elementor-col-100 elementor-top-column elementor-element elementor-element-6f4dbfd\" data-id=\"6f4dbfd\" data-element_type=\"column\">\n\t\t\t<div class=\"elementor-widget-wrap elementor-element-populated\">\n\t\t\t\t\t\t<div class=\"elementor-element elementor-element-59583c8 elementor-widget elementor-widget-heading\" data-id=\"59583c8\" data-element_type=\"widget\" data-settings=\"{&quot;ekit_we_effect_on&quot;:&quot;none&quot;}\" data-widget_type=\"heading.default\">\n\t\t\t\t<div class=\"elementor-widget-container\">\n\t\t\t<h1 class=\"elementor-heading-title elementor-size-default\">Indgang til Colosseum<\/h1>\t\t<\/div>\n\t\t\t\t<\/div>\n\t\t\t\t<div class=\"elementor-element elementor-element-8c86bb4 elementor-widget elementor-widget-text-editor\" data-id=\"8c86bb4\" data-element_type=\"widget\" data-settings=\"{&quot;ekit_we_effect_on&quot;:&quot;none&quot;}\" data-widget_type=\"text-editor.default\">\n\t\t\t\t<div class=\"elementor-widget-container\">\n\t\t\t\t\t\t\t<p>Hvis det er dit f\u00f8rste bes\u00f8g i Colosseum, har du m\u00e5ske brug for disse enkle oplysninger.<\/p>\t\t\t\t\t\t<\/div>\n\t\t\t\t<\/div>\n\t\t\t\t<div class=\"elementor-element elementor-element-f2cb74a elementor-widget elementor-widget-heading\" data-id=\"f2cb74a\" data-element_type=\"widget\" data-settings=\"{&quot;ekit_we_effect_on&quot;:&quot;none&quot;}\" data-widget_type=\"heading.default\">\n\t\t\t\t<div class=\"elementor-widget-container\">\n\t\t\t<h2 class=\"elementor-heading-title elementor-size-default\">Hvor er indgangene til Colosseum?<\/h2>\t\t<\/div>\n\t\t\t\t<\/div>\n\t\t\t\t<div class=\"elementor-element elementor-element-af85a6e elementor-widget elementor-widget-text-editor\" data-id=\"af85a6e\" data-element_type=\"widget\" data-settings=\"{&quot;ekit_we_effect_on&quot;:&quot;none&quot;}\" data-widget_type=\"text-editor.default\">\n\t\t\t\t<div class=\"elementor-widget-container\">\n\t\t\t\t\t\t\t<p>For at komme ind i den antikke arena kan du bruge en af tre indgange, afh\u00e6ngigt af hvilken type Colosseum-billet du har k\u00f8bt. Alle bes\u00f8gende skal k\u00f8be en billet for at komme ind i monumentet.\u00a0<\/p><ul><li>Hovedindgang (indgang for handicappede)<\/li><li>Indgang for grupper<\/li><li>Bageste indgang<\/li><\/ul><p>Vi har lavet et lille kort for at fors\u00f8ge at hj\u00e6lpe dig. God forn\u00f8jelse med dit bes\u00f8g.<\/p>\t\t\t\t\t\t<\/div>\n\t\t\t\t<\/div>\n\t\t\t\t<div class=\"elementor-element elementor-element-12013ab dce_masking-none elementor-widget elementor-widget-image\" data-id=\"12013ab\" data-element_type=\"widget\" data-settings=\"{&quot;ekit_we_effect_on&quot;:&quot;none&quot;}\" data-widget_type=\"image.default\">\n\t\t\t\t<div class=\"elementor-widget-container\">\n\t\t\t\t\t\t\t\t\t\t\t\t\t<img fetchpriority=\"high\" decoding=\"async\" width=\"1536\" height=\"862\" src=\"https:\/\/colosseo-roma.it\/wp-content\/uploads\/2023\/03\/INGRESSI-COLOSSEO-SITO.jpg\" class=\"attachment-full size-full wp-image-1278\" alt=\"\" srcset=\"https:\/\/colosseo-roma.it\/wp-content\/uploads\/2023\/03\/INGRESSI-COLOSSEO-SITO.jpg 1536w, https:\/\/colosseo-roma.it\/wp-content\/uploads\/2023\/03\/INGRESSI-COLOSSEO-SITO-300x168.jpg 300w, https:\/\/colosseo-roma.it\/wp-content\/uploads\/2023\/03\/INGRESSI-COLOSSEO-SITO-1024x575.jpg 1024w, https:\/\/colosseo-roma.it\/wp-content\/uploads\/2023\/03\/INGRESSI-COLOSSEO-SITO-768x431.jpg 768w\" sizes=\"(max-width: 1536px) 100vw, 1536px\" \/>\t\t\t\t\t\t\t\t\t\t\t\t\t<\/div>\n\t\t\t\t<\/div>\n\t\t\t\t<div class=\"elementor-element elementor-element-2184c9c elementor-widget elementor-widget-text-editor\" data-id=\"2184c9c\" data-element_type=\"widget\" data-settings=\"{&quot;ekit_we_effect_on&quot;:&quot;none&quot;}\" data-widget_type=\"text-editor.default\">\n\t\t\t\t<div class=\"elementor-widget-container\">\n\t\t\t\t\t\t\t<p>Det bedste tidspunkt at bes\u00f8ge amfiteatret er mellem november og marts. Hvis du kan bes\u00f8ge monumentet p\u00e5 hverdage, er det naturligvis bedre at undg\u00e5 den store tilstr\u00f8mning af turister. Det anbefales at tage til Roms mest popul\u00e6re attraktion i de tidlige morgentimer eller t\u00e6t p\u00e5 lukketid.<\/p>\t\t\t\t\t\t<\/div>\n\t\t\t\t<\/div>\n\t\t\t\t\t<\/div>\n\t\t<\/div>\n\t\t\t\t\t<\/div>\n\t\t<\/section>\n\t\t\t\t<\/div>","protected":false},"excerpt":{"rendered":"<p>Indgang til Colosseum Hvis det er dit f\u00f8rste bes\u00f8g i Colosseum, har du m\u00e5ske brug for disse enkle oplysninger. Hvor er indgangene til Colosseum? For at komme ind i den antikke arena kan du bruge en af tre indgange, afh\u00e6ngigt af hvilken type Colosseum-billet du har k\u00f8bt. Alle bes\u00f8gende skal k\u00f8be en billet [...].<\/p>","protected":false},"author":1,"featured_media":0,"parent":2357,"menu_order":7,"comment_status":"closed","ping_status":"closed","template":"","meta":{"site-sidebar-layout":"no-sidebar","site-content-layout":"page-builder","ast-site-content-layout":"full-width-container","site-content-style":"unboxed","site-sidebar-style":"unboxed","ast-global-header-display":"","ast-banner-title-visibility":"","ast-main-header-display":"","ast-hfb-above-header-display":"","ast-hfb-below-header-display":"","ast-hfb-mobile-header-display":"","site-post-title":"disabled","ast-breadcrumbs-content":"","ast-featured-img":"disabled","footer-sml-layout":"","ast-disable-related-posts":"","theme-transparent-header-meta":"default","adv-header-id-meta":"","stick-header-meta":"","header-above-stick-meta":"","header-main-stick-meta":"","header-below-stick-meta":"","astra-migrate-meta-layouts":"set","ast-page-background-enabled":"default","ast-page-background-meta":{"desktop":{"background-color":"var(--ast-global-color-4)","background-image":"","background-repeat":"repeat","background-position":"center center","background-size":"auto","background-attachment":"scroll","background-type":"","background-media":"","overlay-type":"","overlay-color":"","overlay-opacity":"","overlay-gradient":""},"tablet":{"background-color":"","background-image":"","background-repeat":"repeat","background-position":"center center","background-size":"auto","background-attachment":"scroll","background-type":"","background-media":"","overlay-type":"","overlay-color":"","overlay-opacity":"","overlay-gradient":""},"mobile":{"background-color":"","background-image":"","background-repeat":"repeat","background-position":"center center","background-size":"auto","background-attachment":"scroll","background-type":"","background-media":"","overlay-type":"","overlay-color":"","overlay-opacity":"","overlay-gradient":""}},"ast-content-background-meta":{"desktop":{"background-color":"var(--ast-global-color-5)","background-image":"","background-repeat":"repeat","background-position":"center center","background-size":"auto","background-attachment":"scroll","background-type":"","background-media":"","overlay-type":"","overlay-color":"","overlay-opacity":"","overlay-gradient":""},"tablet":{"background-color":"var(--ast-global-color-5)","background-image":"","background-repeat":"repeat","background-position":"center center","background-size":"auto","background-attachment":"scroll","background-type":"","background-media":"","overlay-type":"","overlay-color":"","overlay-opacity":"","overlay-gradient":""},"mobile":{"background-color":"var(--ast-global-color-5)","background-image":"","background-repeat":"repeat","background-position":"center center","background-size":"auto","background-attachment":"scroll","background-type":"","background-media":"","overlay-type":"","overlay-color":"","overlay-opacity":"","overlay-gradient":""}},"iawp_total_views":14330,"footnotes":""},"class_list":["post-523","page","type-page","status-publish","hentry"],"_links":{"self":[{"href":"https:\/\/colosseo-roma.it\/da\/wp-json\/wp\/v2\/pages\/523","targetHints":{"allow":["GET"]}}],"collection":[{"href":"https:\/\/colosseo-roma.it\/da\/wp-json\/wp\/v2\/pages"}],"about":[{"href":"https:\/\/colosseo-roma.it\/da\/wp-json\/wp\/v2\/types\/page"}],"author":[{"embeddable":true,"href":"https:\/\/colosseo-roma.it\/da\/wp-json\/wp\/v2\/users\/1"}],"replies":[{"embeddable":true,"href":"https:\/\/colosseo-roma.it\/da\/wp-json\/wp\/v2\/comments?post=523"}],"version-history":[{"count":0,"href":"https:\/\/colosseo-roma.it\/da\/wp-json\/wp\/v2\/pages\/523\/revisions"}],"up":[{"embeddable":true,"href":"https:\/\/colosseo-roma.it\/da\/wp-json\/wp\/v2\/pages\/2357"}],"wp:attachment":[{"href":"https:\/\/colosseo-roma.it\/da\/wp-json\/wp\/v2\/media?parent=523"}],"curies":[{"name":"wp","href":"https:\/\/api.w.org\/{rel}","templated":true}]}}