{"id":528,"date":"2023-03-28T09:17:41","date_gmt":"2023-03-28T08:17:41","guid":{"rendered":"https:\/\/wordpress-1074717-3818660.cloudwaysapps.com\/?page_id=528"},"modified":"2026-01-26T17:11:52","modified_gmt":"2026-01-26T16:11:52","slug":"colosseum","status":"publish","type":"page","link":"https:\/\/colosseo-roma.it\/da\/colosseums-arkaeologiske-park\/colosseum\/","title":{"rendered":"Colosseum"},"content":{"rendered":"<div data-elementor-type=\"wp-page\" data-elementor-id=\"528\" class=\"elementor elementor-528\" data-elementor-post-type=\"page\">\n\t\t\t\t\t\t<section class=\"elementor-section elementor-top-section elementor-element elementor-element-f7c0010 elementor-section-boxed elementor-section-height-default elementor-section-height-default\" data-id=\"f7c0010\" data-element_type=\"section\" data-settings=\"{&quot;jet_parallax_layout_list&quot;:[],&quot;ekit_has_onepagescroll_dot&quot;:&quot;yes&quot;}\">\n\t\t\t\t\t\t<div class=\"elementor-container elementor-column-gap-default\">\n\t\t\t\t\t<div class=\"elementor-column elementor-col-100 elementor-top-column elementor-element elementor-element-c1d5877\" data-id=\"c1d5877\" data-element_type=\"column\" data-settings=\"{&quot;background_background&quot;:&quot;classic&quot;}\">\n\t\t\t<div class=\"elementor-widget-wrap elementor-element-populated\">\n\t\t\t\t\t\t<div class=\"elementor-element elementor-element-2b03883 elementor-widget elementor-widget-heading\" data-id=\"2b03883\" data-element_type=\"widget\" data-settings=\"{&quot;ekit_we_effect_on&quot;:&quot;none&quot;}\" data-widget_type=\"heading.default\">\n\t\t\t\t<div class=\"elementor-widget-container\">\n\t\t\t<h1 class=\"elementor-heading-title elementor-size-default\">Colosseum<\/h1>\t\t<\/div>\n\t\t\t\t<\/div>\n\t\t\t\t<div class=\"elementor-element elementor-element-3c63e13 elementor-widget elementor-widget-text-editor\" data-id=\"3c63e13\" data-element_type=\"widget\" data-settings=\"{&quot;ekit_we_effect_on&quot;:&quot;none&quot;}\" data-widget_type=\"text-editor.default\">\n\t\t\t\t<div class=\"elementor-widget-container\">\n\t\t\t\t\t\t\t<p>Et bes\u00f8g i Colosseum er en unik og uforglemmelig oplevelse, som giver dig mulighed for at fordybe dig i historien og sk\u00f8nheden i et af verdens mest ikoniske monumenter.<\/p>\t\t\t\t\t\t<\/div>\n\t\t\t\t<\/div>\n\t\t\t\t<div class=\"elementor-element elementor-element-cbf735d elementor-widget elementor-widget-html\" data-id=\"cbf735d\" data-element_type=\"widget\" data-settings=\"{&quot;ekit_we_effect_on&quot;:&quot;none&quot;}\" data-widget_type=\"html.default\">\n\t\t\t\t<div class=\"elementor-widget-container\">\n\t\t\t<div data-tiqets-widget=\"discovery\" data-cards-layout=\"responsive\" data-content-type=\"product\" data-item_count=\"4\" data-destination-type=\"venue\" data-destination-id=\"145769\" data-partner=\"colosseo_roma\" data-tq-campaign=\"colosseo\"><\/div><script defer src=\"https:\/\/widgets.tiqets.com\/loader.js\"><\/script>\t\t<\/div>\n\t\t\t\t<\/div>\n\t\t\t\t<div class=\"elementor-element elementor-element-cf9137a elementor-widget elementor-widget-heading\" data-id=\"cf9137a\" data-element_type=\"widget\" data-settings=\"{&quot;ekit_we_effect_on&quot;:&quot;none&quot;}\" data-widget_type=\"heading.default\">\n\t\t\t\t<div class=\"elementor-widget-container\">\n\t\t\t<h3 class=\"elementor-heading-title elementor-size-default\">Det flaviske amfiteater<\/h3>\t\t<\/div>\n\t\t\t\t<\/div>\n\t\t\t\t<div class=\"elementor-element elementor-element-1fcfaad elementor-widget elementor-widget-text-editor\" data-id=\"1fcfaad\" data-element_type=\"widget\" data-settings=\"{&quot;ekit_we_effect_on&quot;:&quot;none&quot;}\" data-widget_type=\"text-editor.default\">\n\t\t\t\t<div class=\"elementor-widget-container\">\n\t\t\t\t\t\t\t<p>Det gamle flaviske amfiteater, der blev bygget i det 1. \u00e5rhundrede e.Kr. i Rom, blev omd\u00f8bt til 'Colosseum' i det 8. \u00e5rhundrede p\u00e5 grund af sin n\u00e6rhed til den Neroniske Kolos. Det nye navns etymologi har givet anledning til flere hypoteser: Nogle ser i betegnelsen \"Colosseum\" en henvisning til bygningens \"kolossale\" proportioner, mens andre henviser til n\u00e6rheden af Neros kolos og antyder, at folk ville sige \"ad Colossum eo\", dvs. \"jeg g\u00e5r til kolossen\". En anden teori g\u00e5r ud p\u00e5, at navnet stammer fra det antikke udtryk \"Collis Isei\", som betyder Isis-templet, der stod p\u00e5 den n\u00e6rliggende Colle Oppio.<\/p>\t\t\t\t\t\t<\/div>\n\t\t\t\t<\/div>\n\t\t\t\t<div class=\"elementor-element elementor-element-7b72c82 elementor-widget elementor-widget-heading\" data-id=\"7b72c82\" data-element_type=\"widget\" data-settings=\"{&quot;ekit_we_effect_on&quot;:&quot;none&quot;}\" data-widget_type=\"heading.default\">\n\t\t\t\t<div class=\"elementor-widget-container\">\n\t\t\t<h5 class=\"elementor-heading-title elementor-size-default\">Bes\u00f8g det flaviske amfiteater<\/h5>\t\t<\/div>\n\t\t\t\t<\/div>\n\t\t\t\t<div class=\"elementor-element elementor-element-7bf2ad0 elementor-widget elementor-widget-text-editor\" data-id=\"7bf2ad0\" data-element_type=\"widget\" data-settings=\"{&quot;ekit_we_effect_on&quot;:&quot;none&quot;}\" data-widget_type=\"text-editor.default\">\n\t\t\t\t<div class=\"elementor-widget-container\">\n\t\t\t\t\t\t\t<p>Colosseum i Rom er et romersk amfiteater, der blev bygget i det 1. \u00e5rhundrede e.Kr. og er et af de mest ber\u00f8mte og bes\u00f8gte monumenter i verden. Det er kendt som det flaviske amfiteater og er blevet optaget blandt verdens syv vidundere p\u00e5 grund af sin majest\u00e6t og historiske betydning. Colosseum er mest ber\u00f8mt for at v\u00e6re epicentret for det gamle Roms gladiatoropvisninger og kampe.<\/p>\t\t\t\t\t\t<\/div>\n\t\t\t\t<\/div>\n\t\t\t\t<div class=\"elementor-element elementor-element-02f550b elementor-widget elementor-widget-heading\" data-id=\"02f550b\" data-element_type=\"widget\" data-settings=\"{&quot;ekit_we_effect_on&quot;:&quot;none&quot;}\" data-widget_type=\"heading.default\">\n\t\t\t\t<div class=\"elementor-widget-container\">\n\t\t\t<h5 class=\"elementor-heading-title elementor-size-default\">Nyttige oplysninger til bes\u00f8g i Colosseum<\/h5>\t\t<\/div>\n\t\t\t\t<\/div>\n\t\t\t\t<div class=\"elementor-element elementor-element-4947f3a elementor-widget elementor-widget-text-editor\" data-id=\"4947f3a\" data-element_type=\"widget\" data-settings=\"{&quot;ekit_we_effect_on&quot;:&quot;none&quot;}\" data-widget_type=\"text-editor.default\">\n\t\t\t\t<div class=\"elementor-widget-container\">\n\t\t\t\t\t\t\t<p>Adgangsbilletter kan k\u00f8bes online eller p\u00e5 autoriserede salgssteder. Men vi anbefaler at k\u00f8be en organiseret tur online med en \"spring k\u00f8en over\"-billet for at undg\u00e5 lange k\u00f8er.<\/p><p>Den ark\u00e6ologiske park Colosseum er let tilg\u00e6ngelig fra byens centrum<\/p><ul><li>P\u00e5 g\u00e5ben fra Roms centrum<\/li><li>Bus<\/li><li>Metro<\/li><\/ul><p>De vigtigste attraktioner i Rom, som man kan n\u00e5 fra Colosseum, er<\/p><ul><li>Domus Aurea<\/li><li>Det palatinske romerske forum<\/li><\/ul>\t\t\t\t\t\t<\/div>\n\t\t\t\t<\/div>\n\t\t\t\t<div class=\"elementor-element elementor-element-f36208e elementor-widget elementor-widget-heading\" data-id=\"f36208e\" data-element_type=\"widget\" data-settings=\"{&quot;ekit_we_effect_on&quot;:&quot;none&quot;}\" data-widget_type=\"heading.default\">\n\t\t\t\t<div class=\"elementor-widget-container\">\n\t\t\t<h5 class=\"elementor-heading-title elementor-size-default\">Arkitekturen i det flaviske amfiteater<\/h5>\t\t<\/div>\n\t\t\t\t<\/div>\n\t\t\t\t<div class=\"elementor-element elementor-element-7eff0fc elementor-widget elementor-widget-text-editor\" data-id=\"7eff0fc\" data-element_type=\"widget\" data-settings=\"{&quot;ekit_we_effect_on&quot;:&quot;none&quot;}\" data-widget_type=\"text-editor.default\">\n\t\t\t\t<div class=\"elementor-widget-container\">\n\t\t\t\t\t\t\t<p>Colosseum i Rom er et af mesterv\u00e6rkerne i romersk arkitektur og et af de vigtigste vidnesbyrd om Romerrigets storhed. Colosseums komplekse system best\u00e5r af tre hovedniveauer, hver med en r\u00e6kke halvcirkelformede buer, som underst\u00f8ttes af s\u00f8jler og piller af travertinsten. Disse buer danner indre gallerier, hvor op til 50.000 mennesker kunne sidde. Colosseums dimensioner er forbl\u00f8ffende: Den ovale arena d\u00e6kker et omr\u00e5de p\u00e5 ca. 6.000 kvadratmeter, og h\u00f8jden n\u00e5r op p\u00e5 57 meter. Colosseums buer er omkring 30 meter h\u00f8je, og der er i alt 80 buer. Colosseums stueetage var reserveret til organisatoriske aktiviteter, mens de \u00f8verste etager rummede siddepladser til forsamlinger og offentlige fejringer af det romerske folk. Colosseums ydermur var meget dekoreret med talrige stenornamenter, buer, nicher og tilspidsede s\u00f8jler. P\u00e5 hver side af strukturen var der fire hovedindgange, hver med en s\u00f8jlehal, som f\u00f8rte til arenaens gallerier. Colosseums majest\u00e6t blev ogs\u00e5 muliggjort af brugen af talrige vandings- og dr\u00e6ningssystemer, som gjorde det muligt at organisere begivenheder indeni uden frygt for oversv\u00f8mmelser eller vandansamlinger. Alt i alt er Colosseums arkitektur enest\u00e5ende p\u00e5 grund af dens kombination af funktionalitet og sk\u00f8nhed, hvilket g\u00f8r det til en hidtil uset og stadig forbl\u00f8ffende struktur for bes\u00f8gende fra hele verden.<\/p>\t\t\t\t\t\t<\/div>\n\t\t\t\t<\/div>\n\t\t\t\t<div class=\"elementor-element elementor-element-056af37 elementor-widget elementor-widget-heading\" data-id=\"056af37\" data-element_type=\"widget\" data-settings=\"{&quot;ekit_we_effect_on&quot;:&quot;none&quot;}\" data-widget_type=\"heading.default\">\n\t\t\t\t<div class=\"elementor-widget-container\">\n\t\t\t<h5 class=\"elementor-heading-title elementor-size-default\">Historien om Colosseum<\/h5>\t\t<\/div>\n\t\t\t\t<\/div>\n\t\t\t\t<div class=\"elementor-element elementor-element-1c9abae elementor-widget elementor-widget-text-editor\" data-id=\"1c9abae\" data-element_type=\"widget\" data-settings=\"{&quot;ekit_we_effect_on&quot;:&quot;none&quot;}\" data-widget_type=\"text-editor.default\">\n\t\t\t\t<div class=\"elementor-widget-container\">\n\t\t\t\t\t\t\t<p>Byggeriet af Colosseum begyndte under kejser Vespasian i 72 e.Kr. og blev afsluttet under hans s\u00f8n Titus' regeringstid i 80 e.Kr. Opf\u00f8relsen var mulig takket v\u00e6re byreformen i Rom, som f\u00f8rte til, at Campus Martius blev indvundet, og at det store omr\u00e5de Colle Oppio blev skabt. Colosseum var oprindeligt kendt som det flaviske amfiteater til \u00e6re for det flaviske dynasti. Hovedform\u00e5let med Colosseum var at v\u00e6re v\u00e6rt for en lang r\u00e6kke offentlige forestillinger, is\u00e6r gladiatorkampe, jagter p\u00e5 vilde dyr og simulerede s\u00f8slag, takket v\u00e6re den innovative teknologi med en stor underjordisk cisterne, der kunne fyldes med vand. Colosseum blev hurtigt et af imperiets foretrukne underholdningssteder og blev ogs\u00e5 brugt ved offentlige festivaler og festligheder, som f.eks. fejringen af erobringen af Jerusalem i \u00e5r 70 e.Kr. P\u00e5 trods af sin historiske betydning gik Colosseum i middelalderen i glemmebogen og blev brugt som kilde til byggematerialer. I l\u00f8bet af \u00e5rhundrederne led strukturen stor skade, b\u00e5de fra jordsk\u00e6lv og fra nedbrydning p\u00e5 grund af tid og slitage ved brug.<\/p><p>I dag er Colosseum stadig et af de mest bes\u00f8gte monumenter i verden og et af de vigtigste symboler p\u00e5 Roms glorv\u00e6rdige fortid. Takket v\u00e6re vores historiske viden og teknologi er Colosseum blevet restaureret og bevaret for kommende generationer.<\/p>\t\t\t\t\t\t<\/div>\n\t\t\t\t<\/div>\n\t\t\t\t<div class=\"elementor-element elementor-element-b2c6de7 elementor-widget elementor-widget-heading\" data-id=\"b2c6de7\" data-element_type=\"widget\" data-settings=\"{&quot;ekit_we_effect_on&quot;:&quot;none&quot;}\" data-widget_type=\"heading.default\">\n\t\t\t\t<div class=\"elementor-widget-container\">\n\t\t\t<h5 class=\"elementor-heading-title elementor-size-default\">Terrassen ved det imponerende monument<\/h5>\t\t<\/div>\n\t\t\t\t<\/div>\n\t\t\t\t<div class=\"elementor-element elementor-element-602d3ae elementor-widget elementor-widget-text-editor\" data-id=\"602d3ae\" data-element_type=\"widget\" data-settings=\"{&quot;ekit_we_effect_on&quot;:&quot;none&quot;}\" data-widget_type=\"text-editor.default\">\n\t\t\t\t<div class=\"elementor-widget-container\">\n\t\t\t\t\t\t\t<p>Der var gratis adgang til Colosseum, og folk gik ind gennem 76 nummererede buer markeret med r\u00f8dt, hvoraf 29 stadig er synlige p\u00e5 den nordlige side. Vejledning for tilskuere var angivet p\u00e5 stierne inden for buerne og ogs\u00e5 p\u00e5 de kort, der blev uddelt til hvert husstandsoverhoved. Tildelingen af pladser fulgte et strengt hierarkisk kriterium: Den bedste udsigt var fra den kejserlige loge, der l\u00e5 ved den sydlige indgang p\u00e5 monumentets mindre akse. Senatorerne havde de bedste pladser n\u00e6r arenaen, efterfulgt af sektoren bagved, der var reserveret til ridderne, mens de to sektorer i maenianum secundum husede gradvist lavere sociale kategorier. De d\u00e5rligste pladser, hvad ang\u00e5r synlighed og nem adgang, var i maenianum summum, s\u00f8jlegangen, der kronede caveaen, udstyret med tr\u00e6s\u00e6der reserveret til plebejerne. Herfra kunne man f\u00e5 adgang til terrassen p\u00e5 det s\u00e5kaldte \"Belvedere\" p\u00e5 tredje niveau, hvorfra det nu er muligt at beundre caveaen fra forskellige h\u00f8jder i de \u00f8vre klasser, idet man kan n\u00e5 op til terrasserne p\u00e5 tredje, fjerde og femte niveau.<\/p>\t\t\t\t\t\t<\/div>\n\t\t\t\t<\/div>\n\t\t\t\t<div class=\"elementor-element elementor-element-2e7af6b elementor-widget elementor-widget-spacer\" data-id=\"2e7af6b\" data-element_type=\"widget\" data-settings=\"{&quot;ekit_we_effect_on&quot;:&quot;none&quot;}\" data-widget_type=\"spacer.default\">\n\t\t\t\t<div class=\"elementor-widget-container\">\n\t\t\t\t\t<div class=\"elementor-spacer\">\n\t\t\t<div class=\"elementor-spacer-inner\"><\/div>\n\t\t<\/div>\n\t\t\t\t<\/div>\n\t\t\t\t<\/div>\n\t\t\t\t<div class=\"elementor-element elementor-element-373d514 elementor-widget elementor-widget-heading\" data-id=\"373d514\" data-element_type=\"widget\" data-settings=\"{&quot;ekit_we_effect_on&quot;:&quot;none&quot;}\" data-widget_type=\"heading.default\">\n\t\t\t\t<div class=\"elementor-widget-container\">\n\t\t\t<h3 class=\"elementor-heading-title elementor-size-default\">Anmeldelser<\/h3>\t\t<\/div>\n\t\t\t\t<\/div>\n\t\t<div class=\"elementor-element elementor-element-75822e0 e-flex e-con-boxed e-con e-parent\" data-id=\"75822e0\" data-element_type=\"container\" data-settings=\"{&quot;jet_parallax_layout_list&quot;:[],&quot;ekit_has_onepagescroll_dot&quot;:&quot;yes&quot;}\">\n\t\t\t\t\t<div class=\"e-con-inner\">\n\t\t\t\t<div class=\"elementor-element elementor-element-1ebef0a elementor-widget elementor-widget-jet-carousel\" data-id=\"1ebef0a\" data-element_type=\"widget\" data-settings=\"{&quot;slides_to_show&quot;:&quot;3&quot;,&quot;slides_to_scroll&quot;:&quot;3&quot;,&quot;slides_to_show_tablet&quot;:&quot;2&quot;,&quot;slides_to_show_mobile&quot;:&quot;1&quot;,&quot;slides_to_scroll_tablet&quot;:&quot;2&quot;,&quot;slides_to_scroll_mobile&quot;:&quot;1&quot;,&quot;ekit_we_effect_on&quot;:&quot;none&quot;}\" data-widget_type=\"jet-carousel.default\">\n\t\t\t\t<div class=\"elementor-widget-container\">\n\t\t\t<div class=\"elementor-jet-carousel jet-elements\"><div class=\"jet-carousel-wrap jet-equal-cols\">\n\t<div class=\"jet-carousel\" data-slider_options=\"{&quot;autoplaySpeed&quot;:5000,&quot;autoplay&quot;:true,&quot;infinite&quot;:true,&quot;centerMode&quot;:false,&quot;centerPadding&quot;:&quot;50px&quot;,&quot;pauseOnHover&quot;:false,&quot;speed&quot;:500,&quot;arrows&quot;:true,&quot;dots&quot;:false,&quot;variableWidth&quot;:false,&quot;prevArrow&quot;:&quot;.jet-carousel__prev-arrow-1ebef0a&quot;,&quot;nextArrow&quot;:&quot;.jet-carousel__next-arrow-1ebef0a&quot;,&quot;rtl&quot;:false,&quot;fractionNav&quot;:false}\" dir=\"ltr\">\n\t<div class=\"elementor-slick-slider\">\n\n<div class=\"jet-carousel__item\">\n\t<div class=\"jet-carousel__item-inner\"><div class=\"jet-carousel__content\"><h5 class=\"jet-carousel__item-title\"><\/h5><div class=\"jet-carousel__item-text\"><p>Colosseum er et af de mest ikoniske steder i Den Evige Stad og i hele verden. Det antikke bygningsv\u00e6rks storsl\u00e5ethed er utrolig, og man kan ikke undg\u00e5 at f\u00f8le forundring og respekt, n\u00e5r man bes\u00f8ger det.<\/p><\/div><\/div><\/div>\n<\/div>\n\n<div class=\"jet-carousel__item\">\n\t<div class=\"jet-carousel__item-inner\"><div class=\"jet-carousel__content\"><h5 class=\"jet-carousel__item-title\"><\/h5><div class=\"jet-carousel__item-text\"><p>Et bes\u00f8g i Colosseum er en uforglemmelig oplevelse, som man ikke m\u00e5 g\u00e5 glip af, hvis man er i Rom. Arenaens majest\u00e6t og historien i hvert et hj\u00f8rne g\u00f8r den til et unikt sted i verden.<\/p><\/div><\/div><\/div>\n<\/div>\n\n<div class=\"jet-carousel__item\">\n\t<div class=\"jet-carousel__item-inner\"><div class=\"jet-carousel__content\"><h5 class=\"jet-carousel__item-title\"><\/h5><div class=\"jet-carousel__item-text\"><p>Colosseum er m\u00e5ske overfyldt med turister, men det er stadig et bes\u00f8g v\u00e6rd. Det er et arkitektonisk v\u00e6rk, der perfekt repr\u00e6senterer Romerrigets storhed og dets betydning i menneskehedens historie.<\/p><\/div><\/div><\/div>\n<\/div>\n\n<div class=\"jet-carousel__item\">\n\t<div class=\"jet-carousel__item-inner\"><div class=\"jet-carousel__content\"><h5 class=\"jet-carousel__item-title\"><\/h5><div class=\"jet-carousel__item-text\"><p>Et bes\u00f8g i Colosseum kr\u00e6ver lidt t\u00e5lmodighed, is\u00e6r hvis man vil undg\u00e5 k\u00f8erne for at komme ind. Men n\u00e5r man f\u00f8rst er inde, er arenaens sk\u00f8nhed og de gamle fresker, der udsmykker den, det hele v\u00e6rd.<\/p><\/div><\/div><\/div>\n<\/div>\n\n<div class=\"jet-carousel__item\">\n\t<div class=\"jet-carousel__item-inner\"><div class=\"jet-carousel__content\"><h5 class=\"jet-carousel__item-title\"><\/h5><div class=\"jet-carousel__item-text\"><p>Colosseum er et af de mest fotograferede steder i verden, og det er let at se hvorfor. Den imponerende struktur og den sl\u00e5ende udsigt over Rom g\u00f8r det til et must-see for fotoentusiaster.<\/p><\/div><\/div><\/div>\n<\/div>\n\n<div class=\"jet-carousel__item\">\n\t<div class=\"jet-carousel__item-inner\"><div class=\"jet-carousel__content\"><h5 class=\"jet-carousel__item-title\"><\/h5><div class=\"jet-carousel__item-text\"><p>Hvis du ikke er bekendt med de historiske detaljer om Colosseum, kan du tage med p\u00e5 en guidet tur for at l\u00e6re mere om dets historie og de kuriositeter, der omgiver det.<\/p><\/div><\/div><\/div>\n<\/div>\n\n<div class=\"jet-carousel__item\">\n\t<div class=\"jet-carousel__item-inner\"><div class=\"jet-carousel__content\"><h5 class=\"jet-carousel__item-title\"><\/h5><div class=\"jet-carousel__item-text\"><p>Colosseum er et sted, der aldrig holder op med at overraske og fascinere, selv efter mange bes\u00f8g. Dets storhed og tegnene p\u00e5 dets gamle storhed er stadig meget tydelige.<\/p><\/div><\/div><\/div>\n<\/div>\n\n<div class=\"jet-carousel__item\">\n\t<div class=\"jet-carousel__item-inner\"><div class=\"jet-carousel__content\"><h5 class=\"jet-carousel__item-title\"><\/h5><div class=\"jet-carousel__item-text\"><p>Colosseum er et ikonisk symbol p\u00e5 byen Rom og hele landet. Alle italienere b\u00f8r bes\u00f8ge det mindst \u00e9n gang i deres liv for at v\u00e6rds\u00e6tte dets sk\u00f8nhed og majest\u00e6tiske arkitektur.<\/p><\/div><\/div><\/div>\n<\/div>\n\n<div class=\"jet-carousel__item\">\n\t<div class=\"jet-carousel__item-inner\"><div class=\"jet-carousel__content\"><h5 class=\"jet-carousel__item-title\"><\/h5><div class=\"jet-carousel__item-text\"><p>Trods alt synes Colosseum stadig at st\u00e5 med sin styrke og robusthed p\u00e5 trods af den tid, der er g\u00e5et. Det er et evigt symbol p\u00e5 menneskehedens storhed og dens vilje til at bygge uudslettelige monumenter.<\/p><\/div><\/div><\/div>\n<\/div>\n\n<div class=\"jet-carousel__item\">\n\t<div class=\"jet-carousel__item-inner\"><div class=\"jet-carousel__content\"><h5 class=\"jet-carousel__item-title\"><\/h5><div class=\"jet-carousel__item-text\"><p>Et bes\u00f8g i Colosseum er nok et af de mest sp\u00e6ndende \u00f8jeblikke, man kan opleve i Rom. At se arenaen og forestille sig de kampe, der fandt sted der for \u00e5rhundreder siden, er en oplevelse, der ikke kan gentages.<\/p><\/div><\/div><\/div>\n<\/div>\n<\/div><div class=\"jet-carousel__prev-arrow-1ebef0a jet-arrow prev-arrow\"><i aria-hidden=\"true\" class=\"fal fa-chevron-left\"><\/i><\/div><div class=\"jet-carousel__next-arrow-1ebef0a jet-arrow next-arrow\"><i aria-hidden=\"true\" class=\"fal fa-chevron-right\"><\/i><\/div><\/div>\n<\/div>\n<\/div>\t\t<\/div>\n\t\t\t\t<\/div>\n\t\t\t\t\t<\/div>\n\t\t\t\t<\/div>\n\t\t\t\t\t<\/div>\n\t\t<\/div>\n\t\t\t\t\t<\/div>\n\t\t<\/section>\n\t\t\t\t<\/div>","protected":false},"excerpt":{"rendered":"<p>Colosseum Et bes\u00f8g i Colosseum er en unik og uforglemmelig oplevelse, der giver dig mulighed for at fordybe dig i historien og sk\u00f8nheden ved et af verdens mest ikoniske monumenter. Det flaviske amfiteater Det flaviske amfiteater, der blev bygget i det 1. \u00e5rhundrede e.Kr. i Rom, blev omd\u00f8bt til \"Colosseum\" i det 8. \u00e5rhundrede p\u00e5 grund af sin n\u00e6rhed til den neroniske kolos. Etymologien af [...]<\/p>","protected":false},"author":1,"featured_media":0,"parent":526,"menu_order":0,"comment_status":"closed","ping_status":"closed","template":"","meta":{"site-sidebar-layout":"no-sidebar","site-content-layout":"page-builder","ast-site-content-layout":"full-width-container","site-content-style":"unboxed","site-sidebar-style":"unboxed","ast-global-header-display":"","ast-banner-title-visibility":"","ast-main-header-display":"","ast-hfb-above-header-display":"","ast-hfb-below-header-display":"","ast-hfb-mobile-header-display":"","site-post-title":"disabled","ast-breadcrumbs-content":"","ast-featured-img":"disabled","footer-sml-layout":"","ast-disable-related-posts":"","theme-transparent-header-meta":"default","adv-header-id-meta":"","stick-header-meta":"","header-above-stick-meta":"","header-main-stick-meta":"","header-below-stick-meta":"","astra-migrate-meta-layouts":"set","ast-page-background-enabled":"default","ast-page-background-meta":{"desktop":{"background-color":"var(--ast-global-color-4)","background-image":"","background-repeat":"repeat","background-position":"center center","background-size":"auto","background-attachment":"scroll","background-type":"","background-media":"","overlay-type":"","overlay-color":"","overlay-opacity":"","overlay-gradient":""},"tablet":{"background-color":"","background-image":"","background-repeat":"repeat","background-position":"center center","background-size":"auto","background-attachment":"scroll","background-type":"","background-media":"","overlay-type":"","overlay-color":"","overlay-opacity":"","overlay-gradient":""},"mobile":{"background-color":"","background-image":"","background-repeat":"repeat","background-position":"center center","background-size":"auto","background-attachment":"scroll","background-type":"","background-media":"","overlay-type":"","overlay-color":"","overlay-opacity":"","overlay-gradient":""}},"ast-content-background-meta":{"desktop":{"background-color":"var(--ast-global-color-5)","background-image":"","background-repeat":"repeat","background-position":"center center","background-size":"auto","background-attachment":"scroll","background-type":"","background-media":"","overlay-type":"","overlay-color":"","overlay-opacity":"","overlay-gradient":""},"tablet":{"background-color":"var(--ast-global-color-5)","background-image":"","background-repeat":"repeat","background-position":"center center","background-size":"auto","background-attachment":"scroll","background-type":"","background-media":"","overlay-type":"","overlay-color":"","overlay-opacity":"","overlay-gradient":""},"mobile":{"background-color":"var(--ast-global-color-5)","background-image":"","background-repeat":"repeat","background-position":"center center","background-size":"auto","background-attachment":"scroll","background-type":"","background-media":"","overlay-type":"","overlay-color":"","overlay-opacity":"","overlay-gradient":""}},"iawp_total_views":6410,"footnotes":""},"class_list":["post-528","page","type-page","status-publish","hentry"],"_links":{"self":[{"href":"https:\/\/colosseo-roma.it\/da\/wp-json\/wp\/v2\/pages\/528","targetHints":{"allow":["GET"]}}],"collection":[{"href":"https:\/\/colosseo-roma.it\/da\/wp-json\/wp\/v2\/pages"}],"about":[{"href":"https:\/\/colosseo-roma.it\/da\/wp-json\/wp\/v2\/types\/page"}],"author":[{"embeddable":true,"href":"https:\/\/colosseo-roma.it\/da\/wp-json\/wp\/v2\/users\/1"}],"replies":[{"embeddable":true,"href":"https:\/\/colosseo-roma.it\/da\/wp-json\/wp\/v2\/comments?post=528"}],"version-history":[{"count":0,"href":"https:\/\/colosseo-roma.it\/da\/wp-json\/wp\/v2\/pages\/528\/revisions"}],"up":[{"embeddable":true,"href":"https:\/\/colosseo-roma.it\/da\/wp-json\/wp\/v2\/pages\/526"}],"wp:attachment":[{"href":"https:\/\/colosseo-roma.it\/da\/wp-json\/wp\/v2\/media?parent=528"}],"curies":[{"name":"wp","href":"https:\/\/api.w.org\/{rel}","templated":true}]}}