{"id":536,"date":"2023-03-28T09:18:11","date_gmt":"2023-03-28T08:18:11","guid":{"rendered":"https:\/\/wordpress-1074717-3818660.cloudwaysapps.com\/?page_id=536"},"modified":"2026-01-26T17:11:37","modified_gmt":"2026-01-26T16:11:37","slug":"arena-2","status":"publish","type":"page","link":"https:\/\/colosseo-roma.it\/da\/colosseums-arkaeologiske-park\/colosseum\/arena-2\/","title":{"rendered":"Arena"},"content":{"rendered":"<div data-elementor-type=\"wp-page\" data-elementor-id=\"536\" class=\"elementor elementor-536\" data-elementor-post-type=\"page\">\n\t\t\t\t\t\t<section class=\"elementor-section elementor-top-section elementor-element elementor-element-08eec93 elementor-section-boxed elementor-section-height-default elementor-section-height-default\" data-id=\"08eec93\" data-element_type=\"section\" data-settings=\"{&quot;jet_parallax_layout_list&quot;:[],&quot;ekit_has_onepagescroll_dot&quot;:&quot;yes&quot;}\">\n\t\t\t\t\t\t<div class=\"elementor-container elementor-column-gap-default\">\n\t\t\t\t\t<div class=\"elementor-column elementor-col-100 elementor-top-column elementor-element elementor-element-d4070b0\" data-id=\"d4070b0\" data-element_type=\"column\" data-settings=\"{&quot;background_background&quot;:&quot;classic&quot;}\">\n\t\t\t<div class=\"elementor-widget-wrap elementor-element-populated\">\n\t\t\t\t\t\t<div class=\"elementor-element elementor-element-5374739 elementor-widget elementor-widget-heading\" data-id=\"5374739\" data-element_type=\"widget\" data-settings=\"{&quot;ekit_we_effect_on&quot;:&quot;none&quot;}\" data-widget_type=\"heading.default\">\n\t\t\t\t<div class=\"elementor-widget-container\">\n\t\t\t<h1 class=\"elementor-heading-title elementor-size-default\">Colosseum Arena<\/h1>\t\t<\/div>\n\t\t\t\t<\/div>\n\t\t\t\t<div class=\"elementor-element elementor-element-26d4e55 elementor-widget elementor-widget-heading\" data-id=\"26d4e55\" data-element_type=\"widget\" data-settings=\"{&quot;ekit_we_effect_on&quot;:&quot;none&quot;}\" data-widget_type=\"heading.default\">\n\t\t\t\t<div class=\"elementor-widget-container\">\n\t\t\t<h4 class=\"elementor-heading-title elementor-size-default\">Colosseum Arena <\/h4>\t\t<\/div>\n\t\t\t\t<\/div>\n\t\t\t\t<div class=\"elementor-element elementor-element-c399692 elementor-widget elementor-widget-text-editor\" data-id=\"c399692\" data-element_type=\"widget\" data-settings=\"{&quot;ekit_we_effect_on&quot;:&quot;none&quot;}\" data-widget_type=\"text-editor.default\">\n\t\t\t\t<div class=\"elementor-widget-container\">\n\t\t\t\t\t\t\t<p>Bygningen har en elliptisk plan og en tredobbelt s\u00f8jlegang med 80 travertinbuer p\u00e5 ydersiden, dekoreret med halvs\u00f8jler i dorisk-toscansk stil p\u00e5 det nederste niveau, jonisk stil p\u00e5 det andet niveau og korintisk stil p\u00e5 det tredje. Loftet er udsmykket med s\u00f8jler i kompositstil og har huller fra de st\u00e6nger, der bar det store forh\u00e6ng (velum), som blev brugt til at beskytte tilskuerne mod sol og regn. Selve loftet var udsmykket med 40 bronzeskjolde, symboler p\u00e5 Roms milit\u00e6re sejre over fjendernes skjolde.<\/p><p>Colosseum er 189 meter langt og 156 meter bredt med en 48 meter h\u00f8j facade. Den centrale arena er en oval med en 86 meter lang hovedakse, som er omgivet af en 4,5 meter h\u00f8j mur, der n\u00e5r op til de f\u00f8rste trin.<\/p><p>Strukturen blev bygget af en r\u00e6kke forskellige materialer, herunder tuf og travertin, der is\u00e6r blev brugt til facaden. De huller, der er synlige p\u00e5 facaden, blev hovedsageligt boret i middelalderen for at f\u00e5 fat i de metalplader, der forbandt stenblokkene.<\/p><p>Arkaderne i stueetagen gav publikum adgang til trapperne op til tribunerne. Over buerne angiver romertal de forskellige omr\u00e5der i auditoriet. Buerne p\u00e5 de to f\u00f8rste niveauer var udsmykket med 160 5 meter h\u00f8je bronzestatuer, som forestillede guder og mytologiske figurer. De fire hovedindgange, som ikke var nummererede, var forbeholdt privilegerede kategorier som dommere eller religi\u00f8se mennesker. Den nordlige port f\u00f8rte til den kejserlige tribune.<\/p><p>I den centrale del af amfiteatret ligger de underjordiske haller, som oprindeligt var d\u00e6kket af tr\u00e6plader, der udgjorde arenaens overflade. Her var der maskiner, bure til dyr, opbevaringsrum og andre faciliteter. Fire korridorer, der ligger under hovedindgangene, forbandt k\u00e6ldrene med det fri. En af dem f\u00f8rte til Ludus Magnus, gladiatorernes kaserne.<\/p><p>Forestillingerne var gratis, og pladserne blev fordelt efter social klasse. De nederste pladser var forbeholdt senatorer eller gejstlige. Blandt navnene p\u00e5 listen er 195 senatorer fra Odoacers tid (476-483).<\/p><p>\u00a0<\/p>\t\t\t\t\t\t<\/div>\n\t\t\t\t<\/div>\n\t\t\t\t\t<\/div>\n\t\t<\/div>\n\t\t\t\t\t<\/div>\n\t\t<\/section>\n\t\t\t\t<\/div>","protected":false},"excerpt":{"rendered":"<p>Colosseum Arena Colosseum Arena er kendetegnet ved en elliptisk plan og har en tredobbelt s\u00f8jlegang med 80 travertinbuer p\u00e5 ydersiden, dekoreret med halvs\u00f8jler i dorisk-toscansk stil p\u00e5 det nederste niveau, jonisk stil p\u00e5 det andet niveau og korintisk stil p\u00e5 det tredje. Loftet er prydet med s\u00f8jler i en sammensat stil og har [...].<\/p>","protected":false},"author":1,"featured_media":0,"parent":528,"menu_order":1,"comment_status":"closed","ping_status":"closed","template":"","meta":{"site-sidebar-layout":"no-sidebar","site-content-layout":"page-builder","ast-site-content-layout":"full-width-container","site-content-style":"unboxed","site-sidebar-style":"unboxed","ast-global-header-display":"","ast-banner-title-visibility":"","ast-main-header-display":"","ast-hfb-above-header-display":"","ast-hfb-below-header-display":"","ast-hfb-mobile-header-display":"","site-post-title":"disabled","ast-breadcrumbs-content":"","ast-featured-img":"disabled","footer-sml-layout":"","ast-disable-related-posts":"","theme-transparent-header-meta":"default","adv-header-id-meta":"","stick-header-meta":"","header-above-stick-meta":"","header-main-stick-meta":"","header-below-stick-meta":"","astra-migrate-meta-layouts":"set","ast-page-background-enabled":"default","ast-page-background-meta":{"desktop":{"background-color":"var(--ast-global-color-4)","background-image":"","background-repeat":"repeat","background-position":"center center","background-size":"auto","background-attachment":"scroll","background-type":"","background-media":"","overlay-type":"","overlay-color":"","overlay-opacity":"","overlay-gradient":""},"tablet":{"background-color":"","background-image":"","background-repeat":"repeat","background-position":"center center","background-size":"auto","background-attachment":"scroll","background-type":"","background-media":"","overlay-type":"","overlay-color":"","overlay-opacity":"","overlay-gradient":""},"mobile":{"background-color":"","background-image":"","background-repeat":"repeat","background-position":"center center","background-size":"auto","background-attachment":"scroll","background-type":"","background-media":"","overlay-type":"","overlay-color":"","overlay-opacity":"","overlay-gradient":""}},"ast-content-background-meta":{"desktop":{"background-color":"var(--ast-global-color-5)","background-image":"","background-repeat":"repeat","background-position":"center center","background-size":"auto","background-attachment":"scroll","background-type":"","background-media":"","overlay-type":"","overlay-color":"","overlay-opacity":"","overlay-gradient":""},"tablet":{"background-color":"var(--ast-global-color-5)","background-image":"","background-repeat":"repeat","background-position":"center center","background-size":"auto","background-attachment":"scroll","background-type":"","background-media":"","overlay-type":"","overlay-color":"","overlay-opacity":"","overlay-gradient":""},"mobile":{"background-color":"var(--ast-global-color-5)","background-image":"","background-repeat":"repeat","background-position":"center center","background-size":"auto","background-attachment":"scroll","background-type":"","background-media":"","overlay-type":"","overlay-color":"","overlay-opacity":"","overlay-gradient":""}},"iawp_total_views":1374,"footnotes":""},"class_list":["post-536","page","type-page","status-publish","hentry"],"_links":{"self":[{"href":"https:\/\/colosseo-roma.it\/da\/wp-json\/wp\/v2\/pages\/536","targetHints":{"allow":["GET"]}}],"collection":[{"href":"https:\/\/colosseo-roma.it\/da\/wp-json\/wp\/v2\/pages"}],"about":[{"href":"https:\/\/colosseo-roma.it\/da\/wp-json\/wp\/v2\/types\/page"}],"author":[{"embeddable":true,"href":"https:\/\/colosseo-roma.it\/da\/wp-json\/wp\/v2\/users\/1"}],"replies":[{"embeddable":true,"href":"https:\/\/colosseo-roma.it\/da\/wp-json\/wp\/v2\/comments?post=536"}],"version-history":[{"count":0,"href":"https:\/\/colosseo-roma.it\/da\/wp-json\/wp\/v2\/pages\/536\/revisions"}],"up":[{"embeddable":true,"href":"https:\/\/colosseo-roma.it\/da\/wp-json\/wp\/v2\/pages\/528"}],"wp:attachment":[{"href":"https:\/\/colosseo-roma.it\/da\/wp-json\/wp\/v2\/media?parent=536"}],"curies":[{"name":"wp","href":"https:\/\/api.w.org\/{rel}","templated":true}]}}