{"id":538,"date":"2023-03-28T09:18:33","date_gmt":"2023-03-28T08:18:33","guid":{"rendered":"https:\/\/wordpress-1074717-3818660.cloudwaysapps.com\/?page_id=538"},"modified":"2023-03-31T22:37:11","modified_gmt":"2023-03-31T21:37:11","slug":"colosseum-museum","status":"publish","type":"page","link":"https:\/\/colosseo-roma.it\/da\/colosseums-arkaeologiske-park\/colosseum\/colosseum-museum\/","title":{"rendered":"Colosseum Museum"},"content":{"rendered":"<div data-elementor-type=\"wp-page\" data-elementor-id=\"538\" class=\"elementor elementor-538\" data-elementor-post-type=\"page\">\n\t\t\t\t\t\t<section class=\"elementor-section elementor-top-section elementor-element elementor-element-226a65a elementor-section-boxed elementor-section-height-default elementor-section-height-default\" data-id=\"226a65a\" data-element_type=\"section\" data-settings=\"{&quot;jet_parallax_layout_list&quot;:[],&quot;ekit_has_onepagescroll_dot&quot;:&quot;yes&quot;}\">\n\t\t\t\t\t\t<div class=\"elementor-container elementor-column-gap-default\">\n\t\t\t\t\t<div class=\"elementor-column elementor-col-100 elementor-top-column elementor-element elementor-element-7fe7b2d\" data-id=\"7fe7b2d\" data-element_type=\"column\">\n\t\t\t<div class=\"elementor-widget-wrap elementor-element-populated\">\n\t\t\t\t\t\t<div class=\"elementor-element elementor-element-730ea5d elementor-widget elementor-widget-heading\" data-id=\"730ea5d\" data-element_type=\"widget\" data-settings=\"{&quot;ekit_we_effect_on&quot;:&quot;none&quot;}\" data-widget_type=\"heading.default\">\n\t\t\t\t<div class=\"elementor-widget-container\">\n\t\t\t<h1 class=\"elementor-heading-title elementor-size-default\">Det palatinske museum<\/h1>\t\t<\/div>\n\t\t\t\t<\/div>\n\t\t\t\t<div class=\"elementor-element elementor-element-3566507 elementor-widget elementor-widget-heading\" data-id=\"3566507\" data-element_type=\"widget\" data-settings=\"{&quot;ekit_we_effect_on&quot;:&quot;none&quot;}\" data-widget_type=\"heading.default\">\n\t\t\t\t<div class=\"elementor-widget-container\">\n\t\t\t<h5 class=\"elementor-heading-title elementor-size-default\">Bes\u00f8g Colosseum-museet<\/h5>\t\t<\/div>\n\t\t\t\t<\/div>\n\t\t\t\t<div class=\"elementor-element elementor-element-d56a64d elementor-widget elementor-widget-heading\" data-id=\"d56a64d\" data-element_type=\"widget\" data-settings=\"{&quot;ekit_we_effect_on&quot;:&quot;none&quot;}\" data-widget_type=\"heading.default\">\n\t\t\t\t<div class=\"elementor-widget-container\">\n\t\t\t<h5 class=\"elementor-heading-title elementor-size-default\">K\u00f8b din billet og f\u00e5 en rundvisning <\/h5>\t\t<\/div>\n\t\t\t\t<\/div>\n\t\t\t\t<div class=\"elementor-element elementor-element-a1a62c5 elementor-widget elementor-widget-html\" data-id=\"a1a62c5\" data-element_type=\"widget\" data-settings=\"{&quot;ekit_we_effect_on&quot;:&quot;none&quot;}\" data-widget_type=\"html.default\">\n\t\t\t\t<div class=\"elementor-widget-container\">\n\t\t\t<div data-gyg-href=\"https:\/\/widget.getyourguide.com\/default\/activities.frame\" data-gyg-locale-code=\"it-IT\" data-gyg-widget=\"activities\" data-gyg-number-of-items=\"3\" data-gyg-partner-id=\"D5VYVWQ\" data-gyg-tour-ids=\"183746,408602,225249\"><\/div>\t\t<\/div>\n\t\t\t\t<\/div>\n\t\t\t\t<div class=\"elementor-element elementor-element-21f6686 elementor-widget elementor-widget-heading\" data-id=\"21f6686\" data-element_type=\"widget\" data-settings=\"{&quot;ekit_we_effect_on&quot;:&quot;none&quot;}\" data-widget_type=\"heading.default\">\n\t\t\t\t<div class=\"elementor-widget-container\">\n\t\t\t<h5 class=\"elementor-heading-title elementor-size-default\">Museet for det flaviske amfiteater<\/h5>\t\t<\/div>\n\t\t\t\t<\/div>\n\t\t\t\t<div class=\"elementor-element elementor-element-bccb85f elementor-widget elementor-widget-text-editor\" data-id=\"bccb85f\" data-element_type=\"widget\" data-settings=\"{&quot;ekit_we_effect_on&quot;:&quot;none&quot;}\" data-widget_type=\"text-editor.default\">\n\t\t\t\t<div class=\"elementor-widget-container\">\n\t\t\t\t\t\t\t<p>Colosseum-museet, der ligger p\u00e5 anden etage i amfiteatret, udg\u00f8r en tematisk rute i udstillingsomr\u00e5det. Veldesignet skiltning viser de vigtigste ruter, s\u00e5 man f\u00e5r mest muligt ud af bes\u00f8get.<\/p><p>De seneste \u00e5rs ark\u00e6ologiske forskning har sammen med de seneste udstillinger og de trykte publikationer, som de er blevet indarbejdet i, givet eksperter en st\u00f8rre forst\u00e5else af Colosseums lange liv, dets genanvendelse og endda dets ideologiske betydninger. Museets udstilling samler de mest bem\u00e6rkelsesv\u00e6rdige v\u00e6rker fra bygningen og udgravningerne, organiseret p\u00e5 en s\u00e5dan m\u00e5de, at de illustrerer de vigtigste aspekter af monumentet gennem hypertekstuelle og hypermediale udvidelser.<\/p><p>Den f\u00f8rste sektion er museets udgangspunkt og er baseret p\u00e5 arkitekturen i det store antiteater med udstillingsgenstande som kapit\u00e6ler og fragmenter af transennaer og den imponerende rekonstruktion af vomitoria. I dette afsnit fremh\u00e6ves monumentets styrke som arkitekturmodel gennem \u00e5rhundrederne. En signatur efterladt af Hubert Robert p\u00e5 Colosseums \"levende k\u00f8d\" er et klart kunstnerisk eksempel p\u00e5 eksistentiel identifikation med bygningen. Malerierne, der er gengivet i de forklarende paneler, viser trofast de forskellige former for brug af stueetagen p\u00e5 en m\u00e5de, der allerede var fremherskende i den sene middelalder.<\/p><p>Det andet afsnit illustrerer amfiteatrets funktion og det daglige liv i det ved hj\u00e6lp af plastikmodeller og udstillinger. Derudover pr\u00e6senteres graffiti, mosaikker og relieffer, der beskriver gladiatorernes erhverv og emner for venationes.<\/p><p>Den tredje sektion er dedikeret til tilskuerne med senatorial loca, hvis inskriptioner viser en opdeling af s\u00e6derne p\u00e5 de forskellige niveauer. En r\u00e6kke udstillede kugler beskriver monumentets skulpturelle apparat, herunder deres oprindelige placering, hvis den kendes.<\/p><p>Den f\u00f8lgende fjerdedel fokuserer p\u00e5 den ideologiske genanvendelse af monumentet, der blev omdannet til et symbol p\u00e5 det nye imperium i l\u00f8bet af imperiets \u00e5r. Afsnittet f\u00f8lger derefter med en illustration af Colosseums middelalder, dets \"kristning\" og, som en modpol, fremkaldelsen af et \"magisk\" og d\u00e6monisk Colosseum.<\/p><p>Udstillingen i Colosseum-museet slutter med afsnittet om den \"filologiske\" rekonstruktion af Lucangelis model og de \"gr\u00f8nne buer\" af romantiske udsigter og skrifter fra Grand Tour.<\/p>\t\t\t\t\t\t<\/div>\n\t\t\t\t<\/div>\n\t\t\t\t<div class=\"elementor-element elementor-element-33084a0 elementor-widget elementor-widget-heading\" data-id=\"33084a0\" data-element_type=\"widget\" data-settings=\"{&quot;ekit_we_effect_on&quot;:&quot;none&quot;}\" data-widget_type=\"heading.default\">\n\t\t\t\t<div class=\"elementor-widget-container\">\n\t\t\t<h5 class=\"elementor-heading-title elementor-size-default\">\u00c5bningstider<\/h5>\t\t<\/div>\n\t\t\t\t<\/div>\n\t\t\t\t<div class=\"elementor-element elementor-element-41630b5 elementor-widget elementor-widget-text-editor\" data-id=\"41630b5\" data-element_type=\"widget\" data-settings=\"{&quot;ekit_we_effect_on&quot;:&quot;none&quot;}\" data-widget_type=\"text-editor.default\">\n\t\t\t\t<div class=\"elementor-widget-container\">\n\t\t\t\t\t\t\t<p>Museet er \u00e5bent dagligt, mandag til s\u00f8ndag, fra kl. 9.00 til 16.30.<\/p><p>Sidste bes\u00f8g er en time f\u00f8r lukketid.\u00a0<\/p><p>\u00a0<\/p><p>\u00a0<\/p><p>\u00a0<\/p><p>\u00a0<\/p>\t\t\t\t\t\t<\/div>\n\t\t\t\t<\/div>\n\t\t\t\t<div class=\"elementor-element elementor-element-5a13300 elementor-widget elementor-widget-heading\" data-id=\"5a13300\" data-element_type=\"widget\" data-settings=\"{&quot;ekit_we_effect_on&quot;:&quot;none&quot;}\" data-widget_type=\"heading.default\">\n\t\t\t\t<div class=\"elementor-widget-container\">\n\t\t\t<h5 class=\"elementor-heading-title elementor-size-default\">S\u00e5dan kommer du til Flavian Amphitheatre Museum<\/h5>\t\t<\/div>\n\t\t\t\t<\/div>\n\t\t\t\t<div class=\"elementor-element elementor-element-b392f7f elementor-widget elementor-widget-text-editor\" data-id=\"b392f7f\" data-element_type=\"widget\" data-settings=\"{&quot;ekit_we_effect_on&quot;:&quot;none&quot;}\" data-widget_type=\"text-editor.default\">\n\t\t\t\t<div class=\"elementor-widget-container\">\n\t\t\t\t\t\t\t<p>Metro: Linje B stop Colosseo<\/p><p>Busser: Nr. 75, 81, 87, 673, 175, 204<\/p><p>Sporvogn: Nr. 3<\/p>\t\t\t\t\t\t<\/div>\n\t\t\t\t<\/div>\n\t\t\t\t<div class=\"elementor-element elementor-element-35c1500 elementor-widget elementor-widget-heading\" data-id=\"35c1500\" data-element_type=\"widget\" data-settings=\"{&quot;ekit_we_effect_on&quot;:&quot;none&quot;}\" data-widget_type=\"heading.default\">\n\t\t\t\t<div class=\"elementor-widget-container\">\n\t\t\t<h5 class=\"elementor-heading-title elementor-size-default\">L\u00e6s ogs\u00e5 Roman Palatine Forum og Domus Aurea<\/h5>\t\t<\/div>\n\t\t\t\t<\/div>\n\t\t\t\t\t<\/div>\n\t\t<\/div>\n\t\t\t\t\t<\/div>\n\t\t<\/section>\n\t\t\t\t<\/div>","protected":false},"excerpt":{"rendered":"<p>Palatin-museet Bes\u00f8g Colosseum-museet K\u00f8b billet og rundvisning Det flaviske amfiteaters museum Colosseum-museet, der ligger p\u00e5 anden etage i amfiteatret, udg\u00f8r en tematisk rute i udstillingsomr\u00e5det. Godt designet skiltning identificerer de mest betydningsfulde ruter for at f\u00e5 mest muligt ud af bes\u00f8get. Den ark\u00e6ologiske forskning i de sidste [...]<\/p>","protected":false},"author":1,"featured_media":0,"parent":528,"menu_order":5,"comment_status":"closed","ping_status":"closed","template":"","meta":{"site-sidebar-layout":"no-sidebar","site-content-layout":"page-builder","ast-site-content-layout":"default","site-content-style":"default","site-sidebar-style":"default","ast-global-header-display":"","ast-banner-title-visibility":"","ast-main-header-display":"","ast-hfb-above-header-display":"","ast-hfb-below-header-display":"","ast-hfb-mobile-header-display":"","site-post-title":"disabled","ast-breadcrumbs-content":"","ast-featured-img":"disabled","footer-sml-layout":"","ast-disable-related-posts":"","theme-transparent-header-meta":"default","adv-header-id-meta":"","stick-header-meta":"","header-above-stick-meta":"","header-main-stick-meta":"","header-below-stick-meta":"","astra-migrate-meta-layouts":"default","ast-page-background-enabled":"default","ast-page-background-meta":{"desktop":{"background-color":"var(--ast-global-color-4)","background-image":"","background-repeat":"repeat","background-position":"center center","background-size":"auto","background-attachment":"scroll","background-type":"","background-media":"","overlay-type":"","overlay-color":"","overlay-opacity":"","overlay-gradient":""},"tablet":{"background-color":"","background-image":"","background-repeat":"repeat","background-position":"center center","background-size":"auto","background-attachment":"scroll","background-type":"","background-media":"","overlay-type":"","overlay-color":"","overlay-opacity":"","overlay-gradient":""},"mobile":{"background-color":"","background-image":"","background-repeat":"repeat","background-position":"center center","background-size":"auto","background-attachment":"scroll","background-type":"","background-media":"","overlay-type":"","overlay-color":"","overlay-opacity":"","overlay-gradient":""}},"ast-content-background-meta":{"desktop":{"background-color":"var(--ast-global-color-5)","background-image":"","background-repeat":"repeat","background-position":"center center","background-size":"auto","background-attachment":"scroll","background-type":"","background-media":"","overlay-type":"","overlay-color":"","overlay-opacity":"","overlay-gradient":""},"tablet":{"background-color":"var(--ast-global-color-5)","background-image":"","background-repeat":"repeat","background-position":"center center","background-size":"auto","background-attachment":"scroll","background-type":"","background-media":"","overlay-type":"","overlay-color":"","overlay-opacity":"","overlay-gradient":""},"mobile":{"background-color":"var(--ast-global-color-5)","background-image":"","background-repeat":"repeat","background-position":"center center","background-size":"auto","background-attachment":"scroll","background-type":"","background-media":"","overlay-type":"","overlay-color":"","overlay-opacity":"","overlay-gradient":""}},"iawp_total_views":516,"footnotes":""},"class_list":["post-538","page","type-page","status-publish","hentry"],"_links":{"self":[{"href":"https:\/\/colosseo-roma.it\/da\/wp-json\/wp\/v2\/pages\/538","targetHints":{"allow":["GET"]}}],"collection":[{"href":"https:\/\/colosseo-roma.it\/da\/wp-json\/wp\/v2\/pages"}],"about":[{"href":"https:\/\/colosseo-roma.it\/da\/wp-json\/wp\/v2\/types\/page"}],"author":[{"embeddable":true,"href":"https:\/\/colosseo-roma.it\/da\/wp-json\/wp\/v2\/users\/1"}],"replies":[{"embeddable":true,"href":"https:\/\/colosseo-roma.it\/da\/wp-json\/wp\/v2\/comments?post=538"}],"version-history":[{"count":0,"href":"https:\/\/colosseo-roma.it\/da\/wp-json\/wp\/v2\/pages\/538\/revisions"}],"up":[{"embeddable":true,"href":"https:\/\/colosseo-roma.it\/da\/wp-json\/wp\/v2\/pages\/528"}],"wp:attachment":[{"href":"https:\/\/colosseo-roma.it\/da\/wp-json\/wp\/v2\/media?parent=538"}],"curies":[{"name":"wp","href":"https:\/\/api.w.org\/{rel}","templated":true}]}}