{"id":540,"date":"2023-03-28T09:18:40","date_gmt":"2023-03-28T08:18:40","guid":{"rendered":"https:\/\/wordpress-1074717-3818660.cloudwaysapps.com\/?page_id=540"},"modified":"2026-01-26T17:11:47","modified_gmt":"2026-01-26T16:11:47","slug":"arkitektur","status":"publish","type":"page","link":"https:\/\/colosseo-roma.it\/da\/colosseums-arkaeologiske-park\/colosseum\/arkitektur\/","title":{"rendered":"Arkitektur"},"content":{"rendered":"<div data-elementor-type=\"wp-page\" data-elementor-id=\"540\" class=\"elementor elementor-540\" data-elementor-post-type=\"page\">\n\t\t\t\t\t\t<section class=\"elementor-section elementor-top-section elementor-element elementor-element-bd0a364 elementor-section-boxed elementor-section-height-default elementor-section-height-default\" data-id=\"bd0a364\" data-element_type=\"section\" data-settings=\"{&quot;jet_parallax_layout_list&quot;:[],&quot;ekit_has_onepagescroll_dot&quot;:&quot;yes&quot;}\">\n\t\t\t\t\t\t<div class=\"elementor-container elementor-column-gap-default\">\n\t\t\t\t\t<div class=\"elementor-column elementor-col-100 elementor-top-column elementor-element elementor-element-e53f870\" data-id=\"e53f870\" data-element_type=\"column\" data-settings=\"{&quot;background_background&quot;:&quot;classic&quot;}\">\n\t\t\t<div class=\"elementor-widget-wrap elementor-element-populated\">\n\t\t\t\t\t\t<div class=\"elementor-element elementor-element-3f626a0 elementor-widget elementor-widget-heading\" data-id=\"3f626a0\" data-element_type=\"widget\" data-settings=\"{&quot;ekit_we_effect_on&quot;:&quot;none&quot;}\" data-widget_type=\"heading.default\">\n\t\t\t\t<div class=\"elementor-widget-container\">\n\t\t\t<h1 class=\"elementor-heading-title elementor-size-default\">Colosseums arkitektur<\/h1>\t\t<\/div>\n\t\t\t\t<\/div>\n\t\t\t\t<div class=\"elementor-element elementor-element-63abe57 elementor-widget elementor-widget-text-editor\" data-id=\"63abe57\" data-element_type=\"widget\" data-settings=\"{&quot;ekit_we_effect_on&quot;:&quot;none&quot;}\" data-widget_type=\"text-editor.default\">\n\t\t\t\t<div class=\"elementor-widget-container\">\n\t\t\t\t\t\t\t<p><strong>Colosseum er 52 meter h\u00f8jt.<\/strong><br \/><strong>Den lille akse p\u00e5 156 meter.<\/strong><br \/><strong>Hovedaksen er 188 meter.<\/strong><br \/><strong>Arenaen har et areal p\u00e5 3357 kvadratmeter.<\/strong><\/p>\t\t\t\t\t\t<\/div>\n\t\t\t\t<\/div>\n\t\t\t\t<div class=\"elementor-element elementor-element-0ad6c2a elementor-widget elementor-widget-heading\" data-id=\"0ad6c2a\" data-element_type=\"widget\" data-settings=\"{&quot;ekit_we_effect_on&quot;:&quot;none&quot;}\" data-widget_type=\"heading.default\">\n\t\t\t\t<div class=\"elementor-widget-container\">\n\t\t\t<h4 class=\"elementor-heading-title elementor-size-default\">Colosseums karakteristika<\/h4>\t\t<\/div>\n\t\t\t\t<\/div>\n\t\t\t\t<div class=\"elementor-element elementor-element-f411953 elementor-widget elementor-widget-text-editor\" data-id=\"f411953\" data-element_type=\"widget\" data-settings=\"{&quot;ekit_we_effect_on&quot;:&quot;none&quot;}\" data-widget_type=\"text-editor.default\">\n\t\t\t\t<div class=\"elementor-widget-container\">\n\t\t\t\t\t\t\t<p>Strukturen er leddelt p\u00e5 ydersiden i fire ordener, der p\u00e5 indersiden svarer til fem sektorer af s\u00e6der, der udg\u00f8r caveaen. Den b\u00e6rende struktur best\u00e5r af s\u00f8jler af travertinblokke, der i f\u00f8rste r\u00e6kke er afbrudt af murv\u00e6rk af tufblokke og i de \u00f8verste r\u00e6kkef\u00f8lger af radiale murstensskillev\u00e6gge. Taghv\u00e6lvingerne er lavet af gul og orange tufbeton, f\u00f8rstn\u00e6vnte fra den flaviske periode, sidstn\u00e6vnte fra den severiske periode. Gulvet i den f\u00f8rste orden var lavet af travertinplader, undtagen langs korridoren ved siden af arenaen, som, da den var beregnet til senatorerne, var d\u00e6kket af marmor. I de \u00f8verste r\u00e6kker var gulvet i opus spicatum, lavet af mursten arrangeret i et sildebensm\u00f8nster. Travertin blev stadig brugt i bekl\u00e6dningen af trapper og reposer og i de synlige kanaler. Hv\u00e6lvingerne og v\u00e6ggene af mursten og tufsten var d\u00e6kket af hvidt puds; bunden af v\u00e6ggene var r\u00f8d. Alle stier til kejseren, senatorordenen og de h\u00f8jeste religi\u00f8se autoriteter var bekl\u00e6dt med marmor.<\/p>\t\t\t\t\t\t<\/div>\n\t\t\t\t<\/div>\n\t\t\t\t<div class=\"elementor-element elementor-element-3a32cd8 elementor-widget elementor-widget-heading\" data-id=\"3a32cd8\" data-element_type=\"widget\" data-settings=\"{&quot;ekit_we_effect_on&quot;:&quot;none&quot;}\" data-widget_type=\"heading.default\">\n\t\t\t\t<div class=\"elementor-widget-container\">\n\t\t\t<h4 class=\"elementor-heading-title elementor-size-default\">Strukturen af det flaviske amfiteater<\/h4>\t\t<\/div>\n\t\t\t\t<\/div>\n\t\t\t\t<div class=\"elementor-element elementor-element-c8ccae0 elementor-widget elementor-widget-text-editor\" data-id=\"c8ccae0\" data-element_type=\"widget\" data-settings=\"{&quot;ekit_we_effect_on&quot;:&quot;none&quot;}\" data-widget_type=\"text-editor.default\">\n\t\t\t\t<div class=\"elementor-widget-container\">\n\t\t\t\t\t\t\t<p>Amfiteatret rejser sig p\u00e5 en lav crepidine af travertinblokke, der danner to niveauer. De f\u00f8rste tre niveauer er dannet af 80 buer p\u00e5 s\u00f8jler i opus quadratum, med fremspringende halvs\u00f8jler med doriske kapit\u00e6ler p\u00e5 det f\u00f8rste niveau, joniske p\u00e5 det andet og korintiske p\u00e5 det tredje. Det fjerde og sidste register best\u00e5r af en solid v\u00e6g, hvor pilastre af korintisk orden veksler med firkantede vinduer. De travertinkonsoller, som tr\u00e6bj\u00e6lkerne, der bar velariets tag, hvilede p\u00e5, er stadig synlige; i den fremspringende gesims er der huller til inds\u00e6ttelse af bj\u00e6lkerne, et for hver konsol nedenunder.<\/p>\t\t\t\t\t\t<\/div>\n\t\t\t\t<\/div>\n\t\t\t\t<div class=\"elementor-element elementor-element-27c309a elementor-widget elementor-widget-heading\" data-id=\"27c309a\" data-element_type=\"widget\" data-settings=\"{&quot;ekit_we_effect_on&quot;:&quot;none&quot;}\" data-widget_type=\"heading.default\">\n\t\t\t\t<div class=\"elementor-widget-container\">\n\t\t\t<h4 class=\"elementor-heading-title elementor-size-default\">Dyk ned i Colosseums arkitektur<\/h4>\t\t<\/div>\n\t\t\t\t<\/div>\n\t\t\t\t<div class=\"elementor-element elementor-element-378bf9b elementor-widget elementor-widget-text-editor\" data-id=\"378bf9b\" data-element_type=\"widget\" data-settings=\"{&quot;ekit_we_effect_on&quot;:&quot;none&quot;}\" data-widget_type=\"text-editor.default\">\n\t\t\t\t<div class=\"elementor-widget-container\">\n\t\t\t\t\t\t\t<p>Cavea var opdelt fra bunden i en f\u00f8rste sektor med s\u00e6der (podium), der bestod af fire store marmorlag, hvorp\u00e5 senatorernes flytbare s\u00e6der hvilede; en anden sektor, maenianum primum, bestod af otte marmortrin; maenianum secundum, den st\u00f8rste sektor, var opdelt i imum og summum og var forbeholdt rytterordenen; maenianum summum in ligneis var placeret i den h\u00f8jeste del lige under velarium og havde 11 tr\u00e6trin under en kolonnade. Elliptiske korridorer kaldet praecinctiones adskilte de forskellige sektorer af s\u00e6der: praecinctio, der adskilte det nedre fra det \u00f8vre maenianum, dannede en h\u00f8j forh\u00f8jning med d\u00f8re, vomitoria (korridorer til udgang for folkem\u00e6ngden) og nicher.<\/p>\t\t\t\t\t\t<\/div>\n\t\t\t\t<\/div>\n\t\t\t\t<div class=\"elementor-element elementor-element-b25ef14 elementor-widget elementor-widget-heading\" data-id=\"b25ef14\" data-element_type=\"widget\" data-settings=\"{&quot;ekit_we_effect_on&quot;:&quot;none&quot;}\" data-widget_type=\"heading.default\">\n\t\t\t\t<div class=\"elementor-widget-container\">\n\t\t\t<h4 class=\"elementor-heading-title elementor-size-default\">Hvor mange mennesker kunne Colosseum i Rom rumme?<\/h4>\t\t<\/div>\n\t\t\t\t<\/div>\n\t\t\t\t<div class=\"elementor-element elementor-element-9dfaf83 elementor-widget elementor-widget-text-editor\" data-id=\"9dfaf83\" data-element_type=\"widget\" data-settings=\"{&quot;ekit_we_effect_on&quot;:&quot;none&quot;}\" data-widget_type=\"text-editor.default\">\n\t\t\t\t<div class=\"elementor-widget-container\">\n\t\t\t\t\t\t\t<p>Man har beregnet, at amfiteatret kunne rumme omkring 55.000 tilskuere, hvoraf 50.000 var siddende og 5.000 st\u00e5ende i den h\u00f8jeste del. Rundt om arenaen l\u00f8b et galleri, hvoraf kun bagv\u00e6ggen med 24 nicher er bevaret, og som kommunikerede med spillegulvet gennem d\u00f8re, der blev brugt af servicepersonalet. En lille del af servicegalleriet blev rekonstrueret i det 19. \u00e5rhundrede langs den sydlige skr\u00e5ning for at understrege tilstedev\u00e6relsen af den kejserlige kryptoportikus, som p\u00e5 dette tidspunkt n\u00e5ede op til scenen for kejseren.<\/p><p>Adgang til amfiteatret var gratis, men reguleret efter et pr\u00e6cist hierarkisk kriterium: De bedste pladser rundt om arenaen var forbeholdt senatorerne, mens de d\u00e5rligste, h\u00f8jere og fjernere pladser med nedsat udsyn, var forbeholdt plebejerne og var placeret i maenianum summum in ligneis.<\/p><p>Indgangene var nummererede: Nogle numre kan stadig ses p\u00e5 toppen af buerne i den ydre ring langs den intakte nordside. Andre skilte var malet p\u00e5 toppen af de indre arkader, s\u00e5 tilskuerne nemt kunne finde vej til deres pladser: De samme skilte var p\u00e5 det personlige kort, som hver borger havde. Kun indgangene for enden af den store og den lille akse var ikke nummererede, da de var forbeholdt myndighederne og gladiatorerne.<\/p><p>I Colosseum fandt der ud over gladiatorkampe (munera) og jagtshows (venationes) ogs\u00e5 henrettelser af d\u00f8dsd\u00f8mte (noxii) sted, hvilket for romerne havde en h\u00f8j p\u00e6dagogisk v\u00e6rdi som en advarsel om at overholde socialt korrekt adf\u00e6rd. Offentlige henrettelser blev hyppigere i det sene imperium, hvor visse former for tortur som galgen og korsf\u00e6stelse forsvandt, mens br\u00e6nding og halshugning overlevede.<\/p>\t\t\t\t\t\t<\/div>\n\t\t\t\t<\/div>\n\t\t\t\t<div class=\"elementor-element elementor-element-76b51ab elementor-widget elementor-widget-heading\" data-id=\"76b51ab\" data-element_type=\"widget\" data-settings=\"{&quot;ekit_we_effect_on&quot;:&quot;none&quot;}\" data-widget_type=\"heading.default\">\n\t\t\t\t<div class=\"elementor-widget-container\">\n\t\t\t<h4 class=\"elementor-heading-title elementor-size-default\">Gladiatorernes fangehul<\/h4>\t\t<\/div>\n\t\t\t\t<\/div>\n\t\t\t\t<div class=\"elementor-element elementor-element-c7220c5 elementor-widget elementor-widget-text-editor\" data-id=\"c7220c5\" data-element_type=\"widget\" data-settings=\"{&quot;ekit_we_effect_on&quot;:&quot;none&quot;}\" data-widget_type=\"text-editor.default\">\n\t\t\t\t<div class=\"elementor-widget-container\">\n\t\t\t\t\t\t\t<p>Gulvet, hvor forestillingerne fandt sted, arenaen, skjulte helt for tilskuernes syn de underjordiske rum, hvor alle aktiviteterne i forbindelse med afviklingen af legene fandt sted. Arenaen var bestr\u00f8et med sand (deraf navnet \"arena\"), som var nyttigt b\u00e5de for at undg\u00e5 at glide og for at absorbere det rigelige blod fra aflivningen af store dyr. Colosseums underjordiske gange var \u00e5bne fra 80 e.Kr. til 508 e.Kr., hvor de blev fyldt helt op med jord. De v\u00e6gge, der er synlige i dag, er resultatet af en r\u00e6kke strukturelle \u00e6ndringer, som ikke altid er nemme at forst\u00e5, b\u00e5de p\u00e5 grund af restaurering og scenografiske \u00e6ndringer. K\u00e6ldrene rummede de 80 hejsev\u00e6rker, der blev brugt til at kommunikere med arenagulvet og til hurtigt at bringe m\u00e6nd, dyr, kulisser og materialer ud, som var n\u00f8dvendige til legene. H\u00f8jdeforskellen mellem gulvet i fangek\u00e6ldrene og den f\u00f8rste orden var 6 meter. Det elliptiske rum i fangek\u00e6lderen er opdelt i fire symmetriske sektorer, der er afgr\u00e6nset af to hovedkorridorer langs hovedakserne, som krydser hinanden i rette vinkler. Tufav\u00e6ggene, hvor man kan se rillerne til inds\u00e6ttelse af bj\u00e6lker og de lodrette riller til hejsev\u00e6rk, stammer fra den oprindelige byggefase i Domitian-perioden. Under udgravningerne mellem 1874 og 1875 blev der fundet mange tr\u00e6elementer, som h\u00f8rer til l\u00f8ftemekanismerne, og endda et helt tr\u00e6gulv, som blev fundet intakt i den centrale korridor, m\u00e5ske for at isolere gulvet mod opstigende vand.<\/p>\t\t\t\t\t\t<\/div>\n\t\t\t\t<\/div>\n\t\t\t\t<div class=\"elementor-element elementor-element-c77714e elementor-widget elementor-widget-heading\" data-id=\"c77714e\" data-element_type=\"widget\" data-settings=\"{&quot;ekit_we_effect_on&quot;:&quot;none&quot;}\" data-widget_type=\"heading.default\">\n\t\t\t\t<div class=\"elementor-widget-container\">\n\t\t\t<h4 class=\"elementor-heading-title elementor-size-default\">Bygninger, der betjener amfiteatret<\/h4>\t\t<\/div>\n\t\t\t\t<\/div>\n\t\t\t\t<div class=\"elementor-element elementor-element-1e25503 elementor-widget elementor-widget-text-editor\" data-id=\"1e25503\" data-element_type=\"widget\" data-settings=\"{&quot;ekit_we_effect_on&quot;:&quot;none&quot;}\" data-widget_type=\"text-editor.default\">\n\t\t\t\t<div class=\"elementor-widget-container\">\n\t\t\t\t\t\t\t<p>Opf\u00f8relsen af amfiteatret involverede ogs\u00e5 den samtidige opf\u00f8relse af en r\u00e6kke servicebygninger, som alle kan dateres tilbage til Domitian (81-96 e.Kr.).): de fire Ludi eller gymnastiksale til tr\u00e6ning af gladiatorer og venatores (Ludus Magnus i begyndelsen af Via Labicana er velbevaret), barakkerne til s\u00f8folkene i fl\u00e5den fra Kap Misenum (Castra Misenatium), som stod for man\u00f8vrering af velariet, Summum Choragium eller lageret til kulisserne og Armamentaria, gladiatorernes v\u00e5benlager. Der var ogs\u00e5 Saniarium, f\u00f8rstehj\u00e6lp til de s\u00e5rede, som kunne behandles p\u00e5 stedet, og Spoliarium, hvor afkl\u00e6dningen af de dr\u00e6bte gladiatorers kroppe og genfinding af rustninger fandt sted.<\/p>\t\t\t\t\t\t<\/div>\n\t\t\t\t<\/div>\n\t\t\t\t\t<\/div>\n\t\t<\/div>\n\t\t\t\t\t<\/div>\n\t\t<\/section>\n\t\t\t\t<\/div>","protected":false},"excerpt":{"rendered":"<p>Archittetura del Colosseo Il Colosseo \u00e8 alto 52 metri. L&#8217;asse minore di 156 metri. L&#8217;asse maggiore di 188 metri. L&#8217;arena ha una superficie di 3357 metri quadrati. Le caratteristiche del Colosseo La struttura \u00e8 articolata all&#8217;esterno in quattro ordini, corrispondenti all&#8217;interno a cinque settori di posti a sedere costituenti la cavea. La struttura portante \u00e8 [&hellip;]<\/p>","protected":false},"author":1,"featured_media":0,"parent":528,"menu_order":3,"comment_status":"closed","ping_status":"closed","template":"","meta":{"site-sidebar-layout":"no-sidebar","site-content-layout":"page-builder","ast-site-content-layout":"full-width-container","site-content-style":"unboxed","site-sidebar-style":"unboxed","ast-global-header-display":"","ast-banner-title-visibility":"","ast-main-header-display":"","ast-hfb-above-header-display":"","ast-hfb-below-header-display":"","ast-hfb-mobile-header-display":"","site-post-title":"disabled","ast-breadcrumbs-content":"","ast-featured-img":"disabled","footer-sml-layout":"","ast-disable-related-posts":"","theme-transparent-header-meta":"default","adv-header-id-meta":"","stick-header-meta":"","header-above-stick-meta":"","header-main-stick-meta":"","header-below-stick-meta":"","astra-migrate-meta-layouts":"set","ast-page-background-enabled":"default","ast-page-background-meta":{"desktop":{"background-color":"var(--ast-global-color-4)","background-image":"","background-repeat":"repeat","background-position":"center center","background-size":"auto","background-attachment":"scroll","background-type":"","background-media":"","overlay-type":"","overlay-color":"","overlay-opacity":"","overlay-gradient":""},"tablet":{"background-color":"","background-image":"","background-repeat":"repeat","background-position":"center center","background-size":"auto","background-attachment":"scroll","background-type":"","background-media":"","overlay-type":"","overlay-color":"","overlay-opacity":"","overlay-gradient":""},"mobile":{"background-color":"","background-image":"","background-repeat":"repeat","background-position":"center center","background-size":"auto","background-attachment":"scroll","background-type":"","background-media":"","overlay-type":"","overlay-color":"","overlay-opacity":"","overlay-gradient":""}},"ast-content-background-meta":{"desktop":{"background-color":"var(--ast-global-color-5)","background-image":"","background-repeat":"repeat","background-position":"center center","background-size":"auto","background-attachment":"scroll","background-type":"","background-media":"","overlay-type":"","overlay-color":"","overlay-opacity":"","overlay-gradient":""},"tablet":{"background-color":"var(--ast-global-color-5)","background-image":"","background-repeat":"repeat","background-position":"center center","background-size":"auto","background-attachment":"scroll","background-type":"","background-media":"","overlay-type":"","overlay-color":"","overlay-opacity":"","overlay-gradient":""},"mobile":{"background-color":"var(--ast-global-color-5)","background-image":"","background-repeat":"repeat","background-position":"center center","background-size":"auto","background-attachment":"scroll","background-type":"","background-media":"","overlay-type":"","overlay-color":"","overlay-opacity":"","overlay-gradient":""}},"iawp_total_views":4303,"footnotes":""},"class_list":["post-540","page","type-page","status-publish","hentry"],"_links":{"self":[{"href":"https:\/\/colosseo-roma.it\/da\/wp-json\/wp\/v2\/pages\/540","targetHints":{"allow":["GET"]}}],"collection":[{"href":"https:\/\/colosseo-roma.it\/da\/wp-json\/wp\/v2\/pages"}],"about":[{"href":"https:\/\/colosseo-roma.it\/da\/wp-json\/wp\/v2\/types\/page"}],"author":[{"embeddable":true,"href":"https:\/\/colosseo-roma.it\/da\/wp-json\/wp\/v2\/users\/1"}],"replies":[{"embeddable":true,"href":"https:\/\/colosseo-roma.it\/da\/wp-json\/wp\/v2\/comments?post=540"}],"version-history":[{"count":0,"href":"https:\/\/colosseo-roma.it\/da\/wp-json\/wp\/v2\/pages\/540\/revisions"}],"up":[{"embeddable":true,"href":"https:\/\/colosseo-roma.it\/da\/wp-json\/wp\/v2\/pages\/528"}],"wp:attachment":[{"href":"https:\/\/colosseo-roma.it\/da\/wp-json\/wp\/v2\/media?parent=540"}],"curies":[{"name":"wp","href":"https:\/\/api.w.org\/{rel}","templated":true}]}}