{"id":541,"date":"2023-03-28T09:18:49","date_gmt":"2023-03-28T08:18:49","guid":{"rendered":"https:\/\/wordpress-1074717-3818660.cloudwaysapps.com\/?page_id=541"},"modified":"2026-01-26T17:11:26","modified_gmt":"2026-01-26T16:11:26","slug":"historie","status":"publish","type":"page","link":"https:\/\/colosseo-roma.it\/da\/colosseums-arkaeologiske-park\/colosseum\/historie\/","title":{"rendered":"Historie"},"content":{"rendered":"<div data-elementor-type=\"wp-page\" data-elementor-id=\"541\" class=\"elementor elementor-541\" data-elementor-post-type=\"page\">\n\t\t\t\t\t\t<section class=\"elementor-section elementor-top-section elementor-element elementor-element-2d9a5e1 elementor-section-boxed elementor-section-height-default elementor-section-height-default\" data-id=\"2d9a5e1\" data-element_type=\"section\" data-settings=\"{&quot;jet_parallax_layout_list&quot;:[],&quot;ekit_has_onepagescroll_dot&quot;:&quot;yes&quot;}\">\n\t\t\t\t\t\t<div class=\"elementor-container elementor-column-gap-default\">\n\t\t\t\t\t<div class=\"elementor-column elementor-col-100 elementor-top-column elementor-element elementor-element-6e78c0a\" data-id=\"6e78c0a\" data-element_type=\"column\" data-settings=\"{&quot;background_background&quot;:&quot;classic&quot;}\">\n\t\t\t<div class=\"elementor-widget-wrap elementor-element-populated\">\n\t\t\t\t\t\t<div class=\"elementor-element elementor-element-d6843ff elementor-widget elementor-widget-heading\" data-id=\"d6843ff\" data-element_type=\"widget\" data-settings=\"{&quot;ekit_we_effect_on&quot;:&quot;none&quot;}\" data-widget_type=\"heading.default\">\n\t\t\t\t<div class=\"elementor-widget-container\">\n\t\t\t<h1 class=\"elementor-heading-title elementor-size-default\">Historien om Colosseum<\/h1>\t\t<\/div>\n\t\t\t\t<\/div>\n\t\t\t\t<div class=\"elementor-element elementor-element-a0dcb53 elementor-widget elementor-widget-text-editor\" data-id=\"a0dcb53\" data-element_type=\"widget\" data-settings=\"{&quot;ekit_we_effect_on&quot;:&quot;none&quot;}\" data-widget_type=\"text-editor.default\">\n\t\t\t\t<div class=\"elementor-widget-container\">\n\t\t\t\t\t\t\t<p style=\"text-align: center;\">Om historien bag <strong>Colosseum<\/strong> Gennem \u00e5rhundrederne, fra opf\u00f8relse til \u00f8del\u00e6ggelse, er der meget at sige. En lang historisk periode, hvor Colosseum er blevet brugt og restaureret mange, mange gange, p\u00e5 forskellige m\u00e5der, med forskellige metoder. Colosseums historier er faktisk mange og markerer de forskellige perioder i historien. <strong>Det gamle Rom.<\/strong> Kort sagt har dette storsl\u00e5ede amfiteater set og oplevet alt muligt, og det g\u00f8r det stadig! Fordi Colosseum stadig st\u00e5r, tilh\u00f8rer det ogs\u00e5 denne moderne \u00e6ra.<\/p><p style=\"text-align: center;\">Colosseum er stadig anerkendt af hele verden som et symbol p\u00e5 Rom. Af de gamle romere blev det kaldt<em><strong>Amphitheatrum Flavium'.<\/strong><\/em> opkaldt efter den kejserlige Flavian-familie, under hvem arbejdet med opf\u00f8relsen begyndte og sluttede. I \u00e5r 72 e.Kr. p\u00e5begyndte kejser Vespasian arbejdet, som blev afsluttet i \u00e5r 80 e.Kr. af hans s\u00f8n Titus. Ved afslutningen af arbejdet blev indvielsen fejret med ekstraordin\u00e6re lege og kampe, der varede i 100 dage.<\/p><p style=\"text-align: center;\">Denne lille information giver os et kort overblik over Colosseums historie, men dens historie er meget mere kompleks og fascinerende. Colosseum blev bygget som det st\u00f8rste amfiteater, der nogensinde var blevet bygget, og det repr\u00e6senterede den magt og storhed, som<strong>Romerriget<\/strong>Det blev ikke kun et sted for underholdning, men ogs\u00e5 et politisk redskab til at h\u00e6vde de romerske kejseres kontrol og autoritet.<\/p>\t\t\t\t\t\t<\/div>\n\t\t\t\t<\/div>\n\t\t\t\t<div class=\"elementor-element elementor-element-32a6686 elementor-widget elementor-widget-jet-timeline\" data-id=\"32a6686\" data-element_type=\"widget\" data-settings=\"{&quot;ekit_we_effect_on&quot;:&quot;none&quot;}\" data-widget_type=\"jet-timeline.default\">\n\t\t\t\t<div class=\"elementor-widget-container\">\n\t\t\t<div class=\"elementor-jet-timeline jet-elements\"><div class=\"jet-timeline jet-timeline--align-center jet-timeline--align-middle\">\n\t<div class=\"jet-timeline__line\"><div class=\"jet-timeline__line-progress\"><\/div><\/div>\n\t<div class=\"jet-timeline-list\"><div class=\"jet-timeline-item  elementor-repeater-item-fd1235f jet-timeline-item--image-inside\">\n\t<div class=\"timeline-item__card\">\n\t\t<div class=\"timeline-item__card-inner\">\n\t\t\t\t\t\t\t\t<div class=\"timeline-item__card-content\">\n\t\t\t\t\t<div class=\"timeline-item__meta\"><div class=\"timeline-item__meta-content\">Byggeri og guldalder<\/div><\/div><h5 class=\"timeline-item__card-title\"> Det gamle Rom, den flaviske periode (72-80 e.Kr.)<\/h5><div class=\"timeline-item__card-desc\">Ideen om at bygge et s\u00e5 imponerende amfiteater i hjertet af Rom blev f\u00f8dt under Vespasian, den f\u00f8rste kejser i det flaviske dynasti. Beslutningen om at bygge det over den kunstige s\u00f8 ved Domus Aurea, Neros luksuri\u00f8se villa, var symbolsk: en m\u00e5de at give det romerske folk det land tilbage, som den tidligere tyran havde taget fra dem, og at vinde massernes gunst. Opf\u00f8relsen var et af antikkens st\u00f8rste arkitektoniske v\u00e6rker, som blev bygget med tusindvis af slaver og arbejdere.\n\nIndvielsen af amfiteatret var en ekstraordin\u00e6r begivenhed, som afspejlede Roms storhed. For at fejre \u00e5bningen af Colosseum organiserede Titus lege og forestillinger, der varede 100 dage i tr\u00e6k, og hvor det ansl\u00e5s, at tusindvis af vilde dyr og gladiatorer blev dr\u00e6bt. Disse massebegivenheder var en del af \"panem et circenses\" (br\u00f8d og spil), en politisk strategi for at distrahere og kontrollere den romerske befolkning.<\/div>\t\t\t\t<\/div>\n\t\t\t\t\t\t<\/div>\n\t\t<div class=\"timeline-item__card-arrow\"><\/div>\n\t<\/div>\n\t<div class=\"timeline-item__point\"><div class=\"timeline-item__point-content timeline-item__point-content--icon\"><span class=\"jet-elements-icon\"><i aria-hidden=\"true\" class=\"fas fa-history\"><\/i><\/span><\/div><\/div><div class=\"timeline-item__meta\"><div class=\"timeline-item__meta-content\">Byggeri og guldalder<\/div><\/div><\/div><div class=\"jet-timeline-item  elementor-repeater-item-c9e98a0 jet-timeline-item--image-inside\">\n\t<div class=\"timeline-item__card\">\n\t\t<div class=\"timeline-item__card-inner\">\n\t\t\t\t\t\t\t\t<div class=\"timeline-item__card-content\">\n\t\t\t\t\t<div class=\"timeline-item__meta\"><div class=\"timeline-item__meta-content\">Tilbagegang og forvandling<\/div><\/div><h5 class=\"timeline-item__card-title\">Det senromerske rige og middelalderen (5. til 15. \u00e5rhundrede)<\/h5><div class=\"timeline-item__card-desc\">Efter Det Vestromerske Riges fald gennemgik Colosseum adskillige forandringer. I l\u00f8bet af middelalderen holdt amfiteatret op med at blive brugt til offentlige forestillinger og blev indrettet til forskellige form\u00e5l. Nogle af de ydre buer blev omdannet til boliger og butikker, mens den nederste etage blev omdannet til en kirkeg\u00e5rd.\n\nI l\u00f8bet af \u00e5rhundrederne for\u00e5rsagede jordsk\u00e6lv, plyndringer og \u00e6ndringer i brugen af bygningerne betydelige skader p\u00e5 strukturen. Nogle af stenene blev fjernet og genbrugt til at opf\u00f8re andre bygninger i Rom, bl.a. Peterskirken. Ikke desto mindre fortsatte Colosseum med at v\u00e6re et symbol p\u00e5 byen og et tavst vidne til dens omtumlede historie.\n<\/div>\t\t\t\t<\/div>\n\t\t\t\t\t\t<\/div>\n\t\t<div class=\"timeline-item__card-arrow\"><\/div>\n\t<\/div>\n\t<div class=\"timeline-item__point\"><div class=\"timeline-item__point-content timeline-item__point-content--icon\"><span class=\"jet-elements-icon\"><i aria-hidden=\"true\" class=\"fas fa-history\"><\/i><\/span><\/div><\/div><div class=\"timeline-item__meta\"><div class=\"timeline-item__meta-content\">Tilbagegang og forvandling<\/div><\/div><\/div><div class=\"jet-timeline-item  elementor-repeater-item-1a116c5 jet-timeline-item--image-inside\">\n\t<div class=\"timeline-item__card\">\n\t\t<div class=\"timeline-item__card-inner\">\n\t\t\t\t\t\t\t\t<div class=\"timeline-item__card-content\">\n\t\t\t\t\t<div class=\"timeline-item__meta\"><div class=\"timeline-item__meta-content\">Genopdagelse og fornyelse<\/div><\/div><h5 class=\"timeline-item__card-title\">Ren\u00e6ssance og senere perioder (16. til 19. \u00e5rhundrede)<\/h5><div class=\"timeline-item__card-desc\">I ren\u00e6ssancen blev Colosseum genopdaget som et symbol p\u00e5 Roms glorv\u00e6rdige fortid. Kunstnere, forfattere og intellektuelle begyndte at interessere sig for det gamle amfiteater, inspireret af dets storhed og komplekse historie. I det 17. \u00e5rhundrede erkl\u00e6rede den katolske kirke Colosseum for et helligt sted til minde om de kristne martyrer, som if\u00f8lge traditionen var blevet dr\u00e6bt der. En Via Crucis blev bygget inde i amfiteatret og gjorde det til et sted for tilbedelse og erindring.\n\nI det 18. og 19. \u00e5rhundrede blev Colosseum genstand for flere restaureringsprojekter for at bevare dets struktur og historiske v\u00e6rdi. Bevaringsindsatsen fortsatte gennem hele det 20. \u00e5rhundrede og frem til i dag, s\u00e5 Colosseum kan bevare sin storhed og charme p\u00e5 trods af tidens udfordringer.\n<\/div>\t\t\t\t<\/div>\n\t\t\t\t\t\t<\/div>\n\t\t<div class=\"timeline-item__card-arrow\"><\/div>\n\t<\/div>\n\t<div class=\"timeline-item__point\"><div class=\"timeline-item__point-content timeline-item__point-content--icon\"><span class=\"jet-elements-icon\"><i aria-hidden=\"true\" class=\"fas fa-history\"><\/i><\/span><\/div><\/div><div class=\"timeline-item__meta\"><div class=\"timeline-item__meta-content\">Genopdagelse og fornyelse<\/div><\/div><\/div><div class=\"jet-timeline-item  elementor-repeater-item-7ed7f15 jet-timeline-item--image-inside\">\n\t<div class=\"timeline-item__card\">\n\t\t<div class=\"timeline-item__card-inner\">\n\t\t\t\t\t\t\t\t<div class=\"timeline-item__card-content\">\n\t\t\t\t\t<div class=\"timeline-item__meta\"><div class=\"timeline-item__meta-content\">Colosseum i dag<\/div><\/div><h5 class=\"timeline-item__card-title\">Moderne og nutidig \u00e6ra (20. og 21. \u00e5rhundrede)<\/h5><div class=\"timeline-item__card-desc\">I dag er Colosseum et af de mest bes\u00f8gte monumenter i verden, et ikon for italiensk kultur og et symbol p\u00e5 byen Roms modstandskraft. Det forts\u00e6tter med at inspirere millioner af mennesker hvert \u00e5r takket v\u00e6re sin imponerende struktur og fascinerende historie, der str\u00e6kker sig over \u00e5rhundreder. Colosseum er mere end blot et ark\u00e6ologisk sted; det er et levende vidnesbyrd om historien, kulturen og opfindsomheden i en civilisation, der har sat sit pr\u00e6g p\u00e5 menneskehedens udvikling.\n\nAt bes\u00f8ge Colosseum er at tage p\u00e5 en rejse gennem tiden og fordybe sig i dets mange historier, fra det gamle Roms pragt til modernitetens udfordringer. P\u00e5 trods af \u00f8del\u00e6ggelser, jordsk\u00e6lv og \u00e5rhundreders fors\u00f8mmelse st\u00e5r dette majest\u00e6tiske amfiteater stadig som et tavst og imponerende vidnesbyrd om en fortid, der lever videre i nutiden.<\/div>\t\t\t\t<\/div>\n\t\t\t\t\t\t<\/div>\n\t\t<div class=\"timeline-item__card-arrow\"><\/div>\n\t<\/div>\n\t<div class=\"timeline-item__point\"><div class=\"timeline-item__point-content timeline-item__point-content--icon\"><span class=\"jet-elements-icon\"><i aria-hidden=\"true\" class=\"fas fa-history\"><\/i><\/span><\/div><\/div><div class=\"timeline-item__meta\"><div class=\"timeline-item__meta-content\">Colosseum i dag<\/div><\/div><\/div><\/div><\/div><\/div>\t\t<\/div>\n\t\t\t\t<\/div>\n\t\t\t\t\t<\/div>\n\t\t<\/div>\n\t\t\t\t\t<\/div>\n\t\t<\/section>\n\t\t\t\t<\/div>","protected":false},"excerpt":{"rendered":"<p>Colosseums historie Der er meget at sige om Colosseums historie gennem \u00e5rhundrederne, fra det blev bygget til det blev \u00f8delagt. En lang historisk periode, hvor Colosseum er blevet brugt og restaureret mange gange, p\u00e5 forskellige m\u00e5der og med forskellige metoder. Historierne om Colosseum er faktisk mange og markerer de forskellige perioder i [...].<\/p>","protected":false},"author":1,"featured_media":0,"parent":528,"menu_order":4,"comment_status":"closed","ping_status":"closed","template":"","meta":{"site-sidebar-layout":"no-sidebar","site-content-layout":"page-builder","ast-site-content-layout":"full-width-container","site-content-style":"unboxed","site-sidebar-style":"unboxed","ast-global-header-display":"","ast-banner-title-visibility":"","ast-main-header-display":"","ast-hfb-above-header-display":"","ast-hfb-below-header-display":"","ast-hfb-mobile-header-display":"","site-post-title":"disabled","ast-breadcrumbs-content":"","ast-featured-img":"disabled","footer-sml-layout":"","ast-disable-related-posts":"","theme-transparent-header-meta":"default","adv-header-id-meta":"","stick-header-meta":"","header-above-stick-meta":"","header-main-stick-meta":"","header-below-stick-meta":"","astra-migrate-meta-layouts":"set","ast-page-background-enabled":"default","ast-page-background-meta":{"desktop":{"background-color":"var(--ast-global-color-4)","background-image":"","background-repeat":"repeat","background-position":"center center","background-size":"auto","background-attachment":"scroll","background-type":"","background-media":"","overlay-type":"","overlay-color":"","overlay-opacity":"","overlay-gradient":""},"tablet":{"background-color":"","background-image":"","background-repeat":"repeat","background-position":"center center","background-size":"auto","background-attachment":"scroll","background-type":"","background-media":"","overlay-type":"","overlay-color":"","overlay-opacity":"","overlay-gradient":""},"mobile":{"background-color":"","background-image":"","background-repeat":"repeat","background-position":"center center","background-size":"auto","background-attachment":"scroll","background-type":"","background-media":"","overlay-type":"","overlay-color":"","overlay-opacity":"","overlay-gradient":""}},"ast-content-background-meta":{"desktop":{"background-color":"var(--ast-global-color-5)","background-image":"","background-repeat":"repeat","background-position":"center center","background-size":"auto","background-attachment":"scroll","background-type":"","background-media":"","overlay-type":"","overlay-color":"","overlay-opacity":"","overlay-gradient":""},"tablet":{"background-color":"var(--ast-global-color-5)","background-image":"","background-repeat":"repeat","background-position":"center center","background-size":"auto","background-attachment":"scroll","background-type":"","background-media":"","overlay-type":"","overlay-color":"","overlay-opacity":"","overlay-gradient":""},"mobile":{"background-color":"var(--ast-global-color-5)","background-image":"","background-repeat":"repeat","background-position":"center center","background-size":"auto","background-attachment":"scroll","background-type":"","background-media":"","overlay-type":"","overlay-color":"","overlay-opacity":"","overlay-gradient":""}},"iawp_total_views":5003,"footnotes":""},"class_list":["post-541","page","type-page","status-publish","hentry"],"_links":{"self":[{"href":"https:\/\/colosseo-roma.it\/da\/wp-json\/wp\/v2\/pages\/541","targetHints":{"allow":["GET"]}}],"collection":[{"href":"https:\/\/colosseo-roma.it\/da\/wp-json\/wp\/v2\/pages"}],"about":[{"href":"https:\/\/colosseo-roma.it\/da\/wp-json\/wp\/v2\/types\/page"}],"author":[{"embeddable":true,"href":"https:\/\/colosseo-roma.it\/da\/wp-json\/wp\/v2\/users\/1"}],"replies":[{"embeddable":true,"href":"https:\/\/colosseo-roma.it\/da\/wp-json\/wp\/v2\/comments?post=541"}],"version-history":[{"count":0,"href":"https:\/\/colosseo-roma.it\/da\/wp-json\/wp\/v2\/pages\/541\/revisions"}],"up":[{"embeddable":true,"href":"https:\/\/colosseo-roma.it\/da\/wp-json\/wp\/v2\/pages\/528"}],"wp:attachment":[{"href":"https:\/\/colosseo-roma.it\/da\/wp-json\/wp\/v2\/media?parent=541"}],"curies":[{"name":"wp","href":"https:\/\/api.w.org\/{rel}","templated":true}]}}