{"id":61,"date":"2023-03-10T11:32:23","date_gmt":"2023-03-10T10:32:23","guid":{"rendered":"https:\/\/wordpress-1074717-3818660.cloudwaysapps.com\/?page_id=61"},"modified":"2026-01-26T16:42:45","modified_gmt":"2026-01-26T15:42:45","slug":"gladiatorer","status":"publish","type":"page","link":"https:\/\/colosseo-roma.it\/da\/romerne\/gladiatorer\/","title":{"rendered":"Gladiatorer"},"content":{"rendered":"<div data-elementor-type=\"wp-page\" data-elementor-id=\"61\" class=\"elementor elementor-61\" data-elementor-post-type=\"page\">\n\t\t\t\t\t\t<section class=\"elementor-section elementor-top-section elementor-element elementor-element-492661c elementor-section-boxed elementor-section-height-default elementor-section-height-default\" data-id=\"492661c\" data-element_type=\"section\" data-settings=\"{&quot;jet_parallax_layout_list&quot;:[],&quot;ekit_has_onepagescroll_dot&quot;:&quot;yes&quot;}\">\n\t\t\t\t\t\t<div class=\"elementor-container elementor-column-gap-default\">\n\t\t\t\t\t<div class=\"elementor-column elementor-col-100 elementor-top-column elementor-element elementor-element-e3c653a\" data-id=\"e3c653a\" data-element_type=\"column\">\n\t\t\t<div class=\"elementor-widget-wrap elementor-element-populated\">\n\t\t\t\t\t\t<div class=\"elementor-element elementor-element-ab68d20 elementor-widget elementor-widget-heading\" data-id=\"ab68d20\" data-element_type=\"widget\" data-settings=\"{&quot;ekit_we_effect_on&quot;:&quot;none&quot;}\" data-widget_type=\"heading.default\">\n\t\t\t\t<div class=\"elementor-widget-container\">\n\t\t\t<h1 class=\"elementor-heading-title elementor-size-default\">Gladiatoren<\/h1>\t\t<\/div>\n\t\t\t\t<\/div>\n\t\t\t\t<div class=\"elementor-element elementor-element-1ed1f6a elementor-widget elementor-widget-heading\" data-id=\"1ed1f6a\" data-element_type=\"widget\" data-settings=\"{&quot;ekit_we_effect_on&quot;:&quot;none&quot;}\" data-widget_type=\"heading.default\">\n\t\t\t\t<div class=\"elementor-widget-container\">\n\t\t\t<h5 class=\"elementor-heading-title elementor-size-default\">I det flaviske amfiteater fandt gladiatorkampene sted om eftermiddagen. Deres navn kommer fra det korte sv\u00e6rd, de brugte i kampene: 'gladius'. Gladiatoren i Rom l\u00e6rte gladiatorkampens kunst i \"ludi\", skoler, som var barakker, der mindede meget om de f\u00e6ngsler, der fandtes i hele imperiet; han sov i sm\u00e5 celler, der var arrangeret omkring den g\u00e5rd, hvor han tr\u00e6nede.<\/h5>\t\t<\/div>\n\t\t\t\t<\/div>\n\t\t\t\t<div class=\"elementor-element elementor-element-51acbbc elementor-widget elementor-widget-jet-unfold\" data-id=\"51acbbc\" data-element_type=\"widget\" data-settings=\"{&quot;mask_height&quot;:{&quot;unit&quot;:&quot;px&quot;,&quot;size&quot;:50,&quot;sizes&quot;:[]},&quot;mask_height_tablet&quot;:{&quot;unit&quot;:&quot;px&quot;,&quot;size&quot;:&quot;&quot;,&quot;sizes&quot;:[]},&quot;mask_height_mobile&quot;:{&quot;unit&quot;:&quot;px&quot;,&quot;size&quot;:&quot;&quot;,&quot;sizes&quot;:[]},&quot;unfold_duration&quot;:{&quot;unit&quot;:&quot;ms&quot;,&quot;size&quot;:500,&quot;sizes&quot;:[]},&quot;unfold_easing&quot;:&quot;easeOutBack&quot;,&quot;fold_duration&quot;:{&quot;unit&quot;:&quot;ms&quot;,&quot;size&quot;:300,&quot;sizes&quot;:[]},&quot;fold_easing&quot;:&quot;easeOutSine&quot;,&quot;ekit_we_effect_on&quot;:&quot;none&quot;}\" data-widget_type=\"jet-unfold.default\">\n\t\t\t\t<div class=\"elementor-widget-container\">\n\t\t\t\t\t<div class=\"jet-unfold\" data-settings=\"{&quot;height&quot;:{&quot;unit&quot;:&quot;px&quot;,&quot;size&quot;:50,&quot;sizes&quot;:[]},&quot;separatorHeight&quot;:{&quot;unit&quot;:&quot;px&quot;,&quot;size&quot;:10,&quot;sizes&quot;:[]},&quot;unfoldDuration&quot;:{&quot;unit&quot;:&quot;ms&quot;,&quot;size&quot;:500,&quot;sizes&quot;:[]},&quot;foldDuration&quot;:{&quot;unit&quot;:&quot;ms&quot;,&quot;size&quot;:300,&quot;sizes&quot;:[]},&quot;unfoldEasing&quot;:&quot;easeOutBack&quot;,&quot;foldEasing&quot;:&quot;easeOutSine&quot;,&quot;foldScrolling&quot;:&quot;false&quot;,&quot;hideOutsideClick&quot;:&quot;false&quot;,&quot;autoHide&quot;:&quot;false&quot;,&quot;autoHideTime&quot;:&quot;&quot;,&quot;foldScrollOffset&quot;:null}\">\n\t\t\t<div class=\"jet-unfold__inner\">\n\t\t\t\t<div class=\"jet-unfold__mask\">\n\t\t\t\t\t<div class=\"jet-unfold__content\">\n\t\t\t\t\t\t<div class=\"jet-unfold__content-inner elementor-text-editor elementor-clearfix\"><p style=\"text-align: center;\">Ludi blev ledet af en ejer (lanista), som var gladiatorernes instrukt\u00f8r og havde absolut magt over dem. I Rom husede de kejserlige ludi (de eneste autoriserede skoler) op til 2000 m\u00e6nd: \"ludus matutinus\", hvor j\u00e6gere af vilde dyr \u00f8vede sig, \"ludus gallicus\", \"ludus dacicus\" og \"ludus magnus\".<\/p><p style=\"text-align: center;\">Gladiatorerne kunne v\u00e6re krigsfanger, kriminelle, fanger, slaver, d\u00f8dsd\u00f8mte eller frie m\u00e6nd uden fremtid; de kunne v\u00e6re uerfarne eller \u00e6gte professionelle, is\u00e6r krigsfanger, som efter at have oplevet adskillige v\u00e6bnede kampe, slag og lidelser var s\u00e6rligt h\u00e6rdede og barske og ofte kom fra fjerne lande som Thrakien og Tyskland. Disse personer var de mest eftertragtede, og da de ikke havde andre muligheder for at leve en anst\u00e6ndig tilv\u00e6relse, stillede de sig gerne til r\u00e5dighed og engagerede sig st\u00e6rkt i gladiatorens farlige karriere.<\/p><p style=\"text-align: center;\">Kvinder k\u00e6mpede ogs\u00e5, men de var meget sj\u00e6ldne og derfor ogs\u00e5 meget efterspurgte. Den vindende gladiators popularitet var virkelig bem\u00e6rkelsesv\u00e6rdig, folk hyldede ham og fulgte kampene og opvisningerne med lidenskab, og hans navn blev ber\u00f8mt.<\/p><p style=\"text-align: center;\">Gladiatorerne tr\u00e6nede i forskellige angrebs- og forsvarsteknikker med forskellige v\u00e5ben, og alt efter hvilken type v\u00e5ben og teknik de brugte, blev de kaldt: \"cetervari\", \"secutores\", \"reziari\", \"mirmillones\" og \"traces\".<\/p><p style=\"text-align: center;\">I kampene blev forskellige gladiatorpar altid sat op mod hinanden; de mest klassiske var mellem 'reziari' og 'mirmilloni' og mellem 'traci' og 'secutores'.<\/p><p style=\"text-align: center;\">Gladiatoren, der havde besejret sin modstander, vendte sig mod amfiteatrets publikum for at sp\u00f8rge, hvilken sk\u00e6bne publikum \u00f8nskede at reservere for den besejrede, og publikum besluttede med et h\u00e5ndtegn for d\u00f8d eller liv: Tommelfingeren, der pegede opad, 'mitte' (sikker), bet\u00f8d, at han skulle leve, og tommelfingeren, der pegede nedad, 'jugula' (d\u00f8d), bet\u00f8d, at han skulle d\u00f8. I sidste ende var det dog kejseren eller arrang\u00f8ren af den p\u00e5g\u00e6ldende forestilling, der med sin tommelfinger afgjorde den besejrede gladiators sk\u00e6bne.<\/p><p style=\"text-align: center;\">Hver gladiator, der blev dr\u00e6bt, kostede kejseren eller den person, der arrangerede forestillingen, en meget stor sum penge, og det er klart, at de ikke uden videre bad om deres d\u00f8d; det afhang sandsynligvis ogs\u00e5 af tilskuernes store eftersp\u00f8rgsel.<\/p><p style=\"text-align: center;\">Gladiatorernes kampe var inspireret af mytologiske episoder, og de fors\u00f8gte altid at konkurrere med nye forestillinger og nye ideer for ikke at tr\u00e6tte publikum, samtidig med at de iscenesatte groteske situationer, som underholdt og ophidsede publikum p\u00e5 samme tid.<\/p><p style=\"text-align: center;\">Gladiatorerne var faktisk fanger og kunne ikke flygte, de kunne kun genvinde deres frihed ved at k\u00e6mpe i arenaen og h\u00e5be p\u00e5, at en magtfuld person ville bem\u00e6rke deres mod og styrke og beslutte sig for at befri dem. Dette h\u00e5b var i gladiatorernes hjerter og hjalp dem til bedre at kunne udholde deres sk\u00e6bne.<\/p><p style=\"text-align: center;\">Gladiatoren havde derfor et vanskeligt og meget risikabelt liv. Han k\u00e6mpede for livet, for friheden og for \u00e6ren, og det romerske folk v\u00e6rdsatte og var fascineret af styrken og modet hos den sejrende gladiator, som blev en stor helt.<\/p><\/div>\n\t\t\t\t\t<\/div>\n\t\t\t\t\t<div class=\"jet-unfold__separator\"><\/div>\n\t\t\t\t<\/div>\n\t\t\t\t<div class=\"jet-unfold__trigger\"><div class=\"jet-unfold__button elementor-button elementor-size-md\" href=\"#\" data-unfold-text=\"Mostra di pi\u00f9\" data-fold-text=\"Mostra meno\" data-fold-icon=\"&lt;i aria-hidden=&quot;true&quot; class=&quot;fas fa-chevron-up&quot;&gt;&lt;\/i&gt;\" data-unfold-icon=\"&lt;i aria-hidden=&quot;true&quot; class=&quot;fas fa-chevron-down&quot;&gt;&lt;\/i&gt;\" tabindex=\"0\" role=\"button\"><span class=\"jet-unfold__button-icon jet-tricks-icon\"><i aria-hidden=\"true\" class=\"fas fa-chevron-down\"><\/i><\/span><span class=\"jet-unfold__button-text\">Vis mere<\/span><\/div>\t\t\t\t<\/div>\n\t\t\t<\/div>\n\t\t<\/div>\n\t\t\t\t<\/div>\n\t\t\t\t<\/div>\n\t\t\t\t<section data-dce-background-image-url=\"https:\/\/colosseo-roma.it\/wp-content\/uploads\/2023\/03\/rome-3632318_1920-2.jpg\" class=\"elementor-section elementor-inner-section elementor-element elementor-element-66d3a1d elementor-section-height-min-height elementor-section-boxed elementor-section-height-default\" data-id=\"66d3a1d\" data-element_type=\"section\" data-settings=\"{&quot;jet_parallax_layout_list&quot;:[],&quot;background_background&quot;:&quot;classic&quot;,&quot;ekit_has_onepagescroll_dot&quot;:&quot;yes&quot;}\">\n\t\t\t\t\t\t<div class=\"elementor-container elementor-column-gap-default\">\n\t\t\t\t\t<div class=\"elementor-column elementor-col-100 elementor-inner-column elementor-element elementor-element-fe87e41\" data-id=\"fe87e41\" data-element_type=\"column\">\n\t\t\t<div class=\"elementor-widget-wrap\">\n\t\t\t\t\t\t\t<\/div>\n\t\t<\/div>\n\t\t\t\t\t<\/div>\n\t\t<\/section>\n\t\t\t\t<div class=\"elementor-element elementor-element-347d54d elementor-widget elementor-widget-heading\" data-id=\"347d54d\" data-element_type=\"widget\" data-settings=\"{&quot;ekit_we_effect_on&quot;:&quot;none&quot;}\" data-widget_type=\"heading.default\">\n\t\t\t\t<div class=\"elementor-widget-container\">\n\t\t\t<h5 class=\"elementor-heading-title elementor-size-default\">Hvem var de romerske gladiatorer?<\/h5>\t\t<\/div>\n\t\t\t\t<\/div>\n\t\t\t\t<div class=\"elementor-element elementor-element-4a8b2ba elementor-widget elementor-widget-text-editor\" data-id=\"4a8b2ba\" data-element_type=\"widget\" data-settings=\"{&quot;ekit_we_effect_on&quot;:&quot;none&quot;}\" data-widget_type=\"text-editor.default\">\n\t\t\t\t<div class=\"elementor-widget-container\">\n\t\t\t\t\t\t\t<p>Gladiatorerne var slaver, krigsfanger, men ogs\u00e5 frie m\u00e6nd. Man kunne ogs\u00e5 v\u00e6lge at blive gladiator.<\/p><p>Fra det f\u00f8rste \u00e5rhundrede f.Kr. blev et stort antal slaver, der var skyldige i meget alvorlige forbrydelser, ud over krigsfanger tvunget til at blive gladiatorer.<\/p><p>De blev tvunget til at g\u00e5 p\u00e5 gladiatorskole og fik i de fleste tilf\u00e6lde udskudt deres d\u00f8dsdom, men de havde ogs\u00e5 mulighed for at blive rehabiliteret.<\/p><p>Nogle gladiatorer form\u00e5ede at genvinde en plads i samfundet ved at k\u00e6mpe i arenaen og demonstrere mod og dygtighed med optr\u00e6dener, der fangede tilskuernes anerkendelse.<\/p><p>For nogle slaver var udsigten endnu v\u00e6rre; nogle blev d\u00f8mt til d\u00f8den af vilde dyr (ad bestias). Selv borgere, der begik meget alvorlige forbrydelser, kunne blive d\u00f8mt til en grusom d\u00f8d i arenaen, ved sv\u00e6rdet (ad gladium), og for andre slaver var der den endnu mere tragiske d\u00f8d ved korsf\u00e6stelse (crucifixio).<\/p><p>De fleste gladiatorer blev derfor tvunget ind i denne rolle, men det skortede ikke p\u00e5 frie m\u00e6nd, der m\u00f8dte op frivilligt, fordi de var fascineret af risiko og vold.<\/p><p>Disse m\u00e6nd indgik en kontrakt, der varede i en bestemt periode, og kom p\u00e5 gladiatorskoler for at forberede sig til kampene.<\/p><p>Mange gjorde det for pengenes skyld, andre fordi de var tiltrukket af de st\u00e6rke f\u00f8lelser, de oplevede under kampene, andre for at forlade en tilstand af stor fattigdom, som gjorde det meget sv\u00e6rt for dem at leve og finde en v\u00e6rdig plads i samfundet.<\/p><p>De fleste af de frie borgere, der meldte sig, var hjemsendte soldater, som efter at have v\u00e6ret udsat for s\u00e5 meget vold ikke l\u00e6ngere kunne integreres i det normale byliv.<\/p><p>Det skete ogs\u00e5, at s\u00f8nner af riddere og senatorer k\u00e6mpede som frivillige i arenaen, m\u00e5ske for en gangs skyld og med mindre farlige v\u00e5ben, sandsynligvis for at bevise noget eller for at \u00e6ndre deres liv p\u00e5 en eller anden m\u00e5de.<\/p><p>Nogle aristokrater k\u00e6mpede ogs\u00e5 i arenaen uden at f\u00f8lge tr\u00e6ningen p\u00e5 gladiatorskolerne. Senatorer og riddere blev midlertidigt gladiatorer for sjov, eller fordi de blev tvunget til det af kejseren, som ville opkr\u00e6ve noget af dem.<\/p><p>Tilsyneladende kunne selv kejserne ikke modst\u00e5 fristelsen ved at k\u00e6mpe i Colosseum.<\/p><p>Nogle af dem, som Titus, Hadrian, Caligula og den ber\u00f8mte komiker, der j\u00e6vnligt kl\u00e6dte sig ud som gladiator, optr\u00e5dte i arenaen.<\/p><p>Meget belejligt ser det ud til at have v\u00e6ret en rigtig hobby, en slags leg og underholdning, og det er klart, at ingen gladiator nogensinde ville have vovet at skade sin kejser...<\/p>\t\t\t\t\t\t<\/div>\n\t\t\t\t<\/div>\n\t\t\t\t<section data-dce-background-image-url=\"https:\/\/colosseo-roma.it\/wp-content\/uploads\/2023\/03\/colosseum-75003_1920.jpg\" class=\"elementor-section elementor-inner-section elementor-element elementor-element-e433b2f elementor-section-height-min-height elementor-section-boxed elementor-section-height-default\" data-id=\"e433b2f\" data-element_type=\"section\" data-settings=\"{&quot;jet_parallax_layout_list&quot;:[],&quot;background_background&quot;:&quot;classic&quot;,&quot;ekit_has_onepagescroll_dot&quot;:&quot;yes&quot;}\">\n\t\t\t\t\t\t<div class=\"elementor-container elementor-column-gap-default\">\n\t\t\t\t\t<div class=\"elementor-column elementor-col-100 elementor-inner-column elementor-element elementor-element-9e57a8c\" data-id=\"9e57a8c\" data-element_type=\"column\">\n\t\t\t<div class=\"elementor-widget-wrap\">\n\t\t\t\t\t\t\t<\/div>\n\t\t<\/div>\n\t\t\t\t\t<\/div>\n\t\t<\/section>\n\t\t\t\t<div class=\"elementor-element elementor-element-4820706 elementor-widget elementor-widget-heading\" data-id=\"4820706\" data-element_type=\"widget\" data-settings=\"{&quot;ekit_we_effect_on&quot;:&quot;none&quot;}\" data-widget_type=\"heading.default\">\n\t\t\t\t<div class=\"elementor-widget-container\">\n\t\t\t<h5 class=\"elementor-heading-title elementor-size-default\">Forventet levealder for Roms gladiatorer<\/h5>\t\t<\/div>\n\t\t\t\t<\/div>\n\t\t\t\t<div class=\"elementor-element elementor-element-95a5248 elementor-widget elementor-widget-text-editor\" data-id=\"95a5248\" data-element_type=\"widget\" data-settings=\"{&quot;ekit_we_effect_on&quot;:&quot;none&quot;}\" data-widget_type=\"text-editor.default\">\n\t\t\t\t<div class=\"elementor-widget-container\">\n\t\t\t\t\t\t\t<p>Hvilken forventet levealder havde gladiatorerne? Under hvilke forhold m\u00f8dte de arenaen? Hvordan kunne en kamp ende for en gladiator i arenaen?<\/p><p>Sk\u00e6ndes med sine kolleger og venner.<\/p><p>En kamp i arenaen for en gladiator kunne ende p\u00e5 fem forskellige m\u00e5der: Gladiatoren kunne vinde eller blive dr\u00e6bt, han kunne blive henrettet af folket eller af kejseren efter at have overgivet sig, han kunne forlade arenaen i live af n\u00e5de, og hvis kampen endte uafgjort, kunne han forlade arenaen sammen med sin modstander.<\/p><p>N\u00e5r en gladiator skulle k\u00e6mpe, vidste han, at sandsynligheden for at d\u00f8 var ret stor, b\u00e5de i arenaen og af sine skader. Gladiatorer, der opf\u00f8rte sig heltemodigt, havde st\u00f8rre sandsynlighed for at blive ben\u00e5det af folket.<\/p><p>Mange gladiatorer d\u00f8de unge, selv efter kun \u00e9n kamp.<\/p><p>N\u00e5r jeg pr\u00f8ver at forestille mig gladiatorernes sindstilstand, mens de tr\u00e6nede, mens de delte skoler og det sted, hvor de boede, sl\u00e5r det mig, at det nok var sv\u00e6rt for mange af dem at tale med den ven, der ville blive en fjende i arenaen, som de ville blive konfronteret med og m\u00e5ske dr\u00e6bt af, eller som de ville blive dr\u00e6bt af.<\/p><p>Det stress, som gladiatorerne blev udsat for hver dag, var bestemt ingen dans p\u00e5 roser, og levevilk\u00e5rene var alt andet end lette, is\u00e6r for dem, der ikke havde et godt ry og blev betragtet som middelm\u00e5dige krigere.<\/p><p>Faktisk ser det ud til, at mange gladiatorer, is\u00e6r nye rekrutter, ofte fors\u00f8gte at flygte. Det ser ogs\u00e5 ud til, at mange af de gladiatorer, der ikke blev betragtet som helte og store krigere, og som levede et meget vanskeligt hverdagsliv, foretrak selvmord frem for den ydmygelse og \u00e6rel\u00f8se d\u00f8d, som de kunne blive udsat for i arenaen.<\/p>\t\t\t\t\t\t<\/div>\n\t\t\t\t<\/div>\n\t\t\t\t<section data-dce-background-image-url=\"https:\/\/colosseo-roma.it\/wp-content\/uploads\/2023\/03\/rome-173469_1920.jpg\" class=\"elementor-section elementor-inner-section elementor-element elementor-element-242c095 elementor-section-height-min-height elementor-section-boxed elementor-section-height-default\" data-id=\"242c095\" data-element_type=\"section\" data-settings=\"{&quot;jet_parallax_layout_list&quot;:[],&quot;background_background&quot;:&quot;classic&quot;,&quot;ekit_has_onepagescroll_dot&quot;:&quot;yes&quot;}\">\n\t\t\t\t\t\t<div class=\"elementor-container elementor-column-gap-default\">\n\t\t\t\t\t<div class=\"elementor-column elementor-col-100 elementor-inner-column elementor-element elementor-element-65b01bc\" data-id=\"65b01bc\" data-element_type=\"column\">\n\t\t\t<div class=\"elementor-widget-wrap\">\n\t\t\t\t\t\t\t<\/div>\n\t\t<\/div>\n\t\t\t\t\t<\/div>\n\t\t<\/section>\n\t\t\t\t<div class=\"elementor-element elementor-element-48304c1 elementor-widget elementor-widget-heading\" data-id=\"48304c1\" data-element_type=\"widget\" data-settings=\"{&quot;ekit_we_effect_on&quot;:&quot;none&quot;}\" data-widget_type=\"heading.default\">\n\t\t\t\t<div class=\"elementor-widget-container\">\n\t\t\t<h5 class=\"elementor-heading-title elementor-size-default\">Oprindelse af gladiatorkampe eller gladiatorspil<\/h5>\t\t<\/div>\n\t\t\t\t<\/div>\n\t\t\t\t<div class=\"elementor-element elementor-element-d6becbf elementor-widget elementor-widget-text-editor\" data-id=\"d6becbf\" data-element_type=\"widget\" data-settings=\"{&quot;ekit_we_effect_on&quot;:&quot;none&quot;}\" data-widget_type=\"text-editor.default\">\n\t\t\t\t<div class=\"elementor-widget-container\">\n\t\t\t\t\t\t\t<p>Hvordan begyndte gladiatorkampene eller gladiatorspillene? Hvorn\u00e5r blev der afholdt gladiatorkampe?<\/p><p>Gladiatorkamp og kult af de d\u00f8de.<\/p><p>Gladiatorkampe (munera) har deres oprindelse i kulten omkring de d\u00f8de. Vi kan se, at det allerede i Homers Iliaden fort\u00e6lles, at der til \u00e6re for den afd\u00f8de helt Patroklos blev afholdt begravelseslege, og at der til dette blev ofret fanger, som skulle k\u00e6mpe mod hinanden til d\u00f8den. Med disse ofre mente man, at den afd\u00f8des \u00e5nd kunne finde fred, \u00e6gte magiske ritualer<\/p><p>Det ser ud til, at de f\u00f8rste romerske ludi kan spores tilbage til Tarquinius Priscus' tid, da Rom var under etruskernes indflydelse, men gladiatorkampene kom til langt senere.<\/p><p>I 264 f.Kr. var der den f\u00f8rste kamp mellem gladiatorer til \u00e6re for den tiende Junius Brutus Pera under begravelsesceremonien.<\/p><p>Snart blev gladiatorkampe en vigtig del af de romerske adelsm\u00e6nds begravelsesceremonier, men ogs\u00e5 af s\u00e6rlige begivenheder og festligheder i det romerske liv.<\/p><p>\"[...] inferiae er ofre for de d\u00f8de, ofret til de d\u00f8des rige. Det var utvivlsomt skik at dr\u00e6be krigsfanger foran de tapre m\u00e6nds grave: Da denne skik virkede grusom, syntes det passende at lade gladiatorer kaldet bustuarii, fra busta [...] k\u00e6mpe foran gravene.<\/p><p>(kommentarer i vergili aeneidos, bog x, 519)<\/p><p>Ud over gladiatorkampe, henrettelser og jagtshows med vilde dyr blev der ogs\u00e5 opf\u00f8rt tragedier og komedier, og fra 186 f.Kr. og frem. begyndte gr\u00e6ske professionelle atleter ogs\u00e5 at optr\u00e6de i Rom.<\/p><p>Et andet stort skue var vognl\u00f8bet, hvor den f\u00f8rste, der krydsede m\u00e5lstregen med vognen trukket af de fire heste, opn\u00e5ede stor ber\u00f8mmelse blandt det romerske folk.<\/p><p>Men p\u00e5 trods af de mange forskellige forestillinger var favoritten altid gladiatorkampene, som blev arrangeret af folkevalgte embedsm\u00e6nd.<\/p><p>For at blive til noget og blive v\u00e6rdsat af folket m\u00e5tte man skabe et uforglemmeligt skuespil med forskellige overd\u00e5dige og dyre underholdninger.<\/p>\t\t\t\t\t\t<\/div>\n\t\t\t\t<\/div>\n\t\t\t\t\t<\/div>\n\t\t<\/div>\n\t\t\t\t\t<\/div>\n\t\t<\/section>\n\t\t\t\t<\/div>","protected":false},"excerpt":{"rendered":"<p>Gladiatoren I det flaviske amfiteater fandt gladiatorkampene sted om eftermiddagen. Deres navn kommer fra det korte sv\u00e6rd, de brugte i kampene: 'gladius'. Roms gladiatorer l\u00e6rte gladiatorkampens kunst i \"ludi\", skoler, som var barakker, der mindede meget om de f\u00e6ngsler, der fandtes i hele imperiet; de sov i sm\u00e5 celler, der var arrangeret [...].<\/p>","protected":false},"author":1,"featured_media":0,"parent":556,"menu_order":2,"comment_status":"closed","ping_status":"closed","template":"","meta":{"site-sidebar-layout":"no-sidebar","site-content-layout":"page-builder","ast-site-content-layout":"full-width-container","site-content-style":"unboxed","site-sidebar-style":"unboxed","ast-global-header-display":"","ast-banner-title-visibility":"","ast-main-header-display":"","ast-hfb-above-header-display":"","ast-hfb-below-header-display":"","ast-hfb-mobile-header-display":"","site-post-title":"disabled","ast-breadcrumbs-content":"","ast-featured-img":"disabled","footer-sml-layout":"","ast-disable-related-posts":"","theme-transparent-header-meta":"default","adv-header-id-meta":"","stick-header-meta":"","header-above-stick-meta":"","header-main-stick-meta":"","header-below-stick-meta":"","astra-migrate-meta-layouts":"set","ast-page-background-enabled":"default","ast-page-background-meta":{"desktop":{"background-color":"var(--ast-global-color-4)","background-image":"","background-repeat":"repeat","background-position":"center center","background-size":"auto","background-attachment":"scroll","background-type":"","background-media":"","overlay-type":"","overlay-color":"","overlay-opacity":"","overlay-gradient":""},"tablet":{"background-color":"","background-image":"","background-repeat":"repeat","background-position":"center center","background-size":"auto","background-attachment":"scroll","background-type":"","background-media":"","overlay-type":"","overlay-color":"","overlay-opacity":"","overlay-gradient":""},"mobile":{"background-color":"","background-image":"","background-repeat":"repeat","background-position":"center center","background-size":"auto","background-attachment":"scroll","background-type":"","background-media":"","overlay-type":"","overlay-color":"","overlay-opacity":"","overlay-gradient":""}},"ast-content-background-meta":{"desktop":{"background-color":"var(--ast-global-color-5)","background-image":"","background-repeat":"repeat","background-position":"center center","background-size":"auto","background-attachment":"scroll","background-type":"","background-media":"","overlay-type":"","overlay-color":"","overlay-opacity":"","overlay-gradient":""},"tablet":{"background-color":"var(--ast-global-color-5)","background-image":"","background-repeat":"repeat","background-position":"center center","background-size":"auto","background-attachment":"scroll","background-type":"","background-media":"","overlay-type":"","overlay-color":"","overlay-opacity":"","overlay-gradient":""},"mobile":{"background-color":"var(--ast-global-color-5)","background-image":"","background-repeat":"repeat","background-position":"center center","background-size":"auto","background-attachment":"scroll","background-type":"","background-media":"","overlay-type":"","overlay-color":"","overlay-opacity":"","overlay-gradient":""}},"iawp_total_views":3076,"footnotes":""},"class_list":["post-61","page","type-page","status-publish","hentry"],"_links":{"self":[{"href":"https:\/\/colosseo-roma.it\/da\/wp-json\/wp\/v2\/pages\/61","targetHints":{"allow":["GET"]}}],"collection":[{"href":"https:\/\/colosseo-roma.it\/da\/wp-json\/wp\/v2\/pages"}],"about":[{"href":"https:\/\/colosseo-roma.it\/da\/wp-json\/wp\/v2\/types\/page"}],"author":[{"embeddable":true,"href":"https:\/\/colosseo-roma.it\/da\/wp-json\/wp\/v2\/users\/1"}],"replies":[{"embeddable":true,"href":"https:\/\/colosseo-roma.it\/da\/wp-json\/wp\/v2\/comments?post=61"}],"version-history":[{"count":0,"href":"https:\/\/colosseo-roma.it\/da\/wp-json\/wp\/v2\/pages\/61\/revisions"}],"up":[{"embeddable":true,"href":"https:\/\/colosseo-roma.it\/da\/wp-json\/wp\/v2\/pages\/556"}],"wp:attachment":[{"href":"https:\/\/colosseo-roma.it\/da\/wp-json\/wp\/v2\/media?parent=61"}],"curies":[{"name":"wp","href":"https:\/\/api.w.org\/{rel}","templated":true}]}}