{"id":69,"date":"2023-03-10T11:33:26","date_gmt":"2023-03-10T10:33:26","guid":{"rendered":"https:\/\/wordpress-1074717-3818660.cloudwaysapps.com\/?page_id=69"},"modified":"2026-01-26T16:43:14","modified_gmt":"2026-01-26T15:43:14","slug":"septimius-severus-buen","status":"publish","type":"page","link":"https:\/\/colosseo-roma.it\/da\/romerne\/monumenter-rom\/septimius-severus-buen\/","title":{"rendered":"\u00c6rke Septimius Severus"},"content":{"rendered":"<div data-elementor-type=\"wp-page\" data-elementor-id=\"69\" class=\"elementor elementor-69\" data-elementor-post-type=\"page\">\n\t\t\t\t\t\t<section class=\"elementor-section elementor-top-section elementor-element elementor-element-8de9a62 elementor-section-boxed elementor-section-height-default elementor-section-height-default\" data-id=\"8de9a62\" data-element_type=\"section\" data-settings=\"{&quot;jet_parallax_layout_list&quot;:[],&quot;ekit_has_onepagescroll_dot&quot;:&quot;yes&quot;}\">\n\t\t\t\t\t\t<div class=\"elementor-container elementor-column-gap-default\">\n\t\t\t\t\t<div class=\"elementor-column elementor-col-100 elementor-top-column elementor-element elementor-element-d0321ef\" data-id=\"d0321ef\" data-element_type=\"column\">\n\t\t\t<div class=\"elementor-widget-wrap elementor-element-populated\">\n\t\t\t\t\t\t<div class=\"elementor-element elementor-element-4035443 elementor-widget elementor-widget-heading\" data-id=\"4035443\" data-element_type=\"widget\" data-settings=\"{&quot;ekit_we_effect_on&quot;:&quot;none&quot;}\" data-widget_type=\"heading.default\">\n\t\t\t\t<div class=\"elementor-widget-container\">\n\t\t\t<h1 class=\"elementor-heading-title elementor-size-default\">\u00c6rke Septimius Severus<\/h1>\t\t<\/div>\n\t\t\t\t<\/div>\n\t\t\t\t<div class=\"elementor-element elementor-element-c42ca4a elementor-widget elementor-widget-heading\" data-id=\"c42ca4a\" data-element_type=\"widget\" data-settings=\"{&quot;ekit_we_effect_on&quot;:&quot;none&quot;}\" data-widget_type=\"heading.default\">\n\t\t\t\t<div class=\"elementor-widget-container\">\n\t\t\t<div class=\"elementor-heading-title elementor-size-default\">Septimius Severus' triumfbue i Rom. Buen, der fejrede sejren over dele og adobe<\/div>\t\t<\/div>\n\t\t\t\t<\/div>\n\t\t\t\t<div class=\"elementor-element elementor-element-7524f9e elementor-widget elementor-widget-jet-unfold\" data-id=\"7524f9e\" data-element_type=\"widget\" data-settings=\"{&quot;mask_height&quot;:{&quot;unit&quot;:&quot;px&quot;,&quot;size&quot;:57,&quot;sizes&quot;:[]},&quot;mask_height_tablet&quot;:{&quot;unit&quot;:&quot;px&quot;,&quot;size&quot;:53,&quot;sizes&quot;:[]},&quot;mask_height_mobile&quot;:{&quot;unit&quot;:&quot;px&quot;,&quot;size&quot;:100,&quot;sizes&quot;:[]},&quot;unfold_duration&quot;:{&quot;unit&quot;:&quot;ms&quot;,&quot;size&quot;:500,&quot;sizes&quot;:[]},&quot;unfold_easing&quot;:&quot;easeOutBack&quot;,&quot;fold_duration&quot;:{&quot;unit&quot;:&quot;ms&quot;,&quot;size&quot;:300,&quot;sizes&quot;:[]},&quot;fold_easing&quot;:&quot;easeOutSine&quot;,&quot;ekit_we_effect_on&quot;:&quot;none&quot;}\" data-widget_type=\"jet-unfold.default\">\n\t\t\t\t<div class=\"elementor-widget-container\">\n\t\t\t\t\t<div class=\"jet-unfold\" data-settings=\"{&quot;height&quot;:{&quot;unit&quot;:&quot;px&quot;,&quot;size&quot;:57,&quot;sizes&quot;:[]},&quot;separatorHeight&quot;:{&quot;unit&quot;:&quot;px&quot;,&quot;size&quot;:&quot;&quot;,&quot;sizes&quot;:[]},&quot;unfoldDuration&quot;:{&quot;unit&quot;:&quot;ms&quot;,&quot;size&quot;:500,&quot;sizes&quot;:[]},&quot;foldDuration&quot;:{&quot;unit&quot;:&quot;ms&quot;,&quot;size&quot;:300,&quot;sizes&quot;:[]},&quot;unfoldEasing&quot;:&quot;easeOutBack&quot;,&quot;foldEasing&quot;:&quot;easeOutSine&quot;,&quot;foldScrolling&quot;:&quot;false&quot;,&quot;hideOutsideClick&quot;:&quot;false&quot;,&quot;autoHide&quot;:&quot;false&quot;,&quot;autoHideTime&quot;:&quot;&quot;,&quot;foldScrollOffset&quot;:null}\">\n\t\t\t<div class=\"jet-unfold__inner\">\n\t\t\t\t<div class=\"jet-unfold__mask\">\n\t\t\t\t\t<div class=\"jet-unfold__content\">\n\t\t\t\t\t\t<div class=\"jet-unfold__content-inner elementor-text-editor elementor-clearfix\"><p>Septimius Severus-buen blev opf\u00f8rt i 203. Det er en triumfbue, som senatet dedikerede til kejser Septimius og hans s\u00f8nner, Caracalla og Geta. Den fejrede sejren over partherne og adiberne. Det kan man se af den storsl\u00e5ede dedikation, som findes p\u00e5 begge sider af loftet.<\/p><\/div>\n\t\t\t\t\t<\/div>\n\t\t\t\t\t<div class=\"jet-unfold__separator\"><\/div>\n\t\t\t\t<\/div>\n\t\t\t\t<div class=\"jet-unfold__trigger\"><div class=\"jet-unfold__button elementor-button elementor-size-md\" href=\"#\" data-unfold-text=\"Mostra di pi\u00f9\" data-fold-text=\"Mostra meno\" data-fold-icon=\"&lt;i aria-hidden=&quot;true&quot; class=&quot;fas fa-chevron-up&quot;&gt;&lt;\/i&gt;\" data-unfold-icon=\"&lt;i aria-hidden=&quot;true&quot; class=&quot;fas fa-chevron-down&quot;&gt;&lt;\/i&gt;\" tabindex=\"0\" role=\"button\"><span class=\"jet-unfold__button-icon jet-tricks-icon\"><i aria-hidden=\"true\" class=\"fas fa-chevron-down\"><\/i><\/span><span class=\"jet-unfold__button-text\">Vis mere<\/span><\/div>\t\t\t\t<\/div>\n\t\t\t<\/div>\n\t\t<\/div>\n\t\t\t\t<\/div>\n\t\t\t\t<\/div>\n\t\t\t\t<section data-dce-background-image-url=\"https:\/\/colosseo-roma.it\/wp-content\/uploads\/2023\/03\/arco-settimino.jpg\" class=\"elementor-section elementor-inner-section elementor-element elementor-element-dfacdbb elementor-section-height-min-height elementor-section-boxed elementor-section-height-default\" data-id=\"dfacdbb\" data-element_type=\"section\" data-settings=\"{&quot;jet_parallax_layout_list&quot;:[],&quot;background_background&quot;:&quot;classic&quot;,&quot;ekit_has_onepagescroll_dot&quot;:&quot;yes&quot;}\">\n\t\t\t\t\t\t<div class=\"elementor-container elementor-column-gap-default\">\n\t\t\t\t\t<div class=\"elementor-column elementor-col-100 elementor-inner-column elementor-element elementor-element-a2113b8\" data-id=\"a2113b8\" data-element_type=\"column\">\n\t\t\t<div class=\"elementor-widget-wrap\">\n\t\t\t\t\t\t\t<\/div>\n\t\t<\/div>\n\t\t\t\t\t<\/div>\n\t\t<\/section>\n\t\t\t\t<div class=\"elementor-element elementor-element-379d1a9 elementor-widget elementor-widget-text-editor\" data-id=\"379d1a9\" data-element_type=\"widget\" data-settings=\"{&quot;ekit_we_effect_on&quot;:&quot;none&quot;}\" data-widget_type=\"text-editor.default\">\n\t\t\t\t<div class=\"elementor-widget-container\">\n\t\t\t\t\t\t\t<p>Den trebuede bue var oprindeligt kronet af en bronzekvadriga.<\/p><p>Septimius Severus' bue er kendetegnet ved rige dekorationer. Stilen p\u00e5 disse ret slidte relieffer er fort\u00e6llende. Fort\u00e6llingen er skematisk og effektiv og omfatter, ud over sejre, guder, en frise med kejserens triumf, romerske soldater med fanger og fire paneler, der skildrer Septimius Severus' felttog i Mesopotamien.<\/p><p>De skulpterede scener blev sandsynligvis skabt ud fra de malerier, der fortalte om de forskellige begivenheder i krigen. Malerierne blev sendt til senatet fra Mesopotamien for at forberede triumfen.<\/p><p>Det udvendige af Septimius Severus-buen er st\u00e6rkt chiaroscuro og d\u00e6kket af marmor. Den er bygget i opus quadratum. Tilsyneladende er det den \u00e6ldste bevarede bue i Rom, som har fritst\u00e5ende s\u00f8jler og ikke l\u00e6ner sig op ad bropillerne.<\/p>\t\t\t\t\t\t<\/div>\n\t\t\t\t<\/div>\n\t\t\t\t<div class=\"elementor-element elementor-element-bc5ed05 elementor-align-center elementor-widget elementor-widget-button\" data-id=\"bc5ed05\" data-element_type=\"widget\" data-settings=\"{&quot;ekit_we_effect_on&quot;:&quot;none&quot;}\" data-widget_type=\"button.default\">\n\t\t\t\t<div class=\"elementor-widget-container\">\n\t\t\t\t\t<div class=\"elementor-button-wrapper\">\n\t\t\t<a class=\"elementor-button elementor-button-link elementor-size-sm\" href=\"\/da\/monumenti\/\">\n\t\t\t\t\t\t<span class=\"elementor-button-content-wrapper\">\n\t\t\t\t\t\t<span class=\"elementor-button-icon\">\n\t\t\t\t<i aria-hidden=\"true\" class=\"far fa-long-arrow-alt-right\"><\/i>\t\t\t<\/span>\n\t\t\t\t\t\t\t\t\t<span class=\"elementor-button-text\">Oplev de andre hovedmonumenter<\/span>\n\t\t\t\t\t<\/span>\n\t\t\t\t\t<\/a>\n\t\t<\/div>\n\t\t\t\t<\/div>\n\t\t\t\t<\/div>\n\t\t\t\t\t<\/div>\n\t\t<\/div>\n\t\t\t\t\t<\/div>\n\t\t<\/section>\n\t\t\t\t<\/div>","protected":false},"excerpt":{"rendered":"<p>Septimius Severus-buen Septimius Severus' triumfbue i Rom. Buen, der fejrede sejren over dele og adibenter Septimius Severus' bue, blev opf\u00f8rt i 203. Det er en triumfbue, som senatet dedikerede til kejser Septimius og hans s\u00f8nner, Caracalla og Geta. Den fejrede sejren over partherne og adiberne. Den kan ses [...]<\/p>","protected":false},"author":1,"featured_media":0,"parent":63,"menu_order":3,"comment_status":"closed","ping_status":"closed","template":"","meta":{"site-sidebar-layout":"no-sidebar","site-content-layout":"page-builder","ast-site-content-layout":"full-width-container","site-content-style":"unboxed","site-sidebar-style":"unboxed","ast-global-header-display":"","ast-banner-title-visibility":"","ast-main-header-display":"","ast-hfb-above-header-display":"","ast-hfb-below-header-display":"","ast-hfb-mobile-header-display":"","site-post-title":"disabled","ast-breadcrumbs-content":"","ast-featured-img":"disabled","footer-sml-layout":"","ast-disable-related-posts":"","theme-transparent-header-meta":"default","adv-header-id-meta":"","stick-header-meta":"","header-above-stick-meta":"","header-main-stick-meta":"","header-below-stick-meta":"","astra-migrate-meta-layouts":"set","ast-page-background-enabled":"default","ast-page-background-meta":{"desktop":{"background-color":"var(--ast-global-color-4)","background-image":"","background-repeat":"repeat","background-position":"center center","background-size":"auto","background-attachment":"scroll","background-type":"","background-media":"","overlay-type":"","overlay-color":"","overlay-opacity":"","overlay-gradient":""},"tablet":{"background-color":"","background-image":"","background-repeat":"repeat","background-position":"center center","background-size":"auto","background-attachment":"scroll","background-type":"","background-media":"","overlay-type":"","overlay-color":"","overlay-opacity":"","overlay-gradient":""},"mobile":{"background-color":"","background-image":"","background-repeat":"repeat","background-position":"center center","background-size":"auto","background-attachment":"scroll","background-type":"","background-media":"","overlay-type":"","overlay-color":"","overlay-opacity":"","overlay-gradient":""}},"ast-content-background-meta":{"desktop":{"background-color":"var(--ast-global-color-5)","background-image":"","background-repeat":"repeat","background-position":"center center","background-size":"auto","background-attachment":"scroll","background-type":"","background-media":"","overlay-type":"","overlay-color":"","overlay-opacity":"","overlay-gradient":""},"tablet":{"background-color":"var(--ast-global-color-5)","background-image":"","background-repeat":"repeat","background-position":"center center","background-size":"auto","background-attachment":"scroll","background-type":"","background-media":"","overlay-type":"","overlay-color":"","overlay-opacity":"","overlay-gradient":""},"mobile":{"background-color":"var(--ast-global-color-5)","background-image":"","background-repeat":"repeat","background-position":"center center","background-size":"auto","background-attachment":"scroll","background-type":"","background-media":"","overlay-type":"","overlay-color":"","overlay-opacity":"","overlay-gradient":""}},"iawp_total_views":276,"footnotes":""},"class_list":["post-69","page","type-page","status-publish","hentry"],"_links":{"self":[{"href":"https:\/\/colosseo-roma.it\/da\/wp-json\/wp\/v2\/pages\/69","targetHints":{"allow":["GET"]}}],"collection":[{"href":"https:\/\/colosseo-roma.it\/da\/wp-json\/wp\/v2\/pages"}],"about":[{"href":"https:\/\/colosseo-roma.it\/da\/wp-json\/wp\/v2\/types\/page"}],"author":[{"embeddable":true,"href":"https:\/\/colosseo-roma.it\/da\/wp-json\/wp\/v2\/users\/1"}],"replies":[{"embeddable":true,"href":"https:\/\/colosseo-roma.it\/da\/wp-json\/wp\/v2\/comments?post=69"}],"version-history":[{"count":0,"href":"https:\/\/colosseo-roma.it\/da\/wp-json\/wp\/v2\/pages\/69\/revisions"}],"up":[{"embeddable":true,"href":"https:\/\/colosseo-roma.it\/da\/wp-json\/wp\/v2\/pages\/63"}],"wp:attachment":[{"href":"https:\/\/colosseo-roma.it\/da\/wp-json\/wp\/v2\/media?parent=69"}],"curies":[{"name":"wp","href":"https:\/\/api.w.org\/{rel}","templated":true}]}}