{"id":77,"date":"2023-03-10T11:34:31","date_gmt":"2023-03-10T10:34:31","guid":{"rendered":"https:\/\/wordpress-1074717-3818660.cloudwaysapps.com\/?page_id=77"},"modified":"2026-01-26T16:43:07","modified_gmt":"2026-01-26T15:43:07","slug":"via-emilia","status":"publish","type":"page","link":"https:\/\/colosseo-roma.it\/da\/romerne\/veje\/via-emilia\/","title":{"rendered":"Via Emilia"},"content":{"rendered":"<div data-elementor-type=\"wp-page\" data-elementor-id=\"77\" class=\"elementor elementor-77\" data-elementor-post-type=\"page\">\n\t\t\t\t\t\t<section class=\"elementor-section elementor-top-section elementor-element elementor-element-f71a303 elementor-section-boxed elementor-section-height-default elementor-section-height-default\" data-id=\"f71a303\" data-element_type=\"section\" data-settings=\"{&quot;jet_parallax_layout_list&quot;:[],&quot;ekit_has_onepagescroll_dot&quot;:&quot;yes&quot;}\">\n\t\t\t\t\t\t<div class=\"elementor-container elementor-column-gap-default\">\n\t\t\t\t\t<div class=\"elementor-column elementor-col-100 elementor-top-column elementor-element elementor-element-bd018f7\" data-id=\"bd018f7\" data-element_type=\"column\">\n\t\t\t<div class=\"elementor-widget-wrap elementor-element-populated\">\n\t\t\t\t\t\t<div class=\"elementor-element elementor-element-60fc539 elementor-widget elementor-widget-heading\" data-id=\"60fc539\" data-element_type=\"widget\" data-settings=\"{&quot;ekit_we_effect_on&quot;:&quot;none&quot;}\" data-widget_type=\"heading.default\">\n\t\t\t\t<div class=\"elementor-widget-container\">\n\t\t\t<h1 class=\"elementor-heading-title elementor-size-default\">Via Emilia<\/h1>\t\t<\/div>\n\t\t\t\t<\/div>\n\t\t\t\t<div class=\"elementor-element elementor-element-cbc1e95 elementor-widget elementor-widget-heading\" data-id=\"cbc1e95\" data-element_type=\"widget\" data-settings=\"{&quot;ekit_we_effect_on&quot;:&quot;none&quot;}\" data-widget_type=\"heading.default\">\n\t\t\t\t<div class=\"elementor-widget-container\">\n\t\t\t<div class=\"elementor-heading-title elementor-size-default\">Romerske veje, konsularveje i det gamle Rom<\/div>\t\t<\/div>\n\t\t\t\t<\/div>\n\t\t\t\t<div class=\"elementor-element elementor-element-3308ae6 elementor-widget elementor-widget-text-editor\" data-id=\"3308ae6\" data-element_type=\"widget\" data-settings=\"{&quot;ekit_we_effect_on&quot;:&quot;none&quot;}\" data-widget_type=\"text-editor.default\">\n\t\t\t\t<div class=\"elementor-widget-container\">\n\t\t\t\t\t\t\t<p>\u00a0Via Emilia, den gamle vej, som var praktisk for den romerske h\u00e6r.<\/p><p>Den gamle romerske vej gennem Emilia Romagna gjorde det muligt for den romerske h\u00e6r at bev\u00e6ge sig hurtigt og n\u00e5 frem til byen Placentia.<\/p><p>Via Emilia opstod i det gamle Rom som en romersk vej. Den blev bygget mellem 189 og 187 f.Kr. af konsul Marco Emilio Lepido. Vejen blev bygget for at forbinde rimini direkte med piacenza p\u00e5 et tidspunkt, hvor 'placentia' var omringet af Boii-gallerne, som, selv om de var blevet besejret af romerne, havde n\u00e6gtet at underskrive en fredstraktat med rom og truede med opr\u00f8r.<\/p><p>Rom besluttede derfor at bygge en praktisk vej, s\u00e5 h\u00e6ren hurtigt kunne komme til Placentia og v\u00e6re klar til at undertrykke enhver form for opr\u00f8r fra Boii-gallierne.<\/p><p>Flere \u00e5r senere blev vejen forl\u00e6nget fra Piacenza til Milano.<\/p><p>De vigtigste byer, der krydses af Via Emilia, og som blev grundlagt af romerne, er: caesena (cesena), forum popili (forlimpopoli), forum livii (forl\u00ec), faventia (faenza), forum cornelii (imola), bononia (bologna), mutina (modena), regium lepidi (reggio emilia), tannetum (sant ilario d'enza), fidentia (fidenza), parma, placentia (piacenza).<br \/><br \/>Via Aemilia forbandt to meget vigtige romerske veje: Via Emilia, som startede i Rom og n\u00e5ede Rimini (en koloni grundlagt i 268 f.Kr.), og Via Postumia, som gik fra Piacenza til Aquileia.<br \/><br \/>Selv i dag er den romerske Via Emilia hovedf\u00e6rdsels\u00e5ren i Emilia Romagna (den region, der er opkaldt efter vejen). Via Emilia er en bred og behagelig vej, for det meste lige, et typisk tr\u00e6k ved romerske veje. Romerne begyndte at bygge lange, lige veje til milit\u00e6re, kommercielle og politiske form\u00e5l; de var n\u00f8dvendige for v\u00e6ksten i deres imperium, fordi de gjorde det muligt for den romerske h\u00e6r at bev\u00e6ge sig hurtigt.<\/p>\t\t\t\t\t\t<\/div>\n\t\t\t\t<\/div>\n\t\t\t\t\t<\/div>\n\t\t<\/div>\n\t\t\t\t\t<\/div>\n\t\t<\/section>\n\t\t\t\t<\/div>","protected":false},"excerpt":{"rendered":"<p>La Via Emilia Strade romane, Vie consolari dell&#8217;antica Roma La Via Emilia, la strada antica comoda per l\u2019esercito romano. L\u2019antica strada romana che attraversa l\u2019emilia romagna permetteva all\u2019esercito romano di muoversi rapidamente e raggiungere la citt\u00e0 di placentia. La via emilia nasce nell\u2019antica roma come strada romana. fatta costruire tra il 189 e il 187 [&hellip;]<\/p>","protected":false},"author":1,"featured_media":0,"parent":75,"menu_order":0,"comment_status":"closed","ping_status":"closed","template":"","meta":{"site-sidebar-layout":"no-sidebar","site-content-layout":"page-builder","ast-site-content-layout":"full-width-container","site-content-style":"unboxed","site-sidebar-style":"unboxed","ast-global-header-display":"","ast-banner-title-visibility":"","ast-main-header-display":"","ast-hfb-above-header-display":"","ast-hfb-below-header-display":"","ast-hfb-mobile-header-display":"","site-post-title":"disabled","ast-breadcrumbs-content":"","ast-featured-img":"disabled","footer-sml-layout":"","ast-disable-related-posts":"","theme-transparent-header-meta":"default","adv-header-id-meta":"","stick-header-meta":"","header-above-stick-meta":"","header-main-stick-meta":"","header-below-stick-meta":"","astra-migrate-meta-layouts":"set","ast-page-background-enabled":"default","ast-page-background-meta":{"desktop":{"background-color":"var(--ast-global-color-4)","background-image":"","background-repeat":"repeat","background-position":"center center","background-size":"auto","background-attachment":"scroll","background-type":"","background-media":"","overlay-type":"","overlay-color":"","overlay-opacity":"","overlay-gradient":""},"tablet":{"background-color":"","background-image":"","background-repeat":"repeat","background-position":"center center","background-size":"auto","background-attachment":"scroll","background-type":"","background-media":"","overlay-type":"","overlay-color":"","overlay-opacity":"","overlay-gradient":""},"mobile":{"background-color":"","background-image":"","background-repeat":"repeat","background-position":"center center","background-size":"auto","background-attachment":"scroll","background-type":"","background-media":"","overlay-type":"","overlay-color":"","overlay-opacity":"","overlay-gradient":""}},"ast-content-background-meta":{"desktop":{"background-color":"var(--ast-global-color-5)","background-image":"","background-repeat":"repeat","background-position":"center center","background-size":"auto","background-attachment":"scroll","background-type":"","background-media":"","overlay-type":"","overlay-color":"","overlay-opacity":"","overlay-gradient":""},"tablet":{"background-color":"var(--ast-global-color-5)","background-image":"","background-repeat":"repeat","background-position":"center center","background-size":"auto","background-attachment":"scroll","background-type":"","background-media":"","overlay-type":"","overlay-color":"","overlay-opacity":"","overlay-gradient":""},"mobile":{"background-color":"var(--ast-global-color-5)","background-image":"","background-repeat":"repeat","background-position":"center center","background-size":"auto","background-attachment":"scroll","background-type":"","background-media":"","overlay-type":"","overlay-color":"","overlay-opacity":"","overlay-gradient":""}},"iawp_total_views":720,"footnotes":""},"class_list":["post-77","page","type-page","status-publish","hentry"],"_links":{"self":[{"href":"https:\/\/colosseo-roma.it\/da\/wp-json\/wp\/v2\/pages\/77","targetHints":{"allow":["GET"]}}],"collection":[{"href":"https:\/\/colosseo-roma.it\/da\/wp-json\/wp\/v2\/pages"}],"about":[{"href":"https:\/\/colosseo-roma.it\/da\/wp-json\/wp\/v2\/types\/page"}],"author":[{"embeddable":true,"href":"https:\/\/colosseo-roma.it\/da\/wp-json\/wp\/v2\/users\/1"}],"replies":[{"embeddable":true,"href":"https:\/\/colosseo-roma.it\/da\/wp-json\/wp\/v2\/comments?post=77"}],"version-history":[{"count":0,"href":"https:\/\/colosseo-roma.it\/da\/wp-json\/wp\/v2\/pages\/77\/revisions"}],"up":[{"embeddable":true,"href":"https:\/\/colosseo-roma.it\/da\/wp-json\/wp\/v2\/pages\/75"}],"wp:attachment":[{"href":"https:\/\/colosseo-roma.it\/da\/wp-json\/wp\/v2\/media?parent=77"}],"curies":[{"name":"wp","href":"https:\/\/api.w.org\/{rel}","templated":true}]}}