{"id":79,"date":"2023-03-10T11:34:57","date_gmt":"2023-03-10T10:34:57","guid":{"rendered":"https:\/\/wordpress-1074717-3818660.cloudwaysapps.com\/?page_id=79"},"modified":"2026-01-26T16:43:02","modified_gmt":"2026-01-26T15:43:02","slug":"via-salaria","status":"publish","type":"page","link":"https:\/\/colosseo-roma.it\/da\/romerne\/veje\/via-salaria\/","title":{"rendered":"Via Salaria"},"content":{"rendered":"<div data-elementor-type=\"wp-page\" data-elementor-id=\"79\" class=\"elementor elementor-79\" data-elementor-post-type=\"page\">\n\t\t\t\t\t\t<section class=\"elementor-section elementor-top-section elementor-element elementor-element-4934fd0 elementor-section-boxed elementor-section-height-default elementor-section-height-default\" data-id=\"4934fd0\" data-element_type=\"section\" data-settings=\"{&quot;jet_parallax_layout_list&quot;:[],&quot;ekit_has_onepagescroll_dot&quot;:&quot;yes&quot;}\">\n\t\t\t\t\t\t<div class=\"elementor-container elementor-column-gap-default\">\n\t\t\t\t\t<div class=\"elementor-column elementor-col-100 elementor-top-column elementor-element elementor-element-4a1806c\" data-id=\"4a1806c\" data-element_type=\"column\">\n\t\t\t<div class=\"elementor-widget-wrap elementor-element-populated\">\n\t\t\t\t\t\t<div class=\"elementor-element elementor-element-094bbac elementor-widget elementor-widget-heading\" data-id=\"094bbac\" data-element_type=\"widget\" data-settings=\"{&quot;ekit_we_effect_on&quot;:&quot;none&quot;}\" data-widget_type=\"heading.default\">\n\t\t\t\t<div class=\"elementor-widget-container\">\n\t\t\t<h1 class=\"elementor-heading-title elementor-size-default\">Via Salaria<\/h1>\t\t<\/div>\n\t\t\t\t<\/div>\n\t\t\t\t<div class=\"elementor-element elementor-element-a6c2ce3 elementor-widget elementor-widget-heading\" data-id=\"a6c2ce3\" data-element_type=\"widget\" data-settings=\"{&quot;ekit_we_effect_on&quot;:&quot;none&quot;}\" data-widget_type=\"heading.default\">\n\t\t\t\t<div class=\"elementor-widget-container\">\n\t\t\t<div class=\"elementor-heading-title elementor-size-default\">Romerske veje, konsularveje i det gamle Rom<\/div>\t\t<\/div>\n\t\t\t\t<\/div>\n\t\t\t\t<div class=\"elementor-element elementor-element-1811a3a elementor-widget elementor-widget-text-editor\" data-id=\"1811a3a\" data-element_type=\"widget\" data-settings=\"{&quot;ekit_we_effect_on&quot;:&quot;none&quot;}\" data-widget_type=\"text-editor.default\">\n\t\t\t\t<div class=\"elementor-widget-container\">\n\t\t\t\t\t\t\t<p><em>Den gamle romerske saltvej<\/em>.<\/p><p>La <strong>Via Salaria<\/strong>\u00a0er en af de mest\u00a0<strong>Gamle konsul\u00e6re veje<\/strong>Den blev bygget flere gange af romerne selv og g\u00e5r fra hovedstaden til Adriaterhavet, og den er stadig i brug i dag og er bedre kendt som SS 4-vejen. Det er faktisk vejen mellem Rom og Rieti.<\/p><p>Det besynderlige navn g\u00e5r tilbage til romernes brug af vejen, som prim\u00e6rt var til at transportere salt, der blev indsamlet fra de gamle saltkar, som formentlig ligger i Marches.<\/p><p>La\u00a0<strong>Salaria-vej<\/strong>\u00a0starter fra\u00a0<strong>Aurelian Walls<\/strong>\u00a0p\u00e5 vej ud mod\u00a0<strong>Salaria-porten<\/strong>Den g\u00e5r lige mod Forte Antenne for at krydse Aniene-floden og efter et par kilometer n\u00e5 frem til det, der nu er landsbyen Fidene.<\/p><p>Oprindeligt forgrenede vejen sig mellem enge og indvundne omr\u00e5der, som f\u00f8rst senere blev indvundet, eller lad os snarere sige, at den endelige indvinding fandt sted omkring to \u00e5rhundreder senere. Via Salaria forlader udkanten af Rom og g\u00e5r i retning af\u00a0<strong>Settebagni<\/strong>\u00a0for endelig at tage retning af\u00a0<strong>Tenuta Marcigliana Vecchia<\/strong>\u00a0hvor der var en gammel romersk bos\u00e6ttelse, bedre kendt som\u00a0<strong>Crustumerium<\/strong>. Lidt l\u00e6ngere fremme begynder vi at se de f\u00f8rste bjerge; vi er nu ved Corese-passet i retning af Fara Sabina.<\/p><p>Her delte Salaria sig i to sektioner, der var meget vigtige for den antikke handel; faktisk fortsatte den ene gade ved Ponte Buita mod\u00a0<strong>via Cecilia<\/strong>\u00a0hvilket f\u00f8rte til\u00a0<strong>Atri<\/strong>\u00a0- den gamle hatria - mens den anden stamme n\u00e5ede\u00a0<strong>Rieti<\/strong>.<\/p><p>F\u00f8r Rieti kan man faktisk se to forskellige dele, den ene drejer mod \u00f8st, krydser Apenninerne i retning af Sella di Corno for at overse Amiternum-sletten i n\u00e6rheden af den nuv\u00e6rende Eagle, tager Passo delle Capannelle og forts\u00e6tter til Teramo, eller rettere gennem byen Pretutii.<\/p><p>Den anden vej fra Rieti g\u00e5r et stykke op ad Velino-floden til Terme di Cotilia, der blev udnyttet af romerne, eller rettere udnyttet nok af en stor bebyggelse til at \u00e5bne et wellness-center i n\u00e6rheden med varmt, svovlholdigt termalvand.<\/p><p>Hvis man forts\u00e6tter, kommer man til Antrodoco lige under Monte Giano, hvor romerne ogs\u00e5 byggede en anden spa. Men Salaria stopper ikke, den forts\u00e6tter nordp\u00e5 og f\u00f8lger floden og krydser kl\u00f8fter og bjerge. Her kommer romernes kultur og forberedelse utvivlsomt til sin ret. For at overvinde alle disse \"uforudsete h\u00e6ndelser\" overgik Augustus' og Trajans ingeni\u00f8rer sig selv ved at anvende tekniske l\u00f8sninger, som stadig forbl\u00f8ffer os i dag.<\/p><p>Efter at have passeret bjergene forts\u00e6tter Via Salaria langs sletten i Tronto-dalen i Marche-regionen, hvor vi m\u00f8der byer, der er kendte og vigtige selv i dag, s\u00e5som Pescara del Tronto, Acquasanta Terme (ogs\u00e5 udnyttet her af romerne som et spa-center p\u00e5 grund af dets albue-vand), Lettera, Posta, Favalanciata, Quintodecimo for at n\u00e5 frem til Ascoli Piceno. N\u00e5r vi forts\u00e6tter, m\u00f8der vi endelig havet n\u00e6r Castrum Trentium, en lokalitet n\u00e6r Porto d'Ascoli i kommunen San Benedetto del Tronto.<\/p>\t\t\t\t\t\t<\/div>\n\t\t\t\t<\/div>\n\t\t\t\t\t<\/div>\n\t\t<\/div>\n\t\t\t\t\t<\/div>\n\t\t<\/section>\n\t\t\t\t<\/div>","protected":false},"excerpt":{"rendered":"<p>Via Salaria Romerske veje, Konsulatsveje i det gamle Rom Den gamle romerske saltvej. Via Salaria er en af de \u00e6ldste konsularveje, bygget i flere etaper af romerne selv, den l\u00f8ber fra hovedstaden til Adriaterhavet, er stadig i brug i dag og er bedre kendt som SS 4-vejen. [...]<\/p>","protected":false},"author":1,"featured_media":0,"parent":75,"menu_order":5,"comment_status":"closed","ping_status":"closed","template":"","meta":{"site-sidebar-layout":"no-sidebar","site-content-layout":"page-builder","ast-site-content-layout":"full-width-container","site-content-style":"unboxed","site-sidebar-style":"unboxed","ast-global-header-display":"","ast-banner-title-visibility":"","ast-main-header-display":"","ast-hfb-above-header-display":"","ast-hfb-below-header-display":"","ast-hfb-mobile-header-display":"","site-post-title":"disabled","ast-breadcrumbs-content":"","ast-featured-img":"disabled","footer-sml-layout":"","ast-disable-related-posts":"","theme-transparent-header-meta":"default","adv-header-id-meta":"","stick-header-meta":"","header-above-stick-meta":"","header-main-stick-meta":"","header-below-stick-meta":"","astra-migrate-meta-layouts":"set","ast-page-background-enabled":"default","ast-page-background-meta":{"desktop":{"background-color":"var(--ast-global-color-4)","background-image":"","background-repeat":"repeat","background-position":"center center","background-size":"auto","background-attachment":"scroll","background-type":"","background-media":"","overlay-type":"","overlay-color":"","overlay-opacity":"","overlay-gradient":""},"tablet":{"background-color":"","background-image":"","background-repeat":"repeat","background-position":"center center","background-size":"auto","background-attachment":"scroll","background-type":"","background-media":"","overlay-type":"","overlay-color":"","overlay-opacity":"","overlay-gradient":""},"mobile":{"background-color":"","background-image":"","background-repeat":"repeat","background-position":"center center","background-size":"auto","background-attachment":"scroll","background-type":"","background-media":"","overlay-type":"","overlay-color":"","overlay-opacity":"","overlay-gradient":""}},"ast-content-background-meta":{"desktop":{"background-color":"var(--ast-global-color-5)","background-image":"","background-repeat":"repeat","background-position":"center center","background-size":"auto","background-attachment":"scroll","background-type":"","background-media":"","overlay-type":"","overlay-color":"","overlay-opacity":"","overlay-gradient":""},"tablet":{"background-color":"var(--ast-global-color-5)","background-image":"","background-repeat":"repeat","background-position":"center center","background-size":"auto","background-attachment":"scroll","background-type":"","background-media":"","overlay-type":"","overlay-color":"","overlay-opacity":"","overlay-gradient":""},"mobile":{"background-color":"var(--ast-global-color-5)","background-image":"","background-repeat":"repeat","background-position":"center center","background-size":"auto","background-attachment":"scroll","background-type":"","background-media":"","overlay-type":"","overlay-color":"","overlay-opacity":"","overlay-gradient":""}},"iawp_total_views":918,"footnotes":""},"class_list":["post-79","page","type-page","status-publish","hentry"],"_links":{"self":[{"href":"https:\/\/colosseo-roma.it\/da\/wp-json\/wp\/v2\/pages\/79","targetHints":{"allow":["GET"]}}],"collection":[{"href":"https:\/\/colosseo-roma.it\/da\/wp-json\/wp\/v2\/pages"}],"about":[{"href":"https:\/\/colosseo-roma.it\/da\/wp-json\/wp\/v2\/types\/page"}],"author":[{"embeddable":true,"href":"https:\/\/colosseo-roma.it\/da\/wp-json\/wp\/v2\/users\/1"}],"replies":[{"embeddable":true,"href":"https:\/\/colosseo-roma.it\/da\/wp-json\/wp\/v2\/comments?post=79"}],"version-history":[{"count":0,"href":"https:\/\/colosseo-roma.it\/da\/wp-json\/wp\/v2\/pages\/79\/revisions"}],"up":[{"embeddable":true,"href":"https:\/\/colosseo-roma.it\/da\/wp-json\/wp\/v2\/pages\/75"}],"wp:attachment":[{"href":"https:\/\/colosseo-roma.it\/da\/wp-json\/wp\/v2\/media?parent=79"}],"curies":[{"name":"wp","href":"https:\/\/api.w.org\/{rel}","templated":true}]}}