{"id":81,"date":"2023-03-10T11:35:09","date_gmt":"2023-03-10T10:35:09","guid":{"rendered":"https:\/\/wordpress-1074717-3818660.cloudwaysapps.com\/?page_id=81"},"modified":"2026-01-26T16:42:58","modified_gmt":"2026-01-26T15:42:58","slug":"madlavning","status":"publish","type":"page","link":"https:\/\/colosseo-roma.it\/da\/romerne\/madlavning\/","title":{"rendered":"K\u00f8kken"},"content":{"rendered":"<div data-elementor-type=\"wp-page\" data-elementor-id=\"81\" class=\"elementor elementor-81\" data-elementor-post-type=\"page\">\n\t\t\t\t\t\t<section class=\"elementor-section elementor-top-section elementor-element elementor-element-d5e29b2 elementor-section-boxed elementor-section-height-default elementor-section-height-default\" data-id=\"d5e29b2\" data-element_type=\"section\" data-settings=\"{&quot;jet_parallax_layout_list&quot;:[],&quot;ekit_has_onepagescroll_dot&quot;:&quot;yes&quot;}\">\n\t\t\t\t\t\t<div class=\"elementor-container elementor-column-gap-default\">\n\t\t\t\t\t<div class=\"elementor-column elementor-col-100 elementor-top-column elementor-element elementor-element-3995949\" data-id=\"3995949\" data-element_type=\"column\">\n\t\t\t<div class=\"elementor-widget-wrap elementor-element-populated\">\n\t\t\t\t\t\t<div class=\"elementor-element elementor-element-3003c25 elementor-widget elementor-widget-heading\" data-id=\"3003c25\" data-element_type=\"widget\" data-settings=\"{&quot;ekit_we_effect_on&quot;:&quot;none&quot;}\" data-widget_type=\"heading.default\">\n\t\t\t\t<div class=\"elementor-widget-container\">\n\t\t\t<h1 class=\"elementor-heading-title elementor-size-default\">K\u00f8kkenet i det gamle Rom<\/h1>\t\t<\/div>\n\t\t\t\t<\/div>\n\t\t\t\t<div class=\"elementor-element elementor-element-eecc097 elementor-widget elementor-widget-text-editor\" data-id=\"eecc097\" data-element_type=\"widget\" data-settings=\"{&quot;ekit_we_effect_on&quot;:&quot;none&quot;}\" data-widget_type=\"text-editor.default\">\n\t\t\t\t<div class=\"elementor-widget-container\">\n\t\t\t\t\t\t\t<p style=\"text-align: center;\">La <strong>madlavning i det gamle Rom<\/strong>Hvad de gamle romere spiste, og hvor de spiste i l\u00f8bet af dagen.<\/p>\t\t\t\t\t\t<\/div>\n\t\t\t\t<\/div>\n\t\t\t\t<div class=\"elementor-element elementor-element-0e8c718 elementor-widget elementor-widget-heading\" data-id=\"0e8c718\" data-element_type=\"widget\" data-settings=\"{&quot;ekit_we_effect_on&quot;:&quot;none&quot;}\" data-widget_type=\"heading.default\">\n\t\t\t\t<div class=\"elementor-widget-container\">\n\t\t\t<h2 class=\"elementor-heading-title elementor-size-default\">Hvad spiste de gamle romere?<\/h2>\t\t<\/div>\n\t\t\t\t<\/div>\n\t\t\t\t<div class=\"elementor-element elementor-element-efd25e9 elementor-widget elementor-widget-text-editor\" data-id=\"efd25e9\" data-element_type=\"widget\" data-settings=\"{&quot;ekit_we_effect_on&quot;:&quot;none&quot;}\" data-widget_type=\"text-editor.default\">\n\t\t\t\t<div class=\"elementor-widget-container\">\n\t\t\t\t\t\t\t<p style=\"text-align: center;\">De gamle romere havde tre hovedm\u00e5ltider: <strong>Jentaculum<\/strong>, <strong>Prandium<\/strong> e <strong>coena<\/strong>.<\/p>\t\t\t\t\t\t<\/div>\n\t\t\t\t<\/div>\n\t\t\t\t<div class=\"elementor-element elementor-element-0a93a7c elementor-widget elementor-widget-heading\" data-id=\"0a93a7c\" data-element_type=\"widget\" data-settings=\"{&quot;ekit_we_effect_on&quot;:&quot;none&quot;}\" data-widget_type=\"heading.default\">\n\t\t\t\t<div class=\"elementor-widget-container\">\n\t\t\t<h3 class=\"elementor-heading-title elementor-size-default\">De tre m\u00e5ltider hos de gamle romere<\/h3>\t\t<\/div>\n\t\t\t\t<\/div>\n\t\t\t\t<div class=\"elementor-element elementor-element-ddfbd7d elementor-widget elementor-widget-text-editor\" data-id=\"ddfbd7d\" data-element_type=\"widget\" data-settings=\"{&quot;ekit_we_effect_on&quot;:&quot;none&quot;}\" data-widget_type=\"text-editor.default\">\n\t\t\t\t<div class=\"elementor-widget-container\">\n\t\t\t\t\t\t\t<p style=\"text-align: center;\">et f\u00f8rste m\u00e5ltid svarede mere eller mindre til vores morgenmad; det var baseret p\u00e5 br\u00f8d, ost, m\u00e6lk, honning, vin og t\u00f8rret frugt og blev spist meget hurtigt. Sidst p\u00e5 formiddagen var der endnu en hurtig, kold snack best\u00e5ende af fisk, br\u00f8d, frugt, b\u00e6lgfrugter og vin, kaldet <strong>Prandium<\/strong>. Det svarede nogenlunde til vores frokost, men var s\u00e5 \"spartansk\", at der ikke var behov for at d\u00e6kke bord eller vaske h\u00e6nder efter m\u00e5ltidet. I stedet fandt det vigtige m\u00e5ltid sted om eftermiddagen efter det s\u00e6dvanlige bad i spaen og varede nogle gange til daggry n\u00e6ste dag.<\/p><p>La <strong>coena<\/strong> - middag - oprindeligt blev den spist i atriet, men da husene blev st\u00f8rre og mere artikulerede, og is\u00e6r hvor den herskende klasses rigdom gjorde det muligt, blev den afholdt i 'triclinium' - spisestuen - hvor husets herre arrangerede 'triclinari' - senge\/sofaer - som g\u00e6sterne kunne ligge p\u00e5. De gamle romere spiste liggende p\u00e5 \"triclinarii\", l\u00e6net sidel\u00e6ns p\u00e5 deres venstre arm og med h\u00f8jre arm fri, s\u00e5 de kunne gribe maden fra de lave borde, der var omhyggeligt d\u00e6kket.<\/p><p>\u00c6resg\u00e6sten havde ret til en \u00e6resplads, kendt som en \"consular\", og sad til h\u00f8jre for den centrale \"triclinar\", der var placeret foran d\u00f8ren, s\u00e5 en budbringer nemt kunne overbringe en vigtig besked til ham. V\u00e6rten skulle sidde til venstre for \u00e6resg\u00e6sten.<\/p><p>De rigeste boliger havde mere end \u00e9n spisestue: sommerens \"triclinium\", der vendte mod nord, og vinterens \"triclinium\", der vendte mod vest, og som udnyttede hver eneste solstr\u00e5le. Det \u00e6ldste k\u00f8kken var meget enkelt og baseret p\u00e5 korn, b\u00e6lgfrugter, ost og frugt. Med erobringen af \u00d8sten fik det s\u00e6rlige smage og aromaer, som for os i dag kan virke som en blanding af det orientalske og det middelalderlige k\u00f8kken. De nye erobringer kom selvf\u00f8lgelig kun p\u00e5 de riges borde.<\/p>\t\t\t\t\t\t<\/div>\n\t\t\t\t<\/div>\n\t\t\t\t<div class=\"elementor-element elementor-element-38ec59b elementor-widget elementor-widget-heading\" data-id=\"38ec59b\" data-element_type=\"widget\" data-settings=\"{&quot;ekit_we_effect_on&quot;:&quot;none&quot;}\" data-widget_type=\"heading.default\">\n\t\t\t\t<div class=\"elementor-widget-container\">\n\t\t\t<h3 class=\"elementor-heading-title elementor-size-default\">Marcus Gavadius Apicius' romerske k\u00f8kken<\/h3>\t\t<\/div>\n\t\t\t\t<\/div>\n\t\t\t\t<div class=\"elementor-element elementor-element-a59a348 elementor-widget elementor-widget-text-editor\" data-id=\"a59a348\" data-element_type=\"widget\" data-settings=\"{&quot;ekit_we_effect_on&quot;:&quot;none&quot;}\" data-widget_type=\"text-editor.default\">\n\t\t\t\t<div class=\"elementor-widget-container\">\n\t\t\t\t\t\t\t<p style=\"text-align: center;\">Det, vi ved i dag, kommer hovedsageligt fra <strong>Kogebog om biavl<\/strong>en velkendt gastronom fra kejsertiden, som skrev:<i><strong>de re coquinaria<\/strong><\/i>\"hvorfra vi kan udlede mest viden om det gamle romerske k\u00f8kken.<\/p>\t\t\t\t\t\t<\/div>\n\t\t\t\t<\/div>\n\t\t\t\t<div class=\"elementor-element elementor-element-b3866f5 elementor-widget elementor-widget-heading\" data-id=\"b3866f5\" data-element_type=\"widget\" data-settings=\"{&quot;ekit_we_effect_on&quot;:&quot;none&quot;}\" data-widget_type=\"heading.default\">\n\t\t\t\t<div class=\"elementor-widget-container\">\n\t\t\t<h3 class=\"elementor-heading-title elementor-size-default\">Den vigtigste ingrediens: Garum<\/h3>\t\t<\/div>\n\t\t\t\t<\/div>\n\t\t\t\t<div class=\"elementor-element elementor-element-a3e55eb elementor-widget elementor-widget-text-editor\" data-id=\"a3e55eb\" data-element_type=\"widget\" data-settings=\"{&quot;ekit_we_effect_on&quot;:&quot;none&quot;}\" data-widget_type=\"text-editor.default\">\n\t\t\t\t<div class=\"elementor-widget-container\">\n\t\t\t\t\t\t\t<p>Hovedingrediensen i det romerske k\u00f8kken var <i><strong>'Garum'<\/strong><\/i> Saltlage bruges sandsynligvis i stedet for salt, som er meget dyrt og sv\u00e6rt at finde. Den <strong>peber<\/strong>den <strong>Spidskommen<\/strong> og den <strong>liguistisk<\/strong> var de mest anvendte krydderier, og \"hovedretterne\" var k\u00f8dbaserede, prim\u00e6rt svinek\u00f8d.<\/p><p style=\"text-align: center;\">Et kendetegn ved det gamle romerske k\u00f8kken var kombinationen af kontrasterende smage som f.eks. s\u00f8dt med krydret eller s\u00f8dt med krydret. I vore dage ville den ber\u00f8mte kok Apicius' opskrifter sikkert ikke v\u00e6re s\u00e6rlig vellykkede, men for datidens romere var de ekstremt raffinerede og appetitlige.<\/p>\t\t\t\t\t\t<\/div>\n\t\t\t\t<\/div>\n\t\t\t\t<div class=\"elementor-element elementor-element-aefc1bf elementor-widget elementor-widget-heading\" data-id=\"aefc1bf\" data-element_type=\"widget\" data-settings=\"{&quot;ekit_we_effect_on&quot;:&quot;none&quot;}\" data-widget_type=\"heading.default\">\n\t\t\t\t<div class=\"elementor-widget-container\">\n\t\t\t<h3 class=\"elementor-heading-title elementor-size-default\">Det fattige k\u00f8kken i det gamle Rom<\/h3>\t\t<\/div>\n\t\t\t\t<\/div>\n\t\t\t\t<div class=\"elementor-element elementor-element-7d6843a elementor-widget elementor-widget-text-editor\" data-id=\"7d6843a\" data-element_type=\"widget\" data-settings=\"{&quot;ekit_we_effect_on&quot;:&quot;none&quot;}\" data-widget_type=\"text-editor.default\">\n\t\t\t\t<div class=\"elementor-widget-container\">\n\t\t\t\t\t\t\t<p style=\"text-align: center;\">St\u00f8rstedelen af befolkningen, som ikke var velhavende, spiste meget enklere m\u00e5ltider, hovedsageligt af korn, b\u00e6lgfrugter og frugt, med lidt k\u00f8d, og havde bestemt ikke r\u00e5d til at spise i 'Triclinia', endsige ligge i de komfortable senge\/sofaer. ulempen var, at de spiste mindre, fordelen var, at de sandsynligvis spiste sundere uden brug af krydderier som 'Garum' og uden det overdrevne forbrug af k\u00f8d, som ofte for\u00e5rsagede gigtsygdommen hos de rige.<\/p>\t\t\t\t\t\t<\/div>\n\t\t\t\t<\/div>\n\t\t\t\t\t<\/div>\n\t\t<\/div>\n\t\t\t\t\t<\/div>\n\t\t<\/section>\n\t\t\t\t<\/div>","protected":false},"excerpt":{"rendered":"<p>K\u00f8kkenet i det gamle Rom K\u00f8kkenet i det gamle Rom: Hvad spiste de gamle romere, og hvor spiste de i l\u00f8bet af dagen. Hvad spiste de gamle romere? De gamle romere havde tre hovedm\u00e5ltider: jentaculum, prandium og coena. De tre m\u00e5ltider hos de gamle romere Det f\u00f8rste m\u00e5ltid svarede mere eller mindre til vores morgenmad; det var baseret [...].<\/p>","protected":false},"author":1,"featured_media":0,"parent":556,"menu_order":6,"comment_status":"closed","ping_status":"closed","template":"","meta":{"site-sidebar-layout":"no-sidebar","site-content-layout":"page-builder","ast-site-content-layout":"full-width-container","site-content-style":"unboxed","site-sidebar-style":"unboxed","ast-global-header-display":"","ast-banner-title-visibility":"","ast-main-header-display":"","ast-hfb-above-header-display":"","ast-hfb-below-header-display":"","ast-hfb-mobile-header-display":"","site-post-title":"disabled","ast-breadcrumbs-content":"","ast-featured-img":"disabled","footer-sml-layout":"","ast-disable-related-posts":"","theme-transparent-header-meta":"default","adv-header-id-meta":"","stick-header-meta":"","header-above-stick-meta":"","header-main-stick-meta":"","header-below-stick-meta":"","astra-migrate-meta-layouts":"set","ast-page-background-enabled":"default","ast-page-background-meta":{"desktop":{"background-color":"var(--ast-global-color-4)","background-image":"","background-repeat":"repeat","background-position":"center center","background-size":"auto","background-attachment":"scroll","background-type":"","background-media":"","overlay-type":"","overlay-color":"","overlay-opacity":"","overlay-gradient":""},"tablet":{"background-color":"","background-image":"","background-repeat":"repeat","background-position":"center center","background-size":"auto","background-attachment":"scroll","background-type":"","background-media":"","overlay-type":"","overlay-color":"","overlay-opacity":"","overlay-gradient":""},"mobile":{"background-color":"","background-image":"","background-repeat":"repeat","background-position":"center center","background-size":"auto","background-attachment":"scroll","background-type":"","background-media":"","overlay-type":"","overlay-color":"","overlay-opacity":"","overlay-gradient":""}},"ast-content-background-meta":{"desktop":{"background-color":"var(--ast-global-color-5)","background-image":"","background-repeat":"repeat","background-position":"center center","background-size":"auto","background-attachment":"scroll","background-type":"","background-media":"","overlay-type":"","overlay-color":"","overlay-opacity":"","overlay-gradient":""},"tablet":{"background-color":"var(--ast-global-color-5)","background-image":"","background-repeat":"repeat","background-position":"center center","background-size":"auto","background-attachment":"scroll","background-type":"","background-media":"","overlay-type":"","overlay-color":"","overlay-opacity":"","overlay-gradient":""},"mobile":{"background-color":"var(--ast-global-color-5)","background-image":"","background-repeat":"repeat","background-position":"center center","background-size":"auto","background-attachment":"scroll","background-type":"","background-media":"","overlay-type":"","overlay-color":"","overlay-opacity":"","overlay-gradient":""}},"iawp_total_views":1041,"footnotes":""},"class_list":["post-81","page","type-page","status-publish","hentry"],"_links":{"self":[{"href":"https:\/\/colosseo-roma.it\/da\/wp-json\/wp\/v2\/pages\/81","targetHints":{"allow":["GET"]}}],"collection":[{"href":"https:\/\/colosseo-roma.it\/da\/wp-json\/wp\/v2\/pages"}],"about":[{"href":"https:\/\/colosseo-roma.it\/da\/wp-json\/wp\/v2\/types\/page"}],"author":[{"embeddable":true,"href":"https:\/\/colosseo-roma.it\/da\/wp-json\/wp\/v2\/users\/1"}],"replies":[{"embeddable":true,"href":"https:\/\/colosseo-roma.it\/da\/wp-json\/wp\/v2\/comments?post=81"}],"version-history":[{"count":0,"href":"https:\/\/colosseo-roma.it\/da\/wp-json\/wp\/v2\/pages\/81\/revisions"}],"up":[{"embeddable":true,"href":"https:\/\/colosseo-roma.it\/da\/wp-json\/wp\/v2\/pages\/556"}],"wp:attachment":[{"href":"https:\/\/colosseo-roma.it\/da\/wp-json\/wp\/v2\/media?parent=81"}],"curies":[{"name":"wp","href":"https:\/\/api.w.org\/{rel}","templated":true}]}}