{"id":1198,"date":"2023-03-31T20:37:17","date_gmt":"2023-03-31T19:37:17","guid":{"rendered":"https:\/\/wordpress-1074717-3818660.cloudwaysapps.com\/?page_id=1198"},"modified":"2026-01-26T16:51:39","modified_gmt":"2026-01-26T15:51:39","slug":"kolosseumsplatz","status":"publish","type":"page","link":"https:\/\/colosseo-roma.it\/de\/erkunden\/kolosseumsplatz\/","title":{"rendered":"Kolosseumsplatz"},"content":{"rendered":"<div data-elementor-type=\"wp-page\" data-elementor-id=\"1198\" class=\"elementor elementor-1198\" data-elementor-post-type=\"page\">\n\t\t\t\t\t\t<section class=\"elementor-section elementor-top-section elementor-element elementor-element-b3da0d5 elementor-section-boxed elementor-section-height-default elementor-section-height-default\" data-id=\"b3da0d5\" data-element_type=\"section\" data-settings=\"{&quot;jet_parallax_layout_list&quot;:[],&quot;ekit_has_onepagescroll_dot&quot;:&quot;yes&quot;}\">\n\t\t\t\t\t\t<div class=\"elementor-container elementor-column-gap-default\">\n\t\t\t\t\t<div class=\"elementor-column elementor-col-100 elementor-top-column elementor-element elementor-element-166a491\" data-id=\"166a491\" data-element_type=\"column\" data-settings=\"{&quot;background_background&quot;:&quot;classic&quot;}\">\n\t\t\t<div class=\"elementor-widget-wrap elementor-element-populated\">\n\t\t\t\t\t\t<div class=\"elementor-element elementor-element-19261b7 elementor-widget elementor-widget-heading\" data-id=\"19261b7\" data-element_type=\"widget\" data-settings=\"{&quot;ekit_we_effect_on&quot;:&quot;none&quot;}\" data-widget_type=\"heading.default\">\n\t\t\t\t<div class=\"elementor-widget-container\">\n\t\t\t<h1 class=\"elementor-heading-title elementor-size-default\">Kolosseumsplatz<\/h1>\t\t<\/div>\n\t\t\t\t<\/div>\n\t\t\t\t<div class=\"elementor-element elementor-element-e3b357d elementor-widget elementor-widget-heading\" data-id=\"e3b357d\" data-element_type=\"widget\" data-settings=\"{&quot;ekit_we_effect_on&quot;:&quot;none&quot;}\" data-widget_type=\"heading.default\">\n\t\t\t\t<div class=\"elementor-widget-container\">\n\t\t\t<h4 class=\"elementor-heading-title elementor-size-default\">Der Kolosseumsplatz im Herzen von Rom<\/h4>\t\t<\/div>\n\t\t\t\t<\/div>\n\t\t\t\t<div class=\"elementor-element elementor-element-c209607 elementor-widget elementor-widget-text-editor\" data-id=\"c209607\" data-element_type=\"widget\" data-settings=\"{&quot;ekit_we_effect_on&quot;:&quot;none&quot;}\" data-widget_type=\"text-editor.default\">\n\t\t\t\t<div class=\"elementor-widget-container\">\n\t\t\t\t\t\t\t<p>Dieser Platz beherbergt das ber\u00fchmteste Monument der Welt. Die Piazza del Colosseo in Rom zu entdecken bedeutet, eine Reise durch die Zeit zu unternehmen und gleichzeitig eines der sieben Weltwunder zu bewundern.<\/p>\t\t\t\t\t\t<\/div>\n\t\t\t\t<\/div>\n\t\t\t\t<div class=\"elementor-element elementor-element-6053d41 elementor-widget elementor-widget-heading\" data-id=\"6053d41\" data-element_type=\"widget\" data-settings=\"{&quot;ekit_we_effect_on&quot;:&quot;none&quot;}\" data-widget_type=\"heading.default\">\n\t\t\t\t<div class=\"elementor-widget-container\">\n\t\t\t<h4 class=\"elementor-heading-title elementor-size-default\">Der Kolosseumsplatz im Herzen von Rom<\/h4>\t\t<\/div>\n\t\t\t\t<\/div>\n\t\t\t\t<div class=\"elementor-element elementor-element-5bae7cf elementor-widget elementor-widget-text-editor\" data-id=\"5bae7cf\" data-element_type=\"widget\" data-settings=\"{&quot;ekit_we_effect_on&quot;:&quot;none&quot;}\" data-widget_type=\"text-editor.default\">\n\t\t\t\t<div class=\"elementor-widget-container\">\n\t\t\t\t\t\t\t<p>In der Mitte der Piazza del Colosseo befindet sich das ikonischste Monument Roms, ein Symbol der Stadt und Italiens in der ganzen Welt: das Kolosseum. An der Stelle des heutigen Platzes befand sich einst der Teich der Domus Aurea von Nero, in dem sich die kolossale Statue des Kaisers spiegelte, die dem Flavischen Amphitheater den Namen gab, unter dem es heute allgemein bekannt ist. Der Platz liegt zwischen den Vierteln Monti, Campitelli und Celio und ist eine Kreuzung zwischen der Via dei Fori Imperiali und der Via Claudia, einer der \u00e4ltesten r\u00f6mischen Stra\u00dfen. Es ist daher nicht verwunderlich, dass die Piazza del Colosseo einer der meistbesuchten Pl\u00e4tze der Welt ist.<\/p>\t\t\t\t\t\t<\/div>\n\t\t\t\t<\/div>\n\t\t\t\t<div class=\"elementor-element elementor-element-dfd33c9 elementor-widget elementor-widget-heading\" data-id=\"dfd33c9\" data-element_type=\"widget\" data-settings=\"{&quot;ekit_we_effect_on&quot;:&quot;none&quot;}\" data-widget_type=\"heading.default\">\n\t\t\t\t<div class=\"elementor-widget-container\">\n\t\t\t<h5 class=\"elementor-heading-title elementor-size-default\">Wichtige Informationen f\u00fcr Ihren Besuch:<\/h5>\t\t<\/div>\n\t\t\t\t<\/div>\n\t\t\t\t<div class=\"elementor-element elementor-element-7a2e9b6 elementor-widget elementor-widget-text-editor\" data-id=\"7a2e9b6\" data-element_type=\"widget\" data-settings=\"{&quot;ekit_we_effect_on&quot;:&quot;none&quot;}\" data-widget_type=\"text-editor.default\">\n\t\t\t\t<div class=\"elementor-widget-container\">\n\t\t\t\t\t\t\t<p>Vom Kolosseumsplatz aus k\u00f6nnen Sie die drei Eing\u00e4nge zum Kolosseum erreichen.<\/p><p>An der Seite befindet sich ein Touristeninformationszentrum.<\/p><p>Die Station Colosseo der Linie B \u00fcberblickt den Platz.<\/p><p>Die Piazza f\u00fchrt zur Via dei Fori Imperiali.<\/p><p>Der n\u00e4chtliche Besuch mit der k\u00fcnstlerischen Beleuchtung des Kolosseums ist ein Muss.<\/p>\t\t\t\t\t\t<\/div>\n\t\t\t\t<\/div>\n\t\t\t\t<div class=\"elementor-element elementor-element-87d7b43 elementor-widget elementor-widget-heading\" data-id=\"87d7b43\" data-element_type=\"widget\" data-settings=\"{&quot;ekit_we_effect_on&quot;:&quot;none&quot;}\" data-widget_type=\"heading.default\">\n\t\t\t\t<div class=\"elementor-widget-container\">\n\t\t\t<h4 class=\"elementor-heading-title elementor-size-default\">Die anderen Monumente auf dem Kolosseumsplatz:<\/h4>\t\t<\/div>\n\t\t\t\t<\/div>\n\t\t\t\t<div class=\"elementor-element elementor-element-f45ad75 elementor-widget elementor-widget-heading\" data-id=\"f45ad75\" data-element_type=\"widget\" data-settings=\"{&quot;ekit_we_effect_on&quot;:&quot;none&quot;}\" data-widget_type=\"heading.default\">\n\t\t\t\t<div class=\"elementor-widget-container\">\n\t\t\t<h5 class=\"elementor-heading-title elementor-size-default\">Der Konstantinbogen <\/h5>\t\t<\/div>\n\t\t\t\t<\/div>\n\t\t\t\t<div class=\"elementor-element elementor-element-4e4e7d3 elementor-widget elementor-widget-text-editor\" data-id=\"4e4e7d3\" data-element_type=\"widget\" data-settings=\"{&quot;ekit_we_effect_on&quot;:&quot;none&quot;}\" data-widget_type=\"text-editor.default\">\n\t\t\t\t<div class=\"elementor-widget-container\">\n\t\t\t\t\t\t\t<p><i>\"Dem Kaiser Caesar Flavius Constantine Maximus Pius Felix Augustus, dem Senat und dem r\u00f6mischen Volk, da er durch g\u00f6ttliche Eingebung und die Gr\u00f6\u00dfe seines Geistes zugleich mit seinem Heer den Staat durch einen gerechten Krieg sowohl vom Tyrannen als auch von allen seinen Fraktionen ger\u00e4cht hat, ist dieser hervorragende Triumphbogen gewidmet.\"\u00a0\u00a0<\/i><\/p><p>Der Konstantinbogen, der sich in unmittelbarer N\u00e4he des Kolosseums befindet, ist ein imposanter Triumphbogen mit drei B\u00f6gen. Der zentrale Durchgang wird von zwei kleineren seitlichen Durchg\u00e4ngen flankiert. Das gesamte Bauwerk kann aufgrund seines au\u00dferordentlichen Reichtums und seiner Bedeutung als offizielles Museum f\u00fcr r\u00f6mische Skulpturen betrachtet werden. Der Senat widmete den Bogen zum Gedenken an den Sieg Konstantins I. \u00fcber Maxentius in der Schlacht von Ponte Milvio am 28. Oktober 312, und er wurde 315 anl\u00e4sslich der Decennalien des Kaisers, d. h. der zehn Jahre seiner Herrschaft, eingeweiht. Die Lage des Bogens, zwischen dem Palatin und dem Caelian, entsprach dem antiken Triumphweg.<\/p>\t\t\t\t\t\t<\/div>\n\t\t\t\t<\/div>\n\t\t\t\t<div class=\"elementor-element elementor-element-8afefe0 elementor-widget elementor-widget-heading\" data-id=\"8afefe0\" data-element_type=\"widget\" data-settings=\"{&quot;ekit_we_effect_on&quot;:&quot;none&quot;}\" data-widget_type=\"heading.default\">\n\t\t\t\t<div class=\"elementor-widget-container\">\n\t\t\t<h5 class=\"elementor-heading-title elementor-size-default\">Untergeschoss des Kolosses von Nero<\/h5>\t\t<\/div>\n\t\t\t\t<\/div>\n\t\t\t\t<div class=\"elementor-element elementor-element-994190c elementor-widget elementor-widget-text-editor\" data-id=\"994190c\" data-element_type=\"widget\" data-settings=\"{&quot;ekit_we_effect_on&quot;:&quot;none&quot;}\" data-widget_type=\"text-editor.default\">\n\t\t\t\t<div class=\"elementor-widget-container\">\n\t\t\t\t\t\t\t<p>Laut Plinius dem \u00c4lteren war der von dem Bildhauer Zenodorus geschaffene Koloss 33,5 Meter hoch und stand auf einem quadratischen Sockel von 11 Metern Seitenl\u00e4nge. Die Bronzestatue, die wahrscheinlich vom ber\u00fchmten Koloss von Rhodos inspiriert war, stellte den Kaiser als Sonnengott dar, der mit seinem rechten Arm einen Zweig nach vorne streckte, w\u00e4hrend sein linker Arm eine Kugel hielt, die den Globus symbolisierte. Der Kopf der imposanten Statue war mit einer Krone aus sieben Strahlen geschm\u00fcckt, die jeweils sechs Meter lang waren. Die beeindruckende visuelle Wirkung der Statue muss verbl\u00fcffend gewesen sein und aufgrund ihrer gigantischen Gr\u00f6\u00dfe und des Goldes, mit dem die Bronze \u00fcberzogen war, auch aus gro\u00dfer Entfernung leicht wahrgenommen werden k\u00f6nnen. Au\u00dferdem gab es das Kolosseum zur Zeit der Statue noch nicht, und es muss einen kleinen See gegeben haben, in dem sich das imposante Monument spiegelte und der ein unglaublich beeindruckendes Schauspiel bot.\u00a0<\/p>\t\t\t\t\t\t<\/div>\n\t\t\t\t<\/div>\n\t\t\t\t<div class=\"elementor-element elementor-element-a238a9b elementor-widget elementor-widget-heading\" data-id=\"a238a9b\" data-element_type=\"widget\" data-settings=\"{&quot;ekit_we_effect_on&quot;:&quot;none&quot;}\" data-widget_type=\"heading.default\">\n\t\t\t\t<div class=\"elementor-widget-container\">\n\t\t\t<h5 class=\"elementor-heading-title elementor-size-default\">Der Name des Kolosseums leitet sich von dem Koloss von Nero ab?<\/h5>\t\t<\/div>\n\t\t\t\t<\/div>\n\t\t\t\t<div class=\"elementor-element elementor-element-3bf8c1a elementor-widget elementor-widget-text-editor\" data-id=\"3bf8c1a\" data-element_type=\"widget\" data-settings=\"{&quot;ekit_we_effect_on&quot;:&quot;none&quot;}\" data-widget_type=\"text-editor.default\">\n\t\t\t\t<div class=\"elementor-widget-container\">\n\t\t\t\t\t\t\t<p>Es ist m\u00f6glich, dass der Name \"Kolosseum\" von Neros Koloss in der N\u00e4he des 80 n. Chr. errichteten flavischen Amphitheaters herr\u00fchrt. Es gibt jedoch auch andere Hypothesen, die darauf hindeuten, dass der Spitzname von der Gr\u00f6\u00dfe des Amphitheaters selbst oder vom nahe gelegenen Colle Oppio herr\u00fchrt, wo sich der als \"Collis Isei\" bekannte Isis-Tempel befand. Im Laufe der Geschichte erfuhr der Nerokoloss viele Ver\u00e4nderungen, je nach Kaiser der jeweiligen Zeit. Vespasian, der von 69 bis 79 n. Chr. regierte, musste eingreifen, um den Koloss zu reparieren, nachdem in der Domus Aurea ein Feuer ausgebrochen war. Im Jahr 127 n. Chr. beauftragte Hadrian den Architekten Decrianus, den Koloss neben dem Kolosseum zu versetzen, um Platz f\u00fcr den neuen Venustempel zu schaffen. Decrianus setzte vierundzwanzig Elefanten ein, um den Koloss aufrecht zu transportieren, und ersetzte auf Wunsch des Kaisers die Gesichtsz\u00fcge von Nero durch die von Hadrianus. Ein grafischer Stich zeigt die neue Position des Kolosses nach dem Transport.<\/p>\t\t\t\t\t\t<\/div>\n\t\t\t\t<\/div>\n\t\t\t\t<div class=\"elementor-element elementor-element-9db846e elementor-widget elementor-widget-heading\" data-id=\"9db846e\" data-element_type=\"widget\" data-settings=\"{&quot;ekit_we_effect_on&quot;:&quot;none&quot;}\" data-widget_type=\"heading.default\">\n\t\t\t\t<div class=\"elementor-widget-container\">\n\t\t\t<h5 class=\"elementor-heading-title elementor-size-default\">Kirche Santa Maria della Piet\u00e0 am Kolosseum<\/h5>\t\t<\/div>\n\t\t\t\t<\/div>\n\t\t\t\t<div class=\"elementor-element elementor-element-8923a6c elementor-widget elementor-widget-text-editor\" data-id=\"8923a6c\" data-element_type=\"widget\" data-settings=\"{&quot;ekit_we_effect_on&quot;:&quot;none&quot;}\" data-widget_type=\"text-editor.default\">\n\t\t\t\t<div class=\"elementor-widget-container\">\n\t\t\t\t\t\t\t<p>Im Inneren eines der bedeutendsten Monumente Roms, dem Flavischen Amphitheater, befindet sich genau im 24. Bogen eines seiner gro\u00dfen Torb\u00f6gen eine kleine Kapelle, die Santa Maria della Piet\u00e0 gewidmet ist. Die Kirche wurde zwischen dem 6. und 7. Jahrhundert als Kultst\u00e4tte gegr\u00fcndet, wahrscheinlich zum Gedenken an die Menschen, die im Kolosseum starben. Die ersten fundierten Informationen \u00fcber die Kapelle stammen von Kardinal Cencio Camerario, einem angesehenen Historiker und Kenner der r\u00f6mischen Kirchen, und gehen auf das Jahr 1192 zur\u00fcck, als die Kirche unter dem Namen \"Santissimo Salvatore in Rota Colisei\" bekannt war.<\/p>\t\t\t\t\t\t<\/div>\n\t\t\t\t<\/div>\n\t\t\t\t<div class=\"elementor-element elementor-element-10ef1ad elementor-widget elementor-widget-heading\" data-id=\"10ef1ad\" data-element_type=\"widget\" data-settings=\"{&quot;ekit_we_effect_on&quot;:&quot;none&quot;}\" data-widget_type=\"heading.default\">\n\t\t\t\t<div class=\"elementor-widget-container\">\n\t\t\t<h5 class=\"elementor-heading-title elementor-size-default\">Die Sehensw\u00fcrdigkeiten Roms sind von der Piazza aus leicht zu erreichen:<\/h5>\t\t<\/div>\n\t\t\t\t<\/div>\n\t\t\t\t<div class=\"elementor-element elementor-element-15b046c elementor-widget elementor-widget-text-editor\" data-id=\"15b046c\" data-element_type=\"widget\" data-settings=\"{&quot;ekit_we_effect_on&quot;:&quot;none&quot;}\" data-widget_type=\"text-editor.default\">\n\t\t\t\t<div class=\"elementor-widget-container\">\n\t\t\t\t\t\t\t<p>Der arch\u00e4ologische Park des Kolosseums:\u00a0<\/p><p>Der Pf\u00e4lzer H\u00fcgel<\/p><p>Das Pf\u00e4lzische Museum<\/p><p>Die Domus Aurea<\/p><p>R\u00f6mische Foren<\/p><p>Kaiserforen<\/p><p>Basilika der heiligen Johannes und Paulus<\/p>\t\t\t\t\t\t<\/div>\n\t\t\t\t<\/div>\n\t\t\t\t<div class=\"elementor-element elementor-element-792aa3d elementor-widget elementor-widget-heading\" data-id=\"792aa3d\" data-element_type=\"widget\" data-settings=\"{&quot;ekit_we_effect_on&quot;:&quot;none&quot;}\" data-widget_type=\"heading.default\">\n\t\t\t\t<div class=\"elementor-widget-container\">\n\t\t\t<h5 class=\"elementor-heading-title elementor-size-default\">Bewertungen:<\/h5>\t\t<\/div>\n\t\t\t\t<\/div>\n\t\t<div class=\"elementor-element elementor-element-aaa1ccc e-flex e-con-boxed e-con e-parent\" data-id=\"aaa1ccc\" data-element_type=\"container\" data-settings=\"{&quot;jet_parallax_layout_list&quot;:[],&quot;ekit_has_onepagescroll_dot&quot;:&quot;yes&quot;}\">\n\t\t\t\t\t<div class=\"e-con-inner\">\n\t\t\t\t<div class=\"elementor-element elementor-element-75dff37 elementor-widget elementor-widget-jet-carousel\" data-id=\"75dff37\" data-element_type=\"widget\" data-settings=\"{&quot;slides_to_show&quot;:&quot;3&quot;,&quot;slides_to_scroll&quot;:&quot;3&quot;,&quot;slides_to_show_tablet&quot;:&quot;2&quot;,&quot;slides_to_show_mobile&quot;:&quot;1&quot;,&quot;slides_to_scroll_tablet&quot;:&quot;2&quot;,&quot;slides_to_scroll_mobile&quot;:&quot;1&quot;,&quot;ekit_we_effect_on&quot;:&quot;none&quot;}\" data-widget_type=\"jet-carousel.default\">\n\t\t\t\t<div class=\"elementor-widget-container\">\n\t\t\t<div class=\"elementor-jet-carousel jet-elements\"><div class=\"jet-carousel-wrap jet-equal-cols\">\n\t<div class=\"jet-carousel\" data-slider_options=\"{&quot;autoplaySpeed&quot;:5000,&quot;autoplay&quot;:true,&quot;infinite&quot;:true,&quot;centerMode&quot;:false,&quot;centerPadding&quot;:&quot;50px&quot;,&quot;pauseOnHover&quot;:false,&quot;speed&quot;:500,&quot;arrows&quot;:true,&quot;dots&quot;:false,&quot;variableWidth&quot;:false,&quot;prevArrow&quot;:&quot;.jet-carousel__prev-arrow-75dff37&quot;,&quot;nextArrow&quot;:&quot;.jet-carousel__next-arrow-75dff37&quot;,&quot;rtl&quot;:false,&quot;fractionNav&quot;:false}\" dir=\"ltr\">\n\t<div class=\"elementor-slick-slider\">\n\n<div class=\"jet-carousel__item\">\n\t<div class=\"jet-carousel__item-inner\"><div class=\"jet-carousel__content\"><h5 class=\"jet-carousel__item-title\"><\/h5><div class=\"jet-carousel__item-text\"><p>\"Die Piazza del Colosseo ist einer der faszinierendsten Pl\u00e4tze, die ich je gesehen habe! Der Blick auf die majest\u00e4tische Struktur des Kolosseums und die \u00dcberreste des flavischen Amphitheaters verschl\u00e4gt einem den Atem. Der Platz selbst ist immer sehr voll, aber man kann das Gef\u00fchl, an einem so historischen und ikonischen Ort zu sein, nie vergessen.\"<\/p><\/div><\/div><\/div>\n<\/div>\n\n<div class=\"jet-carousel__item\">\n\t<div class=\"jet-carousel__item-inner\"><div class=\"jet-carousel__content\"><h5 class=\"jet-carousel__item-title\"><\/h5><div class=\"jet-carousel__item-text\"><p>\"Mit dem Kopfsteinpflaster unter den F\u00fc\u00dfen und der imposanten Architektur des Kolosseums im Hintergrund wirkt die Piazza del Colosseo fast wie ein Ort aus einer anderen Zeit in der Stadt Rom. Es ist ein wirklich einzigartiges Erlebnis, \u00fcber diesen Platz zu spazieren und das wahrscheinlich ber\u00fchmteste Monument der Welt und die Ruinen zu sehen, die die Geschichte des alten Roms erz\u00e4hlen.\"<\/p><\/div><\/div><\/div>\n<\/div>\n\n<div class=\"jet-carousel__item\">\n\t<div class=\"jet-carousel__item-inner\"><div class=\"jet-carousel__content\"><h5 class=\"jet-carousel__item-title\"><\/h5><div class=\"jet-carousel__item-text\"><p>\"Der Kolosseumsplatz ist der perfekte Ort f\u00fcr einen n\u00e4chtlichen Besuch. Die Lichter, die das Kolosseum und die Umgebung beleuchten, schaffen eine magische und romantische Atmosph\u00e4re, w\u00e4hrend man in der W\u00fcste oft das Gef\u00fchl hat, diesen unglaublichen Ort ganz f\u00fcr sich allein zu haben.\"<\/p><\/div><\/div><\/div>\n<\/div>\n\n<div class=\"jet-carousel__item\">\n\t<div class=\"jet-carousel__item-inner\"><div class=\"jet-carousel__content\"><h5 class=\"jet-carousel__item-title\"><\/h5><div class=\"jet-carousel__item-text\"><p>\"Die Piazza del Colosseo ist zweifellos einer der touristischsten Pl\u00e4tze in Rom, aber deswegen nicht weniger beeindruckend. Die Menge an Menschen kann ein wenig erdr\u00fcckend sein, aber der Anblick des historischen Kolosseums im Zentrum von Roms Hauptstadt ist gewaltig und l\u00e4sst alles andere in den Hintergrund treten.\"<\/p><\/div><\/div><\/div>\n<\/div>\n\n<div class=\"jet-carousel__item\">\n\t<div class=\"jet-carousel__item-inner\"><div class=\"jet-carousel__content\"><h5 class=\"jet-carousel__item-title\"><\/h5><div class=\"jet-carousel__item-text\"><p>\"Unter den vielen historischen und kulturellen Pl\u00e4tzen Italiens ist die Piazza del Colosseo einer der wenigen, der die magische F\u00e4higkeit zu haben scheint, die Vorstellungskraft anzuregen und die Geschichte ins Bewusstsein zu bringen. Auf einem Pflaster zu gehen, an dem Tausende von Menschen vorbeigegangen sind, und das Kolosseum gegen den blauen Himmel zu sehen, ist eine einzigartige Erfahrung und hebt dieses au\u00dfergew\u00f6hnliche Monument hervor.\"<\/p><\/div><\/div><\/div>\n<\/div>\n<\/div><div class=\"jet-carousel__prev-arrow-75dff37 jet-arrow prev-arrow\"><i aria-hidden=\"true\" class=\"fal fa-chevron-left\"><\/i><\/div><div class=\"jet-carousel__next-arrow-75dff37 jet-arrow next-arrow\"><i aria-hidden=\"true\" class=\"fal fa-chevron-right\"><\/i><\/div><\/div>\n<\/div>\n<\/div>\t\t<\/div>\n\t\t\t\t<\/div>\n\t\t\t\t\t<\/div>\n\t\t\t\t<\/div>\n\t\t\t\t\t<\/div>\n\t\t<\/div>\n\t\t\t\t\t<\/div>\n\t\t<\/section>\n\t\t\t\t<\/div>","protected":false},"excerpt":{"rendered":"<p>Kolosseumsplatz Der Kolosseumsplatz im Herzen Roms Dieser Platz beherbergt das ber\u00fchmteste Monument der Welt. Die Piazza del Colosseo in Rom zu entdecken bedeutet, eine Reise durch die Zeit zu unternehmen und gleichzeitig eines der sieben Weltwunder zu bewundern. Der Kolosseumsplatz im Herzen Roms In der Mitte des Kolosseumsplatzes [...]<\/p>","protected":false},"author":1,"featured_media":0,"parent":526,"menu_order":5,"comment_status":"closed","ping_status":"closed","template":"","meta":{"site-sidebar-layout":"no-sidebar","site-content-layout":"page-builder","ast-site-content-layout":"full-width-container","site-content-style":"unboxed","site-sidebar-style":"unboxed","ast-global-header-display":"","ast-banner-title-visibility":"","ast-main-header-display":"","ast-hfb-above-header-display":"","ast-hfb-below-header-display":"","ast-hfb-mobile-header-display":"","site-post-title":"disabled","ast-breadcrumbs-content":"","ast-featured-img":"disabled","footer-sml-layout":"","ast-disable-related-posts":"","theme-transparent-header-meta":"default","adv-header-id-meta":"","stick-header-meta":"","header-above-stick-meta":"","header-main-stick-meta":"","header-below-stick-meta":"","astra-migrate-meta-layouts":"default","ast-page-background-enabled":"default","ast-page-background-meta":{"desktop":{"background-color":"var(--ast-global-color-4)","background-image":"","background-repeat":"repeat","background-position":"center center","background-size":"auto","background-attachment":"scroll","background-type":"","background-media":"","overlay-type":"","overlay-color":"","overlay-opacity":"","overlay-gradient":""},"tablet":{"background-color":"","background-image":"","background-repeat":"repeat","background-position":"center center","background-size":"auto","background-attachment":"scroll","background-type":"","background-media":"","overlay-type":"","overlay-color":"","overlay-opacity":"","overlay-gradient":""},"mobile":{"background-color":"","background-image":"","background-repeat":"repeat","background-position":"center center","background-size":"auto","background-attachment":"scroll","background-type":"","background-media":"","overlay-type":"","overlay-color":"","overlay-opacity":"","overlay-gradient":""}},"ast-content-background-meta":{"desktop":{"background-color":"var(--ast-global-color-5)","background-image":"","background-repeat":"repeat","background-position":"center center","background-size":"auto","background-attachment":"scroll","background-type":"","background-media":"","overlay-type":"","overlay-color":"","overlay-opacity":"","overlay-gradient":""},"tablet":{"background-color":"var(--ast-global-color-5)","background-image":"","background-repeat":"repeat","background-position":"center center","background-size":"auto","background-attachment":"scroll","background-type":"","background-media":"","overlay-type":"","overlay-color":"","overlay-opacity":"","overlay-gradient":""},"mobile":{"background-color":"var(--ast-global-color-5)","background-image":"","background-repeat":"repeat","background-position":"center center","background-size":"auto","background-attachment":"scroll","background-type":"","background-media":"","overlay-type":"","overlay-color":"","overlay-opacity":"","overlay-gradient":""}},"iawp_total_views":929,"footnotes":""},"class_list":["post-1198","page","type-page","status-publish","hentry"],"_links":{"self":[{"href":"https:\/\/colosseo-roma.it\/de\/wp-json\/wp\/v2\/pages\/1198","targetHints":{"allow":["GET"]}}],"collection":[{"href":"https:\/\/colosseo-roma.it\/de\/wp-json\/wp\/v2\/pages"}],"about":[{"href":"https:\/\/colosseo-roma.it\/de\/wp-json\/wp\/v2\/types\/page"}],"author":[{"embeddable":true,"href":"https:\/\/colosseo-roma.it\/de\/wp-json\/wp\/v2\/users\/1"}],"replies":[{"embeddable":true,"href":"https:\/\/colosseo-roma.it\/de\/wp-json\/wp\/v2\/comments?post=1198"}],"version-history":[{"count":0,"href":"https:\/\/colosseo-roma.it\/de\/wp-json\/wp\/v2\/pages\/1198\/revisions"}],"up":[{"embeddable":true,"href":"https:\/\/colosseo-roma.it\/de\/wp-json\/wp\/v2\/pages\/526"}],"wp:attachment":[{"href":"https:\/\/colosseo-roma.it\/de\/wp-json\/wp\/v2\/media?parent=1198"}],"curies":[{"name":"wp","href":"https:\/\/api.w.org\/{rel}","templated":true}]}}