{"id":40,"date":"2023-03-10T11:18:58","date_gmt":"2023-03-10T10:18:58","guid":{"rendered":"https:\/\/wordpress-1074717-3818660.cloudwaysapps.com\/?page_id=40"},"modified":"2026-01-26T17:12:47","modified_gmt":"2026-01-26T16:12:47","slug":"fahrplane","status":"publish","type":"page","link":"https:\/\/colosseo-roma.it\/de\/besuchen-sie\/offnungszeit\/","title":{"rendered":"Die \u00d6ffnungszeiten"},"content":{"rendered":"<div data-elementor-type=\"wp-page\" data-elementor-id=\"40\" class=\"elementor elementor-40\" data-elementor-post-type=\"page\">\n\t\t\t\t\t\t<section class=\"elementor-section elementor-top-section elementor-element elementor-element-f90df0c elementor-section-boxed elementor-section-height-default elementor-section-height-default\" data-id=\"f90df0c\" data-element_type=\"section\" data-settings=\"{&quot;jet_parallax_layout_list&quot;:[],&quot;ekit_has_onepagescroll_dot&quot;:&quot;yes&quot;}\">\n\t\t\t\t\t\t<div class=\"elementor-container elementor-column-gap-default\">\n\t\t\t\t\t<div class=\"elementor-column elementor-col-100 elementor-top-column elementor-element elementor-element-b1f1488\" data-id=\"b1f1488\" data-element_type=\"column\" data-settings=\"{&quot;background_background&quot;:&quot;classic&quot;}\">\n\t\t\t<div class=\"elementor-widget-wrap elementor-element-populated\">\n\t\t\t\t\t\t<div class=\"elementor-element elementor-element-09e0654 elementor-widget elementor-widget-heading\" data-id=\"09e0654\" data-element_type=\"widget\" data-settings=\"{&quot;ekit_we_effect_on&quot;:&quot;none&quot;}\" data-widget_type=\"heading.default\">\n\t\t\t\t<div class=\"elementor-widget-container\">\n\t\t\t<h1 class=\"elementor-heading-title elementor-size-default\">\u00d6ffnungszeiten des Kolosseums\n\n<\/h1>\t\t<\/div>\n\t\t\t\t<\/div>\n\t\t\t\t<div class=\"elementor-element elementor-element-b14ffde elementor-widget elementor-widget-heading\" data-id=\"b14ffde\" data-element_type=\"widget\" data-settings=\"{&quot;ekit_we_effect_on&quot;:&quot;none&quot;}\" data-widget_type=\"heading.default\">\n\t\t\t\t<div class=\"elementor-widget-container\">\n\t\t\t<h4 class=\"elementor-heading-title elementor-size-default\">\u00d6ffnungszeiten f\u00fcr den Besuch des Kolosseums<\/h4>\t\t<\/div>\n\t\t\t\t<\/div>\n\t\t\t\t<div class=\"elementor-element elementor-element-5c62bb9 elementor-widget elementor-widget-text-editor\" data-id=\"5c62bb9\" data-element_type=\"widget\" data-settings=\"{&quot;ekit_we_effect_on&quot;:&quot;none&quot;}\" data-widget_type=\"text-editor.default\">\n\t\t\t\t<div class=\"elementor-widget-container\">\n\t\t\t\t\t\t\t<p style=\"text-align: center;\"><strong>Das Kolosseum hat die folgenden \u00d6ffnungs- und Schlie\u00dfungszeiten:\u00a0<\/strong><\/p><p style=\"text-align: center;\"><strong>\u00d6ffnungszeiten 08.30 - 16.30 Uhr: vom letzten Sonntag im Oktober bis zum 15. Februar<\/strong><\/p><p style=\"text-align: center;\"><strong>\u00d6ffnungszeiten 08.30 - 17.00 Uhr: 16. Februar bis 15. M\u00e4rz<\/strong><\/p><p style=\"text-align: center;\"><strong>\u00d6ffnungszeiten 08.30 - 17.30 Uhr: 16 bis zum letzten Samstag im M\u00e4rz.<\/strong><\/p><p style=\"text-align: center;\"><strong>\u00d6ffnungszeiten 08.30 - 19.15 Uhr: vom letzten Sonntag im M\u00e4rz bis zum 31. August<\/strong><\/p><p style=\"text-align: center;\"><strong>\u00d6ffnungszeiten 08.30 - 19.00 Uhr: 1. bis 30. September<\/strong><\/p><p style=\"text-align: center;\"><strong>\u00d6ffnungszeiten 08.30 - 18.30 Uhr: 1 bis zum letzten Samstag im Oktober<\/strong><\/p><p style=\"text-align: center;\"><strong>Bitte beachten Sie, dass der letzte Einlass eine Stunde vor Schlie\u00dfung des Kolosseums m\u00f6glich ist.<\/strong><\/p><p style=\"text-align: center;\"><strong>Das Kolosseum ist jeden Tag ge\u00f6ffnet, nur am 1. Januar und am 25. Dezember ist es geschlossen.<\/strong><\/p>\t\t\t\t\t\t<\/div>\n\t\t\t\t<\/div>\n\t\t\t\t<div class=\"elementor-element elementor-element-57e6c65 elementor-widget elementor-widget-spacer\" data-id=\"57e6c65\" data-element_type=\"widget\" data-settings=\"{&quot;ekit_we_effect_on&quot;:&quot;none&quot;}\" data-widget_type=\"spacer.default\">\n\t\t\t\t<div class=\"elementor-widget-container\">\n\t\t\t\t\t<div class=\"elementor-spacer\">\n\t\t\t<div class=\"elementor-spacer-inner\"><\/div>\n\t\t<\/div>\n\t\t\t\t<\/div>\n\t\t\t\t<\/div>\n\t\t\t\t\t<\/div>\n\t\t<\/div>\n\t\t\t\t\t<\/div>\n\t\t<\/section>\n\t\t\t\t<section class=\"elementor-section elementor-top-section elementor-element elementor-element-4decdf9 elementor-section-boxed elementor-section-height-default elementor-section-height-default\" data-id=\"4decdf9\" data-element_type=\"section\" data-settings=\"{&quot;jet_parallax_layout_list&quot;:[],&quot;ekit_has_onepagescroll_dot&quot;:&quot;yes&quot;}\">\n\t\t\t\t\t\t<div class=\"elementor-container elementor-column-gap-default\">\n\t\t\t\t\t<div class=\"elementor-column elementor-col-100 elementor-top-column elementor-element elementor-element-ae96b9f\" data-id=\"ae96b9f\" data-element_type=\"column\" data-settings=\"{&quot;background_background&quot;:&quot;classic&quot;}\">\n\t\t\t<div class=\"elementor-widget-wrap elementor-element-populated\">\n\t\t\t\t\t\t<div class=\"elementor-element elementor-element-b170979 elementor-widget elementor-widget-html\" data-id=\"b170979\" data-element_type=\"widget\" data-settings=\"{&quot;ekit_we_effect_on&quot;:&quot;none&quot;}\" data-widget_type=\"html.default\">\n\t\t\t\t<div class=\"elementor-widget-container\">\n\t\t\t<div data-tiqets-widget=\"discovery\" data-cards-layout=\"responsive\" data-content-type=\"product\" data-item_count=\"4\" data-destination-type=\"venue\" data-destination-id=\"217362\" data-partner=\"colosseo_roma\" data-tq-campaign=\"orari\"><\/div><script defer src=\"https:\/\/widgets.tiqets.com\/loader.js\"><\/script>\t\t<\/div>\n\t\t\t\t<\/div>\n\t\t\t\t<div class=\"elementor-element elementor-element-8bac0b3 elementor-widget elementor-widget-heading\" data-id=\"8bac0b3\" data-element_type=\"widget\" data-settings=\"{&quot;ekit_we_effect_on&quot;:&quot;none&quot;}\" data-widget_type=\"heading.default\">\n\t\t\t\t<div class=\"elementor-widget-container\">\n\t\t\t<h5 class=\"elementor-heading-title elementor-size-default\">Warum F\u00fchrungen buchen?<\/h5>\t\t<\/div>\n\t\t\t\t<\/div>\n\t\t\t\t<div class=\"elementor-element elementor-element-6f6d1b0 elementor-widget elementor-widget-text-editor\" data-id=\"6f6d1b0\" data-element_type=\"widget\" data-settings=\"{&quot;ekit_we_effect_on&quot;:&quot;none&quot;}\" data-widget_type=\"text-editor.default\">\n\t\t\t\t<div class=\"elementor-widget-container\">\n\t\t\t\t\t\t\t<p>Die Buchung einer gef\u00fchrten Tour ist eine gute Wahl f\u00fcr diejenigen, die ihre Zeit optimal nutzen und eine ausf\u00fchrlichere Besichtigung genie\u00dfen m\u00f6chten. Bei einer gef\u00fchrten Tour f\u00fchrt Sie ein erfahrener F\u00fchrer durch die gesamte Arena und gew\u00e4hrt Ihnen auch Zugang zu dem Teil des Kolosseums, der f\u00fcr Besucher mit eigenen F\u00fchrungen gesperrt ist: der unterirdische Bereich des Kolosseums. Dar\u00fcber hinaus bieten viele F\u00fchrungen einen bevorzugten Zugang ohne Warteschlangen, so dass Sie wertvolle Zeit sparen und nicht in der Sonne anstehen m\u00fcssen.<\/p>\t\t\t\t\t\t<\/div>\n\t\t\t\t<\/div>\n\t\t\t\t<div class=\"elementor-element elementor-element-3a1f1fb elementor-widget elementor-widget-heading\" data-id=\"3a1f1fb\" data-element_type=\"widget\" data-settings=\"{&quot;ekit_we_effect_on&quot;:&quot;none&quot;}\" data-widget_type=\"heading.default\">\n\t\t\t\t<div class=\"elementor-widget-container\">\n\t\t\t<h5 class=\"elementor-heading-title elementor-size-default\">Warum Tickets und Touren kaufen?<\/h5>\t\t<\/div>\n\t\t\t\t<\/div>\n\t\t\t\t<div class=\"elementor-element elementor-element-6442606 elementor-widget elementor-widget-text-editor\" data-id=\"6442606\" data-element_type=\"widget\" data-settings=\"{&quot;ekit_we_effect_on&quot;:&quot;none&quot;}\" data-widget_type=\"text-editor.default\">\n\t\t\t\t<div class=\"elementor-widget-container\">\n\t\t\t\t\t\t\t<p>Wenn Sie Tickets und F\u00fchrungen im Voraus kaufen, k\u00f6nnen Sie Warteschlangen vermeiden und sich den Zugang zu den gew\u00fcnschten Daten und Zeiten sichern. Au\u00dferdem gibt es online oft Sonderangebote oder Pakete, die mehrere Touristenattraktionen umfassen. Wenn Sie Eintrittskarten und F\u00fchrungen in der Arena im Voraus kaufen, k\u00f6nnen Sie Ihre Reise besser organisieren und haben einen \u00dcberblick \u00fcber die anfallenden Kosten im Voraus, um unliebsame \u00dcberraschungen zu vermeiden.<\/p>\t\t\t\t\t\t<\/div>\n\t\t\t\t<\/div>\n\t\t\t\t<div class=\"elementor-element elementor-element-ec87156 elementor-widget elementor-widget-heading\" data-id=\"ec87156\" data-element_type=\"widget\" data-settings=\"{&quot;ekit_we_effect_on&quot;:&quot;none&quot;}\" data-widget_type=\"heading.default\">\n\t\t\t\t<div class=\"elementor-widget-container\">\n\t\t\t<h5 class=\"elementor-heading-title elementor-size-default\">Wie lange dauert der Besuch?<\/h5>\t\t<\/div>\n\t\t\t\t<\/div>\n\t\t\t\t<div class=\"elementor-element elementor-element-4c254f8 elementor-widget elementor-widget-text-editor\" data-id=\"4c254f8\" data-element_type=\"widget\" data-settings=\"{&quot;ekit_we_effect_on&quot;:&quot;none&quot;}\" data-widget_type=\"text-editor.default\">\n\t\t\t\t<div class=\"elementor-widget-container\">\n\t\t\t\t\t\t\t<p>Allein f\u00fcr den Besuch des Kolosseums ben\u00f6tigen Sie mindestens eine Stunde, einschlie\u00dflich der Zeit, um das Monument zu erkunden und einige Fotos und Selfies zu machen. F\u00fcr andere Attraktionen wie das Forum Romanum und den Palatinh\u00fcgel werden 3 Stunden ben\u00f6tigt. Die f\u00fcr die Besichtigung dieser Monumente ben\u00f6tigte Zeit h\u00e4ngt auch von der Art der gew\u00e4hlten Tour ab. Gef\u00fchrte Touren dauern in der Regel l\u00e4nger als Besichtigungen auf eigene Faust.<\/p>\t\t\t\t\t\t<\/div>\n\t\t\t\t<\/div>\n\t\t\t\t<div class=\"elementor-element elementor-element-6d32b39 elementor-widget elementor-widget-heading\" data-id=\"6d32b39\" data-element_type=\"widget\" data-settings=\"{&quot;ekit_we_effect_on&quot;:&quot;none&quot;}\" data-widget_type=\"heading.default\">\n\t\t\t\t<div class=\"elementor-widget-container\">\n\t\t\t<h5 class=\"elementor-heading-title elementor-size-default\">Ein wichtiger Tipp f\u00fcr den Besuch des Kolosseums:<\/h5>\t\t<\/div>\n\t\t\t\t<\/div>\n\t\t\t\t<div class=\"elementor-element elementor-element-e39e5d8 elementor-widget elementor-widget-text-editor\" data-id=\"e39e5d8\" data-element_type=\"widget\" data-settings=\"{&quot;ekit_we_effect_on&quot;:&quot;none&quot;}\" data-widget_type=\"text-editor.default\">\n\t\t\t\t<div class=\"elementor-widget-container\">\n\t\t\t\t\t\t\t<ul><li>Die beste Zeit f\u00fcr einen Besuch des Kolosseums ist zwischen November und M\u00e4rz, wenn das Klima angenehmer ist und weniger Touristen kommen.<\/li><li>Tags\u00fcber empfiehlt es sich, die Attraktion in den fr\u00fchen Morgenstunden oder kurz vor Schlie\u00dfung zu besuchen.<\/li><li>Planen Sie Ihren Besuch an Wochentagen, um Besucherstr\u00f6me zu vermeiden.<\/li><\/ul>\t\t\t\t\t\t<\/div>\n\t\t\t\t<\/div>\n\t\t\t\t<div class=\"elementor-element elementor-element-e79276d elementor-widget elementor-widget-heading\" data-id=\"e79276d\" data-element_type=\"widget\" data-settings=\"{&quot;ekit_we_effect_on&quot;:&quot;none&quot;}\" data-widget_type=\"heading.default\">\n\t\t\t\t<div class=\"elementor-widget-container\">\n\t\t\t<h5 class=\"elementor-heading-title elementor-size-default\">Kolosseum - Erm\u00e4\u00dfigte Tickets<\/h5>\t\t<\/div>\n\t\t\t\t<\/div>\n\t\t\t\t<div class=\"elementor-element elementor-element-9c60533 elementor-widget elementor-widget-text-editor\" data-id=\"9c60533\" data-element_type=\"widget\" data-settings=\"{&quot;ekit_we_effect_on&quot;:&quot;none&quot;}\" data-widget_type=\"text-editor.default\">\n\t\t\t\t<div class=\"elementor-widget-container\">\n\t\t\t\t\t\t\t<p>Kaufen Sie die folgenden Aktivit\u00e4ten und w\u00e4hlen Sie die Tour, die Ihren Bed\u00fcrfnissen entspricht, und denken Sie daran<\/p><ul><li style=\"list-style-type: none;\"><ul><li><strong>EU-B\u00fcrger zwischen 18 und 25 Jahren m\u00fcssen sich ausweisen, um den Rabatt von 2,00 \u20ac in Anspruch nehmen zu k\u00f6nnen.<\/strong>.<\/li><\/ul><\/li><\/ul>\t\t\t\t\t\t<\/div>\n\t\t\t\t<\/div>\n\t\t\t\t<div class=\"elementor-element elementor-element-3dd2788 elementor-widget elementor-widget-spacer\" data-id=\"3dd2788\" data-element_type=\"widget\" data-settings=\"{&quot;ekit_we_effect_on&quot;:&quot;none&quot;}\" data-widget_type=\"spacer.default\">\n\t\t\t\t<div class=\"elementor-widget-container\">\n\t\t\t\t\t<div class=\"elementor-spacer\">\n\t\t\t<div class=\"elementor-spacer-inner\"><\/div>\n\t\t<\/div>\n\t\t\t\t<\/div>\n\t\t\t\t<\/div>\n\t\t\t\t\t<\/div>\n\t\t<\/div>\n\t\t\t\t\t<\/div>\n\t\t<\/section>\n\t\t\t\t<\/div>","protected":false},"excerpt":{"rendered":"<p>Kolosseum \u00d6ffnungszeiten Um das Kolosseum zu besichtigen Das Kolosseum hat folgende \u00d6ffnungs- und Schlie\u00dfungszeiten: \u00d6ffnungszeiten 08.30 - 16.30: vom letzten Sonntag im Oktober bis zum 15. Februar \u00d6ffnungszeiten 08.30 - 17.00: vom 16. Februar bis zum 15. M\u00e4rz \u00d6ffnungszeiten 08.30 - 17.30: vom 16. bis zum letzten Samstag im M\u00e4rz \u00d6ffnungszeiten 08.30 - [...]<\/p>","protected":false},"author":1,"featured_media":0,"parent":2357,"menu_order":4,"comment_status":"closed","ping_status":"closed","template":"","meta":{"site-sidebar-layout":"no-sidebar","site-content-layout":"page-builder","ast-site-content-layout":"full-width-container","site-content-style":"unboxed","site-sidebar-style":"unboxed","ast-global-header-display":"","ast-banner-title-visibility":"","ast-main-header-display":"","ast-hfb-above-header-display":"","ast-hfb-below-header-display":"","ast-hfb-mobile-header-display":"","site-post-title":"disabled","ast-breadcrumbs-content":"","ast-featured-img":"disabled","footer-sml-layout":"","ast-disable-related-posts":"","theme-transparent-header-meta":"default","adv-header-id-meta":"","stick-header-meta":"","header-above-stick-meta":"","header-main-stick-meta":"","header-below-stick-meta":"","astra-migrate-meta-layouts":"default","ast-page-background-enabled":"default","ast-page-background-meta":{"desktop":{"background-color":"var(--ast-global-color-4)","background-image":"","background-repeat":"repeat","background-position":"center center","background-size":"auto","background-attachment":"scroll","background-type":"","background-media":"","overlay-type":"","overlay-color":"","overlay-opacity":"","overlay-gradient":""},"tablet":{"background-color":"","background-image":"","background-repeat":"repeat","background-position":"center center","background-size":"auto","background-attachment":"scroll","background-type":"","background-media":"","overlay-type":"","overlay-color":"","overlay-opacity":"","overlay-gradient":""},"mobile":{"background-color":"","background-image":"","background-repeat":"repeat","background-position":"center center","background-size":"auto","background-attachment":"scroll","background-type":"","background-media":"","overlay-type":"","overlay-color":"","overlay-opacity":"","overlay-gradient":""}},"ast-content-background-meta":{"desktop":{"background-color":"var(--ast-global-color-5)","background-image":"","background-repeat":"repeat","background-position":"center center","background-size":"auto","background-attachment":"scroll","background-type":"","background-media":"","overlay-type":"","overlay-color":"","overlay-opacity":"","overlay-gradient":""},"tablet":{"background-color":"var(--ast-global-color-5)","background-image":"","background-repeat":"repeat","background-position":"center center","background-size":"auto","background-attachment":"scroll","background-type":"","background-media":"","overlay-type":"","overlay-color":"","overlay-opacity":"","overlay-gradient":""},"mobile":{"background-color":"var(--ast-global-color-5)","background-image":"","background-repeat":"repeat","background-position":"center center","background-size":"auto","background-attachment":"scroll","background-type":"","background-media":"","overlay-type":"","overlay-color":"","overlay-opacity":"","overlay-gradient":""}},"iawp_total_views":19499,"footnotes":""},"class_list":["post-40","page","type-page","status-publish","hentry"],"_links":{"self":[{"href":"https:\/\/colosseo-roma.it\/de\/wp-json\/wp\/v2\/pages\/40","targetHints":{"allow":["GET"]}}],"collection":[{"href":"https:\/\/colosseo-roma.it\/de\/wp-json\/wp\/v2\/pages"}],"about":[{"href":"https:\/\/colosseo-roma.it\/de\/wp-json\/wp\/v2\/types\/page"}],"author":[{"embeddable":true,"href":"https:\/\/colosseo-roma.it\/de\/wp-json\/wp\/v2\/users\/1"}],"replies":[{"embeddable":true,"href":"https:\/\/colosseo-roma.it\/de\/wp-json\/wp\/v2\/comments?post=40"}],"version-history":[{"count":0,"href":"https:\/\/colosseo-roma.it\/de\/wp-json\/wp\/v2\/pages\/40\/revisions"}],"up":[{"embeddable":true,"href":"https:\/\/colosseo-roma.it\/de\/wp-json\/wp\/v2\/pages\/2357"}],"wp:attachment":[{"href":"https:\/\/colosseo-roma.it\/de\/wp-json\/wp\/v2\/media?parent=40"}],"curies":[{"name":"wp","href":"https:\/\/api.w.org\/{rel}","templated":true}]}}