{"id":46,"date":"2023-03-10T11:29:55","date_gmt":"2023-03-10T10:29:55","guid":{"rendered":"https:\/\/wordpress-1074717-3818660.cloudwaysapps.com\/?page_id=46"},"modified":"2026-01-26T17:11:31","modified_gmt":"2026-01-26T16:11:31","slug":"10-dinge-uber-das-kolosseum","status":"publish","type":"page","link":"https:\/\/colosseo-roma.it\/de\/erkunden\/kolosseum\/10-dinge-die-man-uber-das-kolosseum-wissen-sollte\/","title":{"rendered":"10 Dinge, die man \u00fcber das Kolosseum wissen sollte"},"content":{"rendered":"<div data-elementor-type=\"wp-page\" data-elementor-id=\"46\" class=\"elementor elementor-46\" data-elementor-post-type=\"page\">\n\t\t\t\t\t\t<section class=\"elementor-section elementor-top-section elementor-element elementor-element-561ee7c elementor-section-boxed elementor-section-height-default elementor-section-height-default\" data-id=\"561ee7c\" data-element_type=\"section\" data-settings=\"{&quot;jet_parallax_layout_list&quot;:[],&quot;ekit_has_onepagescroll_dot&quot;:&quot;yes&quot;}\">\n\t\t\t\t\t\t<div class=\"elementor-container elementor-column-gap-default\">\n\t\t\t\t\t<div class=\"elementor-column elementor-col-100 elementor-top-column elementor-element elementor-element-e725d89\" data-id=\"e725d89\" data-element_type=\"column\" data-settings=\"{&quot;background_background&quot;:&quot;classic&quot;}\">\n\t\t\t<div class=\"elementor-widget-wrap elementor-element-populated\">\n\t\t\t\t\t\t<div class=\"elementor-element elementor-element-2beb02e elementor-widget elementor-widget-heading\" data-id=\"2beb02e\" data-element_type=\"widget\" data-settings=\"{&quot;ekit_we_effect_on&quot;:&quot;none&quot;}\" data-widget_type=\"heading.default\">\n\t\t\t\t<div class=\"elementor-widget-container\">\n\t\t\t<h1 class=\"elementor-heading-title elementor-size-default\">ZEHN WISSENSWERTE DINGE \u00dcBER DAS KOLOSSEUM<\/h1>\t\t<\/div>\n\t\t\t\t<\/div>\n\t\t\t\t<div class=\"elementor-element elementor-element-eee1aeb elementor-widget elementor-widget-heading\" data-id=\"eee1aeb\" data-element_type=\"widget\" data-settings=\"{&quot;ekit_we_effect_on&quot;:&quot;none&quot;}\" data-widget_type=\"heading.default\">\n\t\t\t\t<div class=\"elementor-widget-container\">\n\t\t\t<h5 class=\"elementor-heading-title elementor-size-default\">1. Kolossale... Dimensionen<\/h5>\t\t<\/div>\n\t\t\t\t<\/div>\n\t\t\t\t<div class=\"elementor-element elementor-element-a55de91 elementor-widget elementor-widget-text-editor\" data-id=\"a55de91\" data-element_type=\"widget\" data-settings=\"{&quot;ekit_we_effect_on&quot;:&quot;none&quot;}\" data-widget_type=\"text-editor.default\">\n\t\t\t\t<div class=\"elementor-widget-container\">\n\t\t\t\t\t\t\t<p>Das Kolosseum ist ein elliptisches Geb\u00e4ude mit einer L\u00e4nge von 189 Metern (100 Meter weniger als die Costa Concordia, Anm. d. Red.) und einer Breite von 156 Metern, das eine Fl\u00e4che von 24 000 Quadratmetern und eine H\u00f6he von \u00fcber 48 Metern umfasst. Es hat etwa 80 Eing\u00e4nge und bietet Platz f\u00fcr etwa 50.000 Zuschauer.<\/p>\t\t\t\t\t\t<\/div>\n\t\t\t\t<\/div>\n\t\t\t\t<div class=\"elementor-element elementor-element-a2b4579 elementor-widget elementor-widget-heading\" data-id=\"a2b4579\" data-element_type=\"widget\" data-settings=\"{&quot;ekit_we_effect_on&quot;:&quot;none&quot;}\" data-widget_type=\"heading.default\">\n\t\t\t\t<div class=\"elementor-widget-container\">\n\t\t\t<h5 class=\"elementor-heading-title elementor-size-default\">2. Unfertige Erzeugnisse.<\/h5>\t\t<\/div>\n\t\t\t\t<\/div>\n\t\t\t\t<div class=\"elementor-element elementor-element-323f92a elementor-widget elementor-widget-text-editor\" data-id=\"323f92a\" data-element_type=\"widget\" data-settings=\"{&quot;ekit_we_effect_on&quot;:&quot;none&quot;}\" data-widget_type=\"text-editor.default\">\n\t\t\t\t<div class=\"elementor-widget-container\">\n\t\t\t\t\t\t\t<p>Der Bau dauerte etwas mehr als f\u00fcnf Jahre: von 75 bis 80 nach Christus. Allein f\u00fcr die Au\u00dfenmauer wurden mehr als 100.000 Kubikmeter Travertin verwendet.<\/p>\t\t\t\t\t\t<\/div>\n\t\t\t\t<\/div>\n\t\t\t\t<div class=\"elementor-element elementor-element-fa40b62 elementor-widget elementor-widget-heading\" data-id=\"fa40b62\" data-element_type=\"widget\" data-settings=\"{&quot;ekit_we_effect_on&quot;:&quot;none&quot;}\" data-widget_type=\"heading.default\">\n\t\t\t\t<div class=\"elementor-widget-container\">\n\t\t\t<h5 class=\"elementor-heading-title elementor-size-default\">3. Ein Name, ein Geheimnis.<\/h5>\t\t<\/div>\n\t\t\t\t<\/div>\n\t\t\t\t<div class=\"elementor-element elementor-element-2b928d1 elementor-widget elementor-widget-text-editor\" data-id=\"2b928d1\" data-element_type=\"widget\" data-settings=\"{&quot;ekit_we_effect_on&quot;:&quot;none&quot;}\" data-widget_type=\"text-editor.default\">\n\t\t\t\t<div class=\"elementor-widget-container\">\n\t\t\t\t\t\t\t<p>Urspr\u00fcnglich hie\u00df es Flavisches Amphitheater (es wurde von Vespasian und Titus aus der flavischen Dynastie erbaut, Anm. d. \u00dc.). Der Name \"Kolosseum\" kam erst im Mittelalter auf: Die am meisten verbreitete Theorie besagt, dass es so genannt wurde, weil es in der N\u00e4he der Statue des \"Kolosses\" von Nero gebaut wurde, die einige Meter vom Amphitheater entfernt stand. Andere sagen, der Name r\u00fchre von der Lage her, da er auf einem H\u00fcgel steht, auf dem einst ein Isis-Tempel stand (daher Collis Isei). Es gibt aber auch die schwarze Legende, dass es fr\u00fcher ein heidnischer Tempel war, in dem der Teufel verehrt wurde. Und am Ende jeder Zeremonie fragten die Priester die Gl\u00e4ubigen: \"Colis Eum?\" (\"Betest du ihn an?\").<\/p>\t\t\t\t\t\t<\/div>\n\t\t\t\t<\/div>\n\t\t\t\t<div class=\"elementor-element elementor-element-cbbddd9 elementor-widget elementor-widget-heading\" data-id=\"cbbddd9\" data-element_type=\"widget\" data-settings=\"{&quot;ekit_we_effect_on&quot;:&quot;none&quot;}\" data-widget_type=\"heading.default\">\n\t\t\t\t<div class=\"elementor-widget-container\">\n\t\t\t<h5 class=\"elementor-heading-title elementor-size-default\">4. Ohne das Kolosseum g\u00e4be es viele historische Geb\u00e4ude nicht.<\/h5>\t\t<\/div>\n\t\t\t\t<\/div>\n\t\t\t\t<div class=\"elementor-element elementor-element-58f4fda elementor-widget elementor-widget-text-editor\" data-id=\"58f4fda\" data-element_type=\"widget\" data-settings=\"{&quot;ekit_we_effect_on&quot;:&quot;none&quot;}\" data-widget_type=\"text-editor.default\">\n\t\t\t\t<div class=\"elementor-widget-container\">\n\t\t\t\t\t\t\t<p>Der Marmor der Fassade und einiger Innenteile des Kolosseums wurde f\u00fcr den Bau des Petersdoms und auch f\u00fcr Zivilgeb\u00e4ude wie den Palazzo Barberini verwendet. Nachdem das Amphitheater in Vergessenheit geraten war, wurde es lange Zeit als Quelle f\u00fcr Baumaterial genutzt. Dies war bis zum 18. Jahrhundert der Fall, als die Liebe zu den antiken \u00dcberresten Roms zur\u00fcckkehrte. Es wird gesch\u00e4tzt, dass im Laufe der Zeit nur noch ein Drittel der urspr\u00fcnglichen Konstruktion erhalten blieb.<\/p>\t\t\t\t\t\t<\/div>\n\t\t\t\t<\/div>\n\t\t\t\t<div class=\"elementor-element elementor-element-54e09ea elementor-widget elementor-widget-heading\" data-id=\"54e09ea\" data-element_type=\"widget\" data-settings=\"{&quot;ekit_we_effect_on&quot;:&quot;none&quot;}\" data-widget_type=\"heading.default\">\n\t\t\t\t<div class=\"elementor-widget-container\">\n\t\t\t<h5 class=\"elementor-heading-title elementor-size-default\">5. Historischer Film? Nein, Horror.<\/h5>\t\t<\/div>\n\t\t\t\t<\/div>\n\t\t\t\t<div class=\"elementor-element elementor-element-5d03ddb elementor-widget elementor-widget-text-editor\" data-id=\"5d03ddb\" data-element_type=\"widget\" data-settings=\"{&quot;ekit_we_effect_on&quot;:&quot;none&quot;}\" data-widget_type=\"text-editor.default\">\n\t\t\t\t<div class=\"elementor-widget-container\">\n\t\t\t\t\t\t\t<p>In der Zeit der Gladiatoren erlangte das Kolosseum einen unheilvollen Ruf, so dass es als eines der 7 Tore der H\u00f6lle galt (Zehntausende starben dort). Es hei\u00dft, dass dort Vers\u00f6hnungsrituale mit dem Blut der Toten in der Arena abgehalten wurden. Im Mittelalter nutzten R\u00e4uberbanden die Arena, um ihre Opfer zu begraben. Und im 16. Jahrhundert wurde sie zur Zielscheibe von Magiern und Zauberern, die offenbar Gefallen an den Kr\u00e4utern mit magischen Kr\u00e4ften fanden, die in den Ruinen wuchsen.<\/p>\t\t\t\t\t\t<\/div>\n\t\t\t\t<\/div>\n\t\t\t\t<div class=\"elementor-element elementor-element-ef40974 elementor-widget elementor-widget-heading\" data-id=\"ef40974\" data-element_type=\"widget\" data-settings=\"{&quot;ekit_we_effect_on&quot;:&quot;none&quot;}\" data-widget_type=\"heading.default\">\n\t\t\t\t<div class=\"elementor-widget-container\">\n\t\t\t<h5 class=\"elementor-heading-title elementor-size-default\">6. Es ist ein bisschen wie im Dschungel.<\/h5>\t\t<\/div>\n\t\t\t\t<\/div>\n\t\t\t\t<div class=\"elementor-element elementor-element-ddb7852 elementor-widget elementor-widget-text-editor\" data-id=\"ddb7852\" data-element_type=\"widget\" data-settings=\"{&quot;ekit_we_effect_on&quot;:&quot;none&quot;}\" data-widget_type=\"text-editor.default\">\n\t\t\t\t<div class=\"elementor-widget-container\">\n\t\t\t\t\t\t\t<p>Seltsam, aber wahr: Seit mehreren Jahrhunderten erforschen Botaniker die im Kolosseum wild wachsende Flora. Mehr als 350 verschiedene Pflanzenarten haben sich in den Ruinen angesiedelt, von denen einige exotischen Ursprungs sind und deren Wachstum durch das Mikroklima des Amphitheaters beg\u00fcnstigt wird.<\/p>\t\t\t\t\t\t<\/div>\n\t\t\t\t<\/div>\n\t\t\t\t<div class=\"elementor-element elementor-element-1ea489e elementor-widget elementor-widget-heading\" data-id=\"1ea489e\" data-element_type=\"widget\" data-settings=\"{&quot;ekit_we_effect_on&quot;:&quot;none&quot;}\" data-widget_type=\"heading.default\">\n\t\t\t\t<div class=\"elementor-widget-container\">\n\t\t\t<h5 class=\"elementor-heading-title elementor-size-default\">7. Es wurde auch als Schwimmbad genutzt.<\/h5>\t\t<\/div>\n\t\t\t\t<\/div>\n\t\t\t\t<div class=\"elementor-element elementor-element-53280c6 elementor-widget elementor-widget-text-editor\" data-id=\"53280c6\" data-element_type=\"widget\" data-settings=\"{&quot;ekit_we_effect_on&quot;:&quot;none&quot;}\" data-widget_type=\"text-editor.default\">\n\t\t\t\t<div class=\"elementor-widget-container\">\n\t\t\t\t\t\t\t<p>Eine Zeit lang wurden in der Arena auch Nauromachiae, Darstellungen von Seeschlachten im Wasser, abgehalten, die jedoch nicht so erfolgreich waren wie die Gladiatorenspiele. Laut Martin Crapper, Dozent f\u00fcr Bau- und Umwelttechnik an der Universit\u00e4t Edinburgh, floss das Wasser durch eine Reihe von internen Brunnen und Rohren unter den Trib\u00fcnen. Es dauerte etwa sieben Stunden, um die gesamte Arena zu f\u00fcllen.<\/p>\t\t\t\t\t\t<\/div>\n\t\t\t\t<\/div>\n\t\t\t\t<div class=\"elementor-element elementor-element-bf73000 elementor-widget elementor-widget-heading\" data-id=\"bf73000\" data-element_type=\"widget\" data-settings=\"{&quot;ekit_we_effect_on&quot;:&quot;none&quot;}\" data-widget_type=\"heading.default\">\n\t\t\t\t<div class=\"elementor-widget-container\">\n\t\t\t<h5 class=\"elementor-heading-title elementor-size-default\">8. ...und von einem gro\u00dfen Sonnenschirm bedeckt.<\/h5>\t\t<\/div>\n\t\t\t\t<\/div>\n\t\t\t\t<div class=\"elementor-element elementor-element-ea6cf2b elementor-widget elementor-widget-text-editor\" data-id=\"ea6cf2b\" data-element_type=\"widget\" data-settings=\"{&quot;ekit_we_effect_on&quot;:&quot;none&quot;}\" data-widget_type=\"text-editor.default\">\n\t\t\t\t<div class=\"elementor-widget-container\">\n\t\t\t\t\t\t\t<p>An sonnigen Tagen war das Kolosseum mit einem Segel bedeckt, das aus etwa 80 dreieckigen Segeln bestand, die von 320 Halteseilen gesteuert wurden. Der Grund daf\u00fcr ist leicht zu erraten: um einen Sonnenstich f\u00fcr die Zuschauer w\u00e4hrend der Mittagsvorstellungen zu vermeiden.<\/p>\t\t\t\t\t\t<\/div>\n\t\t\t\t<\/div>\n\t\t\t\t<div class=\"elementor-element elementor-element-4d8e281 elementor-widget elementor-widget-heading\" data-id=\"4d8e281\" data-element_type=\"widget\" data-settings=\"{&quot;ekit_we_effect_on&quot;:&quot;none&quot;}\" data-widget_type=\"heading.default\">\n\t\t\t\t<div class=\"elementor-widget-container\">\n\t\t\t<h5 class=\"elementor-heading-title elementor-size-default\">9. Im Kino.<\/h5>\t\t<\/div>\n\t\t\t\t<\/div>\n\t\t\t\t<div class=\"elementor-element elementor-element-43a34f8 elementor-widget elementor-widget-text-editor\" data-id=\"43a34f8\" data-element_type=\"widget\" data-settings=\"{&quot;ekit_we_effect_on&quot;:&quot;none&quot;}\" data-widget_type=\"text-editor.default\">\n\t\t\t\t<div class=\"elementor-widget-container\">\n\t\t\t\t\t\t\t<p>Es war Schauplatz zahlreicher Filme. Doch der Film, der es zu Weltruhm brachte, Gladiator, wurde nicht im Kolosseum gedreht. Vielmehr veranlasste eine Reihe von Pannen den Regisseur Ridley Scott, einige Szenen im r\u00f6mischen Amphitheater von El Jem in Tunesien zu drehen und eine Szene auf Malta nachzubauen, was 19 Wochen dauerte und nur zum Teil gelang: Der gr\u00f6\u00dfte Teil wurde am Computer nachgebaut.<\/p>\t\t\t\t\t\t<\/div>\n\t\t\t\t<\/div>\n\t\t\t\t<div class=\"elementor-element elementor-element-7faaeef elementor-widget elementor-widget-heading\" data-id=\"7faaeef\" data-element_type=\"widget\" data-settings=\"{&quot;ekit_we_effect_on&quot;:&quot;none&quot;}\" data-widget_type=\"heading.default\">\n\t\t\t\t<div class=\"elementor-widget-container\">\n\t\t\t<h5 class=\"elementor-heading-title elementor-size-default\">10. Neues, oder eher altes, Aussehen.<\/h5>\t\t<\/div>\n\t\t\t\t<\/div>\n\t\t\t\t<div class=\"elementor-element elementor-element-1465308 elementor-widget elementor-widget-text-editor\" data-id=\"1465308\" data-element_type=\"widget\" data-settings=\"{&quot;ekit_we_effect_on&quot;:&quot;none&quot;}\" data-widget_type=\"text-editor.default\">\n\t\t\t\t<div class=\"elementor-widget-container\">\n\t\t\t\t\t\t\t<p>Ende September soll die Vorbereitungsphase abgeschlossen sein und die Restaurierung der Fassade des Kolosseums beginnen, die, vom Smog befreit, wieder das strahlende Wei\u00df des Travertins annehmen wird. Die gesch\u00e4tzten Kosten der von Tod's gesponserten Ma\u00dfnahme belaufen sich auf 25 Millionen Euro.<\/p>\t\t\t\t\t\t<\/div>\n\t\t\t\t<\/div>\n\t\t\t\t\t<\/div>\n\t\t<\/div>\n\t\t\t\t\t<\/div>\n\t\t<\/section>\n\t\t\t\t<\/div>","protected":false},"excerpt":{"rendered":"<p>ZEHN WISSENSWERTE DINGE \u00dcBER DAS KOLOSSEUM 1. Dimensionen... kolossal Das Kolosseum ist ein elliptisches Geb\u00e4ude mit einer L\u00e4nge von 189 Metern (100 Meter weniger als die Costa Concordia, Anm. d. Red.) und einer Breite von 156 Metern, das eine Fl\u00e4che von 24.000 Quadratmetern bedeckt und mehr als 48 Meter hoch ist. Es hat etwa 80 Eing\u00e4nge und bietet Platz f\u00fcr etwa 50.000 Menschen [...].<\/p>","protected":false},"author":1,"featured_media":0,"parent":528,"menu_order":8,"comment_status":"closed","ping_status":"closed","template":"","meta":{"site-sidebar-layout":"no-sidebar","site-content-layout":"page-builder","ast-site-content-layout":"full-width-container","site-content-style":"unboxed","site-sidebar-style":"unboxed","ast-global-header-display":"","ast-banner-title-visibility":"","ast-main-header-display":"","ast-hfb-above-header-display":"","ast-hfb-below-header-display":"","ast-hfb-mobile-header-display":"","site-post-title":"disabled","ast-breadcrumbs-content":"","ast-featured-img":"disabled","footer-sml-layout":"","ast-disable-related-posts":"","theme-transparent-header-meta":"default","adv-header-id-meta":"","stick-header-meta":"","header-above-stick-meta":"","header-main-stick-meta":"","header-below-stick-meta":"","astra-migrate-meta-layouts":"set","ast-page-background-enabled":"default","ast-page-background-meta":{"desktop":{"background-color":"var(--ast-global-color-4)","background-image":"","background-repeat":"repeat","background-position":"center center","background-size":"auto","background-attachment":"scroll","background-type":"","background-media":"","overlay-type":"","overlay-color":"","overlay-opacity":"","overlay-gradient":""},"tablet":{"background-color":"","background-image":"","background-repeat":"repeat","background-position":"center center","background-size":"auto","background-attachment":"scroll","background-type":"","background-media":"","overlay-type":"","overlay-color":"","overlay-opacity":"","overlay-gradient":""},"mobile":{"background-color":"","background-image":"","background-repeat":"repeat","background-position":"center center","background-size":"auto","background-attachment":"scroll","background-type":"","background-media":"","overlay-type":"","overlay-color":"","overlay-opacity":"","overlay-gradient":""}},"ast-content-background-meta":{"desktop":{"background-color":"var(--ast-global-color-5)","background-image":"","background-repeat":"repeat","background-position":"center center","background-size":"auto","background-attachment":"scroll","background-type":"","background-media":"","overlay-type":"","overlay-color":"","overlay-opacity":"","overlay-gradient":""},"tablet":{"background-color":"var(--ast-global-color-5)","background-image":"","background-repeat":"repeat","background-position":"center center","background-size":"auto","background-attachment":"scroll","background-type":"","background-media":"","overlay-type":"","overlay-color":"","overlay-opacity":"","overlay-gradient":""},"mobile":{"background-color":"var(--ast-global-color-5)","background-image":"","background-repeat":"repeat","background-position":"center center","background-size":"auto","background-attachment":"scroll","background-type":"","background-media":"","overlay-type":"","overlay-color":"","overlay-opacity":"","overlay-gradient":""}},"iawp_total_views":1652,"footnotes":""},"class_list":["post-46","page","type-page","status-publish","hentry"],"_links":{"self":[{"href":"https:\/\/colosseo-roma.it\/de\/wp-json\/wp\/v2\/pages\/46","targetHints":{"allow":["GET"]}}],"collection":[{"href":"https:\/\/colosseo-roma.it\/de\/wp-json\/wp\/v2\/pages"}],"about":[{"href":"https:\/\/colosseo-roma.it\/de\/wp-json\/wp\/v2\/types\/page"}],"author":[{"embeddable":true,"href":"https:\/\/colosseo-roma.it\/de\/wp-json\/wp\/v2\/users\/1"}],"replies":[{"embeddable":true,"href":"https:\/\/colosseo-roma.it\/de\/wp-json\/wp\/v2\/comments?post=46"}],"version-history":[{"count":0,"href":"https:\/\/colosseo-roma.it\/de\/wp-json\/wp\/v2\/pages\/46\/revisions"}],"up":[{"embeddable":true,"href":"https:\/\/colosseo-roma.it\/de\/wp-json\/wp\/v2\/pages\/528"}],"wp:attachment":[{"href":"https:\/\/colosseo-roma.it\/de\/wp-json\/wp\/v2\/media?parent=46"}],"curies":[{"name":"wp","href":"https:\/\/api.w.org\/{rel}","templated":true}]}}