{"id":498,"date":"2023-03-28T09:09:42","date_gmt":"2023-03-28T08:09:42","guid":{"rendered":"https:\/\/wordpress-1074717-3818660.cloudwaysapps.com\/?page_id=498"},"modified":"2026-01-26T17:14:09","modified_gmt":"2026-01-26T16:14:09","slug":"fuhrung","status":"publish","type":"page","link":"https:\/\/colosseo-roma.it\/de\/besuchen-sie\/gefuhrte-erfahrung\/fuhrung\/","title":{"rendered":"Gef\u00fchrte Touren"},"content":{"rendered":"<div data-elementor-type=\"wp-page\" data-elementor-id=\"498\" class=\"elementor elementor-498\" data-elementor-post-type=\"page\">\n\t\t\t\t\t\t<section class=\"elementor-section elementor-top-section elementor-element elementor-element-d3d6758 elementor-section-boxed elementor-section-height-default elementor-section-height-default\" data-id=\"d3d6758\" data-element_type=\"section\" data-settings=\"{&quot;jet_parallax_layout_list&quot;:[],&quot;ekit_has_onepagescroll_dot&quot;:&quot;yes&quot;}\">\n\t\t\t\t\t\t<div class=\"elementor-container elementor-column-gap-default\">\n\t\t\t\t\t<div class=\"elementor-column elementor-col-100 elementor-top-column elementor-element elementor-element-a946017\" data-id=\"a946017\" data-element_type=\"column\" data-settings=\"{&quot;background_background&quot;:&quot;classic&quot;}\">\n\t\t\t<div class=\"elementor-widget-wrap elementor-element-populated\">\n\t\t\t\t\t\t<div class=\"elementor-element elementor-element-0a5eaae elementor-widget elementor-widget-heading\" data-id=\"0a5eaae\" data-element_type=\"widget\" data-settings=\"{&quot;ekit_we_effect_on&quot;:&quot;none&quot;}\" data-widget_type=\"heading.default\">\n\t\t\t\t<div class=\"elementor-widget-container\">\n\t\t\t<h1 class=\"elementor-heading-title elementor-size-default\">Gef\u00fchrte Touren<\/h1>\t\t<\/div>\n\t\t\t\t<\/div>\n\t\t\t\t<div class=\"elementor-element elementor-element-7b2c4ab elementor-widget elementor-widget-heading\" data-id=\"7b2c4ab\" data-element_type=\"widget\" data-settings=\"{&quot;ekit_we_effect_on&quot;:&quot;none&quot;}\" data-widget_type=\"heading.default\">\n\t\t\t\t<div class=\"elementor-widget-container\">\n\t\t\t<h5 class=\"elementor-heading-title elementor-size-default\">KOLOSSEUM-F\u00dcHRUNGEN<\/h5>\t\t<\/div>\n\t\t\t\t<\/div>\n\t\t\t\t<section class=\"elementor-section elementor-inner-section elementor-element elementor-element-e8048ae elementor-section-boxed elementor-section-height-default elementor-section-height-default\" data-id=\"e8048ae\" data-element_type=\"section\" data-settings=\"{&quot;jet_parallax_layout_list&quot;:[],&quot;ekit_has_onepagescroll_dot&quot;:&quot;yes&quot;}\">\n\t\t\t\t\t\t<div class=\"elementor-container elementor-column-gap-default\">\n\t\t\t\t\t<div class=\"elementor-column elementor-col-100 elementor-inner-column elementor-element elementor-element-191bd95\" data-id=\"191bd95\" data-element_type=\"column\">\n\t\t\t<div class=\"elementor-widget-wrap elementor-element-populated\">\n\t\t\t\t\t\t<div class=\"elementor-element elementor-element-117a628 elementor-widget elementor-widget-html\" data-id=\"117a628\" data-element_type=\"widget\" data-settings=\"{&quot;ekit_we_effect_on&quot;:&quot;none&quot;}\" data-widget_type=\"html.default\">\n\t\t\t\t<div class=\"elementor-widget-container\">\n\t\t\t<div data-tiqets-widget=\"discovery\" data-cards-layout=\"responsive\" data-content-type=\"product\" data-item_count=\"4\" data-destination-type=\"venue\" data-destination-id=\"145769\" data-partner=\"colosseo_roma\" data-tq-campaign=\"visita_guidata\"><\/div><script defer src=\"https:\/\/widgets.tiqets.com\/loader.js\"><\/script>\t\t<\/div>\n\t\t\t\t<\/div>\n\t\t\t\t\t<\/div>\n\t\t<\/div>\n\t\t\t\t\t<\/div>\n\t\t<\/section>\n\t\t\t\t<div class=\"elementor-element elementor-element-8bb865f elementor-widget elementor-widget-spacer\" data-id=\"8bb865f\" data-element_type=\"widget\" data-settings=\"{&quot;ekit_we_effect_on&quot;:&quot;none&quot;}\" data-widget_type=\"spacer.default\">\n\t\t\t\t<div class=\"elementor-widget-container\">\n\t\t\t\t\t<div class=\"elementor-spacer\">\n\t\t\t<div class=\"elementor-spacer-inner\"><\/div>\n\t\t<\/div>\n\t\t\t\t<\/div>\n\t\t\t\t<\/div>\n\t\t\t\t<div class=\"elementor-element elementor-element-c0c09d1 elementor-widget elementor-widget-heading\" data-id=\"c0c09d1\" data-element_type=\"widget\" data-settings=\"{&quot;ekit_we_effect_on&quot;:&quot;none&quot;}\" data-widget_type=\"heading.default\">\n\t\t\t\t<div class=\"elementor-widget-container\">\n\t\t\t<h4 class=\"elementor-heading-title elementor-size-default\">W\u00e4hlen Sie Ihre F\u00fchrung durch das Kolosseum <\/h4>\t\t<\/div>\n\t\t\t\t<\/div>\n\t\t\t\t<div class=\"elementor-element elementor-element-f48cc1c elementor-widget elementor-widget-text-editor\" data-id=\"f48cc1c\" data-element_type=\"widget\" data-settings=\"{&quot;ekit_we_effect_on&quot;:&quot;none&quot;}\" data-widget_type=\"text-editor.default\">\n\t\t\t\t<div class=\"elementor-widget-container\">\n\t\t\t\t\t\t\t<p>Hier sind die besten Kolosseumstouren, die Ihnen vorrangigen Zugang zum Monument garantieren.<\/p>\t\t\t\t\t\t<\/div>\n\t\t\t\t<\/div>\n\t\t\t\t<div class=\"elementor-element elementor-element-b5298e8 elementor-widget elementor-widget-heading\" data-id=\"b5298e8\" data-element_type=\"widget\" data-settings=\"{&quot;ekit_we_effect_on&quot;:&quot;none&quot;}\" data-widget_type=\"heading.default\">\n\t\t\t\t<div class=\"elementor-widget-container\">\n\t\t\t<h4 class=\"elementor-heading-title elementor-size-default\">Warum sollte man sich auf eine gef\u00fchrte Tour durch das Kolosseum verlassen? <\/h4>\t\t<\/div>\n\t\t\t\t<\/div>\n\t\t\t\t<div class=\"elementor-element elementor-element-8f86be4 elementor-widget elementor-widget-text-editor\" data-id=\"8f86be4\" data-element_type=\"widget\" data-settings=\"{&quot;ekit_we_effect_on&quot;:&quot;none&quot;}\" data-widget_type=\"text-editor.default\">\n\t\t\t\t<div class=\"elementor-widget-container\">\n\t\t\t\t\t\t\t<ul><li>Bei einer F\u00fchrung durch das Kolosseum ist ein erfahrener F\u00fchrer dabei, der die Geschichte und die Architektur des Kolosseums genau kennt und Erkl\u00e4rungen geben kann, die auf Informationstafeln oder in B\u00fcchern nur schwer zu finden sind.<\/li><li>Einige F\u00fchrungen bieten vorrangigen Zugang, d. h. die M\u00f6glichkeit, lange Warteschlangen zu vermeiden. Das bedeutet, dass die Besucher bei ihren Besichtigungstouren, die vor allem in der Hochsaison sehr \u00fcberf\u00fcllt sein k\u00f6nnen, wertvolle Zeit sparen k\u00f6nnen.<\/li><li>Einige F\u00fchrungen beinhalten den Zugang zu exklusiven Bereichen des Kolosseums, wie den unterirdischen Bereichen der Arena und den Gladiatorenquartieren, die f\u00fcr Besucher ohne F\u00fchrung nicht zug\u00e4nglich sind.<\/li><li>Ein erfahrener F\u00fchrer kann den Besuchern helfen, die Geschichte und die Bedeutung dieses au\u00dfergew\u00f6hnlichen Denkmals besser zu verstehen, indem er detaillierte Erkl\u00e4rungen in der Sprache ihrer Wahl gibt.<\/li><\/ul>\t\t\t\t\t\t<\/div>\n\t\t\t\t<\/div>\n\t\t\t\t<div class=\"elementor-element elementor-element-b7562f9 elementor-widget elementor-widget-heading\" data-id=\"b7562f9\" data-element_type=\"widget\" data-settings=\"{&quot;ekit_we_effect_on&quot;:&quot;none&quot;}\" data-widget_type=\"heading.default\">\n\t\t\t\t<div class=\"elementor-widget-container\">\n\t\t\t<h4 class=\"elementor-heading-title elementor-size-default\">Organisieren Sie eine gef\u00fchrte Besichtigung des Kolosseums in Rom<\/h4>\t\t<\/div>\n\t\t\t\t<\/div>\n\t\t\t\t<div class=\"elementor-element elementor-element-cb31b9a elementor-widget elementor-widget-text-editor\" data-id=\"cb31b9a\" data-element_type=\"widget\" data-settings=\"{&quot;ekit_we_effect_on&quot;:&quot;none&quot;}\" data-widget_type=\"text-editor.default\">\n\t\t\t\t<div class=\"elementor-widget-container\">\n\t\t\t\t\t\t\t<ul><li>Sie k\u00f6nnen Tickets f\u00fcr das Kolosseum im Voraus online \u00fcber unsere Website kaufen. Auf diese Weise vermeiden Sie lange Warteschlangen.<\/li><li>Ziehen Sie in Erw\u00e4gung, sich einer F\u00fchrung anzuschlie\u00dfen, die Ihnen detaillierte Informationen \u00fcber die Geschichte und die Architektur des Kolosseums bietet und Ihnen bevorzugten Zugang zu exklusiven Bereichen gew\u00e4hrt.<\/li><li>Planen Sie Ihren Besuch im Kolosseum sorgf\u00e4ltig, damit Sie nach M\u00f6glichkeit die Hauptverkehrszeiten vermeiden. Im Allgemeinen ist es am fr\u00fchen Morgen oder am sp\u00e4ten Nachmittag am wenigsten \u00fcberf\u00fcllt.<\/li><li>Tragen Sie bequeme Schuhe, vorzugsweise Turnschuhe, und der Jahreszeit entsprechende Kleidung. Denken Sie daran, dass es im Sommer im Kolosseum besonders hei\u00df sein kann.<\/li><li>Im Sommer sollten Sie die notwendigen Dinge wie Wasser, Sonnencreme und einen Hut mitnehmen.<\/li><li>Halten Sie sich an die Regeln und vermeiden Sie es, auf Z\u00e4une zu klettern oder W\u00e4nde oder alte Gegenst\u00e4nde zu ber\u00fchren.<\/li><li>Genie\u00dfen Sie den Blick auf das Kolosseum und erkunden Sie die Umgebung. Das Kolosseum ist eines der Weltwunder der Antike und Sie werden die Gelegenheit haben, aus erster Hand in die Geschichte des glorreichen alten Roms einzutauchen.<\/li><\/ul>\t\t\t\t\t\t<\/div>\n\t\t\t\t<\/div>\n\t\t\t\t\t<\/div>\n\t\t<\/div>\n\t\t\t\t\t<\/div>\n\t\t<\/section>\n\t\t\t\t<\/div>","protected":false},"excerpt":{"rendered":"<p>F\u00dcHRUNGEN COLOSSEO F\u00dcHRUNGEN W\u00e4hlen Sie Ihre F\u00fchrung durch das Kolosseum Hier finden Sie die besten Kolosseum-F\u00fchrungen, die Ihnen vorrangigen Zugang zum Monument garantieren. Warum sollten Sie eine F\u00fchrung durch das Kolosseum buchen? Bei einer F\u00fchrung durch das Kolosseum wird Ihnen ein erfahrener F\u00fchrer zur Seite gestellt, der sich mit der Geschichte und der Architektur des Kolosseums bestens auskennt und [...]<\/p>","protected":false},"author":1,"featured_media":0,"parent":494,"menu_order":1,"comment_status":"closed","ping_status":"closed","template":"","meta":{"site-sidebar-layout":"no-sidebar","site-content-layout":"page-builder","ast-site-content-layout":"full-width-container","site-content-style":"unboxed","site-sidebar-style":"unboxed","ast-global-header-display":"","ast-banner-title-visibility":"","ast-main-header-display":"","ast-hfb-above-header-display":"","ast-hfb-below-header-display":"","ast-hfb-mobile-header-display":"","site-post-title":"disabled","ast-breadcrumbs-content":"","ast-featured-img":"disabled","footer-sml-layout":"","ast-disable-related-posts":"","theme-transparent-header-meta":"default","adv-header-id-meta":"","stick-header-meta":"","header-above-stick-meta":"","header-main-stick-meta":"","header-below-stick-meta":"","astra-migrate-meta-layouts":"set","ast-page-background-enabled":"default","ast-page-background-meta":{"desktop":{"background-color":"var(--ast-global-color-4)","background-image":"","background-repeat":"repeat","background-position":"center center","background-size":"auto","background-attachment":"scroll","background-type":"","background-media":"","overlay-type":"","overlay-color":"","overlay-opacity":"","overlay-gradient":""},"tablet":{"background-color":"","background-image":"","background-repeat":"repeat","background-position":"center center","background-size":"auto","background-attachment":"scroll","background-type":"","background-media":"","overlay-type":"","overlay-color":"","overlay-opacity":"","overlay-gradient":""},"mobile":{"background-color":"","background-image":"","background-repeat":"repeat","background-position":"center center","background-size":"auto","background-attachment":"scroll","background-type":"","background-media":"","overlay-type":"","overlay-color":"","overlay-opacity":"","overlay-gradient":""}},"ast-content-background-meta":{"desktop":{"background-color":"var(--ast-global-color-5)","background-image":"","background-repeat":"repeat","background-position":"center center","background-size":"auto","background-attachment":"scroll","background-type":"","background-media":"","overlay-type":"","overlay-color":"","overlay-opacity":"","overlay-gradient":""},"tablet":{"background-color":"var(--ast-global-color-5)","background-image":"","background-repeat":"repeat","background-position":"center center","background-size":"auto","background-attachment":"scroll","background-type":"","background-media":"","overlay-type":"","overlay-color":"","overlay-opacity":"","overlay-gradient":""},"mobile":{"background-color":"var(--ast-global-color-5)","background-image":"","background-repeat":"repeat","background-position":"center center","background-size":"auto","background-attachment":"scroll","background-type":"","background-media":"","overlay-type":"","overlay-color":"","overlay-opacity":"","overlay-gradient":""}},"iawp_total_views":2061,"footnotes":""},"class_list":["post-498","page","type-page","status-publish","hentry"],"_links":{"self":[{"href":"https:\/\/colosseo-roma.it\/de\/wp-json\/wp\/v2\/pages\/498","targetHints":{"allow":["GET"]}}],"collection":[{"href":"https:\/\/colosseo-roma.it\/de\/wp-json\/wp\/v2\/pages"}],"about":[{"href":"https:\/\/colosseo-roma.it\/de\/wp-json\/wp\/v2\/types\/page"}],"author":[{"embeddable":true,"href":"https:\/\/colosseo-roma.it\/de\/wp-json\/wp\/v2\/users\/1"}],"replies":[{"embeddable":true,"href":"https:\/\/colosseo-roma.it\/de\/wp-json\/wp\/v2\/comments?post=498"}],"version-history":[{"count":0,"href":"https:\/\/colosseo-roma.it\/de\/wp-json\/wp\/v2\/pages\/498\/revisions"}],"up":[{"embeddable":true,"href":"https:\/\/colosseo-roma.it\/de\/wp-json\/wp\/v2\/pages\/494"}],"wp:attachment":[{"href":"https:\/\/colosseo-roma.it\/de\/wp-json\/wp\/v2\/media?parent=498"}],"curies":[{"name":"wp","href":"https:\/\/api.w.org\/{rel}","templated":true}]}}