{"id":513,"date":"2023-03-28T09:13:38","date_gmt":"2023-03-28T08:13:38","guid":{"rendered":"https:\/\/wordpress-1074717-3818660.cloudwaysapps.com\/?page_id=513"},"modified":"2026-01-26T17:12:37","modified_gmt":"2026-01-26T16:12:37","slug":"autos","status":"publish","type":"page","link":"https:\/\/colosseo-roma.it\/de\/besuchen-sie\/wie-man-dorthin-kommt\/autos\/","title":{"rendered":"Auto"},"content":{"rendered":"<div data-elementor-type=\"wp-page\" data-elementor-id=\"513\" class=\"elementor elementor-513\" data-elementor-post-type=\"page\">\n\t\t\t\t\t\t<section class=\"elementor-section elementor-top-section elementor-element elementor-element-5692cc6 elementor-section-boxed elementor-section-height-default elementor-section-height-default\" data-id=\"5692cc6\" data-element_type=\"section\" data-settings=\"{&quot;jet_parallax_layout_list&quot;:[],&quot;ekit_has_onepagescroll_dot&quot;:&quot;yes&quot;}\">\n\t\t\t\t\t\t<div class=\"elementor-container elementor-column-gap-default\">\n\t\t\t\t\t<div class=\"elementor-column elementor-col-100 elementor-top-column elementor-element elementor-element-cdf2143\" data-id=\"cdf2143\" data-element_type=\"column\" data-settings=\"{&quot;background_background&quot;:&quot;classic&quot;}\">\n\t\t\t<div class=\"elementor-widget-wrap elementor-element-populated\">\n\t\t\t\t\t\t<div class=\"elementor-element elementor-element-a663f07 elementor-widget elementor-widget-heading\" data-id=\"a663f07\" data-element_type=\"widget\" data-settings=\"{&quot;ekit_we_effect_on&quot;:&quot;none&quot;}\" data-widget_type=\"heading.default\">\n\t\t\t\t<div class=\"elementor-widget-container\">\n\t\t\t<h1 class=\"elementor-heading-title elementor-size-default\">Wie man mit dem Auto zum Kolosseum kommt<\/h1>\t\t<\/div>\n\t\t\t\t<\/div>\n\t\t\t\t<div class=\"elementor-element elementor-element-97ca5f0 elementor-widget elementor-widget-text-editor\" data-id=\"97ca5f0\" data-element_type=\"widget\" data-settings=\"{&quot;ekit_we_effect_on&quot;:&quot;none&quot;}\" data-widget_type=\"text-editor.default\">\n\t\t\t\t<div class=\"elementor-widget-container\">\n\t\t\t\t\t\t\t<p>Die Anreise zum Kolosseum mit dem Auto ist keine Option, um die Touristenattraktion zu erreichen, da die Gegend um das Monument sehr belebt ist.<\/p><p>Wenn Sie jedoch mit dem Auto zum Kolosseum fahren m\u00fcssen, gibt es in der N\u00e4he einige kostenpflichtige Parkpl\u00e4tze.<\/p><p><strong>Die funktionellsten Parkh\u00e4user sind<\/strong><\/p><ul><li>Kolosseum Park Service: 4\u20ac pro Stunde<\/li><li>Kolosseum-Park: 8\u20ac f\u00fcr 2 Stunden<\/li><li>Supergarage Metronio: 22,93 \u20ac pro Tag<\/li><\/ul><p>Eine viel empfehlenswertere Option ist es, Ihr Auto au\u00dferhalb des historischen Zentrums von Rom in der <strong>ATAC-Wechselparkpl\u00e4tze.<\/strong> Es handelt sich um sehr funktionelle und preiswerte Parkh\u00e4user. Von dort aus m\u00fcssen Sie nur die Metro nehmen, um in Rom zu reisen.<\/p><p>Wenn Sie Rom mit dem Auto erkunden m\u00f6chten, empfehlen wir Ihnen den <strong>Parkhaus Bahnhof Termini<\/strong>denn von dort aus ist das Kolosseum in etwa 20 Minuten zu Fu\u00df oder mit der U-Bahn zu erreichen.<\/p><p>Alternativ dazu gibt es eine Reihe von geb\u00fchrenpflichtigen Parkpl\u00e4tzen in verschiedenen Teilen der Stadt, die Sie je nach Ihrem Ausgangspunkt und Ihrer geplanten Reiseroute nutzen k\u00f6nnen.<\/p><p>Wenn Sie jedoch einen Besuch in Rom und im Kolosseum planen, <strong>Ich rate Ihnen, \u00f6ffentliche Verkehrsmittel zu benutzen<\/strong> wie die U-Bahn oder den Bus, da die Stra\u00dfen im Zentrum stark befahren sind und das Parken des Autos eine eher unangenehme Erfahrung sein kann.<\/p>\t\t\t\t\t\t<\/div>\n\t\t\t\t<\/div>\n\t\t\t\t\t<\/div>\n\t\t<\/div>\n\t\t\t\t\t<\/div>\n\t\t<\/section>\n\t\t\t\t<\/div>","protected":false},"excerpt":{"rendered":"<p>Anreise zum Kolosseum mit dem Auto Die Anreise zum Kolosseum mit dem Auto ist keine Option, um die Touristenattraktion zu erreichen, da der Denkmalbereich sehr stark frequentiert ist. Wenn Sie jedoch mit dem Auto zum Kolosseum fahren m\u00fcssen, gibt es in der N\u00e4he einige geb\u00fchrenpflichtige Parkpl\u00e4tze. Die funktionellsten Parkpl\u00e4tze sind die folgenden: Colosseum Park Service: 4\u20ac pro Stunde [...].<\/p>","protected":false},"author":1,"featured_media":0,"parent":42,"menu_order":3,"comment_status":"closed","ping_status":"closed","template":"","meta":{"site-sidebar-layout":"no-sidebar","site-content-layout":"page-builder","ast-site-content-layout":"full-width-container","site-content-style":"unboxed","site-sidebar-style":"unboxed","ast-global-header-display":"","ast-banner-title-visibility":"","ast-main-header-display":"","ast-hfb-above-header-display":"","ast-hfb-below-header-display":"","ast-hfb-mobile-header-display":"","site-post-title":"disabled","ast-breadcrumbs-content":"","ast-featured-img":"disabled","footer-sml-layout":"","ast-disable-related-posts":"","theme-transparent-header-meta":"default","adv-header-id-meta":"","stick-header-meta":"","header-above-stick-meta":"","header-main-stick-meta":"","header-below-stick-meta":"","astra-migrate-meta-layouts":"set","ast-page-background-enabled":"default","ast-page-background-meta":{"desktop":{"background-color":"var(--ast-global-color-4)","background-image":"","background-repeat":"repeat","background-position":"center center","background-size":"auto","background-attachment":"scroll","background-type":"","background-media":"","overlay-type":"","overlay-color":"","overlay-opacity":"","overlay-gradient":""},"tablet":{"background-color":"","background-image":"","background-repeat":"repeat","background-position":"center center","background-size":"auto","background-attachment":"scroll","background-type":"","background-media":"","overlay-type":"","overlay-color":"","overlay-opacity":"","overlay-gradient":""},"mobile":{"background-color":"","background-image":"","background-repeat":"repeat","background-position":"center center","background-size":"auto","background-attachment":"scroll","background-type":"","background-media":"","overlay-type":"","overlay-color":"","overlay-opacity":"","overlay-gradient":""}},"ast-content-background-meta":{"desktop":{"background-color":"var(--ast-global-color-5)","background-image":"","background-repeat":"repeat","background-position":"center center","background-size":"auto","background-attachment":"scroll","background-type":"","background-media":"","overlay-type":"","overlay-color":"","overlay-opacity":"","overlay-gradient":""},"tablet":{"background-color":"var(--ast-global-color-5)","background-image":"","background-repeat":"repeat","background-position":"center center","background-size":"auto","background-attachment":"scroll","background-type":"","background-media":"","overlay-type":"","overlay-color":"","overlay-opacity":"","overlay-gradient":""},"mobile":{"background-color":"var(--ast-global-color-5)","background-image":"","background-repeat":"repeat","background-position":"center center","background-size":"auto","background-attachment":"scroll","background-type":"","background-media":"","overlay-type":"","overlay-color":"","overlay-opacity":"","overlay-gradient":""}},"iawp_total_views":2390,"footnotes":""},"class_list":["post-513","page","type-page","status-publish","hentry"],"_links":{"self":[{"href":"https:\/\/colosseo-roma.it\/de\/wp-json\/wp\/v2\/pages\/513","targetHints":{"allow":["GET"]}}],"collection":[{"href":"https:\/\/colosseo-roma.it\/de\/wp-json\/wp\/v2\/pages"}],"about":[{"href":"https:\/\/colosseo-roma.it\/de\/wp-json\/wp\/v2\/types\/page"}],"author":[{"embeddable":true,"href":"https:\/\/colosseo-roma.it\/de\/wp-json\/wp\/v2\/users\/1"}],"replies":[{"embeddable":true,"href":"https:\/\/colosseo-roma.it\/de\/wp-json\/wp\/v2\/comments?post=513"}],"version-history":[{"count":0,"href":"https:\/\/colosseo-roma.it\/de\/wp-json\/wp\/v2\/pages\/513\/revisions"}],"up":[{"embeddable":true,"href":"https:\/\/colosseo-roma.it\/de\/wp-json\/wp\/v2\/pages\/42"}],"wp:attachment":[{"href":"https:\/\/colosseo-roma.it\/de\/wp-json\/wp\/v2\/media?parent=513"}],"curies":[{"name":"wp","href":"https:\/\/api.w.org\/{rel}","templated":true}]}}