{"id":514,"date":"2023-03-28T09:13:43","date_gmt":"2023-03-28T08:13:43","guid":{"rendered":"https:\/\/wordpress-1074717-3818660.cloudwaysapps.com\/?page_id=514"},"modified":"2026-01-26T17:12:32","modified_gmt":"2026-01-26T16:12:32","slug":"zug","status":"publish","type":"page","link":"https:\/\/colosseo-roma.it\/de\/besuchen-sie\/wie-man-dorthin-kommt\/zug\/","title":{"rendered":"Zug"},"content":{"rendered":"<div data-elementor-type=\"wp-page\" data-elementor-id=\"514\" class=\"elementor elementor-514\" data-elementor-post-type=\"page\">\n\t\t\t\t\t\t<section class=\"elementor-section elementor-top-section elementor-element elementor-element-5e58a6c elementor-section-boxed elementor-section-height-default elementor-section-height-default\" data-id=\"5e58a6c\" data-element_type=\"section\" data-settings=\"{&quot;jet_parallax_layout_list&quot;:[],&quot;ekit_has_onepagescroll_dot&quot;:&quot;yes&quot;}\">\n\t\t\t\t\t\t<div class=\"elementor-container elementor-column-gap-default\">\n\t\t\t\t\t<div class=\"elementor-column elementor-col-100 elementor-top-column elementor-element elementor-element-5a87a13\" data-id=\"5a87a13\" data-element_type=\"column\" data-settings=\"{&quot;background_background&quot;:&quot;classic&quot;}\">\n\t\t\t<div class=\"elementor-widget-wrap elementor-element-populated\">\n\t\t\t\t\t\t<div class=\"elementor-element elementor-element-d0ce29a elementor-widget elementor-widget-heading\" data-id=\"d0ce29a\" data-element_type=\"widget\" data-settings=\"{&quot;ekit_we_effect_on&quot;:&quot;none&quot;}\" data-widget_type=\"heading.default\">\n\t\t\t\t<div class=\"elementor-widget-container\">\n\t\t\t<h1 class=\"elementor-heading-title elementor-size-default\">Kolosseum Bahnhof<\/h1>\t\t<\/div>\n\t\t\t\t<\/div>\n\t\t\t\t<div class=\"elementor-element elementor-element-9627983 elementor-widget elementor-widget-text-editor\" data-id=\"9627983\" data-element_type=\"widget\" data-settings=\"{&quot;ekit_we_effect_on&quot;:&quot;none&quot;}\" data-widget_type=\"text-editor.default\">\n\t\t\t\t<div class=\"elementor-widget-container\">\n\t\t\t\t\t\t\t<p>Um das Kolosseum in Rom mit dem Zug zu erreichen, gibt es mehrere M\u00f6glichkeiten, der Hauptbahnhof ist <strong>Rom Termini <\/strong>aber je nach Ihren Bed\u00fcrfnissen k\u00f6nnen Sie eine der folgenden Stationen w\u00e4hlen: <strong>Termini, Tiburtina, Ostiense.\u00a0<\/strong><\/p><p>Hier sind die wichtigsten Stationen:<\/p><p><strong>Vom Bahnhof Termini in Rom<\/strong>Nehmen Sie die Metrolinie B in Richtung Laurentina und steigen Sie an der Haltestelle Colosseo aus. Die Station befindet sich direkt vor dem Haupteingang des Kolosseums.<\/p><p><strong>Vom Bahnhof Tiburtina in Rom<\/strong>Nehmen Sie die U-Bahn-Linie B in Richtung Laurentina und steigen Sie am Colosseo aus.<\/p><p><strong>Vom Bahnhof Ostiense in Rom<\/strong>Nehmen Sie die U-Bahn-Linie B in Richtung Rebibbia und steigen Sie am Colosseo aus.<\/p><p>Das Kolosseum befindet sich im historischen Zentrum Roms, so dass die meisten Hauptbahnh\u00f6fe etwas weiter entfernt sind. Um das Kolosseum zu erreichen, m\u00fcssen Sie ein anderes Verkehrsmittel wie die Metro oder einen Bus nehmen, um an Ihr Ziel zu gelangen.\u00a0<\/p>\t\t\t\t\t\t<\/div>\n\t\t\t\t<\/div>\n\t\t\t\t\t<\/div>\n\t\t<\/div>\n\t\t\t\t\t<\/div>\n\t\t<\/section>\n\t\t\t\t<\/div>","protected":false},"excerpt":{"rendered":"<p>Kolosseum Bahnhof Um das Kolosseum in Rom mit dem Zug zu erreichen, gibt es mehrere M\u00f6glichkeiten, der Hauptbahnhof ist Roma Termini, aber je nach Ihren Bed\u00fcrfnissen k\u00f6nnen Sie einen der folgenden Bahnh\u00f6fe w\u00e4hlen: Termini, Tiburtina, Ostiense.  Hier sind die wichtigsten Bahnh\u00f6fe: Vom Bahnhof Rom Termini: Nehmen Sie die Metrolinie B in Richtung Laurentina und [...].<\/p>","protected":false},"author":1,"featured_media":0,"parent":42,"menu_order":0,"comment_status":"closed","ping_status":"closed","template":"","meta":{"site-sidebar-layout":"no-sidebar","site-content-layout":"page-builder","ast-site-content-layout":"full-width-container","site-content-style":"unboxed","site-sidebar-style":"unboxed","ast-global-header-display":"","ast-banner-title-visibility":"","ast-main-header-display":"","ast-hfb-above-header-display":"","ast-hfb-below-header-display":"","ast-hfb-mobile-header-display":"","site-post-title":"disabled","ast-breadcrumbs-content":"","ast-featured-img":"disabled","footer-sml-layout":"","ast-disable-related-posts":"","theme-transparent-header-meta":"default","adv-header-id-meta":"","stick-header-meta":"","header-above-stick-meta":"","header-main-stick-meta":"","header-below-stick-meta":"","astra-migrate-meta-layouts":"set","ast-page-background-enabled":"default","ast-page-background-meta":{"desktop":{"background-color":"var(--ast-global-color-4)","background-image":"","background-repeat":"repeat","background-position":"center center","background-size":"auto","background-attachment":"scroll","background-type":"","background-media":"","overlay-type":"","overlay-color":"","overlay-opacity":"","overlay-gradient":""},"tablet":{"background-color":"","background-image":"","background-repeat":"repeat","background-position":"center center","background-size":"auto","background-attachment":"scroll","background-type":"","background-media":"","overlay-type":"","overlay-color":"","overlay-opacity":"","overlay-gradient":""},"mobile":{"background-color":"","background-image":"","background-repeat":"repeat","background-position":"center center","background-size":"auto","background-attachment":"scroll","background-type":"","background-media":"","overlay-type":"","overlay-color":"","overlay-opacity":"","overlay-gradient":""}},"ast-content-background-meta":{"desktop":{"background-color":"var(--ast-global-color-5)","background-image":"","background-repeat":"repeat","background-position":"center center","background-size":"auto","background-attachment":"scroll","background-type":"","background-media":"","overlay-type":"","overlay-color":"","overlay-opacity":"","overlay-gradient":""},"tablet":{"background-color":"var(--ast-global-color-5)","background-image":"","background-repeat":"repeat","background-position":"center center","background-size":"auto","background-attachment":"scroll","background-type":"","background-media":"","overlay-type":"","overlay-color":"","overlay-opacity":"","overlay-gradient":""},"mobile":{"background-color":"var(--ast-global-color-5)","background-image":"","background-repeat":"repeat","background-position":"center center","background-size":"auto","background-attachment":"scroll","background-type":"","background-media":"","overlay-type":"","overlay-color":"","overlay-opacity":"","overlay-gradient":""}},"iawp_total_views":2409,"footnotes":""},"class_list":["post-514","page","type-page","status-publish","hentry"],"_links":{"self":[{"href":"https:\/\/colosseo-roma.it\/de\/wp-json\/wp\/v2\/pages\/514","targetHints":{"allow":["GET"]}}],"collection":[{"href":"https:\/\/colosseo-roma.it\/de\/wp-json\/wp\/v2\/pages"}],"about":[{"href":"https:\/\/colosseo-roma.it\/de\/wp-json\/wp\/v2\/types\/page"}],"author":[{"embeddable":true,"href":"https:\/\/colosseo-roma.it\/de\/wp-json\/wp\/v2\/users\/1"}],"replies":[{"embeddable":true,"href":"https:\/\/colosseo-roma.it\/de\/wp-json\/wp\/v2\/comments?post=514"}],"version-history":[{"count":0,"href":"https:\/\/colosseo-roma.it\/de\/wp-json\/wp\/v2\/pages\/514\/revisions"}],"up":[{"embeddable":true,"href":"https:\/\/colosseo-roma.it\/de\/wp-json\/wp\/v2\/pages\/42"}],"wp:attachment":[{"href":"https:\/\/colosseo-roma.it\/de\/wp-json\/wp\/v2\/media?parent=514"}],"curies":[{"name":"wp","href":"https:\/\/api.w.org\/{rel}","templated":true}]}}