{"id":515,"date":"2023-03-28T09:13:47","date_gmt":"2023-03-28T08:13:47","guid":{"rendered":"https:\/\/wordpress-1074717-3818660.cloudwaysapps.com\/?page_id=515"},"modified":"2026-01-26T17:12:26","modified_gmt":"2026-01-26T16:12:26","slug":"metro","status":"publish","type":"page","link":"https:\/\/colosseo-roma.it\/de\/besuchen-sie\/wie-man-dorthin-kommt\/metro\/","title":{"rendered":"U-Bahn"},"content":{"rendered":"<div data-elementor-type=\"wp-page\" data-elementor-id=\"515\" class=\"elementor elementor-515\" data-elementor-post-type=\"page\">\n\t\t\t\t\t\t<section class=\"elementor-section elementor-top-section elementor-element elementor-element-0fb4f47 elementor-section-boxed elementor-section-height-default elementor-section-height-default\" data-id=\"0fb4f47\" data-element_type=\"section\" data-settings=\"{&quot;jet_parallax_layout_list&quot;:[],&quot;ekit_has_onepagescroll_dot&quot;:&quot;yes&quot;}\">\n\t\t\t\t\t\t<div class=\"elementor-container elementor-column-gap-default\">\n\t\t\t\t\t<div class=\"elementor-column elementor-col-100 elementor-top-column elementor-element elementor-element-4208249\" data-id=\"4208249\" data-element_type=\"column\" data-settings=\"{&quot;background_background&quot;:&quot;classic&quot;}\">\n\t\t\t<div class=\"elementor-widget-wrap elementor-element-populated\">\n\t\t\t\t\t\t<div class=\"elementor-element elementor-element-ea5c774 elementor-widget elementor-widget-heading\" data-id=\"ea5c774\" data-element_type=\"widget\" data-settings=\"{&quot;ekit_we_effect_on&quot;:&quot;none&quot;}\" data-widget_type=\"heading.default\">\n\t\t\t\t<div class=\"elementor-widget-container\">\n\t\t\t<h1 class=\"elementor-heading-title elementor-size-default\">U-Bahn-Haltestelle Colosseo<\/h1>\t\t<\/div>\n\t\t\t\t<\/div>\n\t\t\t\t<div class=\"elementor-element elementor-element-a13ccf3 elementor-widget elementor-widget-heading\" data-id=\"a13ccf3\" data-element_type=\"widget\" data-settings=\"{&quot;ekit_we_effect_on&quot;:&quot;none&quot;}\" data-widget_type=\"heading.default\">\n\t\t\t\t<div class=\"elementor-widget-container\">\n\t\t\t<h4 class=\"elementor-heading-title elementor-size-default\">Wie hei\u00dft die U-Bahn-Haltestelle, an der man das Kolosseum besichtigen kann? <\/h4>\t\t<\/div>\n\t\t\t\t<\/div>\n\t\t\t\t<div class=\"elementor-element elementor-element-b4a2803 elementor-widget elementor-widget-text-editor\" data-id=\"b4a2803\" data-element_type=\"widget\" data-settings=\"{&quot;ekit_we_effect_on&quot;:&quot;none&quot;}\" data-widget_type=\"text-editor.default\">\n\t\t\t\t<div class=\"elementor-widget-container\">\n\t\t\t\t\t\t\t<ul><li>Um das Kolosseum zu erreichen, nehmen Sie einfach die <strong>Linie B Haltestelle Kolosseum.\u00a0<\/strong><\/li><\/ul><p><strong>Kolosseum<\/strong> ist eine Haltestelle auf der <strong>Rom Metro Linie B<\/strong>im Stadtteil Monti gelegen und 1955 eingeweiht.\u00a0<\/p><p>Die Haltestelle hat zwei Eing\u00e4nge: den ersten auf der Piazza del Colosseo und den zweiten auf dem Largo Gaetana Agnesi.<\/p><p>Gegen\u00fcber dem Haupteingang des Bahnhofs befindet sich das <strong>Kolosseum<\/strong> und die<strong>Konstantinbogen<\/strong>Wenn man die Via dei Fori Imperiali weitergeht, erreicht man <strong>Piazza Venezia<\/strong> und die <strong>Capitol<\/strong> wie auch die Nachbarn <strong>arch\u00e4ologische St\u00e4tten auf dem Forum Romanum<\/strong>der <strong>Pf\u00e4lzisch<\/strong>der <strong>Ludus Magnus<\/strong>der <strong>Domus Aurea<\/strong> und die <strong>Kaiserforen<\/strong>.<\/p><p>Ebenfalls in der N\u00e4he des Bahnhofs befinden sich: Colle Oppio, mit dem <strong>Basilika St. Peter in Ketten<\/strong> und einige \u00dcberreste der Domus Aurea, der <strong>Basilika von Santo Stefano Rotondo al Celio<\/strong>die <strong>Basilika der heiligen Johannes und Paulus<\/strong>die <strong>Basilika der vier gekr\u00f6nten Heiligen<\/strong>die <strong>Basilika San Clemente al Laterano<\/strong> und die <strong>Basilika der heiligen Cosmas und Damian.<\/strong><\/p>\t\t\t\t\t\t<\/div>\n\t\t\t\t<\/div>\n\t\t\t\t<div class=\"elementor-element elementor-element-92707de elementor-widget elementor-widget-heading\" data-id=\"92707de\" data-element_type=\"widget\" data-settings=\"{&quot;ekit_we_effect_on&quot;:&quot;none&quot;}\" data-widget_type=\"heading.default\">\n\t\t\t\t<div class=\"elementor-widget-container\">\n\t\t\t<h4 class=\"elementor-heading-title elementor-size-default\">Metroverbindung Colosseo: Linie B - Blau<\/h4>\t\t<\/div>\n\t\t\t\t<\/div>\n\t\t\t\t<div class=\"elementor-element elementor-element-2bd55ec elementor-widget elementor-widget-text-editor\" data-id=\"2bd55ec\" data-element_type=\"widget\" data-settings=\"{&quot;ekit_we_effect_on&quot;:&quot;none&quot;}\" data-widget_type=\"text-editor.default\">\n\t\t\t\t<div class=\"elementor-widget-container\">\n\t\t\t\t\t\t\t<ul><li><p>Quer durch Rom <strong>Nordost bis S\u00fcd<\/strong>von Rebibbia nach Laurentina. Die wichtigsten Haltestellen sind:<\/p><ul><li>Termini: Verbindungspunkt zwischen der Metro und dem Bahnhof, wo die Z\u00fcge aus Fiumicino ankommen<\/li><li><strong>Kolosseum: Halt in der N\u00e4he des Kolosseums und des Forum Romanum<\/strong><\/li><li>Piramide: Wenn Sie mit dem Regionalzug aus Fiumicino ankommen, k\u00f6nnen Sie hier die U-Bahn nehmen.\u00a0<\/li><\/ul><\/li><\/ul>\t\t\t\t\t\t<\/div>\n\t\t\t\t<\/div>\n\t\t\t\t<div class=\"elementor-element elementor-element-187db69 elementor-widget elementor-widget-heading\" data-id=\"187db69\" data-element_type=\"widget\" data-settings=\"{&quot;ekit_we_effect_on&quot;:&quot;none&quot;}\" data-widget_type=\"heading.default\">\n\t\t\t\t<div class=\"elementor-widget-container\">\n\t\t\t<h4 class=\"elementor-heading-title elementor-size-default\">Alle Informationen \u00fcber die Metro Rom<\/h4>\t\t<\/div>\n\t\t\t\t<\/div>\n\t\t\t\t<div class=\"elementor-element elementor-element-ad4877b elementor-widget elementor-widget-text-editor\" data-id=\"ad4877b\" data-element_type=\"widget\" data-settings=\"{&quot;ekit_we_effect_on&quot;:&quot;none&quot;}\" data-widget_type=\"text-editor.default\">\n\t\t\t\t<div class=\"elementor-widget-container\">\n\t\t\t\t\t\t\t<p><strong>Fahrplan\u00a0<\/strong><\/p><ul><li>Die U-Bahn ist jeden Tag ge\u00f6ffnet <strong>von 5.30 Uhr bis 23.30 Uhr.<\/strong>.<\/li><li>Freitags und samstags l\u00e4uft sie bis 01:30 Uhr.<\/li><li>Metro-Tickets k\u00f6nnen an den Bahnh\u00f6fen, an Kiosken oder in Tabakl\u00e4den erworben werden.<\/li><li>Es ist wichtig, dass Sie Fahrkarten oder ein Abonnement haben, bevor Sie andere \u00f6ffentliche Verkehrsmittel wie Busse oder Stra\u00dfenbahnen benutzen, da es nicht m\u00f6glich ist, Fahrkarten an Bord zu kaufen.<\/li><\/ul>\t\t\t\t\t\t<\/div>\n\t\t\t\t<\/div>\n\t\t\t\t<div class=\"elementor-element elementor-element-1b6712c elementor-widget elementor-widget-heading\" data-id=\"1b6712c\" data-element_type=\"widget\" data-settings=\"{&quot;ekit_we_effect_on&quot;:&quot;none&quot;}\" data-widget_type=\"heading.default\">\n\t\t\t\t<div class=\"elementor-widget-container\">\n\t\t\t<div class=\"elementor-heading-title elementor-size-default\">Denken Sie daran, an der Haltestelle Colosseum auszusteigen.\n\n<\/div>\t\t<\/div>\n\t\t\t\t<\/div>\n\t\t\t\t\t<\/div>\n\t\t<\/div>\n\t\t\t\t\t<\/div>\n\t\t<\/section>\n\t\t\t\t<\/div>","protected":false},"excerpt":{"rendered":"<p>Fermata Metro Colosseo Quale \u00e8 la fermata metro per visitare il Colosseo? Per raggiungere il Colosseo basta prendere la linea b fermata colosseo.\u00a0 Colosseo \u00e8 una fermata della linea B della metropolitana di Roma, situata nel rione Monti e inaugurata nel 1955. La fermata dispone di due ingressi: il primo in piazza del Colosseo e [&hellip;]<\/p>","protected":false},"author":1,"featured_media":0,"parent":42,"menu_order":1,"comment_status":"closed","ping_status":"closed","template":"","meta":{"site-sidebar-layout":"no-sidebar","site-content-layout":"page-builder","ast-site-content-layout":"full-width-container","site-content-style":"unboxed","site-sidebar-style":"unboxed","ast-global-header-display":"","ast-banner-title-visibility":"","ast-main-header-display":"","ast-hfb-above-header-display":"","ast-hfb-below-header-display":"","ast-hfb-mobile-header-display":"","site-post-title":"disabled","ast-breadcrumbs-content":"","ast-featured-img":"disabled","footer-sml-layout":"","ast-disable-related-posts":"","theme-transparent-header-meta":"default","adv-header-id-meta":"","stick-header-meta":"","header-above-stick-meta":"","header-main-stick-meta":"","header-below-stick-meta":"","astra-migrate-meta-layouts":"set","ast-page-background-enabled":"default","ast-page-background-meta":{"desktop":{"background-color":"var(--ast-global-color-4)","background-image":"","background-repeat":"repeat","background-position":"center center","background-size":"auto","background-attachment":"scroll","background-type":"","background-media":"","overlay-type":"","overlay-color":"","overlay-opacity":"","overlay-gradient":""},"tablet":{"background-color":"","background-image":"","background-repeat":"repeat","background-position":"center center","background-size":"auto","background-attachment":"scroll","background-type":"","background-media":"","overlay-type":"","overlay-color":"","overlay-opacity":"","overlay-gradient":""},"mobile":{"background-color":"","background-image":"","background-repeat":"repeat","background-position":"center center","background-size":"auto","background-attachment":"scroll","background-type":"","background-media":"","overlay-type":"","overlay-color":"","overlay-opacity":"","overlay-gradient":""}},"ast-content-background-meta":{"desktop":{"background-color":"var(--ast-global-color-5)","background-image":"","background-repeat":"repeat","background-position":"center center","background-size":"auto","background-attachment":"scroll","background-type":"","background-media":"","overlay-type":"","overlay-color":"","overlay-opacity":"","overlay-gradient":""},"tablet":{"background-color":"var(--ast-global-color-5)","background-image":"","background-repeat":"repeat","background-position":"center center","background-size":"auto","background-attachment":"scroll","background-type":"","background-media":"","overlay-type":"","overlay-color":"","overlay-opacity":"","overlay-gradient":""},"mobile":{"background-color":"var(--ast-global-color-5)","background-image":"","background-repeat":"repeat","background-position":"center center","background-size":"auto","background-attachment":"scroll","background-type":"","background-media":"","overlay-type":"","overlay-color":"","overlay-opacity":"","overlay-gradient":""}},"iawp_total_views":13706,"footnotes":""},"class_list":["post-515","page","type-page","status-publish","hentry"],"_links":{"self":[{"href":"https:\/\/colosseo-roma.it\/de\/wp-json\/wp\/v2\/pages\/515","targetHints":{"allow":["GET"]}}],"collection":[{"href":"https:\/\/colosseo-roma.it\/de\/wp-json\/wp\/v2\/pages"}],"about":[{"href":"https:\/\/colosseo-roma.it\/de\/wp-json\/wp\/v2\/types\/page"}],"author":[{"embeddable":true,"href":"https:\/\/colosseo-roma.it\/de\/wp-json\/wp\/v2\/users\/1"}],"replies":[{"embeddable":true,"href":"https:\/\/colosseo-roma.it\/de\/wp-json\/wp\/v2\/comments?post=515"}],"version-history":[{"count":0,"href":"https:\/\/colosseo-roma.it\/de\/wp-json\/wp\/v2\/pages\/515\/revisions"}],"up":[{"embeddable":true,"href":"https:\/\/colosseo-roma.it\/de\/wp-json\/wp\/v2\/pages\/42"}],"wp:attachment":[{"href":"https:\/\/colosseo-roma.it\/de\/wp-json\/wp\/v2\/media?parent=515"}],"curies":[{"name":"wp","href":"https:\/\/api.w.org\/{rel}","templated":true}]}}