{"id":516,"date":"2023-03-28T09:13:59","date_gmt":"2023-03-28T08:13:59","guid":{"rendered":"https:\/\/wordpress-1074717-3818660.cloudwaysapps.com\/?page_id=516"},"modified":"2026-01-26T17:12:22","modified_gmt":"2026-01-26T16:12:22","slug":"bus","status":"publish","type":"page","link":"https:\/\/colosseo-roma.it\/de\/besuchen-sie\/wie-man-dorthin-kommt\/bus\/","title":{"rendered":"Bus"},"content":{"rendered":"<div data-elementor-type=\"wp-page\" data-elementor-id=\"516\" class=\"elementor elementor-516\" data-elementor-post-type=\"page\">\n\t\t\t\t\t\t<section class=\"elementor-section elementor-top-section elementor-element elementor-element-7ba6fb9 elementor-section-boxed elementor-section-height-default elementor-section-height-default\" data-id=\"7ba6fb9\" data-element_type=\"section\" data-settings=\"{&quot;jet_parallax_layout_list&quot;:[],&quot;ekit_has_onepagescroll_dot&quot;:&quot;yes&quot;}\">\n\t\t\t\t\t\t<div class=\"elementor-container elementor-column-gap-default\">\n\t\t\t\t\t<div class=\"elementor-column elementor-col-100 elementor-top-column elementor-element elementor-element-aa82c96\" data-id=\"aa82c96\" data-element_type=\"column\" data-settings=\"{&quot;background_background&quot;:&quot;classic&quot;}\">\n\t\t\t<div class=\"elementor-widget-wrap elementor-element-populated\">\n\t\t\t\t\t\t<div class=\"elementor-element elementor-element-3156afc elementor-widget elementor-widget-heading\" data-id=\"3156afc\" data-element_type=\"widget\" data-settings=\"{&quot;ekit_we_effect_on&quot;:&quot;none&quot;}\" data-widget_type=\"heading.default\">\n\t\t\t\t<div class=\"elementor-widget-container\">\n\t\t\t<h1 class=\"elementor-heading-title elementor-size-default\">Anreise zum Kolosseum mit dem Bus<\/h1>\t\t<\/div>\n\t\t\t\t<\/div>\n\t\t\t\t<div class=\"elementor-element elementor-element-4f8f27a elementor-widget elementor-widget-text-editor\" data-id=\"4f8f27a\" data-element_type=\"widget\" data-settings=\"{&quot;ekit_we_effect_on&quot;:&quot;none&quot;}\" data-widget_type=\"text-editor.default\">\n\t\t\t\t<div class=\"elementor-widget-container\">\n\t\t\t\t\t\t\t<p>Um das Kolosseum in Rom mit dem Bus zu erreichen, gibt es mehrere M\u00f6glichkeiten, je nachdem, wo Sie sich in Rom befinden.<\/p><p>Hier sind einige der Hauptrouten:<\/p><ul><li><strong>Vom Bahnhof Termini in Rom<\/strong>nehmen Sie den Bus Nr. 75 in Richtung Poerio-Marmorata und steigen Sie an der Haltestelle aus <strong>Kolosseum-Celio\/Musei Capitolini<\/strong>. Diese Haltestelle ist nur ein paar Schritte vom Haupteingang des Kolosseums entfernt.<\/li><li><strong>Vom Bahnhof Tiburtina in Rom<\/strong>Nehmen Sie den Bus Nr. 714 in Richtung Palazzo Sport und steigen Sie an der Haltestelle Colosseo-Gladiatori aus. Diese Haltestelle befindet sich nur wenige Schritte vom Kolosseum entfernt.<\/li><li><strong>Vom Bahnhof Ostiense in Rom<\/strong>Nehmen Sie die Buslinie 170 in Richtung Clodio-Cipro und steigen Sie an der Haltestelle Piazza del Colosseo aus. Von hier aus ist das Kolosseum nur wenige Gehminuten entfernt.<\/li><\/ul><p>Zus\u00e4tzlich zu diesen Optionen gibt es weitere Busse, die Sie in die N\u00e4he des Kolosseums bringen. Es ist daher ratsam, die Karte und die Fahrpl\u00e4ne der Busse in Rom zu konsultieren, um die beste L\u00f6sung f\u00fcr Ihren Ausgangspunkt zu finden.<\/p>\t\t\t\t\t\t<\/div>\n\t\t\t\t<\/div>\n\t\t\t\t\t<\/div>\n\t\t<\/div>\n\t\t\t\t\t<\/div>\n\t\t<\/section>\n\t\t\t\t<\/div>","protected":false},"excerpt":{"rendered":"<p>Anreise zum Kolosseum mit dem Bus Um das Kolosseum in Rom mit dem Bus zu erreichen, gibt es verschiedene M\u00f6glichkeiten, je nachdem, wo Sie sich in der Stadt Rom befinden. Hier sind einige der Hauptrouten: Vom Bahnhof Termini in Rom: Nehmen Sie die Buslinie 75 in Richtung Poerio-Marmorata und steigen Sie an der Haltestelle Colosseo-Celio\/Musei Capitolini aus. Diese Haltestelle befindet sich [...]<\/p>","protected":false},"author":1,"featured_media":0,"parent":42,"menu_order":2,"comment_status":"closed","ping_status":"closed","template":"","meta":{"site-sidebar-layout":"no-sidebar","site-content-layout":"page-builder","ast-site-content-layout":"full-width-container","site-content-style":"unboxed","site-sidebar-style":"unboxed","ast-global-header-display":"","ast-banner-title-visibility":"","ast-main-header-display":"","ast-hfb-above-header-display":"","ast-hfb-below-header-display":"","ast-hfb-mobile-header-display":"","site-post-title":"disabled","ast-breadcrumbs-content":"","ast-featured-img":"disabled","footer-sml-layout":"","ast-disable-related-posts":"","theme-transparent-header-meta":"default","adv-header-id-meta":"","stick-header-meta":"","header-above-stick-meta":"","header-main-stick-meta":"","header-below-stick-meta":"","astra-migrate-meta-layouts":"set","ast-page-background-enabled":"default","ast-page-background-meta":{"desktop":{"background-color":"var(--ast-global-color-4)","background-image":"","background-repeat":"repeat","background-position":"center center","background-size":"auto","background-attachment":"scroll","background-type":"","background-media":"","overlay-type":"","overlay-color":"","overlay-opacity":"","overlay-gradient":""},"tablet":{"background-color":"","background-image":"","background-repeat":"repeat","background-position":"center center","background-size":"auto","background-attachment":"scroll","background-type":"","background-media":"","overlay-type":"","overlay-color":"","overlay-opacity":"","overlay-gradient":""},"mobile":{"background-color":"","background-image":"","background-repeat":"repeat","background-position":"center center","background-size":"auto","background-attachment":"scroll","background-type":"","background-media":"","overlay-type":"","overlay-color":"","overlay-opacity":"","overlay-gradient":""}},"ast-content-background-meta":{"desktop":{"background-color":"var(--ast-global-color-5)","background-image":"","background-repeat":"repeat","background-position":"center center","background-size":"auto","background-attachment":"scroll","background-type":"","background-media":"","overlay-type":"","overlay-color":"","overlay-opacity":"","overlay-gradient":""},"tablet":{"background-color":"var(--ast-global-color-5)","background-image":"","background-repeat":"repeat","background-position":"center center","background-size":"auto","background-attachment":"scroll","background-type":"","background-media":"","overlay-type":"","overlay-color":"","overlay-opacity":"","overlay-gradient":""},"mobile":{"background-color":"var(--ast-global-color-5)","background-image":"","background-repeat":"repeat","background-position":"center center","background-size":"auto","background-attachment":"scroll","background-type":"","background-media":"","overlay-type":"","overlay-color":"","overlay-opacity":"","overlay-gradient":""}},"iawp_total_views":1419,"footnotes":""},"class_list":["post-516","page","type-page","status-publish","hentry"],"_links":{"self":[{"href":"https:\/\/colosseo-roma.it\/de\/wp-json\/wp\/v2\/pages\/516","targetHints":{"allow":["GET"]}}],"collection":[{"href":"https:\/\/colosseo-roma.it\/de\/wp-json\/wp\/v2\/pages"}],"about":[{"href":"https:\/\/colosseo-roma.it\/de\/wp-json\/wp\/v2\/types\/page"}],"author":[{"embeddable":true,"href":"https:\/\/colosseo-roma.it\/de\/wp-json\/wp\/v2\/users\/1"}],"replies":[{"embeddable":true,"href":"https:\/\/colosseo-roma.it\/de\/wp-json\/wp\/v2\/comments?post=516"}],"version-history":[{"count":0,"href":"https:\/\/colosseo-roma.it\/de\/wp-json\/wp\/v2\/pages\/516\/revisions"}],"up":[{"embeddable":true,"href":"https:\/\/colosseo-roma.it\/de\/wp-json\/wp\/v2\/pages\/42"}],"wp:attachment":[{"href":"https:\/\/colosseo-roma.it\/de\/wp-json\/wp\/v2\/media?parent=516"}],"curies":[{"name":"wp","href":"https:\/\/api.w.org\/{rel}","templated":true}]}}