{"id":521,"date":"2023-03-28T09:14:40","date_gmt":"2023-03-28T08:14:40","guid":{"rendered":"https:\/\/wordpress-1074717-3818660.cloudwaysapps.com\/?page_id=521"},"modified":"2026-01-26T17:12:17","modified_gmt":"2026-01-26T16:12:17","slug":"besuch-planen","status":"publish","type":"page","link":"https:\/\/colosseo-roma.it\/de\/besuchen-sie\/besuch-planen\/","title":{"rendered":"Besuch planen"},"content":{"rendered":"<div data-elementor-type=\"wp-page\" data-elementor-id=\"521\" class=\"elementor elementor-521\" data-elementor-post-type=\"page\">\n\t\t\t\t\t\t<section class=\"elementor-section elementor-top-section elementor-element elementor-element-fdbd7ad elementor-section-boxed elementor-section-height-default elementor-section-height-default\" data-id=\"fdbd7ad\" data-element_type=\"section\" data-settings=\"{&quot;jet_parallax_layout_list&quot;:[],&quot;ekit_has_onepagescroll_dot&quot;:&quot;yes&quot;}\">\n\t\t\t\t\t\t<div class=\"elementor-container elementor-column-gap-default\">\n\t\t\t\t\t<div class=\"elementor-column elementor-col-100 elementor-top-column elementor-element elementor-element-356d384\" data-id=\"356d384\" data-element_type=\"column\" data-settings=\"{&quot;background_background&quot;:&quot;classic&quot;}\">\n\t\t\t<div class=\"elementor-widget-wrap elementor-element-populated\">\n\t\t\t\t\t\t<div class=\"elementor-element elementor-element-6c161f4 elementor-widget elementor-widget-heading\" data-id=\"6c161f4\" data-element_type=\"widget\" data-settings=\"{&quot;ekit_we_effect_on&quot;:&quot;none&quot;}\" data-widget_type=\"heading.default\">\n\t\t\t\t<div class=\"elementor-widget-container\">\n\t\t\t<h1 class=\"elementor-heading-title elementor-size-default\">Planen Sie Ihren Besuch <\/h1>\t\t<\/div>\n\t\t\t\t<\/div>\n\t\t\t\t<div class=\"elementor-element elementor-element-269dbcf elementor-widget elementor-widget-heading\" data-id=\"269dbcf\" data-element_type=\"widget\" data-settings=\"{&quot;ekit_we_effect_on&quot;:&quot;none&quot;}\" data-widget_type=\"heading.default\">\n\t\t\t\t<div class=\"elementor-widget-container\">\n\t\t\t<h5 class=\"elementor-heading-title elementor-size-default\">Wir helfen Ihnen, Ihren Besuch im Kolosseum zu organisieren<\/h5>\t\t<\/div>\n\t\t\t\t<\/div>\n\t\t\t\t<div class=\"elementor-element elementor-element-174a2a0 elementor-widget elementor-widget-html\" data-id=\"174a2a0\" data-element_type=\"widget\" data-settings=\"{&quot;ekit_we_effect_on&quot;:&quot;none&quot;}\" data-widget_type=\"html.default\">\n\t\t\t\t<div class=\"elementor-widget-container\">\n\t\t\t<div data-tiqets-widget=\"discovery\" data-cards-layout=\"responsive\" data-content-type=\"product\" data-item_count=\"4\" data-destination-type=\"venue\" data-destination-id=\"145769\" data-partner=\"colosseo_roma\" data-tq-campaign=\"pianifica_visita\"><\/div><script defer src=\"https:\/\/widgets.tiqets.com\/loader.js\"><\/script>\t\t<\/div>\n\t\t\t\t<\/div>\n\t\t\t\t<div class=\"elementor-element elementor-element-462bd3a elementor-widget elementor-widget-spacer\" data-id=\"462bd3a\" data-element_type=\"widget\" data-settings=\"{&quot;ekit_we_effect_on&quot;:&quot;none&quot;}\" data-widget_type=\"spacer.default\">\n\t\t\t\t<div class=\"elementor-widget-container\">\n\t\t\t\t\t<div class=\"elementor-spacer\">\n\t\t\t<div class=\"elementor-spacer-inner\"><\/div>\n\t\t<\/div>\n\t\t\t\t<\/div>\n\t\t\t\t<\/div>\n\t\t\t\t<section class=\"elementor-section elementor-inner-section elementor-element elementor-element-9c51d8d elementor-section-boxed elementor-section-height-default elementor-section-height-default\" data-id=\"9c51d8d\" data-element_type=\"section\" data-settings=\"{&quot;jet_parallax_layout_list&quot;:[],&quot;ekit_has_onepagescroll_dot&quot;:&quot;yes&quot;}\">\n\t\t\t\t\t\t<div class=\"elementor-container elementor-column-gap-default\">\n\t\t\t\t\t<div class=\"elementor-column elementor-col-50 elementor-inner-column elementor-element elementor-element-3a5f46c\" data-id=\"3a5f46c\" data-element_type=\"column\" data-settings=\"{&quot;background_background&quot;:&quot;slideshow&quot;,&quot;background_slideshow_gallery&quot;:[{&quot;id&quot;:2213,&quot;url&quot;:&quot;https:\\\/\\\/colosseo-roma.it\\\/wp-content\\\/uploads\\\/2024\\\/08\\\/Colosseo_notte.jpg&quot;}],&quot;background_slideshow_loop&quot;:&quot;yes&quot;,&quot;background_slideshow_slide_duration&quot;:5000,&quot;background_slideshow_slide_transition&quot;:&quot;fade&quot;,&quot;background_slideshow_transition_duration&quot;:500}\">\n\t\t\t<div class=\"elementor-widget-wrap elementor-element-populated\">\n\t\t\t\t\t\t<div class=\"elementor-element elementor-element-ecd185e elementor-widget elementor-widget-spacer\" data-id=\"ecd185e\" data-element_type=\"widget\" data-settings=\"{&quot;ekit_we_effect_on&quot;:&quot;none&quot;}\" data-widget_type=\"spacer.default\">\n\t\t\t\t<div class=\"elementor-widget-container\">\n\t\t\t\t\t<div class=\"elementor-spacer\">\n\t\t\t<div class=\"elementor-spacer-inner\"><\/div>\n\t\t<\/div>\n\t\t\t\t<\/div>\n\t\t\t\t<\/div>\n\t\t\t\t\t<\/div>\n\t\t<\/div>\n\t\t\t\t<div class=\"elementor-column elementor-col-50 elementor-inner-column elementor-element elementor-element-e7baccf\" data-id=\"e7baccf\" data-element_type=\"column\">\n\t\t\t<div class=\"elementor-widget-wrap elementor-element-populated\">\n\t\t\t\t\t\t<div class=\"elementor-element elementor-element-1b66dc1 elementor-widget elementor-widget-heading\" data-id=\"1b66dc1\" data-element_type=\"widget\" data-settings=\"{&quot;ekit_we_effect_on&quot;:&quot;none&quot;}\" data-widget_type=\"heading.default\">\n\t\t\t\t<div class=\"elementor-widget-container\">\n\t\t\t<h4 class=\"elementor-heading-title elementor-size-default\">Der Besuch des Kolosseums erfordert eine sorgf\u00e4ltige Planung, um Entt\u00e4uschungen zu vermeiden<\/h4>\t\t<\/div>\n\t\t\t\t<\/div>\n\t\t\t\t<div class=\"elementor-element elementor-element-b43c6cf elementor-widget elementor-widget-text-editor\" data-id=\"b43c6cf\" data-element_type=\"widget\" data-settings=\"{&quot;ekit_we_effect_on&quot;:&quot;none&quot;}\" data-widget_type=\"text-editor.default\">\n\t\t\t\t<div class=\"elementor-widget-container\">\n\t\t\t\t\t\t\t<p>Organisieren Sie Ihren Besuch im <strong>Kolosseum<\/strong> ist unerl\u00e4sslich f\u00fcr ein unvergessliches Erlebnis in einem der ber\u00fchmtesten Monumente der Welt. <span style=\"text-decoration: underline;\">Fahrkarten online im Voraus buchen <\/span>erm\u00f6glicht es Ihnen, lange Warteschlangen zu umgehen, und gew\u00e4hrt Ihnen einen bevorzugten Zugang. Sie k\u00f6nnen zwischen mehreren Besuchsoptionen w\u00e4hlen: von<strong> Skip-the-Line-Tickets<\/strong>, bei <strong>F\u00fchrungen<\/strong> die auch das Forum Romanum und den Palatin umfassen, bis hin zu <strong>exklusive F\u00fchrungen<\/strong> Nacht oder unterirdisch. Vor allem in der Hochsaison sollten Sie die Eintrittszeit reservieren, um Entt\u00e4uschungen zu vermeiden. Kommen Sie ein paar Minuten fr\u00fcher, um die Sicherheitskontrolle zu passieren, und denken Sie daran, bequeme Schuhe zu tragen, denn die Anlage ist riesig und reich an Geschichte. F\u00fcr einen umfassenden und informierten Besuch sollten Sie einen<strong>audioguide<\/strong> oder eine gef\u00fchrte Tour, um die Geheimnisse und Wunder des alten Roms zu entdecken. <span style=\"text-decoration: underline;\">Planung Ihres Besuchs<\/span> erm\u00f6glicht es Ihnen, die Pracht des Kolosseums in vollen Z\u00fcgen zu genie\u00dfen und in seine faszinierende Geschichte einzutauchen.<\/p>\t\t\t\t\t\t<\/div>\n\t\t\t\t<\/div>\n\t\t\t\t\t<\/div>\n\t\t<\/div>\n\t\t\t\t\t<\/div>\n\t\t<\/section>\n\t\t\t\t<section class=\"elementor-section elementor-inner-section elementor-element elementor-element-a65ae7d elementor-section-boxed elementor-section-height-default elementor-section-height-default\" data-id=\"a65ae7d\" data-element_type=\"section\" data-settings=\"{&quot;jet_parallax_layout_list&quot;:[],&quot;ekit_has_onepagescroll_dot&quot;:&quot;yes&quot;}\">\n\t\t\t\t\t\t<div class=\"elementor-container elementor-column-gap-default\">\n\t\t\t\t\t<div class=\"elementor-column elementor-col-50 elementor-inner-column elementor-element elementor-element-61ec2c8\" data-id=\"61ec2c8\" data-element_type=\"column\">\n\t\t\t<div class=\"elementor-widget-wrap elementor-element-populated\">\n\t\t\t\t\t\t<div class=\"elementor-element elementor-element-b1e56fb elementor-widget elementor-widget-heading\" data-id=\"b1e56fb\" data-element_type=\"widget\" data-settings=\"{&quot;ekit_we_effect_on&quot;:&quot;none&quot;}\" data-widget_type=\"heading.default\">\n\t\t\t\t<div class=\"elementor-widget-container\">\n\t\t\t<h4 class=\"elementor-heading-title elementor-size-default\">Wann ist die beste Zeit, um das Kolosseum zu besuchen und diese au\u00dfergew\u00f6hnliche St\u00e4tte ohne Menschenmassen zu genie\u00dfen?<\/h4>\t\t<\/div>\n\t\t\t\t<\/div>\n\t\t\t\t<div class=\"elementor-element elementor-element-ef88207 elementor-widget elementor-widget-text-editor\" data-id=\"ef88207\" data-element_type=\"widget\" data-settings=\"{&quot;ekit_we_effect_on&quot;:&quot;none&quot;}\" data-widget_type=\"text-editor.default\">\n\t\t\t\t<div class=\"elementor-widget-container\">\n\t\t\t\t\t\t\t<p>Die <strong>beste Zeit<\/strong> um das Kolosseum zu besichtigen und die St\u00e4tte ohne allzu gro\u00dfe Menschenmengen zu genie\u00dfen, ist w\u00e4hrend der <strong>Nebensaison,<\/strong> die im Allgemeinen zwischen <span style=\"text-decoration: underline;\">November bis M\u00e4rz<\/span> (mit Ausnahme der Weihnachts- und Neujahrsfeiertage). In diesen Monaten ist die Zahl der Besucher deutlich geringer als in der Hochsaison, so dass Sie das Kolosseum in aller Ruhe erkunden k\u00f6nnen. Auch die <strong>in den fr\u00fchen Morgenstunden<\/strong>sobald die Attraktion \u00f6ffnet, oder die <strong>Sp\u00e4tnachmittag<\/strong>kurz vor der Schlie\u00dfung sind gute Zeiten, um gro\u00dfe Menschenmengen zu vermeiden. Zu diesen Zeiten k\u00f6nnen Sie die Majest\u00e4t des Kolosseums in vollen Z\u00fcgen genie\u00dfen, ohne sich mit langen Wartezeiten oder gro\u00dfen Gruppen von Touristen herumschlagen zu m\u00fcssen.<\/p>\t\t\t\t\t\t<\/div>\n\t\t\t\t<\/div>\n\t\t\t\t\t<\/div>\n\t\t<\/div>\n\t\t\t\t<div class=\"elementor-column elementor-col-50 elementor-inner-column elementor-element elementor-element-2d372b0\" data-id=\"2d372b0\" data-element_type=\"column\" data-settings=\"{&quot;background_background&quot;:&quot;slideshow&quot;,&quot;background_slideshow_gallery&quot;:[{&quot;id&quot;:2258,&quot;url&quot;:&quot;https:\\\/\\\/colosseo-roma.it\\\/wp-content\\\/uploads\\\/2024\\\/08\\\/Sotterranei_colosseo.jpg&quot;}],&quot;background_slideshow_loop&quot;:&quot;yes&quot;,&quot;background_slideshow_slide_duration&quot;:5000,&quot;background_slideshow_slide_transition&quot;:&quot;fade&quot;,&quot;background_slideshow_transition_duration&quot;:500}\">\n\t\t\t<div class=\"elementor-widget-wrap elementor-element-populated\">\n\t\t\t\t\t\t<div class=\"elementor-element elementor-element-08aba30 elementor-widget elementor-widget-spacer\" data-id=\"08aba30\" data-element_type=\"widget\" data-settings=\"{&quot;ekit_we_effect_on&quot;:&quot;none&quot;}\" data-widget_type=\"spacer.default\">\n\t\t\t\t<div class=\"elementor-widget-container\">\n\t\t\t\t\t<div class=\"elementor-spacer\">\n\t\t\t<div class=\"elementor-spacer-inner\"><\/div>\n\t\t<\/div>\n\t\t\t\t<\/div>\n\t\t\t\t<\/div>\n\t\t\t\t\t<\/div>\n\t\t<\/div>\n\t\t\t\t\t<\/div>\n\t\t<\/section>\n\t\t\t\t<section class=\"elementor-section elementor-inner-section elementor-element elementor-element-b6edc51 elementor-section-boxed elementor-section-height-default elementor-section-height-default\" data-id=\"b6edc51\" data-element_type=\"section\" data-settings=\"{&quot;jet_parallax_layout_list&quot;:[],&quot;ekit_has_onepagescroll_dot&quot;:&quot;yes&quot;}\">\n\t\t\t\t\t\t<div class=\"elementor-container elementor-column-gap-default\">\n\t\t\t\t\t<div class=\"elementor-column elementor-col-50 elementor-inner-column elementor-element elementor-element-5e0a5a6\" data-id=\"5e0a5a6\" data-element_type=\"column\" data-settings=\"{&quot;background_background&quot;:&quot;slideshow&quot;,&quot;background_slideshow_gallery&quot;:[{&quot;id&quot;:2260,&quot;url&quot;:&quot;https:\\\/\\\/colosseo-roma.it\\\/wp-content\\\/uploads\\\/2024\\\/08\\\/Pavimento_colosseo.jpg&quot;}],&quot;background_slideshow_loop&quot;:&quot;yes&quot;,&quot;background_slideshow_slide_duration&quot;:5000,&quot;background_slideshow_slide_transition&quot;:&quot;fade&quot;,&quot;background_slideshow_transition_duration&quot;:500}\">\n\t\t\t<div class=\"elementor-widget-wrap elementor-element-populated\">\n\t\t\t\t\t\t<div class=\"elementor-element elementor-element-1359518 elementor-widget elementor-widget-spacer\" data-id=\"1359518\" data-element_type=\"widget\" data-settings=\"{&quot;ekit_we_effect_on&quot;:&quot;none&quot;}\" data-widget_type=\"spacer.default\">\n\t\t\t\t<div class=\"elementor-widget-container\">\n\t\t\t\t\t<div class=\"elementor-spacer\">\n\t\t\t<div class=\"elementor-spacer-inner\"><\/div>\n\t\t<\/div>\n\t\t\t\t<\/div>\n\t\t\t\t<\/div>\n\t\t\t\t\t<\/div>\n\t\t<\/div>\n\t\t\t\t<div class=\"elementor-column elementor-col-50 elementor-inner-column elementor-element elementor-element-7cf086b\" data-id=\"7cf086b\" data-element_type=\"column\">\n\t\t\t<div class=\"elementor-widget-wrap elementor-element-populated\">\n\t\t\t\t\t\t<div class=\"elementor-element elementor-element-e2925a5 elementor-widget elementor-widget-heading\" data-id=\"e2925a5\" data-element_type=\"widget\" data-settings=\"{&quot;ekit_we_effect_on&quot;:&quot;none&quot;}\" data-widget_type=\"heading.default\">\n\t\t\t\t<div class=\"elementor-widget-container\">\n\t\t\t<h4 class=\"elementor-heading-title elementor-size-default\">Wann ist die beste Zeit, um das Kolosseum zu besuchen und diese au\u00dfergew\u00f6hnliche St\u00e4tte ohne Menschenmassen zu genie\u00dfen?<\/h4>\t\t<\/div>\n\t\t\t\t<\/div>\n\t\t\t\t<div class=\"elementor-element elementor-element-8907f82 elementor-widget elementor-widget-text-editor\" data-id=\"8907f82\" data-element_type=\"widget\" data-settings=\"{&quot;ekit_we_effect_on&quot;:&quot;none&quot;}\" data-widget_type=\"text-editor.default\">\n\t\t\t\t<div class=\"elementor-widget-container\">\n\t\t\t\t\t\t\t<p>Die <strong>Kolosseum<\/strong> ist das ganze Jahr \u00fcber ge\u00f6ffnet, wobei die \u00d6ffnungszeiten je nach Saison variieren. Im Allgemeinen sind die \u00d6ffnungszeiten der <strong>Er\u00f6ffnung<\/strong> wird festgelegt auf<strong> 9:00<\/strong> <strong>am Vormittag<\/strong>w\u00e4hrend sich die Schlie\u00dfzeit mit der Sonneneinstrahlung \u00e4ndert. Von<span style=\"text-decoration: underline;\"> Ende M\u00e4rz bis Ende August<\/span>das Kolosseum <strong>Schlie\u00dft um 19:15 Uhr<\/strong>w\u00e4hrend von <span style=\"text-decoration: underline;\">Ende August bis Ende Oktober<\/span> Die Sperrstunde wird vorverlegt auf <strong>18:30<\/strong>. W\u00e4hrend der <span style=\"text-decoration: underline;\">Wintermonate,<\/span> November bis Februar, das Denkmal <strong>schlie\u00dft um 16:30 Uhr.<\/strong> Es ist wichtig zu beachten, dass der letzte Eintritt eine Stunde vor Schlie\u00dfung erlaubt ist. Das Kolosseum ist nur geschlossen am <strong>25. Dezember und 1. Januar<\/strong>. Wenn Sie Ihren Besuch zu diesen Zeiten planen, k\u00f6nnen Sie Ihr Erlebnis in vollen Z\u00fcgen genie\u00dfen.<\/p>\t\t\t\t\t\t<\/div>\n\t\t\t\t<\/div>\n\t\t\t\t\t<\/div>\n\t\t<\/div>\n\t\t\t\t\t<\/div>\n\t\t<\/section>\n\t\t\t\t\t<\/div>\n\t\t<\/div>\n\t\t\t\t\t<\/div>\n\t\t<\/section>\n\t\t\t\t<\/div>","protected":false},"excerpt":{"rendered":"<p>Planen Sie Ihren Besuch Wir helfen Ihnen bei der Organisation Ihres Besuchs im Kolosseum Der Besuch des Kolosseums erfordert eine sorgf\u00e4ltige Planung, um Entt\u00e4uschungen zu vermeiden Die Organisation Ihres Besuchs im Kolosseum ist entscheidend f\u00fcr ein unvergessliches Erlebnis in einem der ber\u00fchmtesten Monumente der Welt. Wenn Sie Ihre Tickets im Voraus online buchen, k\u00f6nnen Sie die [...]<\/p>","protected":false},"author":1,"featured_media":0,"parent":2357,"menu_order":6,"comment_status":"closed","ping_status":"closed","template":"","meta":{"site-sidebar-layout":"no-sidebar","site-content-layout":"page-builder","ast-site-content-layout":"full-width-container","site-content-style":"unboxed","site-sidebar-style":"unboxed","ast-global-header-display":"","ast-banner-title-visibility":"","ast-main-header-display":"","ast-hfb-above-header-display":"","ast-hfb-below-header-display":"","ast-hfb-mobile-header-display":"","site-post-title":"disabled","ast-breadcrumbs-content":"","ast-featured-img":"disabled","footer-sml-layout":"","ast-disable-related-posts":"","theme-transparent-header-meta":"default","adv-header-id-meta":"","stick-header-meta":"","header-above-stick-meta":"","header-main-stick-meta":"","header-below-stick-meta":"","astra-migrate-meta-layouts":"set","ast-page-background-enabled":"default","ast-page-background-meta":{"desktop":{"background-color":"var(--ast-global-color-4)","background-image":"","background-repeat":"repeat","background-position":"center center","background-size":"auto","background-attachment":"scroll","background-type":"","background-media":"","overlay-type":"","overlay-color":"","overlay-opacity":"","overlay-gradient":""},"tablet":{"background-color":"","background-image":"","background-repeat":"repeat","background-position":"center center","background-size":"auto","background-attachment":"scroll","background-type":"","background-media":"","overlay-type":"","overlay-color":"","overlay-opacity":"","overlay-gradient":""},"mobile":{"background-color":"","background-image":"","background-repeat":"repeat","background-position":"center center","background-size":"auto","background-attachment":"scroll","background-type":"","background-media":"","overlay-type":"","overlay-color":"","overlay-opacity":"","overlay-gradient":""}},"ast-content-background-meta":{"desktop":{"background-color":"var(--ast-global-color-5)","background-image":"","background-repeat":"repeat","background-position":"center center","background-size":"auto","background-attachment":"scroll","background-type":"","background-media":"","overlay-type":"","overlay-color":"","overlay-opacity":"","overlay-gradient":""},"tablet":{"background-color":"var(--ast-global-color-5)","background-image":"","background-repeat":"repeat","background-position":"center center","background-size":"auto","background-attachment":"scroll","background-type":"","background-media":"","overlay-type":"","overlay-color":"","overlay-opacity":"","overlay-gradient":""},"mobile":{"background-color":"var(--ast-global-color-5)","background-image":"","background-repeat":"repeat","background-position":"center center","background-size":"auto","background-attachment":"scroll","background-type":"","background-media":"","overlay-type":"","overlay-color":"","overlay-opacity":"","overlay-gradient":""}},"iawp_total_views":16008,"footnotes":""},"class_list":["post-521","page","type-page","status-publish","hentry"],"_links":{"self":[{"href":"https:\/\/colosseo-roma.it\/de\/wp-json\/wp\/v2\/pages\/521","targetHints":{"allow":["GET"]}}],"collection":[{"href":"https:\/\/colosseo-roma.it\/de\/wp-json\/wp\/v2\/pages"}],"about":[{"href":"https:\/\/colosseo-roma.it\/de\/wp-json\/wp\/v2\/types\/page"}],"author":[{"embeddable":true,"href":"https:\/\/colosseo-roma.it\/de\/wp-json\/wp\/v2\/users\/1"}],"replies":[{"embeddable":true,"href":"https:\/\/colosseo-roma.it\/de\/wp-json\/wp\/v2\/comments?post=521"}],"version-history":[{"count":0,"href":"https:\/\/colosseo-roma.it\/de\/wp-json\/wp\/v2\/pages\/521\/revisions"}],"up":[{"embeddable":true,"href":"https:\/\/colosseo-roma.it\/de\/wp-json\/wp\/v2\/pages\/2357"}],"wp:attachment":[{"href":"https:\/\/colosseo-roma.it\/de\/wp-json\/wp\/v2\/media?parent=521"}],"curies":[{"name":"wp","href":"https:\/\/api.w.org\/{rel}","templated":true}]}}