{"id":528,"date":"2023-03-28T09:17:41","date_gmt":"2023-03-28T08:17:41","guid":{"rendered":"https:\/\/wordpress-1074717-3818660.cloudwaysapps.com\/?page_id=528"},"modified":"2026-01-26T17:11:52","modified_gmt":"2026-01-26T16:11:52","slug":"kolosseum","status":"publish","type":"page","link":"https:\/\/colosseo-roma.it\/de\/erkunden\/kolosseum\/","title":{"rendered":"Kolosseum"},"content":{"rendered":"<div data-elementor-type=\"wp-page\" data-elementor-id=\"528\" class=\"elementor elementor-528\" data-elementor-post-type=\"page\">\n\t\t\t\t\t\t<section class=\"elementor-section elementor-top-section elementor-element elementor-element-f7c0010 elementor-section-boxed elementor-section-height-default elementor-section-height-default\" data-id=\"f7c0010\" data-element_type=\"section\" data-settings=\"{&quot;jet_parallax_layout_list&quot;:[],&quot;ekit_has_onepagescroll_dot&quot;:&quot;yes&quot;}\">\n\t\t\t\t\t\t<div class=\"elementor-container elementor-column-gap-default\">\n\t\t\t\t\t<div class=\"elementor-column elementor-col-100 elementor-top-column elementor-element elementor-element-c1d5877\" data-id=\"c1d5877\" data-element_type=\"column\" data-settings=\"{&quot;background_background&quot;:&quot;classic&quot;}\">\n\t\t\t<div class=\"elementor-widget-wrap elementor-element-populated\">\n\t\t\t\t\t\t<div class=\"elementor-element elementor-element-2b03883 elementor-widget elementor-widget-heading\" data-id=\"2b03883\" data-element_type=\"widget\" data-settings=\"{&quot;ekit_we_effect_on&quot;:&quot;none&quot;}\" data-widget_type=\"heading.default\">\n\t\t\t\t<div class=\"elementor-widget-container\">\n\t\t\t<h1 class=\"elementor-heading-title elementor-size-default\">Das Kolosseum<\/h1>\t\t<\/div>\n\t\t\t\t<\/div>\n\t\t\t\t<div class=\"elementor-element elementor-element-3c63e13 elementor-widget elementor-widget-text-editor\" data-id=\"3c63e13\" data-element_type=\"widget\" data-settings=\"{&quot;ekit_we_effect_on&quot;:&quot;none&quot;}\" data-widget_type=\"text-editor.default\">\n\t\t\t\t<div class=\"elementor-widget-container\">\n\t\t\t\t\t\t\t<p>Ein Besuch des Kolosseums ist ein einzigartiges und unvergessliches Erlebnis, das Sie in die Geschichte und Sch\u00f6nheit eines der ber\u00fchmtesten Monumente der Welt eintauchen l\u00e4sst.<\/p>\t\t\t\t\t\t<\/div>\n\t\t\t\t<\/div>\n\t\t\t\t<div class=\"elementor-element elementor-element-cbf735d elementor-widget elementor-widget-html\" data-id=\"cbf735d\" data-element_type=\"widget\" data-settings=\"{&quot;ekit_we_effect_on&quot;:&quot;none&quot;}\" data-widget_type=\"html.default\">\n\t\t\t\t<div class=\"elementor-widget-container\">\n\t\t\t<div data-tiqets-widget=\"discovery\" data-cards-layout=\"responsive\" data-content-type=\"product\" data-item_count=\"4\" data-destination-type=\"venue\" data-destination-id=\"145769\" data-partner=\"colosseo_roma\" data-tq-campaign=\"colosseo\"><\/div><script defer src=\"https:\/\/widgets.tiqets.com\/loader.js\"><\/script>\t\t<\/div>\n\t\t\t\t<\/div>\n\t\t\t\t<div class=\"elementor-element elementor-element-cf9137a elementor-widget elementor-widget-heading\" data-id=\"cf9137a\" data-element_type=\"widget\" data-settings=\"{&quot;ekit_we_effect_on&quot;:&quot;none&quot;}\" data-widget_type=\"heading.default\">\n\t\t\t\t<div class=\"elementor-widget-container\">\n\t\t\t<h3 class=\"elementor-heading-title elementor-size-default\">Das flavische Amphitheater<\/h3>\t\t<\/div>\n\t\t\t\t<\/div>\n\t\t\t\t<div class=\"elementor-element elementor-element-1fcfaad elementor-widget elementor-widget-text-editor\" data-id=\"1fcfaad\" data-element_type=\"widget\" data-settings=\"{&quot;ekit_we_effect_on&quot;:&quot;none&quot;}\" data-widget_type=\"text-editor.default\">\n\t\t\t\t<div class=\"elementor-widget-container\">\n\t\t\t\t\t\t\t<p>Das antike flavische Amphitheater, das im 1. Jahrhundert n. Chr. in Rom erbaut wurde, wurde im 8. Jahrhundert wegen seiner N\u00e4he zum neronischen Koloss in \"Kolosseum\" umbenannt. Zur Etymologie des neuen Namens gibt es mehrere Hypothesen: Einige sehen in der Bezeichnung Kolosseum\" eine Anspielung auf die kolossalen\" Proportionen des Geb\u00e4udes, andere beziehen sich auf die N\u00e4he des Kolosses von Nero, was darauf hindeutet, dass die Menschen ad Colossum eo\" sagen w\u00fcrden, d. h. ich gehe zum Koloss\". Eine weitere Theorie besagt, dass sich der Name von dem antiken Begriff \"Collis Isei\" ableitet, der den Isis-Tempel bezeichnete, der auf dem nahe gelegenen Colle Oppio stand.<\/p>\t\t\t\t\t\t<\/div>\n\t\t\t\t<\/div>\n\t\t\t\t<div class=\"elementor-element elementor-element-7b72c82 elementor-widget elementor-widget-heading\" data-id=\"7b72c82\" data-element_type=\"widget\" data-settings=\"{&quot;ekit_we_effect_on&quot;:&quot;none&quot;}\" data-widget_type=\"heading.default\">\n\t\t\t\t<div class=\"elementor-widget-container\">\n\t\t\t<h5 class=\"elementor-heading-title elementor-size-default\">Besuch des flavischen Amphitheaters<\/h5>\t\t<\/div>\n\t\t\t\t<\/div>\n\t\t\t\t<div class=\"elementor-element elementor-element-7bf2ad0 elementor-widget elementor-widget-text-editor\" data-id=\"7bf2ad0\" data-element_type=\"widget\" data-settings=\"{&quot;ekit_we_effect_on&quot;:&quot;none&quot;}\" data-widget_type=\"text-editor.default\">\n\t\t\t\t<div class=\"elementor-widget-container\">\n\t\t\t\t\t\t\t<p>Das Kolosseum in Rom ist ein r\u00f6misches Amphitheater, das im 1. Jahrhundert n. Chr. erbaut wurde und eines der ber\u00fchmtesten und meistbesuchten Monumente der Welt ist. Es ist auch als Flavisches Amphitheater bekannt und wurde wegen seiner Majest\u00e4t und historischen Bedeutung in die Liste der sieben Weltwunder aufgenommen. Das Kolosseum ist vor allem daf\u00fcr bekannt, dass es das Epizentrum der Gladiatorenshows und -k\u00e4mpfe im alten Rom war.<\/p>\t\t\t\t\t\t<\/div>\n\t\t\t\t<\/div>\n\t\t\t\t<div class=\"elementor-element elementor-element-02f550b elementor-widget elementor-widget-heading\" data-id=\"02f550b\" data-element_type=\"widget\" data-settings=\"{&quot;ekit_we_effect_on&quot;:&quot;none&quot;}\" data-widget_type=\"heading.default\">\n\t\t\t\t<div class=\"elementor-widget-container\">\n\t\t\t<h5 class=\"elementor-heading-title elementor-size-default\">N\u00fctzliche Informationen f\u00fcr den Besuch des Kolosseums<\/h5>\t\t<\/div>\n\t\t\t\t<\/div>\n\t\t\t\t<div class=\"elementor-element elementor-element-4947f3a elementor-widget elementor-widget-text-editor\" data-id=\"4947f3a\" data-element_type=\"widget\" data-settings=\"{&quot;ekit_we_effect_on&quot;:&quot;none&quot;}\" data-widget_type=\"text-editor.default\">\n\t\t\t\t<div class=\"elementor-widget-container\">\n\t\t\t\t\t\t\t<p>Eintrittskarten k\u00f6nnen online oder an autorisierten Verkaufsstellen erworben werden. Wir empfehlen jedoch, eine organisierte Tour online mit einem \"Skip the line\"-Ticket zu kaufen, um lange Warteschlangen zu vermeiden.<\/p><p>Der arch\u00e4ologische Park des Kolosseums ist vom Stadtzentrum aus leicht zu erreichen<\/p><ul><li>Zu Fu\u00df vom Zentrum Roms<\/li><li>Bus<\/li><li>U-Bahn<\/li><\/ul><p>Die wichtigsten Sehensw\u00fcrdigkeiten in Rom, die man vom Kolosseum aus erreichen kann, sind:<\/p><ul><li>Die Domus Aurea<\/li><li>Das R\u00f6mische Forum von Palatina<\/li><\/ul>\t\t\t\t\t\t<\/div>\n\t\t\t\t<\/div>\n\t\t\t\t<div class=\"elementor-element elementor-element-f36208e elementor-widget elementor-widget-heading\" data-id=\"f36208e\" data-element_type=\"widget\" data-settings=\"{&quot;ekit_we_effect_on&quot;:&quot;none&quot;}\" data-widget_type=\"heading.default\">\n\t\t\t\t<div class=\"elementor-widget-container\">\n\t\t\t<h5 class=\"elementor-heading-title elementor-size-default\">Die Architektur des flavischen Amphitheaters<\/h5>\t\t<\/div>\n\t\t\t\t<\/div>\n\t\t\t\t<div class=\"elementor-element elementor-element-7eff0fc elementor-widget elementor-widget-text-editor\" data-id=\"7eff0fc\" data-element_type=\"widget\" data-settings=\"{&quot;ekit_we_effect_on&quot;:&quot;none&quot;}\" data-widget_type=\"text-editor.default\">\n\t\t\t\t<div class=\"elementor-widget-container\">\n\t\t\t\t\t\t\t<p>Das Kolosseum in Rom ist eines der Meisterwerke der r\u00f6mischen Architektur und eines der wichtigsten Zeugnisse f\u00fcr die Gr\u00f6\u00dfe des R\u00f6mischen Reiches. Das komplexe System des Kolosseums besteht aus drei Hauptebenen, jede mit einer Reihe von Rundb\u00f6gen, die von Pfeilern und S\u00e4ulen aus Travertinstein getragen werden. Diese B\u00f6gen bilden innere Galerien, in denen bis zu 50 000 Menschen Platz finden konnten. Die Dimensionen des Kolosseums sind erstaunlich: Die ovale Arena hat eine Fl\u00e4che von etwa 6.000 Quadratmetern und eine H\u00f6he von 57 Metern. Die Gew\u00f6lbe des Kolosseums sind etwa 30 Meter hoch, insgesamt gibt es 80 Gew\u00f6lbe. Das Erdgeschoss des Kolosseums war f\u00fcr organisatorische T\u00e4tigkeiten reserviert, w\u00e4hrend in den oberen Stockwerken Sitzpl\u00e4tze f\u00fcr Versammlungen und \u00f6ffentliche Feiern des r\u00f6mischen Volkes untergebracht waren. Die Au\u00dfenwand des Kolosseums war reich verziert, mit zahlreichen Steinornamenten, B\u00f6gen, Nischen und konischen S\u00e4ulen. Auf beiden Seiten des Bauwerks befanden sich vier Haupteing\u00e4nge mit S\u00e4ulenvorbauten, die zu den Galerien der Arena f\u00fchrten. Die majest\u00e4tische Erscheinung des Kolosseums wurde auch durch den Einsatz zahlreicher Be- und Entw\u00e4sserungssysteme erm\u00f6glicht, die es erlaubten, die Veranstaltungen im Inneren ohne Angst vor \u00dcberschwemmungen oder Wasseransammlungen durchzuf\u00fchren. Zusammenfassend l\u00e4sst sich sagen, dass die Architektur des Kolosseums durch die Kombination von Funktionalit\u00e4t und Sch\u00f6nheit au\u00dfergew\u00f6hnlich ist und es zu einem beispiellosen und immer noch erstaunlichen Bauwerk f\u00fcr Besucher aus aller Welt macht.<\/p>\t\t\t\t\t\t<\/div>\n\t\t\t\t<\/div>\n\t\t\t\t<div class=\"elementor-element elementor-element-056af37 elementor-widget elementor-widget-heading\" data-id=\"056af37\" data-element_type=\"widget\" data-settings=\"{&quot;ekit_we_effect_on&quot;:&quot;none&quot;}\" data-widget_type=\"heading.default\">\n\t\t\t\t<div class=\"elementor-widget-container\">\n\t\t\t<h5 class=\"elementor-heading-title elementor-size-default\">Die Geschichte des Kolosseums<\/h5>\t\t<\/div>\n\t\t\t\t<\/div>\n\t\t\t\t<div class=\"elementor-element elementor-element-1c9abae elementor-widget elementor-widget-text-editor\" data-id=\"1c9abae\" data-element_type=\"widget\" data-settings=\"{&quot;ekit_we_effect_on&quot;:&quot;none&quot;}\" data-widget_type=\"text-editor.default\">\n\t\t\t\t<div class=\"elementor-widget-container\">\n\t\t\t\t\t\t\t<p>Der Bau des Kolosseums begann 72 n. Chr. unter Kaiser Vespasian und wurde 80 n. Chr. unter der Herrschaft seines Sohnes Titus abgeschlossen. Seine Verwirklichung war dank der Stadtreform Roms m\u00f6glich, die zur Urbarmachung des Campus Martius und zur Schaffung des riesigen Areals des Colle Oppio f\u00fchrte. Das Kolosseum war urspr\u00fcnglich als Flavisches Amphitheater bekannt, zu Ehren der flavischen Dynastie. Der Hauptzweck des Kolosseums bestand darin, dank der innovativen Technologie einer riesigen unterirdischen Zisterne, die mit Wasser gef\u00fcllt werden konnte, eine breite Palette von \u00f6ffentlichen Spektakeln zu veranstalten, insbesondere Gladiatorenk\u00e4mpfe, Wildtierjagden und simulierte Seeschlachten. Das Kolosseum wurde schnell zu einem der beliebtesten Vergn\u00fcgungsst\u00e4tten des Imperiums und wurde auch f\u00fcr \u00f6ffentliche Feste und Feiern genutzt, wie z. B. die Feierlichkeiten zur Eroberung Jerusalems im Jahr 70 nach Christus. Trotz seiner historischen Bedeutung wurde das Kolosseum im Mittelalter nicht mehr genutzt und diente als Quelle f\u00fcr Baumaterial. Im Laufe der Jahrhunderte wurde das Bauwerk stark besch\u00e4digt, sowohl durch Erdbeben als auch durch die Abnutzung durch die Zeit und den Gebrauch.<\/p><p>Heute ist das Kolosseum eines der meistbesuchten Denkm\u00e4ler der Welt und eines der wichtigsten Symbole der glorreichen Vergangenheit Roms. Dank unseres historischen Wissens und unserer Technologie wurde das Kolosseum restauriert und f\u00fcr k\u00fcnftige Generationen erhalten.<\/p>\t\t\t\t\t\t<\/div>\n\t\t\t\t<\/div>\n\t\t\t\t<div class=\"elementor-element elementor-element-b2c6de7 elementor-widget elementor-widget-heading\" data-id=\"b2c6de7\" data-element_type=\"widget\" data-settings=\"{&quot;ekit_we_effect_on&quot;:&quot;none&quot;}\" data-widget_type=\"heading.default\">\n\t\t\t\t<div class=\"elementor-widget-container\">\n\t\t\t<h5 class=\"elementor-heading-title elementor-size-default\">Die Terrasse des imposanten Denkmals<\/h5>\t\t<\/div>\n\t\t\t\t<\/div>\n\t\t\t\t<div class=\"elementor-element elementor-element-602d3ae elementor-widget elementor-widget-text-editor\" data-id=\"602d3ae\" data-element_type=\"widget\" data-settings=\"{&quot;ekit_we_effect_on&quot;:&quot;none&quot;}\" data-widget_type=\"text-editor.default\">\n\t\t\t\t<div class=\"elementor-widget-container\">\n\t\t\t\t\t\t\t<p>Der Zugang zum Kolosseum war frei und erfolgte durch 76 nummerierte und rot markierte B\u00f6gen, von denen 29 auf der Nordseite noch sichtbar sind. Auf den Wegen innerhalb der B\u00f6gen und auf den Karten, die an jeden Hausherrn verteilt wurden, waren Hinweise f\u00fcr die Zuschauer angebracht. Die Sitzplatzvergabe erfolgte nach einem strengen hierarchischen Kriterium: Die beste Aussicht hatte man von der kaiserlichen Loge, die sich am S\u00fcdeingang auf der Nebenachse des Monuments befand. Die Senatoren hatten die besten Pl\u00e4tze in der N\u00e4he der Arena, gefolgt vom hinteren Bereich, der den Rittern vorbehalten war, w\u00e4hrend in den beiden Sektoren des maenianum secundum immer niedrigere soziale Kategorien untergebracht waren. Die schlechtesten Pl\u00e4tze, was die Sicht und den Zugang anbelangt, befanden sich im maenianum summum, dem S\u00e4ulengang, der die cavea kr\u00f6nte und mit Holzsitzen f\u00fcr die Plebs ausgestattet war. Von hier aus konnte man auf die Terrasse des so genannten \"Belvedere\" der dritten Ebene gelangen, von der aus man heute die Cavea aus verschiedenen H\u00f6hen der oberen Schichten bewundern kann, indem man die Terrassen der dritten, vierten und f\u00fcnften Ebene erreicht.<\/p>\t\t\t\t\t\t<\/div>\n\t\t\t\t<\/div>\n\t\t\t\t<div class=\"elementor-element elementor-element-2e7af6b elementor-widget elementor-widget-spacer\" data-id=\"2e7af6b\" data-element_type=\"widget\" data-settings=\"{&quot;ekit_we_effect_on&quot;:&quot;none&quot;}\" data-widget_type=\"spacer.default\">\n\t\t\t\t<div class=\"elementor-widget-container\">\n\t\t\t\t\t<div class=\"elementor-spacer\">\n\t\t\t<div class=\"elementor-spacer-inner\"><\/div>\n\t\t<\/div>\n\t\t\t\t<\/div>\n\t\t\t\t<\/div>\n\t\t\t\t<div class=\"elementor-element elementor-element-373d514 elementor-widget elementor-widget-heading\" data-id=\"373d514\" data-element_type=\"widget\" data-settings=\"{&quot;ekit_we_effect_on&quot;:&quot;none&quot;}\" data-widget_type=\"heading.default\">\n\t\t\t\t<div class=\"elementor-widget-container\">\n\t\t\t<h3 class=\"elementor-heading-title elementor-size-default\">Bewertungen<\/h3>\t\t<\/div>\n\t\t\t\t<\/div>\n\t\t<div class=\"elementor-element elementor-element-75822e0 e-flex e-con-boxed e-con e-parent\" data-id=\"75822e0\" data-element_type=\"container\" data-settings=\"{&quot;jet_parallax_layout_list&quot;:[],&quot;ekit_has_onepagescroll_dot&quot;:&quot;yes&quot;}\">\n\t\t\t\t\t<div class=\"e-con-inner\">\n\t\t\t\t<div class=\"elementor-element elementor-element-1ebef0a elementor-widget elementor-widget-jet-carousel\" data-id=\"1ebef0a\" data-element_type=\"widget\" data-settings=\"{&quot;slides_to_show&quot;:&quot;3&quot;,&quot;slides_to_scroll&quot;:&quot;3&quot;,&quot;slides_to_show_tablet&quot;:&quot;2&quot;,&quot;slides_to_show_mobile&quot;:&quot;1&quot;,&quot;slides_to_scroll_tablet&quot;:&quot;2&quot;,&quot;slides_to_scroll_mobile&quot;:&quot;1&quot;,&quot;ekit_we_effect_on&quot;:&quot;none&quot;}\" data-widget_type=\"jet-carousel.default\">\n\t\t\t\t<div class=\"elementor-widget-container\">\n\t\t\t<div class=\"elementor-jet-carousel jet-elements\"><div class=\"jet-carousel-wrap jet-equal-cols\">\n\t<div class=\"jet-carousel\" data-slider_options=\"{&quot;autoplaySpeed&quot;:5000,&quot;autoplay&quot;:true,&quot;infinite&quot;:true,&quot;centerMode&quot;:false,&quot;centerPadding&quot;:&quot;50px&quot;,&quot;pauseOnHover&quot;:false,&quot;speed&quot;:500,&quot;arrows&quot;:true,&quot;dots&quot;:false,&quot;variableWidth&quot;:false,&quot;prevArrow&quot;:&quot;.jet-carousel__prev-arrow-1ebef0a&quot;,&quot;nextArrow&quot;:&quot;.jet-carousel__next-arrow-1ebef0a&quot;,&quot;rtl&quot;:false,&quot;fractionNav&quot;:false}\" dir=\"ltr\">\n\t<div class=\"elementor-slick-slider\">\n\n<div class=\"jet-carousel__item\">\n\t<div class=\"jet-carousel__item-inner\"><div class=\"jet-carousel__content\"><h5 class=\"jet-carousel__item-title\"><\/h5><div class=\"jet-carousel__item-text\"><p>Das Kolosseum ist eine der ber\u00fchmtesten St\u00e4tten der Ewigen Stadt und der ganzen Welt. Die Pracht dieses antiken Bauwerks ist unglaublich und man kann nicht anders, als ein Gef\u00fchl der Verwunderung und des Respekts zu empfinden, wenn man es besucht.<\/p><\/div><\/div><\/div>\n<\/div>\n\n<div class=\"jet-carousel__item\">\n\t<div class=\"jet-carousel__item-inner\"><div class=\"jet-carousel__content\"><h5 class=\"jet-carousel__item-title\"><\/h5><div class=\"jet-carousel__item-text\"><p>Der Besuch des Kolosseums ist ein unvergessliches Erlebnis, das man sich bei einem Besuch in Rom nicht entgehen lassen sollte. Die Majest\u00e4t der Arena und die Geschichte, die man in jeder Ecke sp\u00fcrt, machen es zu einem einzigartigen Ort auf der Welt.<\/p><\/div><\/div><\/div>\n<\/div>\n\n<div class=\"jet-carousel__item\">\n\t<div class=\"jet-carousel__item-inner\"><div class=\"jet-carousel__content\"><h5 class=\"jet-carousel__item-title\"><\/h5><div class=\"jet-carousel__item-text\"><p>Das Kolosseum mag zwar von Touristen \u00fcberlaufen sein, aber es ist trotzdem einen Besuch wert. Es ist ein architektonisches Werk, das die Gr\u00f6\u00dfe des R\u00f6mischen Reiches und seine Bedeutung in der Geschichte der Menschheit perfekt repr\u00e4sentiert.<\/p><\/div><\/div><\/div>\n<\/div>\n\n<div class=\"jet-carousel__item\">\n\t<div class=\"jet-carousel__item-inner\"><div class=\"jet-carousel__content\"><h5 class=\"jet-carousel__item-title\"><\/h5><div class=\"jet-carousel__item-text\"><p>Der Besuch des Kolosseums erfordert ein wenig Geduld, vor allem, wenn man die Warteschlangen am Eingang vermeiden will. Aber wenn man erst einmal drin ist, entsch\u00e4digen die Sch\u00f6nheit der Arena und die antiken Fresken, die sie schm\u00fccken, f\u00fcr jede M\u00fche.<\/p><\/div><\/div><\/div>\n<\/div>\n\n<div class=\"jet-carousel__item\">\n\t<div class=\"jet-carousel__item-inner\"><div class=\"jet-carousel__content\"><h5 class=\"jet-carousel__item-title\"><\/h5><div class=\"jet-carousel__item-text\"><p>Das Kolosseum ist einer der meistfotografierten Orte der Welt, und es ist leicht zu verstehen, warum. Sein imposantes Bauwerk und der beeindruckende Blick \u00fcber die Stadt Rom machen es zu einem Muss f\u00fcr Fotofreunde.<\/p><\/div><\/div><\/div>\n<\/div>\n\n<div class=\"jet-carousel__item\">\n\t<div class=\"jet-carousel__item-inner\"><div class=\"jet-carousel__content\"><h5 class=\"jet-carousel__item-title\"><\/h5><div class=\"jet-carousel__item-text\"><p>Wenn Sie mit den historischen Details des Kolosseums nicht vertraut sind, k\u00f6nnen Sie an einer F\u00fchrung teilnehmen, um mehr \u00fcber seine Geschichte und die Kuriosit\u00e4ten zu erfahren, die es umgeben.<\/p><\/div><\/div><\/div>\n<\/div>\n\n<div class=\"jet-carousel__item\">\n\t<div class=\"jet-carousel__item-inner\"><div class=\"jet-carousel__content\"><h5 class=\"jet-carousel__item-title\"><\/h5><div class=\"jet-carousel__item-text\"><p>Das Kolosseum ist ein Ort, der auch nach vielen Besuchen immer wieder aufs Neue \u00fcberrascht und fasziniert. Seine Gr\u00f6\u00dfe und die Zeichen seiner antiken Pracht sind immer noch sehr offensichtlich.<\/p><\/div><\/div><\/div>\n<\/div>\n\n<div class=\"jet-carousel__item\">\n\t<div class=\"jet-carousel__item-inner\"><div class=\"jet-carousel__content\"><h5 class=\"jet-carousel__item-title\"><\/h5><div class=\"jet-carousel__item-text\"><p>Das Kolosseum ist ein Wahrzeichen der Stadt Rom und des ganzen Landes. Jeder Italiener sollte es mindestens einmal im Leben besuchen, um seine Sch\u00f6nheit und majest\u00e4tische Architektur zu bewundern.<\/p><\/div><\/div><\/div>\n<\/div>\n\n<div class=\"jet-carousel__item\">\n\t<div class=\"jet-carousel__item-inner\"><div class=\"jet-carousel__content\"><h5 class=\"jet-carousel__item-title\"><\/h5><div class=\"jet-carousel__item-text\"><p>Trotz allem scheint das Kolosseum trotz der Zeit, die verstrichen ist, immer noch mit seiner Kraft und Robustheit zu bestehen. Es ist ein ewiges Symbol f\u00fcr die Gr\u00f6\u00dfe der Menschheit und ihren Willen, unausl\u00f6schliche Monumente zu bauen.<\/p><\/div><\/div><\/div>\n<\/div>\n\n<div class=\"jet-carousel__item\">\n\t<div class=\"jet-carousel__item-inner\"><div class=\"jet-carousel__content\"><h5 class=\"jet-carousel__item-title\"><\/h5><div class=\"jet-carousel__item-text\"><p>Ein Besuch des Kolosseums ist wahrscheinlich einer der aufregendsten Momente, die man in Rom erleben kann. Die Arena zu sehen und sich die K\u00e4mpfe vorzustellen, die dort vor Jahrhunderten stattgefunden haben, ist ein unwiederholbares Erlebnis.<\/p><\/div><\/div><\/div>\n<\/div>\n<\/div><div class=\"jet-carousel__prev-arrow-1ebef0a jet-arrow prev-arrow\"><i aria-hidden=\"true\" class=\"fal fa-chevron-left\"><\/i><\/div><div class=\"jet-carousel__next-arrow-1ebef0a jet-arrow next-arrow\"><i aria-hidden=\"true\" class=\"fal fa-chevron-right\"><\/i><\/div><\/div>\n<\/div>\n<\/div>\t\t<\/div>\n\t\t\t\t<\/div>\n\t\t\t\t\t<\/div>\n\t\t\t\t<\/div>\n\t\t\t\t\t<\/div>\n\t\t<\/div>\n\t\t\t\t\t<\/div>\n\t\t<\/section>\n\t\t\t\t<\/div>","protected":false},"excerpt":{"rendered":"<p>Das Kolosseum Ein Besuch des Kolosseums ist ein einzigartiges und unvergessliches Erlebnis, das Sie in die Geschichte und Sch\u00f6nheit eines der ber\u00fchmtesten Monumente der Welt eintauchen l\u00e4sst. Das Flavische Amphitheater Das im 1. Jahrhundert n. Chr. in Rom erbaute Flavische Amphitheater wurde im 8. Jahrhundert wegen seiner N\u00e4he zum Neronischen Koloss in Kolosseum\" umbenannt. Die Etymologie von [...]<\/p>","protected":false},"author":1,"featured_media":0,"parent":526,"menu_order":0,"comment_status":"closed","ping_status":"closed","template":"","meta":{"site-sidebar-layout":"no-sidebar","site-content-layout":"page-builder","ast-site-content-layout":"full-width-container","site-content-style":"unboxed","site-sidebar-style":"unboxed","ast-global-header-display":"","ast-banner-title-visibility":"","ast-main-header-display":"","ast-hfb-above-header-display":"","ast-hfb-below-header-display":"","ast-hfb-mobile-header-display":"","site-post-title":"disabled","ast-breadcrumbs-content":"","ast-featured-img":"disabled","footer-sml-layout":"","ast-disable-related-posts":"","theme-transparent-header-meta":"default","adv-header-id-meta":"","stick-header-meta":"","header-above-stick-meta":"","header-main-stick-meta":"","header-below-stick-meta":"","astra-migrate-meta-layouts":"set","ast-page-background-enabled":"default","ast-page-background-meta":{"desktop":{"background-color":"var(--ast-global-color-4)","background-image":"","background-repeat":"repeat","background-position":"center center","background-size":"auto","background-attachment":"scroll","background-type":"","background-media":"","overlay-type":"","overlay-color":"","overlay-opacity":"","overlay-gradient":""},"tablet":{"background-color":"","background-image":"","background-repeat":"repeat","background-position":"center center","background-size":"auto","background-attachment":"scroll","background-type":"","background-media":"","overlay-type":"","overlay-color":"","overlay-opacity":"","overlay-gradient":""},"mobile":{"background-color":"","background-image":"","background-repeat":"repeat","background-position":"center center","background-size":"auto","background-attachment":"scroll","background-type":"","background-media":"","overlay-type":"","overlay-color":"","overlay-opacity":"","overlay-gradient":""}},"ast-content-background-meta":{"desktop":{"background-color":"var(--ast-global-color-5)","background-image":"","background-repeat":"repeat","background-position":"center center","background-size":"auto","background-attachment":"scroll","background-type":"","background-media":"","overlay-type":"","overlay-color":"","overlay-opacity":"","overlay-gradient":""},"tablet":{"background-color":"var(--ast-global-color-5)","background-image":"","background-repeat":"repeat","background-position":"center center","background-size":"auto","background-attachment":"scroll","background-type":"","background-media":"","overlay-type":"","overlay-color":"","overlay-opacity":"","overlay-gradient":""},"mobile":{"background-color":"var(--ast-global-color-5)","background-image":"","background-repeat":"repeat","background-position":"center center","background-size":"auto","background-attachment":"scroll","background-type":"","background-media":"","overlay-type":"","overlay-color":"","overlay-opacity":"","overlay-gradient":""}},"iawp_total_views":6488,"footnotes":""},"class_list":["post-528","page","type-page","status-publish","hentry"],"_links":{"self":[{"href":"https:\/\/colosseo-roma.it\/de\/wp-json\/wp\/v2\/pages\/528","targetHints":{"allow":["GET"]}}],"collection":[{"href":"https:\/\/colosseo-roma.it\/de\/wp-json\/wp\/v2\/pages"}],"about":[{"href":"https:\/\/colosseo-roma.it\/de\/wp-json\/wp\/v2\/types\/page"}],"author":[{"embeddable":true,"href":"https:\/\/colosseo-roma.it\/de\/wp-json\/wp\/v2\/users\/1"}],"replies":[{"embeddable":true,"href":"https:\/\/colosseo-roma.it\/de\/wp-json\/wp\/v2\/comments?post=528"}],"version-history":[{"count":0,"href":"https:\/\/colosseo-roma.it\/de\/wp-json\/wp\/v2\/pages\/528\/revisions"}],"up":[{"embeddable":true,"href":"https:\/\/colosseo-roma.it\/de\/wp-json\/wp\/v2\/pages\/526"}],"wp:attachment":[{"href":"https:\/\/colosseo-roma.it\/de\/wp-json\/wp\/v2\/media?parent=528"}],"curies":[{"name":"wp","href":"https:\/\/api.w.org\/{rel}","templated":true}]}}