{"id":536,"date":"2023-03-28T09:18:11","date_gmt":"2023-03-28T08:18:11","guid":{"rendered":"https:\/\/wordpress-1074717-3818660.cloudwaysapps.com\/?page_id=536"},"modified":"2026-01-26T17:11:37","modified_gmt":"2026-01-26T16:11:37","slug":"arena","status":"publish","type":"page","link":"https:\/\/colosseo-roma.it\/de\/erkunden\/kolosseum\/arena\/","title":{"rendered":"Arena"},"content":{"rendered":"<div data-elementor-type=\"wp-page\" data-elementor-id=\"536\" class=\"elementor elementor-536\" data-elementor-post-type=\"page\">\n\t\t\t\t\t\t<section class=\"elementor-section elementor-top-section elementor-element elementor-element-08eec93 elementor-section-boxed elementor-section-height-default elementor-section-height-default\" data-id=\"08eec93\" data-element_type=\"section\" data-settings=\"{&quot;jet_parallax_layout_list&quot;:[],&quot;ekit_has_onepagescroll_dot&quot;:&quot;yes&quot;}\">\n\t\t\t\t\t\t<div class=\"elementor-container elementor-column-gap-default\">\n\t\t\t\t\t<div class=\"elementor-column elementor-col-100 elementor-top-column elementor-element elementor-element-d4070b0\" data-id=\"d4070b0\" data-element_type=\"column\" data-settings=\"{&quot;background_background&quot;:&quot;classic&quot;}\">\n\t\t\t<div class=\"elementor-widget-wrap elementor-element-populated\">\n\t\t\t\t\t\t<div class=\"elementor-element elementor-element-5374739 elementor-widget elementor-widget-heading\" data-id=\"5374739\" data-element_type=\"widget\" data-settings=\"{&quot;ekit_we_effect_on&quot;:&quot;none&quot;}\" data-widget_type=\"heading.default\">\n\t\t\t\t<div class=\"elementor-widget-container\">\n\t\t\t<h1 class=\"elementor-heading-title elementor-size-default\">Kolosseum-Arena<\/h1>\t\t<\/div>\n\t\t\t\t<\/div>\n\t\t\t\t<div class=\"elementor-element elementor-element-26d4e55 elementor-widget elementor-widget-heading\" data-id=\"26d4e55\" data-element_type=\"widget\" data-settings=\"{&quot;ekit_we_effect_on&quot;:&quot;none&quot;}\" data-widget_type=\"heading.default\">\n\t\t\t\t<div class=\"elementor-widget-container\">\n\t\t\t<h4 class=\"elementor-heading-title elementor-size-default\">Die Kolosseum-Arena <\/h4>\t\t<\/div>\n\t\t\t\t<\/div>\n\t\t\t\t<div class=\"elementor-element elementor-element-c399692 elementor-widget elementor-widget-text-editor\" data-id=\"c399692\" data-element_type=\"widget\" data-settings=\"{&quot;ekit_we_effect_on&quot;:&quot;none&quot;}\" data-widget_type=\"text-editor.default\">\n\t\t\t\t<div class=\"elementor-widget-container\">\n\t\t\t\t\t\t\t<p>Das Geb\u00e4ude hat einen elliptischen Grundriss und weist an der Au\u00dfenseite eine dreifache Kolonnade mit achtzig Travertinb\u00f6gen auf, die auf der unteren Ebene mit dorisch-toskanischen Halbs\u00e4ulen, auf der zweiten Ebene mit ionischen S\u00e4ulen und auf der dritten Ebene mit korinthischen S\u00e4ulen verziert sind. Die Attika ist mit S\u00e4ulen im Kompositstil verziert und weist L\u00f6cher von den Stangen auf, die den gro\u00dfen Vorhang (Velum) trugen, der die Zuschauer vor Sonne und Regen sch\u00fctzen sollte. Die Attika selbst war mit 40 Bronzeschilden geschm\u00fcckt, Symbole f\u00fcr die milit\u00e4rischen Siege Roms \u00fcber die Schilde seiner Feinde.<\/p><p>Das Kolosseum ist 189 m lang und 156 m breit und hat eine 48 m hohe Fassade. Die zentrale Arena ist ein Oval mit einer Hauptachse von 86 Metern L\u00e4nge, umgeben von einer 4,5 Meter hohen Mauer, die bis zu den ersten Stufen reicht.<\/p><p>Das Bauwerk wurde aus verschiedenen Materialien errichtet, darunter Tuffstein und Travertin, der insbesondere f\u00fcr die Fassade verwendet wurde. Die an der Fassade sichtbaren L\u00f6cher wurden haupts\u00e4chlich im Mittelalter gebohrt, um die Metallplatten zu bergen, die die Steinbl\u00f6cke verbanden.<\/p><p>Die Arkaden im Erdgeschoss boten den Zuschauern Zugang zu den Treppen zu den Trib\u00fcnen. \u00dcber den B\u00f6gen zeigen r\u00f6mische Ziffern die verschiedenen Bereiche des Zuschauerraums an. Die B\u00f6gen der ersten beiden Ebenen waren mit 160 5 m hohen Bronzestatuen geschm\u00fcckt, die G\u00f6tter und mythologische Figuren darstellten. Die vier Haupteing\u00e4nge, die nicht nummeriert waren, waren privilegierten Kategorien wie Magistraten oder religi\u00f6sen Personen vorbehalten. Das Nordtor f\u00fchrte zur kaiserlichen Trib\u00fcne.<\/p><p>Im zentralen Teil des Amphitheaters befinden sich die unterirdischen Hallen, die urspr\u00fcnglich mit Holzplatten bedeckt waren, die die Oberfl\u00e4che der Arena bildeten. Dort befanden sich Maschinen, Tierk\u00e4fige, Lagerr\u00e4ume und andere Einrichtungen. Vier G\u00e4nge, die sich unter den Haupteing\u00e4ngen befanden, verbanden die Untergeschosse mit der Au\u00dfenwelt. Einer von ihnen f\u00fchrte zum Ludus Magnus, der Kaserne der Gladiatoren.<\/p><p>Die Auff\u00fchrungen waren kostenlos, und die Pl\u00e4tze wurden je nach Gesellschaftsschicht vergeben. Die untersten Pl\u00e4tze waren den Senatoren oder Klerikern vorbehalten. Auf der Liste stehen unter anderem die Namen von 195 Senatoren aus der Zeit von Odoaker (476-483).<\/p><p>\u00a0<\/p>\t\t\t\t\t\t<\/div>\n\t\t\t\t<\/div>\n\t\t\t\t\t<\/div>\n\t\t<\/div>\n\t\t\t\t\t<\/div>\n\t\t<\/section>\n\t\t\t\t<\/div>","protected":false},"excerpt":{"rendered":"<p>Kolosseum-Arena Die Kolosseum-Arena zeichnet sich durch einen elliptischen Grundriss aus und besitzt an der Au\u00dfenseite eine dreifache Kolonnade aus achtzig Travertinb\u00f6gen, die auf der unteren Ebene mit Halbs\u00e4ulen im dorisch-toskanischen Stil, auf der zweiten Ebene im ionischen Stil und auf der dritten Ebene im korinthischen Stil verziert sind. Das Dachgeschoss ist mit S\u00e4ulen im Kompositstil geschm\u00fcckt und hat [...].<\/p>","protected":false},"author":1,"featured_media":0,"parent":528,"menu_order":1,"comment_status":"closed","ping_status":"closed","template":"","meta":{"site-sidebar-layout":"no-sidebar","site-content-layout":"page-builder","ast-site-content-layout":"full-width-container","site-content-style":"unboxed","site-sidebar-style":"unboxed","ast-global-header-display":"","ast-banner-title-visibility":"","ast-main-header-display":"","ast-hfb-above-header-display":"","ast-hfb-below-header-display":"","ast-hfb-mobile-header-display":"","site-post-title":"disabled","ast-breadcrumbs-content":"","ast-featured-img":"disabled","footer-sml-layout":"","ast-disable-related-posts":"","theme-transparent-header-meta":"default","adv-header-id-meta":"","stick-header-meta":"","header-above-stick-meta":"","header-main-stick-meta":"","header-below-stick-meta":"","astra-migrate-meta-layouts":"set","ast-page-background-enabled":"default","ast-page-background-meta":{"desktop":{"background-color":"var(--ast-global-color-4)","background-image":"","background-repeat":"repeat","background-position":"center center","background-size":"auto","background-attachment":"scroll","background-type":"","background-media":"","overlay-type":"","overlay-color":"","overlay-opacity":"","overlay-gradient":""},"tablet":{"background-color":"","background-image":"","background-repeat":"repeat","background-position":"center center","background-size":"auto","background-attachment":"scroll","background-type":"","background-media":"","overlay-type":"","overlay-color":"","overlay-opacity":"","overlay-gradient":""},"mobile":{"background-color":"","background-image":"","background-repeat":"repeat","background-position":"center center","background-size":"auto","background-attachment":"scroll","background-type":"","background-media":"","overlay-type":"","overlay-color":"","overlay-opacity":"","overlay-gradient":""}},"ast-content-background-meta":{"desktop":{"background-color":"var(--ast-global-color-5)","background-image":"","background-repeat":"repeat","background-position":"center center","background-size":"auto","background-attachment":"scroll","background-type":"","background-media":"","overlay-type":"","overlay-color":"","overlay-opacity":"","overlay-gradient":""},"tablet":{"background-color":"var(--ast-global-color-5)","background-image":"","background-repeat":"repeat","background-position":"center center","background-size":"auto","background-attachment":"scroll","background-type":"","background-media":"","overlay-type":"","overlay-color":"","overlay-opacity":"","overlay-gradient":""},"mobile":{"background-color":"var(--ast-global-color-5)","background-image":"","background-repeat":"repeat","background-position":"center center","background-size":"auto","background-attachment":"scroll","background-type":"","background-media":"","overlay-type":"","overlay-color":"","overlay-opacity":"","overlay-gradient":""}},"iawp_total_views":1374,"footnotes":""},"class_list":["post-536","page","type-page","status-publish","hentry"],"_links":{"self":[{"href":"https:\/\/colosseo-roma.it\/de\/wp-json\/wp\/v2\/pages\/536","targetHints":{"allow":["GET"]}}],"collection":[{"href":"https:\/\/colosseo-roma.it\/de\/wp-json\/wp\/v2\/pages"}],"about":[{"href":"https:\/\/colosseo-roma.it\/de\/wp-json\/wp\/v2\/types\/page"}],"author":[{"embeddable":true,"href":"https:\/\/colosseo-roma.it\/de\/wp-json\/wp\/v2\/users\/1"}],"replies":[{"embeddable":true,"href":"https:\/\/colosseo-roma.it\/de\/wp-json\/wp\/v2\/comments?post=536"}],"version-history":[{"count":0,"href":"https:\/\/colosseo-roma.it\/de\/wp-json\/wp\/v2\/pages\/536\/revisions"}],"up":[{"embeddable":true,"href":"https:\/\/colosseo-roma.it\/de\/wp-json\/wp\/v2\/pages\/528"}],"wp:attachment":[{"href":"https:\/\/colosseo-roma.it\/de\/wp-json\/wp\/v2\/media?parent=536"}],"curies":[{"name":"wp","href":"https:\/\/api.w.org\/{rel}","templated":true}]}}