{"id":537,"date":"2023-03-28T09:18:27","date_gmt":"2023-03-28T08:18:27","guid":{"rendered":"https:\/\/wordpress-1074717-3818660.cloudwaysapps.com\/?page_id=537"},"modified":"2026-01-26T17:11:42","modified_gmt":"2026-01-26T16:11:42","slug":"kellergeschosse","status":"publish","type":"page","link":"https:\/\/colosseo-roma.it\/de\/erkunden\/kolosseum\/kellergeschosse\/","title":{"rendered":"Untergrund"},"content":{"rendered":"<div data-elementor-type=\"wp-page\" data-elementor-id=\"537\" class=\"elementor elementor-537\" data-elementor-post-type=\"page\">\n\t\t\t\t\t\t<section class=\"elementor-section elementor-top-section elementor-element elementor-element-235238d elementor-section-boxed elementor-section-height-default elementor-section-height-default\" data-id=\"235238d\" data-element_type=\"section\" data-settings=\"{&quot;jet_parallax_layout_list&quot;:[],&quot;ekit_has_onepagescroll_dot&quot;:&quot;yes&quot;}\">\n\t\t\t\t\t\t<div class=\"elementor-container elementor-column-gap-default\">\n\t\t\t\t\t<div class=\"elementor-column elementor-col-100 elementor-top-column elementor-element elementor-element-dcb42cd\" data-id=\"dcb42cd\" data-element_type=\"column\" data-settings=\"{&quot;background_background&quot;:&quot;classic&quot;}\">\n\t\t\t<div class=\"elementor-widget-wrap elementor-element-populated\">\n\t\t\t\t\t\t<div class=\"elementor-element elementor-element-6a119f8 elementor-widget elementor-widget-heading\" data-id=\"6a119f8\" data-element_type=\"widget\" data-settings=\"{&quot;ekit_we_effect_on&quot;:&quot;none&quot;}\" data-widget_type=\"heading.default\">\n\t\t\t\t<div class=\"elementor-widget-container\">\n\t\t\t<h1 class=\"elementor-heading-title elementor-size-default\">Unterirdisch des Kolosseums<\/h1>\t\t<\/div>\n\t\t\t\t<\/div>\n\t\t\t\t<div class=\"elementor-element elementor-element-5ae2d92 elementor-widget elementor-widget-heading\" data-id=\"5ae2d92\" data-element_type=\"widget\" data-settings=\"{&quot;ekit_we_effect_on&quot;:&quot;none&quot;}\" data-widget_type=\"heading.default\">\n\t\t\t\t<div class=\"elementor-widget-container\">\n\t\t\t<h4 class=\"elementor-heading-title elementor-size-default\">Kolosseum und Untergrund<\/h4>\t\t<\/div>\n\t\t\t\t<\/div>\n\t\t\t\t<div class=\"elementor-element elementor-element-44f1ced elementor-widget elementor-widget-text-editor\" data-id=\"44f1ced\" data-element_type=\"widget\" data-settings=\"{&quot;ekit_we_effect_on&quot;:&quot;none&quot;}\" data-widget_type=\"text-editor.default\">\n\t\t\t\t<div class=\"elementor-widget-container\">\n\t\t\t\t\t\t\t<p>Die elliptische Form des Kolosseums wurde durch ein ausgekl\u00fcgeltes geometrisches 4-Zentren-Verfahren realisiert und wurde auch vom Boden der Arena aufgegriffen, indem ein Mauerwerk mit einer Holzbeplankung, die mit Sand bedeckt war, verwendet wurde. Unter den Planken der Arena befanden sich ger\u00e4umige unterirdische Wirtschaftsr\u00e4ume, die nach Kaiser Domitian gebaut wurden.<\/p><p>Fr\u00fcher konnte die Arena geflutet werden, um Naumachien oder Vorf\u00fchrungen mit Schwimmern abzuhalten, wie Martial in seinem Buch De spectaculis berichtet. Ein gro\u00dfer Teil des Kerkers ist heute noch von oben sichtbar, und man kann einen breiten Korridor entlang der Hauptachse erkennen, der den Bereich in zwei seitliche Halbkreise unterteilt, die von zw\u00f6lf gekr\u00fcmmten Korridoren durchzogen werden. Entlang der Umfassungsmauer befinden sich eine Reihe von gew\u00f6lbten Dienstr\u00e4umen, in denen wahrscheinlich die w\u00e4hrend der Spiele verwendeten Tiere und die Kulissen untergebracht waren.<\/p><p>Der Korridor entlang der Hauptachse der Ellipse endete mit zwei Galerien, die in den Betondonut m\u00fcnden, der das Fundament des Amphitheaters bildet. Zwei weitere G\u00e4nge entlang der Nebenachse der Ellipse, einer in Richtung des Colle Oppio und einer in Richtung des Caelian, sind noch nicht ausgegraben worden. Ein f\u00fcnfter Tunnel, der sich entlang des Keils V unterhalb der kaiserlichen B\u00fchne befindet, wurde in der Zeit Domitians gebaut und war wahrscheinlich ein Zugangsweg, der ausschlie\u00dflich dem Kaiser vorbehalten war und direkt mit einigen kaiserlichen Geb\u00e4uden im Bereich des Claudius-Tempels auf dem Caelian verbunden war.<\/p>\t\t\t\t\t\t<\/div>\n\t\t\t\t<\/div>\n\t\t\t\t<div class=\"elementor-element elementor-element-d94dd08 elementor-widget elementor-widget-heading\" data-id=\"d94dd08\" data-element_type=\"widget\" data-settings=\"{&quot;ekit_we_effect_on&quot;:&quot;none&quot;}\" data-widget_type=\"heading.default\">\n\t\t\t\t<div class=\"elementor-widget-container\">\n\t\t\t<h4 class=\"elementor-heading-title elementor-size-default\">Kolosseum und Untergrund<\/h4>\t\t<\/div>\n\t\t\t\t<\/div>\n\t\t\t\t<div class=\"elementor-element elementor-element-fd1e286 elementor-widget elementor-widget-text-editor\" data-id=\"fd1e286\" data-element_type=\"widget\" data-settings=\"{&quot;ekit_we_effect_on&quot;:&quot;none&quot;}\" data-widget_type=\"text-editor.default\">\n\t\t\t\t<div class=\"elementor-widget-container\">\n\t\t\t\t\t\t\t<p>Unter den vier Tunneln entlang der beiden Achsen befinden sich hydraulische Leitungen, die f\u00fcr die Ableitung von Regenwasser und die Latrinenabfl\u00fcsse unerl\u00e4sslich waren. Speleo-subaque-Untersuchungen haben zur Entdeckung weiterer gro\u00dfer Leitungen gef\u00fchrt, die unter dem Kolosseum gefunden wurden und wahrscheinlich Teil des Leitungssystems waren, das den f\u00fcr Neros Residenz gebauten See speiste.<\/p><p>Die hydraulische Struktur des Kolosseums ist immer noch sehr komplex und nicht vollst\u00e4ndig gekl\u00e4rt. Au\u00dferhalb des Amphitheaters wurde in einer Tiefe von 8 m ab dem Bodenniveau des Platzes ein Tunnel gefunden, der das gesamte Amphitheater in einem Abstand von 2-3 m von seinem \u00e4u\u00dferen Rand umgibt; es handelt sich um eine Abwasserleitung. Ein weiterer, kleinerer Tunnel mit Kapuzinergew\u00f6lbe, der sich in 2,8 m Tiefe im Inneren des Fundamentdoms befindet, beherbergte wahrscheinlich Bleirohre, die Wasser f\u00fchrten, das von Tanks unter Druck gehalten wurde.<\/p>\t\t\t\t\t\t<\/div>\n\t\t\t\t<\/div>\n\t\t\t\t\t<\/div>\n\t\t<\/div>\n\t\t\t\t\t<\/div>\n\t\t<\/section>\n\t\t\t\t<\/div>","protected":false},"excerpt":{"rendered":"<p>Der Untergrund des Kolosseums Kolosseum und Untergrund Die elliptische Form des Kolosseums wurde durch ein ausgekl\u00fcgeltes geometrisches Vier-Zentren-Verfahren realisiert und wurde auch vom Boden der Arena aufgegriffen, indem ein Mauerwerk mit einer mit Sand bedeckten Holzplanke gemischt wurde. Unter der Bodenplatte der Arena befanden sich ger\u00e4umige unterirdische Wirtschaftsr\u00e4ume, die [...].<\/p>","protected":false},"author":1,"featured_media":0,"parent":528,"menu_order":2,"comment_status":"closed","ping_status":"closed","template":"","meta":{"site-sidebar-layout":"no-sidebar","site-content-layout":"page-builder","ast-site-content-layout":"full-width-container","site-content-style":"unboxed","site-sidebar-style":"unboxed","ast-global-header-display":"","ast-banner-title-visibility":"","ast-main-header-display":"","ast-hfb-above-header-display":"","ast-hfb-below-header-display":"","ast-hfb-mobile-header-display":"","site-post-title":"disabled","ast-breadcrumbs-content":"","ast-featured-img":"disabled","footer-sml-layout":"","ast-disable-related-posts":"","theme-transparent-header-meta":"default","adv-header-id-meta":"","stick-header-meta":"","header-above-stick-meta":"","header-main-stick-meta":"","header-below-stick-meta":"","astra-migrate-meta-layouts":"set","ast-page-background-enabled":"default","ast-page-background-meta":{"desktop":{"background-color":"var(--ast-global-color-4)","background-image":"","background-repeat":"repeat","background-position":"center center","background-size":"auto","background-attachment":"scroll","background-type":"","background-media":"","overlay-type":"","overlay-color":"","overlay-opacity":"","overlay-gradient":""},"tablet":{"background-color":"","background-image":"","background-repeat":"repeat","background-position":"center center","background-size":"auto","background-attachment":"scroll","background-type":"","background-media":"","overlay-type":"","overlay-color":"","overlay-opacity":"","overlay-gradient":""},"mobile":{"background-color":"","background-image":"","background-repeat":"repeat","background-position":"center center","background-size":"auto","background-attachment":"scroll","background-type":"","background-media":"","overlay-type":"","overlay-color":"","overlay-opacity":"","overlay-gradient":""}},"ast-content-background-meta":{"desktop":{"background-color":"var(--ast-global-color-5)","background-image":"","background-repeat":"repeat","background-position":"center center","background-size":"auto","background-attachment":"scroll","background-type":"","background-media":"","overlay-type":"","overlay-color":"","overlay-opacity":"","overlay-gradient":""},"tablet":{"background-color":"var(--ast-global-color-5)","background-image":"","background-repeat":"repeat","background-position":"center center","background-size":"auto","background-attachment":"scroll","background-type":"","background-media":"","overlay-type":"","overlay-color":"","overlay-opacity":"","overlay-gradient":""},"mobile":{"background-color":"var(--ast-global-color-5)","background-image":"","background-repeat":"repeat","background-position":"center center","background-size":"auto","background-attachment":"scroll","background-type":"","background-media":"","overlay-type":"","overlay-color":"","overlay-opacity":"","overlay-gradient":""}},"iawp_total_views":2143,"footnotes":""},"class_list":["post-537","page","type-page","status-publish","hentry"],"_links":{"self":[{"href":"https:\/\/colosseo-roma.it\/de\/wp-json\/wp\/v2\/pages\/537","targetHints":{"allow":["GET"]}}],"collection":[{"href":"https:\/\/colosseo-roma.it\/de\/wp-json\/wp\/v2\/pages"}],"about":[{"href":"https:\/\/colosseo-roma.it\/de\/wp-json\/wp\/v2\/types\/page"}],"author":[{"embeddable":true,"href":"https:\/\/colosseo-roma.it\/de\/wp-json\/wp\/v2\/users\/1"}],"replies":[{"embeddable":true,"href":"https:\/\/colosseo-roma.it\/de\/wp-json\/wp\/v2\/comments?post=537"}],"version-history":[{"count":0,"href":"https:\/\/colosseo-roma.it\/de\/wp-json\/wp\/v2\/pages\/537\/revisions"}],"up":[{"embeddable":true,"href":"https:\/\/colosseo-roma.it\/de\/wp-json\/wp\/v2\/pages\/528"}],"wp:attachment":[{"href":"https:\/\/colosseo-roma.it\/de\/wp-json\/wp\/v2\/media?parent=537"}],"curies":[{"name":"wp","href":"https:\/\/api.w.org\/{rel}","templated":true}]}}