{"id":540,"date":"2023-03-28T09:18:40","date_gmt":"2023-03-28T08:18:40","guid":{"rendered":"https:\/\/wordpress-1074717-3818660.cloudwaysapps.com\/?page_id=540"},"modified":"2026-01-26T17:11:47","modified_gmt":"2026-01-26T16:11:47","slug":"architektur","status":"publish","type":"page","link":"https:\/\/colosseo-roma.it\/de\/erkunden\/kolosseum\/architektur\/","title":{"rendered":"Architektur"},"content":{"rendered":"<div data-elementor-type=\"wp-page\" data-elementor-id=\"540\" class=\"elementor elementor-540\" data-elementor-post-type=\"page\">\n\t\t\t\t\t\t<section class=\"elementor-section elementor-top-section elementor-element elementor-element-bd0a364 elementor-section-boxed elementor-section-height-default elementor-section-height-default\" data-id=\"bd0a364\" data-element_type=\"section\" data-settings=\"{&quot;jet_parallax_layout_list&quot;:[],&quot;ekit_has_onepagescroll_dot&quot;:&quot;yes&quot;}\">\n\t\t\t\t\t\t<div class=\"elementor-container elementor-column-gap-default\">\n\t\t\t\t\t<div class=\"elementor-column elementor-col-100 elementor-top-column elementor-element elementor-element-e53f870\" data-id=\"e53f870\" data-element_type=\"column\" data-settings=\"{&quot;background_background&quot;:&quot;classic&quot;}\">\n\t\t\t<div class=\"elementor-widget-wrap elementor-element-populated\">\n\t\t\t\t\t\t<div class=\"elementor-element elementor-element-3f626a0 elementor-widget elementor-widget-heading\" data-id=\"3f626a0\" data-element_type=\"widget\" data-settings=\"{&quot;ekit_we_effect_on&quot;:&quot;none&quot;}\" data-widget_type=\"heading.default\">\n\t\t\t\t<div class=\"elementor-widget-container\">\n\t\t\t<h1 class=\"elementor-heading-title elementor-size-default\">Architektur des Kolosseums<\/h1>\t\t<\/div>\n\t\t\t\t<\/div>\n\t\t\t\t<div class=\"elementor-element elementor-element-63abe57 elementor-widget elementor-widget-text-editor\" data-id=\"63abe57\" data-element_type=\"widget\" data-settings=\"{&quot;ekit_we_effect_on&quot;:&quot;none&quot;}\" data-widget_type=\"text-editor.default\">\n\t\t\t\t<div class=\"elementor-widget-container\">\n\t\t\t\t\t\t\t<p><strong>Das Kolosseum ist 52 Meter hoch.<\/strong><br \/><strong>Die Nebenachse betr\u00e4gt 156 Meter.<\/strong><br \/><strong>Die Hauptachse ist 188 Meter lang.<\/strong><br \/><strong>Die Arena hat eine Fl\u00e4che von 3357 Quadratmetern.<\/strong><\/p>\t\t\t\t\t\t<\/div>\n\t\t\t\t<\/div>\n\t\t\t\t<div class=\"elementor-element elementor-element-0ad6c2a elementor-widget elementor-widget-heading\" data-id=\"0ad6c2a\" data-element_type=\"widget\" data-settings=\"{&quot;ekit_we_effect_on&quot;:&quot;none&quot;}\" data-widget_type=\"heading.default\">\n\t\t\t\t<div class=\"elementor-widget-container\">\n\t\t\t<h4 class=\"elementor-heading-title elementor-size-default\">Die Merkmale des Kolosseums<\/h4>\t\t<\/div>\n\t\t\t\t<\/div>\n\t\t\t\t<div class=\"elementor-element elementor-element-f411953 elementor-widget elementor-widget-text-editor\" data-id=\"f411953\" data-element_type=\"widget\" data-settings=\"{&quot;ekit_we_effect_on&quot;:&quot;none&quot;}\" data-widget_type=\"text-editor.default\">\n\t\t\t\t<div class=\"elementor-widget-container\">\n\t\t\t\t\t\t\t<p>Die Struktur ist auf der Au\u00dfenseite in vier Reihen gegliedert, die auf der Innenseite f\u00fcnf Sektoren von Sitzpl\u00e4tzen entsprechen, die die Cavea bilden. Die tragende Struktur besteht aus Pfeilern aus Travertinbl\u00f6cken, die in der ersten Reihe von Mauerwerk aus Tuffsteinbl\u00f6cken und in den oberen Reihen von radialen Ziegelw\u00e4nden unterbrochen werden. Die Dachgew\u00f6lbe sind aus gelbem und orangefarbenem Tuffsteinbeton, ersterer aus der flavischen, letzterer aus der severischen Zeit, und der Fu\u00dfboden der ersten Ordnung besteht aus Travertinplatten, mit Ausnahme des Korridors neben der Arena, der, da er f\u00fcr die Senatoren bestimmt war, mit Marmor belegt war. In den oberen Etagen war der Boden in opus spicatum aus Ziegelsteinen im Fischgr\u00e4tenmuster verlegt. Travertin wurde noch f\u00fcr die Verkleidung der Treppen und Podeste sowie f\u00fcr die sichtbaren Kan\u00e4le verwendet. Die Gew\u00f6lbe und W\u00e4nde aus Ziegeln und Tuffstein wurden mit wei\u00dfem Putz \u00fcberzogen, der Sockel der W\u00e4nde war rot. Alle Wege f\u00fcr den Kaiser, die senatorische Ordnung und die h\u00f6chsten religi\u00f6sen Autorit\u00e4ten waren mit Marmor verkleidet.<\/p>\t\t\t\t\t\t<\/div>\n\t\t\t\t<\/div>\n\t\t\t\t<div class=\"elementor-element elementor-element-3a32cd8 elementor-widget elementor-widget-heading\" data-id=\"3a32cd8\" data-element_type=\"widget\" data-settings=\"{&quot;ekit_we_effect_on&quot;:&quot;none&quot;}\" data-widget_type=\"heading.default\">\n\t\t\t\t<div class=\"elementor-widget-container\">\n\t\t\t<h4 class=\"elementor-heading-title elementor-size-default\">Die Struktur des flavischen Amphitheaters<\/h4>\t\t<\/div>\n\t\t\t\t<\/div>\n\t\t\t\t<div class=\"elementor-element elementor-element-c8ccae0 elementor-widget elementor-widget-text-editor\" data-id=\"c8ccae0\" data-element_type=\"widget\" data-settings=\"{&quot;ekit_we_effect_on&quot;:&quot;none&quot;}\" data-widget_type=\"text-editor.default\">\n\t\t\t\t<div class=\"elementor-widget-container\">\n\t\t\t\t\t\t\t<p>Das Amphitheater erhebt sich auf einer niedrigen Krepidine aus Travertinbl\u00f6cken, die zwei R\u00e4nge bilden. Die ersten drei Reihen bestehen aus 80 B\u00f6gen, die auf Pfeilern in opus quadratum ruhen, mit vorspringenden Halbs\u00e4ulen, die in der ersten Reihe von dorischen, in der zweiten von ionischen und in der dritten von korinthischen Kapitellen gekr\u00f6nt werden. Das vierte und letzte Register besteht aus einer massiven Wand, in der sich Pilaster korinthischer Ordnung mit quadratischen Fenstern abwechseln. Noch sichtbar sind die Kragsteine aus Travertin, auf denen die Basis der Holzbalken ruhte, die das Dachvelarium st\u00fctzten; im vorspringenden Gesims befinden sich L\u00f6cher f\u00fcr die Einf\u00fcgung der Balken, eines f\u00fcr jeden Kragstein darunter.<\/p>\t\t\t\t\t\t<\/div>\n\t\t\t\t<\/div>\n\t\t\t\t<div class=\"elementor-element elementor-element-27c309a elementor-widget elementor-widget-heading\" data-id=\"27c309a\" data-element_type=\"widget\" data-settings=\"{&quot;ekit_we_effect_on&quot;:&quot;none&quot;}\" data-widget_type=\"heading.default\">\n\t\t\t\t<div class=\"elementor-widget-container\">\n\t\t\t<h4 class=\"elementor-heading-title elementor-size-default\">Eintauchen in die Architektur des Kolosseums<\/h4>\t\t<\/div>\n\t\t\t\t<\/div>\n\t\t\t\t<div class=\"elementor-element elementor-element-378bf9b elementor-widget elementor-widget-text-editor\" data-id=\"378bf9b\" data-element_type=\"widget\" data-settings=\"{&quot;ekit_we_effect_on&quot;:&quot;none&quot;}\" data-widget_type=\"text-editor.default\">\n\t\t\t\t<div class=\"elementor-widget-container\">\n\t\t\t\t\t\t\t<p>Die cavea war von unten her in einen ersten Sitzsektor (Podium) unterteilt, der aus vier gro\u00dfen Marmorstufen bestand, auf denen die beweglichen Sitze der Senatoren ruhten; ein zweiter Sektor, das maenianum primum, bestand aus acht Marmorstufen; das maenianum secundum, der gr\u00f6\u00dfte Bereich, war in imum und summum unterteilt und dem Reiterstand vorbehalten; das maenianum summum in ligneis befand sich im obersten Teil direkt unter dem velarium und hatte 11 Holzstufen unter einer Kolonnade. Elliptische Korridore, die praecinctiones genannt wurden, trennten die verschiedenen Sitzbereiche: Die praecinctio, die das untere vom oberen maenianum trennte, bildete eine hohe Erhebung, die durch T\u00fcren, vomitoria (G\u00e4nge f\u00fcr den Ausgang der Menge) und Nischen gegliedert war.<\/p>\t\t\t\t\t\t<\/div>\n\t\t\t\t<\/div>\n\t\t\t\t<div class=\"elementor-element elementor-element-b25ef14 elementor-widget elementor-widget-heading\" data-id=\"b25ef14\" data-element_type=\"widget\" data-settings=\"{&quot;ekit_we_effect_on&quot;:&quot;none&quot;}\" data-widget_type=\"heading.default\">\n\t\t\t\t<div class=\"elementor-widget-container\">\n\t\t\t<h4 class=\"elementor-heading-title elementor-size-default\">Wie viele Menschen konnte das Kolosseum in Rom fassen?<\/h4>\t\t<\/div>\n\t\t\t\t<\/div>\n\t\t\t\t<div class=\"elementor-element elementor-element-9dfaf83 elementor-widget elementor-widget-text-editor\" data-id=\"9dfaf83\" data-element_type=\"widget\" data-settings=\"{&quot;ekit_we_effect_on&quot;:&quot;none&quot;}\" data-widget_type=\"text-editor.default\">\n\t\t\t\t<div class=\"elementor-widget-container\">\n\t\t\t\t\t\t\t<p>Man hat errechnet, dass das Amphitheater etwa 55.000 Zuschauer fassen konnte, von denen 50.000 sitzend und 5.000 stehend im obersten Teil untergebracht waren. Um die Arena herum verlief eine Galerie, von der nur noch die R\u00fcckwand mit 24 Nischen erhalten ist und die durch T\u00fcren, die vom Dienstpersonal benutzt wurden, mit dem Spielsaal verbunden war. Ein kleiner Teil der Trib\u00fcne wurde im 19. Jahrhundert entlang des S\u00fcdhangs wieder aufgebaut, um die Pr\u00e4senz des kaiserlichen Kryptoportikus zu betonen, der an dieser Stelle die B\u00fchne f\u00fcr den Kaiser erreichte.<\/p><p>Der Zutritt zum Amphitheater war kostenlos, aber nach einem genauen hierarchischen Kriterium geregelt: Die besten Pl\u00e4tze rund um die Arena waren den Senatoren vorbehalten, w\u00e4hrend die schlechtesten, h\u00f6her gelegenen und weiter entfernten Pl\u00e4tze mit eingeschr\u00e4nkter Sicht f\u00fcr die Plebs reserviert waren und sich im maenianum summum in ligneis befanden.<\/p><p>Die Eing\u00e4nge waren nummeriert: Einige Nummern sind noch auf der Spitze der B\u00f6gen des \u00e4u\u00dferen Rings entlang der intakten Nordseite zu sehen. Andere Schilder wurden oben auf die inneren Arkaden gemalt, um den Zuschauern den Weg zu den ihnen zugewiesenen Pl\u00e4tzen zu erleichtern: dieselben Schilder befanden sich auf der pers\u00f6nlichen Karte, die jeder B\u00fcrger hatte. Nur die Eing\u00e4nge an den Enden der gro\u00dfen und kleinen Achsen waren nicht nummeriert, da sie den Beh\u00f6rden und Gladiatoren vorbehalten waren.<\/p><p>Im Kolosseum fanden neben Gladiatorenk\u00e4mpfen (munera) und Jagdvorf\u00fchrungen (venationes) auch Hinrichtungen von Todesurteilen (noxii) statt, die f\u00fcr die R\u00f6mer einen hohen erzieherischen Wert als Mahnung zu sozial korrektem Verhalten hatten. \u00d6ffentliche Hinrichtungen wurden in der sp\u00e4ten Kaiserzeit h\u00e4ufiger, als bestimmte Foltermethoden wie der Galgen und die Kreuzigung verschwanden, w\u00e4hrend Verbrennung und Enthauptung \u00fcberlebten.<\/p>\t\t\t\t\t\t<\/div>\n\t\t\t\t<\/div>\n\t\t\t\t<div class=\"elementor-element elementor-element-76b51ab elementor-widget elementor-widget-heading\" data-id=\"76b51ab\" data-element_type=\"widget\" data-settings=\"{&quot;ekit_we_effect_on&quot;:&quot;none&quot;}\" data-widget_type=\"heading.default\">\n\t\t\t\t<div class=\"elementor-widget-container\">\n\t\t\t<h4 class=\"elementor-heading-title elementor-size-default\">Der Kerker der Gladiatoren<\/h4>\t\t<\/div>\n\t\t\t\t<\/div>\n\t\t\t\t<div class=\"elementor-element elementor-element-c7220c5 elementor-widget elementor-widget-text-editor\" data-id=\"c7220c5\" data-element_type=\"widget\" data-settings=\"{&quot;ekit_we_effect_on&quot;:&quot;none&quot;}\" data-widget_type=\"text-editor.default\">\n\t\t\t\t<div class=\"elementor-widget-container\">\n\t\t\t\t\t\t\t<p>Der Boden, auf dem die Spiele stattfanden, die Arena, verbarg die unterirdischen R\u00e4ume, in denen alle Aktivit\u00e4ten im Zusammenhang mit der Durchf\u00fchrung der Spiele stattfanden, vollst\u00e4ndig vor den Blicken der Zuschauer. Die Arena war mit Sand bestreut (daher der Name \"Arena\"), um ein Ausrutschen zu vermeiden und das viele Blut, das bei der T\u00f6tung von gro\u00dfen Tieren anfiel, aufzusaugen. Die unterirdischen G\u00e4nge des Kolosseums waren von 80 n. Chr. bis 508 n. Chr. offen, als sie vollst\u00e4ndig mit Erde aufgef\u00fcllt wurden. Die heute sichtbaren W\u00e4nde sind das Ergebnis einer Reihe von strukturellen Ver\u00e4nderungen, die aufgrund von Restaurierungen und szenografischen Ver\u00e4nderungen nicht immer leicht zu verstehen sind. In den Untergeschossen befanden sich die Hebevorrichtungen (80 an der Zahl), die die Kommunikation mit dem Boden der Arena erm\u00f6glichten und dazu dienten, Menschen, Tiere, Kulissen und Materialien, die f\u00fcr die Spiele ben\u00f6tigt wurden, schnell zu transportieren. Der H\u00f6henunterschied zwischen dem Boden der Kerker und dem ersten Rang betrug 6 m. Der elliptische Raum des Verlieses ist in vier symmetrische Sektoren unterteilt, die durch zwei Hauptkorridore entlang der Hauptachsen, die sich im rechten Winkel kreuzen, begrenzt werden. Die Tuffsteinw\u00e4nde, an denen die Rillen f\u00fcr die Einf\u00fcgung der Balken und die vertikal gerillten F\u00fchrungen f\u00fcr die Hebevorrichtungen sichtbar sind, stammen aus der urspr\u00fcnglichen Bauphase der Domitianischen Zeit. Bei den Ausgrabungen zwischen 1874 und 1875 wurden zahlreiche h\u00f6lzerne Elemente der Hebemechanismen gefunden, und sogar ein ganzer Holzboden, der im zentralen Korridor noch intakt war, vielleicht um den Boden gegen aufsteigendes Wasser zu isolieren.<\/p>\t\t\t\t\t\t<\/div>\n\t\t\t\t<\/div>\n\t\t\t\t<div class=\"elementor-element elementor-element-c77714e elementor-widget elementor-widget-heading\" data-id=\"c77714e\" data-element_type=\"widget\" data-settings=\"{&quot;ekit_we_effect_on&quot;:&quot;none&quot;}\" data-widget_type=\"heading.default\">\n\t\t\t\t<div class=\"elementor-widget-container\">\n\t\t\t<h4 class=\"elementor-heading-title elementor-size-default\">Geb\u00e4ude des Amphitheaters<\/h4>\t\t<\/div>\n\t\t\t\t<\/div>\n\t\t\t\t<div class=\"elementor-element elementor-element-1e25503 elementor-widget elementor-widget-text-editor\" data-id=\"1e25503\" data-element_type=\"widget\" data-settings=\"{&quot;ekit_we_effect_on&quot;:&quot;none&quot;}\" data-widget_type=\"text-editor.default\">\n\t\t\t\t<div class=\"elementor-widget-container\">\n\t\t\t\t\t\t\t<p>Mit dem Bau des Amphitheaters wurde auch gleichzeitig eine Reihe von Wirtschaftsgeb\u00e4uden errichtet, die alle auf Domitian (81-96 n. Chr.) zur\u00fcckgehen.): die vier Ludi oder Turnhallen f\u00fcr das Training der Gladiatoren und Venatoren (die Ludus Magnus am Anfang der Via Labicana ist gut erhalten), die Kaserne f\u00fcr die Matrosen der Flotte vom Kap Misenum (Castra Misenatium), die f\u00fcr das Man\u00f6vrieren des Velariums zust\u00e4ndig waren, das Summum Choragium, das Lager f\u00fcr die Kulissen, und die Armamentaria, das Waffenlager der Gladiatoren. Au\u00dferdem gab es das Saniarium, in dem die Verwundeten an Ort und Stelle behandelt wurden, und das Spoliarium, in dem die Leichen der get\u00f6teten Gladiatoren ausgezogen und die R\u00fcstungen geborgen wurden.<\/p>\t\t\t\t\t\t<\/div>\n\t\t\t\t<\/div>\n\t\t\t\t\t<\/div>\n\t\t<\/div>\n\t\t\t\t\t<\/div>\n\t\t<\/section>\n\t\t\t\t<\/div>","protected":false},"excerpt":{"rendered":"<p>Archittetura del Colosseo Il Colosseo \u00e8 alto 52 metri. L&#8217;asse minore di 156 metri. L&#8217;asse maggiore di 188 metri. L&#8217;arena ha una superficie di 3357 metri quadrati. Le caratteristiche del Colosseo La struttura \u00e8 articolata all&#8217;esterno in quattro ordini, corrispondenti all&#8217;interno a cinque settori di posti a sedere costituenti la cavea. La struttura portante \u00e8 [&hellip;]<\/p>","protected":false},"author":1,"featured_media":0,"parent":528,"menu_order":3,"comment_status":"closed","ping_status":"closed","template":"","meta":{"site-sidebar-layout":"no-sidebar","site-content-layout":"page-builder","ast-site-content-layout":"full-width-container","site-content-style":"unboxed","site-sidebar-style":"unboxed","ast-global-header-display":"","ast-banner-title-visibility":"","ast-main-header-display":"","ast-hfb-above-header-display":"","ast-hfb-below-header-display":"","ast-hfb-mobile-header-display":"","site-post-title":"disabled","ast-breadcrumbs-content":"","ast-featured-img":"disabled","footer-sml-layout":"","ast-disable-related-posts":"","theme-transparent-header-meta":"default","adv-header-id-meta":"","stick-header-meta":"","header-above-stick-meta":"","header-main-stick-meta":"","header-below-stick-meta":"","astra-migrate-meta-layouts":"set","ast-page-background-enabled":"default","ast-page-background-meta":{"desktop":{"background-color":"var(--ast-global-color-4)","background-image":"","background-repeat":"repeat","background-position":"center center","background-size":"auto","background-attachment":"scroll","background-type":"","background-media":"","overlay-type":"","overlay-color":"","overlay-opacity":"","overlay-gradient":""},"tablet":{"background-color":"","background-image":"","background-repeat":"repeat","background-position":"center center","background-size":"auto","background-attachment":"scroll","background-type":"","background-media":"","overlay-type":"","overlay-color":"","overlay-opacity":"","overlay-gradient":""},"mobile":{"background-color":"","background-image":"","background-repeat":"repeat","background-position":"center center","background-size":"auto","background-attachment":"scroll","background-type":"","background-media":"","overlay-type":"","overlay-color":"","overlay-opacity":"","overlay-gradient":""}},"ast-content-background-meta":{"desktop":{"background-color":"var(--ast-global-color-5)","background-image":"","background-repeat":"repeat","background-position":"center center","background-size":"auto","background-attachment":"scroll","background-type":"","background-media":"","overlay-type":"","overlay-color":"","overlay-opacity":"","overlay-gradient":""},"tablet":{"background-color":"var(--ast-global-color-5)","background-image":"","background-repeat":"repeat","background-position":"center center","background-size":"auto","background-attachment":"scroll","background-type":"","background-media":"","overlay-type":"","overlay-color":"","overlay-opacity":"","overlay-gradient":""},"mobile":{"background-color":"var(--ast-global-color-5)","background-image":"","background-repeat":"repeat","background-position":"center center","background-size":"auto","background-attachment":"scroll","background-type":"","background-media":"","overlay-type":"","overlay-color":"","overlay-opacity":"","overlay-gradient":""}},"iawp_total_views":4351,"footnotes":""},"class_list":["post-540","page","type-page","status-publish","hentry"],"_links":{"self":[{"href":"https:\/\/colosseo-roma.it\/de\/wp-json\/wp\/v2\/pages\/540","targetHints":{"allow":["GET"]}}],"collection":[{"href":"https:\/\/colosseo-roma.it\/de\/wp-json\/wp\/v2\/pages"}],"about":[{"href":"https:\/\/colosseo-roma.it\/de\/wp-json\/wp\/v2\/types\/page"}],"author":[{"embeddable":true,"href":"https:\/\/colosseo-roma.it\/de\/wp-json\/wp\/v2\/users\/1"}],"replies":[{"embeddable":true,"href":"https:\/\/colosseo-roma.it\/de\/wp-json\/wp\/v2\/comments?post=540"}],"version-history":[{"count":0,"href":"https:\/\/colosseo-roma.it\/de\/wp-json\/wp\/v2\/pages\/540\/revisions"}],"up":[{"embeddable":true,"href":"https:\/\/colosseo-roma.it\/de\/wp-json\/wp\/v2\/pages\/528"}],"wp:attachment":[{"href":"https:\/\/colosseo-roma.it\/de\/wp-json\/wp\/v2\/media?parent=540"}],"curies":[{"name":"wp","href":"https:\/\/api.w.org\/{rel}","templated":true}]}}