{"id":541,"date":"2023-03-28T09:18:49","date_gmt":"2023-03-28T08:18:49","guid":{"rendered":"https:\/\/wordpress-1074717-3818660.cloudwaysapps.com\/?page_id=541"},"modified":"2026-01-26T17:11:26","modified_gmt":"2026-01-26T16:11:26","slug":"geschichte","status":"publish","type":"page","link":"https:\/\/colosseo-roma.it\/de\/erkunden\/kolosseum\/geschichte\/","title":{"rendered":"Geschichte"},"content":{"rendered":"<div data-elementor-type=\"wp-page\" data-elementor-id=\"541\" class=\"elementor elementor-541\" data-elementor-post-type=\"page\">\n\t\t\t\t\t\t<section class=\"elementor-section elementor-top-section elementor-element elementor-element-2d9a5e1 elementor-section-boxed elementor-section-height-default elementor-section-height-default\" data-id=\"2d9a5e1\" data-element_type=\"section\" data-settings=\"{&quot;jet_parallax_layout_list&quot;:[],&quot;ekit_has_onepagescroll_dot&quot;:&quot;yes&quot;}\">\n\t\t\t\t\t\t<div class=\"elementor-container elementor-column-gap-default\">\n\t\t\t\t\t<div class=\"elementor-column elementor-col-100 elementor-top-column elementor-element elementor-element-6e78c0a\" data-id=\"6e78c0a\" data-element_type=\"column\" data-settings=\"{&quot;background_background&quot;:&quot;classic&quot;}\">\n\t\t\t<div class=\"elementor-widget-wrap elementor-element-populated\">\n\t\t\t\t\t\t<div class=\"elementor-element elementor-element-d6843ff elementor-widget elementor-widget-heading\" data-id=\"d6843ff\" data-element_type=\"widget\" data-settings=\"{&quot;ekit_we_effect_on&quot;:&quot;none&quot;}\" data-widget_type=\"heading.default\">\n\t\t\t\t<div class=\"elementor-widget-container\">\n\t\t\t<h1 class=\"elementor-heading-title elementor-size-default\">Die Geschichte des Kolosseums<\/h1>\t\t<\/div>\n\t\t\t\t<\/div>\n\t\t\t\t<div class=\"elementor-element elementor-element-a0dcb53 elementor-widget elementor-widget-text-editor\" data-id=\"a0dcb53\" data-element_type=\"widget\" data-settings=\"{&quot;ekit_we_effect_on&quot;:&quot;none&quot;}\" data-widget_type=\"text-editor.default\">\n\t\t\t\t<div class=\"elementor-widget-container\">\n\t\t\t\t\t\t\t<p style=\"text-align: center;\">Zur Geschichte der <strong>Kolosseum<\/strong> \u00fcber die Jahrhunderte hinweg, vom Bau bis zur Zerst\u00f6rung, gibt es viel zu sagen. Ein langer historischer Zeitraum, in dem das Kolosseum viele Male genutzt und restauriert wurde, auf unterschiedliche Weise und mit unterschiedlichen Methoden. Die Geschichten des Kolosseums sind in der Tat vielf\u00e4ltig und kennzeichnen die verschiedenen Epochen der <strong>Das alte Rom.<\/strong> Kurzum, dieses pr\u00e4chtige Amphitheater hat alles M\u00f6gliche gesehen und erlitten und tut es immer noch! Da das Kolosseum immer noch steht, geh\u00f6rt es auch zu dieser modernen Zeit.<\/p><p style=\"text-align: center;\">Das Kolosseum ist noch immer ein weltweit bekanntes Symbol f\u00fcr Rom. Von den alten R\u00f6mern wurde es genannt<em><strong>Amphitheatrum Flavium\".<\/strong><\/em> benannt nach der kaiserlichen Familie der Flavier, unter denen die Arbeiten an diesem Bauwerk begannen und endeten. Im Jahr 72 n. Chr. begann Kaiser Vespasian mit dem Bau, der im Jahr 80 n. Chr. von seinem Sohn Titus beendet wurde. Nach Abschluss der Arbeiten wurde die Einweihung mit au\u00dfergew\u00f6hnlichen Spielen und K\u00e4mpfen gefeiert, die 100 Tage andauerten.<\/p><p style=\"text-align: center;\">Diese wenigen Informationen geben uns einen kurzen \u00dcberblick \u00fcber die Geschichte des Kolosseums, aber seine Geschichte ist viel komplexer und faszinierender. Das Kolosseum wurde als gr\u00f6\u00dftes Amphitheater aller Zeiten gebaut und repr\u00e4sentierte die Macht und Gr\u00f6\u00dfe des<strong>R\u00f6misches Reich<\/strong>Sie wurde nicht nur zu einem Ort der Unterhaltung, sondern auch zu einem politischen Instrument, um die Kontrolle und Autorit\u00e4t der r\u00f6mischen Kaiser durchzusetzen.<\/p>\t\t\t\t\t\t<\/div>\n\t\t\t\t<\/div>\n\t\t\t\t<div class=\"elementor-element elementor-element-32a6686 elementor-widget elementor-widget-jet-timeline\" data-id=\"32a6686\" data-element_type=\"widget\" data-settings=\"{&quot;ekit_we_effect_on&quot;:&quot;none&quot;}\" data-widget_type=\"jet-timeline.default\">\n\t\t\t\t<div class=\"elementor-widget-container\">\n\t\t\t<div class=\"elementor-jet-timeline jet-elements\"><div class=\"jet-timeline jet-timeline--align-center jet-timeline--align-middle\">\n\t<div class=\"jet-timeline__line\"><div class=\"jet-timeline__line-progress\"><\/div><\/div>\n\t<div class=\"jet-timeline-list\"><div class=\"jet-timeline-item  elementor-repeater-item-fd1235f jet-timeline-item--image-inside\">\n\t<div class=\"timeline-item__card\">\n\t\t<div class=\"timeline-item__card-inner\">\n\t\t\t\t\t\t\t\t<div class=\"timeline-item__card-content\">\n\t\t\t\t\t<div class=\"timeline-item__meta\"><div class=\"timeline-item__meta-content\">Der Bau und das Goldene Zeitalter<\/div><\/div><h5 class=\"timeline-item__card-title\"> Antikes Rom, Flavische Periode (72-80 n. Chr.)<\/h5><div class=\"timeline-item__card-desc\">Die Idee, ein solch imposantes Amphitheater im Herzen Roms zu errichten, entstand w\u00e4hrend der Herrschaft von Vespasian, dem ersten Kaiser der flavischen Dynastie. Die Entscheidung, es \u00fcber dem k\u00fcnstlichen See der Domus Aurea, der luxuri\u00f6sen Villa Neros, zu errichten, hatte Symbolcharakter: ein Weg, dem r\u00f6mischen Volk das Land zur\u00fcckzugeben, das ihm der vorherige Tyrann genommen hatte, und die Gunst der Massen zu gewinnen. Ihr Bau war eines der gr\u00f6\u00dften architektonischen Werke der Antike, an dessen Errichtung Tausende von Sklaven und Arbeitern beteiligt waren.\n\nDie Einweihung des Amphitheaters war ein au\u00dfergew\u00f6hnliches Ereignis, das die Gr\u00f6\u00dfe Roms widerspiegelte. Um die Er\u00f6ffnung des Kolosseums zu feiern, veranstaltete Titus 100 Tage lang Spiele und Spektakel, bei denen sch\u00e4tzungsweise Tausende von wilden Tieren und Gladiatoren get\u00f6tet wurden. Diese Massenveranstaltungen waren Teil des \"panem et circenses\" (Brot und Spiele), einer politischen Strategie zur Ablenkung und Kontrolle der r\u00f6mischen Bev\u00f6lkerung.<\/div>\t\t\t\t<\/div>\n\t\t\t\t\t\t<\/div>\n\t\t<div class=\"timeline-item__card-arrow\"><\/div>\n\t<\/div>\n\t<div class=\"timeline-item__point\"><div class=\"timeline-item__point-content timeline-item__point-content--icon\"><span class=\"jet-elements-icon\"><i aria-hidden=\"true\" class=\"fas fa-history\"><\/i><\/span><\/div><\/div><div class=\"timeline-item__meta\"><div class=\"timeline-item__meta-content\">Der Bau und das Goldene Zeitalter<\/div><\/div><\/div><div class=\"jet-timeline-item  elementor-repeater-item-c9e98a0 jet-timeline-item--image-inside\">\n\t<div class=\"timeline-item__card\">\n\t\t<div class=\"timeline-item__card-inner\">\n\t\t\t\t\t\t\t\t<div class=\"timeline-item__card-content\">\n\t\t\t\t\t<div class=\"timeline-item__meta\"><div class=\"timeline-item__meta-content\">Niedergang und Wandel<\/div><\/div><h5 class=\"timeline-item__card-title\">Sp\u00e4tes R\u00f6misches Reich und Mittelalter (5. bis 15. Jahrhundert)<\/h5><div class=\"timeline-item__card-desc\">Nach dem Untergang des Westr\u00f6mischen Reiches erfuhr das Kolosseum zahlreiche Umgestaltungen. Im Mittelalter wurde das Amphitheater nicht mehr f\u00fcr \u00f6ffentliche Auff\u00fchrungen genutzt, sondern f\u00fcr verschiedene Zwecke umgebaut. Einige der \u00e4u\u00dferen Gew\u00f6lbe wurden in Wohnungen und Gesch\u00e4fte umgewandelt, w\u00e4hrend das untere Stockwerk als Friedhof diente.\n\nIm Laufe der Jahrhunderte verursachten Erdbeben, Pl\u00fcnderungen und die ver\u00e4nderte Nutzung der Geb\u00e4ude erhebliche Sch\u00e4den an der Struktur. Ein Teil der Steine wurde entfernt und f\u00fcr den Bau anderer Geb\u00e4ude in Rom wiederverwendet, darunter der Petersdom. Dennoch blieb das Kolosseum ein Symbol der Stadt und ein stummer Zeuge ihrer wechselvollen Geschichte.\n<\/div>\t\t\t\t<\/div>\n\t\t\t\t\t\t<\/div>\n\t\t<div class=\"timeline-item__card-arrow\"><\/div>\n\t<\/div>\n\t<div class=\"timeline-item__point\"><div class=\"timeline-item__point-content timeline-item__point-content--icon\"><span class=\"jet-elements-icon\"><i aria-hidden=\"true\" class=\"fas fa-history\"><\/i><\/span><\/div><\/div><div class=\"timeline-item__meta\"><div class=\"timeline-item__meta-content\">Niedergang und Wandel<\/div><\/div><\/div><div class=\"jet-timeline-item  elementor-repeater-item-1a116c5 jet-timeline-item--image-inside\">\n\t<div class=\"timeline-item__card\">\n\t\t<div class=\"timeline-item__card-inner\">\n\t\t\t\t\t\t\t\t<div class=\"timeline-item__card-content\">\n\t\t\t\t\t<div class=\"timeline-item__meta\"><div class=\"timeline-item__meta-content\">Wiederentdeckung und Erneuerung<\/div><\/div><h5 class=\"timeline-item__card-title\">Renaissance und sp\u00e4tere Epochen (16. bis 19. Jahrhundert)<\/h5><div class=\"timeline-item__card-desc\">In der Renaissance wurde das Kolosseum als Symbol f\u00fcr die glorreiche Vergangenheit Roms wiederentdeckt. K\u00fcnstler, Schriftsteller und Intellektuelle begannen, sich f\u00fcr das antike Amphitheater zu interessieren, inspiriert von seiner Gr\u00f6\u00dfe und komplexen Geschichte. Im 17. Jahrhundert erkl\u00e4rte die katholische Kirche das Kolosseum zu einer heiligen St\u00e4tte, um der christlichen M\u00e4rtyrer zu gedenken, die der \u00dcberlieferung nach dort get\u00f6tet worden waren. Im Inneren des Amphitheaters wurde ein Kreuzweg angelegt, der es zu einem Ort der Verehrung und des Gedenkens machte.\n\nIm 18. und 19. Jahrhundert wurde das Kolosseum Gegenstand mehrerer Restaurierungsprojekte, um seine Struktur und seinen historischen Wert zu erhalten. Die Restaurierungsarbeiten wurden im 20. Jahrhundert und bis heute fortgesetzt, so dass das Kolosseum trotz der Herausforderungen der Zeit seine Pracht und seinen Charme bewahren konnte.\n<\/div>\t\t\t\t<\/div>\n\t\t\t\t\t\t<\/div>\n\t\t<div class=\"timeline-item__card-arrow\"><\/div>\n\t<\/div>\n\t<div class=\"timeline-item__point\"><div class=\"timeline-item__point-content timeline-item__point-content--icon\"><span class=\"jet-elements-icon\"><i aria-hidden=\"true\" class=\"fas fa-history\"><\/i><\/span><\/div><\/div><div class=\"timeline-item__meta\"><div class=\"timeline-item__meta-content\">Wiederentdeckung und Erneuerung<\/div><\/div><\/div><div class=\"jet-timeline-item  elementor-repeater-item-7ed7f15 jet-timeline-item--image-inside\">\n\t<div class=\"timeline-item__card\">\n\t\t<div class=\"timeline-item__card-inner\">\n\t\t\t\t\t\t\t\t<div class=\"timeline-item__card-content\">\n\t\t\t\t\t<div class=\"timeline-item__meta\"><div class=\"timeline-item__meta-content\">Das Kolosseum heute<\/div><\/div><h5 class=\"timeline-item__card-title\">Moderne und zeitgen\u00f6ssische \u00c4ra (20. und 21. Jahrhundert)<\/h5><div class=\"timeline-item__card-desc\">Heute ist das Kolosseum eines der meistbesuchten Denkm\u00e4ler der Welt, eine Ikone der italienischen Kultur und ein Symbol f\u00fcr die Unverw\u00fcstlichkeit der Stadt Rom. Dank seiner imposanten Struktur und seiner faszinierenden Geschichte \u00fcber die Jahrhunderte hinweg inspiriert es weiterhin jedes Jahr Millionen von Menschen. Das Kolosseum ist mehr als nur eine arch\u00e4ologische St\u00e4tte; es ist ein lebendiges Zeugnis der Geschichte, der Kultur und des Einfallsreichtums einer Zivilisation, die den Lauf der Menschheit gepr\u00e4gt hat.\n\nEin Besuch des Kolosseums ist eine Reise durch die Zeit, ein Eintauchen in seine vielen Geschichten, vom Glanz des alten Roms bis zu den Herausforderungen der Moderne. Trotz Zerst\u00f6rung, Erdbeben und jahrhundertelanger Vernachl\u00e4ssigung steht dieses majest\u00e4tische Amphitheater noch immer und ist ein stiller und imposanter Zeuge einer Vergangenheit, die in der Gegenwart weiterlebt.<\/div>\t\t\t\t<\/div>\n\t\t\t\t\t\t<\/div>\n\t\t<div class=\"timeline-item__card-arrow\"><\/div>\n\t<\/div>\n\t<div class=\"timeline-item__point\"><div class=\"timeline-item__point-content timeline-item__point-content--icon\"><span class=\"jet-elements-icon\"><i aria-hidden=\"true\" class=\"fas fa-history\"><\/i><\/span><\/div><\/div><div class=\"timeline-item__meta\"><div class=\"timeline-item__meta-content\">Das Kolosseum heute<\/div><\/div><\/div><\/div><\/div><\/div>\t\t<\/div>\n\t\t\t\t<\/div>\n\t\t\t\t\t<\/div>\n\t\t<\/div>\n\t\t\t\t\t<\/div>\n\t\t<\/section>\n\t\t\t\t<\/div>","protected":false},"excerpt":{"rendered":"<p>Die Geschichte des Kolosseums Es gibt viel zu erz\u00e4hlen \u00fcber die Geschichte des Kolosseums im Laufe der Jahrhunderte, von seiner Errichtung bis zu seiner Zerst\u00f6rung. Ein langer historischer Zeitraum, in dem das Kolosseum viele Male genutzt und restauriert wurde, auf unterschiedliche Weise und mit unterschiedlichen Methoden. Die Geschichten des Kolosseums sind in der Tat vielf\u00e4ltig und kennzeichnen die verschiedenen Epochen der [...]<\/p>","protected":false},"author":1,"featured_media":0,"parent":528,"menu_order":4,"comment_status":"closed","ping_status":"closed","template":"","meta":{"site-sidebar-layout":"no-sidebar","site-content-layout":"page-builder","ast-site-content-layout":"full-width-container","site-content-style":"unboxed","site-sidebar-style":"unboxed","ast-global-header-display":"","ast-banner-title-visibility":"","ast-main-header-display":"","ast-hfb-above-header-display":"","ast-hfb-below-header-display":"","ast-hfb-mobile-header-display":"","site-post-title":"disabled","ast-breadcrumbs-content":"","ast-featured-img":"disabled","footer-sml-layout":"","ast-disable-related-posts":"","theme-transparent-header-meta":"default","adv-header-id-meta":"","stick-header-meta":"","header-above-stick-meta":"","header-main-stick-meta":"","header-below-stick-meta":"","astra-migrate-meta-layouts":"set","ast-page-background-enabled":"default","ast-page-background-meta":{"desktop":{"background-color":"var(--ast-global-color-4)","background-image":"","background-repeat":"repeat","background-position":"center center","background-size":"auto","background-attachment":"scroll","background-type":"","background-media":"","overlay-type":"","overlay-color":"","overlay-opacity":"","overlay-gradient":""},"tablet":{"background-color":"","background-image":"","background-repeat":"repeat","background-position":"center center","background-size":"auto","background-attachment":"scroll","background-type":"","background-media":"","overlay-type":"","overlay-color":"","overlay-opacity":"","overlay-gradient":""},"mobile":{"background-color":"","background-image":"","background-repeat":"repeat","background-position":"center center","background-size":"auto","background-attachment":"scroll","background-type":"","background-media":"","overlay-type":"","overlay-color":"","overlay-opacity":"","overlay-gradient":""}},"ast-content-background-meta":{"desktop":{"background-color":"var(--ast-global-color-5)","background-image":"","background-repeat":"repeat","background-position":"center center","background-size":"auto","background-attachment":"scroll","background-type":"","background-media":"","overlay-type":"","overlay-color":"","overlay-opacity":"","overlay-gradient":""},"tablet":{"background-color":"var(--ast-global-color-5)","background-image":"","background-repeat":"repeat","background-position":"center center","background-size":"auto","background-attachment":"scroll","background-type":"","background-media":"","overlay-type":"","overlay-color":"","overlay-opacity":"","overlay-gradient":""},"mobile":{"background-color":"var(--ast-global-color-5)","background-image":"","background-repeat":"repeat","background-position":"center center","background-size":"auto","background-attachment":"scroll","background-type":"","background-media":"","overlay-type":"","overlay-color":"","overlay-opacity":"","overlay-gradient":""}},"iawp_total_views":5046,"footnotes":""},"class_list":["post-541","page","type-page","status-publish","hentry"],"_links":{"self":[{"href":"https:\/\/colosseo-roma.it\/de\/wp-json\/wp\/v2\/pages\/541","targetHints":{"allow":["GET"]}}],"collection":[{"href":"https:\/\/colosseo-roma.it\/de\/wp-json\/wp\/v2\/pages"}],"about":[{"href":"https:\/\/colosseo-roma.it\/de\/wp-json\/wp\/v2\/types\/page"}],"author":[{"embeddable":true,"href":"https:\/\/colosseo-roma.it\/de\/wp-json\/wp\/v2\/users\/1"}],"replies":[{"embeddable":true,"href":"https:\/\/colosseo-roma.it\/de\/wp-json\/wp\/v2\/comments?post=541"}],"version-history":[{"count":0,"href":"https:\/\/colosseo-roma.it\/de\/wp-json\/wp\/v2\/pages\/541\/revisions"}],"up":[{"embeddable":true,"href":"https:\/\/colosseo-roma.it\/de\/wp-json\/wp\/v2\/pages\/528"}],"wp:attachment":[{"href":"https:\/\/colosseo-roma.it\/de\/wp-json\/wp\/v2\/media?parent=541"}],"curies":[{"name":"wp","href":"https:\/\/api.w.org\/{rel}","templated":true}]}}