{"id":551,"date":"2023-03-28T09:21:21","date_gmt":"2023-03-28T08:21:21","guid":{"rendered":"https:\/\/wordpress-1074717-3818660.cloudwaysapps.com\/?page_id=551"},"modified":"2026-01-26T16:51:32","modified_gmt":"2026-01-26T15:51:32","slug":"pfalzmuseum","status":"publish","type":"page","link":"https:\/\/colosseo-roma.it\/de\/erkunden\/pfalzmuseum\/","title":{"rendered":"Pfalzmuseum"},"content":{"rendered":"<div data-elementor-type=\"wp-page\" data-elementor-id=\"551\" class=\"elementor elementor-551\" data-elementor-post-type=\"page\">\n\t\t\t\t\t\t<section class=\"elementor-section elementor-top-section elementor-element elementor-element-19ebf5d elementor-section-boxed elementor-section-height-default elementor-section-height-default\" data-id=\"19ebf5d\" data-element_type=\"section\" data-settings=\"{&quot;jet_parallax_layout_list&quot;:[],&quot;ekit_has_onepagescroll_dot&quot;:&quot;yes&quot;}\">\n\t\t\t\t\t\t<div class=\"elementor-container elementor-column-gap-default\">\n\t\t\t\t\t<div class=\"elementor-column elementor-col-100 elementor-top-column elementor-element elementor-element-a5b5be8\" data-id=\"a5b5be8\" data-element_type=\"column\" data-settings=\"{&quot;background_background&quot;:&quot;classic&quot;}\">\n\t\t\t<div class=\"elementor-widget-wrap elementor-element-populated\">\n\t\t\t\t\t\t<div class=\"elementor-element elementor-element-3e68570 elementor-widget elementor-widget-heading\" data-id=\"3e68570\" data-element_type=\"widget\" data-settings=\"{&quot;ekit_we_effect_on&quot;:&quot;none&quot;}\" data-widget_type=\"heading.default\">\n\t\t\t\t<div class=\"elementor-widget-container\">\n\t\t\t<h1 class=\"elementor-heading-title elementor-size-default\">Palatin Museum<\/h1>\t\t<\/div>\n\t\t\t\t<\/div>\n\t\t\t\t<div class=\"elementor-element elementor-element-8ed7262 elementor-widget elementor-widget-heading\" data-id=\"8ed7262\" data-element_type=\"widget\" data-settings=\"{&quot;ekit_we_effect_on&quot;:&quot;none&quot;}\" data-widget_type=\"heading.default\">\n\t\t\t\t<div class=\"elementor-widget-container\">\n\t\t\t<h4 class=\"elementor-heading-title elementor-size-default\">Besuchen Sie das Palatinische Museum<\/h4>\t\t<\/div>\n\t\t\t\t<\/div>\n\t\t\t\t<div class=\"elementor-element elementor-element-3d53991 elementor-widget elementor-widget-text-editor\" data-id=\"3d53991\" data-element_type=\"widget\" data-settings=\"{&quot;ekit_we_effect_on&quot;:&quot;none&quot;}\" data-widget_type=\"text-editor.default\">\n\t\t\t\t<div class=\"elementor-widget-container\">\n\t\t\t\t\t\t\t<p>Das Palatin-Museum, das sich im ehemaligen Kloster der Nonnen der Heimsuchung befindet, ist eines der wichtigsten und beeindruckendsten Museen Roms. Das Museum wurde auf dem Palatinh\u00fcgel erbaut und beherbergt zahlreiche arch\u00e4ologische Funde, die die Geschichte der Stadt von den Anf\u00e4ngen Roms bis zur Entstehung des F\u00fcrstentums erz\u00e4hlen.<\/p>\t\t\t\t\t\t<\/div>\n\t\t\t\t<\/div>\n\t\t\t\t<div class=\"elementor-element elementor-element-5af4a50 elementor-widget elementor-widget-text-editor\" data-id=\"5af4a50\" data-element_type=\"widget\" data-settings=\"{&quot;ekit_we_effect_on&quot;:&quot;none&quot;}\" data-widget_type=\"text-editor.default\">\n\t\t\t\t<div class=\"elementor-widget-container\">\n\t\t\t\t\t\t\t<p>Das Museum besteht aus zwei Etagen: Im Erdgeschoss befinden sich die R\u00e4ume, in denen die urspr\u00fcnglichen Strukturen des fr\u00fcheren Domus erhalten sind und in denen die Geschichte des Palatinh\u00fcgels erz\u00e4hlt wird. Im ersten Stock hingegen k\u00f6nnen zahlreiche Ausstellungsst\u00fccke bewundert werden, darunter Exponate aus der Zeit des Augustus, des Kaisers, der das Aussehen des Palatinh\u00fcgels als erster ver\u00e4nderte, sowie Mosaike und wertvolle Gem\u00e4lde aus Neros Domus Transitoria.<\/p><p>Das Museum wurde 1868 auf den \u00dcberresten des Domitianspalastes errichtet und in den 1930er Jahren richtete der Arch\u00e4ologe Alfonso Bartoli das neue Palatinische Antiquarium ein. Dank seiner Initiativen wurde das Museum anl\u00e4sslich des augusteischen Bimilleniums neu eingerichtet und seine Nutzbarkeit, auch dank der Multimedia-Installationen, verbessert.<\/p><p>W\u00e4hrend des Zweiten Weltkriegs wurde ein Gro\u00dfteil des Materials, das bei den zahlreichen Ausgrabungen auf dem Palatinh\u00fcgel seit der zweiten H\u00e4lfte des 19. Nur ein kleiner Teil der Sammlung kehrte schlie\u00dflich nach dem Konflikt in den Palatin zur\u00fcck.<\/p><p>F\u00fcr diejenigen, die etwas \u00fcber die Geschichte Roms und des Palatinh\u00fcgels erfahren m\u00f6chten, bietet das Museum einen sehr interessanten und spannenden Besuch. Die Sch\u00f6nheit der Exponate und die eindrucksvolle Lage des Museums machen den Besuch \u00e4u\u00dferst attraktiv und fesselnd.<\/p>\t\t\t\t\t\t<\/div>\n\t\t\t\t<\/div>\n\t\t\t\t<div class=\"elementor-element elementor-element-2187982 elementor-widget elementor-widget-heading\" data-id=\"2187982\" data-element_type=\"widget\" data-settings=\"{&quot;ekit_we_effect_on&quot;:&quot;none&quot;}\" data-widget_type=\"heading.default\">\n\t\t\t\t<div class=\"elementor-widget-container\">\n\t\t\t<h5 class=\"elementor-heading-title elementor-size-default\">\u00d6ffnungszeiten des Pfalzmuseums:<\/h5>\t\t<\/div>\n\t\t\t\t<\/div>\n\t\t\t\t<div class=\"elementor-element elementor-element-0d1a3ce elementor-widget elementor-widget-text-editor\" data-id=\"0d1a3ce\" data-element_type=\"widget\" data-settings=\"{&quot;ekit_we_effect_on&quot;:&quot;none&quot;}\" data-widget_type=\"text-editor.default\">\n\t\t\t\t<div class=\"elementor-widget-container\">\n\t\t\t\t\t\t\t<p>Das Museum ist von 9.30 Uhr bis 15.30 Uhr ge\u00f6ffnet. Letzter Einlass um 15.00 Uhr.<\/p>\t\t\t\t\t\t<\/div>\n\t\t\t\t<\/div>\n\t\t\t\t<div class=\"elementor-element elementor-element-521910f elementor-widget elementor-widget-heading\" data-id=\"521910f\" data-element_type=\"widget\" data-settings=\"{&quot;ekit_we_effect_on&quot;:&quot;none&quot;}\" data-widget_type=\"heading.default\">\n\t\t\t\t<div class=\"elementor-widget-container\">\n\t\t\t<h5 class=\"elementor-heading-title elementor-size-default\">So erreichen Sie das Pf\u00e4lzische Museum:<\/h5>\t\t<\/div>\n\t\t\t\t<\/div>\n\t\t\t\t<div class=\"elementor-element elementor-element-089a9ea elementor-widget elementor-widget-text-editor\" data-id=\"089a9ea\" data-element_type=\"widget\" data-settings=\"{&quot;ekit_we_effect_on&quot;:&quot;none&quot;}\" data-widget_type=\"text-editor.default\">\n\t\t\t\t<div class=\"elementor-widget-container\">\n\t\t\t\t\t\t\t<p>Metro: Linie B Haltestelle Colosseo<\/p><p>Busse: Nr. 75, 81, 87, 673, 175, 204<\/p><p>Stra\u00dfenbahn: Nr. 3<\/p>\t\t\t\t\t\t<\/div>\n\t\t\t\t<\/div>\n\t\t\t\t<div class=\"elementor-element elementor-element-af008be elementor-widget elementor-widget-heading\" data-id=\"af008be\" data-element_type=\"widget\" data-settings=\"{&quot;ekit_we_effect_on&quot;:&quot;none&quot;}\" data-widget_type=\"heading.default\">\n\t\t\t\t<div class=\"elementor-widget-container\">\n\t\t\t<h5 class=\"elementor-heading-title elementor-size-default\">Wie man dorthin kommt:<\/h5>\t\t<\/div>\n\t\t\t\t<\/div>\n\t\t\t\t<div class=\"elementor-element elementor-element-fa104ab elementor-widget elementor-widget-text-editor\" data-id=\"fa104ab\" data-element_type=\"widget\" data-settings=\"{&quot;ekit_we_effect_on&quot;:&quot;none&quot;}\" data-widget_type=\"text-editor.default\">\n\t\t\t\t<div class=\"elementor-widget-container\">\n\t\t\t\t\t\t\t<p>-Stra\u00dfe: Nr. 3<\/p><p>U-Bahn: Linie B Haltestelle Colosseo<\/p><p>-Busse: Nr. 51, 75, 81, 85, 87, 118<\/p>\t\t\t\t\t\t<\/div>\n\t\t\t\t<\/div>\n\t\t\t\t<div class=\"elementor-element elementor-element-79a3ab9 elementor-widget elementor-widget-spacer\" data-id=\"79a3ab9\" data-element_type=\"widget\" data-settings=\"{&quot;ekit_we_effect_on&quot;:&quot;none&quot;}\" data-widget_type=\"spacer.default\">\n\t\t\t\t<div class=\"elementor-widget-container\">\n\t\t\t\t\t<div class=\"elementor-spacer\">\n\t\t\t<div class=\"elementor-spacer-inner\"><\/div>\n\t\t<\/div>\n\t\t\t\t<\/div>\n\t\t\t\t<\/div>\n\t\t\t\t<div class=\"elementor-element elementor-element-7aa5fc7 elementor-widget elementor-widget-heading\" data-id=\"7aa5fc7\" data-element_type=\"widget\" data-settings=\"{&quot;ekit_we_effect_on&quot;:&quot;none&quot;}\" data-widget_type=\"heading.default\">\n\t\t\t\t<div class=\"elementor-widget-container\">\n\t\t\t<h3 class=\"elementor-heading-title elementor-size-default\">Bewertungen<\/h3>\t\t<\/div>\n\t\t\t\t<\/div>\n\t\t<div class=\"elementor-element elementor-element-df5c899 e-flex e-con-boxed e-con e-parent\" data-id=\"df5c899\" data-element_type=\"container\" data-settings=\"{&quot;jet_parallax_layout_list&quot;:[],&quot;ekit_has_onepagescroll_dot&quot;:&quot;yes&quot;}\">\n\t\t\t\t\t<div class=\"e-con-inner\">\n\t\t\t\t<div class=\"elementor-element elementor-element-39b3c22 elementor-widget elementor-widget-jet-carousel\" data-id=\"39b3c22\" data-element_type=\"widget\" data-settings=\"{&quot;slides_to_show&quot;:&quot;3&quot;,&quot;slides_to_scroll&quot;:&quot;3&quot;,&quot;slides_to_show_tablet&quot;:&quot;2&quot;,&quot;slides_to_show_mobile&quot;:&quot;1&quot;,&quot;slides_to_scroll_tablet&quot;:&quot;2&quot;,&quot;slides_to_scroll_mobile&quot;:&quot;1&quot;,&quot;ekit_we_effect_on&quot;:&quot;none&quot;}\" data-widget_type=\"jet-carousel.default\">\n\t\t\t\t<div class=\"elementor-widget-container\">\n\t\t\t<div class=\"elementor-jet-carousel jet-elements\"><div class=\"jet-carousel-wrap jet-equal-cols\">\n\t<div class=\"jet-carousel\" data-slider_options=\"{&quot;autoplaySpeed&quot;:5000,&quot;autoplay&quot;:true,&quot;infinite&quot;:true,&quot;centerMode&quot;:false,&quot;centerPadding&quot;:&quot;50px&quot;,&quot;pauseOnHover&quot;:false,&quot;speed&quot;:500,&quot;arrows&quot;:true,&quot;dots&quot;:false,&quot;variableWidth&quot;:false,&quot;prevArrow&quot;:&quot;.jet-carousel__prev-arrow-39b3c22&quot;,&quot;nextArrow&quot;:&quot;.jet-carousel__next-arrow-39b3c22&quot;,&quot;rtl&quot;:false,&quot;fractionNav&quot;:false}\" dir=\"ltr\">\n\t<div class=\"elementor-slick-slider\">\n\n<div class=\"jet-carousel__item\">\n\t<div class=\"jet-carousel__item-inner\"><div class=\"jet-carousel__content\"><h5 class=\"jet-carousel__item-title\"><\/h5><div class=\"jet-carousel__item-text\"><p>Das Palatin-Museum war eine echte \u00dcberraschung: Die Anzahl der Exponate ist einfach unglaublich und die erz\u00e4hlte Geschichte ist sehr interessant. Ich kann den Besuch dieses Museums nur empfehlen, wenn man sich f\u00fcr Arch\u00e4ologie und antike Geschichte interessiert.\" - Marco, 35 Jahre alt.<\/p><\/div><\/div><\/div>\n<\/div>\n\n<div class=\"jet-carousel__item\">\n\t<div class=\"jet-carousel__item-inner\"><div class=\"jet-carousel__content\"><h5 class=\"jet-carousel__item-title\"><\/h5><div class=\"jet-carousel__item-text\"><p>Das R\u00f6mische Nationalmuseum ist einer der beeindruckendsten Orte in Rom: Die Atmosph\u00e4re, die durch die S\u00e4le und Ausstellungen entsteht, ist einfach magisch. Au\u00dferdem f\u00fcgen die Multimedia-Installationen eine wichtige technologische Komponente hinzu, die den Besuch noch fesselnder und eindringlicher macht.\" - Sara, 27 Jahre alt.<\/p><\/div><\/div><\/div>\n<\/div>\n\n<div class=\"jet-carousel__item\">\n\t<div class=\"jet-carousel__item-inner\"><div class=\"jet-carousel__content\"><h5 class=\"jet-carousel__item-title\"><\/h5><div class=\"jet-carousel__item-text\"><p>Sehr interessanter Besuch! Besonders gut gefallen hat mir die Abteilung, die der Zeit des Augustus gewidmet ist, mit den zahlreichen Exponaten, die von der Umwandlung des Palatinh\u00fcgels in eine kaiserliche Residenz erz\u00e4hlen. Das Personal ist sehr professionell und hilfsbereit.\" - Giovanni, 43.<\/p><\/div><\/div><\/div>\n<\/div>\n\n<div class=\"jet-carousel__item\">\n\t<div class=\"jet-carousel__item-inner\"><div class=\"jet-carousel__content\"><h5 class=\"jet-carousel__item-title\"><\/h5><div class=\"jet-carousel__item-text\"><p>\"Ich habe das Palatin-Museum mit meiner Familie besucht und ich muss sagen, dass es ein gro\u00dfer Erfolg war: Die Sammlung ist sehr umfangreich und f\u00fcr alle Altersgruppen geeignet. Meine Kinder waren von den Mosaiken und Gem\u00e4lden aus Neros Domus Transitoria begeistert, w\u00e4hrend mir die grafische Rekonstruktion des antiken Roms sehr gut gefallen hat.\" - Maria, 38.<\/p><\/div><\/div><\/div>\n<\/div>\n\n<div class=\"jet-carousel__item\">\n\t<div class=\"jet-carousel__item-inner\"><div class=\"jet-carousel__content\"><h5 class=\"jet-carousel__item-title\"><\/h5><div class=\"jet-carousel__item-text\"><p>\"Das Palatin-Museum ist ein Muss f\u00fcr alle Touristen, die Rom besuchen. Die Sammlung ist sehr interessant und sehr gut zusammengestellt, perfekt f\u00fcr alle, die in die antike r\u00f6mische Geschichte eintauchen wollen. Au\u00dferdem ist die Lage au\u00dfergew\u00f6hnlich, direkt auf dem Palatinh\u00fcgel, von dem aus man einen wunderbaren Blick \u00fcber die Stadt hat.\" - Andrea, 29.<\/p><\/div><\/div><\/div>\n<\/div>\n<\/div><div class=\"jet-carousel__prev-arrow-39b3c22 jet-arrow prev-arrow\"><i aria-hidden=\"true\" class=\"fal fa-chevron-left\"><\/i><\/div><div class=\"jet-carousel__next-arrow-39b3c22 jet-arrow next-arrow\"><i aria-hidden=\"true\" class=\"fal fa-chevron-right\"><\/i><\/div><\/div>\n<\/div>\n<\/div>\t\t<\/div>\n\t\t\t\t<\/div>\n\t\t\t\t\t<\/div>\n\t\t\t\t<\/div>\n\t\t\t\t\t<\/div>\n\t\t<\/div>\n\t\t\t\t\t<\/div>\n\t\t<\/section>\n\t\t\t\t<\/div>","protected":false},"excerpt":{"rendered":"<p>Palatinisches Museum Besuchen Sie das Palatinische Museum Das Palatinische Museum, das sich im ehemaligen Kloster der Nonnen der Heimsuchung befindet, ist eines der wichtigsten und beeindruckendsten Museen Roms. Das auf dem Palatinh\u00fcgel errichtete Museum beherbergt zahlreiche arch\u00e4ologische Funde, die die Geschichte der Stadt von den Anf\u00e4ngen Roms bis zur Entstehung des F\u00fcrstentums erz\u00e4hlen. Das Museum ist [...]<\/p>","protected":false},"author":1,"featured_media":0,"parent":526,"menu_order":7,"comment_status":"closed","ping_status":"closed","template":"","meta":{"site-sidebar-layout":"no-sidebar","site-content-layout":"page-builder","ast-site-content-layout":"full-width-container","site-content-style":"unboxed","site-sidebar-style":"unboxed","ast-global-header-display":"","ast-banner-title-visibility":"","ast-main-header-display":"","ast-hfb-above-header-display":"","ast-hfb-below-header-display":"","ast-hfb-mobile-header-display":"","site-post-title":"disabled","ast-breadcrumbs-content":"","ast-featured-img":"disabled","footer-sml-layout":"","ast-disable-related-posts":"","theme-transparent-header-meta":"default","adv-header-id-meta":"","stick-header-meta":"","header-above-stick-meta":"","header-main-stick-meta":"","header-below-stick-meta":"","astra-migrate-meta-layouts":"default","ast-page-background-enabled":"default","ast-page-background-meta":{"desktop":{"background-color":"var(--ast-global-color-4)","background-image":"","background-repeat":"repeat","background-position":"center center","background-size":"auto","background-attachment":"scroll","background-type":"","background-media":"","overlay-type":"","overlay-color":"","overlay-opacity":"","overlay-gradient":""},"tablet":{"background-color":"","background-image":"","background-repeat":"repeat","background-position":"center center","background-size":"auto","background-attachment":"scroll","background-type":"","background-media":"","overlay-type":"","overlay-color":"","overlay-opacity":"","overlay-gradient":""},"mobile":{"background-color":"","background-image":"","background-repeat":"repeat","background-position":"center center","background-size":"auto","background-attachment":"scroll","background-type":"","background-media":"","overlay-type":"","overlay-color":"","overlay-opacity":"","overlay-gradient":""}},"ast-content-background-meta":{"desktop":{"background-color":"var(--ast-global-color-5)","background-image":"","background-repeat":"repeat","background-position":"center center","background-size":"auto","background-attachment":"scroll","background-type":"","background-media":"","overlay-type":"","overlay-color":"","overlay-opacity":"","overlay-gradient":""},"tablet":{"background-color":"var(--ast-global-color-5)","background-image":"","background-repeat":"repeat","background-position":"center center","background-size":"auto","background-attachment":"scroll","background-type":"","background-media":"","overlay-type":"","overlay-color":"","overlay-opacity":"","overlay-gradient":""},"mobile":{"background-color":"var(--ast-global-color-5)","background-image":"","background-repeat":"repeat","background-position":"center center","background-size":"auto","background-attachment":"scroll","background-type":"","background-media":"","overlay-type":"","overlay-color":"","overlay-opacity":"","overlay-gradient":""}},"iawp_total_views":915,"footnotes":""},"class_list":["post-551","page","type-page","status-publish","hentry"],"_links":{"self":[{"href":"https:\/\/colosseo-roma.it\/de\/wp-json\/wp\/v2\/pages\/551","targetHints":{"allow":["GET"]}}],"collection":[{"href":"https:\/\/colosseo-roma.it\/de\/wp-json\/wp\/v2\/pages"}],"about":[{"href":"https:\/\/colosseo-roma.it\/de\/wp-json\/wp\/v2\/types\/page"}],"author":[{"embeddable":true,"href":"https:\/\/colosseo-roma.it\/de\/wp-json\/wp\/v2\/users\/1"}],"replies":[{"embeddable":true,"href":"https:\/\/colosseo-roma.it\/de\/wp-json\/wp\/v2\/comments?post=551"}],"version-history":[{"count":0,"href":"https:\/\/colosseo-roma.it\/de\/wp-json\/wp\/v2\/pages\/551\/revisions"}],"up":[{"embeddable":true,"href":"https:\/\/colosseo-roma.it\/de\/wp-json\/wp\/v2\/pages\/526"}],"wp:attachment":[{"href":"https:\/\/colosseo-roma.it\/de\/wp-json\/wp\/v2\/media?parent=551"}],"curies":[{"name":"wp","href":"https:\/\/api.w.org\/{rel}","templated":true}]}}