{"id":61,"date":"2023-03-10T11:32:23","date_gmt":"2023-03-10T10:32:23","guid":{"rendered":"https:\/\/wordpress-1074717-3818660.cloudwaysapps.com\/?page_id=61"},"modified":"2026-01-26T16:42:45","modified_gmt":"2026-01-26T15:42:45","slug":"gladiatoren","status":"publish","type":"page","link":"https:\/\/colosseo-roma.it\/de\/romer\/gladiatoren\/","title":{"rendered":"Gladiatoren"},"content":{"rendered":"<div data-elementor-type=\"wp-page\" data-elementor-id=\"61\" class=\"elementor elementor-61\" data-elementor-post-type=\"page\">\n\t\t\t\t\t\t<section class=\"elementor-section elementor-top-section elementor-element elementor-element-492661c elementor-section-boxed elementor-section-height-default elementor-section-height-default\" data-id=\"492661c\" data-element_type=\"section\" data-settings=\"{&quot;jet_parallax_layout_list&quot;:[],&quot;ekit_has_onepagescroll_dot&quot;:&quot;yes&quot;}\">\n\t\t\t\t\t\t<div class=\"elementor-container elementor-column-gap-default\">\n\t\t\t\t\t<div class=\"elementor-column elementor-col-100 elementor-top-column elementor-element elementor-element-e3c653a\" data-id=\"e3c653a\" data-element_type=\"column\">\n\t\t\t<div class=\"elementor-widget-wrap elementor-element-populated\">\n\t\t\t\t\t\t<div class=\"elementor-element elementor-element-ab68d20 elementor-widget elementor-widget-heading\" data-id=\"ab68d20\" data-element_type=\"widget\" data-settings=\"{&quot;ekit_we_effect_on&quot;:&quot;none&quot;}\" data-widget_type=\"heading.default\">\n\t\t\t\t<div class=\"elementor-widget-container\">\n\t\t\t<h1 class=\"elementor-heading-title elementor-size-default\">Der Gladiator<\/h1>\t\t<\/div>\n\t\t\t\t<\/div>\n\t\t\t\t<div class=\"elementor-element elementor-element-1ed1f6a elementor-widget elementor-widget-heading\" data-id=\"1ed1f6a\" data-element_type=\"widget\" data-settings=\"{&quot;ekit_we_effect_on&quot;:&quot;none&quot;}\" data-widget_type=\"heading.default\">\n\t\t\t\t<div class=\"elementor-widget-container\">\n\t\t\t<h5 class=\"elementor-heading-title elementor-size-default\">In den flavischen Amphitheatern fanden am Nachmittag Gladiatorenk\u00e4mpfe statt. Ihr Name stammt von dem Kurzschwert, das sie bei den K\u00e4mpfen verwendeten: dem \"gladius\". Der Gladiator in Rom erlernte die Kunst des Gladiatorenkampfes in \"ludi\", Schulen, die den Gef\u00e4ngnissen im ganzen Reich sehr \u00e4hnlich waren; er schlief in kleinen Zellen, die um den Hof herum angeordnet waren, wo er trainierte.<\/h5>\t\t<\/div>\n\t\t\t\t<\/div>\n\t\t\t\t<div class=\"elementor-element elementor-element-51acbbc elementor-widget elementor-widget-jet-unfold\" data-id=\"51acbbc\" data-element_type=\"widget\" data-settings=\"{&quot;mask_height&quot;:{&quot;unit&quot;:&quot;px&quot;,&quot;size&quot;:50,&quot;sizes&quot;:[]},&quot;mask_height_tablet&quot;:{&quot;unit&quot;:&quot;px&quot;,&quot;size&quot;:&quot;&quot;,&quot;sizes&quot;:[]},&quot;mask_height_mobile&quot;:{&quot;unit&quot;:&quot;px&quot;,&quot;size&quot;:&quot;&quot;,&quot;sizes&quot;:[]},&quot;unfold_duration&quot;:{&quot;unit&quot;:&quot;ms&quot;,&quot;size&quot;:500,&quot;sizes&quot;:[]},&quot;unfold_easing&quot;:&quot;easeOutBack&quot;,&quot;fold_duration&quot;:{&quot;unit&quot;:&quot;ms&quot;,&quot;size&quot;:300,&quot;sizes&quot;:[]},&quot;fold_easing&quot;:&quot;easeOutSine&quot;,&quot;ekit_we_effect_on&quot;:&quot;none&quot;}\" data-widget_type=\"jet-unfold.default\">\n\t\t\t\t<div class=\"elementor-widget-container\">\n\t\t\t\t\t<div class=\"jet-unfold\" data-settings=\"{&quot;height&quot;:{&quot;unit&quot;:&quot;px&quot;,&quot;size&quot;:50,&quot;sizes&quot;:[]},&quot;separatorHeight&quot;:{&quot;unit&quot;:&quot;px&quot;,&quot;size&quot;:10,&quot;sizes&quot;:[]},&quot;unfoldDuration&quot;:{&quot;unit&quot;:&quot;ms&quot;,&quot;size&quot;:500,&quot;sizes&quot;:[]},&quot;foldDuration&quot;:{&quot;unit&quot;:&quot;ms&quot;,&quot;size&quot;:300,&quot;sizes&quot;:[]},&quot;unfoldEasing&quot;:&quot;easeOutBack&quot;,&quot;foldEasing&quot;:&quot;easeOutSine&quot;,&quot;foldScrolling&quot;:&quot;false&quot;,&quot;hideOutsideClick&quot;:&quot;false&quot;,&quot;autoHide&quot;:&quot;false&quot;,&quot;autoHideTime&quot;:&quot;&quot;,&quot;foldScrollOffset&quot;:null}\">\n\t\t\t<div class=\"jet-unfold__inner\">\n\t\t\t\t<div class=\"jet-unfold__mask\">\n\t\t\t\t\t<div class=\"jet-unfold__content\">\n\t\t\t\t\t\t<div class=\"jet-unfold__content-inner elementor-text-editor elementor-clearfix\"><p style=\"text-align: center;\">Die ludi wurden von einem Besitzer (dem lanista) geleitet, einem Ausbilder der Gladiatoren, der absolute Macht \u00fcber sie hatte. In Rom beherbergten die kaiserlichen ludi (die einzigen zugelassenen Schulen) bis zu 2000 M\u00e4nner: den \"ludus matutinus\", in dem die Wildtierj\u00e4ger trainierten, den \"ludus gallicus\", den \"ludus dacicus\" und den \"ludus magnus\".<\/p><p style=\"text-align: center;\">Die Gladiatoren konnten Kriegsgefangene, Kriminelle, Str\u00e4flinge, Sklaven, Verurteilte oder freie M\u00e4nner ohne Zukunft sein; sie konnten unerfahren oder echte Profis sein, vor allem Kriegsgefangene, die nach mehreren bewaffneten Auseinandersetzungen, K\u00e4mpfen, Schlachten und Leiden besonders abgeh\u00e4rtet und wild waren und oft aus fernen L\u00e4ndern wie Thrakien und Deutschland kamen. Diese Charaktere waren am begehrtesten, und da sie keine andere M\u00f6glichkeit hatten, ein anst\u00e4ndiges Leben zu f\u00fchren, stellten sie sich bereitwillig zur Verf\u00fcgung und engagierten sich stark f\u00fcr die gef\u00e4hrliche Karriere des Gladiators.<\/p><p style=\"text-align: center;\">Auch Frauen k\u00e4mpften, aber sie waren sehr selten und daher auch sehr gefragt. Die Popularit\u00e4t des siegreichen Gladiators war wirklich bemerkenswert, das Volk r\u00fchmte ihn und verfolgte die K\u00e4mpfe und Vorf\u00fchrungen mit Leidenschaft, und sein Name wurde ber\u00fchmt.<\/p><p style=\"text-align: center;\">Die Gladiatoren trainierten verschiedene Angriffs- und Verteidigungstechniken mit unterschiedlichen Waffen. Je nach Waffentyp und Technik wurden sie \"cetervari\", \"secutores\", \"reziari\", \"mirmillones\" und \"traces\" genannt.<\/p><p style=\"text-align: center;\">In den K\u00e4mpfen traten immer verschiedene Gladiatorenpaare gegeneinander an; die klassischsten K\u00e4mpfe fanden zwischen den \"reziari\" und den \"mirmilloni\" und zwischen den \"traci\" und den \"secutores\" statt.<\/p><p style=\"text-align: center;\">Der Gladiator, der seinen Gegner besiegt hatte, wandte sich an das Publikum des Amphitheaters, um zu fragen, welches Schicksal die Menge f\u00fcr den Besiegten reservieren wollte, und die Menge entschied sich mit einem Handzeichen f\u00fcr Tod oder Leben: der nach oben gerichtete Daumen, \"mitte\" (sicher), bedeutete, dass er leben sollte, und der nach unten gerichtete Daumen, \"jugula\" (Tod), bedeutete, dass er sterben sollte. Letztendlich war es jedoch der Kaiser oder der Veranstalter des jeweiligen Spektakels, der mit seinem Daumen \u00fcber das Schicksal des besiegten Gladiators entschied.<\/p><p style=\"text-align: center;\">Jeder get\u00f6tete Gladiator kostete den Kaiser oder den Organisator des Spektakels eine sehr hohe Summe, und es war klar, dass sie nicht einfach um ihren Tod baten; wahrscheinlich hing es auch von der starken Nachfrage der Zuschauer ab.<\/p><p style=\"text-align: center;\">Die K\u00e4mpfe der Gladiatoren waren von mythologischen Episoden inspiriert und versuchten, mit immer neuen Spektakeln und Ideen zu konkurrieren, um das Publikum nicht zu erm\u00fcden, und gleichzeitig groteske Situationen zu inszenieren, die das Publikum unterhielten und begeisterten.<\/p><p style=\"text-align: center;\">Die Gladiatoren waren in der Tat Gefangene und konnten nicht entkommen. Sie konnten ihre Freiheit nur zur\u00fcckgewinnen, indem sie in der Arena k\u00e4mpften und darauf hofften, dass eine m\u00e4chtige Person ihren Mut und ihre St\u00e4rke bemerken und beschlie\u00dfen w\u00fcrde, sie zu befreien. Diese Hoffnung war in den Herzen der Gladiatoren und half ihnen, ihr Schicksal besser zu ertragen.<\/p><p style=\"text-align: center;\">Der Gladiator hatte also ein schwieriges und sehr riskantes Leben. Er k\u00e4mpfte f\u00fcr das Leben, die Freiheit und den Ruhm, und das r\u00f6mische Volk sch\u00e4tzte und war fasziniert von der St\u00e4rke und dem Mut des siegreichen Gladiators, der zu einem gro\u00dfen Helden wurde.<\/p><\/div>\n\t\t\t\t\t<\/div>\n\t\t\t\t\t<div class=\"jet-unfold__separator\"><\/div>\n\t\t\t\t<\/div>\n\t\t\t\t<div class=\"jet-unfold__trigger\"><div class=\"jet-unfold__button elementor-button elementor-size-md\" href=\"#\" data-unfold-text=\"Mostra di pi\u00f9\" data-fold-text=\"Mostra meno\" data-fold-icon=\"&lt;i aria-hidden=&quot;true&quot; class=&quot;fas fa-chevron-up&quot;&gt;&lt;\/i&gt;\" data-unfold-icon=\"&lt;i aria-hidden=&quot;true&quot; class=&quot;fas fa-chevron-down&quot;&gt;&lt;\/i&gt;\" tabindex=\"0\" role=\"button\"><span class=\"jet-unfold__button-icon jet-tricks-icon\"><i aria-hidden=\"true\" class=\"fas fa-chevron-down\"><\/i><\/span><span class=\"jet-unfold__button-text\">Mehr anzeigen<\/span><\/div>\t\t\t\t<\/div>\n\t\t\t<\/div>\n\t\t<\/div>\n\t\t\t\t<\/div>\n\t\t\t\t<\/div>\n\t\t\t\t<section data-dce-background-image-url=\"https:\/\/colosseo-roma.it\/wp-content\/uploads\/2023\/03\/rome-3632318_1920-2.jpg\" class=\"elementor-section elementor-inner-section elementor-element elementor-element-66d3a1d elementor-section-height-min-height elementor-section-boxed elementor-section-height-default\" data-id=\"66d3a1d\" data-element_type=\"section\" data-settings=\"{&quot;jet_parallax_layout_list&quot;:[],&quot;background_background&quot;:&quot;classic&quot;,&quot;ekit_has_onepagescroll_dot&quot;:&quot;yes&quot;}\">\n\t\t\t\t\t\t<div class=\"elementor-container elementor-column-gap-default\">\n\t\t\t\t\t<div class=\"elementor-column elementor-col-100 elementor-inner-column elementor-element elementor-element-fe87e41\" data-id=\"fe87e41\" data-element_type=\"column\">\n\t\t\t<div class=\"elementor-widget-wrap\">\n\t\t\t\t\t\t\t<\/div>\n\t\t<\/div>\n\t\t\t\t\t<\/div>\n\t\t<\/section>\n\t\t\t\t<div class=\"elementor-element elementor-element-347d54d elementor-widget elementor-widget-heading\" data-id=\"347d54d\" data-element_type=\"widget\" data-settings=\"{&quot;ekit_we_effect_on&quot;:&quot;none&quot;}\" data-widget_type=\"heading.default\">\n\t\t\t\t<div class=\"elementor-widget-container\">\n\t\t\t<h5 class=\"elementor-heading-title elementor-size-default\">Wer waren die r\u00f6mischen Gladiatoren?<\/h5>\t\t<\/div>\n\t\t\t\t<\/div>\n\t\t\t\t<div class=\"elementor-element elementor-element-4a8b2ba elementor-widget elementor-widget-text-editor\" data-id=\"4a8b2ba\" data-element_type=\"widget\" data-settings=\"{&quot;ekit_we_effect_on&quot;:&quot;none&quot;}\" data-widget_type=\"text-editor.default\">\n\t\t\t\t<div class=\"elementor-widget-container\">\n\t\t\t\t\t\t\t<p>Gladiatoren waren Sklaven, Kriegsgefangene, aber auch freie M\u00e4nner. Man konnte sich auch daf\u00fcr entscheiden, Gladiator zu werden.<\/p><p>Ab dem ersten Jahrhundert v. Chr. wurden neben Kriegsgefangenen auch zahlreiche Sklaven, die sich schwerer Verbrechen schuldig gemacht hatten, gezwungen, Gladiatoren zu werden.<\/p><p>Sie wurden verpflichtet, eine Gladiatorenschule zu besuchen, und in den meisten F\u00e4llen wurde ihr Todesurteil aufgeschoben, aber sie hatten auch die M\u00f6glichkeit der Rehabilitation.<\/p><p>Einigen Gladiatoren gelang es, einen Platz in der Gesellschaft zur\u00fcckzuerobern, indem sie in der Arena k\u00e4mpften und mit ihren Darbietungen Mut und Geschicklichkeit bewiesen, die den Beifall der Zuschauer erregten.<\/p><p>F\u00fcr einige Sklaven waren die Aussichten noch schlimmer; einige wurden zum Tod durch wilde Bestien (ad bestias) verurteilt. Auch B\u00fcrger, die sehr schwere Verbrechen begingen, konnten zu einem grausamen Tod in der Arena durch das Schwert (ad gladium) verurteilt werden, und f\u00fcr andere Sklaven gab es den noch tragischeren Tod durch Kreuzigung (crucifixio).<\/p><p>Die meisten Gladiatoren wurden also zu dieser Rolle gezwungen, aber es fehlte nicht an freien M\u00e4nnern, die freiwillig teilnahmen, weil sie von Risiko und Gewalt fasziniert waren.<\/p><p>Diese M\u00e4nner schlossen einen Vertrag f\u00fcr einen bestimmten Zeitraum ab und gingen in die Gladiatorenschulen, um sich auf die K\u00e4mpfe vorzubereiten.<\/p><p>Viele taten es wegen des Geldes, andere, weil sie von den starken Emotionen, die sie w\u00e4hrend der K\u00e4mpfe erlebten, angezogen wurden, wieder andere, um einen Zustand gro\u00dfer Armut hinter sich zu lassen, der es ihnen sehr schwer machte, zu leben und einen w\u00fcrdigen Platz in der Gesellschaft zu finden.<\/p><p>Die meisten freien B\u00fcrger, die sich meldeten, waren entlassene Soldaten, die sich nach so viel Gewalt nicht mehr in das normale Stadtleben integrieren konnten.<\/p><p>Es kam auch vor, dass die S\u00f6hne von Rittern und Senatoren als Freiwillige in der Arena k\u00e4mpften, vielleicht eine Zeit lang und mit weniger gef\u00e4hrlichen Waffen, wahrscheinlich um etwas zu beweisen oder um ihr Leben in irgendeiner Weise zu ver\u00e4ndern.<\/p><p>Einige Aristokraten k\u00e4mpften auch in der Arena, ohne die Ausbildung der Gladiatorenschulen zu absolvieren. Senatoren und Ritter wurden vor\u00fcbergehend Gladiatoren, entweder aus Spa\u00df oder weil sie vom Kaiser dazu gezwungen wurden, der ihnen etwas berechnen wollte.<\/p><p>Offenbar konnten sogar die Kaiser selbst dem Reiz der K\u00e4mpfe im Kolosseum nicht widerstehen.<\/p><p>Einige von ihnen, wie Titus, Hadrian, Caligula und der ber\u00fchmte Kom\u00f6diant, der sich regelm\u00e4\u00dfig als Gladiator verkleidete, traten in der Arena auf.<\/p><p>Praktischerweise scheint es ein echtes Hobby gewesen zu sein, eine Art Spiel und Unterhaltung, und es ist klar, dass kein Gladiator es jemals gewagt h\u00e4tte, seinem Kaiser etwas anzutun...<\/p>\t\t\t\t\t\t<\/div>\n\t\t\t\t<\/div>\n\t\t\t\t<section data-dce-background-image-url=\"https:\/\/colosseo-roma.it\/wp-content\/uploads\/2023\/03\/colosseum-75003_1920.jpg\" class=\"elementor-section elementor-inner-section elementor-element elementor-element-e433b2f elementor-section-height-min-height elementor-section-boxed elementor-section-height-default\" data-id=\"e433b2f\" data-element_type=\"section\" data-settings=\"{&quot;jet_parallax_layout_list&quot;:[],&quot;background_background&quot;:&quot;classic&quot;,&quot;ekit_has_onepagescroll_dot&quot;:&quot;yes&quot;}\">\n\t\t\t\t\t\t<div class=\"elementor-container elementor-column-gap-default\">\n\t\t\t\t\t<div class=\"elementor-column elementor-col-100 elementor-inner-column elementor-element elementor-element-9e57a8c\" data-id=\"9e57a8c\" data-element_type=\"column\">\n\t\t\t<div class=\"elementor-widget-wrap\">\n\t\t\t\t\t\t\t<\/div>\n\t\t<\/div>\n\t\t\t\t\t<\/div>\n\t\t<\/section>\n\t\t\t\t<div class=\"elementor-element elementor-element-4820706 elementor-widget elementor-widget-heading\" data-id=\"4820706\" data-element_type=\"widget\" data-settings=\"{&quot;ekit_we_effect_on&quot;:&quot;none&quot;}\" data-widget_type=\"heading.default\">\n\t\t\t\t<div class=\"elementor-widget-container\">\n\t\t\t<h5 class=\"elementor-heading-title elementor-size-default\">Lebenserwartung der Gladiatoren von Rom<\/h5>\t\t<\/div>\n\t\t\t\t<\/div>\n\t\t\t\t<div class=\"elementor-element elementor-element-95a5248 elementor-widget elementor-widget-text-editor\" data-id=\"95a5248\" data-element_type=\"widget\" data-settings=\"{&quot;ekit_we_effect_on&quot;:&quot;none&quot;}\" data-widget_type=\"text-editor.default\">\n\t\t\t\t<div class=\"elementor-widget-container\">\n\t\t\t\t\t\t\t<p>Welche Lebenserwartung hatten die Gladiatoren? Unter welchen Bedingungen standen sie in der Arena? Wie konnte ein Kampf f\u00fcr einen Gladiator in der Arena enden?<\/p><p>Streit mit Kollegen und Freunden.<\/p><p>Ein Gladiatorenkampf in der Arena konnte auf f\u00fcnf verschiedene Arten enden: Der Gladiator konnte gewinnen oder get\u00f6tet werden, er konnte vom Volk oder vom Kaiser hingerichtet werden, nachdem er sich ergeben hatte, er konnte die Arena durch Gnade lebend verlassen und wenn der Kampf unentschieden endete, konnte er zusammen mit seinem Gegner gehen.<\/p><p>Wenn sich ein Gladiator einem Kampf stellte, wusste er, dass die Wahrscheinlichkeit, sowohl in der Arena als auch an seinen Verletzungen zu sterben, recht hoch war. Gladiatoren, die sich heldenhaft verhielten, hatten eine h\u00f6here Wahrscheinlichkeit, vom Volk begnadigt zu werden.<\/p><p>Viele Gladiatoren starben schon nach einem einzigen Kampf.<\/p><p>Wenn ich versuche, mir den Geisteszustand der Gladiatoren vorzustellen, w\u00e4hrend sie trainierten, die Schulen und den Ort, an dem sie lebten, teilten, f\u00e4llt es vielen von ihnen wahrscheinlich schwer, ein Wort mit dem Freund zu wechseln, der in der Arena zum Feind wird, dem sie gegen\u00fcberstehen und vielleicht get\u00f6tet werden oder von dem sie get\u00f6tet werden.<\/p><p>Der Stress, dem die Gladiatoren tagt\u00e4glich ausgesetzt waren, war sicherlich kein Zuckerschlecken, und die Lebensbedingungen waren alles andere als einfach, insbesondere f\u00fcr diejenigen, die keinen guten Ruf hatten und als mittelm\u00e4\u00dfige K\u00e4mpfer galten.<\/p><p>In der Tat scheinen viele Gladiatoren, insbesondere neue Rekruten, oft versucht zu haben, zu entkommen. Es scheint auch, dass viele der Gladiatoren, die nicht als Helden und gro\u00dfe K\u00e4mpfer galten und ein sehr schwieriges Alltagsleben f\u00fchrten, den Selbstmord der Dem\u00fctigung und dem ehrlosen Tod, der ihnen in der Arena drohte, vorzogen.<\/p>\t\t\t\t\t\t<\/div>\n\t\t\t\t<\/div>\n\t\t\t\t<section data-dce-background-image-url=\"https:\/\/colosseo-roma.it\/wp-content\/uploads\/2023\/03\/rome-173469_1920.jpg\" class=\"elementor-section elementor-inner-section elementor-element elementor-element-242c095 elementor-section-height-min-height elementor-section-boxed elementor-section-height-default\" data-id=\"242c095\" data-element_type=\"section\" data-settings=\"{&quot;jet_parallax_layout_list&quot;:[],&quot;background_background&quot;:&quot;classic&quot;,&quot;ekit_has_onepagescroll_dot&quot;:&quot;yes&quot;}\">\n\t\t\t\t\t\t<div class=\"elementor-container elementor-column-gap-default\">\n\t\t\t\t\t<div class=\"elementor-column elementor-col-100 elementor-inner-column elementor-element elementor-element-65b01bc\" data-id=\"65b01bc\" data-element_type=\"column\">\n\t\t\t<div class=\"elementor-widget-wrap\">\n\t\t\t\t\t\t\t<\/div>\n\t\t<\/div>\n\t\t\t\t\t<\/div>\n\t\t<\/section>\n\t\t\t\t<div class=\"elementor-element elementor-element-48304c1 elementor-widget elementor-widget-heading\" data-id=\"48304c1\" data-element_type=\"widget\" data-settings=\"{&quot;ekit_we_effect_on&quot;:&quot;none&quot;}\" data-widget_type=\"heading.default\">\n\t\t\t\t<div class=\"elementor-widget-container\">\n\t\t\t<h5 class=\"elementor-heading-title elementor-size-default\">Ursprung der Gladiatorenk\u00e4mpfe oder Gladiatorenspiele<\/h5>\t\t<\/div>\n\t\t\t\t<\/div>\n\t\t\t\t<div class=\"elementor-element elementor-element-d6becbf elementor-widget elementor-widget-text-editor\" data-id=\"d6becbf\" data-element_type=\"widget\" data-settings=\"{&quot;ekit_we_effect_on&quot;:&quot;none&quot;}\" data-widget_type=\"text-editor.default\">\n\t\t\t\t<div class=\"elementor-widget-container\">\n\t\t\t\t\t\t\t<p>Wie begannen die Gladiatorenk\u00e4mpfe oder Gladiatorenspiele? Wann wurden Gladiatorenk\u00e4mpfe abgehalten?<\/p><p>Gladiatorenk\u00e4mpfe und der Totenkult.<\/p><p>Die Gladiatorenk\u00e4mpfe (munera) haben ihren Ursprung im Totenkult. Schon in Homers Ilias wird berichtet, dass zu Ehren des verstorbenen Helden Patroklos Begr\u00e4bnisspiele abgehalten und daf\u00fcr Gefangene geopfert wurden, die gegeneinander bis zum Tod k\u00e4mpfen mussten. Mit diesen Opfern, so glaubte man, k\u00f6nne der Geist des Verstorbenen Frieden finden, echte magische Riten<\/p><p>Es scheint, dass die ersten r\u00f6mischen ludi auf die Zeit von Tarquinius Priscus zur\u00fcckgehen, als Rom unter dem Einfluss der Etrusker stand, aber Gladiatorenk\u00e4mpfe kamen erst viel sp\u00e4ter auf.<\/p><p>Im Jahr 264 v. Chr. fand der erste Gladiatorenkampf zu Ehren des zehnten Junius Brutus Pera w\u00e4hrend der Begr\u00e4bnisfeierlichkeiten statt.<\/p><p>Bald wurden Gladiatorenk\u00e4mpfe zu einem wichtigen Bestandteil der Begr\u00e4bniszeremonien r\u00f6mischer Adliger, aber auch zu besonderen Ereignissen und Festen des r\u00f6mischen Lebens.<\/p><p>\"[...] die inferiae sind die Opfer f\u00fcr die Toten, die dem Reich der Toten dargebracht werden. Zweifellos war es \u00fcblich, Kriegsgefangene vor den Gr\u00e4bern tapferer M\u00e4nner zu t\u00f6ten: Da dieser Brauch grausam erschien, schien es angebracht, Gladiatoren, bustuarii genannt, von der busta [...], vor den Gr\u00e4bern k\u00e4mpfen zu lassen.<\/p><p>(Kommentare in vergili aeneidos, Buch x, 519)<\/p><p>Zu den Gladiatorenk\u00e4mpfen, Hinrichtungen und Jagdvorf\u00fchrungen mit wilden Tieren kamen ab 186 v. Chr. auch Trag\u00f6dien und Kom\u00f6dien hinzu. Auch griechische Berufssportler begannen, in Rom aufzutreten.<\/p><p>Ein weiteres gro\u00dfes Spektakel war das Wagenrennen, bei dem derjenige, der als Erster mit dem von vier Pferden gezogenen Wagen die Ziellinie \u00fcberquerte, beim r\u00f6mischen Volk gro\u00dfen Ruhm erlangte.<\/p><p>Doch trotz der Vielfalt der Spektakel waren die Gladiatorenk\u00e4mpfe, die von vom Volk gew\u00e4hlten Beamten organisiert wurden, stets der Favorit.<\/p><p>Um jemand zu werden und von den Menschen gesch\u00e4tzt zu werden, musste man ein unvergessliches Spektakel mit verschiedenen aufwendigen und teuren Unterhaltungsangeboten schaffen.<\/p>\t\t\t\t\t\t<\/div>\n\t\t\t\t<\/div>\n\t\t\t\t\t<\/div>\n\t\t<\/div>\n\t\t\t\t\t<\/div>\n\t\t<\/section>\n\t\t\t\t<\/div>","protected":false},"excerpt":{"rendered":"<p>Der Gladiator In den flavischen Amphitheatern fanden am Nachmittag Gladiatorenk\u00e4mpfe statt. Ihr Name leitet sich von dem Kurzschwert ab, das sie bei den K\u00e4mpfen benutzten: dem \"gladius\". Der r\u00f6mische Gladiator erlernte die Kunst des Gladiatorenkampfes in \"ludi\", Schulen, die den Gef\u00e4ngnissen im ganzen Reich sehr \u00e4hnlich waren; er schlief in kleinen Zellen, die [...].<\/p>","protected":false},"author":1,"featured_media":0,"parent":556,"menu_order":2,"comment_status":"closed","ping_status":"closed","template":"","meta":{"site-sidebar-layout":"no-sidebar","site-content-layout":"page-builder","ast-site-content-layout":"full-width-container","site-content-style":"unboxed","site-sidebar-style":"unboxed","ast-global-header-display":"","ast-banner-title-visibility":"","ast-main-header-display":"","ast-hfb-above-header-display":"","ast-hfb-below-header-display":"","ast-hfb-mobile-header-display":"","site-post-title":"disabled","ast-breadcrumbs-content":"","ast-featured-img":"disabled","footer-sml-layout":"","ast-disable-related-posts":"","theme-transparent-header-meta":"default","adv-header-id-meta":"","stick-header-meta":"","header-above-stick-meta":"","header-main-stick-meta":"","header-below-stick-meta":"","astra-migrate-meta-layouts":"set","ast-page-background-enabled":"default","ast-page-background-meta":{"desktop":{"background-color":"var(--ast-global-color-4)","background-image":"","background-repeat":"repeat","background-position":"center center","background-size":"auto","background-attachment":"scroll","background-type":"","background-media":"","overlay-type":"","overlay-color":"","overlay-opacity":"","overlay-gradient":""},"tablet":{"background-color":"","background-image":"","background-repeat":"repeat","background-position":"center center","background-size":"auto","background-attachment":"scroll","background-type":"","background-media":"","overlay-type":"","overlay-color":"","overlay-opacity":"","overlay-gradient":""},"mobile":{"background-color":"","background-image":"","background-repeat":"repeat","background-position":"center center","background-size":"auto","background-attachment":"scroll","background-type":"","background-media":"","overlay-type":"","overlay-color":"","overlay-opacity":"","overlay-gradient":""}},"ast-content-background-meta":{"desktop":{"background-color":"var(--ast-global-color-5)","background-image":"","background-repeat":"repeat","background-position":"center center","background-size":"auto","background-attachment":"scroll","background-type":"","background-media":"","overlay-type":"","overlay-color":"","overlay-opacity":"","overlay-gradient":""},"tablet":{"background-color":"var(--ast-global-color-5)","background-image":"","background-repeat":"repeat","background-position":"center center","background-size":"auto","background-attachment":"scroll","background-type":"","background-media":"","overlay-type":"","overlay-color":"","overlay-opacity":"","overlay-gradient":""},"mobile":{"background-color":"var(--ast-global-color-5)","background-image":"","background-repeat":"repeat","background-position":"center center","background-size":"auto","background-attachment":"scroll","background-type":"","background-media":"","overlay-type":"","overlay-color":"","overlay-opacity":"","overlay-gradient":""}},"iawp_total_views":3061,"footnotes":""},"class_list":["post-61","page","type-page","status-publish","hentry"],"_links":{"self":[{"href":"https:\/\/colosseo-roma.it\/de\/wp-json\/wp\/v2\/pages\/61","targetHints":{"allow":["GET"]}}],"collection":[{"href":"https:\/\/colosseo-roma.it\/de\/wp-json\/wp\/v2\/pages"}],"about":[{"href":"https:\/\/colosseo-roma.it\/de\/wp-json\/wp\/v2\/types\/page"}],"author":[{"embeddable":true,"href":"https:\/\/colosseo-roma.it\/de\/wp-json\/wp\/v2\/users\/1"}],"replies":[{"embeddable":true,"href":"https:\/\/colosseo-roma.it\/de\/wp-json\/wp\/v2\/comments?post=61"}],"version-history":[{"count":0,"href":"https:\/\/colosseo-roma.it\/de\/wp-json\/wp\/v2\/pages\/61\/revisions"}],"up":[{"embeddable":true,"href":"https:\/\/colosseo-roma.it\/de\/wp-json\/wp\/v2\/pages\/556"}],"wp:attachment":[{"href":"https:\/\/colosseo-roma.it\/de\/wp-json\/wp\/v2\/media?parent=61"}],"curies":[{"name":"wp","href":"https:\/\/api.w.org\/{rel}","templated":true}]}}