{"id":65,"date":"2023-03-10T11:33:02","date_gmt":"2023-03-10T10:33:02","guid":{"rendered":"https:\/\/wordpress-1074717-3818660.cloudwaysapps.com\/?page_id=65"},"modified":"2026-01-26T16:51:30","modified_gmt":"2026-01-26T15:51:30","slug":"konstantinbogen","status":"publish","type":"page","link":"https:\/\/colosseo-roma.it\/de\/erkunden\/konstantinbogen\/","title":{"rendered":"Konstantinbogen"},"content":{"rendered":"<div data-elementor-type=\"wp-page\" data-elementor-id=\"65\" class=\"elementor elementor-65\" data-elementor-post-type=\"page\">\n\t\t\t\t\t\t<section class=\"elementor-section elementor-top-section elementor-element elementor-element-8ca547d elementor-section-boxed elementor-section-height-default elementor-section-height-default\" data-id=\"8ca547d\" data-element_type=\"section\" data-settings=\"{&quot;jet_parallax_layout_list&quot;:[],&quot;ekit_has_onepagescroll_dot&quot;:&quot;yes&quot;}\">\n\t\t\t\t\t\t<div class=\"elementor-container elementor-column-gap-default\">\n\t\t\t\t\t<div class=\"elementor-column elementor-col-100 elementor-top-column elementor-element elementor-element-0fd28ff\" data-id=\"0fd28ff\" data-element_type=\"column\" data-settings=\"{&quot;background_background&quot;:&quot;classic&quot;}\">\n\t\t\t<div class=\"elementor-widget-wrap elementor-element-populated\">\n\t\t\t\t\t\t<div class=\"elementor-element elementor-element-6dde05d elementor-widget elementor-widget-heading\" data-id=\"6dde05d\" data-element_type=\"widget\" data-settings=\"{&quot;ekit_we_effect_on&quot;:&quot;none&quot;}\" data-widget_type=\"heading.default\">\n\t\t\t\t<div class=\"elementor-widget-container\">\n\t\t\t<h1 class=\"elementor-heading-title elementor-size-default\">Konstantinbogen<\/h1>\t\t<\/div>\n\t\t\t\t<\/div>\n\t\t\t\t<div class=\"elementor-element elementor-element-6b61970 elementor-widget elementor-widget-heading\" data-id=\"6b61970\" data-element_type=\"widget\" data-settings=\"{&quot;ekit_we_effect_on&quot;:&quot;none&quot;}\" data-widget_type=\"heading.default\">\n\t\t\t\t<div class=\"elementor-widget-container\">\n\t\t\t<div class=\"elementor-heading-title elementor-size-default\">Der Konstantinbogen ist der majest\u00e4tischste Triumphbogen Roms, der gr\u00f6\u00dfte und reichste Ehrenbogen, der bis in unsere Zeit \u00fcberliefert ist.\n\n<\/div>\t\t<\/div>\n\t\t\t\t<\/div>\n\t\t\t\t<div class=\"elementor-element elementor-element-856975f elementor-widget elementor-widget-jet-unfold\" data-id=\"856975f\" data-element_type=\"widget\" data-settings=\"{&quot;mask_height&quot;:{&quot;unit&quot;:&quot;px&quot;,&quot;size&quot;:57,&quot;sizes&quot;:[]},&quot;mask_height_tablet&quot;:{&quot;unit&quot;:&quot;px&quot;,&quot;size&quot;:53,&quot;sizes&quot;:[]},&quot;mask_height_mobile&quot;:{&quot;unit&quot;:&quot;px&quot;,&quot;size&quot;:100,&quot;sizes&quot;:[]},&quot;unfold_duration&quot;:{&quot;unit&quot;:&quot;ms&quot;,&quot;size&quot;:500,&quot;sizes&quot;:[]},&quot;unfold_easing&quot;:&quot;easeOutBack&quot;,&quot;fold_duration&quot;:{&quot;unit&quot;:&quot;ms&quot;,&quot;size&quot;:300,&quot;sizes&quot;:[]},&quot;fold_easing&quot;:&quot;easeOutSine&quot;,&quot;ekit_we_effect_on&quot;:&quot;none&quot;}\" data-widget_type=\"jet-unfold.default\">\n\t\t\t\t<div class=\"elementor-widget-container\">\n\t\t\t\t\t<div class=\"jet-unfold\" data-settings=\"{&quot;height&quot;:{&quot;unit&quot;:&quot;px&quot;,&quot;size&quot;:57,&quot;sizes&quot;:[]},&quot;separatorHeight&quot;:{&quot;unit&quot;:&quot;px&quot;,&quot;size&quot;:&quot;&quot;,&quot;sizes&quot;:[]},&quot;unfoldDuration&quot;:{&quot;unit&quot;:&quot;ms&quot;,&quot;size&quot;:500,&quot;sizes&quot;:[]},&quot;foldDuration&quot;:{&quot;unit&quot;:&quot;ms&quot;,&quot;size&quot;:300,&quot;sizes&quot;:[]},&quot;unfoldEasing&quot;:&quot;easeOutBack&quot;,&quot;foldEasing&quot;:&quot;easeOutSine&quot;,&quot;foldScrolling&quot;:&quot;false&quot;,&quot;hideOutsideClick&quot;:&quot;false&quot;,&quot;autoHide&quot;:&quot;false&quot;,&quot;autoHideTime&quot;:&quot;&quot;,&quot;foldScrollOffset&quot;:null}\">\n\t\t\t<div class=\"jet-unfold__inner\">\n\t\t\t\t<div class=\"jet-unfold__mask\">\n\t\t\t\t\t<div class=\"jet-unfold__content\">\n\t\t\t\t\t\t<div class=\"jet-unfold__content-inner elementor-text-editor elementor-clearfix\"><p>Ein Triumphbogen reich an Skulpturen. Der Konstantinsbogen ist der gr\u00f6\u00dfte Ehrenbogen, der bis in unsere Zeit \u00fcberliefert ist. Er befindet sich zwischen dem Kolosseum und dem Titusbogen an der r\u00f6mischen Stra\u00dfe, die f\u00fcr Triumphz\u00fcge genutzt wurde und zum kapitolinischen Jupitertempel f\u00fchrte.<\/p><p>Der Bogen feiert den Sieg des r\u00f6mischen Kaisers Konstantin \u00fcber Maxentius nach der Schlacht an der Milvischen Br\u00fccke am 28. Oktober 312 n. Chr. und den zehnten Jahrestag seiner Herrschaft (315 n. Chr.).<\/p><p>Der Konstantinsbogen steht in einer langen r\u00f6mischen Tradition der Darstellung des Triumphs in der Schlacht. Die Kunst der Repr\u00e4sentation wurde in Rom nach bestimmten Regeln gestaltet, die manchmal autonom von der Ph\u00e4nomenologie der historischen Ereignisse ausgingen, aber auch stark mit ihr interagierten. Rostratens\u00e4ulen, Reiterdenkm\u00e4ler, Bilder von Siegen und Troph\u00e4en, besiegten Feinden und g\u00f6ttlichen Statuen schm\u00fcckten ab dem Ende des 4. Jahrhunderts v. Chr. den Kapitolsh\u00fcgel, das Forum und dann alle wichtigen politischen R\u00e4ume und Tempel Roms und bildeten die ersten Spuren eines Genres, das eine lange Lebensdauer haben sollte.<\/p><p>\u00dcber dem Fornix, in der Mitte der beiden Seiten des Dachbodens, befindet sich die Inschrift:<\/p><p>Imp - caes - fl - constantino - maximo - p - f - avgusto - s - p - q - r - qvod - instinctv - divinatatis - mentis - magnitvdine - cvm - exercitv - svo - tam - de - tyranno - qvam - de - omni - eivs - factione - vno - tempore - ivstis - rem-publicam - vltvs - est - armis - arcvm - trivmphis - insignem - dicavit -<\/p><p>\u00dcbersetzung:<\/p><p>\"Dem Kaiser Caesar Flavius Constantin Maximus, dem frommen, gl\u00fccklichen, augustus, dem Senat und dem Volk von Rom, weil er durch Eingebung der Gottheit und durch die Gr\u00f6\u00dfe seines Geistes mit seinem Heer den Staat an einem Tyrannen und an seiner ganzen Fraktion mit gerechten Waffen ger\u00e4cht hat, ist dieser hervorragende Triumphbogen gewidmet.\"<\/p><p>Der Konstantinsbogen besteht aus drei B\u00f6gen mit einem gr\u00f6\u00dferen zentralen und zwei kleineren seitlichen Durchg\u00e4ngen.<\/p><p>Das Gew\u00f6lbe besteht aus einem Marmorquadrat in den Pfeilern, w\u00e4hrend das zug\u00e4ngliche Dachgeschoss aus Betonmauerwerk besteht und au\u00dfen mit Marmorbl\u00f6cken verkleidet ist.<\/p><p>Der Konstantinsbogen ist mit Reliefs aus Marmorplatten verziert, die aus \u00e4lteren Monumenten stammen. Tats\u00e4chlich ist der gesamte Bogen haupts\u00e4chlich mit Skulpturen fr\u00fcherer Monumente aus der Zeit von Trajan, Hadrian und Comicus verziert.<\/p><p>Andere Elemente wie Gesimse, Kapitelle und S\u00e4ulen wurden ebenfalls wiederverwendet.<\/p><p>Die Dekoration mit Reliefplatten aus Marmor wurde in der konstantinischen Zeit nach einem einheitlichen Entwurf konzipiert und realisiert, wobei haupts\u00e4chlich Materialien anderer kaiserlicher Monumente verwendet wurden. Auf den Hauptfl\u00e4chen des Bogens und an den Seiten wechseln sich Reliefs aus der Zeit Trajans, Hadrians, Mark Aurels und schlie\u00dflich, im unteren Teil, aus der Zeit Konstantins in symmetrischen Mustern ab. Alle Gesichter der Kaiser, die auf den Reliefs zu sehen sind, wurden nach dem Vorbild Konstantins umgestaltet, wobei der Nimbus seine kaiserliche Majest\u00e4t symbolisiert.<\/p><p>Dem Bogen wird von modernen Kritikern die Funktion zugeschrieben, die Ver\u00e4nderungen der konstantinischen \u00c4ra in monumentaler Form zusammenzufassen. Sowohl in den ikonografischen Details des Figurenprogramms als auch in der gro\u00dfen Inschrift, die in gleicher Weise auf der Attika beider Fassaden erscheint, werden Anhaltspunkte gesucht, um die Ereignisse des Jahres 312 zu rekonstruieren und die Symbole der fr\u00fchen Bekehrung Konstantins und die Ablehnung der traditionellen Himmelfahrt des Kaisers als Schlussszene des Triumphes im kapitolinischen Jupitertempel zu identifizieren. Das Monument weist eine bewusste bildliche Mehrdeutigkeit auf, die die Umsetzung eines Kompromisses zwischen dem christlichen Glauben des Kaisers und den Br\u00e4uchen des heidnischen Roms widerspiegelt.<\/p><p>Einschlie\u00dflich des Dachgeschosses ist das Monument 25 Meter hoch.<\/p><p>Insgesamt kann der Konstantinbogen als eine Art Museum der offiziellen r\u00f6mischen Skulptur betrachtet werden, da er wertvolle \"St\u00fccke\" aus verschiedenen Epochen versammelt, die zu verschiedenen wichtigen Monumenten geh\u00f6ren.<\/p><p>Generell gilt er als Roms Triumphbogen schlechthin und ist als Triumphbogen neben dem Kolosseum zu einem der von Touristen am meisten verewigten symbolischen Orte geworden.<\/p><\/div>\n\t\t\t\t\t<\/div>\n\t\t\t\t\t<div class=\"jet-unfold__separator\"><\/div>\n\t\t\t\t<\/div>\n\t\t\t\t<div class=\"jet-unfold__trigger\"><div class=\"jet-unfold__button elementor-button elementor-size-md\" href=\"#\" data-unfold-text=\"Mostra di pi\u00f9\" data-fold-text=\"Mostra meno\" data-fold-icon=\"&lt;i aria-hidden=&quot;true&quot; class=&quot;fas fa-chevron-up&quot;&gt;&lt;\/i&gt;\" data-unfold-icon=\"&lt;i aria-hidden=&quot;true&quot; class=&quot;fas fa-chevron-down&quot;&gt;&lt;\/i&gt;\" tabindex=\"0\" role=\"button\"><span class=\"jet-unfold__button-icon jet-tricks-icon\"><i aria-hidden=\"true\" class=\"fas fa-chevron-down\"><\/i><\/span><span class=\"jet-unfold__button-text\">Mehr anzeigen<\/span><\/div>\t\t\t\t<\/div>\n\t\t\t<\/div>\n\t\t<\/div>\n\t\t\t\t<\/div>\n\t\t\t\t<\/div>\n\t\t\t\t<section data-dce-background-image-url=\"https:\/\/colosseo-roma.it\/wp-content\/uploads\/2023\/03\/the-colosseum-2182367_1920.jpg\" class=\"elementor-section elementor-inner-section elementor-element elementor-element-4862c94 elementor-section-height-min-height elementor-section-boxed elementor-section-height-default\" data-id=\"4862c94\" data-element_type=\"section\" data-settings=\"{&quot;jet_parallax_layout_list&quot;:[],&quot;background_background&quot;:&quot;classic&quot;,&quot;ekit_has_onepagescroll_dot&quot;:&quot;yes&quot;}\">\n\t\t\t\t\t\t<div class=\"elementor-container elementor-column-gap-default\">\n\t\t\t\t\t<div class=\"elementor-column elementor-col-100 elementor-inner-column elementor-element elementor-element-8062a60\" data-id=\"8062a60\" data-element_type=\"column\">\n\t\t\t<div class=\"elementor-widget-wrap\">\n\t\t\t\t\t\t\t<\/div>\n\t\t<\/div>\n\t\t\t\t\t<\/div>\n\t\t<\/section>\n\t\t\t\t<div class=\"elementor-element elementor-element-8b7478e elementor-widget elementor-widget-text-editor\" data-id=\"8b7478e\" data-element_type=\"widget\" data-settings=\"{&quot;ekit_we_effect_on&quot;:&quot;none&quot;}\" data-widget_type=\"text-editor.default\">\n\t\t\t\t<div class=\"elementor-widget-container\">\n\t\t\t\t\t\t\t<p>Es handelt sich um einen Triumphbogen, der an die Einnahme Jerusalems durch Titus im Jahre 70 n. Chr. erinnert. Der Bogen ist mit einem einzigen Fornix und in opus quadratum aus pentelischem Marmor gebaut, der innere Kern ist aus Beton und der Sockel aus Travertin.<\/p><p>Es wird von zusammengesetzten Halbs\u00e4ulen flankiert, die in der Mitte mit kannelierten Sch\u00e4ften und an den Ecken mit glatten Sch\u00e4ften versehen sind. \u00dcber den S\u00e4ulen ruht ein Geb\u00e4lk mit einem ionischen Epistyl, das ein Opfer darstellt, einem gezahnten Gesims und Kragsteinen, das Ganze wird von einer hohen Attika \u00fcberragt.<\/p><p>Im Gew\u00f6lbe kann man eine sch\u00f6ne Kassettendekoration mit einem Adler in der Mitte bewundern, der den verg\u00f6ttlichten Titus nach seinem Tod in den Himmel tr\u00e4gt. Die beiden Reliefs an den Innenw\u00e4nden stellen triumphale Momente des Sieges \u00fcber die Juden dar.<\/p><p>Auf der S\u00fcdseite ist die Darstellung der Prozession zu sehen, die durch das Triumphtor zieht, wobei die Tr\u00e4ger die aus dem Jerusalemer Tempel geraubten heiligen Gegenst\u00e4nde des j\u00fcdischen Rituals emporheben: die beiden silbernen Trompeten, die die Gl\u00e4ubigen zum Gebet rufen, den Tisch mit den heiligen Gef\u00e4\u00dfen und den siebenarmigen goldenen Leuchter.<\/p><p>Auf der Nordseite ist der auf der Quadriga triumphierende Kaiser Titus dargestellt, w\u00e4hrend ihn hinter ihm eine gefl\u00fcgelte Siegesg\u00f6ttin kr\u00f6nt, die ihn mit der bewaffneten G\u00f6ttin Rom zum Kapitol begleitet, und zur Rechten die halbnackte Figur, die vielleicht eine weitere Allegorie ist, der Genius des r\u00f6mischen Volkes.<\/p><p>Das Monument ist in hervorragendem Zustand erhalten, da es im Mittelalter in die Festung von Frangiane integriert und 1822 von Valdieri in Travertin eingearbeitet wurde. Der Tito-Bogen ist so bekannt, dass er sogar von Belli in einem Sonett meisterhaft illustriert wird.<\/p>\t\t\t\t\t\t<\/div>\n\t\t\t\t<\/div>\n\t\t\t\t\t<\/div>\n\t\t<\/div>\n\t\t\t\t\t<\/div>\n\t\t<\/section>\n\t\t\t\t<\/div>","protected":false},"excerpt":{"rendered":"<p>Konstantinbogen Der Konstantinbogen ist der majest\u00e4tischste Triumphbogen Roms, der gr\u00f6\u00dfte und reichste Ehrenbogen, den es bisher gab. Ein Triumphbogen reich an Skulpturen. Der Konstantinbogen ist der gr\u00f6\u00dfte Ehrenbogen, der bis in unsere Zeit \u00fcberliefert ist. Er befindet sich zwischen dem Kolosseum und dem Titusbogen auf [...].<\/p>","protected":false},"author":1,"featured_media":0,"parent":526,"menu_order":9,"comment_status":"closed","ping_status":"closed","template":"","meta":{"site-sidebar-layout":"no-sidebar","site-content-layout":"page-builder","ast-site-content-layout":"full-width-container","site-content-style":"unboxed","site-sidebar-style":"unboxed","ast-global-header-display":"","ast-banner-title-visibility":"","ast-main-header-display":"","ast-hfb-above-header-display":"","ast-hfb-below-header-display":"","ast-hfb-mobile-header-display":"","site-post-title":"disabled","ast-breadcrumbs-content":"","ast-featured-img":"disabled","footer-sml-layout":"","ast-disable-related-posts":"","theme-transparent-header-meta":"default","adv-header-id-meta":"","stick-header-meta":"","header-above-stick-meta":"","header-main-stick-meta":"","header-below-stick-meta":"","astra-migrate-meta-layouts":"set","ast-page-background-enabled":"default","ast-page-background-meta":{"desktop":{"background-color":"var(--ast-global-color-4)","background-image":"","background-repeat":"repeat","background-position":"center center","background-size":"auto","background-attachment":"scroll","background-type":"","background-media":"","overlay-type":"","overlay-color":"","overlay-opacity":"","overlay-gradient":""},"tablet":{"background-color":"","background-image":"","background-repeat":"repeat","background-position":"center center","background-size":"auto","background-attachment":"scroll","background-type":"","background-media":"","overlay-type":"","overlay-color":"","overlay-opacity":"","overlay-gradient":""},"mobile":{"background-color":"","background-image":"","background-repeat":"repeat","background-position":"center center","background-size":"auto","background-attachment":"scroll","background-type":"","background-media":"","overlay-type":"","overlay-color":"","overlay-opacity":"","overlay-gradient":""}},"ast-content-background-meta":{"desktop":{"background-color":"var(--ast-global-color-5)","background-image":"","background-repeat":"repeat","background-position":"center center","background-size":"auto","background-attachment":"scroll","background-type":"","background-media":"","overlay-type":"","overlay-color":"","overlay-opacity":"","overlay-gradient":""},"tablet":{"background-color":"var(--ast-global-color-5)","background-image":"","background-repeat":"repeat","background-position":"center center","background-size":"auto","background-attachment":"scroll","background-type":"","background-media":"","overlay-type":"","overlay-color":"","overlay-opacity":"","overlay-gradient":""},"mobile":{"background-color":"var(--ast-global-color-5)","background-image":"","background-repeat":"repeat","background-position":"center center","background-size":"auto","background-attachment":"scroll","background-type":"","background-media":"","overlay-type":"","overlay-color":"","overlay-opacity":"","overlay-gradient":""}},"iawp_total_views":978,"footnotes":""},"class_list":["post-65","page","type-page","status-publish","hentry"],"_links":{"self":[{"href":"https:\/\/colosseo-roma.it\/de\/wp-json\/wp\/v2\/pages\/65","targetHints":{"allow":["GET"]}}],"collection":[{"href":"https:\/\/colosseo-roma.it\/de\/wp-json\/wp\/v2\/pages"}],"about":[{"href":"https:\/\/colosseo-roma.it\/de\/wp-json\/wp\/v2\/types\/page"}],"author":[{"embeddable":true,"href":"https:\/\/colosseo-roma.it\/de\/wp-json\/wp\/v2\/users\/1"}],"replies":[{"embeddable":true,"href":"https:\/\/colosseo-roma.it\/de\/wp-json\/wp\/v2\/comments?post=65"}],"version-history":[{"count":0,"href":"https:\/\/colosseo-roma.it\/de\/wp-json\/wp\/v2\/pages\/65\/revisions"}],"up":[{"embeddable":true,"href":"https:\/\/colosseo-roma.it\/de\/wp-json\/wp\/v2\/pages\/526"}],"wp:attachment":[{"href":"https:\/\/colosseo-roma.it\/de\/wp-json\/wp\/v2\/media?parent=65"}],"curies":[{"name":"wp","href":"https:\/\/api.w.org\/{rel}","templated":true}]}}