{"id":77,"date":"2023-03-10T11:34:31","date_gmt":"2023-03-10T10:34:31","guid":{"rendered":"https:\/\/wordpress-1074717-3818660.cloudwaysapps.com\/?page_id=77"},"modified":"2026-01-26T16:43:07","modified_gmt":"2026-01-26T15:43:07","slug":"uber-emilia","status":"publish","type":"page","link":"https:\/\/colosseo-roma.it\/de\/romer\/strasen\/uber-emilia\/","title":{"rendered":"Via Emilia"},"content":{"rendered":"<div data-elementor-type=\"wp-page\" data-elementor-id=\"77\" class=\"elementor elementor-77\" data-elementor-post-type=\"page\">\n\t\t\t\t\t\t<section class=\"elementor-section elementor-top-section elementor-element elementor-element-f71a303 elementor-section-boxed elementor-section-height-default elementor-section-height-default\" data-id=\"f71a303\" data-element_type=\"section\" data-settings=\"{&quot;jet_parallax_layout_list&quot;:[],&quot;ekit_has_onepagescroll_dot&quot;:&quot;yes&quot;}\">\n\t\t\t\t\t\t<div class=\"elementor-container elementor-column-gap-default\">\n\t\t\t\t\t<div class=\"elementor-column elementor-col-100 elementor-top-column elementor-element elementor-element-bd018f7\" data-id=\"bd018f7\" data-element_type=\"column\">\n\t\t\t<div class=\"elementor-widget-wrap elementor-element-populated\">\n\t\t\t\t\t\t<div class=\"elementor-element elementor-element-60fc539 elementor-widget elementor-widget-heading\" data-id=\"60fc539\" data-element_type=\"widget\" data-settings=\"{&quot;ekit_we_effect_on&quot;:&quot;none&quot;}\" data-widget_type=\"heading.default\">\n\t\t\t\t<div class=\"elementor-widget-container\">\n\t\t\t<h1 class=\"elementor-heading-title elementor-size-default\">Die Via Emilia<\/h1>\t\t<\/div>\n\t\t\t\t<\/div>\n\t\t\t\t<div class=\"elementor-element elementor-element-cbc1e95 elementor-widget elementor-widget-heading\" data-id=\"cbc1e95\" data-element_type=\"widget\" data-settings=\"{&quot;ekit_we_effect_on&quot;:&quot;none&quot;}\" data-widget_type=\"heading.default\">\n\t\t\t\t<div class=\"elementor-widget-container\">\n\t\t\t<div class=\"elementor-heading-title elementor-size-default\">R\u00f6mische Stra\u00dfen, Konsularstra\u00dfen des antiken Roms<\/div>\t\t<\/div>\n\t\t\t\t<\/div>\n\t\t\t\t<div class=\"elementor-element elementor-element-3308ae6 elementor-widget elementor-widget-text-editor\" data-id=\"3308ae6\" data-element_type=\"widget\" data-settings=\"{&quot;ekit_we_effect_on&quot;:&quot;none&quot;}\" data-widget_type=\"text-editor.default\">\n\t\t\t\t<div class=\"elementor-widget-container\">\n\t\t\t\t\t\t\t<p>\u00a0Die Via Emilia, die antike Stra\u00dfe, die f\u00fcr die r\u00f6mische Armee geeignet war.<\/p><p>Die antike R\u00f6merstra\u00dfe durch die Emilia Romagna erm\u00f6glichte es dem r\u00f6mischen Heer, sich schnell zu bewegen und die Stadt Placentia zu erreichen.<\/p><p>Die via emilia entstand im antiken Rom als r\u00f6mische stra\u00dfe. sie wurde zwischen 189 und 187 v. Chr. von Konsul marco emilio lepido gebaut. Die Stra\u00dfe wurde gebaut, um rimini direkt mit piacenza zu verbinden, als \"placentia\" von den gallischen Boiern umzingelt war, die zwar von den R\u00f6mern besiegt worden waren, sich aber geweigert hatten, einen Friedensvertrag mit Rom zu unterzeichnen und mit Aufst\u00e4nden drohten.<\/p><p>Rom beschloss daher, eine bequeme Stra\u00dfe zu bauen, um das Heer schnell nach Placentia zu bringen, damit es jede Form von Aufstand der Boii-Gallier niederschlagen konnte.<\/p><p>Einige Jahre sp\u00e4ter wurde die Stra\u00dfe von Piacenza nach Mailand verl\u00e4ngert.<\/p><p>Die wichtigsten St\u00e4dte, die von der Via Emilia durchquert werden und die von den R\u00f6mern neu gegr\u00fcndet wurden, sind: caesena (cesena), forum popili (forlimpopoli), forum livii (forl\u00ec), faventia (faenza), forum cornelii (imola), bononia (bologna), mutina (modena), regium lepidi (reggio emilia), tannetum (sant ilario d'enza), fidentia (fidenza), parma, placentia (piacenza).<br \/><br \/>Die Via Aemilia verband zwei wichtige r\u00f6mische Stra\u00dfen: die Via Emilia, die in Rom begann und bis nach Rimini f\u00fchrte (eine 268 v. Chr. gegr\u00fcndete Kolonie), und die Via Postumia, die von Piacenza nach Aquileia f\u00fchrte.<br \/><br \/>Noch heute ist die r\u00f6mische Via Emilia die Hauptverkehrsader der Emilia Romagna (die nach der Stra\u00dfe benannte Region). Die Via Emilia ist eine breite und bequeme Stra\u00dfe, die gr\u00f6\u00dftenteils gerade verl\u00e4uft, ein typisches Merkmal r\u00f6mischer Stra\u00dfen. Die R\u00f6mer begannen mit dem Bau langer, gerader Stra\u00dfen f\u00fcr milit\u00e4rische, kommerzielle und politische Zwecke; sie waren f\u00fcr das Wachstum ihres Reiches notwendig, da sie es der r\u00f6mischen Armee erm\u00f6glichten, sich schnell zu bewegen.<\/p>\t\t\t\t\t\t<\/div>\n\t\t\t\t<\/div>\n\t\t\t\t\t<\/div>\n\t\t<\/div>\n\t\t\t\t\t<\/div>\n\t\t<\/section>\n\t\t\t\t<\/div>","protected":false},"excerpt":{"rendered":"<p>La Via Emilia Strade romane, Vie consolari dell&#8217;antica Roma La Via Emilia, la strada antica comoda per l\u2019esercito romano. L\u2019antica strada romana che attraversa l\u2019emilia romagna permetteva all\u2019esercito romano di muoversi rapidamente e raggiungere la citt\u00e0 di placentia. La via emilia nasce nell\u2019antica roma come strada romana. fatta costruire tra il 189 e il 187 [&hellip;]<\/p>","protected":false},"author":1,"featured_media":0,"parent":75,"menu_order":0,"comment_status":"closed","ping_status":"closed","template":"","meta":{"site-sidebar-layout":"no-sidebar","site-content-layout":"page-builder","ast-site-content-layout":"full-width-container","site-content-style":"unboxed","site-sidebar-style":"unboxed","ast-global-header-display":"","ast-banner-title-visibility":"","ast-main-header-display":"","ast-hfb-above-header-display":"","ast-hfb-below-header-display":"","ast-hfb-mobile-header-display":"","site-post-title":"disabled","ast-breadcrumbs-content":"","ast-featured-img":"disabled","footer-sml-layout":"","ast-disable-related-posts":"","theme-transparent-header-meta":"default","adv-header-id-meta":"","stick-header-meta":"","header-above-stick-meta":"","header-main-stick-meta":"","header-below-stick-meta":"","astra-migrate-meta-layouts":"set","ast-page-background-enabled":"default","ast-page-background-meta":{"desktop":{"background-color":"var(--ast-global-color-4)","background-image":"","background-repeat":"repeat","background-position":"center center","background-size":"auto","background-attachment":"scroll","background-type":"","background-media":"","overlay-type":"","overlay-color":"","overlay-opacity":"","overlay-gradient":""},"tablet":{"background-color":"","background-image":"","background-repeat":"repeat","background-position":"center center","background-size":"auto","background-attachment":"scroll","background-type":"","background-media":"","overlay-type":"","overlay-color":"","overlay-opacity":"","overlay-gradient":""},"mobile":{"background-color":"","background-image":"","background-repeat":"repeat","background-position":"center center","background-size":"auto","background-attachment":"scroll","background-type":"","background-media":"","overlay-type":"","overlay-color":"","overlay-opacity":"","overlay-gradient":""}},"ast-content-background-meta":{"desktop":{"background-color":"var(--ast-global-color-5)","background-image":"","background-repeat":"repeat","background-position":"center center","background-size":"auto","background-attachment":"scroll","background-type":"","background-media":"","overlay-type":"","overlay-color":"","overlay-opacity":"","overlay-gradient":""},"tablet":{"background-color":"var(--ast-global-color-5)","background-image":"","background-repeat":"repeat","background-position":"center center","background-size":"auto","background-attachment":"scroll","background-type":"","background-media":"","overlay-type":"","overlay-color":"","overlay-opacity":"","overlay-gradient":""},"mobile":{"background-color":"var(--ast-global-color-5)","background-image":"","background-repeat":"repeat","background-position":"center center","background-size":"auto","background-attachment":"scroll","background-type":"","background-media":"","overlay-type":"","overlay-color":"","overlay-opacity":"","overlay-gradient":""}},"iawp_total_views":720,"footnotes":""},"class_list":["post-77","page","type-page","status-publish","hentry"],"_links":{"self":[{"href":"https:\/\/colosseo-roma.it\/de\/wp-json\/wp\/v2\/pages\/77","targetHints":{"allow":["GET"]}}],"collection":[{"href":"https:\/\/colosseo-roma.it\/de\/wp-json\/wp\/v2\/pages"}],"about":[{"href":"https:\/\/colosseo-roma.it\/de\/wp-json\/wp\/v2\/types\/page"}],"author":[{"embeddable":true,"href":"https:\/\/colosseo-roma.it\/de\/wp-json\/wp\/v2\/users\/1"}],"replies":[{"embeddable":true,"href":"https:\/\/colosseo-roma.it\/de\/wp-json\/wp\/v2\/comments?post=77"}],"version-history":[{"count":0,"href":"https:\/\/colosseo-roma.it\/de\/wp-json\/wp\/v2\/pages\/77\/revisions"}],"up":[{"embeddable":true,"href":"https:\/\/colosseo-roma.it\/de\/wp-json\/wp\/v2\/pages\/75"}],"wp:attachment":[{"href":"https:\/\/colosseo-roma.it\/de\/wp-json\/wp\/v2\/media?parent=77"}],"curies":[{"name":"wp","href":"https:\/\/api.w.org\/{rel}","templated":true}]}}