{"id":79,"date":"2023-03-10T11:34:57","date_gmt":"2023-03-10T10:34:57","guid":{"rendered":"https:\/\/wordpress-1074717-3818660.cloudwaysapps.com\/?page_id=79"},"modified":"2026-01-26T16:43:02","modified_gmt":"2026-01-26T15:43:02","slug":"uber-salaria","status":"publish","type":"page","link":"https:\/\/colosseo-roma.it\/de\/romer\/strasen\/uber-salaria\/","title":{"rendered":"Via Salaria"},"content":{"rendered":"<div data-elementor-type=\"wp-page\" data-elementor-id=\"79\" class=\"elementor elementor-79\" data-elementor-post-type=\"page\">\n\t\t\t\t\t\t<section class=\"elementor-section elementor-top-section elementor-element elementor-element-4934fd0 elementor-section-boxed elementor-section-height-default elementor-section-height-default\" data-id=\"4934fd0\" data-element_type=\"section\" data-settings=\"{&quot;jet_parallax_layout_list&quot;:[],&quot;ekit_has_onepagescroll_dot&quot;:&quot;yes&quot;}\">\n\t\t\t\t\t\t<div class=\"elementor-container elementor-column-gap-default\">\n\t\t\t\t\t<div class=\"elementor-column elementor-col-100 elementor-top-column elementor-element elementor-element-4a1806c\" data-id=\"4a1806c\" data-element_type=\"column\">\n\t\t\t<div class=\"elementor-widget-wrap elementor-element-populated\">\n\t\t\t\t\t\t<div class=\"elementor-element elementor-element-094bbac elementor-widget elementor-widget-heading\" data-id=\"094bbac\" data-element_type=\"widget\" data-settings=\"{&quot;ekit_we_effect_on&quot;:&quot;none&quot;}\" data-widget_type=\"heading.default\">\n\t\t\t\t<div class=\"elementor-widget-container\">\n\t\t\t<h1 class=\"elementor-heading-title elementor-size-default\">Die Via Salaria<\/h1>\t\t<\/div>\n\t\t\t\t<\/div>\n\t\t\t\t<div class=\"elementor-element elementor-element-a6c2ce3 elementor-widget elementor-widget-heading\" data-id=\"a6c2ce3\" data-element_type=\"widget\" data-settings=\"{&quot;ekit_we_effect_on&quot;:&quot;none&quot;}\" data-widget_type=\"heading.default\">\n\t\t\t\t<div class=\"elementor-widget-container\">\n\t\t\t<div class=\"elementor-heading-title elementor-size-default\">R\u00f6mische Stra\u00dfen, Konsularstra\u00dfen des antiken Roms<\/div>\t\t<\/div>\n\t\t\t\t<\/div>\n\t\t\t\t<div class=\"elementor-element elementor-element-1811a3a elementor-widget elementor-widget-text-editor\" data-id=\"1811a3a\" data-element_type=\"widget\" data-settings=\"{&quot;ekit_we_effect_on&quot;:&quot;none&quot;}\" data-widget_type=\"text-editor.default\">\n\t\t\t\t<div class=\"elementor-widget-container\">\n\t\t\t\t\t\t\t<p><em>Die antike r\u00f6mische Salzstra\u00dfe<\/em>.<\/p><p>La <strong>Via Salaria<\/strong>\u00a0ist eine der wichtigsten\u00a0<strong>alte Konsularstra\u00dfen<\/strong>Die mehrfach von den R\u00f6mern selbst gebaute Stra\u00dfe f\u00fchrt von der Hauptstadt bis zur Adria und ist noch heute in Betrieb, besser bekannt als SS 4. Sie ist in der Tat die Stra\u00dfe zwischen Rom und Rieti.<\/p><p>Der kuriose Name geht auf die Nutzung der Stra\u00dfe durch die R\u00f6mer zur\u00fcck, die sie haupts\u00e4chlich f\u00fcr den Transport von Salz nutzten, das in den alten Salinen vermutlich in den Marken gewonnen wurde.<\/p><p>La\u00a0<strong>Salaria-Stra\u00dfe<\/strong>\u00a0startet von\u00a0<strong>Aurelianische Mauern<\/strong>\u00a0hinausgehend in Richtung\u00a0<strong>Salaria-Tor<\/strong>Sie f\u00fchrt direkt nach Forte Antenne, \u00fcberquert den Fluss Aniene und erreicht nach einigen Kilometern den heutigen Weiler Fidene.<\/p><p>Urspr\u00fcnglich verzweigte sich die Stra\u00dfe zwischen Wiesen und urbar gemachten Gebieten, die erst sp\u00e4ter urbar gemacht wurden, oder sagen wir besser, die endg\u00fcltige Urbarmachung fand etwa zwei Jahrhunderte sp\u00e4ter statt. Die Via Salaria verl\u00e4sst die Au\u00dfenbezirke von Rom und f\u00fchrt in Richtung\u00a0<strong>Settebagni<\/strong>\u00a0um schlie\u00dflich die Richtung der\u00a0<strong>Weingut Marcigliana Vecchia<\/strong>\u00a0wo es eine antike r\u00f6mische Siedlung gab, die besser bekannt ist als\u00a0<strong>Crustumerium<\/strong>. Etwas weiter sehen wir die ersten Berge; wir sind jetzt am Corese-Pass in Richtung Fara Sabina.<\/p><p>Hier teilte sich die Salaria in zwei Abschnitte, die f\u00fcr den antiken Handel sehr wichtig waren; eine Stra\u00dfe f\u00fchrte von Ponte Buita in Richtung\u00a0<strong>\u00fcber Cecilia<\/strong>\u00a0was dazu f\u00fchrte, dass\u00a0<strong>Atri<\/strong>\u00a0- das antike Histria - w\u00e4hrend der andere Stamm die\u00a0<strong>Rieti<\/strong>.<\/p><p>Vor Rieti sind zwei verschiedene Abschnitte zu erkennen: der eine wendet sich nach Osten, \u00fcberquert den Apennin in Richtung Sella di Corno, um die Ebene von Amiternum in der N\u00e4he des heutigen Adlers zu \u00fcberblicken, nimmt den Passo delle Capannelle und f\u00fchrt weiter nach Teramo, genauer gesagt durch die Stadt Pretutii.<\/p><p>Der andere Weg von Rieti f\u00fchrt ein St\u00fcck den Fluss Velino hinauf zu den Terme di Cotilia, die schon von den R\u00f6mern genutzt wurden, oder besser gesagt, von einer gro\u00dfen Siedlung so sehr genutzt wurden, dass sie in der N\u00e4he ein Wellnesszentrum mit hei\u00dfem, schwefelhaltigem Thermalwasser er\u00f6ffneten.<\/p><p>Weiter geht es nach Antrodoco unterhalb des Monte Giano, wo ebenfalls die R\u00f6mer ein weiteres Thermalbad errichteten. Aber die Salaria h\u00f6rt nicht auf, sie f\u00fchrt weiter nach Norden, dem Fluss folgend, durch Schluchten und \u00fcber Berge. Hier wird die Kultur und die Vorbereitung der R\u00f6mer unzweifelhaft deutlich. Um all diese \"Unw\u00e4gbarkeiten\" zu \u00fcberwinden, \u00fcbertrafen sich die Ingenieure von Augustus und Trajan mit technischen L\u00f6sungen, die uns noch heute verbl\u00fcffen.<\/p><p>Nachdem wir die Berge hinter uns gelassen haben, f\u00fchrt die Via Salaria weiter durch die Ebene des Tronto-Tals in der Region Marken. Wir treffen auf Orte, die auch heute noch bekannt und wichtig sind, wie Pescara del Tronto, Acquasanta Terme (das auch von den R\u00f6mern wegen seines Albule-Wassers als Kurort genutzt wurde), Lettera, Posta, Favalanciata, Quintodecimo und erreichen Ascoli Piceno. Wenn man weiterf\u00e4hrt, trifft man schlie\u00dflich in der N\u00e4he von Castrum Trentium, einer Ortschaft in der N\u00e4he von Porto d'Ascoli in der Gemeinde San Benedetto del Tronto, auf das Meer.<\/p>\t\t\t\t\t\t<\/div>\n\t\t\t\t<\/div>\n\t\t\t\t\t<\/div>\n\t\t<\/div>\n\t\t\t\t\t<\/div>\n\t\t<\/section>\n\t\t\t\t<\/div>","protected":false},"excerpt":{"rendered":"<p>Die Via Salaria R\u00f6mische Stra\u00dfen, Konsularstra\u00dfen des antiken Roms Die antike r\u00f6mische Salzstra\u00dfe. Die Via Salaria ist eine der \u00e4ltesten Konsularstra\u00dfen, die in mehreren Etappen von den R\u00f6mern selbst gebaut wurde. Sie f\u00fchrt von der Hauptstadt bis zur Adria, ist noch heute in Betrieb und besser bekannt als die SS 4. [...]<\/p>","protected":false},"author":1,"featured_media":0,"parent":75,"menu_order":5,"comment_status":"closed","ping_status":"closed","template":"","meta":{"site-sidebar-layout":"no-sidebar","site-content-layout":"page-builder","ast-site-content-layout":"full-width-container","site-content-style":"unboxed","site-sidebar-style":"unboxed","ast-global-header-display":"","ast-banner-title-visibility":"","ast-main-header-display":"","ast-hfb-above-header-display":"","ast-hfb-below-header-display":"","ast-hfb-mobile-header-display":"","site-post-title":"disabled","ast-breadcrumbs-content":"","ast-featured-img":"disabled","footer-sml-layout":"","ast-disable-related-posts":"","theme-transparent-header-meta":"default","adv-header-id-meta":"","stick-header-meta":"","header-above-stick-meta":"","header-main-stick-meta":"","header-below-stick-meta":"","astra-migrate-meta-layouts":"set","ast-page-background-enabled":"default","ast-page-background-meta":{"desktop":{"background-color":"var(--ast-global-color-4)","background-image":"","background-repeat":"repeat","background-position":"center center","background-size":"auto","background-attachment":"scroll","background-type":"","background-media":"","overlay-type":"","overlay-color":"","overlay-opacity":"","overlay-gradient":""},"tablet":{"background-color":"","background-image":"","background-repeat":"repeat","background-position":"center center","background-size":"auto","background-attachment":"scroll","background-type":"","background-media":"","overlay-type":"","overlay-color":"","overlay-opacity":"","overlay-gradient":""},"mobile":{"background-color":"","background-image":"","background-repeat":"repeat","background-position":"center center","background-size":"auto","background-attachment":"scroll","background-type":"","background-media":"","overlay-type":"","overlay-color":"","overlay-opacity":"","overlay-gradient":""}},"ast-content-background-meta":{"desktop":{"background-color":"var(--ast-global-color-5)","background-image":"","background-repeat":"repeat","background-position":"center center","background-size":"auto","background-attachment":"scroll","background-type":"","background-media":"","overlay-type":"","overlay-color":"","overlay-opacity":"","overlay-gradient":""},"tablet":{"background-color":"var(--ast-global-color-5)","background-image":"","background-repeat":"repeat","background-position":"center center","background-size":"auto","background-attachment":"scroll","background-type":"","background-media":"","overlay-type":"","overlay-color":"","overlay-opacity":"","overlay-gradient":""},"mobile":{"background-color":"var(--ast-global-color-5)","background-image":"","background-repeat":"repeat","background-position":"center center","background-size":"auto","background-attachment":"scroll","background-type":"","background-media":"","overlay-type":"","overlay-color":"","overlay-opacity":"","overlay-gradient":""}},"iawp_total_views":909,"footnotes":""},"class_list":["post-79","page","type-page","status-publish","hentry"],"_links":{"self":[{"href":"https:\/\/colosseo-roma.it\/de\/wp-json\/wp\/v2\/pages\/79","targetHints":{"allow":["GET"]}}],"collection":[{"href":"https:\/\/colosseo-roma.it\/de\/wp-json\/wp\/v2\/pages"}],"about":[{"href":"https:\/\/colosseo-roma.it\/de\/wp-json\/wp\/v2\/types\/page"}],"author":[{"embeddable":true,"href":"https:\/\/colosseo-roma.it\/de\/wp-json\/wp\/v2\/users\/1"}],"replies":[{"embeddable":true,"href":"https:\/\/colosseo-roma.it\/de\/wp-json\/wp\/v2\/comments?post=79"}],"version-history":[{"count":0,"href":"https:\/\/colosseo-roma.it\/de\/wp-json\/wp\/v2\/pages\/79\/revisions"}],"up":[{"embeddable":true,"href":"https:\/\/colosseo-roma.it\/de\/wp-json\/wp\/v2\/pages\/75"}],"wp:attachment":[{"href":"https:\/\/colosseo-roma.it\/de\/wp-json\/wp\/v2\/media?parent=79"}],"curies":[{"name":"wp","href":"https:\/\/api.w.org\/{rel}","templated":true}]}}