{"id":1198,"date":"2023-03-31T20:37:17","date_gmt":"2023-03-31T19:37:17","guid":{"rendered":"https:\/\/wordpress-1074717-3818660.cloudwaysapps.com\/?page_id=1198"},"modified":"2026-01-26T16:51:39","modified_gmt":"2026-01-26T15:51:39","slug":"plaza-del-coliseo","status":"publish","type":"page","link":"https:\/\/colosseo-roma.it\/es\/explore\/plaza-del-coliseo\/","title":{"rendered":"Plaza del Coliseo"},"content":{"rendered":"<div data-elementor-type=\"wp-page\" data-elementor-id=\"1198\" class=\"elementor elementor-1198\" data-elementor-post-type=\"page\">\n\t\t\t\t\t\t<section class=\"elementor-section elementor-top-section elementor-element elementor-element-b3da0d5 elementor-section-boxed elementor-section-height-default elementor-section-height-default\" data-id=\"b3da0d5\" data-element_type=\"section\" data-settings=\"{&quot;jet_parallax_layout_list&quot;:[],&quot;ekit_has_onepagescroll_dot&quot;:&quot;yes&quot;}\">\n\t\t\t\t\t\t<div class=\"elementor-container elementor-column-gap-default\">\n\t\t\t\t\t<div class=\"elementor-column elementor-col-100 elementor-top-column elementor-element elementor-element-166a491\" data-id=\"166a491\" data-element_type=\"column\" data-settings=\"{&quot;background_background&quot;:&quot;classic&quot;}\">\n\t\t\t<div class=\"elementor-widget-wrap elementor-element-populated\">\n\t\t\t\t\t\t<div class=\"elementor-element elementor-element-19261b7 elementor-widget elementor-widget-heading\" data-id=\"19261b7\" data-element_type=\"widget\" data-settings=\"{&quot;ekit_we_effect_on&quot;:&quot;none&quot;}\" data-widget_type=\"heading.default\">\n\t\t\t\t<div class=\"elementor-widget-container\">\n\t\t\t<h1 class=\"elementor-heading-title elementor-size-default\">Plaza del Coliseo<\/h1>\t\t<\/div>\n\t\t\t\t<\/div>\n\t\t\t\t<div class=\"elementor-element elementor-element-e3b357d elementor-widget elementor-widget-heading\" data-id=\"e3b357d\" data-element_type=\"widget\" data-settings=\"{&quot;ekit_we_effect_on&quot;:&quot;none&quot;}\" data-widget_type=\"heading.default\">\n\t\t\t\t<div class=\"elementor-widget-container\">\n\t\t\t<h4 class=\"elementor-heading-title elementor-size-default\">La plaza del Coliseo, en el coraz\u00f3n de Roma<\/h4>\t\t<\/div>\n\t\t\t\t<\/div>\n\t\t\t\t<div class=\"elementor-element elementor-element-c209607 elementor-widget elementor-widget-text-editor\" data-id=\"c209607\" data-element_type=\"widget\" data-settings=\"{&quot;ekit_we_effect_on&quot;:&quot;none&quot;}\" data-widget_type=\"text-editor.default\">\n\t\t\t\t<div class=\"elementor-widget-container\">\n\t\t\t\t\t\t\t<p>Este lugar alberga el monumento m\u00e1s famoso del mundo. Descubrir la plaza del Coliseo de Roma es hacer un viaje en el tiempo y admirar al mismo tiempo una de las siete maravillas del mundo.<\/p>\t\t\t\t\t\t<\/div>\n\t\t\t\t<\/div>\n\t\t\t\t<div class=\"elementor-element elementor-element-6053d41 elementor-widget elementor-widget-heading\" data-id=\"6053d41\" data-element_type=\"widget\" data-settings=\"{&quot;ekit_we_effect_on&quot;:&quot;none&quot;}\" data-widget_type=\"heading.default\">\n\t\t\t\t<div class=\"elementor-widget-container\">\n\t\t\t<h4 class=\"elementor-heading-title elementor-size-default\">La plaza del Coliseo, en el coraz\u00f3n de Roma<\/h4>\t\t<\/div>\n\t\t\t\t<\/div>\n\t\t\t\t<div class=\"elementor-element elementor-element-5bae7cf elementor-widget elementor-widget-text-editor\" data-id=\"5bae7cf\" data-element_type=\"widget\" data-settings=\"{&quot;ekit_we_effect_on&quot;:&quot;none&quot;}\" data-widget_type=\"text-editor.default\">\n\t\t\t\t<div class=\"elementor-widget-container\">\n\t\t\t\t\t\t\t<p>En el centro de la plaza del Coliseo se encuentra el monumento m\u00e1s emblem\u00e1tico de Roma, s\u00edmbolo de la ciudad y de Italia en todo el mundo: el Coliseo. La zona donde hoy se levanta la plaza estuvo ocupada en su d\u00eda por el estanque de la Domus Aurea de Ner\u00f3n, donde se reflejaba la colosal estatua del emperador que dio al Anfiteatro Flavio el nombre por el que hoy es universalmente conocido. La plaza est\u00e1 situada entre los barrios de Monti, Campitelli y Celio, y es un cruce entre la Via dei Fori Imperiali y la Via Claudia, una de las v\u00edas romanas m\u00e1s antiguas. No es de extra\u00f1ar, por tanto, que la plaza del Coliseo sea uno de los lugares m\u00e1s frecuentados del mundo.<\/p>\t\t\t\t\t\t<\/div>\n\t\t\t\t<\/div>\n\t\t\t\t<div class=\"elementor-element elementor-element-dfd33c9 elementor-widget elementor-widget-heading\" data-id=\"dfd33c9\" data-element_type=\"widget\" data-settings=\"{&quot;ekit_we_effect_on&quot;:&quot;none&quot;}\" data-widget_type=\"heading.default\">\n\t\t\t\t<div class=\"elementor-widget-container\">\n\t\t\t<h5 class=\"elementor-heading-title elementor-size-default\">Informaci\u00f3n importante para su visita:<\/h5>\t\t<\/div>\n\t\t\t\t<\/div>\n\t\t\t\t<div class=\"elementor-element elementor-element-7a2e9b6 elementor-widget elementor-widget-text-editor\" data-id=\"7a2e9b6\" data-element_type=\"widget\" data-settings=\"{&quot;ekit_we_effect_on&quot;:&quot;none&quot;}\" data-widget_type=\"text-editor.default\">\n\t\t\t\t<div class=\"elementor-widget-container\">\n\t\t\t\t\t\t\t<p>Desde la plaza del Coliseo se puede acceder a las tres entradas del Coliseo.<\/p><p>Al lado hay un centro de informaci\u00f3n tur\u00edstica.<\/p><p>La estaci\u00f3n Colosseo de la l\u00ednea B da a la plaza.<\/p><p>La plaza desemboca en la Via dei Fori Imperiali.<\/p><p>La visita nocturna con la iluminaci\u00f3n art\u00edstica del Coliseo es imprescindible.<\/p>\t\t\t\t\t\t<\/div>\n\t\t\t\t<\/div>\n\t\t\t\t<div class=\"elementor-element elementor-element-87d7b43 elementor-widget elementor-widget-heading\" data-id=\"87d7b43\" data-element_type=\"widget\" data-settings=\"{&quot;ekit_we_effect_on&quot;:&quot;none&quot;}\" data-widget_type=\"heading.default\">\n\t\t\t\t<div class=\"elementor-widget-container\">\n\t\t\t<h4 class=\"elementor-heading-title elementor-size-default\">Los dem\u00e1s monumentos de la plaza del Coliseo:<\/h4>\t\t<\/div>\n\t\t\t\t<\/div>\n\t\t\t\t<div class=\"elementor-element elementor-element-f45ad75 elementor-widget elementor-widget-heading\" data-id=\"f45ad75\" data-element_type=\"widget\" data-settings=\"{&quot;ekit_we_effect_on&quot;:&quot;none&quot;}\" data-widget_type=\"heading.default\">\n\t\t\t\t<div class=\"elementor-widget-container\">\n\t\t\t<h5 class=\"elementor-heading-title elementor-size-default\">El Arco de Constantino <\/h5>\t\t<\/div>\n\t\t\t\t<\/div>\n\t\t\t\t<div class=\"elementor-element elementor-element-4e4e7d3 elementor-widget elementor-widget-text-editor\" data-id=\"4e4e7d3\" data-element_type=\"widget\" data-settings=\"{&quot;ekit_we_effect_on&quot;:&quot;none&quot;}\" data-widget_type=\"text-editor.default\">\n\t\t\t\t<div class=\"elementor-widget-container\">\n\t\t\t\t\t\t\t<p><i>\"Al emperador C\u00e9sar Flavio Constantino M\u00e1ximo P\u00edo F\u00e9lix Augusto, al Senado y al pueblo romano, ya que por inspiraci\u00f3n divina y la grandeza de su esp\u00edritu a la vez con su ej\u00e9rcito veng\u00f3 al estado, por medio de una guerra justa, tanto del tirano como de todas sus facciones, dedicado este distinguido arco para el triunfo.\"\u00a0\u00a0<\/i><\/p><p>El Arco de Constantino, situado a poca distancia del Coliseo, es un imponente arco triunfal de tres arcos. El pasaje central est\u00e1 flanqueado por dos pasajes laterales m\u00e1s peque\u00f1os, y toda la estructura puede considerarse un museo oficial de escultura romana, debido a su extraordinaria riqueza e importancia. El Senado dedic\u00f3 el arco a conmemorar la victoria de Constantino I sobre Majencio en la batalla de Ponte Milvio, el 28 de octubre de 312, y fue inaugurado en 315 con motivo de la decennalia del emperador, es decir, los diez a\u00f1os de su reinado. La posici\u00f3n del arco, entre el Palatino y el Celio, coincid\u00eda con el antiguo camino de los triunfos.<\/p>\t\t\t\t\t\t<\/div>\n\t\t\t\t<\/div>\n\t\t\t\t<div class=\"elementor-element elementor-element-8afefe0 elementor-widget elementor-widget-heading\" data-id=\"8afefe0\" data-element_type=\"widget\" data-settings=\"{&quot;ekit_we_effect_on&quot;:&quot;none&quot;}\" data-widget_type=\"heading.default\">\n\t\t\t\t<div class=\"elementor-widget-container\">\n\t\t\t<h5 class=\"elementor-heading-title elementor-size-default\">S\u00f3tano del Coloso de Ner\u00f3n<\/h5>\t\t<\/div>\n\t\t\t\t<\/div>\n\t\t\t\t<div class=\"elementor-element elementor-element-994190c elementor-widget elementor-widget-text-editor\" data-id=\"994190c\" data-element_type=\"widget\" data-settings=\"{&quot;ekit_we_effect_on&quot;:&quot;none&quot;}\" data-widget_type=\"text-editor.default\">\n\t\t\t\t<div class=\"elementor-widget-container\">\n\t\t\t\t\t\t\t<p>Seg\u00fan Plinio el Viejo, el Coloso, obra del escultor Zenodoro, med\u00eda 33,5 metros de altura y se ergu\u00eda sobre un pedestal cuadrado de 11 metros de lado. La estatua de bronce, probablemente inspirada en el famoso Coloso de Rodas, representaba al emperador como una deidad solar con el brazo derecho extendido hacia delante, sosteniendo una rama, mientras que el izquierdo sosten\u00eda una esfera, s\u00edmbolo del globo terr\u00e1queo. La cabeza de la imponente estatua estaba adornada con una corona compuesta por siete rayos de seis metros de largo cada uno. El impresionante efecto visual de la estatua deb\u00eda de ser asombroso y f\u00e1cilmente perceptible incluso a gran distancia debido a su gigantesco tama\u00f1o y al oro que cubr\u00eda el bronce. Adem\u00e1s, el Coliseo a\u00fan no exist\u00eda en la \u00e9poca de la estatua, y debi\u00f3 de haber un peque\u00f1o lago que reflejaba el imponente monumento, creando un espect\u00e1culo incre\u00edblemente impresionante.\u00a0<\/p>\t\t\t\t\t\t<\/div>\n\t\t\t\t<\/div>\n\t\t\t\t<div class=\"elementor-element elementor-element-a238a9b elementor-widget elementor-widget-heading\" data-id=\"a238a9b\" data-element_type=\"widget\" data-settings=\"{&quot;ekit_we_effect_on&quot;:&quot;none&quot;}\" data-widget_type=\"heading.default\">\n\t\t\t\t<div class=\"elementor-widget-container\">\n\t\t\t<h5 class=\"elementor-heading-title elementor-size-default\">El nombre del Coliseo deriva del Coloso de Ner\u00f3n?<\/h5>\t\t<\/div>\n\t\t\t\t<\/div>\n\t\t\t\t<div class=\"elementor-element elementor-element-3bf8c1a elementor-widget elementor-widget-text-editor\" data-id=\"3bf8c1a\" data-element_type=\"widget\" data-settings=\"{&quot;ekit_we_effect_on&quot;:&quot;none&quot;}\" data-widget_type=\"text-editor.default\">\n\t\t\t\t<div class=\"elementor-widget-container\">\n\t\t\t\t\t\t\t<p>Es posible que el nombre de \"Coliseo\" se deba a la presencia del Coloso de Ner\u00f3n en las inmediaciones del anfiteatro Flavio, construido en el a\u00f1o 80 d.C.. Sin embargo, hay otras hip\u00f3tesis que sugieren que el sobrenombre podr\u00eda proceder del gran tama\u00f1o del propio anfiteatro o del cercano Colle Oppio, donde se alzaba el templo de Isis conocido como \"Collis Isei\". A lo largo de la historia, el Coloso de Ner\u00f3n sufri\u00f3 numerosos cambios en funci\u00f3n del emperador de la \u00e9poca. Vespasiano, que gobern\u00f3 del 69 al 79 d.C., tuvo que intervenir para repararlo despu\u00e9s de que se produjera un incendio en la Domus Aurea. En 127 d.C., Adriano encarg\u00f3 al arquitecto Decriano que trasladara el Coloso junto al Coliseo para hacer sitio al nuevo templo de Venus. Decriano utiliz\u00f3 veinticuatro elefantes para transportarlo, manteni\u00e9ndolo erguido, y, a petici\u00f3n del emperador, sustituy\u00f3 los rasgos faciales de Ner\u00f3n por los de Adriano. Un grabado ilustra la nueva posici\u00f3n del Coloso tras el traslado.<\/p>\t\t\t\t\t\t<\/div>\n\t\t\t\t<\/div>\n\t\t\t\t<div class=\"elementor-element elementor-element-9db846e elementor-widget elementor-widget-heading\" data-id=\"9db846e\" data-element_type=\"widget\" data-settings=\"{&quot;ekit_we_effect_on&quot;:&quot;none&quot;}\" data-widget_type=\"heading.default\">\n\t\t\t\t<div class=\"elementor-widget-container\">\n\t\t\t<h5 class=\"elementor-heading-title elementor-size-default\">Iglesia de Santa Mar\u00eda de la Piedad en el Coliseo<\/h5>\t\t<\/div>\n\t\t\t\t<\/div>\n\t\t\t\t<div class=\"elementor-element elementor-element-8923a6c elementor-widget elementor-widget-text-editor\" data-id=\"8923a6c\" data-element_type=\"widget\" data-settings=\"{&quot;ekit_we_effect_on&quot;:&quot;none&quot;}\" data-widget_type=\"text-editor.default\">\n\t\t\t\t<div class=\"elementor-widget-container\">\n\t\t\t\t\t\t\t<p>En el interior de uno de los monumentos m\u00e1s importantes de Roma, el Anfiteatro Flavio, precisamente en el arco 24 de una de sus grandes arcadas, se encuentra una peque\u00f1a capilla dedicada a Santa Maria della Piet\u00e0. La iglesia fue fundada entre los siglos VI y VII como lugar de culto, probablemente en memoria de las personas que murieron en el interior del Coliseo. La primera informaci\u00f3n fundada sobre la capilla procede del cardenal Cencio Camerario, distinguido historiador y conocedor de las iglesias romanas, y se remonta a 1192, cuando la iglesia era conocida con el t\u00edtulo de \"Santissimo Salvatore in Rota Colisei\".<\/p>\t\t\t\t\t\t<\/div>\n\t\t\t\t<\/div>\n\t\t\t\t<div class=\"elementor-element elementor-element-10ef1ad elementor-widget elementor-widget-heading\" data-id=\"10ef1ad\" data-element_type=\"widget\" data-settings=\"{&quot;ekit_we_effect_on&quot;:&quot;none&quot;}\" data-widget_type=\"heading.default\">\n\t\t\t\t<div class=\"elementor-widget-container\">\n\t\t\t<h5 class=\"elementor-heading-title elementor-size-default\">Desde la Piazza se llega f\u00e1cilmente a los lugares de inter\u00e9s de Roma:<\/h5>\t\t<\/div>\n\t\t\t\t<\/div>\n\t\t\t\t<div class=\"elementor-element elementor-element-15b046c elementor-widget elementor-widget-text-editor\" data-id=\"15b046c\" data-element_type=\"widget\" data-settings=\"{&quot;ekit_we_effect_on&quot;:&quot;none&quot;}\" data-widget_type=\"text-editor.default\">\n\t\t\t\t<div class=\"elementor-widget-container\">\n\t\t\t\t\t\t\t<p>El Parque Arqueol\u00f3gico del Coliseo:\u00a0<\/p><p>La colina del Palatino<\/p><p>Museo Palatino<\/p><p>La Domus Aurea<\/p><p>Foros romanos<\/p><p>Foros Imperiales<\/p><p>Bas\u00edlica de los Santos Juan y Pablo<\/p>\t\t\t\t\t\t<\/div>\n\t\t\t\t<\/div>\n\t\t\t\t<div class=\"elementor-element elementor-element-792aa3d elementor-widget elementor-widget-heading\" data-id=\"792aa3d\" data-element_type=\"widget\" data-settings=\"{&quot;ekit_we_effect_on&quot;:&quot;none&quot;}\" data-widget_type=\"heading.default\">\n\t\t\t\t<div class=\"elementor-widget-container\">\n\t\t\t<h5 class=\"elementor-heading-title elementor-size-default\">Rese\u00f1as:<\/h5>\t\t<\/div>\n\t\t\t\t<\/div>\n\t\t<div class=\"elementor-element elementor-element-aaa1ccc e-flex e-con-boxed e-con e-parent\" data-id=\"aaa1ccc\" data-element_type=\"container\" data-settings=\"{&quot;jet_parallax_layout_list&quot;:[],&quot;ekit_has_onepagescroll_dot&quot;:&quot;yes&quot;}\">\n\t\t\t\t\t<div class=\"e-con-inner\">\n\t\t\t\t<div class=\"elementor-element elementor-element-75dff37 elementor-widget elementor-widget-jet-carousel\" data-id=\"75dff37\" data-element_type=\"widget\" data-settings=\"{&quot;slides_to_show&quot;:&quot;3&quot;,&quot;slides_to_scroll&quot;:&quot;3&quot;,&quot;slides_to_show_tablet&quot;:&quot;2&quot;,&quot;slides_to_show_mobile&quot;:&quot;1&quot;,&quot;slides_to_scroll_tablet&quot;:&quot;2&quot;,&quot;slides_to_scroll_mobile&quot;:&quot;1&quot;,&quot;ekit_we_effect_on&quot;:&quot;none&quot;}\" data-widget_type=\"jet-carousel.default\">\n\t\t\t\t<div class=\"elementor-widget-container\">\n\t\t\t<div class=\"elementor-jet-carousel jet-elements\"><div class=\"jet-carousel-wrap jet-equal-cols\">\n\t<div class=\"jet-carousel\" data-slider_options=\"{&quot;autoplaySpeed&quot;:5000,&quot;autoplay&quot;:true,&quot;infinite&quot;:true,&quot;centerMode&quot;:false,&quot;centerPadding&quot;:&quot;50px&quot;,&quot;pauseOnHover&quot;:false,&quot;speed&quot;:500,&quot;arrows&quot;:true,&quot;dots&quot;:false,&quot;variableWidth&quot;:false,&quot;prevArrow&quot;:&quot;.jet-carousel__prev-arrow-75dff37&quot;,&quot;nextArrow&quot;:&quot;.jet-carousel__next-arrow-75dff37&quot;,&quot;rtl&quot;:false,&quot;fractionNav&quot;:false}\" dir=\"ltr\">\n\t<div class=\"elementor-slick-slider\">\n\n<div class=\"jet-carousel__item\">\n\t<div class=\"jet-carousel__item-inner\"><div class=\"jet-carousel__content\"><h5 class=\"jet-carousel__item-title\"><\/h5><div class=\"jet-carousel__item-text\"><p>\"La plaza del Coliseo es una de las m\u00e1s fascinantes que he visto nunca. La vista de la majestuosa estructura del Coliseo, as\u00ed como la de los restos del Anfiteatro Flavio, te deja sin aliento. La plaza en s\u00ed est\u00e1 siempre muy concurrida, pero nunca se olvida la sensaci\u00f3n de estar en un lugar tan hist\u00f3rico y emblem\u00e1tico\".<\/p><\/div><\/div><\/div>\n<\/div>\n\n<div class=\"jet-carousel__item\">\n\t<div class=\"jet-carousel__item-inner\"><div class=\"jet-carousel__content\"><h5 class=\"jet-carousel__item-title\"><\/h5><div class=\"jet-carousel__item-text\"><p>\"Con adoquines bajo los pies y la imponente arquitectura del Coliseo como tel\u00f3n de fondo, la plaza del Coliseo parece casi un lugar fuera del tiempo en la ciudad de Roma. Es una experiencia realmente \u00fanica pasear por esta plaza y ver probablemente el monumento m\u00e1s famoso del mundo y las ruinas que cuentan la historia de la antigua Roma.\"<\/p><\/div><\/div><\/div>\n<\/div>\n\n<div class=\"jet-carousel__item\">\n\t<div class=\"jet-carousel__item-inner\"><div class=\"jet-carousel__content\"><h5 class=\"jet-carousel__item-title\"><\/h5><div class=\"jet-carousel__item-text\"><p>\"La plaza del Coliseo es el lugar perfecto para una visita nocturna. Las luces que iluminan el Coliseo y sus alrededores crean una atm\u00f3sfera m\u00e1gica y rom\u00e1ntica, mientras que el desierto a menudo te hace sentir que tienes este incre\u00edble lugar para ti solo.\"<\/p><\/div><\/div><\/div>\n<\/div>\n\n<div class=\"jet-carousel__item\">\n\t<div class=\"jet-carousel__item-inner\"><div class=\"jet-carousel__content\"><h5 class=\"jet-carousel__item-title\"><\/h5><div class=\"jet-carousel__item-text\"><p>\"La plaza del Coliseo es sin duda uno de los lugares m\u00e1s tur\u00edsticos de Roma, pero no por ello menos impresionante. La cantidad de gente puede ser un poco asfixiante, pero la visi\u00f3n del hist\u00f3rico Coliseo en el centro de la capital romana es poderosa y hace que todo lo dem\u00e1s pase a un segundo plano.\"<\/p><\/div><\/div><\/div>\n<\/div>\n\n<div class=\"jet-carousel__item\">\n\t<div class=\"jet-carousel__item-inner\"><div class=\"jet-carousel__content\"><h5 class=\"jet-carousel__item-title\"><\/h5><div class=\"jet-carousel__item-text\"><p>\"Entre tantos lugares hist\u00f3ricos y culturales repartidos por Italia, la plaza del Coliseo es uno de los pocos que parecen tener una capacidad m\u00e1gica para estimular la imaginaci\u00f3n y traer la historia a tu conciencia. Poder caminar por una acera por la que han pasado miles de personas y ver el Coliseo esculpido contra el cielo azul es una experiencia \u00fanica y pone de relieve este extraordinario monumento.\"<\/p><\/div><\/div><\/div>\n<\/div>\n<\/div><div class=\"jet-carousel__prev-arrow-75dff37 jet-arrow prev-arrow\"><i aria-hidden=\"true\" class=\"fal fa-chevron-left\"><\/i><\/div><div class=\"jet-carousel__next-arrow-75dff37 jet-arrow next-arrow\"><i aria-hidden=\"true\" class=\"fal fa-chevron-right\"><\/i><\/div><\/div>\n<\/div>\n<\/div>\t\t<\/div>\n\t\t\t\t<\/div>\n\t\t\t\t\t<\/div>\n\t\t\t\t<\/div>\n\t\t\t\t\t<\/div>\n\t\t<\/div>\n\t\t\t\t\t<\/div>\n\t\t<\/section>\n\t\t\t\t<\/div>","protected":false},"excerpt":{"rendered":"<p>Plaza del Coliseo La plaza del Coliseo en el coraz\u00f3n de Roma Este lugar alberga el monumento m\u00e1s famoso del mundo. Descubrir la Plaza del Coliseo en Roma significa hacer un viaje en el tiempo y, al mismo tiempo, admirar una de las siete maravillas del mundo. La plaza del Coliseo en el coraz\u00f3n de Roma En el centro de la plaza del Coliseo [...]<\/p>","protected":false},"author":1,"featured_media":0,"parent":526,"menu_order":5,"comment_status":"closed","ping_status":"closed","template":"","meta":{"site-sidebar-layout":"no-sidebar","site-content-layout":"page-builder","ast-site-content-layout":"full-width-container","site-content-style":"unboxed","site-sidebar-style":"unboxed","ast-global-header-display":"","ast-banner-title-visibility":"","ast-main-header-display":"","ast-hfb-above-header-display":"","ast-hfb-below-header-display":"","ast-hfb-mobile-header-display":"","site-post-title":"disabled","ast-breadcrumbs-content":"","ast-featured-img":"disabled","footer-sml-layout":"","ast-disable-related-posts":"","theme-transparent-header-meta":"default","adv-header-id-meta":"","stick-header-meta":"","header-above-stick-meta":"","header-main-stick-meta":"","header-below-stick-meta":"","astra-migrate-meta-layouts":"default","ast-page-background-enabled":"default","ast-page-background-meta":{"desktop":{"background-color":"var(--ast-global-color-4)","background-image":"","background-repeat":"repeat","background-position":"center center","background-size":"auto","background-attachment":"scroll","background-type":"","background-media":"","overlay-type":"","overlay-color":"","overlay-opacity":"","overlay-gradient":""},"tablet":{"background-color":"","background-image":"","background-repeat":"repeat","background-position":"center center","background-size":"auto","background-attachment":"scroll","background-type":"","background-media":"","overlay-type":"","overlay-color":"","overlay-opacity":"","overlay-gradient":""},"mobile":{"background-color":"","background-image":"","background-repeat":"repeat","background-position":"center center","background-size":"auto","background-attachment":"scroll","background-type":"","background-media":"","overlay-type":"","overlay-color":"","overlay-opacity":"","overlay-gradient":""}},"ast-content-background-meta":{"desktop":{"background-color":"var(--ast-global-color-5)","background-image":"","background-repeat":"repeat","background-position":"center center","background-size":"auto","background-attachment":"scroll","background-type":"","background-media":"","overlay-type":"","overlay-color":"","overlay-opacity":"","overlay-gradient":""},"tablet":{"background-color":"var(--ast-global-color-5)","background-image":"","background-repeat":"repeat","background-position":"center center","background-size":"auto","background-attachment":"scroll","background-type":"","background-media":"","overlay-type":"","overlay-color":"","overlay-opacity":"","overlay-gradient":""},"mobile":{"background-color":"var(--ast-global-color-5)","background-image":"","background-repeat":"repeat","background-position":"center center","background-size":"auto","background-attachment":"scroll","background-type":"","background-media":"","overlay-type":"","overlay-color":"","overlay-opacity":"","overlay-gradient":""}},"iawp_total_views":926,"footnotes":""},"class_list":["post-1198","page","type-page","status-publish","hentry"],"_links":{"self":[{"href":"https:\/\/colosseo-roma.it\/es\/wp-json\/wp\/v2\/pages\/1198","targetHints":{"allow":["GET"]}}],"collection":[{"href":"https:\/\/colosseo-roma.it\/es\/wp-json\/wp\/v2\/pages"}],"about":[{"href":"https:\/\/colosseo-roma.it\/es\/wp-json\/wp\/v2\/types\/page"}],"author":[{"embeddable":true,"href":"https:\/\/colosseo-roma.it\/es\/wp-json\/wp\/v2\/users\/1"}],"replies":[{"embeddable":true,"href":"https:\/\/colosseo-roma.it\/es\/wp-json\/wp\/v2\/comments?post=1198"}],"version-history":[{"count":0,"href":"https:\/\/colosseo-roma.it\/es\/wp-json\/wp\/v2\/pages\/1198\/revisions"}],"up":[{"embeddable":true,"href":"https:\/\/colosseo-roma.it\/es\/wp-json\/wp\/v2\/pages\/526"}],"wp:attachment":[{"href":"https:\/\/colosseo-roma.it\/es\/wp-json\/wp\/v2\/media?parent=1198"}],"curies":[{"name":"wp","href":"https:\/\/api.w.org\/{rel}","templated":true}]}}