{"id":513,"date":"2023-03-28T09:13:38","date_gmt":"2023-03-28T08:13:38","guid":{"rendered":"https:\/\/wordpress-1074717-3818660.cloudwaysapps.com\/?page_id=513"},"modified":"2026-01-26T17:12:37","modified_gmt":"2026-01-26T16:12:37","slug":"coches","status":"publish","type":"page","link":"https:\/\/colosseo-roma.it\/es\/visite\/como-llegar\/coches\/","title":{"rendered":"Coche"},"content":{"rendered":"<div data-elementor-type=\"wp-page\" data-elementor-id=\"513\" class=\"elementor elementor-513\" data-elementor-post-type=\"page\">\n\t\t\t\t\t\t<section class=\"elementor-section elementor-top-section elementor-element elementor-element-5692cc6 elementor-section-boxed elementor-section-height-default elementor-section-height-default\" data-id=\"5692cc6\" data-element_type=\"section\" data-settings=\"{&quot;jet_parallax_layout_list&quot;:[],&quot;ekit_has_onepagescroll_dot&quot;:&quot;yes&quot;}\">\n\t\t\t\t\t\t<div class=\"elementor-container elementor-column-gap-default\">\n\t\t\t\t\t<div class=\"elementor-column elementor-col-100 elementor-top-column elementor-element elementor-element-cdf2143\" data-id=\"cdf2143\" data-element_type=\"column\" data-settings=\"{&quot;background_background&quot;:&quot;classic&quot;}\">\n\t\t\t<div class=\"elementor-widget-wrap elementor-element-populated\">\n\t\t\t\t\t\t<div class=\"elementor-element elementor-element-a663f07 elementor-widget elementor-widget-heading\" data-id=\"a663f07\" data-element_type=\"widget\" data-settings=\"{&quot;ekit_we_effect_on&quot;:&quot;none&quot;}\" data-widget_type=\"heading.default\">\n\t\t\t\t<div class=\"elementor-widget-container\">\n\t\t\t<h1 class=\"elementor-heading-title elementor-size-default\">C\u00f3mo llegar al Coliseo en coche<\/h1>\t\t<\/div>\n\t\t\t\t<\/div>\n\t\t\t\t<div class=\"elementor-element elementor-element-97ca5f0 elementor-widget elementor-widget-text-editor\" data-id=\"97ca5f0\" data-element_type=\"widget\" data-settings=\"{&quot;ekit_we_effect_on&quot;:&quot;none&quot;}\" data-widget_type=\"text-editor.default\">\n\t\t\t\t<div class=\"elementor-widget-container\">\n\t\t\t\t\t\t\t<p>Llegar al Coliseo en coche no es una opci\u00f3n para acceder a la atracci\u00f3n tur\u00edstica, ya que los alrededores del monumento est\u00e1n muy concurridos.<\/p><p>Sin embargo, si tiene que ir al Coliseo en coche, hay algunos aparcamientos de pago cerca.<\/p><p><strong>Los aparcamientos m\u00e1s funcionales son<\/strong><\/p><ul><li>Servicio del Parque del Coliseo: 4 euros por hora<\/li><li>Parque del Coliseo: 8 euros por 2 horas<\/li><li>Supergarage Metronio: 22,93 euros por d\u00eda<\/li><\/ul><p>Una opci\u00f3n mucho m\u00e1s recomendable es aparcar el coche fuera del centro hist\u00f3rico de Roma, en el <strong>Aparcamientos de intercambio ATAC.<\/strong> Son aparcamientos muy funcionales y baratos. Desde all\u00ed, basta con tomar el metro para desplazarse por el interior de Roma.<\/p><p>Si quiere adentrarse en Roma en coche, le recomendamos el <strong>Aparcamiento de la estaci\u00f3n Termini<\/strong>ya que desde all\u00ed se puede llegar al Coliseo en unos 20 minutos a pie o en metro.<\/p><p>Alternativamente, hay una serie de aparcamientos de pago situados en diferentes partes de la ciudad, que pueden resultarle \u00fatiles en funci\u00f3n de su posici\u00f3n de partida y de la ruta de viaje prevista.<\/p><p>Sin embargo, si est\u00e1 planeando una visita a Roma y al Coliseo, <strong>Le aconsejo que utilice el transporte p\u00fablico<\/strong> como el metro o el autob\u00fas, ya que las calles del centro est\u00e1n atestadas de tr\u00e1fico y aparcar el coche puede ser una experiencia bastante inc\u00f3moda.<\/p>\t\t\t\t\t\t<\/div>\n\t\t\t\t<\/div>\n\t\t\t\t\t<\/div>\n\t\t<\/div>\n\t\t\t\t\t<\/div>\n\t\t<\/section>\n\t\t\t\t<\/div>","protected":false},"excerpt":{"rendered":"<p>C\u00f3mo llegar al Coliseo en coche Llegar al Coliseo en coche no es una opci\u00f3n para llegar a la atracci\u00f3n tur\u00edstica, ya que la zona del monumento est\u00e1 muy concurrida. Sin embargo, si tiene que ir al Coliseo en coche, hay algunos aparcamientos de pago en las inmediaciones. Los aparcamientos m\u00e1s funcionales son los siguientes Colosseum Park Service: 4\u20ac por hora [...].<\/p>","protected":false},"author":1,"featured_media":0,"parent":42,"menu_order":3,"comment_status":"closed","ping_status":"closed","template":"","meta":{"site-sidebar-layout":"no-sidebar","site-content-layout":"page-builder","ast-site-content-layout":"full-width-container","site-content-style":"unboxed","site-sidebar-style":"unboxed","ast-global-header-display":"","ast-banner-title-visibility":"","ast-main-header-display":"","ast-hfb-above-header-display":"","ast-hfb-below-header-display":"","ast-hfb-mobile-header-display":"","site-post-title":"disabled","ast-breadcrumbs-content":"","ast-featured-img":"disabled","footer-sml-layout":"","ast-disable-related-posts":"","theme-transparent-header-meta":"default","adv-header-id-meta":"","stick-header-meta":"","header-above-stick-meta":"","header-main-stick-meta":"","header-below-stick-meta":"","astra-migrate-meta-layouts":"set","ast-page-background-enabled":"default","ast-page-background-meta":{"desktop":{"background-color":"var(--ast-global-color-4)","background-image":"","background-repeat":"repeat","background-position":"center center","background-size":"auto","background-attachment":"scroll","background-type":"","background-media":"","overlay-type":"","overlay-color":"","overlay-opacity":"","overlay-gradient":""},"tablet":{"background-color":"","background-image":"","background-repeat":"repeat","background-position":"center center","background-size":"auto","background-attachment":"scroll","background-type":"","background-media":"","overlay-type":"","overlay-color":"","overlay-opacity":"","overlay-gradient":""},"mobile":{"background-color":"","background-image":"","background-repeat":"repeat","background-position":"center center","background-size":"auto","background-attachment":"scroll","background-type":"","background-media":"","overlay-type":"","overlay-color":"","overlay-opacity":"","overlay-gradient":""}},"ast-content-background-meta":{"desktop":{"background-color":"var(--ast-global-color-5)","background-image":"","background-repeat":"repeat","background-position":"center center","background-size":"auto","background-attachment":"scroll","background-type":"","background-media":"","overlay-type":"","overlay-color":"","overlay-opacity":"","overlay-gradient":""},"tablet":{"background-color":"var(--ast-global-color-5)","background-image":"","background-repeat":"repeat","background-position":"center center","background-size":"auto","background-attachment":"scroll","background-type":"","background-media":"","overlay-type":"","overlay-color":"","overlay-opacity":"","overlay-gradient":""},"mobile":{"background-color":"var(--ast-global-color-5)","background-image":"","background-repeat":"repeat","background-position":"center center","background-size":"auto","background-attachment":"scroll","background-type":"","background-media":"","overlay-type":"","overlay-color":"","overlay-opacity":"","overlay-gradient":""}},"iawp_total_views":2353,"footnotes":""},"class_list":["post-513","page","type-page","status-publish","hentry"],"_links":{"self":[{"href":"https:\/\/colosseo-roma.it\/es\/wp-json\/wp\/v2\/pages\/513","targetHints":{"allow":["GET"]}}],"collection":[{"href":"https:\/\/colosseo-roma.it\/es\/wp-json\/wp\/v2\/pages"}],"about":[{"href":"https:\/\/colosseo-roma.it\/es\/wp-json\/wp\/v2\/types\/page"}],"author":[{"embeddable":true,"href":"https:\/\/colosseo-roma.it\/es\/wp-json\/wp\/v2\/users\/1"}],"replies":[{"embeddable":true,"href":"https:\/\/colosseo-roma.it\/es\/wp-json\/wp\/v2\/comments?post=513"}],"version-history":[{"count":0,"href":"https:\/\/colosseo-roma.it\/es\/wp-json\/wp\/v2\/pages\/513\/revisions"}],"up":[{"embeddable":true,"href":"https:\/\/colosseo-roma.it\/es\/wp-json\/wp\/v2\/pages\/42"}],"wp:attachment":[{"href":"https:\/\/colosseo-roma.it\/es\/wp-json\/wp\/v2\/media?parent=513"}],"curies":[{"name":"wp","href":"https:\/\/api.w.org\/{rel}","templated":true}]}}