{"id":515,"date":"2023-03-28T09:13:47","date_gmt":"2023-03-28T08:13:47","guid":{"rendered":"https:\/\/wordpress-1074717-3818660.cloudwaysapps.com\/?page_id=515"},"modified":"2026-01-26T17:12:26","modified_gmt":"2026-01-26T16:12:26","slug":"metro","status":"publish","type":"page","link":"https:\/\/colosseo-roma.it\/es\/visite\/como-llegar\/metro\/","title":{"rendered":"Metro"},"content":{"rendered":"<div data-elementor-type=\"wp-page\" data-elementor-id=\"515\" class=\"elementor elementor-515\" data-elementor-post-type=\"page\">\n\t\t\t\t\t\t<section class=\"elementor-section elementor-top-section elementor-element elementor-element-0fb4f47 elementor-section-boxed elementor-section-height-default elementor-section-height-default\" data-id=\"0fb4f47\" data-element_type=\"section\" data-settings=\"{&quot;jet_parallax_layout_list&quot;:[],&quot;ekit_has_onepagescroll_dot&quot;:&quot;yes&quot;}\">\n\t\t\t\t\t\t<div class=\"elementor-container elementor-column-gap-default\">\n\t\t\t\t\t<div class=\"elementor-column elementor-col-100 elementor-top-column elementor-element elementor-element-4208249\" data-id=\"4208249\" data-element_type=\"column\" data-settings=\"{&quot;background_background&quot;:&quot;classic&quot;}\">\n\t\t\t<div class=\"elementor-widget-wrap elementor-element-populated\">\n\t\t\t\t\t\t<div class=\"elementor-element elementor-element-ea5c774 elementor-widget elementor-widget-heading\" data-id=\"ea5c774\" data-element_type=\"widget\" data-settings=\"{&quot;ekit_we_effect_on&quot;:&quot;none&quot;}\" data-widget_type=\"heading.default\">\n\t\t\t\t<div class=\"elementor-widget-container\">\n\t\t\t<h1 class=\"elementor-heading-title elementor-size-default\">Parada de metro Colosseo<\/h1>\t\t<\/div>\n\t\t\t\t<\/div>\n\t\t\t\t<div class=\"elementor-element elementor-element-a13ccf3 elementor-widget elementor-widget-heading\" data-id=\"a13ccf3\" data-element_type=\"widget\" data-settings=\"{&quot;ekit_we_effect_on&quot;:&quot;none&quot;}\" data-widget_type=\"heading.default\">\n\t\t\t\t<div class=\"elementor-widget-container\">\n\t\t\t<h4 class=\"elementor-heading-title elementor-size-default\">\u00bfCu\u00e1l es la parada de metro para visitar el Coliseo? <\/h4>\t\t<\/div>\n\t\t\t\t<\/div>\n\t\t\t\t<div class=\"elementor-element elementor-element-b4a2803 elementor-widget elementor-widget-text-editor\" data-id=\"b4a2803\" data-element_type=\"widget\" data-settings=\"{&quot;ekit_we_effect_on&quot;:&quot;none&quot;}\" data-widget_type=\"text-editor.default\">\n\t\t\t\t<div class=\"elementor-widget-container\">\n\t\t\t\t\t\t\t<ul><li>Para llegar al Coliseo basta con tomar el <strong>l\u00ednea b parada coliseo.\u00a0<\/strong><\/li><\/ul><p><strong>Coliseo<\/strong> es una parada en el <strong>L\u00ednea B del metro de Roma<\/strong>situado en el barrio de Monti e inaugurado en 1955.\u00a0<\/p><p>La parada tiene dos entradas: la primera en la Piazza del Colosseo y la segunda en Largo Gaetana Agnesi.<\/p><p>Frente a la entrada principal de la estaci\u00f3n se encuentra el <strong>Coliseo<\/strong> y el<strong>Arco de Constantino<\/strong>avanzando por Via dei Fori Imperiali se llega a <strong>Plaza Venecia<\/strong> y el <strong>Capitol<\/strong> as\u00ed como vecinos <strong>yacimientos arqueol\u00f3gicos del Foro Romano<\/strong>de la <strong>Palatine<\/strong>de la <strong>Ludus Magnus<\/strong>de la <strong>Domus Aurea<\/strong> y el <strong>Foros Imperiales<\/strong>.<\/p><p>Tambi\u00e9n cerca de la estaci\u00f3n se encuentran: Colle Oppio, con el <strong>Bas\u00edlica de San Pedro Encadenado<\/strong> y algunos vestigios de la Domus Aurea, la <strong>Bas\u00edlica de Santo Stefano Rotondo al Celio<\/strong>El <strong>Bas\u00edlica de los Santos Juan y Pablo<\/strong>El <strong>Bas\u00edlica de los Cuatro Santos Coronados<\/strong>El <strong>Bas\u00edlica de San Clemente al Laterano<\/strong> y el <strong>Bas\u00edlica de los Santos Cosme y Dami\u00e1n.<\/strong><\/p>\t\t\t\t\t\t<\/div>\n\t\t\t\t<\/div>\n\t\t\t\t<div class=\"elementor-element elementor-element-92707de elementor-widget elementor-widget-heading\" data-id=\"92707de\" data-element_type=\"widget\" data-settings=\"{&quot;ekit_we_effect_on&quot;:&quot;none&quot;}\" data-widget_type=\"heading.default\">\n\t\t\t\t<div class=\"elementor-widget-container\">\n\t\t\t<h4 class=\"elementor-heading-title elementor-size-default\">Enlace de metro Colosseo: L\u00ednea B - Azul<\/h4>\t\t<\/div>\n\t\t\t\t<\/div>\n\t\t\t\t<div class=\"elementor-element elementor-element-2bd55ec elementor-widget elementor-widget-text-editor\" data-id=\"2bd55ec\" data-element_type=\"widget\" data-settings=\"{&quot;ekit_we_effect_on&quot;:&quot;none&quot;}\" data-widget_type=\"text-editor.default\">\n\t\t\t\t<div class=\"elementor-widget-container\">\n\t\t\t\t\t\t\t<ul><li><p>A trav\u00e9s de Roma <strong>noreste a sur<\/strong>de Rebibbia a Laurentina. Las paradas m\u00e1s importantes son:<\/p><ul><li>Termini: punto de conexi\u00f3n entre el metro y la estaci\u00f3n de ferrocarril, donde llegan los trenes procedentes de Fiumicino.<\/li><li><strong>Coliseo: Parada cerca del Coliseo y del Foro Romano<\/strong><\/li><li>Piramide: Si llega en tren regional desde Fiumicino, puede tomar el metro aqu\u00ed.\u00a0<\/li><\/ul><\/li><\/ul>\t\t\t\t\t\t<\/div>\n\t\t\t\t<\/div>\n\t\t\t\t<div class=\"elementor-element elementor-element-187db69 elementor-widget elementor-widget-heading\" data-id=\"187db69\" data-element_type=\"widget\" data-settings=\"{&quot;ekit_we_effect_on&quot;:&quot;none&quot;}\" data-widget_type=\"heading.default\">\n\t\t\t\t<div class=\"elementor-widget-container\">\n\t\t\t<h4 class=\"elementor-heading-title elementor-size-default\">Toda la informaci\u00f3n sobre el metro de Roma<\/h4>\t\t<\/div>\n\t\t\t\t<\/div>\n\t\t\t\t<div class=\"elementor-element elementor-element-ad4877b elementor-widget elementor-widget-text-editor\" data-id=\"ad4877b\" data-element_type=\"widget\" data-settings=\"{&quot;ekit_we_effect_on&quot;:&quot;none&quot;}\" data-widget_type=\"text-editor.default\">\n\t\t\t\t<div class=\"elementor-widget-container\">\n\t\t\t\t\t\t\t<p><strong>Horario\u00a0<\/strong><\/p><ul><li>El metro est\u00e1 abierto todos los d\u00edas <strong>de 5.30 a 23.30 h.<\/strong>.<\/li><li>Los viernes y s\u00e1bados funciona hasta la 01:30 horas.<\/li><li>Los billetes de metro pueden adquirirse en las taquillas de las estaciones, quioscos o estancos.<\/li><li>Es importante disponer de billetes o de un abono antes de subir a otros transportes p\u00fablicos locales, como autobuses o tranv\u00edas, ya que no es posible comprar billetes a bordo.<\/li><\/ul>\t\t\t\t\t\t<\/div>\n\t\t\t\t<\/div>\n\t\t\t\t<div class=\"elementor-element elementor-element-1b6712c elementor-widget elementor-widget-heading\" data-id=\"1b6712c\" data-element_type=\"widget\" data-settings=\"{&quot;ekit_we_effect_on&quot;:&quot;none&quot;}\" data-widget_type=\"heading.default\">\n\t\t\t\t<div class=\"elementor-widget-container\">\n\t\t\t<div class=\"elementor-heading-title elementor-size-default\">Recuerde bajar en la parada del Coliseo\n\n<\/div>\t\t<\/div>\n\t\t\t\t<\/div>\n\t\t\t\t\t<\/div>\n\t\t<\/div>\n\t\t\t\t\t<\/div>\n\t\t<\/section>\n\t\t\t\t<\/div>","protected":false},"excerpt":{"rendered":"<p>Fermata Metro Colosseo Quale \u00e8 la fermata metro per visitare il Colosseo? Per raggiungere il Colosseo basta prendere la linea b fermata colosseo.\u00a0 Colosseo \u00e8 una fermata della linea B della metropolitana di Roma, situata nel rione Monti e inaugurata nel 1955. La fermata dispone di due ingressi: il primo in piazza del Colosseo e [&hellip;]<\/p>","protected":false},"author":1,"featured_media":0,"parent":42,"menu_order":1,"comment_status":"closed","ping_status":"closed","template":"","meta":{"site-sidebar-layout":"no-sidebar","site-content-layout":"page-builder","ast-site-content-layout":"full-width-container","site-content-style":"unboxed","site-sidebar-style":"unboxed","ast-global-header-display":"","ast-banner-title-visibility":"","ast-main-header-display":"","ast-hfb-above-header-display":"","ast-hfb-below-header-display":"","ast-hfb-mobile-header-display":"","site-post-title":"disabled","ast-breadcrumbs-content":"","ast-featured-img":"disabled","footer-sml-layout":"","ast-disable-related-posts":"","theme-transparent-header-meta":"default","adv-header-id-meta":"","stick-header-meta":"","header-above-stick-meta":"","header-main-stick-meta":"","header-below-stick-meta":"","astra-migrate-meta-layouts":"set","ast-page-background-enabled":"default","ast-page-background-meta":{"desktop":{"background-color":"var(--ast-global-color-4)","background-image":"","background-repeat":"repeat","background-position":"center center","background-size":"auto","background-attachment":"scroll","background-type":"","background-media":"","overlay-type":"","overlay-color":"","overlay-opacity":"","overlay-gradient":""},"tablet":{"background-color":"","background-image":"","background-repeat":"repeat","background-position":"center center","background-size":"auto","background-attachment":"scroll","background-type":"","background-media":"","overlay-type":"","overlay-color":"","overlay-opacity":"","overlay-gradient":""},"mobile":{"background-color":"","background-image":"","background-repeat":"repeat","background-position":"center center","background-size":"auto","background-attachment":"scroll","background-type":"","background-media":"","overlay-type":"","overlay-color":"","overlay-opacity":"","overlay-gradient":""}},"ast-content-background-meta":{"desktop":{"background-color":"var(--ast-global-color-5)","background-image":"","background-repeat":"repeat","background-position":"center center","background-size":"auto","background-attachment":"scroll","background-type":"","background-media":"","overlay-type":"","overlay-color":"","overlay-opacity":"","overlay-gradient":""},"tablet":{"background-color":"var(--ast-global-color-5)","background-image":"","background-repeat":"repeat","background-position":"center center","background-size":"auto","background-attachment":"scroll","background-type":"","background-media":"","overlay-type":"","overlay-color":"","overlay-opacity":"","overlay-gradient":""},"mobile":{"background-color":"var(--ast-global-color-5)","background-image":"","background-repeat":"repeat","background-position":"center center","background-size":"auto","background-attachment":"scroll","background-type":"","background-media":"","overlay-type":"","overlay-color":"","overlay-opacity":"","overlay-gradient":""}},"iawp_total_views":13819,"footnotes":""},"class_list":["post-515","page","type-page","status-publish","hentry"],"_links":{"self":[{"href":"https:\/\/colosseo-roma.it\/es\/wp-json\/wp\/v2\/pages\/515","targetHints":{"allow":["GET"]}}],"collection":[{"href":"https:\/\/colosseo-roma.it\/es\/wp-json\/wp\/v2\/pages"}],"about":[{"href":"https:\/\/colosseo-roma.it\/es\/wp-json\/wp\/v2\/types\/page"}],"author":[{"embeddable":true,"href":"https:\/\/colosseo-roma.it\/es\/wp-json\/wp\/v2\/users\/1"}],"replies":[{"embeddable":true,"href":"https:\/\/colosseo-roma.it\/es\/wp-json\/wp\/v2\/comments?post=515"}],"version-history":[{"count":0,"href":"https:\/\/colosseo-roma.it\/es\/wp-json\/wp\/v2\/pages\/515\/revisions"}],"up":[{"embeddable":true,"href":"https:\/\/colosseo-roma.it\/es\/wp-json\/wp\/v2\/pages\/42"}],"wp:attachment":[{"href":"https:\/\/colosseo-roma.it\/es\/wp-json\/wp\/v2\/media?parent=515"}],"curies":[{"name":"wp","href":"https:\/\/api.w.org\/{rel}","templated":true}]}}