{"id":516,"date":"2023-03-28T09:13:59","date_gmt":"2023-03-28T08:13:59","guid":{"rendered":"https:\/\/wordpress-1074717-3818660.cloudwaysapps.com\/?page_id=516"},"modified":"2026-01-26T17:12:22","modified_gmt":"2026-01-26T16:12:22","slug":"autobus","status":"publish","type":"page","link":"https:\/\/colosseo-roma.it\/es\/visite\/como-llegar\/autobus\/","title":{"rendered":"Autob\u00fas"},"content":{"rendered":"<div data-elementor-type=\"wp-page\" data-elementor-id=\"516\" class=\"elementor elementor-516\" data-elementor-post-type=\"page\">\n\t\t\t\t\t\t<section class=\"elementor-section elementor-top-section elementor-element elementor-element-7ba6fb9 elementor-section-boxed elementor-section-height-default elementor-section-height-default\" data-id=\"7ba6fb9\" data-element_type=\"section\" data-settings=\"{&quot;jet_parallax_layout_list&quot;:[],&quot;ekit_has_onepagescroll_dot&quot;:&quot;yes&quot;}\">\n\t\t\t\t\t\t<div class=\"elementor-container elementor-column-gap-default\">\n\t\t\t\t\t<div class=\"elementor-column elementor-col-100 elementor-top-column elementor-element elementor-element-aa82c96\" data-id=\"aa82c96\" data-element_type=\"column\" data-settings=\"{&quot;background_background&quot;:&quot;classic&quot;}\">\n\t\t\t<div class=\"elementor-widget-wrap elementor-element-populated\">\n\t\t\t\t\t\t<div class=\"elementor-element elementor-element-3156afc elementor-widget elementor-widget-heading\" data-id=\"3156afc\" data-element_type=\"widget\" data-settings=\"{&quot;ekit_we_effect_on&quot;:&quot;none&quot;}\" data-widget_type=\"heading.default\">\n\t\t\t\t<div class=\"elementor-widget-container\">\n\t\t\t<h1 class=\"elementor-heading-title elementor-size-default\">C\u00f3mo llegar al Coliseo en autob\u00fas<\/h1>\t\t<\/div>\n\t\t\t\t<\/div>\n\t\t\t\t<div class=\"elementor-element elementor-element-4f8f27a elementor-widget elementor-widget-text-editor\" data-id=\"4f8f27a\" data-element_type=\"widget\" data-settings=\"{&quot;ekit_we_effect_on&quot;:&quot;none&quot;}\" data-widget_type=\"text-editor.default\">\n\t\t\t\t<div class=\"elementor-widget-container\">\n\t\t\t\t\t\t\t<p>Para llegar al Coliseo de Roma en autob\u00fas, existen varias opciones en funci\u00f3n de su ubicaci\u00f3n inicial en Roma.<\/p><p>He aqu\u00ed algunos de los principales itinerarios:<\/p><ul><li><strong>Desde la estaci\u00f3n Termini de Roma<\/strong>tome el autob\u00fas 75 en direcci\u00f3n Poerio-Marmorata y b\u00e1jese en la parada <strong>Coliseo-Celio\/Museos Capitolinos<\/strong>. Esta parada se encuentra a pocos pasos de la entrada principal del Coliseo.<\/li><li><strong>Desde la estaci\u00f3n Tiburtina de Roma<\/strong>Tome el autob\u00fas n\u00ba 714 en direcci\u00f3n a Palazzo Sport y b\u00e1jese en la parada Colosseo-Gladiatori. Esta parada se encuentra a pocos pasos del Coliseo.<\/li><li><strong>Desde la estaci\u00f3n Ostiense de Roma<\/strong>Tome el autob\u00fas n\u00famero 170 en direcci\u00f3n Clodio-Cipro y b\u00e1jese en la parada Piazza del Colosseo. Desde aqu\u00ed, el Coliseo est\u00e1 a s\u00f3lo unos minutos a pie.<\/li><\/ul><p>Adem\u00e1s de estas opciones, hay otros autobuses disponibles que le llevar\u00e1n a las inmediaciones del Coliseo, por lo que conviene consultar el mapa y los horarios de los autobuses de Roma para encontrar la mejor soluci\u00f3n en funci\u00f3n de su posici\u00f3n de partida.<\/p>\t\t\t\t\t\t<\/div>\n\t\t\t\t<\/div>\n\t\t\t\t\t<\/div>\n\t\t<\/div>\n\t\t\t\t\t<\/div>\n\t\t<\/section>\n\t\t\t\t<\/div>","protected":false},"excerpt":{"rendered":"<p>C\u00f3mo llegar al Coliseo en autob\u00fas Para llegar al Coliseo de Roma en autob\u00fas, existen varias opciones en funci\u00f3n de su ubicaci\u00f3n inicial en la ciudad de Roma. \u00c9stas son algunas de las principales rutas: Desde la estaci\u00f3n Termini de Roma: tome el autob\u00fas n\u00famero 75 en direcci\u00f3n Poerio-Marmorata y baje en la parada Colosseo-Celio\/Musei Capitolini. Esta parada se encuentra [...]<\/p>","protected":false},"author":1,"featured_media":0,"parent":42,"menu_order":2,"comment_status":"closed","ping_status":"closed","template":"","meta":{"site-sidebar-layout":"no-sidebar","site-content-layout":"page-builder","ast-site-content-layout":"full-width-container","site-content-style":"unboxed","site-sidebar-style":"unboxed","ast-global-header-display":"","ast-banner-title-visibility":"","ast-main-header-display":"","ast-hfb-above-header-display":"","ast-hfb-below-header-display":"","ast-hfb-mobile-header-display":"","site-post-title":"disabled","ast-breadcrumbs-content":"","ast-featured-img":"disabled","footer-sml-layout":"","ast-disable-related-posts":"","theme-transparent-header-meta":"default","adv-header-id-meta":"","stick-header-meta":"","header-above-stick-meta":"","header-main-stick-meta":"","header-below-stick-meta":"","astra-migrate-meta-layouts":"set","ast-page-background-enabled":"default","ast-page-background-meta":{"desktop":{"background-color":"var(--ast-global-color-4)","background-image":"","background-repeat":"repeat","background-position":"center center","background-size":"auto","background-attachment":"scroll","background-type":"","background-media":"","overlay-type":"","overlay-color":"","overlay-opacity":"","overlay-gradient":""},"tablet":{"background-color":"","background-image":"","background-repeat":"repeat","background-position":"center center","background-size":"auto","background-attachment":"scroll","background-type":"","background-media":"","overlay-type":"","overlay-color":"","overlay-opacity":"","overlay-gradient":""},"mobile":{"background-color":"","background-image":"","background-repeat":"repeat","background-position":"center center","background-size":"auto","background-attachment":"scroll","background-type":"","background-media":"","overlay-type":"","overlay-color":"","overlay-opacity":"","overlay-gradient":""}},"ast-content-background-meta":{"desktop":{"background-color":"var(--ast-global-color-5)","background-image":"","background-repeat":"repeat","background-position":"center center","background-size":"auto","background-attachment":"scroll","background-type":"","background-media":"","overlay-type":"","overlay-color":"","overlay-opacity":"","overlay-gradient":""},"tablet":{"background-color":"var(--ast-global-color-5)","background-image":"","background-repeat":"repeat","background-position":"center center","background-size":"auto","background-attachment":"scroll","background-type":"","background-media":"","overlay-type":"","overlay-color":"","overlay-opacity":"","overlay-gradient":""},"mobile":{"background-color":"var(--ast-global-color-5)","background-image":"","background-repeat":"repeat","background-position":"center center","background-size":"auto","background-attachment":"scroll","background-type":"","background-media":"","overlay-type":"","overlay-color":"","overlay-opacity":"","overlay-gradient":""}},"iawp_total_views":1457,"footnotes":""},"class_list":["post-516","page","type-page","status-publish","hentry"],"_links":{"self":[{"href":"https:\/\/colosseo-roma.it\/es\/wp-json\/wp\/v2\/pages\/516","targetHints":{"allow":["GET"]}}],"collection":[{"href":"https:\/\/colosseo-roma.it\/es\/wp-json\/wp\/v2\/pages"}],"about":[{"href":"https:\/\/colosseo-roma.it\/es\/wp-json\/wp\/v2\/types\/page"}],"author":[{"embeddable":true,"href":"https:\/\/colosseo-roma.it\/es\/wp-json\/wp\/v2\/users\/1"}],"replies":[{"embeddable":true,"href":"https:\/\/colosseo-roma.it\/es\/wp-json\/wp\/v2\/comments?post=516"}],"version-history":[{"count":0,"href":"https:\/\/colosseo-roma.it\/es\/wp-json\/wp\/v2\/pages\/516\/revisions"}],"up":[{"embeddable":true,"href":"https:\/\/colosseo-roma.it\/es\/wp-json\/wp\/v2\/pages\/42"}],"wp:attachment":[{"href":"https:\/\/colosseo-roma.it\/es\/wp-json\/wp\/v2\/media?parent=516"}],"curies":[{"name":"wp","href":"https:\/\/api.w.org\/{rel}","templated":true}]}}