{"id":528,"date":"2023-03-28T09:17:41","date_gmt":"2023-03-28T08:17:41","guid":{"rendered":"https:\/\/wordpress-1074717-3818660.cloudwaysapps.com\/?page_id=528"},"modified":"2026-01-26T17:11:52","modified_gmt":"2026-01-26T16:11:52","slug":"coliseo","status":"publish","type":"page","link":"https:\/\/colosseo-roma.it\/es\/explore\/coliseo\/","title":{"rendered":"Coliseo"},"content":{"rendered":"<div data-elementor-type=\"wp-page\" data-elementor-id=\"528\" class=\"elementor elementor-528\" data-elementor-post-type=\"page\">\n\t\t\t\t\t\t<section class=\"elementor-section elementor-top-section elementor-element elementor-element-f7c0010 elementor-section-boxed elementor-section-height-default elementor-section-height-default\" data-id=\"f7c0010\" data-element_type=\"section\" data-settings=\"{&quot;jet_parallax_layout_list&quot;:[],&quot;ekit_has_onepagescroll_dot&quot;:&quot;yes&quot;}\">\n\t\t\t\t\t\t<div class=\"elementor-container elementor-column-gap-default\">\n\t\t\t\t\t<div class=\"elementor-column elementor-col-100 elementor-top-column elementor-element elementor-element-c1d5877\" data-id=\"c1d5877\" data-element_type=\"column\" data-settings=\"{&quot;background_background&quot;:&quot;classic&quot;}\">\n\t\t\t<div class=\"elementor-widget-wrap elementor-element-populated\">\n\t\t\t\t\t\t<div class=\"elementor-element elementor-element-2b03883 elementor-widget elementor-widget-heading\" data-id=\"2b03883\" data-element_type=\"widget\" data-settings=\"{&quot;ekit_we_effect_on&quot;:&quot;none&quot;}\" data-widget_type=\"heading.default\">\n\t\t\t\t<div class=\"elementor-widget-container\">\n\t\t\t<h1 class=\"elementor-heading-title elementor-size-default\">El Coliseo<\/h1>\t\t<\/div>\n\t\t\t\t<\/div>\n\t\t\t\t<div class=\"elementor-element elementor-element-3c63e13 elementor-widget elementor-widget-text-editor\" data-id=\"3c63e13\" data-element_type=\"widget\" data-settings=\"{&quot;ekit_we_effect_on&quot;:&quot;none&quot;}\" data-widget_type=\"text-editor.default\">\n\t\t\t\t<div class=\"elementor-widget-container\">\n\t\t\t\t\t\t\t<p>Visitar el Coliseo es una experiencia \u00fanica e inolvidable que le permitir\u00e1 sumergirse en la historia y la belleza de uno de los monumentos m\u00e1s emblem\u00e1ticos del mundo.<\/p>\t\t\t\t\t\t<\/div>\n\t\t\t\t<\/div>\n\t\t\t\t<div class=\"elementor-element elementor-element-cbf735d elementor-widget elementor-widget-html\" data-id=\"cbf735d\" data-element_type=\"widget\" data-settings=\"{&quot;ekit_we_effect_on&quot;:&quot;none&quot;}\" data-widget_type=\"html.default\">\n\t\t\t\t<div class=\"elementor-widget-container\">\n\t\t\t<div data-tiqets-widget=\"discovery\" data-cards-layout=\"responsive\" data-content-type=\"product\" data-item_count=\"4\" data-destination-type=\"venue\" data-destination-id=\"145769\" data-partner=\"colosseo_roma\" data-tq-campaign=\"colosseo\"><\/div><script defer src=\"https:\/\/widgets.tiqets.com\/loader.js\"><\/script>\t\t<\/div>\n\t\t\t\t<\/div>\n\t\t\t\t<div class=\"elementor-element elementor-element-cf9137a elementor-widget elementor-widget-heading\" data-id=\"cf9137a\" data-element_type=\"widget\" data-settings=\"{&quot;ekit_we_effect_on&quot;:&quot;none&quot;}\" data-widget_type=\"heading.default\">\n\t\t\t\t<div class=\"elementor-widget-container\">\n\t\t\t<h3 class=\"elementor-heading-title elementor-size-default\">El anfiteatro Flavio<\/h3>\t\t<\/div>\n\t\t\t\t<\/div>\n\t\t\t\t<div class=\"elementor-element elementor-element-1fcfaad elementor-widget elementor-widget-text-editor\" data-id=\"1fcfaad\" data-element_type=\"widget\" data-settings=\"{&quot;ekit_we_effect_on&quot;:&quot;none&quot;}\" data-widget_type=\"text-editor.default\">\n\t\t\t\t<div class=\"elementor-widget-container\">\n\t\t\t\t\t\t\t<p>El antiguo anfiteatro Flavio, construido en el siglo I d.C. en Roma, fue rebautizado con el nombre de \"Coliseo\" en el siglo VIII debido a su proximidad con el Coloso Neroniano. La etimolog\u00eda del nuevo nombre ha dado lugar a varias hip\u00f3tesis: algunos ven en el apelativo \"Coliseo\" una referencia a las proporciones \"colosales\" del edificio, mientras que otros aluden a la proximidad del Coloso de Ner\u00f3n, sugiriendo que la gente dec\u00eda \"ad Colossum eo\", es decir, \"voy al Coloso\". Otra teor\u00eda propone que el nombre deriva del antiguo t\u00e9rmino \"Collis Isei\", que significaba el templo de Isis situado en el cercano Colle Oppio.<\/p>\t\t\t\t\t\t<\/div>\n\t\t\t\t<\/div>\n\t\t\t\t<div class=\"elementor-element elementor-element-7b72c82 elementor-widget elementor-widget-heading\" data-id=\"7b72c82\" data-element_type=\"widget\" data-settings=\"{&quot;ekit_we_effect_on&quot;:&quot;none&quot;}\" data-widget_type=\"heading.default\">\n\t\t\t\t<div class=\"elementor-widget-container\">\n\t\t\t<h5 class=\"elementor-heading-title elementor-size-default\">Visita al anfiteatro Flavio<\/h5>\t\t<\/div>\n\t\t\t\t<\/div>\n\t\t\t\t<div class=\"elementor-element elementor-element-7bf2ad0 elementor-widget elementor-widget-text-editor\" data-id=\"7bf2ad0\" data-element_type=\"widget\" data-settings=\"{&quot;ekit_we_effect_on&quot;:&quot;none&quot;}\" data-widget_type=\"text-editor.default\">\n\t\t\t\t<div class=\"elementor-widget-container\">\n\t\t\t\t\t\t\t<p>El Coliseo de Roma es un anfiteatro romano construido en el siglo I d.C. y uno de los monumentos m\u00e1s famosos y visitados del mundo. Conocido como el Anfiteatro Flavio, ha sido incluido entre las siete maravillas del mundo por su majestuosidad e importancia hist\u00f3rica. El Coliseo es famoso sobre todo por ser el epicentro de los espect\u00e1culos y combates de gladiadores de la antigua Roma.<\/p>\t\t\t\t\t\t<\/div>\n\t\t\t\t<\/div>\n\t\t\t\t<div class=\"elementor-element elementor-element-02f550b elementor-widget elementor-widget-heading\" data-id=\"02f550b\" data-element_type=\"widget\" data-settings=\"{&quot;ekit_we_effect_on&quot;:&quot;none&quot;}\" data-widget_type=\"heading.default\">\n\t\t\t\t<div class=\"elementor-widget-container\">\n\t\t\t<h5 class=\"elementor-heading-title elementor-size-default\">Informaci\u00f3n \u00fatil para visitar el Coliseo<\/h5>\t\t<\/div>\n\t\t\t\t<\/div>\n\t\t\t\t<div class=\"elementor-element elementor-element-4947f3a elementor-widget elementor-widget-text-editor\" data-id=\"4947f3a\" data-element_type=\"widget\" data-settings=\"{&quot;ekit_we_effect_on&quot;:&quot;none&quot;}\" data-widget_type=\"text-editor.default\">\n\t\t\t\t<div class=\"elementor-widget-container\">\n\t\t\t\t\t\t\t<p>Las entradas pueden adquirirse en l\u00ednea o en puntos de venta autorizados. Pero le recomendamos que compre una visita organizada en l\u00ednea con un billete \"sin colas\" para evitar las largas colas.<\/p><p>El parque arqueol\u00f3gico del Coliseo es f\u00e1cilmente accesible desde el centro de la ciudad<\/p><ul><li>A pie del centro de Roma<\/li><li>Autob\u00fas<\/li><li>Metro<\/li><\/ul><p>Las principales atracciones de Roma a las que se puede llegar desde el Coliseo son:<\/p><ul><li>La Domus Aurea<\/li><li>El Foro Romano Palatino<\/li><\/ul>\t\t\t\t\t\t<\/div>\n\t\t\t\t<\/div>\n\t\t\t\t<div class=\"elementor-element elementor-element-f36208e elementor-widget elementor-widget-heading\" data-id=\"f36208e\" data-element_type=\"widget\" data-settings=\"{&quot;ekit_we_effect_on&quot;:&quot;none&quot;}\" data-widget_type=\"heading.default\">\n\t\t\t\t<div class=\"elementor-widget-container\">\n\t\t\t<h5 class=\"elementor-heading-title elementor-size-default\">La arquitectura del anfiteatro Flavio<\/h5>\t\t<\/div>\n\t\t\t\t<\/div>\n\t\t\t\t<div class=\"elementor-element elementor-element-7eff0fc elementor-widget elementor-widget-text-editor\" data-id=\"7eff0fc\" data-element_type=\"widget\" data-settings=\"{&quot;ekit_we_effect_on&quot;:&quot;none&quot;}\" data-widget_type=\"text-editor.default\">\n\t\t\t\t<div class=\"elementor-widget-container\">\n\t\t\t\t\t\t\t<p>El Coliseo de Roma es una de las obras maestras de la arquitectura romana y uno de los testimonios m\u00e1s importantes de la grandeza del Imperio Romano. El complejo sistema del Coliseo consta de tres niveles principales, cada uno con una serie de arcos de medio punto, que se apoyan en pilares y columnas de piedra de travertino. Estos arcos forman galer\u00edas internas donde pod\u00edan sentarse hasta 50.000 personas. Las dimensiones del Coliseo son asombrosas: su arena oval cubre una superficie de unos 6.000 metros cuadrados y su altura alcanza los 57 metros. Los arcos del Coliseo tienen unos 30 metros de altura, lo que hace un total de 80 arcos. La planta baja del Coliseo estaba reservada a actividades organizativas, mientras que los pisos superiores albergaban los asientos para las asambleas y celebraciones p\u00fablicas del pueblo romano. El muro exterior del Coliseo estaba muy decorado, con numerosos ornamentos de piedra, arcos, nichos y columnas c\u00f3nicas. A ambos lados de la estructura hab\u00eda cuatro entradas principales, cada una con un p\u00f3rtico con columnas, que conduc\u00edan a las galer\u00edas de la arena. La majestuosidad del Coliseo tambi\u00e9n era posible gracias al uso de numerosos sistemas de riego y drenaje, que permit\u00edan organizar eventos en su interior sin temor a inundaciones o acumulaciones de agua. En resumen, la arquitectura del Coliseo es excepcional por su combinaci\u00f3n de funcionalidad y belleza, lo que la convierte en una estructura sin precedentes que sigue asombrando a visitantes de todo el mundo.<\/p>\t\t\t\t\t\t<\/div>\n\t\t\t\t<\/div>\n\t\t\t\t<div class=\"elementor-element elementor-element-056af37 elementor-widget elementor-widget-heading\" data-id=\"056af37\" data-element_type=\"widget\" data-settings=\"{&quot;ekit_we_effect_on&quot;:&quot;none&quot;}\" data-widget_type=\"heading.default\">\n\t\t\t\t<div class=\"elementor-widget-container\">\n\t\t\t<h5 class=\"elementor-heading-title elementor-size-default\">La historia del Coliseo<\/h5>\t\t<\/div>\n\t\t\t\t<\/div>\n\t\t\t\t<div class=\"elementor-element elementor-element-1c9abae elementor-widget elementor-widget-text-editor\" data-id=\"1c9abae\" data-element_type=\"widget\" data-settings=\"{&quot;ekit_we_effect_on&quot;:&quot;none&quot;}\" data-widget_type=\"text-editor.default\">\n\t\t\t\t<div class=\"elementor-widget-container\">\n\t\t\t\t\t\t\t<p>La construcci\u00f3n del Coliseo comenz\u00f3 bajo el emperador Vespasiano en el a\u00f1o 72 d.C. y se complet\u00f3 bajo el reinado de su hijo, Tito, en el a\u00f1o 80 d.C.. Su realizaci\u00f3n fue posible gracias a la reforma urbana de Roma, que condujo a la recuperaci\u00f3n del Campus Martius y a la creaci\u00f3n de la vasta zona del Colle Oppio. Inicialmente, el Coliseo se conoc\u00eda como Anfiteatro Flavio, en honor a la dinast\u00eda Flavia. El objetivo principal del Coliseo era albergar una amplia gama de espect\u00e1culos p\u00fablicos, en particular luchas de gladiadores, cacer\u00edas de animales salvajes y batallas navales simuladas, gracias a la innovadora tecnolog\u00eda de una vasta cisterna subterr\u00e1nea que pod\u00eda llenarse de agua. El Coliseo se convirti\u00f3 r\u00e1pidamente en uno de los lugares de entretenimiento favoritos del Imperio y tambi\u00e9n se utiliz\u00f3 en festivales y celebraciones p\u00fablicas, como la celebraci\u00f3n de la conquista de Jerusal\u00e9n en el a\u00f1o 70 d.C. A pesar de su importancia hist\u00f3rica, en la Edad Media el Coliseo cay\u00f3 en desuso y se utiliz\u00f3 como fuente de materiales de construcci\u00f3n. A lo largo de los siglos, la estructura sufri\u00f3 muchos da\u00f1os, tanto por los terremotos como por la degradaci\u00f3n debida al tiempo y al desgaste del uso.<\/p><p>Hoy en d\u00eda, el Coliseo sigue siendo uno de los monumentos m\u00e1s visitados del mundo y uno de los s\u00edmbolos m\u00e1s importantes del glorioso pasado de Roma. Gracias a nuestros conocimientos hist\u00f3ricos y a la tecnolog\u00eda, el Coliseo se ha restaurado y conservado para las generaciones venideras.<\/p>\t\t\t\t\t\t<\/div>\n\t\t\t\t<\/div>\n\t\t\t\t<div class=\"elementor-element elementor-element-b2c6de7 elementor-widget elementor-widget-heading\" data-id=\"b2c6de7\" data-element_type=\"widget\" data-settings=\"{&quot;ekit_we_effect_on&quot;:&quot;none&quot;}\" data-widget_type=\"heading.default\">\n\t\t\t\t<div class=\"elementor-widget-container\">\n\t\t\t<h5 class=\"elementor-heading-title elementor-size-default\">La terraza del imponente monumento<\/h5>\t\t<\/div>\n\t\t\t\t<\/div>\n\t\t\t\t<div class=\"elementor-element elementor-element-602d3ae elementor-widget elementor-widget-text-editor\" data-id=\"602d3ae\" data-element_type=\"widget\" data-settings=\"{&quot;ekit_we_effect_on&quot;:&quot;none&quot;}\" data-widget_type=\"text-editor.default\">\n\t\t\t\t<div class=\"elementor-widget-container\">\n\t\t\t\t\t\t\t<p>El acceso al Coliseo era libre, y se entraba por 76 arcos numerados y marcados en rojo, 29 de los cuales a\u00fan son visibles en el lado norte. La orientaci\u00f3n de los espectadores se indicaba en los recorridos dentro de los arcos y tambi\u00e9n en las tarjetas distribuidas a cada cabeza de familia. La asignaci\u00f3n de asientos segu\u00eda un estricto criterio jer\u00e1rquico: la mejor vista se ten\u00eda desde el palco imperial, situado en la entrada sur, en el eje menor del monumento. Los senadores dispon\u00edan de los mejores asientos cerca de la arena, seguidos del sector posterior reservado a los caballeros, mientras que los dos sectores del maenianum secundum albergaban progresivamente a categor\u00edas sociales inferiores. Los peores asientos, en t\u00e9rminos de visibilidad y facilidad de acceso, se encontraban en el maenianum summum, el p\u00f3rtico con columnas que coronaba la cavea, equipado con asientos de madera reservados a la plebe. Desde aqu\u00ed se acced\u00eda a la terraza del llamado \"Belvedere\" del tercer nivel, desde el que ahora es posible admirar la cavea desde distintas alturas de los \u00f3rdenes superiores, llegando hasta las terrazas de los niveles tercero, cuarto y quinto.<\/p>\t\t\t\t\t\t<\/div>\n\t\t\t\t<\/div>\n\t\t\t\t<div class=\"elementor-element elementor-element-2e7af6b elementor-widget elementor-widget-spacer\" data-id=\"2e7af6b\" data-element_type=\"widget\" data-settings=\"{&quot;ekit_we_effect_on&quot;:&quot;none&quot;}\" data-widget_type=\"spacer.default\">\n\t\t\t\t<div class=\"elementor-widget-container\">\n\t\t\t\t\t<div class=\"elementor-spacer\">\n\t\t\t<div class=\"elementor-spacer-inner\"><\/div>\n\t\t<\/div>\n\t\t\t\t<\/div>\n\t\t\t\t<\/div>\n\t\t\t\t<div class=\"elementor-element elementor-element-373d514 elementor-widget elementor-widget-heading\" data-id=\"373d514\" data-element_type=\"widget\" data-settings=\"{&quot;ekit_we_effect_on&quot;:&quot;none&quot;}\" data-widget_type=\"heading.default\">\n\t\t\t\t<div class=\"elementor-widget-container\">\n\t\t\t<h3 class=\"elementor-heading-title elementor-size-default\">Rese\u00f1as<\/h3>\t\t<\/div>\n\t\t\t\t<\/div>\n\t\t<div class=\"elementor-element elementor-element-75822e0 e-flex e-con-boxed e-con e-parent\" data-id=\"75822e0\" data-element_type=\"container\" data-settings=\"{&quot;jet_parallax_layout_list&quot;:[],&quot;ekit_has_onepagescroll_dot&quot;:&quot;yes&quot;}\">\n\t\t\t\t\t<div class=\"e-con-inner\">\n\t\t\t\t<div class=\"elementor-element elementor-element-1ebef0a elementor-widget elementor-widget-jet-carousel\" data-id=\"1ebef0a\" data-element_type=\"widget\" data-settings=\"{&quot;slides_to_show&quot;:&quot;3&quot;,&quot;slides_to_scroll&quot;:&quot;3&quot;,&quot;slides_to_show_tablet&quot;:&quot;2&quot;,&quot;slides_to_show_mobile&quot;:&quot;1&quot;,&quot;slides_to_scroll_tablet&quot;:&quot;2&quot;,&quot;slides_to_scroll_mobile&quot;:&quot;1&quot;,&quot;ekit_we_effect_on&quot;:&quot;none&quot;}\" data-widget_type=\"jet-carousel.default\">\n\t\t\t\t<div class=\"elementor-widget-container\">\n\t\t\t<div class=\"elementor-jet-carousel jet-elements\"><div class=\"jet-carousel-wrap jet-equal-cols\">\n\t<div class=\"jet-carousel\" data-slider_options=\"{&quot;autoplaySpeed&quot;:5000,&quot;autoplay&quot;:true,&quot;infinite&quot;:true,&quot;centerMode&quot;:false,&quot;centerPadding&quot;:&quot;50px&quot;,&quot;pauseOnHover&quot;:false,&quot;speed&quot;:500,&quot;arrows&quot;:true,&quot;dots&quot;:false,&quot;variableWidth&quot;:false,&quot;prevArrow&quot;:&quot;.jet-carousel__prev-arrow-1ebef0a&quot;,&quot;nextArrow&quot;:&quot;.jet-carousel__next-arrow-1ebef0a&quot;,&quot;rtl&quot;:false,&quot;fractionNav&quot;:false}\" dir=\"ltr\">\n\t<div class=\"elementor-slick-slider\">\n\n<div class=\"jet-carousel__item\">\n\t<div class=\"jet-carousel__item-inner\"><div class=\"jet-carousel__content\"><h5 class=\"jet-carousel__item-title\"><\/h5><div class=\"jet-carousel__item-text\"><p>El Coliseo es uno de los lugares m\u00e1s emblem\u00e1ticos de la Ciudad Eterna y del mundo entero. La magnificencia de esta antigua estructura es incre\u00edble y uno no puede evitar sentir una sensaci\u00f3n de asombro y respeto al visitarla.<\/p><\/div><\/div><\/div>\n<\/div>\n\n<div class=\"jet-carousel__item\">\n\t<div class=\"jet-carousel__item-inner\"><div class=\"jet-carousel__content\"><h5 class=\"jet-carousel__item-title\"><\/h5><div class=\"jet-carousel__item-text\"><p>Visitar el Coliseo es una experiencia inolvidable que no puede perderse si se encuentra en Roma. La majestuosidad de la arena y la historia que se respira en cada rinc\u00f3n lo convierten en un lugar \u00fanico en el mundo.<\/p><\/div><\/div><\/div>\n<\/div>\n\n<div class=\"jet-carousel__item\">\n\t<div class=\"jet-carousel__item-inner\"><div class=\"jet-carousel__content\"><h5 class=\"jet-carousel__item-title\"><\/h5><div class=\"jet-carousel__item-text\"><p>Puede que el Coliseo est\u00e9 abarrotado de turistas, pero aun as\u00ed merece la pena visitarlo. Es una obra arquitect\u00f3nica que representa a la perfecci\u00f3n la grandeza del Imperio Romano y su importancia en la historia de la humanidad.<\/p><\/div><\/div><\/div>\n<\/div>\n\n<div class=\"jet-carousel__item\">\n\t<div class=\"jet-carousel__item-inner\"><div class=\"jet-carousel__content\"><h5 class=\"jet-carousel__item-title\"><\/h5><div class=\"jet-carousel__item-text\"><p>La visita al Coliseo requiere un poco de paciencia, sobre todo si se quieren evitar las colas para entrar. Pero una vez dentro, la belleza de la arena y los antiguos frescos que la decoran compensan cualquier esfuerzo.<\/p><\/div><\/div><\/div>\n<\/div>\n\n<div class=\"jet-carousel__item\">\n\t<div class=\"jet-carousel__item-inner\"><div class=\"jet-carousel__content\"><h5 class=\"jet-carousel__item-title\"><\/h5><div class=\"jet-carousel__item-text\"><p>El Coliseo es uno de los lugares m\u00e1s fotografiados del mundo y es f\u00e1cil entender por qu\u00e9. Su imponente estructura y sus impresionantes vistas sobre la ciudad de Roma lo convierten en un destino obligado para los amantes de la fotograf\u00eda.<\/p><\/div><\/div><\/div>\n<\/div>\n\n<div class=\"jet-carousel__item\">\n\t<div class=\"jet-carousel__item-inner\"><div class=\"jet-carousel__content\"><h5 class=\"jet-carousel__item-title\"><\/h5><div class=\"jet-carousel__item-text\"><p>Si no conoce los detalles hist\u00f3ricos del Coliseo, puede apuntarse a una visita guiada para saber m\u00e1s sobre su historia y las curiosidades que lo rodean.<\/p><\/div><\/div><\/div>\n<\/div>\n\n<div class=\"jet-carousel__item\">\n\t<div class=\"jet-carousel__item-inner\"><div class=\"jet-carousel__content\"><h5 class=\"jet-carousel__item-title\"><\/h5><div class=\"jet-carousel__item-text\"><p>El Coliseo es un lugar que no deja de sorprender y fascinar, incluso despu\u00e9s de muchas visitas. Su grandeza y los signos de su antigua grandeza siguen siendo muy evidentes.<\/p><\/div><\/div><\/div>\n<\/div>\n\n<div class=\"jet-carousel__item\">\n\t<div class=\"jet-carousel__item-inner\"><div class=\"jet-carousel__content\"><h5 class=\"jet-carousel__item-title\"><\/h5><div class=\"jet-carousel__item-text\"><p>El Coliseo es un s\u00edmbolo emblem\u00e1tico de la ciudad de Roma y de todo el pa\u00eds. Todo italiano deber\u00eda visitarlo al menos una vez en la vida para apreciar su belleza y majestuosa arquitectura.<\/p><\/div><\/div><\/div>\n<\/div>\n\n<div class=\"jet-carousel__item\">\n\t<div class=\"jet-carousel__item-inner\"><div class=\"jet-carousel__content\"><h5 class=\"jet-carousel__item-title\"><\/h5><div class=\"jet-carousel__item-text\"><p>A pesar de todo, el Coliseo parece seguir en pie con su fuerza y robustez, a pesar del tiempo transcurrido. Es un s\u00edmbolo eterno de la grandeza de la humanidad y de su voluntad de construir monumentos imborrables.<\/p><\/div><\/div><\/div>\n<\/div>\n\n<div class=\"jet-carousel__item\">\n\t<div class=\"jet-carousel__item-inner\"><div class=\"jet-carousel__content\"><h5 class=\"jet-carousel__item-title\"><\/h5><div class=\"jet-carousel__item-text\"><p>La visita al Coliseo es probablemente uno de los momentos m\u00e1s emocionantes que se pueden vivir en Roma. Contemplar la arena e imaginar las batallas que all\u00ed tuvieron lugar hace siglos es una experiencia irrepetible.<\/p><\/div><\/div><\/div>\n<\/div>\n<\/div><div class=\"jet-carousel__prev-arrow-1ebef0a jet-arrow prev-arrow\"><i aria-hidden=\"true\" class=\"fal fa-chevron-left\"><\/i><\/div><div class=\"jet-carousel__next-arrow-1ebef0a jet-arrow next-arrow\"><i aria-hidden=\"true\" class=\"fal fa-chevron-right\"><\/i><\/div><\/div>\n<\/div>\n<\/div>\t\t<\/div>\n\t\t\t\t<\/div>\n\t\t\t\t\t<\/div>\n\t\t\t\t<\/div>\n\t\t\t\t\t<\/div>\n\t\t<\/div>\n\t\t\t\t\t<\/div>\n\t\t<\/section>\n\t\t\t\t<\/div>","protected":false},"excerpt":{"rendered":"<p>El Coliseo Una visita al Coliseo es una experiencia \u00fanica e inolvidable que le permitir\u00e1 sumergirse en la historia y la belleza de uno de los monumentos m\u00e1s emblem\u00e1ticos del mundo. El Anfiteatro Flavio El Anfiteatro Flavio, construido en el siglo I d.C. en Roma, fue rebautizado como \"Coliseo\" en el siglo VIII debido a su proximidad con el Coloso Neroniano. La etimolog\u00eda de [...]<\/p>","protected":false},"author":1,"featured_media":0,"parent":526,"menu_order":0,"comment_status":"closed","ping_status":"closed","template":"","meta":{"site-sidebar-layout":"no-sidebar","site-content-layout":"page-builder","ast-site-content-layout":"full-width-container","site-content-style":"unboxed","site-sidebar-style":"unboxed","ast-global-header-display":"","ast-banner-title-visibility":"","ast-main-header-display":"","ast-hfb-above-header-display":"","ast-hfb-below-header-display":"","ast-hfb-mobile-header-display":"","site-post-title":"disabled","ast-breadcrumbs-content":"","ast-featured-img":"disabled","footer-sml-layout":"","ast-disable-related-posts":"","theme-transparent-header-meta":"default","adv-header-id-meta":"","stick-header-meta":"","header-above-stick-meta":"","header-main-stick-meta":"","header-below-stick-meta":"","astra-migrate-meta-layouts":"set","ast-page-background-enabled":"default","ast-page-background-meta":{"desktop":{"background-color":"var(--ast-global-color-4)","background-image":"","background-repeat":"repeat","background-position":"center center","background-size":"auto","background-attachment":"scroll","background-type":"","background-media":"","overlay-type":"","overlay-color":"","overlay-opacity":"","overlay-gradient":""},"tablet":{"background-color":"","background-image":"","background-repeat":"repeat","background-position":"center center","background-size":"auto","background-attachment":"scroll","background-type":"","background-media":"","overlay-type":"","overlay-color":"","overlay-opacity":"","overlay-gradient":""},"mobile":{"background-color":"","background-image":"","background-repeat":"repeat","background-position":"center center","background-size":"auto","background-attachment":"scroll","background-type":"","background-media":"","overlay-type":"","overlay-color":"","overlay-opacity":"","overlay-gradient":""}},"ast-content-background-meta":{"desktop":{"background-color":"var(--ast-global-color-5)","background-image":"","background-repeat":"repeat","background-position":"center center","background-size":"auto","background-attachment":"scroll","background-type":"","background-media":"","overlay-type":"","overlay-color":"","overlay-opacity":"","overlay-gradient":""},"tablet":{"background-color":"var(--ast-global-color-5)","background-image":"","background-repeat":"repeat","background-position":"center center","background-size":"auto","background-attachment":"scroll","background-type":"","background-media":"","overlay-type":"","overlay-color":"","overlay-opacity":"","overlay-gradient":""},"mobile":{"background-color":"var(--ast-global-color-5)","background-image":"","background-repeat":"repeat","background-position":"center center","background-size":"auto","background-attachment":"scroll","background-type":"","background-media":"","overlay-type":"","overlay-color":"","overlay-opacity":"","overlay-gradient":""}},"iawp_total_views":6410,"footnotes":""},"class_list":["post-528","page","type-page","status-publish","hentry"],"_links":{"self":[{"href":"https:\/\/colosseo-roma.it\/es\/wp-json\/wp\/v2\/pages\/528","targetHints":{"allow":["GET"]}}],"collection":[{"href":"https:\/\/colosseo-roma.it\/es\/wp-json\/wp\/v2\/pages"}],"about":[{"href":"https:\/\/colosseo-roma.it\/es\/wp-json\/wp\/v2\/types\/page"}],"author":[{"embeddable":true,"href":"https:\/\/colosseo-roma.it\/es\/wp-json\/wp\/v2\/users\/1"}],"replies":[{"embeddable":true,"href":"https:\/\/colosseo-roma.it\/es\/wp-json\/wp\/v2\/comments?post=528"}],"version-history":[{"count":0,"href":"https:\/\/colosseo-roma.it\/es\/wp-json\/wp\/v2\/pages\/528\/revisions"}],"up":[{"embeddable":true,"href":"https:\/\/colosseo-roma.it\/es\/wp-json\/wp\/v2\/pages\/526"}],"wp:attachment":[{"href":"https:\/\/colosseo-roma.it\/es\/wp-json\/wp\/v2\/media?parent=528"}],"curies":[{"name":"wp","href":"https:\/\/api.w.org\/{rel}","templated":true}]}}