{"id":53,"date":"2023-03-10T11:30:46","date_gmt":"2023-03-10T10:30:46","guid":{"rendered":"https:\/\/wordpress-1074717-3818660.cloudwaysapps.com\/?page_id=53"},"modified":"2026-01-26T16:42:41","modified_gmt":"2026-01-26T15:42:41","slug":"ludus","status":"publish","type":"page","link":"https:\/\/colosseo-roma.it\/es\/romanos\/ludus\/","title":{"rendered":"Ludus"},"content":{"rendered":"<div data-elementor-type=\"wp-page\" data-elementor-id=\"53\" class=\"elementor elementor-53\" data-elementor-post-type=\"page\">\n\t\t\t\t\t\t<section class=\"elementor-section elementor-top-section elementor-element elementor-element-1e61d2d elementor-section-boxed elementor-section-height-default elementor-section-height-default\" data-id=\"1e61d2d\" data-element_type=\"section\" data-settings=\"{&quot;jet_parallax_layout_list&quot;:[],&quot;ekit_has_onepagescroll_dot&quot;:&quot;yes&quot;}\">\n\t\t\t\t\t\t<div class=\"elementor-container elementor-column-gap-default\">\n\t\t\t\t\t<div class=\"elementor-column elementor-col-100 elementor-top-column elementor-element elementor-element-1093d22\" data-id=\"1093d22\" data-element_type=\"column\">\n\t\t\t<div class=\"elementor-widget-wrap elementor-element-populated\">\n\t\t\t\t\t\t<div class=\"elementor-element elementor-element-574882b elementor-widget elementor-widget-heading\" data-id=\"574882b\" data-element_type=\"widget\" data-settings=\"{&quot;ekit_we_effect_on&quot;:&quot;none&quot;}\" data-widget_type=\"heading.default\">\n\t\t\t\t<div class=\"elementor-widget-container\">\n\t\t\t<h1 class=\"elementor-heading-title elementor-size-default\">La Ludis<\/h1>\t\t<\/div>\n\t\t\t\t<\/div>\n\t\t\t\t<div class=\"elementor-element elementor-element-e0b9cf4 elementor-widget elementor-widget-heading\" data-id=\"e0b9cf4\" data-element_type=\"widget\" data-settings=\"{&quot;ekit_we_effect_on&quot;:&quot;none&quot;}\" data-widget_type=\"heading.default\">\n\t\t\t\t<div class=\"elementor-widget-container\">\n\t\t\t<h5 class=\"elementor-heading-title elementor-size-default\">\nLos juegos (ludus) o celebraciones eran originalmente, para los romanos, una especie de ceremonia religiosa, un rito realizado para ganarse el favor de los dioses, ten\u00edan una finalidad propiciatoria o conmemorativa.<\/h5>\t\t<\/div>\n\t\t\t\t<\/div>\n\t\t\t\t<section data-dce-background-image-url=\"https:\/\/colosseo-roma.it\/wp-content\/uploads\/2023\/03\/rome-3550739_1920.jpg\" class=\"elementor-section elementor-inner-section elementor-element elementor-element-85dfc67 elementor-section-height-min-height elementor-section-boxed elementor-section-height-default\" data-id=\"85dfc67\" data-element_type=\"section\" data-settings=\"{&quot;jet_parallax_layout_list&quot;:[],&quot;background_background&quot;:&quot;classic&quot;,&quot;ekit_has_onepagescroll_dot&quot;:&quot;yes&quot;}\">\n\t\t\t\t\t\t<div class=\"elementor-container elementor-column-gap-default\">\n\t\t\t\t\t<div class=\"elementor-column elementor-col-100 elementor-inner-column elementor-element elementor-element-97de53d\" data-id=\"97de53d\" data-element_type=\"column\">\n\t\t\t<div class=\"elementor-widget-wrap\">\n\t\t\t\t\t\t\t<\/div>\n\t\t<\/div>\n\t\t\t\t\t<\/div>\n\t\t<\/section>\n\t\t\t\t<div class=\"elementor-element elementor-element-1dde345 elementor-widget elementor-widget-text-editor\" data-id=\"1dde345\" data-element_type=\"widget\" data-settings=\"{&quot;ekit_we_effect_on&quot;:&quot;none&quot;}\" data-widget_type=\"text-editor.default\">\n\t\t\t\t<div class=\"elementor-widget-container\">\n\t\t\t\t\t\t\t<p>Los juegos (ludus) pod\u00edan ser de cuatro tipos: \"teatrales\", \"circenses\", \"atl\u00e9ticos\" y \"de caza\". En el anfiteatro Flavio, la arena m\u00e1s famosa del mundo antiguo, se celebraban luchas de gladiadores (munera), espect\u00e1culos de caza (venationes) y, al principio, tambi\u00e9n batallas navales. en la arena tambi\u00e9n se llevaban a cabo ejecuciones, pero no hay pruebas hist\u00f3ricas de que los cristianos fueran martirizados all\u00ed.<\/p><p>Las demostraciones eran de diversa \u00edndole, a veces crueles y otras veces recordaban a espect\u00e1culos circenses con animales amaestrados.<\/p><p>En cualquier caso, cada actuaci\u00f3n requer\u00eda una gran organizaci\u00f3n y generaba costes muy elevados.<\/p><p>Durante los juegos, el coliseo acog\u00eda en sus gradas a una enorme multitud, dispuesta a contemplar con avidez y emoci\u00f3n los extraordinarios espect\u00e1culos....intentad imaginar a m\u00e1s de 50.000 espectadores que no estuvieran \"en su piel\" y que disfrutaran con la sangre de los gladiadores y la ferocidad de las fieras....<\/p><p>Nosotros, hoy, nos complacemos en el silencio del coliseo, en su atm\u00f3sfera nocturna y en el momento en que se ilumina cada vez que se suspende una pena capital en el mundo. hoy nos gusta as\u00ed, incluso sin sus bellos m\u00e1rmoles; purificados por el tiempo.<\/p>\t\t\t\t\t\t<\/div>\n\t\t\t\t<\/div>\n\t\t\t\t\t<\/div>\n\t\t<\/div>\n\t\t\t\t\t<\/div>\n\t\t<\/section>\n\t\t\t\t<\/div>","protected":false},"excerpt":{"rendered":"<p>Los Ludis Los juegos (ludus) o celebraciones eran originalmente, para los romanos, una especie de ceremonia religiosa, un rito realizado para ganarse la benevolencia de los dioses, ten\u00edan una finalidad propiciatoria o conmemorativa. Los juegos (ludus) pod\u00edan ser de cuatro tipos: \"teatrales\", \"circenses\", \"atl\u00e9ticos\" y \"de caza\". En el anfiteatro Flavio, la arena m\u00e1s famosa del mundo antiguo, [...].<\/p>","protected":false},"author":1,"featured_media":0,"parent":556,"menu_order":0,"comment_status":"closed","ping_status":"closed","template":"","meta":{"site-sidebar-layout":"no-sidebar","site-content-layout":"page-builder","ast-site-content-layout":"full-width-container","site-content-style":"unboxed","site-sidebar-style":"unboxed","ast-global-header-display":"","ast-banner-title-visibility":"","ast-main-header-display":"","ast-hfb-above-header-display":"","ast-hfb-below-header-display":"","ast-hfb-mobile-header-display":"","site-post-title":"disabled","ast-breadcrumbs-content":"","ast-featured-img":"disabled","footer-sml-layout":"","ast-disable-related-posts":"","theme-transparent-header-meta":"default","adv-header-id-meta":"","stick-header-meta":"","header-above-stick-meta":"","header-main-stick-meta":"","header-below-stick-meta":"","astra-migrate-meta-layouts":"default","ast-page-background-enabled":"default","ast-page-background-meta":{"desktop":{"background-color":"var(--ast-global-color-4)","background-image":"","background-repeat":"repeat","background-position":"center center","background-size":"auto","background-attachment":"scroll","background-type":"","background-media":"","overlay-type":"","overlay-color":"","overlay-opacity":"","overlay-gradient":""},"tablet":{"background-color":"","background-image":"","background-repeat":"repeat","background-position":"center center","background-size":"auto","background-attachment":"scroll","background-type":"","background-media":"","overlay-type":"","overlay-color":"","overlay-opacity":"","overlay-gradient":""},"mobile":{"background-color":"","background-image":"","background-repeat":"repeat","background-position":"center center","background-size":"auto","background-attachment":"scroll","background-type":"","background-media":"","overlay-type":"","overlay-color":"","overlay-opacity":"","overlay-gradient":""}},"ast-content-background-meta":{"desktop":{"background-color":"var(--ast-global-color-5)","background-image":"","background-repeat":"repeat","background-position":"center center","background-size":"auto","background-attachment":"scroll","background-type":"","background-media":"","overlay-type":"","overlay-color":"","overlay-opacity":"","overlay-gradient":""},"tablet":{"background-color":"var(--ast-global-color-5)","background-image":"","background-repeat":"repeat","background-position":"center center","background-size":"auto","background-attachment":"scroll","background-type":"","background-media":"","overlay-type":"","overlay-color":"","overlay-opacity":"","overlay-gradient":""},"mobile":{"background-color":"var(--ast-global-color-5)","background-image":"","background-repeat":"repeat","background-position":"center center","background-size":"auto","background-attachment":"scroll","background-type":"","background-media":"","overlay-type":"","overlay-color":"","overlay-opacity":"","overlay-gradient":""}},"iawp_total_views":287,"footnotes":""},"class_list":["post-53","page","type-page","status-publish","hentry"],"_links":{"self":[{"href":"https:\/\/colosseo-roma.it\/es\/wp-json\/wp\/v2\/pages\/53","targetHints":{"allow":["GET"]}}],"collection":[{"href":"https:\/\/colosseo-roma.it\/es\/wp-json\/wp\/v2\/pages"}],"about":[{"href":"https:\/\/colosseo-roma.it\/es\/wp-json\/wp\/v2\/types\/page"}],"author":[{"embeddable":true,"href":"https:\/\/colosseo-roma.it\/es\/wp-json\/wp\/v2\/users\/1"}],"replies":[{"embeddable":true,"href":"https:\/\/colosseo-roma.it\/es\/wp-json\/wp\/v2\/comments?post=53"}],"version-history":[{"count":0,"href":"https:\/\/colosseo-roma.it\/es\/wp-json\/wp\/v2\/pages\/53\/revisions"}],"up":[{"embeddable":true,"href":"https:\/\/colosseo-roma.it\/es\/wp-json\/wp\/v2\/pages\/556"}],"wp:attachment":[{"href":"https:\/\/colosseo-roma.it\/es\/wp-json\/wp\/v2\/media?parent=53"}],"curies":[{"name":"wp","href":"https:\/\/api.w.org\/{rel}","templated":true}]}}