{"id":536,"date":"2023-03-28T09:18:11","date_gmt":"2023-03-28T08:18:11","guid":{"rendered":"https:\/\/wordpress-1074717-3818660.cloudwaysapps.com\/?page_id=536"},"modified":"2026-01-26T17:11:37","modified_gmt":"2026-01-26T16:11:37","slug":"arena","status":"publish","type":"page","link":"https:\/\/colosseo-roma.it\/es\/explore\/coliseo\/arena\/","title":{"rendered":"Arena"},"content":{"rendered":"<div data-elementor-type=\"wp-page\" data-elementor-id=\"536\" class=\"elementor elementor-536\" data-elementor-post-type=\"page\">\n\t\t\t\t\t\t<section class=\"elementor-section elementor-top-section elementor-element elementor-element-08eec93 elementor-section-boxed elementor-section-height-default elementor-section-height-default\" data-id=\"08eec93\" data-element_type=\"section\" data-settings=\"{&quot;jet_parallax_layout_list&quot;:[],&quot;ekit_has_onepagescroll_dot&quot;:&quot;yes&quot;}\">\n\t\t\t\t\t\t<div class=\"elementor-container elementor-column-gap-default\">\n\t\t\t\t\t<div class=\"elementor-column elementor-col-100 elementor-top-column elementor-element elementor-element-d4070b0\" data-id=\"d4070b0\" data-element_type=\"column\" data-settings=\"{&quot;background_background&quot;:&quot;classic&quot;}\">\n\t\t\t<div class=\"elementor-widget-wrap elementor-element-populated\">\n\t\t\t\t\t\t<div class=\"elementor-element elementor-element-5374739 elementor-widget elementor-widget-heading\" data-id=\"5374739\" data-element_type=\"widget\" data-settings=\"{&quot;ekit_we_effect_on&quot;:&quot;none&quot;}\" data-widget_type=\"heading.default\">\n\t\t\t\t<div class=\"elementor-widget-container\">\n\t\t\t<h1 class=\"elementor-heading-title elementor-size-default\">Coliseo Arena<\/h1>\t\t<\/div>\n\t\t\t\t<\/div>\n\t\t\t\t<div class=\"elementor-element elementor-element-26d4e55 elementor-widget elementor-widget-heading\" data-id=\"26d4e55\" data-element_type=\"widget\" data-settings=\"{&quot;ekit_we_effect_on&quot;:&quot;none&quot;}\" data-widget_type=\"heading.default\">\n\t\t\t\t<div class=\"elementor-widget-container\">\n\t\t\t<h4 class=\"elementor-heading-title elementor-size-default\">Coliseo Arena <\/h4>\t\t<\/div>\n\t\t\t\t<\/div>\n\t\t\t\t<div class=\"elementor-element elementor-element-c399692 elementor-widget elementor-widget-text-editor\" data-id=\"c399692\" data-element_type=\"widget\" data-settings=\"{&quot;ekit_we_effect_on&quot;:&quot;none&quot;}\" data-widget_type=\"text-editor.default\">\n\t\t\t\t<div class=\"elementor-widget-container\">\n\t\t\t\t\t\t\t<p>El edificio tiene planta el\u00edptica y presenta una triple columnata de ochenta arcos de travertino en el exterior, decorada con semicolumnas de estilo d\u00f3rico-toscano en el nivel inferior, j\u00f3nico en el segundo y corintio en el tercero. El \u00e1tico est\u00e1 adornado con columnas de estilo compuesto y tiene agujeros de los postes que sosten\u00edan la gran cortina (el velum) utilizada para proteger a los espectadores del sol y la lluvia. El \u00e1tico estaba adornado con 40 escudos de bronce, s\u00edmbolos de las victorias militares de Roma sobre los escudos de sus enemigos.<\/p><p>El Coliseo mide 189 metros de largo y 156 de ancho, con una fachada de 48 metros de altura. Su arena central es un \u00f3valo con un eje principal de 86 metros de largo, rodeado por un muro de 4,5 metros de altura que llega hasta los primeros escalones.<\/p><p>La estructura se construy\u00f3 con diversos materiales, como toba y travertino, utilizados especialmente para la fachada. Los agujeros visibles en la fachada fueron perforados principalmente en la Edad Media para recuperar las placas met\u00e1licas que un\u00edan los bloques de piedra.<\/p><p>Las arcadas de la planta baja daban acceso al p\u00fablico a las escaleras que conduc\u00edan a las gradas. Encima de los arcos, n\u00fameros romanos indican las distintas zonas del auditorio. Los arcos de los dos primeros niveles estaban decorados con 160 estatuas de bronce de 5 metros de altura, que representaban dioses y personajes mitol\u00f3gicos. Las cuatro entradas principales, que no estaban numeradas, estaban reservadas a categor\u00edas privilegiadas, como magistrados o religiosos. La puerta norte conduc\u00eda a la tribuna imperial.<\/p><p>En la parte central del anfiteatro se encuentran las salas subterr\u00e1neas, originalmente cubiertas con tablas de madera que formaban la superficie de la arena. All\u00ed se encontraban m\u00e1quinas, jaulas para animales, almacenes y otras instalaciones. Cuatro pasillos, situados bajo las entradas principales, conectaban los s\u00f3tanos con el exterior. Uno de ellos conduc\u00eda al Ludus Magnus, el barrac\u00f3n de los gladiadores.<\/p><p>Las representaciones eran gratuitas y los asientos se asignaban seg\u00fan la clase social. Los de abajo estaban reservados a senadores o cl\u00e9rigos. Entre los nombres de la lista figuran los de 195 senadores de la \u00e9poca de Odoacro (476-483).<\/p><p>\u00a0<\/p>\t\t\t\t\t\t<\/div>\n\t\t\t\t<\/div>\n\t\t\t\t\t<\/div>\n\t\t<\/div>\n\t\t\t\t\t<\/div>\n\t\t<\/section>\n\t\t\t\t<\/div>","protected":false},"excerpt":{"rendered":"<p>Arena del Coliseo La Arena del Coliseo se caracteriza por su planta el\u00edptica y presenta una triple columnata de ochenta arcos de travertino en el exterior, decorada con semicolumnas de estilo d\u00f3rico-toscano en el nivel inferior, j\u00f3nico en el segundo y corintio en el tercero. El \u00e1tico est\u00e1 adornado con columnas de estilo compuesto y tiene [...].<\/p>","protected":false},"author":1,"featured_media":0,"parent":528,"menu_order":1,"comment_status":"closed","ping_status":"closed","template":"","meta":{"site-sidebar-layout":"no-sidebar","site-content-layout":"page-builder","ast-site-content-layout":"full-width-container","site-content-style":"unboxed","site-sidebar-style":"unboxed","ast-global-header-display":"","ast-banner-title-visibility":"","ast-main-header-display":"","ast-hfb-above-header-display":"","ast-hfb-below-header-display":"","ast-hfb-mobile-header-display":"","site-post-title":"disabled","ast-breadcrumbs-content":"","ast-featured-img":"disabled","footer-sml-layout":"","ast-disable-related-posts":"","theme-transparent-header-meta":"default","adv-header-id-meta":"","stick-header-meta":"","header-above-stick-meta":"","header-main-stick-meta":"","header-below-stick-meta":"","astra-migrate-meta-layouts":"set","ast-page-background-enabled":"default","ast-page-background-meta":{"desktop":{"background-color":"var(--ast-global-color-4)","background-image":"","background-repeat":"repeat","background-position":"center center","background-size":"auto","background-attachment":"scroll","background-type":"","background-media":"","overlay-type":"","overlay-color":"","overlay-opacity":"","overlay-gradient":""},"tablet":{"background-color":"","background-image":"","background-repeat":"repeat","background-position":"center center","background-size":"auto","background-attachment":"scroll","background-type":"","background-media":"","overlay-type":"","overlay-color":"","overlay-opacity":"","overlay-gradient":""},"mobile":{"background-color":"","background-image":"","background-repeat":"repeat","background-position":"center center","background-size":"auto","background-attachment":"scroll","background-type":"","background-media":"","overlay-type":"","overlay-color":"","overlay-opacity":"","overlay-gradient":""}},"ast-content-background-meta":{"desktop":{"background-color":"var(--ast-global-color-5)","background-image":"","background-repeat":"repeat","background-position":"center center","background-size":"auto","background-attachment":"scroll","background-type":"","background-media":"","overlay-type":"","overlay-color":"","overlay-opacity":"","overlay-gradient":""},"tablet":{"background-color":"var(--ast-global-color-5)","background-image":"","background-repeat":"repeat","background-position":"center center","background-size":"auto","background-attachment":"scroll","background-type":"","background-media":"","overlay-type":"","overlay-color":"","overlay-opacity":"","overlay-gradient":""},"mobile":{"background-color":"var(--ast-global-color-5)","background-image":"","background-repeat":"repeat","background-position":"center center","background-size":"auto","background-attachment":"scroll","background-type":"","background-media":"","overlay-type":"","overlay-color":"","overlay-opacity":"","overlay-gradient":""}},"iawp_total_views":1374,"footnotes":""},"class_list":["post-536","page","type-page","status-publish","hentry"],"_links":{"self":[{"href":"https:\/\/colosseo-roma.it\/es\/wp-json\/wp\/v2\/pages\/536","targetHints":{"allow":["GET"]}}],"collection":[{"href":"https:\/\/colosseo-roma.it\/es\/wp-json\/wp\/v2\/pages"}],"about":[{"href":"https:\/\/colosseo-roma.it\/es\/wp-json\/wp\/v2\/types\/page"}],"author":[{"embeddable":true,"href":"https:\/\/colosseo-roma.it\/es\/wp-json\/wp\/v2\/users\/1"}],"replies":[{"embeddable":true,"href":"https:\/\/colosseo-roma.it\/es\/wp-json\/wp\/v2\/comments?post=536"}],"version-history":[{"count":0,"href":"https:\/\/colosseo-roma.it\/es\/wp-json\/wp\/v2\/pages\/536\/revisions"}],"up":[{"embeddable":true,"href":"https:\/\/colosseo-roma.it\/es\/wp-json\/wp\/v2\/pages\/528"}],"wp:attachment":[{"href":"https:\/\/colosseo-roma.it\/es\/wp-json\/wp\/v2\/media?parent=536"}],"curies":[{"name":"wp","href":"https:\/\/api.w.org\/{rel}","templated":true}]}}