{"id":538,"date":"2023-03-28T09:18:33","date_gmt":"2023-03-28T08:18:33","guid":{"rendered":"https:\/\/wordpress-1074717-3818660.cloudwaysapps.com\/?page_id=538"},"modified":"2023-03-31T22:37:11","modified_gmt":"2023-03-31T21:37:11","slug":"museo-del-coliseo","status":"publish","type":"page","link":"https:\/\/colosseo-roma.it\/es\/explore\/coliseo\/museo-del-coliseo\/","title":{"rendered":"Museo del Coliseo"},"content":{"rendered":"<div data-elementor-type=\"wp-page\" data-elementor-id=\"538\" class=\"elementor elementor-538\" data-elementor-post-type=\"page\">\n\t\t\t\t\t\t<section class=\"elementor-section elementor-top-section elementor-element elementor-element-226a65a elementor-section-boxed elementor-section-height-default elementor-section-height-default\" data-id=\"226a65a\" data-element_type=\"section\" data-settings=\"{&quot;jet_parallax_layout_list&quot;:[],&quot;ekit_has_onepagescroll_dot&quot;:&quot;yes&quot;}\">\n\t\t\t\t\t\t<div class=\"elementor-container elementor-column-gap-default\">\n\t\t\t\t\t<div class=\"elementor-column elementor-col-100 elementor-top-column elementor-element elementor-element-7fe7b2d\" data-id=\"7fe7b2d\" data-element_type=\"column\">\n\t\t\t<div class=\"elementor-widget-wrap elementor-element-populated\">\n\t\t\t\t\t\t<div class=\"elementor-element elementor-element-730ea5d elementor-widget elementor-widget-heading\" data-id=\"730ea5d\" data-element_type=\"widget\" data-settings=\"{&quot;ekit_we_effect_on&quot;:&quot;none&quot;}\" data-widget_type=\"heading.default\">\n\t\t\t\t<div class=\"elementor-widget-container\">\n\t\t\t<h1 class=\"elementor-heading-title elementor-size-default\">Museo Palatino<\/h1>\t\t<\/div>\n\t\t\t\t<\/div>\n\t\t\t\t<div class=\"elementor-element elementor-element-3566507 elementor-widget elementor-widget-heading\" data-id=\"3566507\" data-element_type=\"widget\" data-settings=\"{&quot;ekit_we_effect_on&quot;:&quot;none&quot;}\" data-widget_type=\"heading.default\">\n\t\t\t\t<div class=\"elementor-widget-container\">\n\t\t\t<h5 class=\"elementor-heading-title elementor-size-default\">Visita al Museo del Coliseo<\/h5>\t\t<\/div>\n\t\t\t\t<\/div>\n\t\t\t\t<div class=\"elementor-element elementor-element-d56a64d elementor-widget elementor-widget-heading\" data-id=\"d56a64d\" data-element_type=\"widget\" data-settings=\"{&quot;ekit_we_effect_on&quot;:&quot;none&quot;}\" data-widget_type=\"heading.default\">\n\t\t\t\t<div class=\"elementor-widget-container\">\n\t\t\t<h5 class=\"elementor-heading-title elementor-size-default\">Compra tu entrada y visita <\/h5>\t\t<\/div>\n\t\t\t\t<\/div>\n\t\t\t\t<div class=\"elementor-element elementor-element-a1a62c5 elementor-widget elementor-widget-html\" data-id=\"a1a62c5\" data-element_type=\"widget\" data-settings=\"{&quot;ekit_we_effect_on&quot;:&quot;none&quot;}\" data-widget_type=\"html.default\">\n\t\t\t\t<div class=\"elementor-widget-container\">\n\t\t\t<div data-gyg-href=\"https:\/\/widget.getyourguide.com\/default\/activities.frame\" data-gyg-locale-code=\"it-IT\" data-gyg-widget=\"activities\" data-gyg-number-of-items=\"3\" data-gyg-partner-id=\"D5VYVWQ\" data-gyg-tour-ids=\"183746,408602,225249\"><\/div>\t\t<\/div>\n\t\t\t\t<\/div>\n\t\t\t\t<div class=\"elementor-element elementor-element-21f6686 elementor-widget elementor-widget-heading\" data-id=\"21f6686\" data-element_type=\"widget\" data-settings=\"{&quot;ekit_we_effect_on&quot;:&quot;none&quot;}\" data-widget_type=\"heading.default\">\n\t\t\t\t<div class=\"elementor-widget-container\">\n\t\t\t<h5 class=\"elementor-heading-title elementor-size-default\">Museo del Anfiteatro Flavio<\/h5>\t\t<\/div>\n\t\t\t\t<\/div>\n\t\t\t\t<div class=\"elementor-element elementor-element-bccb85f elementor-widget elementor-widget-text-editor\" data-id=\"bccb85f\" data-element_type=\"widget\" data-settings=\"{&quot;ekit_we_effect_on&quot;:&quot;none&quot;}\" data-widget_type=\"text-editor.default\">\n\t\t\t\t<div class=\"elementor-widget-container\">\n\t\t\t\t\t\t\t<p>El Museo del Coliseo, situado en el segundo nivel del anfiteatro, representa un itinerario tem\u00e1tico dentro del espacio expositivo. Una se\u00f1alizaci\u00f3n bien dise\u00f1ada identifica los itinerarios m\u00e1s significativos para aprovechar al m\u00e1ximo la visita.<\/p><p>Las investigaciones arqueol\u00f3gicas de los \u00faltimos a\u00f1os, junto con las exposiciones m\u00e1s recientes y las publicaciones impresas en las que se han incorporado, han permitido a los expertos comprender mejor la larga vida del Coliseo, sus reutilizaciones e incluso sus significados ideol\u00f3gicos. La exposici\u00f3n del Museo re\u00fane las obras m\u00e1s destacadas del edificio y de las excavaciones, organizadas de forma que ilustran los aspectos m\u00e1s destacados del monumento mediante ampliaciones hipertextuales e hipermedia.<\/p><p>La primera secci\u00f3n es el punto de partida del museo y se basa en la arquitectura del gran antiteatro, con piezas como capiteles y fragmentos de transenas y la impresionante reconstrucci\u00f3n de la vomitoria. En esta secci\u00f3n se pone de relieve la fuerza del monumento como modelo de arquitectura a lo largo de los siglos. Una firma dejada por Hubert Robert en la \"carne viva\" del Coliseo es un ejemplo art\u00edstico evidente de identificaci\u00f3n existencial con el edificio. Las pinturas reproducidas en los paneles explicativos muestran fielmente los tipos de uso de la planta baja, a la manera ya habitual en la Baja Edad Media.<\/p><p>La segunda secci\u00f3n ilustra el funcionamiento del anfiteatro y la vida cotidiana en su interior a trav\u00e9s de maquetas y objetos expuestos en vitrinas. Adem\u00e1s, se presentan grafitos, mosaicos y relieves que describen el oficio de gladiador y temas de venationes.<\/p><p>La tercera secci\u00f3n est\u00e1 dedicada a los espectadores, con locaciones senatoriales cuyas inscripciones muestran una divisi\u00f3n de los asientos en gradas. Diversos m\u00e1rmoles expuestos describen el aparato escult\u00f3rico del monumento, incluida su ubicaci\u00f3n original, si se conoce.<\/p><p>La cuarta siguiente se centra en la reutilizaci\u00f3n ideol\u00f3gica del monumento, transformado en s\u00edmbolo del nuevo imperio en los a\u00f1os del imperio. A continuaci\u00f3n, la secci\u00f3n ilustra la Edad Media del Coliseo, su \"cristianizaci\u00f3n\" y, como contrapunto, la evocaci\u00f3n de un Coliseo \"m\u00e1gico\" y demon\u00edaco.<\/p><p>La exposici\u00f3n del Museo del Coliseo concluye con la secci\u00f3n dedicada a la reconstrucci\u00f3n \"filol\u00f3gica\" de la maqueta de Lucangeli y los \"arcos frondosos\" de vistas rom\u00e1nticas y escritos del Grand Tour.<\/p>\t\t\t\t\t\t<\/div>\n\t\t\t\t<\/div>\n\t\t\t\t<div class=\"elementor-element elementor-element-33084a0 elementor-widget elementor-widget-heading\" data-id=\"33084a0\" data-element_type=\"widget\" data-settings=\"{&quot;ekit_we_effect_on&quot;:&quot;none&quot;}\" data-widget_type=\"heading.default\">\n\t\t\t\t<div class=\"elementor-widget-container\">\n\t\t\t<h5 class=\"elementor-heading-title elementor-size-default\">Horario de apertura<\/h5>\t\t<\/div>\n\t\t\t\t<\/div>\n\t\t\t\t<div class=\"elementor-element elementor-element-41630b5 elementor-widget elementor-widget-text-editor\" data-id=\"41630b5\" data-element_type=\"widget\" data-settings=\"{&quot;ekit_we_effect_on&quot;:&quot;none&quot;}\" data-widget_type=\"text-editor.default\">\n\t\t\t\t<div class=\"elementor-widget-container\">\n\t\t\t\t\t\t\t<p>El Museo abre todos los d\u00edas, de lunes a domingo, de 9.00 a 16.30 horas.<\/p><p>La \u00faltima visita es una hora antes del cierre.\u00a0<\/p><p>\u00a0<\/p><p>\u00a0<\/p><p>\u00a0<\/p><p>\u00a0<\/p>\t\t\t\t\t\t<\/div>\n\t\t\t\t<\/div>\n\t\t\t\t<div class=\"elementor-element elementor-element-5a13300 elementor-widget elementor-widget-heading\" data-id=\"5a13300\" data-element_type=\"widget\" data-settings=\"{&quot;ekit_we_effect_on&quot;:&quot;none&quot;}\" data-widget_type=\"heading.default\">\n\t\t\t\t<div class=\"elementor-widget-container\">\n\t\t\t<h5 class=\"elementor-heading-title elementor-size-default\">C\u00f3mo llegar al Museo del Anfiteatro Flavio<\/h5>\t\t<\/div>\n\t\t\t\t<\/div>\n\t\t\t\t<div class=\"elementor-element elementor-element-b392f7f elementor-widget elementor-widget-text-editor\" data-id=\"b392f7f\" data-element_type=\"widget\" data-settings=\"{&quot;ekit_we_effect_on&quot;:&quot;none&quot;}\" data-widget_type=\"text-editor.default\">\n\t\t\t\t<div class=\"elementor-widget-container\">\n\t\t\t\t\t\t\t<p>Metro: L\u00ednea B parada Colosseo<\/p><p>Autobuses: n\u00ba 75, 81, 87, 673, 175, 204<\/p><p>Tranv\u00eda: n\u00ba 3<\/p>\t\t\t\t\t\t<\/div>\n\t\t\t\t<\/div>\n\t\t\t\t<div class=\"elementor-element elementor-element-35c1500 elementor-widget elementor-widget-heading\" data-id=\"35c1500\" data-element_type=\"widget\" data-settings=\"{&quot;ekit_we_effect_on&quot;:&quot;none&quot;}\" data-widget_type=\"heading.default\">\n\t\t\t\t<div class=\"elementor-widget-container\">\n\t\t\t<h5 class=\"elementor-heading-title elementor-size-default\">Libro tambi\u00e9n Foro Palatino Romano y Domus Aurea<\/h5>\t\t<\/div>\n\t\t\t\t<\/div>\n\t\t\t\t\t<\/div>\n\t\t<\/div>\n\t\t\t\t\t<\/div>\n\t\t<\/section>\n\t\t\t\t<\/div>","protected":false},"excerpt":{"rendered":"<p>El Museo Palatino Visita el Museo del Coliseo Compra de entradas y visita El Museo del Anfiteatro Flavio El Museo del Coliseo, situado en el segundo nivel del anfiteatro, representa un itinerario tem\u00e1tico dentro del espacio expositivo. Una se\u00f1alizaci\u00f3n bien dise\u00f1ada identifica los itinerarios m\u00e1s significativos para aprovechar al m\u00e1ximo la visita. Las investigaciones arqueol\u00f3gicas de los \u00faltimos [...]<\/p>","protected":false},"author":1,"featured_media":0,"parent":528,"menu_order":5,"comment_status":"closed","ping_status":"closed","template":"","meta":{"site-sidebar-layout":"no-sidebar","site-content-layout":"page-builder","ast-site-content-layout":"default","site-content-style":"default","site-sidebar-style":"default","ast-global-header-display":"","ast-banner-title-visibility":"","ast-main-header-display":"","ast-hfb-above-header-display":"","ast-hfb-below-header-display":"","ast-hfb-mobile-header-display":"","site-post-title":"disabled","ast-breadcrumbs-content":"","ast-featured-img":"disabled","footer-sml-layout":"","ast-disable-related-posts":"","theme-transparent-header-meta":"default","adv-header-id-meta":"","stick-header-meta":"","header-above-stick-meta":"","header-main-stick-meta":"","header-below-stick-meta":"","astra-migrate-meta-layouts":"default","ast-page-background-enabled":"default","ast-page-background-meta":{"desktop":{"background-color":"var(--ast-global-color-4)","background-image":"","background-repeat":"repeat","background-position":"center center","background-size":"auto","background-attachment":"scroll","background-type":"","background-media":"","overlay-type":"","overlay-color":"","overlay-opacity":"","overlay-gradient":""},"tablet":{"background-color":"","background-image":"","background-repeat":"repeat","background-position":"center center","background-size":"auto","background-attachment":"scroll","background-type":"","background-media":"","overlay-type":"","overlay-color":"","overlay-opacity":"","overlay-gradient":""},"mobile":{"background-color":"","background-image":"","background-repeat":"repeat","background-position":"center center","background-size":"auto","background-attachment":"scroll","background-type":"","background-media":"","overlay-type":"","overlay-color":"","overlay-opacity":"","overlay-gradient":""}},"ast-content-background-meta":{"desktop":{"background-color":"var(--ast-global-color-5)","background-image":"","background-repeat":"repeat","background-position":"center center","background-size":"auto","background-attachment":"scroll","background-type":"","background-media":"","overlay-type":"","overlay-color":"","overlay-opacity":"","overlay-gradient":""},"tablet":{"background-color":"var(--ast-global-color-5)","background-image":"","background-repeat":"repeat","background-position":"center center","background-size":"auto","background-attachment":"scroll","background-type":"","background-media":"","overlay-type":"","overlay-color":"","overlay-opacity":"","overlay-gradient":""},"mobile":{"background-color":"var(--ast-global-color-5)","background-image":"","background-repeat":"repeat","background-position":"center center","background-size":"auto","background-attachment":"scroll","background-type":"","background-media":"","overlay-type":"","overlay-color":"","overlay-opacity":"","overlay-gradient":""}},"iawp_total_views":516,"footnotes":""},"class_list":["post-538","page","type-page","status-publish","hentry"],"_links":{"self":[{"href":"https:\/\/colosseo-roma.it\/es\/wp-json\/wp\/v2\/pages\/538","targetHints":{"allow":["GET"]}}],"collection":[{"href":"https:\/\/colosseo-roma.it\/es\/wp-json\/wp\/v2\/pages"}],"about":[{"href":"https:\/\/colosseo-roma.it\/es\/wp-json\/wp\/v2\/types\/page"}],"author":[{"embeddable":true,"href":"https:\/\/colosseo-roma.it\/es\/wp-json\/wp\/v2\/users\/1"}],"replies":[{"embeddable":true,"href":"https:\/\/colosseo-roma.it\/es\/wp-json\/wp\/v2\/comments?post=538"}],"version-history":[{"count":0,"href":"https:\/\/colosseo-roma.it\/es\/wp-json\/wp\/v2\/pages\/538\/revisions"}],"up":[{"embeddable":true,"href":"https:\/\/colosseo-roma.it\/es\/wp-json\/wp\/v2\/pages\/528"}],"wp:attachment":[{"href":"https:\/\/colosseo-roma.it\/es\/wp-json\/wp\/v2\/media?parent=538"}],"curies":[{"name":"wp","href":"https:\/\/api.w.org\/{rel}","templated":true}]}}