{"id":540,"date":"2023-03-28T09:18:40","date_gmt":"2023-03-28T08:18:40","guid":{"rendered":"https:\/\/wordpress-1074717-3818660.cloudwaysapps.com\/?page_id=540"},"modified":"2026-01-26T17:11:47","modified_gmt":"2026-01-26T16:11:47","slug":"arquitectura","status":"publish","type":"page","link":"https:\/\/colosseo-roma.it\/es\/explore\/coliseo\/arquitectura\/","title":{"rendered":"Arquitectura"},"content":{"rendered":"<div data-elementor-type=\"wp-page\" data-elementor-id=\"540\" class=\"elementor elementor-540\" data-elementor-post-type=\"page\">\n\t\t\t\t\t\t<section class=\"elementor-section elementor-top-section elementor-element elementor-element-bd0a364 elementor-section-boxed elementor-section-height-default elementor-section-height-default\" data-id=\"bd0a364\" data-element_type=\"section\" data-settings=\"{&quot;jet_parallax_layout_list&quot;:[],&quot;ekit_has_onepagescroll_dot&quot;:&quot;yes&quot;}\">\n\t\t\t\t\t\t<div class=\"elementor-container elementor-column-gap-default\">\n\t\t\t\t\t<div class=\"elementor-column elementor-col-100 elementor-top-column elementor-element elementor-element-e53f870\" data-id=\"e53f870\" data-element_type=\"column\" data-settings=\"{&quot;background_background&quot;:&quot;classic&quot;}\">\n\t\t\t<div class=\"elementor-widget-wrap elementor-element-populated\">\n\t\t\t\t\t\t<div class=\"elementor-element elementor-element-3f626a0 elementor-widget elementor-widget-heading\" data-id=\"3f626a0\" data-element_type=\"widget\" data-settings=\"{&quot;ekit_we_effect_on&quot;:&quot;none&quot;}\" data-widget_type=\"heading.default\">\n\t\t\t\t<div class=\"elementor-widget-container\">\n\t\t\t<h1 class=\"elementor-heading-title elementor-size-default\">Arquitectura del Coliseo<\/h1>\t\t<\/div>\n\t\t\t\t<\/div>\n\t\t\t\t<div class=\"elementor-element elementor-element-63abe57 elementor-widget elementor-widget-text-editor\" data-id=\"63abe57\" data-element_type=\"widget\" data-settings=\"{&quot;ekit_we_effect_on&quot;:&quot;none&quot;}\" data-widget_type=\"text-editor.default\">\n\t\t\t\t<div class=\"elementor-widget-container\">\n\t\t\t\t\t\t\t<p><strong>El Coliseo tiene 52 metros de altura.<\/strong><br \/><strong>El eje menor de 156 metros.<\/strong><br \/><strong>El eje mayor mide 188 metros.<\/strong><br \/><strong>El estadio tiene una superficie de 3.357 metros cuadrados.<\/strong><\/p>\t\t\t\t\t\t<\/div>\n\t\t\t\t<\/div>\n\t\t\t\t<div class=\"elementor-element elementor-element-0ad6c2a elementor-widget elementor-widget-heading\" data-id=\"0ad6c2a\" data-element_type=\"widget\" data-settings=\"{&quot;ekit_we_effect_on&quot;:&quot;none&quot;}\" data-widget_type=\"heading.default\">\n\t\t\t\t<div class=\"elementor-widget-container\">\n\t\t\t<h4 class=\"elementor-heading-title elementor-size-default\">Las caracter\u00edsticas del Coliseo<\/h4>\t\t<\/div>\n\t\t\t\t<\/div>\n\t\t\t\t<div class=\"elementor-element elementor-element-f411953 elementor-widget elementor-widget-text-editor\" data-id=\"f411953\" data-element_type=\"widget\" data-settings=\"{&quot;ekit_we_effect_on&quot;:&quot;none&quot;}\" data-widget_type=\"text-editor.default\">\n\t\t\t\t<div class=\"elementor-widget-container\">\n\t\t\t\t\t\t\t<p>La estructura se articula en el exterior en cuatro \u00f3rdenes, correspondientes en el interior a cinco sectores de asientos que constituyen la cavea. La estructura portante est\u00e1 formada por pilares de bloques de travertino intercalados en el primer orden por mamposter\u00eda de bloques de toba, en los \u00f3rdenes superiores por tabiques radiales de ladrillo. Las b\u00f3vedas de cubierta son de hormig\u00f3n de toba amarilla y naranja, la primera de \u00e9poca flavia, la segunda de \u00e9poca severiana.El suelo del primer orden era de losas de travertino, excepto a lo largo del pasillo junto a la arena, que, al estar destinado a los senadores, estaba revestido de m\u00e1rmol. En los \u00f3rdenes superiores, el suelo era de opus spicatum, hecho de ladrillos dispuestos en espiga. El travertino se segu\u00eda utilizando en el revestimiento de escaleras y rellanos y en los conductos visibles. Las b\u00f3vedas y muros de ladrillo y toba se cubr\u00edan con yeso blanco; la base de los muros era roja. Todos los caminos para el emperador, el orden senatorial y las m\u00e1s altas autoridades religiosas estaban revestidos de m\u00e1rmol.<\/p>\t\t\t\t\t\t<\/div>\n\t\t\t\t<\/div>\n\t\t\t\t<div class=\"elementor-element elementor-element-3a32cd8 elementor-widget elementor-widget-heading\" data-id=\"3a32cd8\" data-element_type=\"widget\" data-settings=\"{&quot;ekit_we_effect_on&quot;:&quot;none&quot;}\" data-widget_type=\"heading.default\">\n\t\t\t\t<div class=\"elementor-widget-container\">\n\t\t\t<h4 class=\"elementor-heading-title elementor-size-default\">La estructura del anfiteatro Flavio<\/h4>\t\t<\/div>\n\t\t\t\t<\/div>\n\t\t\t\t<div class=\"elementor-element elementor-element-c8ccae0 elementor-widget elementor-widget-text-editor\" data-id=\"c8ccae0\" data-element_type=\"widget\" data-settings=\"{&quot;ekit_we_effect_on&quot;:&quot;none&quot;}\" data-widget_type=\"text-editor.default\">\n\t\t\t\t<div class=\"elementor-widget-container\">\n\t\t\t\t\t\t\t<p>El anfiteatro se levanta sobre una crepidina baja de bloques de travertino que forman dos gradas. Los tres primeros niveles est\u00e1n formados por 80 arcos sobre pilares en opus quadratum, con semicolumnas salientes coronadas por capiteles d\u00f3ricos en el primer nivel, j\u00f3nicos en el segundo y corintios en el tercero. El cuarto y \u00faltimo registro consiste en un muro macizo en el que se alternan pilastras de orden corintio con ventanas cuadradas. A\u00fan son visibles las m\u00e9nsulas de travertino sobre las que descansaba la base de las vigas de madera que sosten\u00edan el velario del tejado; en la cornisa saliente se abren orificios para la inserci\u00f3n de las vigas, uno por cada una de las m\u00e9nsulas inferiores.<\/p>\t\t\t\t\t\t<\/div>\n\t\t\t\t<\/div>\n\t\t\t\t<div class=\"elementor-element elementor-element-27c309a elementor-widget elementor-widget-heading\" data-id=\"27c309a\" data-element_type=\"widget\" data-settings=\"{&quot;ekit_we_effect_on&quot;:&quot;none&quot;}\" data-widget_type=\"heading.default\">\n\t\t\t\t<div class=\"elementor-widget-container\">\n\t\t\t<h4 class=\"elementor-heading-title elementor-size-default\">Profundizar en la arquitectura del Coliseo<\/h4>\t\t<\/div>\n\t\t\t\t<\/div>\n\t\t\t\t<div class=\"elementor-element elementor-element-378bf9b elementor-widget elementor-widget-text-editor\" data-id=\"378bf9b\" data-element_type=\"widget\" data-settings=\"{&quot;ekit_we_effect_on&quot;:&quot;none&quot;}\" data-widget_type=\"text-editor.default\">\n\t\t\t\t<div class=\"elementor-widget-container\">\n\t\t\t\t\t\t\t<p>La cavea estaba subdividida desde abajo en un primer sector de asientos (podio) compuesto por cuatro grandes gradas de m\u00e1rmol sobre las que descansaban los asientos m\u00f3viles de los senadores; un segundo sector, el maenianum primum, constaba de ocho escalones de m\u00e1rmol; el maenianum secundum, el sector m\u00e1s amplio, se divid\u00eda en imum y summum y estaba reservado al orden ecuestre; el maenianum summum in ligneis estaba situado en la parte m\u00e1s alta, justo debajo del velarium, y contaba con 11 escalones de madera bajo una columnata. Pasillos el\u00edpticos llamados praecinctiones separaban las distintas zonas de asientos: la praecinctio que distingu\u00eda el maenianum inferior del superior formaba una elevada elevaci\u00f3n articulada en puertas, vomitoria (pasillos para la salida de la multitud) y hornacinas.<\/p>\t\t\t\t\t\t<\/div>\n\t\t\t\t<\/div>\n\t\t\t\t<div class=\"elementor-element elementor-element-b25ef14 elementor-widget elementor-widget-heading\" data-id=\"b25ef14\" data-element_type=\"widget\" data-settings=\"{&quot;ekit_we_effect_on&quot;:&quot;none&quot;}\" data-widget_type=\"heading.default\">\n\t\t\t\t<div class=\"elementor-widget-container\">\n\t\t\t<h4 class=\"elementor-heading-title elementor-size-default\">\u00bfCu\u00e1ntas personas cab\u00edan en el Coliseo de Roma?<\/h4>\t\t<\/div>\n\t\t\t\t<\/div>\n\t\t\t\t<div class=\"elementor-element elementor-element-9dfaf83 elementor-widget elementor-widget-text-editor\" data-id=\"9dfaf83\" data-element_type=\"widget\" data-settings=\"{&quot;ekit_we_effect_on&quot;:&quot;none&quot;}\" data-widget_type=\"text-editor.default\">\n\t\t\t\t<div class=\"elementor-widget-container\">\n\t\t\t\t\t\t\t<p>Se ha calculado que el anfiteatro ten\u00eda capacidad para unos 55.000 espectadores, de los cuales 50.000 estaban sentados y 5.000 de pie en la parte m\u00e1s alta. Alrededor de la arena discurr\u00eda una galer\u00eda de la que s\u00f3lo se conserva la pared trasera con 24 nichos, que se comunicaba con el piso de juegos a trav\u00e9s de puertas utilizadas por el personal de servicio. En el siglo XIX se reconstruy\u00f3 una peque\u00f1a parte de la galer\u00eda de servicio a lo largo de la ladera sur, para destacar la presencia del criptop\u00f3rtico imperial, que llegaba hasta el palco del emperador en este punto.<\/p><p>La entrada al anfiteatro era gratuita, pero estaba regulada seg\u00fan un criterio jer\u00e1rquico preciso: los mejores asientos alrededor de la arena estaban reservados a los senadores, mientras que los peores, m\u00e1s altos y alejados, con visibilidad reducida, estaban reservados a la plebe y se situaban en el maenianum summum in ligneis.<\/p><p>Las entradas estaban numeradas: algunos n\u00fameros a\u00fan pueden verse en la parte superior de los arcos del anillo exterior a lo largo del lado norte intacto. Otros signos se pintaron en la parte superior de las arcadas interiores para permitir a los espectadores encontrar f\u00e1cilmente el camino a sus asientos asignados: los mismos signos figuraban en la tarjeta personal que ten\u00eda cada ciudadano. S\u00f3lo las entradas situadas en los extremos de los ejes mayor y menor no estaban numeradas, ya que estaban reservadas a las autoridades y los gladiadores.<\/p><p>En el Coliseo, adem\u00e1s de las luchas de gladiadores (munera) y los espect\u00e1culos de caza (venationes), se celebraban ejecuciones de penas de muerte (noxii), que para los romanos ten\u00edan un alto valor educativo como advertencia para que se observara un comportamiento socialmente correcto. Las ejecuciones p\u00fablicas se hicieron m\u00e1s frecuentes en el Bajo Imperio, cuando desaparecieron ciertos tipos de tortura como la horca y la crucifixi\u00f3n, mientras que sobrevivieron la quema y la decapitaci\u00f3n.<\/p>\t\t\t\t\t\t<\/div>\n\t\t\t\t<\/div>\n\t\t\t\t<div class=\"elementor-element elementor-element-76b51ab elementor-widget elementor-widget-heading\" data-id=\"76b51ab\" data-element_type=\"widget\" data-settings=\"{&quot;ekit_we_effect_on&quot;:&quot;none&quot;}\" data-widget_type=\"heading.default\">\n\t\t\t\t<div class=\"elementor-widget-container\">\n\t\t\t<h4 class=\"elementor-heading-title elementor-size-default\">La mazmorra de los gladiadores<\/h4>\t\t<\/div>\n\t\t\t\t<\/div>\n\t\t\t\t<div class=\"elementor-element elementor-element-c7220c5 elementor-widget elementor-widget-text-editor\" data-id=\"c7220c5\" data-element_type=\"widget\" data-settings=\"{&quot;ekit_we_effect_on&quot;:&quot;none&quot;}\" data-widget_type=\"text-editor.default\">\n\t\t\t\t<div class=\"elementor-widget-container\">\n\t\t\t\t\t\t\t<p>El suelo sobre el que ten\u00edan lugar los espect\u00e1culos, la arena, ocultaba completamente a la vista de los espectadores las salas subterr\u00e1neas donde se desarrollaban todas las actividades relacionadas con la puesta en escena de los juegos. La arena estaba salpicada de arena (de ah\u00ed el nombre de \"arena\"), \u00fatil tanto para evitar resbalones como para absorber la abundante sangre procedente de la matanza de grandes animales. Los pasadizos subterr\u00e1neos del Coliseo estuvieron abiertos desde el a\u00f1o 80 d.C. hasta el 508 d.C., cuando se rellenaron completamente con tierra. Los muros visibles hoy en d\u00eda son el resultado de una serie de cambios estructurales, no siempre f\u00e1ciles de comprender, debidos tanto a la restauraci\u00f3n como a los cambios escenogr\u00e1ficos. Los s\u00f3tanos albergaban los elevadores (80 en n\u00famero) que permit\u00edan la comunicaci\u00f3n con el suelo de la arena y la r\u00e1pida salida de hombres, animales, decorados y materiales necesarios para los juegos. La diferencia de altura entre el suelo de las mazmorras y el primer orden era de 6 metros. El espacio el\u00edptico de las mazmorras est\u00e1 dividido en cuatro sectores sim\u00e9tricos delimitados por dos corredores principales dispuestos a lo largo de los ejes principales, que se cruzan en \u00e1ngulo recto. Los muros de toba, en los que son visibles las ranuras para la inserci\u00f3n de las vigas y las gu\u00edas acanaladas verticalmente para los polipastos, datan de la fase de construcci\u00f3n original del periodo de Domiciano. Durante las excavaciones realizadas entre 1874 y 1875, se encontraron numerosos elementos de madera pertenecientes a los mecanismos de elevaci\u00f3n, e incluso un suelo de madera entero, hallado intacto en el pasillo central, todav\u00eda en su lugar tal vez para aislar el suelo de la subida del agua.<\/p>\t\t\t\t\t\t<\/div>\n\t\t\t\t<\/div>\n\t\t\t\t<div class=\"elementor-element elementor-element-c77714e elementor-widget elementor-widget-heading\" data-id=\"c77714e\" data-element_type=\"widget\" data-settings=\"{&quot;ekit_we_effect_on&quot;:&quot;none&quot;}\" data-widget_type=\"heading.default\">\n\t\t\t\t<div class=\"elementor-widget-container\">\n\t\t\t<h4 class=\"elementor-heading-title elementor-size-default\">Edificios al servicio del anfiteatro<\/h4>\t\t<\/div>\n\t\t\t\t<\/div>\n\t\t\t\t<div class=\"elementor-element elementor-element-1e25503 elementor-widget elementor-widget-text-editor\" data-id=\"1e25503\" data-element_type=\"widget\" data-settings=\"{&quot;ekit_we_effect_on&quot;:&quot;none&quot;}\" data-widget_type=\"text-editor.default\">\n\t\t\t\t<div class=\"elementor-widget-container\">\n\t\t\t\t\t\t\t<p>La construcci\u00f3n del anfiteatro conllev\u00f3 tambi\u00e9n la construcci\u00f3n simult\u00e1nea de una serie de edificios de servicio, todos ellos de la \u00e9poca de Domiciano (81-96 d.C.).): los cuatro Ludi, o gimnasios para el entrenamiento de gladiadores y venatores (se conserva en buen estado el Ludus Magnus, al comienzo de la Via Labicana), los barracones para los marineros de la flota del cabo Misenum (Castra Misenatium) encargados de maniobrar el velarium, el Summum Choragium, o almac\u00e9n de los decorados, y la Armamentaria, almac\u00e9n de armas de los gladiadores. Tambi\u00e9n estaban el Saniarium, primeros auxilios para los heridos que pod\u00edan ser atendidos in situ, y el Spoliarium, donde se proced\u00eda al desvestido de los cuerpos de los gladiadores muertos y a la recuperaci\u00f3n de las armaduras.<\/p>\t\t\t\t\t\t<\/div>\n\t\t\t\t<\/div>\n\t\t\t\t\t<\/div>\n\t\t<\/div>\n\t\t\t\t\t<\/div>\n\t\t<\/section>\n\t\t\t\t<\/div>","protected":false},"excerpt":{"rendered":"<p>Archittetura del Colosseo Il Colosseo \u00e8 alto 52 metri. L&#8217;asse minore di 156 metri. L&#8217;asse maggiore di 188 metri. L&#8217;arena ha una superficie di 3357 metri quadrati. Le caratteristiche del Colosseo La struttura \u00e8 articolata all&#8217;esterno in quattro ordini, corrispondenti all&#8217;interno a cinque settori di posti a sedere costituenti la cavea. La struttura portante \u00e8 [&hellip;]<\/p>","protected":false},"author":1,"featured_media":0,"parent":528,"menu_order":3,"comment_status":"closed","ping_status":"closed","template":"","meta":{"site-sidebar-layout":"no-sidebar","site-content-layout":"page-builder","ast-site-content-layout":"full-width-container","site-content-style":"unboxed","site-sidebar-style":"unboxed","ast-global-header-display":"","ast-banner-title-visibility":"","ast-main-header-display":"","ast-hfb-above-header-display":"","ast-hfb-below-header-display":"","ast-hfb-mobile-header-display":"","site-post-title":"disabled","ast-breadcrumbs-content":"","ast-featured-img":"disabled","footer-sml-layout":"","ast-disable-related-posts":"","theme-transparent-header-meta":"default","adv-header-id-meta":"","stick-header-meta":"","header-above-stick-meta":"","header-main-stick-meta":"","header-below-stick-meta":"","astra-migrate-meta-layouts":"set","ast-page-background-enabled":"default","ast-page-background-meta":{"desktop":{"background-color":"var(--ast-global-color-4)","background-image":"","background-repeat":"repeat","background-position":"center center","background-size":"auto","background-attachment":"scroll","background-type":"","background-media":"","overlay-type":"","overlay-color":"","overlay-opacity":"","overlay-gradient":""},"tablet":{"background-color":"","background-image":"","background-repeat":"repeat","background-position":"center center","background-size":"auto","background-attachment":"scroll","background-type":"","background-media":"","overlay-type":"","overlay-color":"","overlay-opacity":"","overlay-gradient":""},"mobile":{"background-color":"","background-image":"","background-repeat":"repeat","background-position":"center center","background-size":"auto","background-attachment":"scroll","background-type":"","background-media":"","overlay-type":"","overlay-color":"","overlay-opacity":"","overlay-gradient":""}},"ast-content-background-meta":{"desktop":{"background-color":"var(--ast-global-color-5)","background-image":"","background-repeat":"repeat","background-position":"center center","background-size":"auto","background-attachment":"scroll","background-type":"","background-media":"","overlay-type":"","overlay-color":"","overlay-opacity":"","overlay-gradient":""},"tablet":{"background-color":"var(--ast-global-color-5)","background-image":"","background-repeat":"repeat","background-position":"center center","background-size":"auto","background-attachment":"scroll","background-type":"","background-media":"","overlay-type":"","overlay-color":"","overlay-opacity":"","overlay-gradient":""},"mobile":{"background-color":"var(--ast-global-color-5)","background-image":"","background-repeat":"repeat","background-position":"center center","background-size":"auto","background-attachment":"scroll","background-type":"","background-media":"","overlay-type":"","overlay-color":"","overlay-opacity":"","overlay-gradient":""}},"iawp_total_views":4261,"footnotes":""},"class_list":["post-540","page","type-page","status-publish","hentry"],"_links":{"self":[{"href":"https:\/\/colosseo-roma.it\/es\/wp-json\/wp\/v2\/pages\/540","targetHints":{"allow":["GET"]}}],"collection":[{"href":"https:\/\/colosseo-roma.it\/es\/wp-json\/wp\/v2\/pages"}],"about":[{"href":"https:\/\/colosseo-roma.it\/es\/wp-json\/wp\/v2\/types\/page"}],"author":[{"embeddable":true,"href":"https:\/\/colosseo-roma.it\/es\/wp-json\/wp\/v2\/users\/1"}],"replies":[{"embeddable":true,"href":"https:\/\/colosseo-roma.it\/es\/wp-json\/wp\/v2\/comments?post=540"}],"version-history":[{"count":0,"href":"https:\/\/colosseo-roma.it\/es\/wp-json\/wp\/v2\/pages\/540\/revisions"}],"up":[{"embeddable":true,"href":"https:\/\/colosseo-roma.it\/es\/wp-json\/wp\/v2\/pages\/528"}],"wp:attachment":[{"href":"https:\/\/colosseo-roma.it\/es\/wp-json\/wp\/v2\/media?parent=540"}],"curies":[{"name":"wp","href":"https:\/\/api.w.org\/{rel}","templated":true}]}}