{"id":541,"date":"2023-03-28T09:18:49","date_gmt":"2023-03-28T08:18:49","guid":{"rendered":"https:\/\/wordpress-1074717-3818660.cloudwaysapps.com\/?page_id=541"},"modified":"2026-01-26T17:11:26","modified_gmt":"2026-01-26T16:11:26","slug":"historia","status":"publish","type":"page","link":"https:\/\/colosseo-roma.it\/es\/explore\/coliseo\/historia\/","title":{"rendered":"Historia"},"content":{"rendered":"<div data-elementor-type=\"wp-page\" data-elementor-id=\"541\" class=\"elementor elementor-541\" data-elementor-post-type=\"page\">\n\t\t\t\t\t\t<section class=\"elementor-section elementor-top-section elementor-element elementor-element-2d9a5e1 elementor-section-boxed elementor-section-height-default elementor-section-height-default\" data-id=\"2d9a5e1\" data-element_type=\"section\" data-settings=\"{&quot;jet_parallax_layout_list&quot;:[],&quot;ekit_has_onepagescroll_dot&quot;:&quot;yes&quot;}\">\n\t\t\t\t\t\t<div class=\"elementor-container elementor-column-gap-default\">\n\t\t\t\t\t<div class=\"elementor-column elementor-col-100 elementor-top-column elementor-element elementor-element-6e78c0a\" data-id=\"6e78c0a\" data-element_type=\"column\" data-settings=\"{&quot;background_background&quot;:&quot;classic&quot;}\">\n\t\t\t<div class=\"elementor-widget-wrap elementor-element-populated\">\n\t\t\t\t\t\t<div class=\"elementor-element elementor-element-d6843ff elementor-widget elementor-widget-heading\" data-id=\"d6843ff\" data-element_type=\"widget\" data-settings=\"{&quot;ekit_we_effect_on&quot;:&quot;none&quot;}\" data-widget_type=\"heading.default\">\n\t\t\t\t<div class=\"elementor-widget-container\">\n\t\t\t<h1 class=\"elementor-heading-title elementor-size-default\">La historia del Coliseo<\/h1>\t\t<\/div>\n\t\t\t\t<\/div>\n\t\t\t\t<div class=\"elementor-element elementor-element-a0dcb53 elementor-widget elementor-widget-text-editor\" data-id=\"a0dcb53\" data-element_type=\"widget\" data-settings=\"{&quot;ekit_we_effect_on&quot;:&quot;none&quot;}\" data-widget_type=\"text-editor.default\">\n\t\t\t\t<div class=\"elementor-widget-container\">\n\t\t\t\t\t\t\t<p style=\"text-align: center;\">Sobre la historia de la <strong>Coliseo<\/strong> a lo largo de los siglos, desde su construcci\u00f3n hasta su destrucci\u00f3n, hay mucho que decir. Un largo periodo hist\u00f3rico, durante el cual el Coliseo ha sido utilizado y restaurado muchas y muchas veces, de diferentes maneras, con diferentes m\u00e9todos. Las historias del Coliseo, de hecho, son muchas y marcan los distintos periodos de la <strong>La antigua Roma.<\/strong> En resumen, este magn\u00edfico anfiteatro ha visto y sufrido de todo, \u00a1y sigue haci\u00e9ndolo! Como el Coliseo sigue en pie, tambi\u00e9n pertenece a esta \u00e9poca moderna.<\/p><p style=\"text-align: center;\">El Coliseo sigue siendo reconocido en todo el mundo como s\u00edmbolo de Roma. Los antiguos romanos lo llamaban<em><strong>Amphitheatrum Flavium\".<\/strong><\/em> que debe su nombre a la familia imperial Flavia, bajo cuyo mandato se iniciaron y finalizaron las obras de construcci\u00f3n. En el a\u00f1o 72 d.C., el emperador Vespasiano inici\u00f3 las obras, que fueron terminadas en el a\u00f1o 80 d.C. por su hijo Tito. Al final de las obras, la inauguraci\u00f3n se celebr\u00f3 con juegos y combates extraordinarios que duraron 100 d\u00edas.<\/p><p style=\"text-align: center;\">Esta peque\u00f1a informaci\u00f3n nos da una breve visi\u00f3n general de la historia del Coliseo, pero su historia es mucho m\u00e1s compleja y fascinante. Construido para ser el anfiteatro m\u00e1s grande jam\u00e1s construido, el Coliseo representaba el poder y la grandeza de los<strong>Imperio Romano<\/strong>convirti\u00e9ndose no s\u00f3lo en un lugar de entretenimiento, sino tambi\u00e9n en una herramienta pol\u00edtica para afirmar el control y la autoridad de los emperadores romanos.<\/p>\t\t\t\t\t\t<\/div>\n\t\t\t\t<\/div>\n\t\t\t\t<div class=\"elementor-element elementor-element-32a6686 elementor-widget elementor-widget-jet-timeline\" data-id=\"32a6686\" data-element_type=\"widget\" data-settings=\"{&quot;ekit_we_effect_on&quot;:&quot;none&quot;}\" data-widget_type=\"jet-timeline.default\">\n\t\t\t\t<div class=\"elementor-widget-container\">\n\t\t\t<div class=\"elementor-jet-timeline jet-elements\"><div class=\"jet-timeline jet-timeline--align-center jet-timeline--align-middle\">\n\t<div class=\"jet-timeline__line\"><div class=\"jet-timeline__line-progress\"><\/div><\/div>\n\t<div class=\"jet-timeline-list\"><div class=\"jet-timeline-item  elementor-repeater-item-fd1235f jet-timeline-item--image-inside\">\n\t<div class=\"timeline-item__card\">\n\t\t<div class=\"timeline-item__card-inner\">\n\t\t\t\t\t\t\t\t<div class=\"timeline-item__card-content\">\n\t\t\t\t\t<div class=\"timeline-item__meta\"><div class=\"timeline-item__meta-content\">La construcci\u00f3n y la Edad de Oro<\/div><\/div><h5 class=\"timeline-item__card-title\"> Antigua Roma, \u00e9poca flavia (72-80 d.C.)<\/h5><div class=\"timeline-item__card-desc\">La idea de construir un anfiteatro tan imponente en el coraz\u00f3n de Roma naci\u00f3 durante el reinado de Vespasiano, el primer emperador de la dinast\u00eda Flavia. La decisi\u00f3n de construirlo sobre el lago artificial de la Domus Aurea, la lujosa villa de Ner\u00f3n, fue simb\u00f3lica: una forma de devolver al pueblo romano la tierra que le hab\u00eda arrebatado el tirano anterior y de ganarse el favor de las masas. Su construcci\u00f3n represent\u00f3 una de las mayores obras arquitect\u00f3nicas de la Antig\u00fcedad, edificada con el empleo de miles de esclavos y obreros.\n\nLa inauguraci\u00f3n del anfiteatro fue un acontecimiento extraordinario que reflej\u00f3 la grandeza de Roma. Para celebrar la apertura del Coliseo, Tito organiz\u00f3 juegos y espect\u00e1culos que duraron 100 d\u00edas consecutivos, durante los cuales se calcula que murieron miles de animales salvajes y gladiadores. Estos eventos masivos formaban parte del \"panem et circenses\" (pan y juegos), una estrategia pol\u00edtica para distraer y controlar a la poblaci\u00f3n romana.<\/div>\t\t\t\t<\/div>\n\t\t\t\t\t\t<\/div>\n\t\t<div class=\"timeline-item__card-arrow\"><\/div>\n\t<\/div>\n\t<div class=\"timeline-item__point\"><div class=\"timeline-item__point-content timeline-item__point-content--icon\"><span class=\"jet-elements-icon\"><i aria-hidden=\"true\" class=\"fas fa-history\"><\/i><\/span><\/div><\/div><div class=\"timeline-item__meta\"><div class=\"timeline-item__meta-content\">La construcci\u00f3n y la Edad de Oro<\/div><\/div><\/div><div class=\"jet-timeline-item  elementor-repeater-item-c9e98a0 jet-timeline-item--image-inside\">\n\t<div class=\"timeline-item__card\">\n\t\t<div class=\"timeline-item__card-inner\">\n\t\t\t\t\t\t\t\t<div class=\"timeline-item__card-content\">\n\t\t\t\t\t<div class=\"timeline-item__meta\"><div class=\"timeline-item__meta-content\">Decadencia y transformaci\u00f3n<\/div><\/div><h5 class=\"timeline-item__card-title\">Bajo Imperio Romano y Edad Media (siglos V a XV)<\/h5><div class=\"timeline-item__card-desc\">Tras la ca\u00edda del Imperio Romano de Occidente, el Coliseo sufri\u00f3 numerosas transformaciones. Durante la Edad Media, el anfiteatro dej\u00f3 de utilizarse para espect\u00e1culos p\u00fablicos y se adapt\u00f3 a diversos usos. Algunos de los arcos exteriores se convirtieron en viviendas y tiendas, mientras que el piso inferior se transform\u00f3 en un cementerio.\n\nA lo largo de los siglos, los terremotos, los saqueos y los cambios de uso de los edificios causaron da\u00f1os considerables a la estructura. Algunas de las piedras fueron retiradas y reutilizadas para construir otros edificios en Roma, como la Bas\u00edlica de San Pedro. No obstante, el Coliseo sigui\u00f3 siendo un s\u00edmbolo de la ciudad y un testigo mudo de su tumultuosa historia.\n<\/div>\t\t\t\t<\/div>\n\t\t\t\t\t\t<\/div>\n\t\t<div class=\"timeline-item__card-arrow\"><\/div>\n\t<\/div>\n\t<div class=\"timeline-item__point\"><div class=\"timeline-item__point-content timeline-item__point-content--icon\"><span class=\"jet-elements-icon\"><i aria-hidden=\"true\" class=\"fas fa-history\"><\/i><\/span><\/div><\/div><div class=\"timeline-item__meta\"><div class=\"timeline-item__meta-content\">Decadencia y transformaci\u00f3n<\/div><\/div><\/div><div class=\"jet-timeline-item  elementor-repeater-item-1a116c5 jet-timeline-item--image-inside\">\n\t<div class=\"timeline-item__card\">\n\t\t<div class=\"timeline-item__card-inner\">\n\t\t\t\t\t\t\t\t<div class=\"timeline-item__card-content\">\n\t\t\t\t\t<div class=\"timeline-item__meta\"><div class=\"timeline-item__meta-content\">Redescubrimiento y renovaci\u00f3n<\/div><\/div><h5 class=\"timeline-item__card-title\">Renacimiento y periodos posteriores (siglos XVI a XIX)<\/h5><div class=\"timeline-item__card-desc\">Durante el Renacimiento, el Coliseo fue redescubierto como s\u00edmbolo del glorioso pasado de Roma. Artistas, escritores e intelectuales empezaron a interesarse por el antiguo anfiteatro, inspirados por su grandeza y su compleja historia. En el siglo XVII, la Iglesia Cat\u00f3lica declar\u00f3 el Coliseo lugar sagrado para conmemorar a los m\u00e1rtires cristianos que, seg\u00fan la tradici\u00f3n, hab\u00edan sido asesinados all\u00ed. Se construy\u00f3 un V\u00eda Crucis en el interior del anfiteatro, convirti\u00e9ndolo en lugar de culto y recuerdo.\n\nEn los siglos XVIII y XIX, el Coliseo fue objeto de varios proyectos de restauraci\u00f3n para preservar su estructura y valor hist\u00f3rico. Los esfuerzos de conservaci\u00f3n continuaron a lo largo del siglo XX y hasta nuestros d\u00edas, permitiendo al Coliseo mantener su grandeza y encanto, a pesar de los desaf\u00edos del tiempo.\n<\/div>\t\t\t\t<\/div>\n\t\t\t\t\t\t<\/div>\n\t\t<div class=\"timeline-item__card-arrow\"><\/div>\n\t<\/div>\n\t<div class=\"timeline-item__point\"><div class=\"timeline-item__point-content timeline-item__point-content--icon\"><span class=\"jet-elements-icon\"><i aria-hidden=\"true\" class=\"fas fa-history\"><\/i><\/span><\/div><\/div><div class=\"timeline-item__meta\"><div class=\"timeline-item__meta-content\">Redescubrimiento y renovaci\u00f3n<\/div><\/div><\/div><div class=\"jet-timeline-item  elementor-repeater-item-7ed7f15 jet-timeline-item--image-inside\">\n\t<div class=\"timeline-item__card\">\n\t\t<div class=\"timeline-item__card-inner\">\n\t\t\t\t\t\t\t\t<div class=\"timeline-item__card-content\">\n\t\t\t\t\t<div class=\"timeline-item__meta\"><div class=\"timeline-item__meta-content\">El Coliseo hoy<\/div><\/div><h5 class=\"timeline-item__card-title\">\u00c9poca moderna y contempor\u00e1nea (siglos XX y XXI)<\/h5><div class=\"timeline-item__card-desc\">Hoy en d\u00eda, el Coliseo es uno de los monumentos m\u00e1s visitados del mundo, un icono de la cultura italiana y un s\u00edmbolo de la resistencia de la ciudad de Roma. Sigue inspirando a millones de personas cada a\u00f1o, gracias a su imponente estructura y a su fascinante historia a lo largo de los siglos. El Coliseo es algo m\u00e1s que un yacimiento arqueol\u00f3gico: es un testimonio vivo de la historia, la cultura y el ingenio de una civilizaci\u00f3n que ha marcado el curso de la humanidad.\n\nVisitar el Coliseo es hacer un viaje en el tiempo, sumergirse en sus m\u00faltiples historias, desde el esplendor de la antigua Roma hasta los desaf\u00edos de la modernidad. A pesar de haber sufrido destrucciones, terremotos y siglos de abandono, este majestuoso anfiteatro sigue en pie, testigo silencioso e imponente de un pasado que pervive en el presente.<\/div>\t\t\t\t<\/div>\n\t\t\t\t\t\t<\/div>\n\t\t<div class=\"timeline-item__card-arrow\"><\/div>\n\t<\/div>\n\t<div class=\"timeline-item__point\"><div class=\"timeline-item__point-content timeline-item__point-content--icon\"><span class=\"jet-elements-icon\"><i aria-hidden=\"true\" class=\"fas fa-history\"><\/i><\/span><\/div><\/div><div class=\"timeline-item__meta\"><div class=\"timeline-item__meta-content\">El Coliseo hoy<\/div><\/div><\/div><\/div><\/div><\/div>\t\t<\/div>\n\t\t\t\t<\/div>\n\t\t\t\t\t<\/div>\n\t\t<\/div>\n\t\t\t\t\t<\/div>\n\t\t<\/section>\n\t\t\t\t<\/div>","protected":false},"excerpt":{"rendered":"<p>La historia del Coliseo Hay mucho que decir sobre la historia del Coliseo a lo largo de los siglos, desde su construcci\u00f3n hasta su destrucci\u00f3n. Un largo periodo hist\u00f3rico, durante el cual el Coliseo ha sido utilizado y restaurado muchas y muchas veces, de diferentes maneras, con diferentes m\u00e9todos. Las historias del Coliseo, de hecho, son muchas y marcan las distintas \u00e9pocas de la [...]<\/p>","protected":false},"author":1,"featured_media":0,"parent":528,"menu_order":4,"comment_status":"closed","ping_status":"closed","template":"","meta":{"site-sidebar-layout":"no-sidebar","site-content-layout":"page-builder","ast-site-content-layout":"full-width-container","site-content-style":"unboxed","site-sidebar-style":"unboxed","ast-global-header-display":"","ast-banner-title-visibility":"","ast-main-header-display":"","ast-hfb-above-header-display":"","ast-hfb-below-header-display":"","ast-hfb-mobile-header-display":"","site-post-title":"disabled","ast-breadcrumbs-content":"","ast-featured-img":"disabled","footer-sml-layout":"","ast-disable-related-posts":"","theme-transparent-header-meta":"default","adv-header-id-meta":"","stick-header-meta":"","header-above-stick-meta":"","header-main-stick-meta":"","header-below-stick-meta":"","astra-migrate-meta-layouts":"set","ast-page-background-enabled":"default","ast-page-background-meta":{"desktop":{"background-color":"var(--ast-global-color-4)","background-image":"","background-repeat":"repeat","background-position":"center center","background-size":"auto","background-attachment":"scroll","background-type":"","background-media":"","overlay-type":"","overlay-color":"","overlay-opacity":"","overlay-gradient":""},"tablet":{"background-color":"","background-image":"","background-repeat":"repeat","background-position":"center center","background-size":"auto","background-attachment":"scroll","background-type":"","background-media":"","overlay-type":"","overlay-color":"","overlay-opacity":"","overlay-gradient":""},"mobile":{"background-color":"","background-image":"","background-repeat":"repeat","background-position":"center center","background-size":"auto","background-attachment":"scroll","background-type":"","background-media":"","overlay-type":"","overlay-color":"","overlay-opacity":"","overlay-gradient":""}},"ast-content-background-meta":{"desktop":{"background-color":"var(--ast-global-color-5)","background-image":"","background-repeat":"repeat","background-position":"center center","background-size":"auto","background-attachment":"scroll","background-type":"","background-media":"","overlay-type":"","overlay-color":"","overlay-opacity":"","overlay-gradient":""},"tablet":{"background-color":"var(--ast-global-color-5)","background-image":"","background-repeat":"repeat","background-position":"center center","background-size":"auto","background-attachment":"scroll","background-type":"","background-media":"","overlay-type":"","overlay-color":"","overlay-opacity":"","overlay-gradient":""},"mobile":{"background-color":"var(--ast-global-color-5)","background-image":"","background-repeat":"repeat","background-position":"center center","background-size":"auto","background-attachment":"scroll","background-type":"","background-media":"","overlay-type":"","overlay-color":"","overlay-opacity":"","overlay-gradient":""}},"iawp_total_views":4984,"footnotes":""},"class_list":["post-541","page","type-page","status-publish","hentry"],"_links":{"self":[{"href":"https:\/\/colosseo-roma.it\/es\/wp-json\/wp\/v2\/pages\/541","targetHints":{"allow":["GET"]}}],"collection":[{"href":"https:\/\/colosseo-roma.it\/es\/wp-json\/wp\/v2\/pages"}],"about":[{"href":"https:\/\/colosseo-roma.it\/es\/wp-json\/wp\/v2\/types\/page"}],"author":[{"embeddable":true,"href":"https:\/\/colosseo-roma.it\/es\/wp-json\/wp\/v2\/users\/1"}],"replies":[{"embeddable":true,"href":"https:\/\/colosseo-roma.it\/es\/wp-json\/wp\/v2\/comments?post=541"}],"version-history":[{"count":0,"href":"https:\/\/colosseo-roma.it\/es\/wp-json\/wp\/v2\/pages\/541\/revisions"}],"up":[{"embeddable":true,"href":"https:\/\/colosseo-roma.it\/es\/wp-json\/wp\/v2\/pages\/528"}],"wp:attachment":[{"href":"https:\/\/colosseo-roma.it\/es\/wp-json\/wp\/v2\/media?parent=541"}],"curies":[{"name":"wp","href":"https:\/\/api.w.org\/{rel}","templated":true}]}}