{"id":551,"date":"2023-03-28T09:21:21","date_gmt":"2023-03-28T08:21:21","guid":{"rendered":"https:\/\/wordpress-1074717-3818660.cloudwaysapps.com\/?page_id=551"},"modified":"2026-01-26T16:51:32","modified_gmt":"2026-01-26T15:51:32","slug":"museo-palatino","status":"publish","type":"page","link":"https:\/\/colosseo-roma.it\/es\/explore\/museo-palatino\/","title":{"rendered":"Museo Palatino"},"content":{"rendered":"<div data-elementor-type=\"wp-page\" data-elementor-id=\"551\" class=\"elementor elementor-551\" data-elementor-post-type=\"page\">\n\t\t\t\t\t\t<section class=\"elementor-section elementor-top-section elementor-element elementor-element-19ebf5d elementor-section-boxed elementor-section-height-default elementor-section-height-default\" data-id=\"19ebf5d\" data-element_type=\"section\" data-settings=\"{&quot;jet_parallax_layout_list&quot;:[],&quot;ekit_has_onepagescroll_dot&quot;:&quot;yes&quot;}\">\n\t\t\t\t\t\t<div class=\"elementor-container elementor-column-gap-default\">\n\t\t\t\t\t<div class=\"elementor-column elementor-col-100 elementor-top-column elementor-element elementor-element-a5b5be8\" data-id=\"a5b5be8\" data-element_type=\"column\" data-settings=\"{&quot;background_background&quot;:&quot;classic&quot;}\">\n\t\t\t<div class=\"elementor-widget-wrap elementor-element-populated\">\n\t\t\t\t\t\t<div class=\"elementor-element elementor-element-3e68570 elementor-widget elementor-widget-heading\" data-id=\"3e68570\" data-element_type=\"widget\" data-settings=\"{&quot;ekit_we_effect_on&quot;:&quot;none&quot;}\" data-widget_type=\"heading.default\">\n\t\t\t\t<div class=\"elementor-widget-container\">\n\t\t\t<h1 class=\"elementor-heading-title elementor-size-default\">Museo Palatino<\/h1>\t\t<\/div>\n\t\t\t\t<\/div>\n\t\t\t\t<div class=\"elementor-element elementor-element-8ed7262 elementor-widget elementor-widget-heading\" data-id=\"8ed7262\" data-element_type=\"widget\" data-settings=\"{&quot;ekit_we_effect_on&quot;:&quot;none&quot;}\" data-widget_type=\"heading.default\">\n\t\t\t\t<div class=\"elementor-widget-container\">\n\t\t\t<h4 class=\"elementor-heading-title elementor-size-default\">Visitar el Museo Palatino<\/h4>\t\t<\/div>\n\t\t\t\t<\/div>\n\t\t\t\t<div class=\"elementor-element elementor-element-3d53991 elementor-widget elementor-widget-text-editor\" data-id=\"3d53991\" data-element_type=\"widget\" data-settings=\"{&quot;ekit_we_effect_on&quot;:&quot;none&quot;}\" data-widget_type=\"text-editor.default\">\n\t\t\t\t<div class=\"elementor-widget-container\">\n\t\t\t\t\t\t\t<p>El Museo Palatino, situado en el antiguo convento de las Monjas de la Visitaci\u00f3n, es uno de los museos m\u00e1s importantes e impresionantes de Roma. Construido en lo alto de la colina del Palatino, el museo alberga numerosos hallazgos arqueol\u00f3gicos que cuentan la historia de la ciudad desde los or\u00edgenes de Roma hasta el advenimiento del Principado.<\/p>\t\t\t\t\t\t<\/div>\n\t\t\t\t<\/div>\n\t\t\t\t<div class=\"elementor-element elementor-element-5af4a50 elementor-widget elementor-widget-text-editor\" data-id=\"5af4a50\" data-element_type=\"widget\" data-settings=\"{&quot;ekit_we_effect_on&quot;:&quot;none&quot;}\" data-widget_type=\"text-editor.default\">\n\t\t\t\t<div class=\"elementor-widget-container\">\n\t\t\t\t\t\t\t<p>El museo consta de dos plantas: en la planta baja se encuentran las salas que conservan las estructuras originales de la domus preexistente, donde se narra la historia de la Colina Palatina. En la primera planta, en cambio, se pueden admirar numerosos objetos expuestos, entre ellos artefactos de la \u00e9poca de Augusto, el emperador que cambi\u00f3 por primera vez el aspecto de la Colina Palatina, y mosaicos y pinturas preciosas de la Domus Transitoria de Ner\u00f3n.<\/p><p>El museo se cre\u00f3 en 1868 sobre los restos del palacio de Domiciano y, en la d\u00e9cada de 1930, el arque\u00f3logo Alfonso Bartoli cre\u00f3 el nuevo Antiquarium Palatino. Gracias a sus iniciativas, con motivo del Bimilenario de Augusto, el museo se volvi\u00f3 a crear y se mejor\u00f3 su utilidad, tambi\u00e9n gracias a las instalaciones multimedia.<\/p><p>Durante la Segunda Guerra Mundial, muchos de los materiales hallados en las numerosas excavaciones que hab\u00edan tenido lugar en el Palatino desde la segunda mitad del siglo XIX fueron trasladados al Museo de las Termas de Diocleciano. S\u00f3lo una peque\u00f1a parte de la colecci\u00f3n regres\u00f3 finalmente al Palatino tras el conflicto.<\/p><p>Para quienes deseen conocer la historia de Roma y del Palatino, el museo ofrece una visita muy interesante y emocionante. La belleza de los objetos expuestos y la sugerente ubicaci\u00f3n del museo hacen que la experiencia de la visita sea sumamente atractiva y cautivadora.<\/p>\t\t\t\t\t\t<\/div>\n\t\t\t\t<\/div>\n\t\t\t\t<div class=\"elementor-element elementor-element-2187982 elementor-widget elementor-widget-heading\" data-id=\"2187982\" data-element_type=\"widget\" data-settings=\"{&quot;ekit_we_effect_on&quot;:&quot;none&quot;}\" data-widget_type=\"heading.default\">\n\t\t\t\t<div class=\"elementor-widget-container\">\n\t\t\t<h5 class=\"elementor-heading-title elementor-size-default\">Horario del Museo Palatino:<\/h5>\t\t<\/div>\n\t\t\t\t<\/div>\n\t\t\t\t<div class=\"elementor-element elementor-element-0d1a3ce elementor-widget elementor-widget-text-editor\" data-id=\"0d1a3ce\" data-element_type=\"widget\" data-settings=\"{&quot;ekit_we_effect_on&quot;:&quot;none&quot;}\" data-widget_type=\"text-editor.default\">\n\t\t\t\t<div class=\"elementor-widget-container\">\n\t\t\t\t\t\t\t<p>El museo abre de 9.30 a 15.30 horas. \u00daltima entrada a las 15.00 h.<\/p>\t\t\t\t\t\t<\/div>\n\t\t\t\t<\/div>\n\t\t\t\t<div class=\"elementor-element elementor-element-521910f elementor-widget elementor-widget-heading\" data-id=\"521910f\" data-element_type=\"widget\" data-settings=\"{&quot;ekit_we_effect_on&quot;:&quot;none&quot;}\" data-widget_type=\"heading.default\">\n\t\t\t\t<div class=\"elementor-widget-container\">\n\t\t\t<h5 class=\"elementor-heading-title elementor-size-default\">C\u00f3mo llegar al Museo Palatino:<\/h5>\t\t<\/div>\n\t\t\t\t<\/div>\n\t\t\t\t<div class=\"elementor-element elementor-element-089a9ea elementor-widget elementor-widget-text-editor\" data-id=\"089a9ea\" data-element_type=\"widget\" data-settings=\"{&quot;ekit_we_effect_on&quot;:&quot;none&quot;}\" data-widget_type=\"text-editor.default\">\n\t\t\t\t<div class=\"elementor-widget-container\">\n\t\t\t\t\t\t\t<p>Metro: L\u00ednea B parada Colosseo<\/p><p>Autobuses: n\u00ba 75, 81, 87, 673, 175, 204<\/p><p>Tranv\u00eda: n\u00ba 3<\/p>\t\t\t\t\t\t<\/div>\n\t\t\t\t<\/div>\n\t\t\t\t<div class=\"elementor-element elementor-element-af008be elementor-widget elementor-widget-heading\" data-id=\"af008be\" data-element_type=\"widget\" data-settings=\"{&quot;ekit_we_effect_on&quot;:&quot;none&quot;}\" data-widget_type=\"heading.default\">\n\t\t\t\t<div class=\"elementor-widget-container\">\n\t\t\t<h5 class=\"elementor-heading-title elementor-size-default\">C\u00f3mo llegar:<\/h5>\t\t<\/div>\n\t\t\t\t<\/div>\n\t\t\t\t<div class=\"elementor-element elementor-element-fa104ab elementor-widget elementor-widget-text-editor\" data-id=\"fa104ab\" data-element_type=\"widget\" data-settings=\"{&quot;ekit_we_effect_on&quot;:&quot;none&quot;}\" data-widget_type=\"text-editor.default\">\n\t\t\t\t<div class=\"elementor-widget-container\">\n\t\t\t\t\t\t\t<p>-Tranv\u00eda: n\u00ba 3<\/p><p>-Metro: L\u00ednea B parada Colosseo<\/p><p>-Autobuses: n\u00ba 51, 75, 81, 85, 87, 118<\/p>\t\t\t\t\t\t<\/div>\n\t\t\t\t<\/div>\n\t\t\t\t<div class=\"elementor-element elementor-element-79a3ab9 elementor-widget elementor-widget-spacer\" data-id=\"79a3ab9\" data-element_type=\"widget\" data-settings=\"{&quot;ekit_we_effect_on&quot;:&quot;none&quot;}\" data-widget_type=\"spacer.default\">\n\t\t\t\t<div class=\"elementor-widget-container\">\n\t\t\t\t\t<div class=\"elementor-spacer\">\n\t\t\t<div class=\"elementor-spacer-inner\"><\/div>\n\t\t<\/div>\n\t\t\t\t<\/div>\n\t\t\t\t<\/div>\n\t\t\t\t<div class=\"elementor-element elementor-element-7aa5fc7 elementor-widget elementor-widget-heading\" data-id=\"7aa5fc7\" data-element_type=\"widget\" data-settings=\"{&quot;ekit_we_effect_on&quot;:&quot;none&quot;}\" data-widget_type=\"heading.default\">\n\t\t\t\t<div class=\"elementor-widget-container\">\n\t\t\t<h3 class=\"elementor-heading-title elementor-size-default\">Rese\u00f1as<\/h3>\t\t<\/div>\n\t\t\t\t<\/div>\n\t\t<div class=\"elementor-element elementor-element-df5c899 e-flex e-con-boxed e-con e-parent\" data-id=\"df5c899\" data-element_type=\"container\" data-settings=\"{&quot;jet_parallax_layout_list&quot;:[],&quot;ekit_has_onepagescroll_dot&quot;:&quot;yes&quot;}\">\n\t\t\t\t\t<div class=\"e-con-inner\">\n\t\t\t\t<div class=\"elementor-element elementor-element-39b3c22 elementor-widget elementor-widget-jet-carousel\" data-id=\"39b3c22\" data-element_type=\"widget\" data-settings=\"{&quot;slides_to_show&quot;:&quot;3&quot;,&quot;slides_to_scroll&quot;:&quot;3&quot;,&quot;slides_to_show_tablet&quot;:&quot;2&quot;,&quot;slides_to_show_mobile&quot;:&quot;1&quot;,&quot;slides_to_scroll_tablet&quot;:&quot;2&quot;,&quot;slides_to_scroll_mobile&quot;:&quot;1&quot;,&quot;ekit_we_effect_on&quot;:&quot;none&quot;}\" data-widget_type=\"jet-carousel.default\">\n\t\t\t\t<div class=\"elementor-widget-container\">\n\t\t\t<div class=\"elementor-jet-carousel jet-elements\"><div class=\"jet-carousel-wrap jet-equal-cols\">\n\t<div class=\"jet-carousel\" data-slider_options=\"{&quot;autoplaySpeed&quot;:5000,&quot;autoplay&quot;:true,&quot;infinite&quot;:true,&quot;centerMode&quot;:false,&quot;centerPadding&quot;:&quot;50px&quot;,&quot;pauseOnHover&quot;:false,&quot;speed&quot;:500,&quot;arrows&quot;:true,&quot;dots&quot;:false,&quot;variableWidth&quot;:false,&quot;prevArrow&quot;:&quot;.jet-carousel__prev-arrow-39b3c22&quot;,&quot;nextArrow&quot;:&quot;.jet-carousel__next-arrow-39b3c22&quot;,&quot;rtl&quot;:false,&quot;fractionNav&quot;:false}\" dir=\"ltr\">\n\t<div class=\"elementor-slick-slider\">\n\n<div class=\"jet-carousel__item\">\n\t<div class=\"jet-carousel__item-inner\"><div class=\"jet-carousel__content\"><h5 class=\"jet-carousel__item-title\"><\/h5><div class=\"jet-carousel__item-text\"><p>El Museo Palatino fue una verdadera sorpresa: la cantidad de objetos expuestos es sencillamente incre\u00edble y la historia que se cuenta es muy interesante. Recomiendo encarecidamente visitar este museo si te apasionan la arqueolog\u00eda y la historia antigua\". - Marco, 35 a\u00f1os.<\/p><\/div><\/div><\/div>\n<\/div>\n\n<div class=\"jet-carousel__item\">\n\t<div class=\"jet-carousel__item-inner\"><div class=\"jet-carousel__content\"><h5 class=\"jet-carousel__item-title\"><\/h5><div class=\"jet-carousel__item-text\"><p>El Museo Nacional Romano es uno de los lugares m\u00e1s impresionantes de Roma: la atm\u00f3sfera que crean sus salas y exposiciones es sencillamente m\u00e1gica. Adem\u00e1s, las instalaciones multimedia a\u00f1aden un importante componente tecnol\u00f3gico, haciendo que la experiencia de la visita sea a\u00fan m\u00e1s atractiva e inmersiva.\" - Sara, 27 a\u00f1os.<\/p><\/div><\/div><\/div>\n<\/div>\n\n<div class=\"jet-carousel__item\">\n\t<div class=\"jet-carousel__item-inner\"><div class=\"jet-carousel__content\"><h5 class=\"jet-carousel__item-title\"><\/h5><div class=\"jet-carousel__item-text\"><p>Visita muy interesante. Me gust\u00f3 especialmente la secci\u00f3n dedicada a la \u00e9poca de Augusto, con los numerosos objetos expuestos que relatan la transformaci\u00f3n del Palatino en residencia imperial. El personal es muy profesional y servicial\". - Giovanni, 43 a\u00f1os.<\/p><\/div><\/div><\/div>\n<\/div>\n\n<div class=\"jet-carousel__item\">\n\t<div class=\"jet-carousel__item-inner\"><div class=\"jet-carousel__content\"><h5 class=\"jet-carousel__item-title\"><\/h5><div class=\"jet-carousel__item-text\"><p>\"Visit\u00e9 el Museo Palatino con mi familia y tengo que decir que fue un gran acierto: la colecci\u00f3n es muy amplia y apta para todas las edades. A mis hijos les encantaron los mosaicos y las pinturas de la Domus Transitoria de Ner\u00f3n, mientras que yo disfrut\u00e9 mucho con la reconstrucci\u00f3n gr\u00e1fica de la antigua Roma.\" - Mar\u00eda, 38 a\u00f1os.<\/p><\/div><\/div><\/div>\n<\/div>\n\n<div class=\"jet-carousel__item\">\n\t<div class=\"jet-carousel__item-inner\"><div class=\"jet-carousel__content\"><h5 class=\"jet-carousel__item-title\"><\/h5><div class=\"jet-carousel__item-text\"><p>\"El Museo Palatino es una visita obligada para todos los turistas que visitan Roma. La colecci\u00f3n es muy interesante y est\u00e1 muy bien conservada, perfecta para quienes deseen sumergirse en la historia romana antigua. Adem\u00e1s, la ubicaci\u00f3n es excepcional, justo en la colina del Palatino, desde donde hay una vista maravillosa de la ciudad.\" - Andrea, 29 a\u00f1os.<\/p><\/div><\/div><\/div>\n<\/div>\n<\/div><div class=\"jet-carousel__prev-arrow-39b3c22 jet-arrow prev-arrow\"><i aria-hidden=\"true\" class=\"fal fa-chevron-left\"><\/i><\/div><div class=\"jet-carousel__next-arrow-39b3c22 jet-arrow next-arrow\"><i aria-hidden=\"true\" class=\"fal fa-chevron-right\"><\/i><\/div><\/div>\n<\/div>\n<\/div>\t\t<\/div>\n\t\t\t\t<\/div>\n\t\t\t\t\t<\/div>\n\t\t\t\t<\/div>\n\t\t\t\t\t<\/div>\n\t\t<\/div>\n\t\t\t\t\t<\/div>\n\t\t<\/section>\n\t\t\t\t<\/div>","protected":false},"excerpt":{"rendered":"<p>Museo Palatino Visite el Museo Palatino El Museo Palatino, situado en el antiguo convento de las Monjas de la Visitaci\u00f3n, es uno de los museos m\u00e1s importantes e impresionantes de Roma. Construido en lo alto de la colina del Palatino, el museo alberga numerosos hallazgos arqueol\u00f3gicos que cuentan la historia de la ciudad desde los or\u00edgenes de Roma hasta el advenimiento del Principado. El museo est\u00e1 [...]<\/p>","protected":false},"author":1,"featured_media":0,"parent":526,"menu_order":7,"comment_status":"closed","ping_status":"closed","template":"","meta":{"site-sidebar-layout":"no-sidebar","site-content-layout":"page-builder","ast-site-content-layout":"full-width-container","site-content-style":"unboxed","site-sidebar-style":"unboxed","ast-global-header-display":"","ast-banner-title-visibility":"","ast-main-header-display":"","ast-hfb-above-header-display":"","ast-hfb-below-header-display":"","ast-hfb-mobile-header-display":"","site-post-title":"disabled","ast-breadcrumbs-content":"","ast-featured-img":"disabled","footer-sml-layout":"","ast-disable-related-posts":"","theme-transparent-header-meta":"default","adv-header-id-meta":"","stick-header-meta":"","header-above-stick-meta":"","header-main-stick-meta":"","header-below-stick-meta":"","astra-migrate-meta-layouts":"default","ast-page-background-enabled":"default","ast-page-background-meta":{"desktop":{"background-color":"var(--ast-global-color-4)","background-image":"","background-repeat":"repeat","background-position":"center center","background-size":"auto","background-attachment":"scroll","background-type":"","background-media":"","overlay-type":"","overlay-color":"","overlay-opacity":"","overlay-gradient":""},"tablet":{"background-color":"","background-image":"","background-repeat":"repeat","background-position":"center center","background-size":"auto","background-attachment":"scroll","background-type":"","background-media":"","overlay-type":"","overlay-color":"","overlay-opacity":"","overlay-gradient":""},"mobile":{"background-color":"","background-image":"","background-repeat":"repeat","background-position":"center center","background-size":"auto","background-attachment":"scroll","background-type":"","background-media":"","overlay-type":"","overlay-color":"","overlay-opacity":"","overlay-gradient":""}},"ast-content-background-meta":{"desktop":{"background-color":"var(--ast-global-color-5)","background-image":"","background-repeat":"repeat","background-position":"center center","background-size":"auto","background-attachment":"scroll","background-type":"","background-media":"","overlay-type":"","overlay-color":"","overlay-opacity":"","overlay-gradient":""},"tablet":{"background-color":"var(--ast-global-color-5)","background-image":"","background-repeat":"repeat","background-position":"center center","background-size":"auto","background-attachment":"scroll","background-type":"","background-media":"","overlay-type":"","overlay-color":"","overlay-opacity":"","overlay-gradient":""},"mobile":{"background-color":"var(--ast-global-color-5)","background-image":"","background-repeat":"repeat","background-position":"center center","background-size":"auto","background-attachment":"scroll","background-type":"","background-media":"","overlay-type":"","overlay-color":"","overlay-opacity":"","overlay-gradient":""}},"iawp_total_views":904,"footnotes":""},"class_list":["post-551","page","type-page","status-publish","hentry"],"_links":{"self":[{"href":"https:\/\/colosseo-roma.it\/es\/wp-json\/wp\/v2\/pages\/551","targetHints":{"allow":["GET"]}}],"collection":[{"href":"https:\/\/colosseo-roma.it\/es\/wp-json\/wp\/v2\/pages"}],"about":[{"href":"https:\/\/colosseo-roma.it\/es\/wp-json\/wp\/v2\/types\/page"}],"author":[{"embeddable":true,"href":"https:\/\/colosseo-roma.it\/es\/wp-json\/wp\/v2\/users\/1"}],"replies":[{"embeddable":true,"href":"https:\/\/colosseo-roma.it\/es\/wp-json\/wp\/v2\/comments?post=551"}],"version-history":[{"count":0,"href":"https:\/\/colosseo-roma.it\/es\/wp-json\/wp\/v2\/pages\/551\/revisions"}],"up":[{"embeddable":true,"href":"https:\/\/colosseo-roma.it\/es\/wp-json\/wp\/v2\/pages\/526"}],"wp:attachment":[{"href":"https:\/\/colosseo-roma.it\/es\/wp-json\/wp\/v2\/media?parent=551"}],"curies":[{"name":"wp","href":"https:\/\/api.w.org\/{rel}","templated":true}]}}