{"id":61,"date":"2023-03-10T11:32:23","date_gmt":"2023-03-10T10:32:23","guid":{"rendered":"https:\/\/wordpress-1074717-3818660.cloudwaysapps.com\/?page_id=61"},"modified":"2026-01-26T16:42:45","modified_gmt":"2026-01-26T15:42:45","slug":"gladiadores","status":"publish","type":"page","link":"https:\/\/colosseo-roma.it\/es\/romanos\/gladiadores\/","title":{"rendered":"Gladiadores"},"content":{"rendered":"<div data-elementor-type=\"wp-page\" data-elementor-id=\"61\" class=\"elementor elementor-61\" data-elementor-post-type=\"page\">\n\t\t\t\t\t\t<section class=\"elementor-section elementor-top-section elementor-element elementor-element-492661c elementor-section-boxed elementor-section-height-default elementor-section-height-default\" data-id=\"492661c\" data-element_type=\"section\" data-settings=\"{&quot;jet_parallax_layout_list&quot;:[],&quot;ekit_has_onepagescroll_dot&quot;:&quot;yes&quot;}\">\n\t\t\t\t\t\t<div class=\"elementor-container elementor-column-gap-default\">\n\t\t\t\t\t<div class=\"elementor-column elementor-col-100 elementor-top-column elementor-element elementor-element-e3c653a\" data-id=\"e3c653a\" data-element_type=\"column\">\n\t\t\t<div class=\"elementor-widget-wrap elementor-element-populated\">\n\t\t\t\t\t\t<div class=\"elementor-element elementor-element-ab68d20 elementor-widget elementor-widget-heading\" data-id=\"ab68d20\" data-element_type=\"widget\" data-settings=\"{&quot;ekit_we_effect_on&quot;:&quot;none&quot;}\" data-widget_type=\"heading.default\">\n\t\t\t\t<div class=\"elementor-widget-container\">\n\t\t\t<h1 class=\"elementor-heading-title elementor-size-default\">El Gladiador<\/h1>\t\t<\/div>\n\t\t\t\t<\/div>\n\t\t\t\t<div class=\"elementor-element elementor-element-1ed1f6a elementor-widget elementor-widget-heading\" data-id=\"1ed1f6a\" data-element_type=\"widget\" data-settings=\"{&quot;ekit_we_effect_on&quot;:&quot;none&quot;}\" data-widget_type=\"heading.default\">\n\t\t\t\t<div class=\"elementor-widget-container\">\n\t\t\t<h5 class=\"elementor-heading-title elementor-size-default\">En el anfiteatro Flavio, las luchas de gladiadores ten\u00edan lugar por la tarde. Su nombre procede de la espada corta que utilizaban en los combates: el \"gladius\". El gladiador en Roma aprend\u00eda el arte del combate gladiatorio en los \"ludi\", escuelas que eran barracones muy parecidos a las prisiones que se encontraban por todo el imperio; dorm\u00eda en peque\u00f1as celdas dispuestas alrededor del patio donde se entrenaba.<\/h5>\t\t<\/div>\n\t\t\t\t<\/div>\n\t\t\t\t<div class=\"elementor-element elementor-element-51acbbc elementor-widget elementor-widget-jet-unfold\" data-id=\"51acbbc\" data-element_type=\"widget\" data-settings=\"{&quot;mask_height&quot;:{&quot;unit&quot;:&quot;px&quot;,&quot;size&quot;:50,&quot;sizes&quot;:[]},&quot;mask_height_tablet&quot;:{&quot;unit&quot;:&quot;px&quot;,&quot;size&quot;:&quot;&quot;,&quot;sizes&quot;:[]},&quot;mask_height_mobile&quot;:{&quot;unit&quot;:&quot;px&quot;,&quot;size&quot;:&quot;&quot;,&quot;sizes&quot;:[]},&quot;unfold_duration&quot;:{&quot;unit&quot;:&quot;ms&quot;,&quot;size&quot;:500,&quot;sizes&quot;:[]},&quot;unfold_easing&quot;:&quot;easeOutBack&quot;,&quot;fold_duration&quot;:{&quot;unit&quot;:&quot;ms&quot;,&quot;size&quot;:300,&quot;sizes&quot;:[]},&quot;fold_easing&quot;:&quot;easeOutSine&quot;,&quot;ekit_we_effect_on&quot;:&quot;none&quot;}\" data-widget_type=\"jet-unfold.default\">\n\t\t\t\t<div class=\"elementor-widget-container\">\n\t\t\t\t\t<div class=\"jet-unfold\" data-settings=\"{&quot;height&quot;:{&quot;unit&quot;:&quot;px&quot;,&quot;size&quot;:50,&quot;sizes&quot;:[]},&quot;separatorHeight&quot;:{&quot;unit&quot;:&quot;px&quot;,&quot;size&quot;:10,&quot;sizes&quot;:[]},&quot;unfoldDuration&quot;:{&quot;unit&quot;:&quot;ms&quot;,&quot;size&quot;:500,&quot;sizes&quot;:[]},&quot;foldDuration&quot;:{&quot;unit&quot;:&quot;ms&quot;,&quot;size&quot;:300,&quot;sizes&quot;:[]},&quot;unfoldEasing&quot;:&quot;easeOutBack&quot;,&quot;foldEasing&quot;:&quot;easeOutSine&quot;,&quot;foldScrolling&quot;:&quot;false&quot;,&quot;hideOutsideClick&quot;:&quot;false&quot;,&quot;autoHide&quot;:&quot;false&quot;,&quot;autoHideTime&quot;:&quot;&quot;,&quot;foldScrollOffset&quot;:null}\">\n\t\t\t<div class=\"jet-unfold__inner\">\n\t\t\t\t<div class=\"jet-unfold__mask\">\n\t\t\t\t\t<div class=\"jet-unfold__content\">\n\t\t\t\t\t\t<div class=\"jet-unfold__content-inner elementor-text-editor elementor-clearfix\"><p style=\"text-align: center;\">Los ludi estaban dirigidos por un propietario (el lanista), instructor de los gladiadores que ten\u00eda poder absoluto sobre ellos. En Roma, los ludi imperiales (las \u00fanicas escuelas autorizadas) albergaban hasta 2000 hombres: el \"ludus matutinus\", donde practicaban los cazadores de fieras, el \"ludus gallicus\", el \"ludus dacicus\" y el \"ludus magnus\".<\/p><p style=\"text-align: center;\">Los gladiadores pod\u00edan ser prisioneros de guerra, criminales, convictos, esclavos, condenados u hombres libres sin futuro; pod\u00edan ser inexpertos o verdaderos profesionales, sobre todo prisioneros de guerra que, tras haber experimentado varias luchas armadas, combates, batallas y sufrimientos, estaban especialmente endurecidos y eran feroces y a menudo proced\u00edan de tierras lejanas como Tracia y Alemania. Estos personajes eran los m\u00e1s buscados y, como no ten\u00edan otra forma de llevar una existencia digna, se propon\u00edan de buen grado y se compromet\u00edan firmemente con la peligrosa carrera del gladiador.<\/p><p style=\"text-align: center;\">Las mujeres tambi\u00e9n luchaban, pero eran muy escasas y, por tanto, tambi\u00e9n estaban muy solicitadas. La popularidad del gladiador vencedor era realmente notable, el pueblo lo ensalzaba y segu\u00eda los combates y espect\u00e1culos con pasi\u00f3n y su nombre se hizo famoso.<\/p><p style=\"text-align: center;\">Los gladiadores se entrenaban en diferentes t\u00e9cnicas de asalto o defensa con el uso de diferentes armas, y dependiendo del tipo de arma y t\u00e9cnica que utilizaban, se les denominaba: 'cetervari', 'secutores', 'reziari', 'mirmillones' y 'traces'.<\/p><p style=\"text-align: center;\">En las luchas se enfrentaban siempre diferentes parejas de gladiadores; las m\u00e1s cl\u00e1sicas eran entre los \"reziari\" y los \"mirmilloni\" y entre los \"traci\" y los \"secutores\".<\/p><p style=\"text-align: center;\">El gladiador que hab\u00eda derrotado a su oponente se volv\u00eda hacia el p\u00fablico del anfiteatro para preguntar qu\u00e9 destino quer\u00eda reservar el p\u00fablico para el derrotado, y el p\u00fablico, con un signo de la mano, se decid\u00eda por la muerte o la vida: el pulgar apuntando hacia arriba, \"mitte\" (a salvo) significaba que deb\u00eda vivir y el pulgar apuntando hacia abajo, \"jugula\" (muerte) significaba que deb\u00eda morir. Al final, sin embargo, era el emperador o el organizador del espect\u00e1culo en cuesti\u00f3n quien determinaba con su pulgar el destino del gladiador derrotado.<\/p><p style=\"text-align: center;\">Cada gladiador muerto costaba al emperador o a la persona que organizaba el espect\u00e1culo una cantidad muy elevada de dinero y, evidentemente, no se ped\u00eda f\u00e1cilmente su muerte; probablemente tambi\u00e9n depend\u00eda de la fuerte demanda de la poblaci\u00f3n espectadora.<\/p><p style=\"text-align: center;\">Los combates de los gladiadores se inspiraban en episodios mitol\u00f3gicos, tratando siempre de competir con nuevos espect\u00e1culos y nuevas ideas para no cansar al p\u00fablico, a la vez que escenificaban situaciones grotescas que divert\u00edan y excitaban al p\u00fablico al mismo tiempo.<\/p><p style=\"text-align: center;\">Los gladiadores eran de hecho prisioneros y no pod\u00edan escapar, s\u00f3lo pod\u00edan recuperar su libertad luchando en la arena y esperando que alg\u00fan poderoso se diera cuenta de su valor y fuerza y decidiera liberarlos. Esta esperanza estaba en el coraz\u00f3n de los gladiadores y les ayudaba a soportar mejor su destino.<\/p><p style=\"text-align: center;\">El gladiador ten\u00eda, por tanto, una vida dif\u00edcil y muy arriesgada. Luchaba por la vida, por la libertad y por la gloria, y el pueblo romano apreciaba y quedaba fascinado por la fuerza y el valor del gladiador victorioso, que se convert\u00eda en un gran h\u00e9roe.<\/p><\/div>\n\t\t\t\t\t<\/div>\n\t\t\t\t\t<div class=\"jet-unfold__separator\"><\/div>\n\t\t\t\t<\/div>\n\t\t\t\t<div class=\"jet-unfold__trigger\"><div class=\"jet-unfold__button elementor-button elementor-size-md\" href=\"#\" data-unfold-text=\"Mostra di pi\u00f9\" data-fold-text=\"Mostra meno\" data-fold-icon=\"&lt;i aria-hidden=&quot;true&quot; class=&quot;fas fa-chevron-up&quot;&gt;&lt;\/i&gt;\" data-unfold-icon=\"&lt;i aria-hidden=&quot;true&quot; class=&quot;fas fa-chevron-down&quot;&gt;&lt;\/i&gt;\" tabindex=\"0\" role=\"button\"><span class=\"jet-unfold__button-icon jet-tricks-icon\"><i aria-hidden=\"true\" class=\"fas fa-chevron-down\"><\/i><\/span><span class=\"jet-unfold__button-text\">Ver m\u00e1s<\/span><\/div>\t\t\t\t<\/div>\n\t\t\t<\/div>\n\t\t<\/div>\n\t\t\t\t<\/div>\n\t\t\t\t<\/div>\n\t\t\t\t<section data-dce-background-image-url=\"https:\/\/colosseo-roma.it\/wp-content\/uploads\/2023\/03\/rome-3632318_1920-2.jpg\" class=\"elementor-section elementor-inner-section elementor-element elementor-element-66d3a1d elementor-section-height-min-height elementor-section-boxed elementor-section-height-default\" data-id=\"66d3a1d\" data-element_type=\"section\" data-settings=\"{&quot;jet_parallax_layout_list&quot;:[],&quot;background_background&quot;:&quot;classic&quot;,&quot;ekit_has_onepagescroll_dot&quot;:&quot;yes&quot;}\">\n\t\t\t\t\t\t<div class=\"elementor-container elementor-column-gap-default\">\n\t\t\t\t\t<div class=\"elementor-column elementor-col-100 elementor-inner-column elementor-element elementor-element-fe87e41\" data-id=\"fe87e41\" data-element_type=\"column\">\n\t\t\t<div class=\"elementor-widget-wrap\">\n\t\t\t\t\t\t\t<\/div>\n\t\t<\/div>\n\t\t\t\t\t<\/div>\n\t\t<\/section>\n\t\t\t\t<div class=\"elementor-element elementor-element-347d54d elementor-widget elementor-widget-heading\" data-id=\"347d54d\" data-element_type=\"widget\" data-settings=\"{&quot;ekit_we_effect_on&quot;:&quot;none&quot;}\" data-widget_type=\"heading.default\">\n\t\t\t\t<div class=\"elementor-widget-container\">\n\t\t\t<h5 class=\"elementor-heading-title elementor-size-default\">\u00bfQui\u00e9nes eran los gladiadores romanos?<\/h5>\t\t<\/div>\n\t\t\t\t<\/div>\n\t\t\t\t<div class=\"elementor-element elementor-element-4a8b2ba elementor-widget elementor-widget-text-editor\" data-id=\"4a8b2ba\" data-element_type=\"widget\" data-settings=\"{&quot;ekit_we_effect_on&quot;:&quot;none&quot;}\" data-widget_type=\"text-editor.default\">\n\t\t\t\t<div class=\"elementor-widget-container\">\n\t\t\t\t\t\t\t<p>Los gladiadores eran esclavos, prisioneros de guerra, pero tambi\u00e9n hombres libres. Tambi\u00e9n se pod\u00eda optar por convertirse en gladiador.<\/p><p>Desde el siglo I a.C., adem\u00e1s de los prisioneros de guerra, un gran n\u00famero de esclavos culpables de delitos muy graves eran obligados a convertirse en gladiadores.<\/p><p>Se les obligaba a ingresar en una escuela de gladiadores y, en la mayor\u00eda de los casos, se aplazaba su condena a muerte, pero tambi\u00e9n ten\u00edan la posibilidad de rehabilitarse.<\/p><p>Algunos gladiadores consiguieron recuperar un lugar en la sociedad luchando en la arena y demostrando valor y destreza con actuaciones que captaban la aprobaci\u00f3n de los espectadores.<\/p><p>Para algunos esclavos la perspectiva era peor; algunos eran condenados a muerte por bestias feroces (ad bestias). Incluso los ciudadanos que comet\u00edan delitos graves pod\u00edan ser condenados a una muerte atroz en la arena, a espada (ad gladium) y para otros esclavos exist\u00eda la a\u00fan m\u00e1s tr\u00e1gica muerte por crucifixi\u00f3n (crucifixio).<\/p><p>La mayor\u00eda de los gladiadores, por tanto, eran obligados a desempe\u00f1ar este papel, pero no faltaban hombres libres que se presentaban voluntariamente porque les fascinaban el riesgo y la violencia.<\/p><p>Estos hombres firmaban un contrato que duraba un cierto tiempo e ingresaban en las escuelas de gladiadores para prepararse para los combates.<\/p><p>Muchos lo hicieron por dinero, otros porque se sintieron atra\u00eddos por las fuertes emociones vividas durante los combates, otros para dejar atr\u00e1s un estado de gran pobreza que les hac\u00eda muy dif\u00edcil vivir y encontrar un lugar digno en la sociedad.<\/p><p>La mayor\u00eda de los ciudadanos libres que se alistaron eran soldados licenciados que, tras haber sufrido tanta violencia, ya no pod\u00edan integrarse en la vida normal de la ciudad.<\/p><p>Tambi\u00e9n ocurr\u00eda que los hijos de caballeros y senadores luchaban como voluntarios en la arena, quiz\u00e1 por una sola vez y con armas menos peligrosas, probablemente para demostrar algo o para cambiar sus vidas de alguna manera.<\/p><p>Algunos arist\u00f3cratas tambi\u00e9n luchaban en la arena sin seguir el entrenamiento de las escuelas de gladiadores. Senadores y caballeros se convert\u00edan temporalmente en gladiadores por diversi\u00f3n o porque les obligaba el emperador, que quer\u00eda cobrarles algo.<\/p><p>Al parecer, ni siquiera los propios emperadores pod\u00edan resistirse al encanto de luchar en el coliseo.<\/p><p>Algunos de ellos, como Tito, Adriano, Cal\u00edgula y el famoso c\u00f3mico que se vest\u00eda habitualmente de gladiador, actuaban en la arena.<\/p><p>Convenientemente, parece haber sido un verdadero pasatiempo, una especie de juego y entretenimiento, y est\u00e1 claro que ning\u00fan gladiador se habr\u00eda atrevido jam\u00e1s a hacer da\u00f1o a su emperador...<\/p>\t\t\t\t\t\t<\/div>\n\t\t\t\t<\/div>\n\t\t\t\t<section data-dce-background-image-url=\"https:\/\/colosseo-roma.it\/wp-content\/uploads\/2023\/03\/colosseum-75003_1920.jpg\" class=\"elementor-section elementor-inner-section elementor-element elementor-element-e433b2f elementor-section-height-min-height elementor-section-boxed elementor-section-height-default\" data-id=\"e433b2f\" data-element_type=\"section\" data-settings=\"{&quot;jet_parallax_layout_list&quot;:[],&quot;background_background&quot;:&quot;classic&quot;,&quot;ekit_has_onepagescroll_dot&quot;:&quot;yes&quot;}\">\n\t\t\t\t\t\t<div class=\"elementor-container elementor-column-gap-default\">\n\t\t\t\t\t<div class=\"elementor-column elementor-col-100 elementor-inner-column elementor-element elementor-element-9e57a8c\" data-id=\"9e57a8c\" data-element_type=\"column\">\n\t\t\t<div class=\"elementor-widget-wrap\">\n\t\t\t\t\t\t\t<\/div>\n\t\t<\/div>\n\t\t\t\t\t<\/div>\n\t\t<\/section>\n\t\t\t\t<div class=\"elementor-element elementor-element-4820706 elementor-widget elementor-widget-heading\" data-id=\"4820706\" data-element_type=\"widget\" data-settings=\"{&quot;ekit_we_effect_on&quot;:&quot;none&quot;}\" data-widget_type=\"heading.default\">\n\t\t\t\t<div class=\"elementor-widget-container\">\n\t\t\t<h5 class=\"elementor-heading-title elementor-size-default\">Esperanza de vida de los Gladiadores de Roma<\/h5>\t\t<\/div>\n\t\t\t\t<\/div>\n\t\t\t\t<div class=\"elementor-element elementor-element-95a5248 elementor-widget elementor-widget-text-editor\" data-id=\"95a5248\" data-element_type=\"widget\" data-settings=\"{&quot;ekit_we_effect_on&quot;:&quot;none&quot;}\" data-widget_type=\"text-editor.default\">\n\t\t\t\t<div class=\"elementor-widget-container\">\n\t\t\t\t\t\t\t<p>\u00bfQu\u00e9 esperanza de vida ten\u00edan los gladiadores? \u00bfEn qu\u00e9 condiciones se enfrentaban a la arena? Para un gladiador, \u00bfc\u00f3mo pod\u00eda terminar un combate en la arena?<\/p><p>Peleas con colegas y amigos.<\/p><p>Un combate en la arena para un gladiador pod\u00eda acabar de cinco formas distintas: el gladiador pod\u00eda ganar o pod\u00eda ser asesinado, pod\u00eda ser ejecutado por el pueblo o por el emperador tras rendirse, pod\u00eda salir vivo de la arena por gracia y si el combate acababa en empate pod\u00eda salir junto con su oponente.<\/p><p>Cuando un gladiador se enfrentaba a un combate, sab\u00eda que la probabilidad de morir era bastante alta tanto en la arena como a causa de sus heridas. Los gladiadores que se comportaban heroicamente ten\u00edan m\u00e1s probabilidades de ser indultados por el pueblo.<\/p><p>Muchos gladiadores murieron j\u00f3venes incluso despu\u00e9s de un solo combate.<\/p><p>Intentando imaginar el estado de \u00e1nimo de los gladiadores mientras se entrenaban, mientras compart\u00edan escuela y el lugar donde viv\u00edan, se me ocurre que probablemente a muchos de ellos les resultaba dif\u00edcil tener unas palabras con el amigo que se convertir\u00eda en enemigo en la arena al que enfrentarse y quiz\u00e1s matar o por el que ser asesinado.<\/p><p>El estr\u00e9s al que se somet\u00eda a los gladiadores a diario no era nada f\u00e1cil y las condiciones de vida no lo eran en absoluto, sobre todo para aquellos que no gozaban de gran reputaci\u00f3n y eran considerados luchadores mediocres.<\/p><p>Parece, de hecho, que muchos gladiadores, especialmente los nuevos reclutas, intentaban a menudo escapar. Tambi\u00e9n parece que muchos de los gladiadores que no eran considerados h\u00e9roes y grandes luchadores, que viv\u00edan una vida cotidiana muy dif\u00edcil, prefer\u00edan el suicidio a la humillaci\u00f3n y la muerte sin honor que se les pod\u00eda presentar en la arena.<\/p>\t\t\t\t\t\t<\/div>\n\t\t\t\t<\/div>\n\t\t\t\t<section data-dce-background-image-url=\"https:\/\/colosseo-roma.it\/wp-content\/uploads\/2023\/03\/rome-173469_1920.jpg\" class=\"elementor-section elementor-inner-section elementor-element elementor-element-242c095 elementor-section-height-min-height elementor-section-boxed elementor-section-height-default\" data-id=\"242c095\" data-element_type=\"section\" data-settings=\"{&quot;jet_parallax_layout_list&quot;:[],&quot;background_background&quot;:&quot;classic&quot;,&quot;ekit_has_onepagescroll_dot&quot;:&quot;yes&quot;}\">\n\t\t\t\t\t\t<div class=\"elementor-container elementor-column-gap-default\">\n\t\t\t\t\t<div class=\"elementor-column elementor-col-100 elementor-inner-column elementor-element elementor-element-65b01bc\" data-id=\"65b01bc\" data-element_type=\"column\">\n\t\t\t<div class=\"elementor-widget-wrap\">\n\t\t\t\t\t\t\t<\/div>\n\t\t<\/div>\n\t\t\t\t\t<\/div>\n\t\t<\/section>\n\t\t\t\t<div class=\"elementor-element elementor-element-48304c1 elementor-widget elementor-widget-heading\" data-id=\"48304c1\" data-element_type=\"widget\" data-settings=\"{&quot;ekit_we_effect_on&quot;:&quot;none&quot;}\" data-widget_type=\"heading.default\">\n\t\t\t\t<div class=\"elementor-widget-container\">\n\t\t\t<h5 class=\"elementor-heading-title elementor-size-default\">Origen de las luchas de gladiadores o juegos de gladiadores<\/h5>\t\t<\/div>\n\t\t\t\t<\/div>\n\t\t\t\t<div class=\"elementor-element elementor-element-d6becbf elementor-widget elementor-widget-text-editor\" data-id=\"d6becbf\" data-element_type=\"widget\" data-settings=\"{&quot;ekit_we_effect_on&quot;:&quot;none&quot;}\" data-widget_type=\"text-editor.default\">\n\t\t\t\t<div class=\"elementor-widget-container\">\n\t\t\t\t\t\t\t<p>\u00bfC\u00f3mo empezaron las luchas de gladiadores o los juegos de gladiadores? \u00bfCu\u00e1ndo se celebraron las luchas de gladiadores?<\/p><p>El combate de gladiadores y el culto a los muertos.<\/p><p>Las luchas de gladiadores (munera) tienen su origen en el culto a los muertos. Ya en la Il\u00edada de Homero se cuenta que, en honor del h\u00e9roe fallecido Patroclo, se celebraban juegos funerarios y para ello se sacrificaban prisioneros, que deb\u00edan luchar entre s\u00ed hasta la muerte. Con estos sacrificios, se pensaba que el esp\u00edritu del difunto pod\u00eda encontrar la paz, verdaderos ritos m\u00e1gicos<\/p><p>Al parecer, los primeros ludi romanos se remontan a la \u00e9poca de Tarquinio Prisco, cuando Roma estaba bajo la influencia de los etruscos, pero las luchas de gladiadores llegaron mucho m\u00e1s tarde.<\/p><p>En el a\u00f1o 264 a.C. tuvo lugar el primer combate entre gladiadores en honor del d\u00e9cimo Junius Brutus Pera durante la ceremonia f\u00fanebre.<\/p><p>Pronto, las luchas de gladiadores se hicieron imprescindibles en las ceremonias funerarias de los nobles romanos, pero tambi\u00e9n en acontecimientos especiales y festividades de la vida romana.<\/p><p>\"[...] las inferiae son los sacrificios por los muertos, ofrecidos al reino de los muertos. Sin duda, era costumbre matar a los prisioneros de guerra delante de las tumbas de los hombres valientes: como esta costumbre parec\u00eda cruel, pareci\u00f3 apropiado hacer que los gladiadores llamados bustuarii, de la busta [...] lucharan delante de las tumbas.<\/p><p>(comentarios en vergili aeneidos, libro x, 519)<\/p><p>A las luchas de gladiadores, las ejecuciones y los espect\u00e1culos de caza con animales feroces, se a\u00f1adieron las tragedias y las comedias, y a partir del a\u00f1o 186 a.C.. Los atletas profesionales griegos tambi\u00e9n empezaron a actuar en Roma.<\/p><p>Otro gran espect\u00e1culo era la carrera de cuadrigas, en la que el primero en cruzar la l\u00ednea de meta con la cuadriga tirada por los cuatro caballos alcanzaba gran fama entre el pueblo romano.<\/p><p>Pero a pesar de la variedad de espect\u00e1culos, el favorito eran siempre las luchas de gladiadores organizadas por funcionarios p\u00fablicos elegidos por el pueblo.<\/p><p>Para llegar a ser alguien y ser apreciado por la gente, hab\u00eda que crear un espect\u00e1culo inolvidable con diversos entretenimientos fastuosos y caros.<\/p>\t\t\t\t\t\t<\/div>\n\t\t\t\t<\/div>\n\t\t\t\t\t<\/div>\n\t\t<\/div>\n\t\t\t\t\t<\/div>\n\t\t<\/section>\n\t\t\t\t<\/div>","protected":false},"excerpt":{"rendered":"<p>El gladiador En el anfiteatro Flavio, las luchas de gladiadores ten\u00edan lugar por la tarde. Su nombre procede de la espada corta que utilizaban en los combates: el \"gladius\". El gladiador de Roma aprend\u00eda el arte del combate gladiatorio en los 'ludi', escuelas que eran barracones muy parecidos a las prisiones que se encontraban por todo el imperio; dorm\u00eda en peque\u00f1as celdas dispuestas [...].<\/p>","protected":false},"author":1,"featured_media":0,"parent":556,"menu_order":2,"comment_status":"closed","ping_status":"closed","template":"","meta":{"site-sidebar-layout":"no-sidebar","site-content-layout":"page-builder","ast-site-content-layout":"full-width-container","site-content-style":"unboxed","site-sidebar-style":"unboxed","ast-global-header-display":"","ast-banner-title-visibility":"","ast-main-header-display":"","ast-hfb-above-header-display":"","ast-hfb-below-header-display":"","ast-hfb-mobile-header-display":"","site-post-title":"disabled","ast-breadcrumbs-content":"","ast-featured-img":"disabled","footer-sml-layout":"","ast-disable-related-posts":"","theme-transparent-header-meta":"default","adv-header-id-meta":"","stick-header-meta":"","header-above-stick-meta":"","header-main-stick-meta":"","header-below-stick-meta":"","astra-migrate-meta-layouts":"set","ast-page-background-enabled":"default","ast-page-background-meta":{"desktop":{"background-color":"var(--ast-global-color-4)","background-image":"","background-repeat":"repeat","background-position":"center center","background-size":"auto","background-attachment":"scroll","background-type":"","background-media":"","overlay-type":"","overlay-color":"","overlay-opacity":"","overlay-gradient":""},"tablet":{"background-color":"","background-image":"","background-repeat":"repeat","background-position":"center center","background-size":"auto","background-attachment":"scroll","background-type":"","background-media":"","overlay-type":"","overlay-color":"","overlay-opacity":"","overlay-gradient":""},"mobile":{"background-color":"","background-image":"","background-repeat":"repeat","background-position":"center center","background-size":"auto","background-attachment":"scroll","background-type":"","background-media":"","overlay-type":"","overlay-color":"","overlay-opacity":"","overlay-gradient":""}},"ast-content-background-meta":{"desktop":{"background-color":"var(--ast-global-color-5)","background-image":"","background-repeat":"repeat","background-position":"center center","background-size":"auto","background-attachment":"scroll","background-type":"","background-media":"","overlay-type":"","overlay-color":"","overlay-opacity":"","overlay-gradient":""},"tablet":{"background-color":"var(--ast-global-color-5)","background-image":"","background-repeat":"repeat","background-position":"center center","background-size":"auto","background-attachment":"scroll","background-type":"","background-media":"","overlay-type":"","overlay-color":"","overlay-opacity":"","overlay-gradient":""},"mobile":{"background-color":"var(--ast-global-color-5)","background-image":"","background-repeat":"repeat","background-position":"center center","background-size":"auto","background-attachment":"scroll","background-type":"","background-media":"","overlay-type":"","overlay-color":"","overlay-opacity":"","overlay-gradient":""}},"iawp_total_views":3078,"footnotes":""},"class_list":["post-61","page","type-page","status-publish","hentry"],"_links":{"self":[{"href":"https:\/\/colosseo-roma.it\/es\/wp-json\/wp\/v2\/pages\/61","targetHints":{"allow":["GET"]}}],"collection":[{"href":"https:\/\/colosseo-roma.it\/es\/wp-json\/wp\/v2\/pages"}],"about":[{"href":"https:\/\/colosseo-roma.it\/es\/wp-json\/wp\/v2\/types\/page"}],"author":[{"embeddable":true,"href":"https:\/\/colosseo-roma.it\/es\/wp-json\/wp\/v2\/users\/1"}],"replies":[{"embeddable":true,"href":"https:\/\/colosseo-roma.it\/es\/wp-json\/wp\/v2\/comments?post=61"}],"version-history":[{"count":0,"href":"https:\/\/colosseo-roma.it\/es\/wp-json\/wp\/v2\/pages\/61\/revisions"}],"up":[{"embeddable":true,"href":"https:\/\/colosseo-roma.it\/es\/wp-json\/wp\/v2\/pages\/556"}],"wp:attachment":[{"href":"https:\/\/colosseo-roma.it\/es\/wp-json\/wp\/v2\/media?parent=61"}],"curies":[{"name":"wp","href":"https:\/\/api.w.org\/{rel}","templated":true}]}}