{"id":65,"date":"2023-03-10T11:33:02","date_gmt":"2023-03-10T10:33:02","guid":{"rendered":"https:\/\/wordpress-1074717-3818660.cloudwaysapps.com\/?page_id=65"},"modified":"2026-01-26T16:51:30","modified_gmt":"2026-01-26T15:51:30","slug":"arco-de-constantino","status":"publish","type":"page","link":"https:\/\/colosseo-roma.it\/es\/explore\/arco-de-constantino\/","title":{"rendered":"Arco de Constantino"},"content":{"rendered":"<div data-elementor-type=\"wp-page\" data-elementor-id=\"65\" class=\"elementor elementor-65\" data-elementor-post-type=\"page\">\n\t\t\t\t\t\t<section class=\"elementor-section elementor-top-section elementor-element elementor-element-8ca547d elementor-section-boxed elementor-section-height-default elementor-section-height-default\" data-id=\"8ca547d\" data-element_type=\"section\" data-settings=\"{&quot;jet_parallax_layout_list&quot;:[],&quot;ekit_has_onepagescroll_dot&quot;:&quot;yes&quot;}\">\n\t\t\t\t\t\t<div class=\"elementor-container elementor-column-gap-default\">\n\t\t\t\t\t<div class=\"elementor-column elementor-col-100 elementor-top-column elementor-element elementor-element-0fd28ff\" data-id=\"0fd28ff\" data-element_type=\"column\" data-settings=\"{&quot;background_background&quot;:&quot;classic&quot;}\">\n\t\t\t<div class=\"elementor-widget-wrap elementor-element-populated\">\n\t\t\t\t\t\t<div class=\"elementor-element elementor-element-6dde05d elementor-widget elementor-widget-heading\" data-id=\"6dde05d\" data-element_type=\"widget\" data-settings=\"{&quot;ekit_we_effect_on&quot;:&quot;none&quot;}\" data-widget_type=\"heading.default\">\n\t\t\t\t<div class=\"elementor-widget-container\">\n\t\t\t<h1 class=\"elementor-heading-title elementor-size-default\">Arco de Constantino<\/h1>\t\t<\/div>\n\t\t\t\t<\/div>\n\t\t\t\t<div class=\"elementor-element elementor-element-6b61970 elementor-widget elementor-widget-heading\" data-id=\"6b61970\" data-element_type=\"widget\" data-settings=\"{&quot;ekit_we_effect_on&quot;:&quot;none&quot;}\" data-widget_type=\"heading.default\">\n\t\t\t\t<div class=\"elementor-widget-container\">\n\t\t\t<div class=\"elementor-heading-title elementor-size-default\">El de Constantino es el arco de triunfo m\u00e1s majestuoso de Roma, el arco honor\u00edfico m\u00e1s grande y rico que ha llegado hasta nuestros d\u00edas.\n\n<\/div>\t\t<\/div>\n\t\t\t\t<\/div>\n\t\t\t\t<div class=\"elementor-element elementor-element-856975f elementor-widget elementor-widget-jet-unfold\" data-id=\"856975f\" data-element_type=\"widget\" data-settings=\"{&quot;mask_height&quot;:{&quot;unit&quot;:&quot;px&quot;,&quot;size&quot;:57,&quot;sizes&quot;:[]},&quot;mask_height_tablet&quot;:{&quot;unit&quot;:&quot;px&quot;,&quot;size&quot;:53,&quot;sizes&quot;:[]},&quot;mask_height_mobile&quot;:{&quot;unit&quot;:&quot;px&quot;,&quot;size&quot;:100,&quot;sizes&quot;:[]},&quot;unfold_duration&quot;:{&quot;unit&quot;:&quot;ms&quot;,&quot;size&quot;:500,&quot;sizes&quot;:[]},&quot;unfold_easing&quot;:&quot;easeOutBack&quot;,&quot;fold_duration&quot;:{&quot;unit&quot;:&quot;ms&quot;,&quot;size&quot;:300,&quot;sizes&quot;:[]},&quot;fold_easing&quot;:&quot;easeOutSine&quot;,&quot;ekit_we_effect_on&quot;:&quot;none&quot;}\" data-widget_type=\"jet-unfold.default\">\n\t\t\t\t<div class=\"elementor-widget-container\">\n\t\t\t\t\t<div class=\"jet-unfold\" data-settings=\"{&quot;height&quot;:{&quot;unit&quot;:&quot;px&quot;,&quot;size&quot;:57,&quot;sizes&quot;:[]},&quot;separatorHeight&quot;:{&quot;unit&quot;:&quot;px&quot;,&quot;size&quot;:&quot;&quot;,&quot;sizes&quot;:[]},&quot;unfoldDuration&quot;:{&quot;unit&quot;:&quot;ms&quot;,&quot;size&quot;:500,&quot;sizes&quot;:[]},&quot;foldDuration&quot;:{&quot;unit&quot;:&quot;ms&quot;,&quot;size&quot;:300,&quot;sizes&quot;:[]},&quot;unfoldEasing&quot;:&quot;easeOutBack&quot;,&quot;foldEasing&quot;:&quot;easeOutSine&quot;,&quot;foldScrolling&quot;:&quot;false&quot;,&quot;hideOutsideClick&quot;:&quot;false&quot;,&quot;autoHide&quot;:&quot;false&quot;,&quot;autoHideTime&quot;:&quot;&quot;,&quot;foldScrollOffset&quot;:null}\">\n\t\t\t<div class=\"jet-unfold__inner\">\n\t\t\t\t<div class=\"jet-unfold__mask\">\n\t\t\t\t\t<div class=\"jet-unfold__content\">\n\t\t\t\t\t\t<div class=\"jet-unfold__content-inner elementor-text-editor elementor-clearfix\"><p>Un arco de triunfo rico en esculturas. El Arco de Constantino es el mayor arco honor\u00edfico que ha llegado hasta nuestros d\u00edas. Est\u00e1 situado entre el Coliseo y el Arco de Tito, en la v\u00eda romana utilizada para las procesiones triunfales y que se dirig\u00eda hacia el templo Capitolino de J\u00fapiter.<\/p><p>El arco celebra la victoria del emperador romano Constantino sobre Majencio tras la batalla del Puente Milvio, el 28 de octubre de 312 d.C., y el d\u00e9cimo aniversario de su reinado (315 d.C.).<\/p><p>El Arco de Constantino forma parte de una larga tradici\u00f3n romana en la que se representaba el triunfo en la batalla. El arte de la representaci\u00f3n se configur\u00f3 en Roma con reglas definidas, que a veces proced\u00edan de forma aut\u00f3noma respecto a la fenomenolog\u00eda de los acontecimientos hist\u00f3ricos, pero interactuaban fuertemente con ella. Columnas rostradas, monumentos ecuestres, im\u00e1genes de victorias y trofeos, enemigos sometidos y estatuas divinas empezaron a decorar la Colina Capitolina, el Foro y luego todos los espacios pol\u00edticos y templos relevantes de Roma desde finales del siglo IV a.C., configurando las primeras huellas de un g\u00e9nero destinado a tener una larga vitalidad.<\/p><p>Sobre el f\u00f3rnix, en el centro de los dos lados del \u00e1tico, se encuentra la inscripci\u00f3n:<\/p><p>Imp - caes - fl - constantino - maximo - p - f - avgusto - s - p - q - r - qvod - instinctv - divinatatis - mentis - magnitvdine - cvm - exercitv - svo - tam - de - tyranno - qvam - de - omni - eivs - factione - vno - tempore - ivstis - rem-publicam - vltvs - est - armis - arcvm - trivmphis - insignem - dicavit -<\/p><p>Traducci\u00f3n:<\/p><p>\"Al emperador C\u00e9sar Flavio Constantino M\u00e1ximo, piadoso, feliz, augusto, el Senado y el pueblo de Roma, porque por inspiraci\u00f3n de la divinidad y por la grandeza de su esp\u00edritu con su ej\u00e9rcito veng\u00f3 al estado de un tirano y de toda su facci\u00f3n con las armas justas, dedicaron este distinguido arco para los triunfos.\"<\/p><p>El Arco de Constantino tiene tres arcos con un gran pasaje central y dos laterales m\u00e1s peque\u00f1os.<\/p><p>El arco est\u00e1 construido con escuadr\u00edas de m\u00e1rmol en los pilares, mientras que el \u00e1tico, al que se puede acceder, es de mamposter\u00eda de hormig\u00f3n y est\u00e1 revestido con bloques de m\u00e1rmol en el exterior.<\/p><p>El Arco de Constantino est\u00e1 decorado con losas de m\u00e1rmol en relieve tomadas de la lectura de monumentos m\u00e1s antiguos. De hecho, todo el arco est\u00e1 decorado principalmente con esculturas de monumentos anteriores de las \u00e9pocas de Trajano, Adriano y Comico.<\/p><p>Tambi\u00e9n se reciclaron otros elementos, como cornisas, capiteles y columnas.<\/p><p>La decoraci\u00f3n en losas de m\u00e1rmol en relieve fue concebida y realizada en \u00e9poca constantiniana seg\u00fan un dise\u00f1o unificado, utilizando principalmente materiales de otros monumentos imperiales. En las caras principales del arco y en los laterales se alternan, en motivos sim\u00e9tricos, relieves de la \u00e9poca de Trajano, Adriano, Marco Aurelio y, por \u00faltimo, en la secci\u00f3n inferior, de la \u00e9poca de Constantino. Todos los rostros de los emperadores que aparecen en los relieves han sido remodelados a semejanza de Constantino, con el nimbo connotando su majestad imperial.<\/p><p>La cr\u00edtica moderna ha asignado al arco la funci\u00f3n de sintetizar en forma monumental los cambios de la \u00e9poca constantiniana. Tanto en los detalles iconogr\u00e1ficos del programa figurativo como en la gran inscripci\u00f3n que aparece, id\u00e9ntica, en el \u00e1tico de ambas fachadas, se buscan pistas para reconstruir los acontecimientos del a\u00f1o 312, y para identificar los s\u00edmbolos de la temprana conversi\u00f3n de Constantino y del rechazo del emperador a la tradicional ascensi\u00f3n como escena final del triunfo, en el Templo de J\u00fapiter Capitolino. En el monumento se aprecia una deliberada ambig\u00fcedad figurativa, que refleja la puesta en pr\u00e1ctica de un compromiso entre la fe cristiana del emperador y las costumbres de la Roma pagana.<\/p><p>Incluyendo el \u00e1tico, el monumento tiene 25 metros de altura.<\/p><p>En conjunto, el Arco de Constantino puede considerarse una especie de museo de la escultura oficial romana, ya que re\u00fane valiosas \"piezas\" de distintas \u00e9pocas pertenecientes a diferentes monumentos importantes.<\/p><p>Generalmente se considera el arco de triunfo de Roma por excelencia y, al estar pr\u00f3ximo al Coliseo, se ha convertido tambi\u00e9n en uno de los lugares simb\u00f3licos m\u00e1s inmortalizados por los turistas.<\/p><\/div>\n\t\t\t\t\t<\/div>\n\t\t\t\t\t<div class=\"jet-unfold__separator\"><\/div>\n\t\t\t\t<\/div>\n\t\t\t\t<div class=\"jet-unfold__trigger\"><div class=\"jet-unfold__button elementor-button elementor-size-md\" href=\"#\" data-unfold-text=\"Mostra di pi\u00f9\" data-fold-text=\"Mostra meno\" data-fold-icon=\"&lt;i aria-hidden=&quot;true&quot; class=&quot;fas fa-chevron-up&quot;&gt;&lt;\/i&gt;\" data-unfold-icon=\"&lt;i aria-hidden=&quot;true&quot; class=&quot;fas fa-chevron-down&quot;&gt;&lt;\/i&gt;\" tabindex=\"0\" role=\"button\"><span class=\"jet-unfold__button-icon jet-tricks-icon\"><i aria-hidden=\"true\" class=\"fas fa-chevron-down\"><\/i><\/span><span class=\"jet-unfold__button-text\">Ver m\u00e1s<\/span><\/div>\t\t\t\t<\/div>\n\t\t\t<\/div>\n\t\t<\/div>\n\t\t\t\t<\/div>\n\t\t\t\t<\/div>\n\t\t\t\t<section data-dce-background-image-url=\"https:\/\/colosseo-roma.it\/wp-content\/uploads\/2023\/03\/the-colosseum-2182367_1920.jpg\" class=\"elementor-section elementor-inner-section elementor-element elementor-element-4862c94 elementor-section-height-min-height elementor-section-boxed elementor-section-height-default\" data-id=\"4862c94\" data-element_type=\"section\" data-settings=\"{&quot;jet_parallax_layout_list&quot;:[],&quot;background_background&quot;:&quot;classic&quot;,&quot;ekit_has_onepagescroll_dot&quot;:&quot;yes&quot;}\">\n\t\t\t\t\t\t<div class=\"elementor-container elementor-column-gap-default\">\n\t\t\t\t\t<div class=\"elementor-column elementor-col-100 elementor-inner-column elementor-element elementor-element-8062a60\" data-id=\"8062a60\" data-element_type=\"column\">\n\t\t\t<div class=\"elementor-widget-wrap\">\n\t\t\t\t\t\t\t<\/div>\n\t\t<\/div>\n\t\t\t\t\t<\/div>\n\t\t<\/section>\n\t\t\t\t<div class=\"elementor-element elementor-element-8b7478e elementor-widget elementor-widget-text-editor\" data-id=\"8b7478e\" data-element_type=\"widget\" data-settings=\"{&quot;ekit_we_effect_on&quot;:&quot;none&quot;}\" data-widget_type=\"text-editor.default\">\n\t\t\t\t<div class=\"elementor-widget-container\">\n\t\t\t\t\t\t\t<p>Se trata de un arco de triunfo que conmemora la toma de Jerusal\u00e9n por Tito en el a\u00f1o 70 d.C. El arco est\u00e1 construido con un \u00fanico f\u00f3rnix y en opus quadratum de m\u00e1rmol pent\u00e9lico, el n\u00facleo interior es de hormig\u00f3n y el z\u00f3calo de travertino.<\/p><p>Est\u00e1 flanqueado por semicolumnas compuestas, las centrales con fustes estriados y las de las esquinas con fustes lisos. Sobre las columnas descansa un entablamento con un epistilo j\u00f3nico que representa un sacrificio, una cornisa denticulada y m\u00e9nsulas, todo ello rematado por un alto \u00e1tico.<\/p><p>En la b\u00f3veda se puede admirar un bello artesonado con un \u00e1guila en el centro, que lleva al cielo al deificado Tito tras su muerte. Los dos relieves de las paredes interiores representan momentos de triunfo en la victoria sobre los jud\u00edos.<\/p><p>En el lado sur se puede ver la representaci\u00f3n de la procesi\u00f3n a su paso por la puerta triunfal, con los portadores alzando los objetos sagrados del ritual jud\u00edo saqueados del Templo de Jerusal\u00e9n: las dos trompetas de plata que llaman a los fieles a la oraci\u00f3n, la mesa con los vasos sagrados, el candelabro de oro de siete brazos.<\/p><p>En el lado norte se representa al emperador Tito triunfante sobre la cuadriga, mientras que detr\u00e1s le corona una victoria alada, con la diosa Roma armada acompa\u00f1\u00e1ndole al Capitolio, y a la derecha la figura semidesnuda, que quiz\u00e1 sea otra alegor\u00eda, el genio del pueblo romano.<\/p><p>El monumento ha sobrevivido en excelente estado porque en la Edad Media fue incorporado a la fortaleza de Frangiane e integrado en travertino en 1822 por Valdieri. El arco tito es tan conocido que incluso el belli, en un soneto, lo ilustra magistralmente.<\/p>\t\t\t\t\t\t<\/div>\n\t\t\t\t<\/div>\n\t\t\t\t\t<\/div>\n\t\t<\/div>\n\t\t\t\t\t<\/div>\n\t\t<\/section>\n\t\t\t\t<\/div>","protected":false},"excerpt":{"rendered":"<p>Arco de Constantino El Arco de Constantino es el arco de triunfo m\u00e1s majestuoso de Roma, el arco honor\u00edfico m\u00e1s grande y rico hasta la fecha. Un arco triunfal rico en esculturas. El Arco de Constantino es el mayor arco honor\u00edfico que ha llegado hasta nuestros d\u00edas. Est\u00e1 situado entre el Coliseo y el Arco de Tito en [...].<\/p>","protected":false},"author":1,"featured_media":0,"parent":526,"menu_order":9,"comment_status":"closed","ping_status":"closed","template":"","meta":{"site-sidebar-layout":"no-sidebar","site-content-layout":"page-builder","ast-site-content-layout":"full-width-container","site-content-style":"unboxed","site-sidebar-style":"unboxed","ast-global-header-display":"","ast-banner-title-visibility":"","ast-main-header-display":"","ast-hfb-above-header-display":"","ast-hfb-below-header-display":"","ast-hfb-mobile-header-display":"","site-post-title":"disabled","ast-breadcrumbs-content":"","ast-featured-img":"disabled","footer-sml-layout":"","ast-disable-related-posts":"","theme-transparent-header-meta":"default","adv-header-id-meta":"","stick-header-meta":"","header-above-stick-meta":"","header-main-stick-meta":"","header-below-stick-meta":"","astra-migrate-meta-layouts":"set","ast-page-background-enabled":"default","ast-page-background-meta":{"desktop":{"background-color":"var(--ast-global-color-4)","background-image":"","background-repeat":"repeat","background-position":"center center","background-size":"auto","background-attachment":"scroll","background-type":"","background-media":"","overlay-type":"","overlay-color":"","overlay-opacity":"","overlay-gradient":""},"tablet":{"background-color":"","background-image":"","background-repeat":"repeat","background-position":"center center","background-size":"auto","background-attachment":"scroll","background-type":"","background-media":"","overlay-type":"","overlay-color":"","overlay-opacity":"","overlay-gradient":""},"mobile":{"background-color":"","background-image":"","background-repeat":"repeat","background-position":"center center","background-size":"auto","background-attachment":"scroll","background-type":"","background-media":"","overlay-type":"","overlay-color":"","overlay-opacity":"","overlay-gradient":""}},"ast-content-background-meta":{"desktop":{"background-color":"var(--ast-global-color-5)","background-image":"","background-repeat":"repeat","background-position":"center center","background-size":"auto","background-attachment":"scroll","background-type":"","background-media":"","overlay-type":"","overlay-color":"","overlay-opacity":"","overlay-gradient":""},"tablet":{"background-color":"var(--ast-global-color-5)","background-image":"","background-repeat":"repeat","background-position":"center center","background-size":"auto","background-attachment":"scroll","background-type":"","background-media":"","overlay-type":"","overlay-color":"","overlay-opacity":"","overlay-gradient":""},"mobile":{"background-color":"var(--ast-global-color-5)","background-image":"","background-repeat":"repeat","background-position":"center center","background-size":"auto","background-attachment":"scroll","background-type":"","background-media":"","overlay-type":"","overlay-color":"","overlay-opacity":"","overlay-gradient":""}},"iawp_total_views":977,"footnotes":""},"class_list":["post-65","page","type-page","status-publish","hentry"],"_links":{"self":[{"href":"https:\/\/colosseo-roma.it\/es\/wp-json\/wp\/v2\/pages\/65","targetHints":{"allow":["GET"]}}],"collection":[{"href":"https:\/\/colosseo-roma.it\/es\/wp-json\/wp\/v2\/pages"}],"about":[{"href":"https:\/\/colosseo-roma.it\/es\/wp-json\/wp\/v2\/types\/page"}],"author":[{"embeddable":true,"href":"https:\/\/colosseo-roma.it\/es\/wp-json\/wp\/v2\/users\/1"}],"replies":[{"embeddable":true,"href":"https:\/\/colosseo-roma.it\/es\/wp-json\/wp\/v2\/comments?post=65"}],"version-history":[{"count":0,"href":"https:\/\/colosseo-roma.it\/es\/wp-json\/wp\/v2\/pages\/65\/revisions"}],"up":[{"embeddable":true,"href":"https:\/\/colosseo-roma.it\/es\/wp-json\/wp\/v2\/pages\/526"}],"wp:attachment":[{"href":"https:\/\/colosseo-roma.it\/es\/wp-json\/wp\/v2\/media?parent=65"}],"curies":[{"name":"wp","href":"https:\/\/api.w.org\/{rel}","templated":true}]}}