{"id":79,"date":"2023-03-10T11:34:57","date_gmt":"2023-03-10T10:34:57","guid":{"rendered":"https:\/\/wordpress-1074717-3818660.cloudwaysapps.com\/?page_id=79"},"modified":"2026-01-26T16:43:02","modified_gmt":"2026-01-26T15:43:02","slug":"via-salaria","status":"publish","type":"page","link":"https:\/\/colosseo-roma.it\/es\/romanos\/carreteras\/via-salaria\/","title":{"rendered":"V\u00eda Salaria"},"content":{"rendered":"<div data-elementor-type=\"wp-page\" data-elementor-id=\"79\" class=\"elementor elementor-79\" data-elementor-post-type=\"page\">\n\t\t\t\t\t\t<section class=\"elementor-section elementor-top-section elementor-element elementor-element-4934fd0 elementor-section-boxed elementor-section-height-default elementor-section-height-default\" data-id=\"4934fd0\" data-element_type=\"section\" data-settings=\"{&quot;jet_parallax_layout_list&quot;:[],&quot;ekit_has_onepagescroll_dot&quot;:&quot;yes&quot;}\">\n\t\t\t\t\t\t<div class=\"elementor-container elementor-column-gap-default\">\n\t\t\t\t\t<div class=\"elementor-column elementor-col-100 elementor-top-column elementor-element elementor-element-4a1806c\" data-id=\"4a1806c\" data-element_type=\"column\">\n\t\t\t<div class=\"elementor-widget-wrap elementor-element-populated\">\n\t\t\t\t\t\t<div class=\"elementor-element elementor-element-094bbac elementor-widget elementor-widget-heading\" data-id=\"094bbac\" data-element_type=\"widget\" data-settings=\"{&quot;ekit_we_effect_on&quot;:&quot;none&quot;}\" data-widget_type=\"heading.default\">\n\t\t\t\t<div class=\"elementor-widget-container\">\n\t\t\t<h1 class=\"elementor-heading-title elementor-size-default\">La V\u00eda Salaria<\/h1>\t\t<\/div>\n\t\t\t\t<\/div>\n\t\t\t\t<div class=\"elementor-element elementor-element-a6c2ce3 elementor-widget elementor-widget-heading\" data-id=\"a6c2ce3\" data-element_type=\"widget\" data-settings=\"{&quot;ekit_we_effect_on&quot;:&quot;none&quot;}\" data-widget_type=\"heading.default\">\n\t\t\t\t<div class=\"elementor-widget-container\">\n\t\t\t<div class=\"elementor-heading-title elementor-size-default\">V\u00edas romanas, V\u00edas consulares de la antigua Roma<\/div>\t\t<\/div>\n\t\t\t\t<\/div>\n\t\t\t\t<div class=\"elementor-element elementor-element-1811a3a elementor-widget elementor-widget-text-editor\" data-id=\"1811a3a\" data-element_type=\"widget\" data-settings=\"{&quot;ekit_we_effect_on&quot;:&quot;none&quot;}\" data-widget_type=\"text-editor.default\">\n\t\t\t\t<div class=\"elementor-widget-container\">\n\t\t\t\t\t\t\t<p><em>La antigua calzada romana de la sal<\/em>.<\/p><p>La <strong>V\u00eda Salaria<\/strong>\u00a0es uno de los\u00a0<strong>antiguas v\u00edas consulares<\/strong>Construida en varias ocasiones por los propios romanos, va desde la capital hasta el mar Adri\u00e1tico, y sigue en uso hoy en d\u00eda y es m\u00e1s conocida como la carretera SS 4. De hecho, es la carretera que une Roma con Rieti.<\/p><p>El curioso nombre se remonta al uso que los romanos hac\u00edan de la calzada, principalmente para transportar la sal recogida en las antiguas salinas situadas presumiblemente en las Marcas.<\/p><p>La\u00a0<strong>Carretera de Salaria<\/strong>\u00a0comienza a partir de\u00a0<strong>Murallas Aurelianas<\/strong>\u00a0saliendo hacia\u00a0<strong>Puerta Salaria<\/strong>Se dirige directamente a Forte Antenne para cruzar el r\u00edo Aniene y, tras bastantes kil\u00f3metros, llegar a lo que hoy es la aldea de Fidene.<\/p><p>Originalmente, la calzada se bifurcaba entre prados y zonas ganadas al mar, que s\u00f3lo fueron ganadas al mar m\u00e1s tarde, o mejor dicho, digamos que la ganancia definitiva tuvo lugar unos dos siglos m\u00e1s tarde. La V\u00eda Salaria sale de las afueras de Roma y se dirige hacia\u00a0<strong>Settebagni<\/strong>\u00a0para tomar finalmente la direcci\u00f3n del\u00a0<strong>Tenuta Marcigliana Vecchia<\/strong>\u00a0donde hab\u00eda un antiguo asentamiento romano m\u00e1s conocido como\u00a0<strong>Crustumerium<\/strong>. Un poco m\u00e1s adelante empezamos a ver las primeras monta\u00f1as; ahora estamos en el paso de Corese en direcci\u00f3n a Fara Sabina.<\/p><p>Aqu\u00ed la Salaria se divid\u00eda en dos tramos muy importantes para el comercio antiguo; de hecho, una calle de Ponte Buita continuaba hacia\u00a0<strong>v\u00eda Cecilia<\/strong>\u00a0que llev\u00f3 a\u00a0<strong>Atri<\/strong>\u00a0- la antigua hatria - mientras que el otro tronco alcanzaba\u00a0<strong>Rieti<\/strong>.<\/p><p>Antes de Rieti, de hecho, se pueden ver dos secciones distintas, una que gira hacia el este, cruza los Apeninos en direcci\u00f3n a Sella di Corno para dominar la llanura de Amiternum en las proximidades de la actual \u00c1guila toma el Passo delle Capannelle y sigue hasta Teramo, o m\u00e1s bien a trav\u00e9s de la ciudad llamada Pretutii.<\/p><p>El otro tronco desde Rieti remonta durante un rato el r\u00edo Velino hasta las Termas de Cotilia, explotadas por los romanos, o mejor dicho, explotadas lo suficiente por un gran asentamiento como para abrir en las cercan\u00edas un centro de bienestar con calientes aguas termales sulfurosas.<\/p><p>Continuando, se llega a Antrodoco justo debajo de Monte Giano donde, tambi\u00e9n aqu\u00ed, los romanos construyeron otro balneario. Pero la Salaria no se detiene, sino que contin\u00faa hacia el norte siguiendo el r\u00edo y atravesando desfiladeros y monta\u00f1as. Aqu\u00ed la cultura y la preparaci\u00f3n de los romanos pasan indiscutiblemente a primer plano. Para superar todos estos \"imprevistos\", los ingenieros de Augusto y Trajano se superaron a s\u00ed mismos adoptando soluciones t\u00e9cnicas que a\u00fan hoy nos asombran.<\/p><p>Una vez superadas las monta\u00f1as, la V\u00eda Salaria contin\u00faa por la llanura del Valle del Tronto, en la regi\u00f3n de Las Marcas, y nos encontramos con localidades conocidas e importantes incluso hoy en d\u00eda, como Pescara del Tronto, Acquasanta Terme (tambi\u00e9n explotada aqu\u00ed por los romanos como centro balneario por sus aguas alb\u00faminas), Lettera, Posta, Favalanciata, Quintodecimo para llegar a Ascoli Piceno. Siguiendo m\u00e1s adelante, nos encontramos finalmente con el mar cerca de Castrum Trentium, localidad pr\u00f3xima a Porto d'Ascoli, en el municipio de San Benedetto del Tronto.<\/p>\t\t\t\t\t\t<\/div>\n\t\t\t\t<\/div>\n\t\t\t\t\t<\/div>\n\t\t<\/div>\n\t\t\t\t\t<\/div>\n\t\t<\/section>\n\t\t\t\t<\/div>","protected":false},"excerpt":{"rendered":"<p>La V\u00eda Salaria V\u00edas romanas, V\u00edas consulares de la antigua Roma La antigua v\u00eda salaria romana. La Via Salaria es una de las v\u00edas consulares m\u00e1s antiguas, construida en varias etapas por los propios romanos, va desde la capital hasta el mar Adri\u00e1tico, sigue en uso hoy en d\u00eda y es m\u00e1s conocida como la carretera SS 4. [...]<\/p>","protected":false},"author":1,"featured_media":0,"parent":75,"menu_order":5,"comment_status":"closed","ping_status":"closed","template":"","meta":{"site-sidebar-layout":"no-sidebar","site-content-layout":"page-builder","ast-site-content-layout":"full-width-container","site-content-style":"unboxed","site-sidebar-style":"unboxed","ast-global-header-display":"","ast-banner-title-visibility":"","ast-main-header-display":"","ast-hfb-above-header-display":"","ast-hfb-below-header-display":"","ast-hfb-mobile-header-display":"","site-post-title":"disabled","ast-breadcrumbs-content":"","ast-featured-img":"disabled","footer-sml-layout":"","ast-disable-related-posts":"","theme-transparent-header-meta":"default","adv-header-id-meta":"","stick-header-meta":"","header-above-stick-meta":"","header-main-stick-meta":"","header-below-stick-meta":"","astra-migrate-meta-layouts":"set","ast-page-background-enabled":"default","ast-page-background-meta":{"desktop":{"background-color":"var(--ast-global-color-4)","background-image":"","background-repeat":"repeat","background-position":"center center","background-size":"auto","background-attachment":"scroll","background-type":"","background-media":"","overlay-type":"","overlay-color":"","overlay-opacity":"","overlay-gradient":""},"tablet":{"background-color":"","background-image":"","background-repeat":"repeat","background-position":"center center","background-size":"auto","background-attachment":"scroll","background-type":"","background-media":"","overlay-type":"","overlay-color":"","overlay-opacity":"","overlay-gradient":""},"mobile":{"background-color":"","background-image":"","background-repeat":"repeat","background-position":"center center","background-size":"auto","background-attachment":"scroll","background-type":"","background-media":"","overlay-type":"","overlay-color":"","overlay-opacity":"","overlay-gradient":""}},"ast-content-background-meta":{"desktop":{"background-color":"var(--ast-global-color-5)","background-image":"","background-repeat":"repeat","background-position":"center center","background-size":"auto","background-attachment":"scroll","background-type":"","background-media":"","overlay-type":"","overlay-color":"","overlay-opacity":"","overlay-gradient":""},"tablet":{"background-color":"var(--ast-global-color-5)","background-image":"","background-repeat":"repeat","background-position":"center center","background-size":"auto","background-attachment":"scroll","background-type":"","background-media":"","overlay-type":"","overlay-color":"","overlay-opacity":"","overlay-gradient":""},"mobile":{"background-color":"var(--ast-global-color-5)","background-image":"","background-repeat":"repeat","background-position":"center center","background-size":"auto","background-attachment":"scroll","background-type":"","background-media":"","overlay-type":"","overlay-color":"","overlay-opacity":"","overlay-gradient":""}},"iawp_total_views":921,"footnotes":""},"class_list":["post-79","page","type-page","status-publish","hentry"],"_links":{"self":[{"href":"https:\/\/colosseo-roma.it\/es\/wp-json\/wp\/v2\/pages\/79","targetHints":{"allow":["GET"]}}],"collection":[{"href":"https:\/\/colosseo-roma.it\/es\/wp-json\/wp\/v2\/pages"}],"about":[{"href":"https:\/\/colosseo-roma.it\/es\/wp-json\/wp\/v2\/types\/page"}],"author":[{"embeddable":true,"href":"https:\/\/colosseo-roma.it\/es\/wp-json\/wp\/v2\/users\/1"}],"replies":[{"embeddable":true,"href":"https:\/\/colosseo-roma.it\/es\/wp-json\/wp\/v2\/comments?post=79"}],"version-history":[{"count":0,"href":"https:\/\/colosseo-roma.it\/es\/wp-json\/wp\/v2\/pages\/79\/revisions"}],"up":[{"embeddable":true,"href":"https:\/\/colosseo-roma.it\/es\/wp-json\/wp\/v2\/pages\/75"}],"wp:attachment":[{"href":"https:\/\/colosseo-roma.it\/es\/wp-json\/wp\/v2\/media?parent=79"}],"curies":[{"name":"wp","href":"https:\/\/api.w.org\/{rel}","templated":true}]}}