{"id":81,"date":"2023-03-10T11:35:09","date_gmt":"2023-03-10T10:35:09","guid":{"rendered":"https:\/\/wordpress-1074717-3818660.cloudwaysapps.com\/?page_id=81"},"modified":"2026-01-26T16:42:58","modified_gmt":"2026-01-26T15:42:58","slug":"cocina","status":"publish","type":"page","link":"https:\/\/colosseo-roma.it\/es\/romanos\/cocina\/","title":{"rendered":"Cocina"},"content":{"rendered":"<div data-elementor-type=\"wp-page\" data-elementor-id=\"81\" class=\"elementor elementor-81\" data-elementor-post-type=\"page\">\n\t\t\t\t\t\t<section class=\"elementor-section elementor-top-section elementor-element elementor-element-d5e29b2 elementor-section-boxed elementor-section-height-default elementor-section-height-default\" data-id=\"d5e29b2\" data-element_type=\"section\" data-settings=\"{&quot;jet_parallax_layout_list&quot;:[],&quot;ekit_has_onepagescroll_dot&quot;:&quot;yes&quot;}\">\n\t\t\t\t\t\t<div class=\"elementor-container elementor-column-gap-default\">\n\t\t\t\t\t<div class=\"elementor-column elementor-col-100 elementor-top-column elementor-element elementor-element-3995949\" data-id=\"3995949\" data-element_type=\"column\">\n\t\t\t<div class=\"elementor-widget-wrap elementor-element-populated\">\n\t\t\t\t\t\t<div class=\"elementor-element elementor-element-3003c25 elementor-widget elementor-widget-heading\" data-id=\"3003c25\" data-element_type=\"widget\" data-settings=\"{&quot;ekit_we_effect_on&quot;:&quot;none&quot;}\" data-widget_type=\"heading.default\">\n\t\t\t\t<div class=\"elementor-widget-container\">\n\t\t\t<h1 class=\"elementor-heading-title elementor-size-default\">La cocina de la antigua Roma<\/h1>\t\t<\/div>\n\t\t\t\t<\/div>\n\t\t\t\t<div class=\"elementor-element elementor-element-eecc097 elementor-widget elementor-widget-text-editor\" data-id=\"eecc097\" data-element_type=\"widget\" data-settings=\"{&quot;ekit_we_effect_on&quot;:&quot;none&quot;}\" data-widget_type=\"text-editor.default\">\n\t\t\t\t<div class=\"elementor-widget-container\">\n\t\t\t\t\t\t\t<p style=\"text-align: center;\">La <strong>la cocina en la antigua Roma<\/strong>Qu\u00e9 com\u00edan los antiguos romanos y d\u00f3nde com\u00edan a lo largo del d\u00eda.<\/p>\t\t\t\t\t\t<\/div>\n\t\t\t\t<\/div>\n\t\t\t\t<div class=\"elementor-element elementor-element-0e8c718 elementor-widget elementor-widget-heading\" data-id=\"0e8c718\" data-element_type=\"widget\" data-settings=\"{&quot;ekit_we_effect_on&quot;:&quot;none&quot;}\" data-widget_type=\"heading.default\">\n\t\t\t\t<div class=\"elementor-widget-container\">\n\t\t\t<h2 class=\"elementor-heading-title elementor-size-default\">\u00bfQu\u00e9 com\u00edan los antiguos romanos?<\/h2>\t\t<\/div>\n\t\t\t\t<\/div>\n\t\t\t\t<div class=\"elementor-element elementor-element-efd25e9 elementor-widget elementor-widget-text-editor\" data-id=\"efd25e9\" data-element_type=\"widget\" data-settings=\"{&quot;ekit_we_effect_on&quot;:&quot;none&quot;}\" data-widget_type=\"text-editor.default\">\n\t\t\t\t<div class=\"elementor-widget-container\">\n\t\t\t\t\t\t\t<p style=\"text-align: center;\">Los antiguos romanos hac\u00edan tres comidas principales: <strong>jentaculum<\/strong>, <strong>prandium<\/strong> e <strong>coena<\/strong>.<\/p>\t\t\t\t\t\t<\/div>\n\t\t\t\t<\/div>\n\t\t\t\t<div class=\"elementor-element elementor-element-0a93a7c elementor-widget elementor-widget-heading\" data-id=\"0a93a7c\" data-element_type=\"widget\" data-settings=\"{&quot;ekit_we_effect_on&quot;:&quot;none&quot;}\" data-widget_type=\"heading.default\">\n\t\t\t\t<div class=\"elementor-widget-container\">\n\t\t\t<h3 class=\"elementor-heading-title elementor-size-default\">Las tres comidas de los antiguos romanos<\/h3>\t\t<\/div>\n\t\t\t\t<\/div>\n\t\t\t\t<div class=\"elementor-element elementor-element-ddfbd7d elementor-widget elementor-widget-text-editor\" data-id=\"ddfbd7d\" data-element_type=\"widget\" data-settings=\"{&quot;ekit_we_effect_on&quot;:&quot;none&quot;}\" data-widget_type=\"text-editor.default\">\n\t\t\t\t<div class=\"elementor-widget-container\">\n\t\t\t\t\t\t\t<p style=\"text-align: center;\">a primera comida correspond\u00eda, m\u00e1s o menos, a nuestro desayuno; era a base de pan, queso, leche, miel, vino y frutos secos y se com\u00eda muy deprisa. A \u00faltima hora de la ma\u00f1ana tom\u00e1bamos otro tentempi\u00e9 r\u00e1pido y fr\u00edo a base de pescado, pan, fruta, legumbres y vino llamado <strong>prandium<\/strong>. Se correspond\u00eda, a grandes rasgos, con nuestro almuerzo, pero era tan \"espartano\" que no era necesario poner la mesa ni lavarse las manos despu\u00e9s de la comida. En cambio, la comida importante ten\u00eda lugar por la tarde, despu\u00e9s del ba\u00f1o habitual en el balneario, y a veces duraba hasta el amanecer del d\u00eda siguiente.<\/p><p>La <strong>coena<\/strong> - La cena -al principio se com\u00eda en el atrio, pero cuando las casas se hicieron m\u00e1s grandes y articuladas, y sobre todo cuando la riqueza de la clase dirigente lo hac\u00eda posible, se celebraba en el 'triclinium' -comedor-, donde el se\u00f1or de la casa dispon\u00eda los 'triclinarii' -camas\/sof\u00e1s- en los que pod\u00edan tumbarse los invitados. Los antiguos romanos com\u00edan tumbados en los \"triclinarii\", apoy\u00e1ndose lateralmente en el brazo izquierdo y manteniendo libre el derecho para poder coger la comida de las mesas bajas diligentemente dispuestas.<\/p><p>El invitado de honor ten\u00eda derecho a un lugar de honor, denominado \"consular\", y se situaba a la derecha del \"triclinar\" central, colocado frente a la puerta para que un mensajero pudiera comunicarle f\u00e1cilmente un mensaje urgente. El anfitri\u00f3n deb\u00eda sentarse a la izquierda del invitado de honor.<\/p><p>Las viviendas m\u00e1s ricas ten\u00edan m\u00e1s de un comedor: el \"triclinium\" de verano, orientado al norte, y el \"triclinium\" de invierno, orientado al oeste, que aprovechaba hasta el \u00faltimo rayo de sol. La cocina m\u00e1s antigua era muy sencilla, a base de cereales, legumbres, queso y fruta. Con la conquista de Oriente, adquiri\u00f3 sabores y aromas especiales que a nosotros, hoy, nos pueden parecer una mezcla entre cocina oriental y medieval. Las nuevas conquistas llegaban, por supuesto, s\u00f3lo a las mesas de los ricos.<\/p>\t\t\t\t\t\t<\/div>\n\t\t\t\t<\/div>\n\t\t\t\t<div class=\"elementor-element elementor-element-38ec59b elementor-widget elementor-widget-heading\" data-id=\"38ec59b\" data-element_type=\"widget\" data-settings=\"{&quot;ekit_we_effect_on&quot;:&quot;none&quot;}\" data-widget_type=\"heading.default\">\n\t\t\t\t<div class=\"elementor-widget-container\">\n\t\t\t<h3 class=\"elementor-heading-title elementor-size-default\">La cocina romana de Marco Gavadio Apicio<\/h3>\t\t<\/div>\n\t\t\t\t<\/div>\n\t\t\t\t<div class=\"elementor-element elementor-element-a59a348 elementor-widget elementor-widget-text-editor\" data-id=\"a59a348\" data-element_type=\"widget\" data-settings=\"{&quot;ekit_we_effect_on&quot;:&quot;none&quot;}\" data-widget_type=\"text-editor.default\">\n\t\t\t\t<div class=\"elementor-widget-container\">\n\t\t\t\t\t\t\t<p style=\"text-align: center;\">Lo que hoy conocemos procede principalmente de la <strong>libro de cocina ap\u00edcola<\/strong>un conocido gastr\u00f3nomo de la \u00e9poca imperial, que escribi\u00f3: '<i><strong>de re coquinaria<\/strong><\/i>\"de la que podemos extraer los mayores conocimientos sobre la antigua cocina romana.<\/p>\t\t\t\t\t\t<\/div>\n\t\t\t\t<\/div>\n\t\t\t\t<div class=\"elementor-element elementor-element-b3866f5 elementor-widget elementor-widget-heading\" data-id=\"b3866f5\" data-element_type=\"widget\" data-settings=\"{&quot;ekit_we_effect_on&quot;:&quot;none&quot;}\" data-widget_type=\"heading.default\">\n\t\t\t\t<div class=\"elementor-widget-container\">\n\t\t\t<h3 class=\"elementor-heading-title elementor-size-default\">El ingrediente principal: Garum<\/h3>\t\t<\/div>\n\t\t\t\t<\/div>\n\t\t\t\t<div class=\"elementor-element elementor-element-a3e55eb elementor-widget elementor-widget-text-editor\" data-id=\"a3e55eb\" data-element_type=\"widget\" data-settings=\"{&quot;ekit_we_effect_on&quot;:&quot;none&quot;}\" data-widget_type=\"text-editor.default\">\n\t\t\t\t<div class=\"elementor-widget-container\">\n\t\t\t\t\t\t\t<p>El ingrediente principal de la cocina romana era el <i><strong>Garum<\/strong><\/i> Probablemente se utilice salmuera en lugar de sal, que es muy cara y dif\u00edcil de encontrar. El sitio <strong>pimienta<\/strong>el <strong>comino<\/strong> y el <strong>ligu\u00edstica<\/strong> eran las especias m\u00e1s utilizadas y los \"platos principales\" eran a base de carne, principalmente de cerdo.<\/p><p style=\"text-align: center;\">Una caracter\u00edstica de la antigua cocina romana era la combinaci\u00f3n de sabores contrastados, como dulce con picante o dulce con picante. Sin duda, en nuestros d\u00edas, las recetas del famoso cocinero Apicio no tendr\u00edan mucho \u00e9xito, mientras que para los romanos de la \u00e9poca eran extremadamente refinadas y apetitosas.<\/p>\t\t\t\t\t\t<\/div>\n\t\t\t\t<\/div>\n\t\t\t\t<div class=\"elementor-element elementor-element-aefc1bf elementor-widget elementor-widget-heading\" data-id=\"aefc1bf\" data-element_type=\"widget\" data-settings=\"{&quot;ekit_we_effect_on&quot;:&quot;none&quot;}\" data-widget_type=\"heading.default\">\n\t\t\t\t<div class=\"elementor-widget-container\">\n\t\t\t<h3 class=\"elementor-heading-title elementor-size-default\">La cocina pobre de la antigua Roma<\/h3>\t\t<\/div>\n\t\t\t\t<\/div>\n\t\t\t\t<div class=\"elementor-element elementor-element-7d6843a elementor-widget elementor-widget-text-editor\" data-id=\"7d6843a\" data-element_type=\"widget\" data-settings=\"{&quot;ekit_we_effect_on&quot;:&quot;none&quot;}\" data-widget_type=\"text-editor.default\">\n\t\t\t\t<div class=\"elementor-widget-container\">\n\t\t\t\t\t\t\t<p style=\"text-align: center;\">La mayor\u00eda de la poblaci\u00f3n, que no era rica, consum\u00eda comidas mucho m\u00e1s sencillas, principalmente a base de cereales, legumbres y fruta, con poca carne, y desde luego no pod\u00eda permitirse cenar en la \"Triclinia\", y mucho menos tumbarse en las c\u00f3modas camas\/sof\u00e1s. La desventaja era que com\u00edan menos, la ventaja era que probablemente com\u00edan m\u00e1s sano, sin utilizar condimentos como el \"Garum\" y sin el consumo excesivo de carne, que a menudo causaba la enfermedad de la gota en los ricos.<\/p>\t\t\t\t\t\t<\/div>\n\t\t\t\t<\/div>\n\t\t\t\t\t<\/div>\n\t\t<\/div>\n\t\t\t\t\t<\/div>\n\t\t<\/section>\n\t\t\t\t<\/div>","protected":false},"excerpt":{"rendered":"<p>La cocina de la antigua Roma La cocina de la antigua Roma: qu\u00e9 com\u00edan los antiguos romanos y d\u00f3nde com\u00edan a lo largo del d\u00eda. \u00bfQu\u00e9 com\u00edan los antiguos romanos? Los antiguos romanos hac\u00edan tres comidas principales: jentaculum, prandium y coena. Las tres comidas de los antiguos romanos La primera comida correspond\u00eda, m\u00e1s o menos, a nuestro desayuno; se basaba [...].<\/p>","protected":false},"author":1,"featured_media":0,"parent":556,"menu_order":6,"comment_status":"closed","ping_status":"closed","template":"","meta":{"site-sidebar-layout":"no-sidebar","site-content-layout":"page-builder","ast-site-content-layout":"full-width-container","site-content-style":"unboxed","site-sidebar-style":"unboxed","ast-global-header-display":"","ast-banner-title-visibility":"","ast-main-header-display":"","ast-hfb-above-header-display":"","ast-hfb-below-header-display":"","ast-hfb-mobile-header-display":"","site-post-title":"disabled","ast-breadcrumbs-content":"","ast-featured-img":"disabled","footer-sml-layout":"","ast-disable-related-posts":"","theme-transparent-header-meta":"default","adv-header-id-meta":"","stick-header-meta":"","header-above-stick-meta":"","header-main-stick-meta":"","header-below-stick-meta":"","astra-migrate-meta-layouts":"set","ast-page-background-enabled":"default","ast-page-background-meta":{"desktop":{"background-color":"var(--ast-global-color-4)","background-image":"","background-repeat":"repeat","background-position":"center center","background-size":"auto","background-attachment":"scroll","background-type":"","background-media":"","overlay-type":"","overlay-color":"","overlay-opacity":"","overlay-gradient":""},"tablet":{"background-color":"","background-image":"","background-repeat":"repeat","background-position":"center center","background-size":"auto","background-attachment":"scroll","background-type":"","background-media":"","overlay-type":"","overlay-color":"","overlay-opacity":"","overlay-gradient":""},"mobile":{"background-color":"","background-image":"","background-repeat":"repeat","background-position":"center center","background-size":"auto","background-attachment":"scroll","background-type":"","background-media":"","overlay-type":"","overlay-color":"","overlay-opacity":"","overlay-gradient":""}},"ast-content-background-meta":{"desktop":{"background-color":"var(--ast-global-color-5)","background-image":"","background-repeat":"repeat","background-position":"center center","background-size":"auto","background-attachment":"scroll","background-type":"","background-media":"","overlay-type":"","overlay-color":"","overlay-opacity":"","overlay-gradient":""},"tablet":{"background-color":"var(--ast-global-color-5)","background-image":"","background-repeat":"repeat","background-position":"center center","background-size":"auto","background-attachment":"scroll","background-type":"","background-media":"","overlay-type":"","overlay-color":"","overlay-opacity":"","overlay-gradient":""},"mobile":{"background-color":"var(--ast-global-color-5)","background-image":"","background-repeat":"repeat","background-position":"center center","background-size":"auto","background-attachment":"scroll","background-type":"","background-media":"","overlay-type":"","overlay-color":"","overlay-opacity":"","overlay-gradient":""}},"iawp_total_views":1049,"footnotes":""},"class_list":["post-81","page","type-page","status-publish","hentry"],"_links":{"self":[{"href":"https:\/\/colosseo-roma.it\/es\/wp-json\/wp\/v2\/pages\/81","targetHints":{"allow":["GET"]}}],"collection":[{"href":"https:\/\/colosseo-roma.it\/es\/wp-json\/wp\/v2\/pages"}],"about":[{"href":"https:\/\/colosseo-roma.it\/es\/wp-json\/wp\/v2\/types\/page"}],"author":[{"embeddable":true,"href":"https:\/\/colosseo-roma.it\/es\/wp-json\/wp\/v2\/users\/1"}],"replies":[{"embeddable":true,"href":"https:\/\/colosseo-roma.it\/es\/wp-json\/wp\/v2\/comments?post=81"}],"version-history":[{"count":0,"href":"https:\/\/colosseo-roma.it\/es\/wp-json\/wp\/v2\/pages\/81\/revisions"}],"up":[{"embeddable":true,"href":"https:\/\/colosseo-roma.it\/es\/wp-json\/wp\/v2\/pages\/556"}],"wp:attachment":[{"href":"https:\/\/colosseo-roma.it\/es\/wp-json\/wp\/v2\/media?parent=81"}],"curies":[{"name":"wp","href":"https:\/\/api.w.org\/{rel}","templated":true}]}}