{"id":1198,"date":"2023-03-31T20:37:17","date_gmt":"2023-03-31T19:37:17","guid":{"rendered":"https:\/\/wordpress-1074717-3818660.cloudwaysapps.com\/?page_id=1198"},"modified":"2026-01-26T16:51:39","modified_gmt":"2026-01-26T15:51:39","slug":"place-du-colisee","status":"publish","type":"page","link":"https:\/\/colosseo-roma.it\/fr\/explorer\/place-du-colisee\/","title":{"rendered":"Place du Colis\u00e9e"},"content":{"rendered":"<div data-elementor-type=\"wp-page\" data-elementor-id=\"1198\" class=\"elementor elementor-1198\" data-elementor-post-type=\"page\">\n\t\t\t\t\t\t<section class=\"elementor-section elementor-top-section elementor-element elementor-element-b3da0d5 elementor-section-boxed elementor-section-height-default elementor-section-height-default\" data-id=\"b3da0d5\" data-element_type=\"section\" data-settings=\"{&quot;jet_parallax_layout_list&quot;:[],&quot;ekit_has_onepagescroll_dot&quot;:&quot;yes&quot;}\">\n\t\t\t\t\t\t<div class=\"elementor-container elementor-column-gap-default\">\n\t\t\t\t\t<div class=\"elementor-column elementor-col-100 elementor-top-column elementor-element elementor-element-166a491\" data-id=\"166a491\" data-element_type=\"column\" data-settings=\"{&quot;background_background&quot;:&quot;classic&quot;}\">\n\t\t\t<div class=\"elementor-widget-wrap elementor-element-populated\">\n\t\t\t\t\t\t<div class=\"elementor-element elementor-element-19261b7 elementor-widget elementor-widget-heading\" data-id=\"19261b7\" data-element_type=\"widget\" data-settings=\"{&quot;ekit_we_effect_on&quot;:&quot;none&quot;}\" data-widget_type=\"heading.default\">\n\t\t\t\t<div class=\"elementor-widget-container\">\n\t\t\t<h1 class=\"elementor-heading-title elementor-size-default\">Place du Colis\u00e9e<\/h1>\t\t<\/div>\n\t\t\t\t<\/div>\n\t\t\t\t<div class=\"elementor-element elementor-element-e3b357d elementor-widget elementor-widget-heading\" data-id=\"e3b357d\" data-element_type=\"widget\" data-settings=\"{&quot;ekit_we_effect_on&quot;:&quot;none&quot;}\" data-widget_type=\"heading.default\">\n\t\t\t\t<div class=\"elementor-widget-container\">\n\t\t\t<h4 class=\"elementor-heading-title elementor-size-default\">La place du Colis\u00e9e au c\u0153ur de Rome<\/h4>\t\t<\/div>\n\t\t\t\t<\/div>\n\t\t\t\t<div class=\"elementor-element elementor-element-c209607 elementor-widget elementor-widget-text-editor\" data-id=\"c209607\" data-element_type=\"widget\" data-settings=\"{&quot;ekit_we_effect_on&quot;:&quot;none&quot;}\" data-widget_type=\"text-editor.default\">\n\t\t\t\t<div class=\"elementor-widget-container\">\n\t\t\t\t\t\t\t<p>Cette place abrite le monument le plus c\u00e9l\u00e8bre du monde. D\u00e9couvrir la Piazza del Colosseo \u00e0 Rome, c'est faire un voyage dans le temps et admirer en m\u00eame temps l'une des sept merveilles du monde.<\/p>\t\t\t\t\t\t<\/div>\n\t\t\t\t<\/div>\n\t\t\t\t<div class=\"elementor-element elementor-element-6053d41 elementor-widget elementor-widget-heading\" data-id=\"6053d41\" data-element_type=\"widget\" data-settings=\"{&quot;ekit_we_effect_on&quot;:&quot;none&quot;}\" data-widget_type=\"heading.default\">\n\t\t\t\t<div class=\"elementor-widget-container\">\n\t\t\t<h4 class=\"elementor-heading-title elementor-size-default\">La place du Colis\u00e9e au c\u0153ur de Rome<\/h4>\t\t<\/div>\n\t\t\t\t<\/div>\n\t\t\t\t<div class=\"elementor-element elementor-element-5bae7cf elementor-widget elementor-widget-text-editor\" data-id=\"5bae7cf\" data-element_type=\"widget\" data-settings=\"{&quot;ekit_we_effect_on&quot;:&quot;none&quot;}\" data-widget_type=\"text-editor.default\">\n\t\t\t\t<div class=\"elementor-widget-container\">\n\t\t\t\t\t\t\t<p>Au centre de la Piazza del Colosseo se trouve le monument le plus embl\u00e9matique de Rome, symbole de la ville et de l'Italie dans le monde entier : le Colis\u00e9e. L'emplacement actuel de la place \u00e9tait autrefois occup\u00e9 par l'\u00e9tang de la Domus Aurea de N\u00e9ron, o\u00f9 se refl\u00e9tait la statue colossale de l'empereur, qui a donn\u00e9 \u00e0 l'amphith\u00e9\u00e2tre Flavien le nom sous lequel il est aujourd'hui universellement connu. La place est situ\u00e9e entre les quartiers Monti, Campitelli et Celio et constitue un carrefour entre la Via dei Fori Imperiali et la Via Claudia, l'une des plus anciennes voies romaines. Il n'est donc pas surprenant que la Piazza del Colosseo soit l'une des places les plus fr\u00e9quent\u00e9es au monde.<\/p>\t\t\t\t\t\t<\/div>\n\t\t\t\t<\/div>\n\t\t\t\t<div class=\"elementor-element elementor-element-dfd33c9 elementor-widget elementor-widget-heading\" data-id=\"dfd33c9\" data-element_type=\"widget\" data-settings=\"{&quot;ekit_we_effect_on&quot;:&quot;none&quot;}\" data-widget_type=\"heading.default\">\n\t\t\t\t<div class=\"elementor-widget-container\">\n\t\t\t<h5 class=\"elementor-heading-title elementor-size-default\">Informations importantes pour votre visite :<\/h5>\t\t<\/div>\n\t\t\t\t<\/div>\n\t\t\t\t<div class=\"elementor-element elementor-element-7a2e9b6 elementor-widget elementor-widget-text-editor\" data-id=\"7a2e9b6\" data-element_type=\"widget\" data-settings=\"{&quot;ekit_we_effect_on&quot;:&quot;none&quot;}\" data-widget_type=\"text-editor.default\">\n\t\t\t\t<div class=\"elementor-widget-container\">\n\t\t\t\t\t\t\t<p>Depuis la place du Colis\u00e9e, vous pouvez acc\u00e9der aux trois entr\u00e9es du Colis\u00e9e.<\/p><p>Un centre d'information touristique se trouve sur le c\u00f4t\u00e9.<\/p><p>La station Colosseo de la ligne B donne sur la place.<\/p><p>La Piazza d\u00e9bouche sur la Via dei Fori Imperiali.<\/p><p>La visite nocturne avec l'illumination artistique du Colis\u00e9e est incontournable.<\/p>\t\t\t\t\t\t<\/div>\n\t\t\t\t<\/div>\n\t\t\t\t<div class=\"elementor-element elementor-element-87d7b43 elementor-widget elementor-widget-heading\" data-id=\"87d7b43\" data-element_type=\"widget\" data-settings=\"{&quot;ekit_we_effect_on&quot;:&quot;none&quot;}\" data-widget_type=\"heading.default\">\n\t\t\t\t<div class=\"elementor-widget-container\">\n\t\t\t<h4 class=\"elementor-heading-title elementor-size-default\">Les autres monuments de la place du Colis\u00e9e :<\/h4>\t\t<\/div>\n\t\t\t\t<\/div>\n\t\t\t\t<div class=\"elementor-element elementor-element-f45ad75 elementor-widget elementor-widget-heading\" data-id=\"f45ad75\" data-element_type=\"widget\" data-settings=\"{&quot;ekit_we_effect_on&quot;:&quot;none&quot;}\" data-widget_type=\"heading.default\">\n\t\t\t\t<div class=\"elementor-widget-container\">\n\t\t\t<h5 class=\"elementor-heading-title elementor-size-default\">L'arc de Constantin <\/h5>\t\t<\/div>\n\t\t\t\t<\/div>\n\t\t\t\t<div class=\"elementor-element elementor-element-4e4e7d3 elementor-widget elementor-widget-text-editor\" data-id=\"4e4e7d3\" data-element_type=\"widget\" data-settings=\"{&quot;ekit_we_effect_on&quot;:&quot;none&quot;}\" data-widget_type=\"text-editor.default\">\n\t\t\t\t<div class=\"elementor-widget-container\">\n\t\t\t\t\t\t\t<p><i>\"\u00c0 l'empereur C\u00e9sar Flavius Constantin Maximus Pius Felix Augustus, au S\u00e9nat et au peuple romain, qui, par l'inspiration divine et la grandeur d'\u00e2me de son arm\u00e9e, a veng\u00e9 l'\u00c9tat, par une guerre juste, \u00e0 la fois du tyran et de toutes ses factions, nous d\u00e9dions cet arc de triomphe distingu\u00e9.\"\u00a0\u00a0<\/i><\/p><p>L'arc de Constantin, situ\u00e9 \u00e0 proximit\u00e9 du Colis\u00e9e, est un imposant arc de triomphe \u00e0 trois arcs. Le passage central est flanqu\u00e9 de deux passages lat\u00e9raux plus petits, et l'ensemble de la structure peut \u00eatre consid\u00e9r\u00e9 comme un mus\u00e9e officiel de la sculpture romaine, en raison de son extraordinaire richesse et de son importance. L'arc a \u00e9t\u00e9 d\u00e9di\u00e9 par le S\u00e9nat pour comm\u00e9morer la victoire de Constantin Ier sur Maxence \u00e0 la bataille de Ponte Milvio, le 28 octobre 312, et il a \u00e9t\u00e9 inaugur\u00e9 en 315 \u00e0 l'occasion des decennalia de l'empereur, c'est-\u00e0-dire les dix ans de son r\u00e8gne. La position de l'arc, entre le Palatin et le Caelius, co\u00efncidait avec l'ancien chemin des triomphes.<\/p>\t\t\t\t\t\t<\/div>\n\t\t\t\t<\/div>\n\t\t\t\t<div class=\"elementor-element elementor-element-8afefe0 elementor-widget elementor-widget-heading\" data-id=\"8afefe0\" data-element_type=\"widget\" data-settings=\"{&quot;ekit_we_effect_on&quot;:&quot;none&quot;}\" data-widget_type=\"heading.default\">\n\t\t\t\t<div class=\"elementor-widget-container\">\n\t\t\t<h5 class=\"elementor-heading-title elementor-size-default\">Sous-sol du Colosse de N\u00e9ron<\/h5>\t\t<\/div>\n\t\t\t\t<\/div>\n\t\t\t\t<div class=\"elementor-element elementor-element-994190c elementor-widget elementor-widget-text-editor\" data-id=\"994190c\" data-element_type=\"widget\" data-settings=\"{&quot;ekit_we_effect_on&quot;:&quot;none&quot;}\" data-widget_type=\"text-editor.default\">\n\t\t\t\t<div class=\"elementor-widget-container\">\n\t\t\t\t\t\t\t<p>Selon Pline l'Ancien, le colosse, r\u00e9alis\u00e9 par le sculpteur Z\u00e9nodore, mesurait 33,5 m\u00e8tres de haut et reposait sur un pi\u00e9destal carr\u00e9 de 11 m\u00e8tres de c\u00f4t\u00e9. La statue de bronze, probablement inspir\u00e9e du c\u00e9l\u00e8bre colosse de Rhodes, repr\u00e9sentait l'empereur sous la forme d'une divinit\u00e9 solaire, le bras droit tendu vers l'avant, tenant une branche, tandis que le bras gauche tenait une sph\u00e8re, symbolisant le globe terrestre. La t\u00eate de l'imposante statue \u00e9tait orn\u00e9e d'une couronne compos\u00e9e de sept rayons de six m\u00e8tres de long chacun. L'effet visuel impressionnant de la statue devait \u00eatre stup\u00e9fiant et facilement perceptible, m\u00eame de tr\u00e8s loin, en raison de sa taille gigantesque et de l'or qui recouvrait le bronze. De plus, le Colis\u00e9e n'existait pas encore \u00e0 l'\u00e9poque de la statue, et il devait y avoir un petit lac qui refl\u00e9tait l'imposant monument, cr\u00e9ant un spectacle incroyablement impressionnant.\u00a0<\/p>\t\t\t\t\t\t<\/div>\n\t\t\t\t<\/div>\n\t\t\t\t<div class=\"elementor-element elementor-element-a238a9b elementor-widget elementor-widget-heading\" data-id=\"a238a9b\" data-element_type=\"widget\" data-settings=\"{&quot;ekit_we_effect_on&quot;:&quot;none&quot;}\" data-widget_type=\"heading.default\">\n\t\t\t\t<div class=\"elementor-widget-container\">\n\t\t\t<h5 class=\"elementor-heading-title elementor-size-default\">Le nom du Colis\u00e9e provient du Colosse de N\u00e9ron ?<\/h5>\t\t<\/div>\n\t\t\t\t<\/div>\n\t\t\t\t<div class=\"elementor-element elementor-element-3bf8c1a elementor-widget elementor-widget-text-editor\" data-id=\"3bf8c1a\" data-element_type=\"widget\" data-settings=\"{&quot;ekit_we_effect_on&quot;:&quot;none&quot;}\" data-widget_type=\"text-editor.default\">\n\t\t\t\t<div class=\"elementor-widget-container\">\n\t\t\t\t\t\t\t<p>Il est possible que le nom \"Colis\u00e9e\" provienne de la pr\u00e9sence du colosse de N\u00e9ron \u00e0 proximit\u00e9 de l'amphith\u00e9\u00e2tre Flavien construit en 80 ap. Cependant, d'autres hypoth\u00e8ses sugg\u00e8rent que le surnom pourrait provenir de la grande taille de l'amphith\u00e9\u00e2tre lui-m\u00eame ou de la proximit\u00e9 du Colle Oppio, o\u00f9 se trouvait le temple d'Isis connu sous le nom de \"Collis Isei\". Au cours de l'histoire, le colosse de N\u00e9ron a subi de nombreuses modifications en fonction de l'empereur de l'\u00e9poque. Vespasien, qui r\u00e9gna de 69 \u00e0 79 apr\u00e8s J.-C., dut intervenir pour le r\u00e9parer apr\u00e8s qu'un incendie se soit d\u00e9clar\u00e9 dans la Domus Aurea. En 127 apr\u00e8s J.-C., Hadrien chargea l'architecte Decrianus de d\u00e9placer le Colosse \u00e0 c\u00f4t\u00e9 du Colis\u00e9e pour faire de la place au nouveau temple de V\u00e9nus. Decrianus utilisa vingt-quatre \u00e9l\u00e9phants pour le transporter, en le maintenant debout, et, \u00e0 la demande de l'empereur, rempla\u00e7a les traits du visage de N\u00e9ron par ceux d'Hadrien. Une gravure graphique illustre la nouvelle position du colosse apr\u00e8s le d\u00e9placement.<\/p>\t\t\t\t\t\t<\/div>\n\t\t\t\t<\/div>\n\t\t\t\t<div class=\"elementor-element elementor-element-9db846e elementor-widget elementor-widget-heading\" data-id=\"9db846e\" data-element_type=\"widget\" data-settings=\"{&quot;ekit_we_effect_on&quot;:&quot;none&quot;}\" data-widget_type=\"heading.default\">\n\t\t\t\t<div class=\"elementor-widget-container\">\n\t\t\t<h5 class=\"elementor-heading-title elementor-size-default\">\u00c9glise de Santa Maria della Piet\u00e0 au Colis\u00e9e<\/h5>\t\t<\/div>\n\t\t\t\t<\/div>\n\t\t\t\t<div class=\"elementor-element elementor-element-8923a6c elementor-widget elementor-widget-text-editor\" data-id=\"8923a6c\" data-element_type=\"widget\" data-settings=\"{&quot;ekit_we_effect_on&quot;:&quot;none&quot;}\" data-widget_type=\"text-editor.default\">\n\t\t\t\t<div class=\"elementor-widget-container\">\n\t\t\t\t\t\t\t<p>\u00c0 l'int\u00e9rieur de l'un des monuments les plus importants de Rome, l'amphith\u00e9\u00e2tre Flavien, pr\u00e9cis\u00e9ment dans le 24e arc de l'une de ses grandes arcades, se trouve une petite chapelle d\u00e9di\u00e9e \u00e0 Santa Maria della Piet\u00e0. L'\u00e9glise a \u00e9t\u00e9 fond\u00e9e entre le VIe et le VIIe si\u00e8cle comme lieu de culte, probablement en m\u00e9moire des personnes d\u00e9c\u00e9d\u00e9es \u00e0 l'int\u00e9rieur du Colis\u00e9e. Les premi\u00e8res informations fond\u00e9es sur la chapelle proviennent du cardinal Cencio Camerario, \u00e9minent historien et connaisseur des \u00e9glises romaines, et remontent \u00e0 1192, lorsque l'\u00e9glise \u00e9tait connue sous le nom de \"Santissimo Salvatore in Rota Colisei\" (Saint-Sauveur dans la rue des Colis\u00e9es).<\/p>\t\t\t\t\t\t<\/div>\n\t\t\t\t<\/div>\n\t\t\t\t<div class=\"elementor-element elementor-element-10ef1ad elementor-widget elementor-widget-heading\" data-id=\"10ef1ad\" data-element_type=\"widget\" data-settings=\"{&quot;ekit_we_effect_on&quot;:&quot;none&quot;}\" data-widget_type=\"heading.default\">\n\t\t\t\t<div class=\"elementor-widget-container\">\n\t\t\t<h5 class=\"elementor-heading-title elementor-size-default\">Les attractions de Rome sont facilement accessibles depuis la Piazza :<\/h5>\t\t<\/div>\n\t\t\t\t<\/div>\n\t\t\t\t<div class=\"elementor-element elementor-element-15b046c elementor-widget elementor-widget-text-editor\" data-id=\"15b046c\" data-element_type=\"widget\" data-settings=\"{&quot;ekit_we_effect_on&quot;:&quot;none&quot;}\" data-widget_type=\"text-editor.default\">\n\t\t\t\t<div class=\"elementor-widget-container\">\n\t\t\t\t\t\t\t<p>Le parc arch\u00e9ologique du Colis\u00e9e :\u00a0<\/p><p>La colline du Palatin<\/p><p>Le mus\u00e9e palatin<\/p><p>La Domus Aurea<\/p><p>Forums romains<\/p><p>Forums imp\u00e9riaux<\/p><p>Basilique des Saints Jean et Paul<\/p>\t\t\t\t\t\t<\/div>\n\t\t\t\t<\/div>\n\t\t\t\t<div class=\"elementor-element elementor-element-792aa3d elementor-widget elementor-widget-heading\" data-id=\"792aa3d\" data-element_type=\"widget\" data-settings=\"{&quot;ekit_we_effect_on&quot;:&quot;none&quot;}\" data-widget_type=\"heading.default\">\n\t\t\t\t<div class=\"elementor-widget-container\">\n\t\t\t<h5 class=\"elementor-heading-title elementor-size-default\">Critiques :<\/h5>\t\t<\/div>\n\t\t\t\t<\/div>\n\t\t<div class=\"elementor-element elementor-element-aaa1ccc e-flex e-con-boxed e-con e-parent\" data-id=\"aaa1ccc\" data-element_type=\"container\" data-settings=\"{&quot;jet_parallax_layout_list&quot;:[],&quot;ekit_has_onepagescroll_dot&quot;:&quot;yes&quot;}\">\n\t\t\t\t\t<div class=\"e-con-inner\">\n\t\t\t\t<div class=\"elementor-element elementor-element-75dff37 elementor-widget elementor-widget-jet-carousel\" data-id=\"75dff37\" data-element_type=\"widget\" data-settings=\"{&quot;slides_to_show&quot;:&quot;3&quot;,&quot;slides_to_scroll&quot;:&quot;3&quot;,&quot;slides_to_show_tablet&quot;:&quot;2&quot;,&quot;slides_to_show_mobile&quot;:&quot;1&quot;,&quot;slides_to_scroll_tablet&quot;:&quot;2&quot;,&quot;slides_to_scroll_mobile&quot;:&quot;1&quot;,&quot;ekit_we_effect_on&quot;:&quot;none&quot;}\" data-widget_type=\"jet-carousel.default\">\n\t\t\t\t<div class=\"elementor-widget-container\">\n\t\t\t<div class=\"elementor-jet-carousel jet-elements\"><div class=\"jet-carousel-wrap jet-equal-cols\">\n\t<div class=\"jet-carousel\" data-slider_options=\"{&quot;autoplaySpeed&quot;:5000,&quot;autoplay&quot;:true,&quot;infinite&quot;:true,&quot;centerMode&quot;:false,&quot;centerPadding&quot;:&quot;50px&quot;,&quot;pauseOnHover&quot;:false,&quot;speed&quot;:500,&quot;arrows&quot;:true,&quot;dots&quot;:false,&quot;variableWidth&quot;:false,&quot;prevArrow&quot;:&quot;.jet-carousel__prev-arrow-75dff37&quot;,&quot;nextArrow&quot;:&quot;.jet-carousel__next-arrow-75dff37&quot;,&quot;rtl&quot;:false,&quot;fractionNav&quot;:false}\" dir=\"ltr\">\n\t<div class=\"elementor-slick-slider\">\n\n<div class=\"jet-carousel__item\">\n\t<div class=\"jet-carousel__item-inner\"><div class=\"jet-carousel__content\"><h5 class=\"jet-carousel__item-title\"><\/h5><div class=\"jet-carousel__item-text\"><p>\"La Piazza del Colosseo est l'une des places les plus fascinantes qu'il m'ait \u00e9t\u00e9 donn\u00e9 de voir ! La vue sur la structure majestueuse du Colis\u00e9e, ainsi que sur les vestiges de l'amphith\u00e9\u00e2tre Flavien, vous laisse bouche b\u00e9e. La place elle-m\u00eame est toujours tr\u00e8s fr\u00e9quent\u00e9e, mais on ne peut jamais oublier le sentiment d'\u00eatre dans un lieu aussi historique et embl\u00e9matique\".<\/p><\/div><\/div><\/div>\n<\/div>\n\n<div class=\"jet-carousel__item\">\n\t<div class=\"jet-carousel__item-inner\"><div class=\"jet-carousel__content\"><h5 class=\"jet-carousel__item-title\"><\/h5><div class=\"jet-carousel__item-text\"><p>\"Avec ses pav\u00e9s sous les pieds et l'imposante architecture du Colis\u00e9e en toile de fond, la Piazza del Colosseo semble presque un lieu hors du temps dans la ville de Rome. C'est une exp\u00e9rience unique que de se promener sur cette place et de voir le monument probablement le plus c\u00e9l\u00e8bre du monde et les ruines qui racontent l'histoire de la Rome antique.\"<\/p><\/div><\/div><\/div>\n<\/div>\n\n<div class=\"jet-carousel__item\">\n\t<div class=\"jet-carousel__item-inner\"><div class=\"jet-carousel__content\"><h5 class=\"jet-carousel__item-title\"><\/h5><div class=\"jet-carousel__item-text\"><p>\"La Piazza del Colosseo est l'endroit id\u00e9al pour une visite nocturne. Les lumi\u00e8res qui illuminent le Colis\u00e9e et ses alentours cr\u00e9ent une atmosph\u00e8re magique et romantique, tandis que le d\u00e9sert donne souvent l'impression que l'on a cet endroit incroyable pour soi tout seul\".<\/p><\/div><\/div><\/div>\n<\/div>\n\n<div class=\"jet-carousel__item\">\n\t<div class=\"jet-carousel__item-inner\"><div class=\"jet-carousel__content\"><h5 class=\"jet-carousel__item-title\"><\/h5><div class=\"jet-carousel__item-text\"><p>\"La Piazza del Colosseo est sans doute l'une des places les plus touristiques de Rome, mais elle n'en est pas moins impressionnante. Le nombre de personnes peut \u00eatre un peu \u00e9touffant, mais la vue du Colis\u00e9e historique au centre de la capitale romaine est puissante et fait passer tout le reste au second plan.\"<\/p><\/div><\/div><\/div>\n<\/div>\n\n<div class=\"jet-carousel__item\">\n\t<div class=\"jet-carousel__item-inner\"><div class=\"jet-carousel__content\"><h5 class=\"jet-carousel__item-title\"><\/h5><div class=\"jet-carousel__item-text\"><p>\"Parmi les nombreux lieux historiques et culturels diss\u00e9min\u00e9s en Italie, la Piazza del Colosseo est l'un des rares \u00e0 avoir la capacit\u00e9 magique de stimuler l'imagination et de faire entrer l'histoire dans la conscience. Pouvoir marcher sur un trottoir o\u00f9 des milliers de personnes sont pass\u00e9es et voir le Colis\u00e9e sculpt\u00e9 dans le ciel bleu est une exp\u00e9rience unique qui met en valeur ce monument extraordinaire.\"<\/p><\/div><\/div><\/div>\n<\/div>\n<\/div><div class=\"jet-carousel__prev-arrow-75dff37 jet-arrow prev-arrow\"><i aria-hidden=\"true\" class=\"fal fa-chevron-left\"><\/i><\/div><div class=\"jet-carousel__next-arrow-75dff37 jet-arrow next-arrow\"><i aria-hidden=\"true\" class=\"fal fa-chevron-right\"><\/i><\/div><\/div>\n<\/div>\n<\/div>\t\t<\/div>\n\t\t\t\t<\/div>\n\t\t\t\t\t<\/div>\n\t\t\t\t<\/div>\n\t\t\t\t\t<\/div>\n\t\t<\/div>\n\t\t\t\t\t<\/div>\n\t\t<\/section>\n\t\t\t\t<\/div>","protected":false},"excerpt":{"rendered":"<p>Place du Colis\u00e9e La place du Colis\u00e9e au c\u0153ur de Rome Cette place abrite le monument le plus c\u00e9l\u00e8bre du monde. D\u00e9couvrir la place du Colis\u00e9e \u00e0 Rome, c'est faire un voyage dans le temps tout en admirant l'une des sept merveilles du monde. La place du Colis\u00e9e au c\u0153ur de Rome Au centre de la place du Colis\u00e9e [...]<\/p>","protected":false},"author":1,"featured_media":0,"parent":526,"menu_order":5,"comment_status":"closed","ping_status":"closed","template":"","meta":{"site-sidebar-layout":"no-sidebar","site-content-layout":"page-builder","ast-site-content-layout":"full-width-container","site-content-style":"unboxed","site-sidebar-style":"unboxed","ast-global-header-display":"","ast-banner-title-visibility":"","ast-main-header-display":"","ast-hfb-above-header-display":"","ast-hfb-below-header-display":"","ast-hfb-mobile-header-display":"","site-post-title":"disabled","ast-breadcrumbs-content":"","ast-featured-img":"disabled","footer-sml-layout":"","ast-disable-related-posts":"","theme-transparent-header-meta":"default","adv-header-id-meta":"","stick-header-meta":"","header-above-stick-meta":"","header-main-stick-meta":"","header-below-stick-meta":"","astra-migrate-meta-layouts":"default","ast-page-background-enabled":"default","ast-page-background-meta":{"desktop":{"background-color":"var(--ast-global-color-4)","background-image":"","background-repeat":"repeat","background-position":"center center","background-size":"auto","background-attachment":"scroll","background-type":"","background-media":"","overlay-type":"","overlay-color":"","overlay-opacity":"","overlay-gradient":""},"tablet":{"background-color":"","background-image":"","background-repeat":"repeat","background-position":"center center","background-size":"auto","background-attachment":"scroll","background-type":"","background-media":"","overlay-type":"","overlay-color":"","overlay-opacity":"","overlay-gradient":""},"mobile":{"background-color":"","background-image":"","background-repeat":"repeat","background-position":"center center","background-size":"auto","background-attachment":"scroll","background-type":"","background-media":"","overlay-type":"","overlay-color":"","overlay-opacity":"","overlay-gradient":""}},"ast-content-background-meta":{"desktop":{"background-color":"var(--ast-global-color-5)","background-image":"","background-repeat":"repeat","background-position":"center center","background-size":"auto","background-attachment":"scroll","background-type":"","background-media":"","overlay-type":"","overlay-color":"","overlay-opacity":"","overlay-gradient":""},"tablet":{"background-color":"var(--ast-global-color-5)","background-image":"","background-repeat":"repeat","background-position":"center center","background-size":"auto","background-attachment":"scroll","background-type":"","background-media":"","overlay-type":"","overlay-color":"","overlay-opacity":"","overlay-gradient":""},"mobile":{"background-color":"var(--ast-global-color-5)","background-image":"","background-repeat":"repeat","background-position":"center center","background-size":"auto","background-attachment":"scroll","background-type":"","background-media":"","overlay-type":"","overlay-color":"","overlay-opacity":"","overlay-gradient":""}},"iawp_total_views":937,"footnotes":""},"class_list":["post-1198","page","type-page","status-publish","hentry"],"_links":{"self":[{"href":"https:\/\/colosseo-roma.it\/fr\/wp-json\/wp\/v2\/pages\/1198","targetHints":{"allow":["GET"]}}],"collection":[{"href":"https:\/\/colosseo-roma.it\/fr\/wp-json\/wp\/v2\/pages"}],"about":[{"href":"https:\/\/colosseo-roma.it\/fr\/wp-json\/wp\/v2\/types\/page"}],"author":[{"embeddable":true,"href":"https:\/\/colosseo-roma.it\/fr\/wp-json\/wp\/v2\/users\/1"}],"replies":[{"embeddable":true,"href":"https:\/\/colosseo-roma.it\/fr\/wp-json\/wp\/v2\/comments?post=1198"}],"version-history":[{"count":0,"href":"https:\/\/colosseo-roma.it\/fr\/wp-json\/wp\/v2\/pages\/1198\/revisions"}],"up":[{"embeddable":true,"href":"https:\/\/colosseo-roma.it\/fr\/wp-json\/wp\/v2\/pages\/526"}],"wp:attachment":[{"href":"https:\/\/colosseo-roma.it\/fr\/wp-json\/wp\/v2\/media?parent=1198"}],"curies":[{"name":"wp","href":"https:\/\/api.w.org\/{rel}","templated":true}]}}